{"id":264026,"date":"2026-04-17T00:12:17","date_gmt":"2026-04-17T06:12:17","guid":{"rendered":"https:\/\/compuviper.mx\/tienda\/producto\/balam-rush-br-941617-gabinete-gamer-mini-torre-tank-expert-curve-6400-max-mb-m-atx-gpu-350-mm-paneles-de-cristal-legend-negro\/"},"modified":"2026-04-17T00:12:18","modified_gmt":"2026-04-17T06:12:18","slug":"balam-rush-br-941617-gabinete-gamer-tank-expert-curve-6400-mini-torre-matx-itx-ventilador-argb-x3-max-gpu-350-mm-panel-de-cristal-filtro-de-polvo-pantalla-digital-negro","status":"publish","type":"product","link":"https:\/\/compuviper.mx\/tienda\/producto\/balam-rush-br-941617-gabinete-gamer-tank-expert-curve-6400-mini-torre-matx-itx-ventilador-argb-x3-max-gpu-350-mm-panel-de-cristal-filtro-de-polvo-pantalla-digital-negro\/","title":{"rendered":"Balam Rush Br-941617 Gabinete Gamer  Tank Expert Curve 6400 \/ Mini Torre \/ Matx &#8211; Itx \/ Ventilador Argb X3 \/ Max Gpu 350 Mm \/ Panel De Cristal &#8211; Filtro De Polvo \/ Pantalla Digital \/ Negro \/"},"content":{"rendered":"<table class=\"descripcion\">\n<tr>\n<td>Ficha tecnica gabinete gamer mini torre tank expert curve 6400<\/td>\n<\/tr>\n<tr>\n<td>\u0095 modelo : br-941617<\/td>\n<\/tr>\n<tr>\n<td>\u0095 tipo de gabinete : mini torre (mini-tower)<\/td>\n<\/tr>\n<tr>\n<td>\u0095 factor de forma mb : micro-atx (m-atx) \/ mini-itx (itx)<\/td>\n<\/tr>\n<tr>\n<td>\u0095 material del chasis : acero spcc de 0.5 mm<\/td>\n<\/tr>\n<tr>\n<td>\u0095 material del panel lat. : cristal templado (panel lateral y frontal curvo)<\/td>\n<\/tr>\n<tr>\n<td>\u0095 color : negro<\/td>\n<\/tr>\n<tr>\n<td>\u0095 fuente de poder : tipo atx, ubicacion trasera<\/td>\n<\/tr>\n<tr>\n<td>\u0095 ventiladores preinstalados : 3 ventiladores argb (algunas versiones incluyen 1 o 3, verificar con el vendedor)<\/td>\n<\/tr>\n<tr>\n<td>\u0095 soporte para gpu : longitud maxima de gpu: 350 mm<\/td>\n<\/tr>\n<tr>\n<td>\u0095 soporte para enfriamiento : compatible con sistemas de enfriamiento liquido y por aire<\/td>\n<\/tr>\n<tr>\n<td>\u0095 bahias para unidades : 3.5 hdd 1 \/ 2.5 sdd 2<\/td>\n<\/tr>\n<tr>\n<td>\u0095 conectividad frontal 1x usb tipo c 3.1, 1x usb 3.0, 1x usb 2.0, audio h slots de expansion si, expandible<\/td>\n<\/tr>\n<\/table>\n","protected":false},"excerpt":{"rendered":"<p>Informacion comercial. Br-941617. Solucion innovadora para optimizar procesos de oficina. Disenado para brindar alto rendimiento y confiabilidad en entornos institucionales. Ofrece velocidad superior, calidad de resultados y facil integracion en flujos de trabajo. Ideal para digitalizacion, automatizacion y gestion eficiente de documentos. Respaldado por garantia y soporte especializado de marca lider en tecnologia. Beneficios clave: ahorro de tiempo, reduccion de costos operativos y mayor productividad<\/p>\n","protected":false},"featured_media":0,"comment_status":"open","ping_status":"open","template":"","meta":[],"product_cat":[1674,1945],"product_tag":[2097],"acf":[],"yoast_head":"<!-- This site is optimized with the Yoast SEO plugin v21.7 - https:\/\/yoast.com\/wordpress\/plugins\/seo\/ -->\n<title>[ Balam Rush ] &#129351; Br-941617 Gabinete Gamer Tank Expert Curve 6400 \/ Mini Torre \/ Matx - Itx \/ Ventilador Argb X3 \/ Max Gpu 350 Mm \/ Panel De Cristal - Filtro De Polvo \/ Pantalla Digital \/ Negro \/<\/title>\n<meta name=\"description\" content=\"Compra Br-941617 Gabinete Gamer Tank Expert Curve 6400 \/ Mini Torre \/ Matx - Itx \/ Ventilador Argb X3 \/ Max Gpu 350 Mm \/ Panel De Cristal - Filtro De Polvo \/ Pantalla Digital \/ Negro \/ + Env\u00edo a domicilio + Pago seguro + Garant\u00eda\" \/>\n<meta name=\"robots\" content=\"index, follow, max-snippet:-1, max-image-preview:large, max-video-preview:-1\" \/>\n<link rel=\"canonical\" href=\"https:\/\/compuviper.mx\/tienda\/producto\/balam-rush-br-941617-gabinete-gamer-tank-expert-curve-6400-mini-torre-matx-itx-ventilador-argb-x3-max-gpu-350-mm-panel-de-cristal-filtro-de-polvo-pantalla-digital-negro\/\" \/>\n<meta property=\"og:locale\" content=\"es_MX\" \/>\n<meta property=\"og:type\" content=\"article\" \/>\n<meta property=\"og:title\" content=\"[ Balam Rush ] &#129351; Br-941617 Gabinete Gamer Tank Expert Curve 6400 \/ Mini Torre \/ Matx - Itx \/ Ventilador Argb X3 \/ Max Gpu 350 Mm \/ Panel De Cristal - Filtro De Polvo \/ Pantalla Digital \/ Negro \/\" \/>\n<meta property=\"og:description\" content=\"Compra Br-941617 Gabinete Gamer Tank Expert Curve 6400 \/ Mini Torre \/ Matx - Itx \/ Ventilador Argb X3 \/ Max Gpu 350 Mm \/ Panel De Cristal - Filtro De Polvo \/ Pantalla Digital \/ Negro \/ + Env\u00edo a domicilio + Pago seguro + Garant\u00eda\" \/>\n<meta property=\"og:url\" content=\"https:\/\/compuviper.mx\/tienda\/producto\/balam-rush-br-941617-gabinete-gamer-tank-expert-curve-6400-mini-torre-matx-itx-ventilador-argb-x3-max-gpu-350-mm-panel-de-cristal-filtro-de-polvo-pantalla-digital-negro\/\" \/>\n<meta property=\"og:site_name\" content=\"Compuviper\" \/>\n<meta property=\"article:publisher\" content=\"https:\/\/www.facebook.com\/compuviper\" \/>\n<meta property=\"article:modified_time\" content=\"2026-04-17T06:12:18+00:00\" \/>\n<meta name=\"twitter:card\" content=\"summary_large_image\" \/>\n<meta name=\"twitter:label1\" content=\"Precio\" \/>\n\t<meta name=\"twitter:data1\" content=\"&#36;1,571 &#36;1,524 con IVA\" \/>\n\t<meta name=\"twitter:label2\" content=\"Availability\" \/>\n\t<meta name=\"twitter:data2\" content=\"In stock\" \/>\n<script type=\"application\/ld+json\" class=\"yoast-schema-graph\">{\"@context\":\"https:\/\/schema.org\",\"@graph\":[{\"@type\":\"WebPage\",\"@id\":\"https:\/\/compuviper.mx\/tienda\/producto\/balam-rush-br-941617-gabinete-gamer-tank-expert-curve-6400-mini-torre-matx-itx-ventilador-argb-x3-max-gpu-350-mm-panel-de-cristal-filtro-de-polvo-pantalla-digital-negro\/\",\"url\":\"https:\/\/compuviper.mx\/tienda\/producto\/balam-rush-br-941617-gabinete-gamer-tank-expert-curve-6400-mini-torre-matx-itx-ventilador-argb-x3-max-gpu-350-mm-panel-de-cristal-filtro-de-polvo-pantalla-digital-negro\/\",\"name\":\"[ Balam Rush ] &#129351; Br-941617 Gabinete Gamer Tank Expert Curve 6400 \/ Mini Torre \/ Matx - Itx \/ Ventilador Argb X3 \/ Max Gpu 350 Mm \/ Panel De Cristal - Filtro De Polvo \/ Pantalla Digital \/ Negro \/\",\"isPartOf\":{\"@id\":\"https:\/\/compuviper.mx\/tienda\/#website\"},\"datePublished\":\"2026-04-17T06:12:17+00:00\",\"dateModified\":\"2026-04-17T06:12:18+00:00\",\"description\":\"Compra Br-941617 Gabinete Gamer Tank Expert Curve 6400 \/ Mini Torre \/ Matx - Itx \/ Ventilador Argb X3 \/ Max Gpu 350 Mm \/ Panel De Cristal - Filtro De Polvo \/ Pantalla Digital \/ Negro \/ + Env\u00edo a domicilio + Pago seguro + Garant\u00eda\",\"breadcrumb\":{\"@id\":\"https:\/\/compuviper.mx\/tienda\/producto\/balam-rush-br-941617-gabinete-gamer-tank-expert-curve-6400-mini-torre-matx-itx-ventilador-argb-x3-max-gpu-350-mm-panel-de-cristal-filtro-de-polvo-pantalla-digital-negro\/#breadcrumb\"},\"inLanguage\":\"es-MX\",\"potentialAction\":[{\"@type\":\"ReadAction\",\"target\":[\"https:\/\/compuviper.mx\/tienda\/producto\/balam-rush-br-941617-gabinete-gamer-tank-expert-curve-6400-mini-torre-matx-itx-ventilador-argb-x3-max-gpu-350-mm-panel-de-cristal-filtro-de-polvo-pantalla-digital-negro\/\"]}]},{\"@type\":\"BreadcrumbList\",\"@id\":\"https:\/\/compuviper.mx\/tienda\/producto\/balam-rush-br-941617-gabinete-gamer-tank-expert-curve-6400-mini-torre-matx-itx-ventilador-argb-x3-max-gpu-350-mm-panel-de-cristal-filtro-de-polvo-pantalla-digital-negro\/#breadcrumb\",\"itemListElement\":[{\"@type\":\"ListItem\",\"position\":1,\"name\":\"Inicio\",\"item\":\"https:\/\/compuviper.mx\/tienda\/\"},{\"@type\":\"ListItem\",\"position\":2,\"name\":\"Productos\",\"item\":\"https:\/\/compuviper.mx\/tienda\/productos\/\"},{\"@type\":\"ListItem\",\"position\":3,\"name\":\"Gabinetes\",\"item\":\"https:\/\/compuviper.mx\/tienda\/categoria-producto\/gabinetes\/\"},{\"@type\":\"ListItem\",\"position\":4,\"name\":\"Mini Torre\",\"item\":\"https:\/\/compuviper.mx\/tienda\/categoria-producto\/gabinetes\/mini-torre\/\"},{\"@type\":\"ListItem\",\"position\":5,\"name\":\"Balam Rush Br-941617 Gabinete Gamer Tank Expert Curve 6400 \/ Mini Torre \/ Matx &#8211; Itx \/ Ventilador Argb X3 \/ Max Gpu 350 Mm \/ Panel De Cristal &#8211; Filtro De Polvo \/ Pantalla Digital \/ Negro \/\"}]},{\"@type\":\"WebSite\",\"@id\":\"https:\/\/compuviper.mx\/tienda\/#website\",\"url\":\"https:\/\/compuviper.mx\/tienda\/\",\"name\":\"Compuviper\",\"description\":\"Proveedor de Computadoras, Laptops, Servidores, Monitores, Puntos de Venta, Teclados,   Impresoras, T\u00f3ner, C\u00e1maras de Seguridad y m\u00e1s en tu tienda en l\u00ednea\",\"publisher\":{\"@id\":\"https:\/\/compuviper.mx\/tienda\/#organization\"},\"potentialAction\":[{\"@type\":\"SearchAction\",\"target\":{\"@type\":\"EntryPoint\",\"urlTemplate\":\"https:\/\/compuviper.mx\/tienda\/?s={search_term_string}\"},\"query-input\":\"required name=search_term_string\"}],\"inLanguage\":\"es-MX\"},{\"@type\":\"Organization\",\"@id\":\"https:\/\/compuviper.mx\/tienda\/#organization\",\"name\":\"Compuviper\",\"url\":\"https:\/\/compuviper.mx\/tienda\/\",\"logo\":{\"@type\":\"ImageObject\",\"inLanguage\":\"es-MX\",\"@id\":\"https:\/\/compuviper.mx\/tienda\/#\/schema\/logo\/image\/\",\"url\":\"https:\/\/compuviper.mx\/tienda\/wp-content\/uploads\/2021\/08\/Logo-Compuviper-10.png\",\"contentUrl\":\"https:\/\/compuviper.mx\/tienda\/wp-content\/uploads\/2021\/08\/Logo-Compuviper-10.png\",\"width\":1000,\"height\":500,\"caption\":\"Compuviper\"},\"image\":{\"@id\":\"https:\/\/compuviper.mx\/tienda\/#\/schema\/logo\/image\/\"},\"sameAs\":[\"https:\/\/www.facebook.com\/compuviper\",\"https:\/\/www.youtube.com\/channel\/UCf73dERp9Y3cfOq7q8BhLjA?view_as=subscriber\"]}]}<\/script>\n<meta property=\"product:brand\" content=\"Balam Rush\" \/>\n<meta property=\"product:price:amount\" content=\"1524\" \/>\n<meta property=\"product:price:currency\" content=\"MXN\" \/>\n<meta property=\"og:availability\" content=\"instock\" \/>\n<meta property=\"product:availability\" content=\"instock\" \/>\n<meta property=\"product:retailer_item_id\" content=\"BR-941617\" \/>\n<meta property=\"product:condition\" content=\"new\" \/>\n<!-- \/ Yoast SEO plugin. -->","yoast_head_json":{"title":"[ Balam Rush ] &#129351; Br-941617 Gabinete Gamer Tank Expert Curve 6400 \/ Mini Torre \/ Matx - Itx \/ Ventilador Argb X3 \/ Max Gpu 350 Mm \/ Panel De Cristal - Filtro De Polvo \/ Pantalla Digital \/ Negro \/","description":"Compra Br-941617 Gabinete Gamer Tank Expert Curve 6400 \/ Mini Torre \/ Matx - Itx \/ Ventilador Argb X3 \/ Max Gpu 350 Mm \/ Panel De Cristal - Filtro De Polvo \/ Pantalla Digital \/ Negro \/ + Env\u00edo a domicilio + Pago seguro + Garant\u00eda","robots":{"index":"index","follow":"follow","max-snippet":"max-snippet:-1","max-image-preview":"max-image-preview:large","max-video-preview":"max-video-preview:-1"},"canonical":"https:\/\/compuviper.mx\/tienda\/producto\/balam-rush-br-941617-gabinete-gamer-tank-expert-curve-6400-mini-torre-matx-itx-ventilador-argb-x3-max-gpu-350-mm-panel-de-cristal-filtro-de-polvo-pantalla-digital-negro\/","og_locale":"es_MX","og_type":"article","og_title":"[ Balam Rush ] &#129351; Br-941617 Gabinete Gamer Tank Expert Curve 6400 \/ Mini Torre \/ Matx - Itx \/ Ventilador Argb X3 \/ Max Gpu 350 Mm \/ Panel De Cristal - Filtro De Polvo \/ Pantalla Digital \/ Negro \/","og_description":"Compra Br-941617 Gabinete Gamer Tank Expert Curve 6400 \/ Mini Torre \/ Matx - Itx \/ Ventilador Argb X3 \/ Max Gpu 350 Mm \/ Panel De Cristal - Filtro De Polvo \/ Pantalla Digital \/ Negro \/ + Env\u00edo a domicilio + Pago seguro + Garant\u00eda","og_url":"https:\/\/compuviper.mx\/tienda\/producto\/balam-rush-br-941617-gabinete-gamer-tank-expert-curve-6400-mini-torre-matx-itx-ventilador-argb-x3-max-gpu-350-mm-panel-de-cristal-filtro-de-polvo-pantalla-digital-negro\/","og_site_name":"Compuviper","article_publisher":"https:\/\/www.facebook.com\/compuviper","article_modified_time":"2026-04-17T06:12:18+00:00","twitter_card":"summary_large_image","twitter_misc":{"Precio":"&#36;1,571 &#36;1,524 con IVA","Availability":"In stock"},"schema":{"@context":"https:\/\/schema.org","@graph":[{"@type":"WebPage","@id":"https:\/\/compuviper.mx\/tienda\/producto\/balam-rush-br-941617-gabinete-gamer-tank-expert-curve-6400-mini-torre-matx-itx-ventilador-argb-x3-max-gpu-350-mm-panel-de-cristal-filtro-de-polvo-pantalla-digital-negro\/","url":"https:\/\/compuviper.mx\/tienda\/producto\/balam-rush-br-941617-gabinete-gamer-tank-expert-curve-6400-mini-torre-matx-itx-ventilador-argb-x3-max-gpu-350-mm-panel-de-cristal-filtro-de-polvo-pantalla-digital-negro\/","name":"[ Balam Rush ] &#129351; Br-941617 Gabinete Gamer Tank Expert Curve 6400 \/ Mini Torre \/ Matx - Itx \/ Ventilador Argb X3 \/ Max Gpu 350 Mm \/ Panel De Cristal - Filtro De Polvo \/ Pantalla Digital \/ Negro \/","isPartOf":{"@id":"https:\/\/compuviper.mx\/tienda\/#website"},"datePublished":"2026-04-17T06:12:17+00:00","dateModified":"2026-04-17T06:12:18+00:00","description":"Compra Br-941617 Gabinete Gamer Tank Expert Curve 6400 \/ Mini Torre \/ Matx - Itx \/ Ventilador Argb X3 \/ Max Gpu 350 Mm \/ Panel De Cristal - Filtro De Polvo \/ Pantalla Digital \/ Negro \/ + Env\u00edo a domicilio + Pago seguro + Garant\u00eda","breadcrumb":{"@id":"https:\/\/compuviper.mx\/tienda\/producto\/balam-rush-br-941617-gabinete-gamer-tank-expert-curve-6400-mini-torre-matx-itx-ventilador-argb-x3-max-gpu-350-mm-panel-de-cristal-filtro-de-polvo-pantalla-digital-negro\/#breadcrumb"},"inLanguage":"es-MX","potentialAction":[{"@type":"ReadAction","target":["https:\/\/compuviper.mx\/tienda\/producto\/balam-rush-br-941617-gabinete-gamer-tank-expert-curve-6400-mini-torre-matx-itx-ventilador-argb-x3-max-gpu-350-mm-panel-de-cristal-filtro-de-polvo-pantalla-digital-negro\/"]}]},{"@type":"BreadcrumbList","@id":"https:\/\/compuviper.mx\/tienda\/producto\/balam-rush-br-941617-gabinete-gamer-tank-expert-curve-6400-mini-torre-matx-itx-ventilador-argb-x3-max-gpu-350-mm-panel-de-cristal-filtro-de-polvo-pantalla-digital-negro\/#breadcrumb","itemListElement":[{"@type":"ListItem","position":1,"name":"Inicio","item":"https:\/\/compuviper.mx\/tienda\/"},{"@type":"ListItem","position":2,"name":"Productos","item":"https:\/\/compuviper.mx\/tienda\/productos\/"},{"@type":"ListItem","position":3,"name":"Gabinetes","item":"https:\/\/compuviper.mx\/tienda\/categoria-producto\/gabinetes\/"},{"@type":"ListItem","position":4,"name":"Mini Torre","item":"https:\/\/compuviper.mx\/tienda\/categoria-producto\/gabinetes\/mini-torre\/"},{"@type":"ListItem","position":5,"name":"Balam Rush Br-941617 Gabinete Gamer Tank Expert Curve 6400 \/ Mini Torre \/ Matx &#8211; Itx \/ Ventilador Argb X3 \/ Max Gpu 350 Mm \/ Panel De Cristal &#8211; Filtro De Polvo \/ Pantalla Digital \/ Negro \/"}]},{"@type":"WebSite","@id":"https:\/\/compuviper.mx\/tienda\/#website","url":"https:\/\/compuviper.mx\/tienda\/","name":"Compuviper","description":"Proveedor de Computadoras, Laptops, Servidores, Monitores, Puntos de Venta, Teclados,   Impresoras, T\u00f3ner, C\u00e1maras de Seguridad y m\u00e1s en tu tienda en l\u00ednea","publisher":{"@id":"https:\/\/compuviper.mx\/tienda\/#organization"},"potentialAction":[{"@type":"SearchAction","target":{"@type":"EntryPoint","urlTemplate":"https:\/\/compuviper.mx\/tienda\/?s={search_term_string}"},"query-input":"required name=search_term_string"}],"inLanguage":"es-MX"},{"@type":"Organization","@id":"https:\/\/compuviper.mx\/tienda\/#organization","name":"Compuviper","url":"https:\/\/compuviper.mx\/tienda\/","logo":{"@type":"ImageObject","inLanguage":"es-MX","@id":"https:\/\/compuviper.mx\/tienda\/#\/schema\/logo\/image\/","url":"https:\/\/compuviper.mx\/tienda\/wp-content\/uploads\/2021\/08\/Logo-Compuviper-10.png","contentUrl":"https:\/\/compuviper.mx\/tienda\/wp-content\/uploads\/2021\/08\/Logo-Compuviper-10.png","width":1000,"height":500,"caption":"Compuviper"},"image":{"@id":"https:\/\/compuviper.mx\/tienda\/#\/schema\/logo\/image\/"},"sameAs":["https:\/\/www.facebook.com\/compuviper","https:\/\/www.youtube.com\/channel\/UCf73dERp9Y3cfOq7q8BhLjA?view_as=subscriber"]}]},"product_brand":"Balam Rush","product_price_amount":"1524","product_price_currency":"MXN","og_availability":"instock","product_availability":"instock","product_retailer_item_id":"BR-941617","product_condition":"new"},"_links":{"self":[{"href":"https:\/\/compuviper.mx\/tienda\/wp-json\/wp\/v2\/product\/264026"}],"collection":[{"href":"https:\/\/compuviper.mx\/tienda\/wp-json\/wp\/v2\/product"}],"about":[{"href":"https:\/\/compuviper.mx\/tienda\/wp-json\/wp\/v2\/types\/product"}],"replies":[{"embeddable":true,"href":"https:\/\/compuviper.mx\/tienda\/wp-json\/wp\/v2\/comments?post=264026"}],"wp:attachment":[{"href":"https:\/\/compuviper.mx\/tienda\/wp-json\/wp\/v2\/media?parent=264026"}],"wp:term":[{"taxonomy":"product_cat","embeddable":true,"href":"https:\/\/compuviper.mx\/tienda\/wp-json\/wp\/v2\/product_cat?post=264026"},{"taxonomy":"product_tag","embeddable":true,"href":"https:\/\/compuviper.mx\/tienda\/wp-json\/wp\/v2\/product_tag?post=264026"}],"curies":[{"name":"wp","href":"https:\/\/api.w.org\/{rel}","templated":true}]}}