{"id":264018,"date":"2026-04-01T23:50:50","date_gmt":"2026-04-02T05:50:50","guid":{"rendered":"https:\/\/compuviper.mx\/tienda\/producto\/balam-rush-br-941969-enfriamiento-de-aire-gamer-heliux-pro-hex65-display-para-monitoreo-de-temperatura-rgb-6-pipas-tdp-240-w-compatibilidad-amd-intel-negro\/"},"modified":"2026-04-01T23:50:51","modified_gmt":"2026-04-02T05:50:51","slug":"balam-rush-br-941969-enfriamiento-de-aire-gamer-heliux-pro-hex65-display-para-monitoreo-de-temperatura-rgb-6-pipas-tdp-240-w-compatibilidad-amd-intel-negro","status":"publish","type":"product","link":"https:\/\/compuviper.mx\/tienda\/producto\/balam-rush-br-941969-enfriamiento-de-aire-gamer-heliux-pro-hex65-display-para-monitoreo-de-temperatura-rgb-6-pipas-tdp-240-w-compatibilidad-amd-intel-negro\/","title":{"rendered":"Balam Rush Br-941969 Enfriamiento De Aire Gamer  Heliux Pro Hex65 \/ Display Para Monitoreo De Temperatura + Rgb \/ 6 Pipas \/ Tdp 240 W \/ Compatibilidad Amd + Intel  \/  Negro \/"},"content":{"rendered":"<table class=\"descripcion\">\n<tr>\n<td>Ficha tecnica<\/td>\n<\/tr>\n<tr>\n<td>Enfriamiento del aire heliux pro hex65<\/td>\n<\/tr>\n<tr>\n<td>\u0095modelo: br-941969<\/td>\n<\/tr>\n<tr>\n<td>\u0095producto: enfriamiento de aire<\/td>\n<\/tr>\n<tr>\n<td>\u0095color: negro<\/td>\n<\/tr>\n<tr>\n<td>\u0095dimensiones: 120 x 78 x 153 mm<\/td>\n<\/tr>\n<tr>\n<td>\u0095dimensiones del disipador : 120 x 50 x 148 mm<\/td>\n<\/tr>\n<tr>\n<td>\u0095tamano de ventiladores : 120 x 120 x 27 mm<\/td>\n<\/tr>\n<tr>\n<td>\u0095peso radiador: 538 g<\/td>\n<\/tr>\n<tr>\n<td>\u0095no. de pipas: 6 pipas<\/td>\n<\/tr>\n<tr>\n<td>\u0095velocidad del ventilador: 600-2200 rpm 10 porciento<\/td>\n<\/tr>\n<tr>\n<td>\u0095flujo de aire: 74.27 cfm ft \/min<\/td>\n<\/tr>\n<tr>\n<td>\u0095presion del aire: 2.87 mmh2o<\/td>\n<\/tr>\n<tr>\n<td>\u0095ruido : 30 db<\/td>\n<\/tr>\n<tr>\n<td>\u0095conector del ventilador : pwm 4pin \/  hembra y macho<\/td>\n<\/tr>\n<tr>\n<td>\u0095tipo de rodamiento : hidrodinamico<\/td>\n<\/tr>\n<tr>\n<td>\u0095tdp : 240 w<\/td>\n<\/tr>\n<tr>\n<td>\u0095voltaje : 12 v led 5 v<\/td>\n<\/tr>\n<tr>\n<td>\u0095amperaje : 0.25 a led 0.5 a<\/td>\n<\/tr>\n<tr>\n<td>\u0095materiales : pbt \/ aluminio \/ cobre<\/td>\n<\/tr>\n<tr>\n<td>\u0095compatibilidad : intel 1200 \/ 115x \/ 1700 \/ 1851, amd am4 \/ am5<\/td>\n<\/tr>\n<tr>\n<td>\u0095tamano de placa : 43 x 35 mm<\/td>\n<\/tr>\n<\/table>\n","protected":false},"excerpt":{"rendered":"<p>Enfriamiento de aire balam rush heliux pro hex65. El heliux pro hex65 es un sistema de enfriamiento por aire de alto rendimiento disenado para gamers y profesionales que buscan mantener sus procesadores en condiciones optimas. Con un display digital de temperatura, ventilador de 120 mm y 6 heat pipes, ofrece un balance perfecto entre potencia, estilo y control.<\/p>\n","protected":false},"featured_media":0,"comment_status":"open","ping_status":"open","template":"","meta":[],"product_cat":[1616,1612],"product_tag":[2097],"acf":[],"yoast_head":"<!-- This site is optimized with the Yoast SEO plugin v21.7 - https:\/\/yoast.com\/wordpress\/plugins\/seo\/ -->\n<title>[ Balam Rush ] &#129351; Br-941969 Enfriamiento De Aire Gamer Heliux Pro Hex65 \/ Display Para Monitoreo De Temperatura + Rgb \/ 6 Pipas \/ Tdp 240 W \/ Compatibilidad Amd + Intel \/ Negro \/<\/title>\n<meta name=\"description\" content=\"Compra Br-941969 Enfriamiento De Aire Gamer Heliux Pro Hex65 \/ Display Para Monitoreo De Temperatura + Rgb \/ 6 Pipas \/ Tdp 240 W \/ Compatibilidad Amd + Intel \/ Negro \/ + Env\u00edo a domicilio + Pago seguro + Garant\u00eda\" \/>\n<meta name=\"robots\" content=\"index, follow, max-snippet:-1, max-image-preview:large, max-video-preview:-1\" \/>\n<link rel=\"canonical\" href=\"https:\/\/compuviper.mx\/tienda\/producto\/balam-rush-br-941969-enfriamiento-de-aire-gamer-heliux-pro-hex65-display-para-monitoreo-de-temperatura-rgb-6-pipas-tdp-240-w-compatibilidad-amd-intel-negro\/\" \/>\n<meta property=\"og:locale\" content=\"es_MX\" \/>\n<meta property=\"og:type\" content=\"article\" \/>\n<meta property=\"og:title\" content=\"[ Balam Rush ] &#129351; Br-941969 Enfriamiento De Aire Gamer Heliux Pro Hex65 \/ Display Para Monitoreo De Temperatura + Rgb \/ 6 Pipas \/ Tdp 240 W \/ Compatibilidad Amd + Intel \/ Negro \/\" \/>\n<meta property=\"og:description\" content=\"Compra Br-941969 Enfriamiento De Aire Gamer Heliux Pro Hex65 \/ Display Para Monitoreo De Temperatura + Rgb \/ 6 Pipas \/ Tdp 240 W \/ Compatibilidad Amd + Intel \/ Negro \/ + Env\u00edo a domicilio + Pago seguro + Garant\u00eda\" \/>\n<meta property=\"og:url\" content=\"https:\/\/compuviper.mx\/tienda\/producto\/balam-rush-br-941969-enfriamiento-de-aire-gamer-heliux-pro-hex65-display-para-monitoreo-de-temperatura-rgb-6-pipas-tdp-240-w-compatibilidad-amd-intel-negro\/\" \/>\n<meta property=\"og:site_name\" content=\"Compuviper\" \/>\n<meta property=\"article:publisher\" content=\"https:\/\/www.facebook.com\/compuviper\" \/>\n<meta property=\"article:modified_time\" content=\"2026-04-02T05:50:51+00:00\" \/>\n<meta name=\"twitter:card\" content=\"summary_large_image\" \/>\n<meta name=\"twitter:label1\" content=\"Precio\" \/>\n\t<meta name=\"twitter:data1\" content=\"&#36;659 con IVA\" \/>\n\t<meta name=\"twitter:label2\" content=\"Availability\" \/>\n\t<meta name=\"twitter:data2\" content=\"Out of stock\" \/>\n<script type=\"application\/ld+json\" class=\"yoast-schema-graph\">{\"@context\":\"https:\/\/schema.org\",\"@graph\":[{\"@type\":\"WebPage\",\"@id\":\"https:\/\/compuviper.mx\/tienda\/producto\/balam-rush-br-941969-enfriamiento-de-aire-gamer-heliux-pro-hex65-display-para-monitoreo-de-temperatura-rgb-6-pipas-tdp-240-w-compatibilidad-amd-intel-negro\/\",\"url\":\"https:\/\/compuviper.mx\/tienda\/producto\/balam-rush-br-941969-enfriamiento-de-aire-gamer-heliux-pro-hex65-display-para-monitoreo-de-temperatura-rgb-6-pipas-tdp-240-w-compatibilidad-amd-intel-negro\/\",\"name\":\"[ Balam Rush ] &#129351; Br-941969 Enfriamiento De Aire Gamer Heliux Pro Hex65 \/ Display Para Monitoreo De Temperatura + Rgb \/ 6 Pipas \/ Tdp 240 W \/ Compatibilidad Amd + Intel \/ Negro \/\",\"isPartOf\":{\"@id\":\"https:\/\/compuviper.mx\/tienda\/#website\"},\"datePublished\":\"2026-04-02T05:50:50+00:00\",\"dateModified\":\"2026-04-02T05:50:51+00:00\",\"description\":\"Compra Br-941969 Enfriamiento De Aire Gamer Heliux Pro Hex65 \/ Display Para Monitoreo De Temperatura + Rgb \/ 6 Pipas \/ Tdp 240 W \/ Compatibilidad Amd + Intel \/ Negro \/ + Env\u00edo a domicilio + Pago seguro + Garant\u00eda\",\"breadcrumb\":{\"@id\":\"https:\/\/compuviper.mx\/tienda\/producto\/balam-rush-br-941969-enfriamiento-de-aire-gamer-heliux-pro-hex65-display-para-monitoreo-de-temperatura-rgb-6-pipas-tdp-240-w-compatibilidad-amd-intel-negro\/#breadcrumb\"},\"inLanguage\":\"es-MX\",\"potentialAction\":[{\"@type\":\"ReadAction\",\"target\":[\"https:\/\/compuviper.mx\/tienda\/producto\/balam-rush-br-941969-enfriamiento-de-aire-gamer-heliux-pro-hex65-display-para-monitoreo-de-temperatura-rgb-6-pipas-tdp-240-w-compatibilidad-amd-intel-negro\/\"]}]},{\"@type\":\"BreadcrumbList\",\"@id\":\"https:\/\/compuviper.mx\/tienda\/producto\/balam-rush-br-941969-enfriamiento-de-aire-gamer-heliux-pro-hex65-display-para-monitoreo-de-temperatura-rgb-6-pipas-tdp-240-w-compatibilidad-amd-intel-negro\/#breadcrumb\",\"itemListElement\":[{\"@type\":\"ListItem\",\"position\":1,\"name\":\"Inicio\",\"item\":\"https:\/\/compuviper.mx\/tienda\/\"},{\"@type\":\"ListItem\",\"position\":2,\"name\":\"Productos\",\"item\":\"https:\/\/compuviper.mx\/tienda\/productos\/\"},{\"@type\":\"ListItem\",\"position\":3,\"name\":\"Ventiladores\",\"item\":\"https:\/\/compuviper.mx\/tienda\/categoria-producto\/ventiladores\/\"},{\"@type\":\"ListItem\",\"position\":4,\"name\":\"Para Gabinete\",\"item\":\"https:\/\/compuviper.mx\/tienda\/categoria-producto\/ventiladores\/para-gabinete\/\"},{\"@type\":\"ListItem\",\"position\":5,\"name\":\"Balam Rush Br-941969 Enfriamiento De Aire Gamer Heliux Pro Hex65 \/ Display Para Monitoreo De Temperatura + Rgb \/ 6 Pipas \/ Tdp 240 W \/ Compatibilidad Amd + Intel \/ Negro \/\"}]},{\"@type\":\"WebSite\",\"@id\":\"https:\/\/compuviper.mx\/tienda\/#website\",\"url\":\"https:\/\/compuviper.mx\/tienda\/\",\"name\":\"Compuviper\",\"description\":\"Proveedor de Computadoras, Laptops, Servidores, Monitores, Puntos de Venta, Teclados,   Impresoras, T\u00f3ner, C\u00e1maras de Seguridad y m\u00e1s en tu tienda en l\u00ednea\",\"publisher\":{\"@id\":\"https:\/\/compuviper.mx\/tienda\/#organization\"},\"potentialAction\":[{\"@type\":\"SearchAction\",\"target\":{\"@type\":\"EntryPoint\",\"urlTemplate\":\"https:\/\/compuviper.mx\/tienda\/?s={search_term_string}\"},\"query-input\":\"required name=search_term_string\"}],\"inLanguage\":\"es-MX\"},{\"@type\":\"Organization\",\"@id\":\"https:\/\/compuviper.mx\/tienda\/#organization\",\"name\":\"Compuviper\",\"url\":\"https:\/\/compuviper.mx\/tienda\/\",\"logo\":{\"@type\":\"ImageObject\",\"inLanguage\":\"es-MX\",\"@id\":\"https:\/\/compuviper.mx\/tienda\/#\/schema\/logo\/image\/\",\"url\":\"https:\/\/compuviper.mx\/tienda\/wp-content\/uploads\/2021\/08\/Logo-Compuviper-10.png\",\"contentUrl\":\"https:\/\/compuviper.mx\/tienda\/wp-content\/uploads\/2021\/08\/Logo-Compuviper-10.png\",\"width\":1000,\"height\":500,\"caption\":\"Compuviper\"},\"image\":{\"@id\":\"https:\/\/compuviper.mx\/tienda\/#\/schema\/logo\/image\/\"},\"sameAs\":[\"https:\/\/www.facebook.com\/compuviper\",\"https:\/\/www.youtube.com\/channel\/UCf73dERp9Y3cfOq7q8BhLjA?view_as=subscriber\"]}]}<\/script>\n<meta property=\"product:brand\" content=\"Balam Rush\" \/>\n<meta property=\"product:price:amount\" content=\"659\" \/>\n<meta property=\"product:price:currency\" content=\"MXN\" \/>\n<meta property=\"og:availability\" content=\"out of stock\" \/>\n<meta property=\"product:availability\" content=\"out of stock\" \/>\n<meta property=\"product:retailer_item_id\" content=\"BR-941969\" \/>\n<meta property=\"product:condition\" content=\"new\" \/>\n<!-- \/ Yoast SEO plugin. -->","yoast_head_json":{"title":"[ Balam Rush ] &#129351; Br-941969 Enfriamiento De Aire Gamer Heliux Pro Hex65 \/ Display Para Monitoreo De Temperatura + Rgb \/ 6 Pipas \/ Tdp 240 W \/ Compatibilidad Amd + Intel \/ Negro \/","description":"Compra Br-941969 Enfriamiento De Aire Gamer Heliux Pro Hex65 \/ Display Para Monitoreo De Temperatura + Rgb \/ 6 Pipas \/ Tdp 240 W \/ Compatibilidad Amd + Intel \/ Negro \/ + Env\u00edo a domicilio + Pago seguro + Garant\u00eda","robots":{"index":"index","follow":"follow","max-snippet":"max-snippet:-1","max-image-preview":"max-image-preview:large","max-video-preview":"max-video-preview:-1"},"canonical":"https:\/\/compuviper.mx\/tienda\/producto\/balam-rush-br-941969-enfriamiento-de-aire-gamer-heliux-pro-hex65-display-para-monitoreo-de-temperatura-rgb-6-pipas-tdp-240-w-compatibilidad-amd-intel-negro\/","og_locale":"es_MX","og_type":"article","og_title":"[ Balam Rush ] &#129351; Br-941969 Enfriamiento De Aire Gamer Heliux Pro Hex65 \/ Display Para Monitoreo De Temperatura + Rgb \/ 6 Pipas \/ Tdp 240 W \/ Compatibilidad Amd + Intel \/ Negro \/","og_description":"Compra Br-941969 Enfriamiento De Aire Gamer Heliux Pro Hex65 \/ Display Para Monitoreo De Temperatura + Rgb \/ 6 Pipas \/ Tdp 240 W \/ Compatibilidad Amd + Intel \/ Negro \/ + Env\u00edo a domicilio + Pago seguro + Garant\u00eda","og_url":"https:\/\/compuviper.mx\/tienda\/producto\/balam-rush-br-941969-enfriamiento-de-aire-gamer-heliux-pro-hex65-display-para-monitoreo-de-temperatura-rgb-6-pipas-tdp-240-w-compatibilidad-amd-intel-negro\/","og_site_name":"Compuviper","article_publisher":"https:\/\/www.facebook.com\/compuviper","article_modified_time":"2026-04-02T05:50:51+00:00","twitter_card":"summary_large_image","twitter_misc":{"Precio":"&#36;659 con IVA","Availability":"Out of stock"},"schema":{"@context":"https:\/\/schema.org","@graph":[{"@type":"WebPage","@id":"https:\/\/compuviper.mx\/tienda\/producto\/balam-rush-br-941969-enfriamiento-de-aire-gamer-heliux-pro-hex65-display-para-monitoreo-de-temperatura-rgb-6-pipas-tdp-240-w-compatibilidad-amd-intel-negro\/","url":"https:\/\/compuviper.mx\/tienda\/producto\/balam-rush-br-941969-enfriamiento-de-aire-gamer-heliux-pro-hex65-display-para-monitoreo-de-temperatura-rgb-6-pipas-tdp-240-w-compatibilidad-amd-intel-negro\/","name":"[ Balam Rush ] &#129351; Br-941969 Enfriamiento De Aire Gamer Heliux Pro Hex65 \/ Display Para Monitoreo De Temperatura + Rgb \/ 6 Pipas \/ Tdp 240 W \/ Compatibilidad Amd + Intel \/ Negro \/","isPartOf":{"@id":"https:\/\/compuviper.mx\/tienda\/#website"},"datePublished":"2026-04-02T05:50:50+00:00","dateModified":"2026-04-02T05:50:51+00:00","description":"Compra Br-941969 Enfriamiento De Aire Gamer Heliux Pro Hex65 \/ Display Para Monitoreo De Temperatura + Rgb \/ 6 Pipas \/ Tdp 240 W \/ Compatibilidad Amd + Intel \/ Negro \/ + Env\u00edo a domicilio + Pago seguro + Garant\u00eda","breadcrumb":{"@id":"https:\/\/compuviper.mx\/tienda\/producto\/balam-rush-br-941969-enfriamiento-de-aire-gamer-heliux-pro-hex65-display-para-monitoreo-de-temperatura-rgb-6-pipas-tdp-240-w-compatibilidad-amd-intel-negro\/#breadcrumb"},"inLanguage":"es-MX","potentialAction":[{"@type":"ReadAction","target":["https:\/\/compuviper.mx\/tienda\/producto\/balam-rush-br-941969-enfriamiento-de-aire-gamer-heliux-pro-hex65-display-para-monitoreo-de-temperatura-rgb-6-pipas-tdp-240-w-compatibilidad-amd-intel-negro\/"]}]},{"@type":"BreadcrumbList","@id":"https:\/\/compuviper.mx\/tienda\/producto\/balam-rush-br-941969-enfriamiento-de-aire-gamer-heliux-pro-hex65-display-para-monitoreo-de-temperatura-rgb-6-pipas-tdp-240-w-compatibilidad-amd-intel-negro\/#breadcrumb","itemListElement":[{"@type":"ListItem","position":1,"name":"Inicio","item":"https:\/\/compuviper.mx\/tienda\/"},{"@type":"ListItem","position":2,"name":"Productos","item":"https:\/\/compuviper.mx\/tienda\/productos\/"},{"@type":"ListItem","position":3,"name":"Ventiladores","item":"https:\/\/compuviper.mx\/tienda\/categoria-producto\/ventiladores\/"},{"@type":"ListItem","position":4,"name":"Para Gabinete","item":"https:\/\/compuviper.mx\/tienda\/categoria-producto\/ventiladores\/para-gabinete\/"},{"@type":"ListItem","position":5,"name":"Balam Rush Br-941969 Enfriamiento De Aire Gamer Heliux Pro Hex65 \/ Display Para Monitoreo De Temperatura + Rgb \/ 6 Pipas \/ Tdp 240 W \/ Compatibilidad Amd + Intel \/ Negro \/"}]},{"@type":"WebSite","@id":"https:\/\/compuviper.mx\/tienda\/#website","url":"https:\/\/compuviper.mx\/tienda\/","name":"Compuviper","description":"Proveedor de Computadoras, Laptops, Servidores, Monitores, Puntos de Venta, Teclados,   Impresoras, T\u00f3ner, C\u00e1maras de Seguridad y m\u00e1s en tu tienda en l\u00ednea","publisher":{"@id":"https:\/\/compuviper.mx\/tienda\/#organization"},"potentialAction":[{"@type":"SearchAction","target":{"@type":"EntryPoint","urlTemplate":"https:\/\/compuviper.mx\/tienda\/?s={search_term_string}"},"query-input":"required name=search_term_string"}],"inLanguage":"es-MX"},{"@type":"Organization","@id":"https:\/\/compuviper.mx\/tienda\/#organization","name":"Compuviper","url":"https:\/\/compuviper.mx\/tienda\/","logo":{"@type":"ImageObject","inLanguage":"es-MX","@id":"https:\/\/compuviper.mx\/tienda\/#\/schema\/logo\/image\/","url":"https:\/\/compuviper.mx\/tienda\/wp-content\/uploads\/2021\/08\/Logo-Compuviper-10.png","contentUrl":"https:\/\/compuviper.mx\/tienda\/wp-content\/uploads\/2021\/08\/Logo-Compuviper-10.png","width":1000,"height":500,"caption":"Compuviper"},"image":{"@id":"https:\/\/compuviper.mx\/tienda\/#\/schema\/logo\/image\/"},"sameAs":["https:\/\/www.facebook.com\/compuviper","https:\/\/www.youtube.com\/channel\/UCf73dERp9Y3cfOq7q8BhLjA?view_as=subscriber"]}]},"product_brand":"Balam Rush","product_price_amount":"659","product_price_currency":"MXN","og_availability":"out of stock","product_availability":"out of stock","product_retailer_item_id":"BR-941969","product_condition":"new"},"_links":{"self":[{"href":"https:\/\/compuviper.mx\/tienda\/wp-json\/wp\/v2\/product\/264018"}],"collection":[{"href":"https:\/\/compuviper.mx\/tienda\/wp-json\/wp\/v2\/product"}],"about":[{"href":"https:\/\/compuviper.mx\/tienda\/wp-json\/wp\/v2\/types\/product"}],"replies":[{"embeddable":true,"href":"https:\/\/compuviper.mx\/tienda\/wp-json\/wp\/v2\/comments?post=264018"}],"wp:attachment":[{"href":"https:\/\/compuviper.mx\/tienda\/wp-json\/wp\/v2\/media?parent=264018"}],"wp:term":[{"taxonomy":"product_cat","embeddable":true,"href":"https:\/\/compuviper.mx\/tienda\/wp-json\/wp\/v2\/product_cat?post=264018"},{"taxonomy":"product_tag","embeddable":true,"href":"https:\/\/compuviper.mx\/tienda\/wp-json\/wp\/v2\/product_tag?post=264018"}],"curies":[{"name":"wp","href":"https:\/\/api.w.org\/{rel}","templated":true}]}}