{"id":264013,"date":"2026-04-01T23:20:15","date_gmt":"2026-04-02T05:20:15","guid":{"rendered":"https:\/\/compuviper.mx\/tienda\/producto\/varios-k58360ww-kensington-magpro-elite-filtro-de-privacidad-magntico-para-macbook-pro-air-13\/"},"modified":"2026-04-01T23:20:16","modified_gmt":"2026-04-02T05:20:16","slug":"varios-k58360ww-kensington-magpro-elite-filtro-de-privacidad-magntico-para-macbook-pro-air-13","status":"publish","type":"product","link":"https:\/\/compuviper.mx\/tienda\/producto\/varios-k58360ww-kensington-magpro-elite-filtro-de-privacidad-magntico-para-macbook-pro-air-13\/","title":{"rendered":"Varios K58360ww Kensington \/ Magpro Elite Filtro De Privacidad Magn?tico Para Macbook Pro\/air 13 \/"},"content":{"rendered":"<table class=\"descripcion\">\n<tr>\n<td>Caracter\u00edsticas:<\/td>\n<\/tr>\n<tr>\n<td>\u0095 se integra perfectamente con la pantalla de tu macbook al adherirse a los imanes ya incorporados en el marco del macbook<\/td>\n<\/tr>\n<tr>\n<td>\u0095 limita el \u00e1ngulo de visi\u00f3n a +\/- 30\u00b0, ocultando informaci\u00f3n personal o confidencial de quienes intenten mirar desde los lados<\/td>\n<\/tr>\n<tr>\n<td>\u0095 reduce la luz azul da\u00f1ina hasta en un 52%<\/td>\n<\/tr>\n<tr>\n<td>\u0095 el recubrimiento antirreflejo reduce el brillo y mejora la claridad<\/td>\n<\/tr>\n<tr>\n<td>\u0095 reversible, con opciones de visualizaci\u00f3n mate y brillante<\/td>\n<\/tr>\n<tr>\n<td>\u0095 protege la pantalla del monitor contra ara\u00f1azos y da\u00f1os<\/td>\n<\/tr>\n<tr>\n<td>\u0095 incluye pa\u00f1o de limpieza<\/td>\n<\/tr>\n<tr>\n<td>Compatibilidad<\/td>\n<\/tr>\n<tr>\n<td>K58360ww macbook pro 13 2016 y posteriores<\/td>\n<\/tr>\n<tr>\n<td>Macbook air 13 2018 y posteriores<\/td>\n<\/tr>\n<tr>\n<td>Especificaciones del material<\/td>\n<\/tr>\n<tr>\n<td>Exterior: pet<\/td>\n<\/tr>\n<tr>\n<td>Interior: micro louver (micropersiana)<\/td>\n<\/tr>\n<tr>\n<td>Parte inferior: pet<\/td>\n<\/tr>\n<tr>\n<td>Dimensiones del producto<\/td>\n<\/tr>\n<tr>\n<td>Dimensiones de la unidad (15)<\/td>\n<\/tr>\n<tr>\n<td>Ancho: 8.78 in (223 mm)<\/td>\n<\/tr>\n<tr>\n<td>Largo: 13.58 in (345 mm)<\/td>\n<\/tr>\n<tr>\n<td>Grosor\/altura: 0.003 in (0.9 mm)<\/td>\n<\/tr>\n<tr>\n<td>Peso de la unidad (15): 1.9 oz (53 g)<\/td>\n<\/tr>\n<tr>\n<td>Dimensiones de la unidad (13)<\/td>\n<\/tr>\n<tr>\n<td>Ancho: 7.68 in (195 mm)<\/td>\n<\/tr>\n<tr>\n<td>Largo: 11.77 in (299 mm)<\/td>\n<\/tr>\n<tr>\n<td>Grosor\/altura: 0.003 in (0.9 mm)<\/td>\n<\/tr>\n<tr>\n<td>Peso de la unidad (13): 1.48 oz (36 g)<\/td>\n<\/tr>\n<tr>\n<td>Color y material del recubrimiento<\/td>\n<\/tr>\n<tr>\n<td>Negro \/ pet<\/td>\n<\/tr>\n<tr>\n<td>Empaque<\/td>\n<\/tr>\n<tr>\n<td>Estilo de empaque: caja para venta al p\u00fablico<\/td>\n<\/tr>\n<tr>\n<td>Dimensiones del empaque<\/td>\n<\/tr>\n<tr>\n<td>Ancho: 12 in (38.5 cm)<\/td>\n<\/tr>\n<tr>\n<td>Largo: 18.11 in (26.0 cm)<\/td>\n<\/tr>\n<tr>\n<td>Peso del empaque (15): 7.69 oz (230 g)<\/td>\n<\/tr>\n<tr>\n<td>Peso del empaque (13): 7.69 oz (250 g)<\/td>\n<\/tr>\n<tr>\n<td>Caja master: 10 unidades<\/td>\n<\/tr>\n<tr>\n<td>Contenido del paquete<\/td>\n<\/tr>\n<tr>\n<td>Tarjeta de garant\u00eda, gu\u00eda de instrucciones,<\/td>\n<\/tr>\n<tr>\n<td>Pa\u00f1o de limpieza, soporte pl\u00e1stico (1 pieza cada uno),<\/td>\n<\/tr>\n<tr>\n<td>Calcoman\u00edas triangulares<\/td>\n<\/tr>\n<tr>\n<td>Pa\u00eds de origen, normativas y garant\u00eda<\/td>\n<\/tr>\n<tr>\n<td>Pa\u00eds de origen: taiw\u00e1n<\/td>\n<\/tr>\n<tr>\n<td>Garant\u00eda: garant\u00eda limitada de 2 a\u00f1os<\/td>\n<\/tr>\n<\/table>\n","protected":false},"excerpt":{"rendered":"<p>La privacidad comienza en la pantalla. El magpro\u0099 elite filtro de privacidad magn\u00e9tico para macbook pro de 15 y macbook pro\/air de 13 se acopla sin esfuerzo al marco magn\u00e9tico del port\u00e1til, permitiendo que el macbook pro se cierre completamente y entre en modo de suspensi\u00f3n \u0097 sin necesidad de retirarlo. La pantalla protege el monitor de ara\u00f1azos y da\u00f1os, mientras proporciona privacidad al limitar el \u00e1ngulo de visi\u00f3n a +\/- 30\u00b0. Reduce la luz azul da\u00f1ina hasta en un 52%, disminuye el reflejo y mejora la claridad. Incluye pa\u00f1o de limpieza antibacteriano y un soporte para proteger la pantalla cuando no est\u00e1 en uso.<\/p>\n","protected":false},"featured_media":0,"comment_status":"open","ping_status":"open","template":"","meta":[],"product_cat":[1485,2026],"product_tag":[1878],"acf":[],"yoast_head":"<!-- This site is optimized with the Yoast SEO plugin v21.7 - https:\/\/yoast.com\/wordpress\/plugins\/seo\/ -->\n<title>[ Varios ] &#129351; K58360ww Kensington \/ Magpro Elite Filtro De Privacidad Magn\u00e9tico Para Macbook Pro\/air 13 \/<\/title>\n<meta name=\"description\" content=\"Compra K58360ww Kensington \/ Magpro Elite Filtro De Privacidad Magn\u00e9tico Para Macbook Pro\/air 13 \/ + Env\u00edo a domicilio + Pago seguro + Garant\u00eda\" \/>\n<meta name=\"robots\" content=\"index, follow, max-snippet:-1, max-image-preview:large, max-video-preview:-1\" \/>\n<link rel=\"canonical\" href=\"https:\/\/compuviper.mx\/tienda\/producto\/varios-k58360ww-kensington-magpro-elite-filtro-de-privacidad-magntico-para-macbook-pro-air-13\/\" \/>\n<meta property=\"og:locale\" content=\"es_MX\" \/>\n<meta property=\"og:type\" content=\"article\" \/>\n<meta property=\"og:title\" content=\"[ Varios ] &#129351; K58360ww Kensington \/ Magpro Elite Filtro De Privacidad Magn\u00e9tico Para Macbook Pro\/air 13 \/\" \/>\n<meta property=\"og:description\" content=\"Compra K58360ww Kensington \/ Magpro Elite Filtro De Privacidad Magn\u00e9tico Para Macbook Pro\/air 13 \/ + Env\u00edo a domicilio + Pago seguro + Garant\u00eda\" \/>\n<meta property=\"og:url\" content=\"https:\/\/compuviper.mx\/tienda\/producto\/varios-k58360ww-kensington-magpro-elite-filtro-de-privacidad-magntico-para-macbook-pro-air-13\/\" \/>\n<meta property=\"og:site_name\" content=\"Compuviper\" \/>\n<meta property=\"article:publisher\" content=\"https:\/\/www.facebook.com\/compuviper\" \/>\n<meta property=\"article:modified_time\" content=\"2026-04-02T05:20:16+00:00\" \/>\n<meta name=\"twitter:card\" content=\"summary_large_image\" \/>\n<meta name=\"twitter:label1\" content=\"Precio\" \/>\n\t<meta name=\"twitter:data1\" content=\"&#36;787 con IVA\" \/>\n\t<meta name=\"twitter:label2\" content=\"Availability\" \/>\n\t<meta name=\"twitter:data2\" content=\"On backorder\" \/>\n<script type=\"application\/ld+json\" class=\"yoast-schema-graph\">{\"@context\":\"https:\/\/schema.org\",\"@graph\":[{\"@type\":\"WebPage\",\"@id\":\"https:\/\/compuviper.mx\/tienda\/producto\/varios-k58360ww-kensington-magpro-elite-filtro-de-privacidad-magntico-para-macbook-pro-air-13\/\",\"url\":\"https:\/\/compuviper.mx\/tienda\/producto\/varios-k58360ww-kensington-magpro-elite-filtro-de-privacidad-magntico-para-macbook-pro-air-13\/\",\"name\":\"[ Varios ] &#129351; K58360ww Kensington \/ Magpro Elite Filtro De Privacidad Magn\u00e9tico Para Macbook Pro\/air 13 \/\",\"isPartOf\":{\"@id\":\"https:\/\/compuviper.mx\/tienda\/#website\"},\"datePublished\":\"2026-04-02T05:20:15+00:00\",\"dateModified\":\"2026-04-02T05:20:16+00:00\",\"description\":\"Compra K58360ww Kensington \/ Magpro Elite Filtro De Privacidad Magn\u00e9tico Para Macbook Pro\/air 13 \/ + Env\u00edo a domicilio + Pago seguro + Garant\u00eda\",\"breadcrumb\":{\"@id\":\"https:\/\/compuviper.mx\/tienda\/producto\/varios-k58360ww-kensington-magpro-elite-filtro-de-privacidad-magntico-para-macbook-pro-air-13\/#breadcrumb\"},\"inLanguage\":\"es-MX\",\"potentialAction\":[{\"@type\":\"ReadAction\",\"target\":[\"https:\/\/compuviper.mx\/tienda\/producto\/varios-k58360ww-kensington-magpro-elite-filtro-de-privacidad-magntico-para-macbook-pro-air-13\/\"]}]},{\"@type\":\"BreadcrumbList\",\"@id\":\"https:\/\/compuviper.mx\/tienda\/producto\/varios-k58360ww-kensington-magpro-elite-filtro-de-privacidad-magntico-para-macbook-pro-air-13\/#breadcrumb\",\"itemListElement\":[{\"@type\":\"ListItem\",\"position\":1,\"name\":\"Inicio\",\"item\":\"https:\/\/compuviper.mx\/tienda\/\"},{\"@type\":\"ListItem\",\"position\":2,\"name\":\"Productos\",\"item\":\"https:\/\/compuviper.mx\/tienda\/productos\/\"},{\"@type\":\"ListItem\",\"position\":3,\"name\":\"Accesorios\",\"item\":\"https:\/\/compuviper.mx\/tienda\/categoria-producto\/accesorios\/\"},{\"@type\":\"ListItem\",\"position\":4,\"name\":\"Filtros\",\"item\":\"https:\/\/compuviper.mx\/tienda\/categoria-producto\/accesorios\/filtros\/\"},{\"@type\":\"ListItem\",\"position\":5,\"name\":\"Varios K58360ww Kensington \/ Magpro Elite Filtro De Privacidad Magn?tico Para Macbook Pro\/air 13 \/\"}]},{\"@type\":\"WebSite\",\"@id\":\"https:\/\/compuviper.mx\/tienda\/#website\",\"url\":\"https:\/\/compuviper.mx\/tienda\/\",\"name\":\"Compuviper\",\"description\":\"Proveedor de Computadoras, Laptops, Servidores, Monitores, Puntos de Venta, Teclados,   Impresoras, T\u00f3ner, C\u00e1maras de Seguridad y m\u00e1s en tu tienda en l\u00ednea\",\"publisher\":{\"@id\":\"https:\/\/compuviper.mx\/tienda\/#organization\"},\"potentialAction\":[{\"@type\":\"SearchAction\",\"target\":{\"@type\":\"EntryPoint\",\"urlTemplate\":\"https:\/\/compuviper.mx\/tienda\/?s={search_term_string}\"},\"query-input\":\"required name=search_term_string\"}],\"inLanguage\":\"es-MX\"},{\"@type\":\"Organization\",\"@id\":\"https:\/\/compuviper.mx\/tienda\/#organization\",\"name\":\"Compuviper\",\"url\":\"https:\/\/compuviper.mx\/tienda\/\",\"logo\":{\"@type\":\"ImageObject\",\"inLanguage\":\"es-MX\",\"@id\":\"https:\/\/compuviper.mx\/tienda\/#\/schema\/logo\/image\/\",\"url\":\"https:\/\/compuviper.mx\/tienda\/wp-content\/uploads\/2021\/08\/Logo-Compuviper-10.png\",\"contentUrl\":\"https:\/\/compuviper.mx\/tienda\/wp-content\/uploads\/2021\/08\/Logo-Compuviper-10.png\",\"width\":1000,\"height\":500,\"caption\":\"Compuviper\"},\"image\":{\"@id\":\"https:\/\/compuviper.mx\/tienda\/#\/schema\/logo\/image\/\"},\"sameAs\":[\"https:\/\/www.facebook.com\/compuviper\",\"https:\/\/www.youtube.com\/channel\/UCf73dERp9Y3cfOq7q8BhLjA?view_as=subscriber\"]}]}<\/script>\n<meta property=\"product:brand\" content=\"VARIOS\" \/>\n<meta property=\"product:price:amount\" content=\"787\" \/>\n<meta property=\"product:price:currency\" content=\"MXN\" \/>\n<meta property=\"og:availability\" content=\"backorder\" \/>\n<meta property=\"product:availability\" content=\"available for order\" \/>\n<meta property=\"product:retailer_item_id\" content=\"K58360WW\" \/>\n<meta property=\"product:condition\" content=\"new\" \/>\n<!-- \/ Yoast SEO plugin. -->","yoast_head_json":{"title":"[ Varios ] &#129351; K58360ww Kensington \/ Magpro Elite Filtro De Privacidad Magn\u00e9tico Para Macbook Pro\/air 13 \/","description":"Compra K58360ww Kensington \/ Magpro Elite Filtro De Privacidad Magn\u00e9tico Para Macbook Pro\/air 13 \/ + Env\u00edo a domicilio + Pago seguro + Garant\u00eda","robots":{"index":"index","follow":"follow","max-snippet":"max-snippet:-1","max-image-preview":"max-image-preview:large","max-video-preview":"max-video-preview:-1"},"canonical":"https:\/\/compuviper.mx\/tienda\/producto\/varios-k58360ww-kensington-magpro-elite-filtro-de-privacidad-magntico-para-macbook-pro-air-13\/","og_locale":"es_MX","og_type":"article","og_title":"[ Varios ] &#129351; K58360ww Kensington \/ Magpro Elite Filtro De Privacidad Magn\u00e9tico Para Macbook Pro\/air 13 \/","og_description":"Compra K58360ww Kensington \/ Magpro Elite Filtro De Privacidad Magn\u00e9tico Para Macbook Pro\/air 13 \/ + Env\u00edo a domicilio + Pago seguro + Garant\u00eda","og_url":"https:\/\/compuviper.mx\/tienda\/producto\/varios-k58360ww-kensington-magpro-elite-filtro-de-privacidad-magntico-para-macbook-pro-air-13\/","og_site_name":"Compuviper","article_publisher":"https:\/\/www.facebook.com\/compuviper","article_modified_time":"2026-04-02T05:20:16+00:00","twitter_card":"summary_large_image","twitter_misc":{"Precio":"&#36;787 con IVA","Availability":"On backorder"},"schema":{"@context":"https:\/\/schema.org","@graph":[{"@type":"WebPage","@id":"https:\/\/compuviper.mx\/tienda\/producto\/varios-k58360ww-kensington-magpro-elite-filtro-de-privacidad-magntico-para-macbook-pro-air-13\/","url":"https:\/\/compuviper.mx\/tienda\/producto\/varios-k58360ww-kensington-magpro-elite-filtro-de-privacidad-magntico-para-macbook-pro-air-13\/","name":"[ Varios ] &#129351; K58360ww Kensington \/ Magpro Elite Filtro De Privacidad Magn\u00e9tico Para Macbook Pro\/air 13 \/","isPartOf":{"@id":"https:\/\/compuviper.mx\/tienda\/#website"},"datePublished":"2026-04-02T05:20:15+00:00","dateModified":"2026-04-02T05:20:16+00:00","description":"Compra K58360ww Kensington \/ Magpro Elite Filtro De Privacidad Magn\u00e9tico Para Macbook Pro\/air 13 \/ + Env\u00edo a domicilio + Pago seguro + Garant\u00eda","breadcrumb":{"@id":"https:\/\/compuviper.mx\/tienda\/producto\/varios-k58360ww-kensington-magpro-elite-filtro-de-privacidad-magntico-para-macbook-pro-air-13\/#breadcrumb"},"inLanguage":"es-MX","potentialAction":[{"@type":"ReadAction","target":["https:\/\/compuviper.mx\/tienda\/producto\/varios-k58360ww-kensington-magpro-elite-filtro-de-privacidad-magntico-para-macbook-pro-air-13\/"]}]},{"@type":"BreadcrumbList","@id":"https:\/\/compuviper.mx\/tienda\/producto\/varios-k58360ww-kensington-magpro-elite-filtro-de-privacidad-magntico-para-macbook-pro-air-13\/#breadcrumb","itemListElement":[{"@type":"ListItem","position":1,"name":"Inicio","item":"https:\/\/compuviper.mx\/tienda\/"},{"@type":"ListItem","position":2,"name":"Productos","item":"https:\/\/compuviper.mx\/tienda\/productos\/"},{"@type":"ListItem","position":3,"name":"Accesorios","item":"https:\/\/compuviper.mx\/tienda\/categoria-producto\/accesorios\/"},{"@type":"ListItem","position":4,"name":"Filtros","item":"https:\/\/compuviper.mx\/tienda\/categoria-producto\/accesorios\/filtros\/"},{"@type":"ListItem","position":5,"name":"Varios K58360ww Kensington \/ Magpro Elite Filtro De Privacidad Magn?tico Para Macbook Pro\/air 13 \/"}]},{"@type":"WebSite","@id":"https:\/\/compuviper.mx\/tienda\/#website","url":"https:\/\/compuviper.mx\/tienda\/","name":"Compuviper","description":"Proveedor de Computadoras, Laptops, Servidores, Monitores, Puntos de Venta, Teclados,   Impresoras, T\u00f3ner, C\u00e1maras de Seguridad y m\u00e1s en tu tienda en l\u00ednea","publisher":{"@id":"https:\/\/compuviper.mx\/tienda\/#organization"},"potentialAction":[{"@type":"SearchAction","target":{"@type":"EntryPoint","urlTemplate":"https:\/\/compuviper.mx\/tienda\/?s={search_term_string}"},"query-input":"required name=search_term_string"}],"inLanguage":"es-MX"},{"@type":"Organization","@id":"https:\/\/compuviper.mx\/tienda\/#organization","name":"Compuviper","url":"https:\/\/compuviper.mx\/tienda\/","logo":{"@type":"ImageObject","inLanguage":"es-MX","@id":"https:\/\/compuviper.mx\/tienda\/#\/schema\/logo\/image\/","url":"https:\/\/compuviper.mx\/tienda\/wp-content\/uploads\/2021\/08\/Logo-Compuviper-10.png","contentUrl":"https:\/\/compuviper.mx\/tienda\/wp-content\/uploads\/2021\/08\/Logo-Compuviper-10.png","width":1000,"height":500,"caption":"Compuviper"},"image":{"@id":"https:\/\/compuviper.mx\/tienda\/#\/schema\/logo\/image\/"},"sameAs":["https:\/\/www.facebook.com\/compuviper","https:\/\/www.youtube.com\/channel\/UCf73dERp9Y3cfOq7q8BhLjA?view_as=subscriber"]}]},"product_brand":"VARIOS","product_price_amount":"787","product_price_currency":"MXN","og_availability":"backorder","product_availability":"available for order","product_retailer_item_id":"K58360WW","product_condition":"new"},"_links":{"self":[{"href":"https:\/\/compuviper.mx\/tienda\/wp-json\/wp\/v2\/product\/264013"}],"collection":[{"href":"https:\/\/compuviper.mx\/tienda\/wp-json\/wp\/v2\/product"}],"about":[{"href":"https:\/\/compuviper.mx\/tienda\/wp-json\/wp\/v2\/types\/product"}],"replies":[{"embeddable":true,"href":"https:\/\/compuviper.mx\/tienda\/wp-json\/wp\/v2\/comments?post=264013"}],"wp:attachment":[{"href":"https:\/\/compuviper.mx\/tienda\/wp-json\/wp\/v2\/media?parent=264013"}],"wp:term":[{"taxonomy":"product_cat","embeddable":true,"href":"https:\/\/compuviper.mx\/tienda\/wp-json\/wp\/v2\/product_cat?post=264013"},{"taxonomy":"product_tag","embeddable":true,"href":"https:\/\/compuviper.mx\/tienda\/wp-json\/wp\/v2\/product_tag?post=264013"}],"curies":[{"name":"wp","href":"https:\/\/api.w.org\/{rel}","templated":true}]}}