{"id":263986,"date":"2026-04-02T00:51:37","date_gmt":"2026-04-02T06:51:37","guid":{"rendered":"https:\/\/compuviper.mx\/tienda\/producto\/dell-210-brmv-monitor-s3425dw-curvo-34-pulgadas-wqhd-3440-x-1440-120-hz-hdmi-usb-c-usb-a-amd-freesync\/"},"modified":"2026-04-02T00:51:37","modified_gmt":"2026-04-02T06:51:37","slug":"dell-210-brmv-monitor-s3425dw-curvo-34-pulgadas-wqhd-3440-x-1440-120-hz-hdmi-usb-c-usb-a-amd-freesync","status":"publish","type":"product","link":"https:\/\/compuviper.mx\/tienda\/producto\/dell-210-brmv-monitor-s3425dw-curvo-34-pulgadas-wqhd-3440-x-1440-120-hz-hdmi-usb-c-usb-a-amd-freesync\/","title":{"rendered":"Dell 210-brmv Monitor  S3425dw  Curvo | 34 Pulgadas Wqhd 3440 X 1440 |  120 Hz | Hdmi, Usb-c, Usb-a | Amd Freesync |"},"content":{"rendered":"<table class=\"descripcion\">\n<tr>\n<td>Relaci\u00f3n de aspecto<\/td>\n<\/tr>\n<tr>\n<td>21:9<\/td>\n<\/tr>\n<tr>\n<td>Tama\u00f1o de pixel<\/td>\n<\/tr>\n<tr>\n<td>0,23175 mm x 0,23175 mm<\/td>\n<\/tr>\n<tr>\n<td>Angulo de visi\u00f3n horizontal<\/td>\n<\/tr>\n<tr>\n<td>178\u00b0<\/td>\n<\/tr>\n<tr>\n<td>\u00e1ngulo de visi\u00f3n vertical<\/td>\n<\/tr>\n<tr>\n<td>178\u00b0<\/td>\n<\/tr>\n<tr>\n<td>Tipo de montaje<\/td>\n<\/tr>\n<tr>\n<td>Montura de panel<\/td>\n<\/tr>\n<tr>\n<td>Tecnolog\u00eda de iluminaci\u00f3n de fondo<\/td>\n<\/tr>\n<tr>\n<td>Sistema led edgelight<\/td>\n<\/tr>\n<tr>\n<td>Compatibilidad con hdcp<\/td>\n<\/tr>\n<tr>\n<td>S\u00ed<\/td>\n<\/tr>\n<tr>\n<td>Altura m\u00e1xima ajustable<\/td>\n<\/tr>\n<tr>\n<td>130 mm<\/td>\n<\/tr>\n<tr>\n<td>\u00e1ngulo de inclinaci\u00f3n<\/td>\n<\/tr>\n<tr>\n<td>-5\u00b0 a 21\u00b0<\/td>\n<\/tr>\n<tr>\n<td>Frecuencia horizontal<\/td>\n<\/tr>\n<tr>\n<td>25 khz a 200 khz<\/td>\n<\/tr>\n<tr>\n<td>Frecuencia vertical<\/td>\n<\/tr>\n<tr>\n<td>48 hz a 120 hz<\/td>\n<\/tr>\n<tr>\n<td>Ajustes de pie<\/td>\n<\/tr>\n<tr>\n<td>Altura<\/td>\n<\/tr>\n<tr>\n<td>Inclinaci\u00f3n<\/td>\n<\/tr>\n<tr>\n<td>Inclinable<\/td>\n<\/tr>\n<tr>\n<td>Resoluci\u00f3n m\u00e1x.<\/td>\n<\/tr>\n<tr>\n<td>3440 x 1440<\/td>\n<\/tr>\n<tr>\n<td>\u00edndice de refresco est\u00e1ndar<\/td>\n<\/tr>\n<tr>\n<td>120 hz<\/td>\n<\/tr>\n<tr>\n<td>Color admitido<\/td>\n<\/tr>\n<tr>\n<td>1.07 miles de millones de colores<\/td>\n<\/tr>\n<tr>\n<td>Tecnolog\u00eda anti-fragmentaci\u00f3n<\/td>\n<\/tr>\n<tr>\n<td>Amd freesynctm premium<\/td>\n<\/tr>\n<tr>\n<td>N\u00famero de altavoces<\/td>\n<\/tr>\n<tr>\n<td>2<\/td>\n<\/tr>\n<tr>\n<td>Altavoces<\/td>\n<\/tr>\n<tr>\n<td>S\u00ed<\/td>\n<\/tr>\n<tr>\n<td>Alimentaci\u00f3n salida de altavoz<\/td>\n<\/tr>\n<tr>\n<td>10 w<\/td>\n<\/tr>\n<tr>\n<td>Conectividad<\/td>\n<\/tr>\n<tr>\n<td>Puerto de v\u00eddeo<\/td>\n<\/tr>\n<tr>\n<td>2 puertos hdmi (hdcp 1.4 y 2.2) (admite hasta wqhd 3440 x1440, 120 hz, 10 bits, frl, hdr, vrr seg\u00fan lo especificado en hdmi 2.1)<\/td>\n<\/tr>\n<tr>\n<td>Puerto usb<\/td>\n<\/tr>\n<tr>\n<td>1 puerto usb-c de 5 gbps (modo alternativo displayport 1.4, suministro de energ\u00eda de hasta 65 w) (admite hasta 3440 x1440, 120 hz, hdr, adaptivesync)<\/td>\n<\/tr>\n<tr>\n<td>1 puerto usb de bajada tipo a de 5 gbps<\/td>\n<\/tr>\n<tr>\n<td>1 puerto usb de bajada tipo a de 5 gbps con carga de bater\u00eda 1.2<\/td>\n<\/tr>\n<tr>\n<td>1 puerto usb-c de bajada de 5 gbps (suministro de energ\u00eda de hasta 15 w)<\/td>\n<\/tr>\n<tr>\n<td>Usb tipo-c (alimentaci\u00f3n)<\/td>\n<\/tr>\n<tr>\n<td>65 w<\/td>\n<\/tr>\n<\/table>\n","protected":false},"excerpt":{"rendered":"<p>Monitor curvo wqhd usb-c de 86,36 cm (34) con frecuencia de actualizaci\u00f3n de hasta 120 hz y dos altavoces de 5 w para disfrutar de un entretenimiento superior. 3 a\u00f1os de servicio de cambio por adelantado y garant\u00eda limitada de hardware. Upc: 884116485148<\/p>\n","protected":false},"featured_media":264061,"comment_status":"open","ping_status":"open","template":"","meta":[],"product_cat":[1740,1741],"product_tag":[1537],"acf":[],"yoast_head":"<!-- This site is optimized with the Yoast SEO plugin v21.7 - https:\/\/yoast.com\/wordpress\/plugins\/seo\/ -->\n<title>[ Dell ] &#129351; 210-brmv Monitor S3425dw Curvo | 34 Pulgadas Wqhd 3440 X 1440 | 120 Hz | Hdmi, Usb-c, Usb-a | Amd Freesync |<\/title>\n<meta name=\"description\" content=\"Compra 210-brmv Monitor S3425dw Curvo | 34 Pulgadas Wqhd 3440 X 1440 | 120 Hz | Hdmi, Usb-c, Usb-a | Amd Freesync | + Env\u00edo a domicilio + Pago seguro + Garant\u00eda\" \/>\n<meta name=\"robots\" content=\"index, follow, max-snippet:-1, max-image-preview:large, max-video-preview:-1\" \/>\n<link rel=\"canonical\" href=\"https:\/\/compuviper.mx\/tienda\/producto\/dell-210-brmv-monitor-s3425dw-curvo-34-pulgadas-wqhd-3440-x-1440-120-hz-hdmi-usb-c-usb-a-amd-freesync\/\" \/>\n<meta property=\"og:locale\" content=\"es_MX\" \/>\n<meta property=\"og:type\" content=\"article\" \/>\n<meta property=\"og:title\" content=\"[ Dell ] &#129351; 210-brmv Monitor S3425dw Curvo | 34 Pulgadas Wqhd 3440 X 1440 | 120 Hz | Hdmi, Usb-c, Usb-a | Amd Freesync |\" \/>\n<meta property=\"og:description\" content=\"Compra 210-brmv Monitor S3425dw Curvo | 34 Pulgadas Wqhd 3440 X 1440 | 120 Hz | Hdmi, Usb-c, Usb-a | Amd Freesync | + Env\u00edo a domicilio + Pago seguro + Garant\u00eda\" \/>\n<meta property=\"og:url\" content=\"https:\/\/compuviper.mx\/tienda\/producto\/dell-210-brmv-monitor-s3425dw-curvo-34-pulgadas-wqhd-3440-x-1440-120-hz-hdmi-usb-c-usb-a-amd-freesync\/\" \/>\n<meta property=\"og:site_name\" content=\"Compuviper\" \/>\n<meta property=\"article:publisher\" content=\"https:\/\/www.facebook.com\/compuviper\" \/>\n<meta property=\"og:image\" content=\"https:\/\/compuviper.mx\/tienda\/wp-content\/uploads\/2025\/12\/Monitor-dell-s3425dw-curvo-34-pulgadas-wqhd-3440-x-1440-120-hz-hdmi-usb-c-usb-a-amd-freesync-210-brmv.jpg\" \/>\n\t<meta property=\"og:image:width\" content=\"200\" \/>\n\t<meta property=\"og:image:height\" content=\"200\" \/>\n\t<meta property=\"og:image:type\" content=\"image\/jpeg\" \/>\n<meta name=\"twitter:card\" content=\"summary_large_image\" \/>\n<meta name=\"twitter:label1\" content=\"Precio\" \/>\n\t<meta name=\"twitter:data1\" content=\"&#36;6,190 con IVA\" \/>\n\t<meta name=\"twitter:label2\" content=\"Availability\" \/>\n\t<meta name=\"twitter:data2\" content=\"On backorder\" \/>\n<script type=\"application\/ld+json\" class=\"yoast-schema-graph\">{\"@context\":\"https:\/\/schema.org\",\"@graph\":[{\"@type\":\"WebPage\",\"@id\":\"https:\/\/compuviper.mx\/tienda\/producto\/dell-210-brmv-monitor-s3425dw-curvo-34-pulgadas-wqhd-3440-x-1440-120-hz-hdmi-usb-c-usb-a-amd-freesync\/\",\"url\":\"https:\/\/compuviper.mx\/tienda\/producto\/dell-210-brmv-monitor-s3425dw-curvo-34-pulgadas-wqhd-3440-x-1440-120-hz-hdmi-usb-c-usb-a-amd-freesync\/\",\"name\":\"[ Dell ] &#129351; 210-brmv Monitor S3425dw Curvo | 34 Pulgadas Wqhd 3440 X 1440 | 120 Hz | Hdmi, Usb-c, Usb-a | Amd Freesync |\",\"isPartOf\":{\"@id\":\"https:\/\/compuviper.mx\/tienda\/#website\"},\"datePublished\":\"2026-04-02T06:51:37+00:00\",\"dateModified\":\"2026-04-02T06:51:37+00:00\",\"description\":\"Compra 210-brmv Monitor S3425dw Curvo | 34 Pulgadas Wqhd 3440 X 1440 | 120 Hz | Hdmi, Usb-c, Usb-a | Amd Freesync | + Env\u00edo a domicilio + Pago seguro + Garant\u00eda\",\"breadcrumb\":{\"@id\":\"https:\/\/compuviper.mx\/tienda\/producto\/dell-210-brmv-monitor-s3425dw-curvo-34-pulgadas-wqhd-3440-x-1440-120-hz-hdmi-usb-c-usb-a-amd-freesync\/#breadcrumb\"},\"inLanguage\":\"es-MX\",\"potentialAction\":[{\"@type\":\"ReadAction\",\"target\":[\"https:\/\/compuviper.mx\/tienda\/producto\/dell-210-brmv-monitor-s3425dw-curvo-34-pulgadas-wqhd-3440-x-1440-120-hz-hdmi-usb-c-usb-a-amd-freesync\/\"]}]},{\"@type\":\"BreadcrumbList\",\"@id\":\"https:\/\/compuviper.mx\/tienda\/producto\/dell-210-brmv-monitor-s3425dw-curvo-34-pulgadas-wqhd-3440-x-1440-120-hz-hdmi-usb-c-usb-a-amd-freesync\/#breadcrumb\",\"itemListElement\":[{\"@type\":\"ListItem\",\"position\":1,\"name\":\"Inicio\",\"item\":\"https:\/\/compuviper.mx\/tienda\/\"},{\"@type\":\"ListItem\",\"position\":2,\"name\":\"Productos\",\"item\":\"https:\/\/compuviper.mx\/tienda\/productos\/\"},{\"@type\":\"ListItem\",\"position\":3,\"name\":\"Monitores\",\"item\":\"https:\/\/compuviper.mx\/tienda\/categoria-producto\/monitores\/\"},{\"@type\":\"ListItem\",\"position\":4,\"name\":\"Led\",\"item\":\"https:\/\/compuviper.mx\/tienda\/categoria-producto\/monitores\/led\/\"},{\"@type\":\"ListItem\",\"position\":5,\"name\":\"Dell 210-brmv Monitor S3425dw Curvo | 34 Pulgadas Wqhd 3440 X 1440 | 120 Hz | Hdmi, Usb-c, Usb-a | Amd Freesync |\"}]},{\"@type\":\"WebSite\",\"@id\":\"https:\/\/compuviper.mx\/tienda\/#website\",\"url\":\"https:\/\/compuviper.mx\/tienda\/\",\"name\":\"Compuviper\",\"description\":\"Proveedor de Computadoras, Laptops, Servidores, Monitores, Puntos de Venta, Teclados,   Impresoras, T\u00f3ner, C\u00e1maras de Seguridad y m\u00e1s en tu tienda en l\u00ednea\",\"publisher\":{\"@id\":\"https:\/\/compuviper.mx\/tienda\/#organization\"},\"potentialAction\":[{\"@type\":\"SearchAction\",\"target\":{\"@type\":\"EntryPoint\",\"urlTemplate\":\"https:\/\/compuviper.mx\/tienda\/?s={search_term_string}\"},\"query-input\":\"required name=search_term_string\"}],\"inLanguage\":\"es-MX\"},{\"@type\":\"Organization\",\"@id\":\"https:\/\/compuviper.mx\/tienda\/#organization\",\"name\":\"Compuviper\",\"url\":\"https:\/\/compuviper.mx\/tienda\/\",\"logo\":{\"@type\":\"ImageObject\",\"inLanguage\":\"es-MX\",\"@id\":\"https:\/\/compuviper.mx\/tienda\/#\/schema\/logo\/image\/\",\"url\":\"https:\/\/compuviper.mx\/tienda\/wp-content\/uploads\/2021\/08\/Logo-Compuviper-10.png\",\"contentUrl\":\"https:\/\/compuviper.mx\/tienda\/wp-content\/uploads\/2021\/08\/Logo-Compuviper-10.png\",\"width\":1000,\"height\":500,\"caption\":\"Compuviper\"},\"image\":{\"@id\":\"https:\/\/compuviper.mx\/tienda\/#\/schema\/logo\/image\/\"},\"sameAs\":[\"https:\/\/www.facebook.com\/compuviper\",\"https:\/\/www.youtube.com\/channel\/UCf73dERp9Y3cfOq7q8BhLjA?view_as=subscriber\"]}]}<\/script>\n<meta property=\"product:brand\" content=\"DELL\" \/>\n<meta property=\"product:price:amount\" content=\"6190\" \/>\n<meta property=\"product:price:currency\" content=\"MXN\" \/>\n<meta property=\"og:availability\" content=\"backorder\" \/>\n<meta property=\"product:availability\" content=\"available for order\" \/>\n<meta property=\"product:retailer_item_id\" content=\"210-BRMV\" \/>\n<meta property=\"product:condition\" content=\"new\" \/>\n<!-- \/ Yoast SEO plugin. -->","yoast_head_json":{"title":"[ Dell ] &#129351; 210-brmv Monitor S3425dw Curvo | 34 Pulgadas Wqhd 3440 X 1440 | 120 Hz | Hdmi, Usb-c, Usb-a | Amd Freesync |","description":"Compra 210-brmv Monitor S3425dw Curvo | 34 Pulgadas Wqhd 3440 X 1440 | 120 Hz | Hdmi, Usb-c, Usb-a | Amd Freesync | + Env\u00edo a domicilio + Pago seguro + Garant\u00eda","robots":{"index":"index","follow":"follow","max-snippet":"max-snippet:-1","max-image-preview":"max-image-preview:large","max-video-preview":"max-video-preview:-1"},"canonical":"https:\/\/compuviper.mx\/tienda\/producto\/dell-210-brmv-monitor-s3425dw-curvo-34-pulgadas-wqhd-3440-x-1440-120-hz-hdmi-usb-c-usb-a-amd-freesync\/","og_locale":"es_MX","og_type":"article","og_title":"[ Dell ] &#129351; 210-brmv Monitor S3425dw Curvo | 34 Pulgadas Wqhd 3440 X 1440 | 120 Hz | Hdmi, Usb-c, Usb-a | Amd Freesync |","og_description":"Compra 210-brmv Monitor S3425dw Curvo | 34 Pulgadas Wqhd 3440 X 1440 | 120 Hz | Hdmi, Usb-c, Usb-a | Amd Freesync | + Env\u00edo a domicilio + Pago seguro + Garant\u00eda","og_url":"https:\/\/compuviper.mx\/tienda\/producto\/dell-210-brmv-monitor-s3425dw-curvo-34-pulgadas-wqhd-3440-x-1440-120-hz-hdmi-usb-c-usb-a-amd-freesync\/","og_site_name":"Compuviper","article_publisher":"https:\/\/www.facebook.com\/compuviper","og_image":[{"width":200,"height":200,"url":"https:\/\/compuviper.mx\/tienda\/wp-content\/uploads\/2025\/12\/Monitor-dell-s3425dw-curvo-34-pulgadas-wqhd-3440-x-1440-120-hz-hdmi-usb-c-usb-a-amd-freesync-210-brmv.jpg","type":"image\/jpeg"}],"twitter_card":"summary_large_image","twitter_misc":{"Precio":"&#36;6,190 con IVA","Availability":"On backorder"},"schema":{"@context":"https:\/\/schema.org","@graph":[{"@type":"WebPage","@id":"https:\/\/compuviper.mx\/tienda\/producto\/dell-210-brmv-monitor-s3425dw-curvo-34-pulgadas-wqhd-3440-x-1440-120-hz-hdmi-usb-c-usb-a-amd-freesync\/","url":"https:\/\/compuviper.mx\/tienda\/producto\/dell-210-brmv-monitor-s3425dw-curvo-34-pulgadas-wqhd-3440-x-1440-120-hz-hdmi-usb-c-usb-a-amd-freesync\/","name":"[ Dell ] &#129351; 210-brmv Monitor S3425dw Curvo | 34 Pulgadas Wqhd 3440 X 1440 | 120 Hz | Hdmi, Usb-c, Usb-a | Amd Freesync |","isPartOf":{"@id":"https:\/\/compuviper.mx\/tienda\/#website"},"datePublished":"2026-04-02T06:51:37+00:00","dateModified":"2026-04-02T06:51:37+00:00","description":"Compra 210-brmv Monitor S3425dw Curvo | 34 Pulgadas Wqhd 3440 X 1440 | 120 Hz | Hdmi, Usb-c, Usb-a | Amd Freesync | + Env\u00edo a domicilio + Pago seguro + Garant\u00eda","breadcrumb":{"@id":"https:\/\/compuviper.mx\/tienda\/producto\/dell-210-brmv-monitor-s3425dw-curvo-34-pulgadas-wqhd-3440-x-1440-120-hz-hdmi-usb-c-usb-a-amd-freesync\/#breadcrumb"},"inLanguage":"es-MX","potentialAction":[{"@type":"ReadAction","target":["https:\/\/compuviper.mx\/tienda\/producto\/dell-210-brmv-monitor-s3425dw-curvo-34-pulgadas-wqhd-3440-x-1440-120-hz-hdmi-usb-c-usb-a-amd-freesync\/"]}]},{"@type":"BreadcrumbList","@id":"https:\/\/compuviper.mx\/tienda\/producto\/dell-210-brmv-monitor-s3425dw-curvo-34-pulgadas-wqhd-3440-x-1440-120-hz-hdmi-usb-c-usb-a-amd-freesync\/#breadcrumb","itemListElement":[{"@type":"ListItem","position":1,"name":"Inicio","item":"https:\/\/compuviper.mx\/tienda\/"},{"@type":"ListItem","position":2,"name":"Productos","item":"https:\/\/compuviper.mx\/tienda\/productos\/"},{"@type":"ListItem","position":3,"name":"Monitores","item":"https:\/\/compuviper.mx\/tienda\/categoria-producto\/monitores\/"},{"@type":"ListItem","position":4,"name":"Led","item":"https:\/\/compuviper.mx\/tienda\/categoria-producto\/monitores\/led\/"},{"@type":"ListItem","position":5,"name":"Dell 210-brmv Monitor S3425dw Curvo | 34 Pulgadas Wqhd 3440 X 1440 | 120 Hz | Hdmi, Usb-c, Usb-a | Amd Freesync |"}]},{"@type":"WebSite","@id":"https:\/\/compuviper.mx\/tienda\/#website","url":"https:\/\/compuviper.mx\/tienda\/","name":"Compuviper","description":"Proveedor de Computadoras, Laptops, Servidores, Monitores, Puntos de Venta, Teclados,   Impresoras, T\u00f3ner, C\u00e1maras de Seguridad y m\u00e1s en tu tienda en l\u00ednea","publisher":{"@id":"https:\/\/compuviper.mx\/tienda\/#organization"},"potentialAction":[{"@type":"SearchAction","target":{"@type":"EntryPoint","urlTemplate":"https:\/\/compuviper.mx\/tienda\/?s={search_term_string}"},"query-input":"required name=search_term_string"}],"inLanguage":"es-MX"},{"@type":"Organization","@id":"https:\/\/compuviper.mx\/tienda\/#organization","name":"Compuviper","url":"https:\/\/compuviper.mx\/tienda\/","logo":{"@type":"ImageObject","inLanguage":"es-MX","@id":"https:\/\/compuviper.mx\/tienda\/#\/schema\/logo\/image\/","url":"https:\/\/compuviper.mx\/tienda\/wp-content\/uploads\/2021\/08\/Logo-Compuviper-10.png","contentUrl":"https:\/\/compuviper.mx\/tienda\/wp-content\/uploads\/2021\/08\/Logo-Compuviper-10.png","width":1000,"height":500,"caption":"Compuviper"},"image":{"@id":"https:\/\/compuviper.mx\/tienda\/#\/schema\/logo\/image\/"},"sameAs":["https:\/\/www.facebook.com\/compuviper","https:\/\/www.youtube.com\/channel\/UCf73dERp9Y3cfOq7q8BhLjA?view_as=subscriber"]}]},"product_brand":"DELL","product_price_amount":"6190","product_price_currency":"MXN","og_availability":"backorder","product_availability":"available for order","product_retailer_item_id":"210-BRMV","product_condition":"new"},"_links":{"self":[{"href":"https:\/\/compuviper.mx\/tienda\/wp-json\/wp\/v2\/product\/263986"}],"collection":[{"href":"https:\/\/compuviper.mx\/tienda\/wp-json\/wp\/v2\/product"}],"about":[{"href":"https:\/\/compuviper.mx\/tienda\/wp-json\/wp\/v2\/types\/product"}],"replies":[{"embeddable":true,"href":"https:\/\/compuviper.mx\/tienda\/wp-json\/wp\/v2\/comments?post=263986"}],"wp:featuredmedia":[{"embeddable":true,"href":"https:\/\/compuviper.mx\/tienda\/wp-json\/wp\/v2\/media\/264061"}],"wp:attachment":[{"href":"https:\/\/compuviper.mx\/tienda\/wp-json\/wp\/v2\/media?parent=263986"}],"wp:term":[{"taxonomy":"product_cat","embeddable":true,"href":"https:\/\/compuviper.mx\/tienda\/wp-json\/wp\/v2\/product_cat?post=263986"},{"taxonomy":"product_tag","embeddable":true,"href":"https:\/\/compuviper.mx\/tienda\/wp-json\/wp\/v2\/product_tag?post=263986"}],"curies":[{"name":"wp","href":"https:\/\/api.w.org\/{rel}","templated":true}]}}