{"id":263981,"date":"2026-04-07T00:29:20","date_gmt":"2026-04-07T06:29:20","guid":{"rendered":"https:\/\/compuviper.mx\/tienda\/producto\/hikvision-ds-ups1000-x-ups-de-1000-va-600-w-proteccin-contra-sobrecarga-y-descarga-entrada-y-salida-120-vca-6-tomas-nema-5-15r-4-con-respaldo-y-2-sin-respaldo\/"},"modified":"2026-04-07T00:29:21","modified_gmt":"2026-04-07T06:29:21","slug":"hikvision-ds-ups1000-x-ups-de-1000-va-600-w-proteccin-contra-sobrecarga-y-descarga-entrada-y-salida-120-vca-6-tomas-nema-5-15r-4-con-respaldo-y-2-sin-respaldo","status":"publish","type":"product","link":"https:\/\/compuviper.mx\/tienda\/producto\/hikvision-ds-ups1000-x-ups-de-1000-va-600-w-proteccin-contra-sobrecarga-y-descarga-entrada-y-salida-120-vca-6-tomas-nema-5-15r-4-con-respaldo-y-2-sin-respaldo\/","title":{"rendered":"Hikvision Ds-ups1000-x Ups De 1000 Va \/ 600 W \/ Protecci?n Contra Sobrecarga Y Descarga \/ Entrada Y Salida 120 Vca \/ 6 Tomas Nema 5-15r (4 Con Respaldo Y 2 Sin Respaldo)"},"content":{"rendered":"<table class=\"descripcion\">\n<tr>\n<td>Par\u00e1metro                                             descripci\u00f3n<\/td>\n<\/tr>\n<tr>\n<td>M\u00e9todo de protecci\u00f3n                             protecci\u00f3n contra sobrecarga, descarga y sobrecarga por carga<\/td>\n<\/tr>\n<tr>\n<td>Temperatura y humedad de operaci\u00f3n     0 \u00b0c a 40 \u00b0c (32 \u00b0f a 104 \u00b0f). humedad 30% a 90% (no condensada)<\/td>\n<\/tr>\n<tr>\n<td>Peso                                                     aprox. 5.4 kg (11.9 lb)<\/td>\n<\/tr>\n<tr>\n<td>Dimensiones                                             274 mm \u00d7 95 mm \u00d7 139 mm (10.79 \u00d7 3.74 \u00d7 5.47)<\/td>\n<\/tr>\n<tr>\n<td>Indicador led<\/td>\n<\/tr>\n<tr>\n<td>                                                                     &#8211; modo ac: verde fijo<\/td>\n<\/tr>\n<tr>\n<td>                                                                     &#8211; modo de carga (dc): rojo fijo<\/td>\n<\/tr>\n<tr>\n<td>                                                                     &#8211; modo de sobrecarga: amarillo intermitente<\/td>\n<\/tr>\n<tr>\n<td>Alarma<\/td>\n<\/tr>\n<tr>\n<td>                                                                    &#8211; modo de carga (dc): suena cada 10 segundos<\/td>\n<\/tr>\n<tr>\n<td>                                                                    &#8211; bater\u00eda baja: suena cada segundo<\/td>\n<\/tr>\n<tr>\n<td>                                                                    &#8211; modo de sobrecarga: suena cada 0.5 segundos<\/td>\n<\/tr>\n<tr>\n<td>                                                                    &#8211; falla: sonido continuo<\/td>\n<\/tr>\n<tr>\n<td>Condiciones de almacenamiento                 -10 \u00b0c a 50 \u00b0c (14 \u00b0f a 122 \u00b0f). humedad 20% a 95% (no condensada)<\/td>\n<\/tr>\n<tr>\n<td>Capacidad                                                   1000 va \/ 600 w<\/td>\n<\/tr>\n<tr>\n<td>Rango de voltaje de entrada (modo ac)          85 vac a 150 vac (\u00b1 5 vac)<\/td>\n<\/tr>\n<tr>\n<td>Rango de frecuencia de entrada                   50\/60 hz<\/td>\n<\/tr>\n<tr>\n<td>Rango de voltaje de salida (modo ac)          102 vac a 132 vac<\/td>\n<\/tr>\n<tr>\n<td>Rango de voltaje de salida (modo bater\u00eda) 110 vac a 125 vac (sin carga)<\/td>\n<\/tr>\n<tr>\n<td>Rango de frecuencia (modo bater\u00eda)          50\/60 hz \u00b1 0.5 hz<\/td>\n<\/tr>\n<tr>\n<td>Tiempo de transferencia                                 dc a ac  and #8804; 10 ms; ac a dc  and #8804; 10 ms<\/td>\n<\/tr>\n<tr>\n<td>Forma de onda (modo bater\u00eda)                 pwm<\/td>\n<\/tr>\n<tr>\n<td>Bater\u00eda                                                        12 v \/ 9 ah \u00d7 1<\/td>\n<\/tr>\n<tr>\n<td>Tiempo t\u00edpico de recarga                        10 a 16 horas<\/td>\n<\/tr>\n<\/table>\n","protected":false},"excerpt":{"rendered":"<p>Par\u00e1metro descripci\u00f3n M\u00e9todo de protecci\u00f3n protecci\u00f3n contra sobrecarga, descarga y sobrecarga por carga Temperatura y humedad de operaci\u00f3n 0 \u00b0c a 40 \u00b0c (32 \u00b0f a 104 \u00b0f). humedad 30% a 90% (no condensada) Peso aprox. 5.4 kg (11.9 lb) Dimensiones 274 mm \u00d7 95 mm \u00d7 139 mm (10.79 \u00d7 3.74 \u00d7 5.47) Indicador [&hellip;]<\/p>\n","protected":false},"featured_media":0,"comment_status":"open","ping_status":"open","template":"","meta":[],"product_cat":[1508,1691],"product_tag":[1595],"acf":[],"yoast_head":"<!-- This site is optimized with the Yoast SEO plugin v21.7 - https:\/\/yoast.com\/wordpress\/plugins\/seo\/ -->\n<title>[ Hikvision ] &#129351; Ds-ups1000-x Ups De 1000 Va \/ 600 W \/ Protecci\u00f3n Contra Sobrecarga Y Descarga \/ Entrada Y Salida 120 Vca \/ 6 Tomas Nema 5-15r (4 Con Respaldo Y 2 Sin Respaldo)<\/title>\n<meta name=\"description\" content=\"Compra Ds-ups1000-x Ups De 1000 Va \/ 600 W \/ Protecci\u00f3n Contra Sobrecarga Y Descarga \/ Entrada Y Salida 120 Vca \/ 6 Tomas Nema 5-15r (4 Con Respaldo Y 2 Sin Respaldo) + Env\u00edo a domicilio + Pago seguro + Garant\u00eda\" \/>\n<meta name=\"robots\" content=\"index, follow, max-snippet:-1, max-image-preview:large, max-video-preview:-1\" \/>\n<link rel=\"canonical\" href=\"https:\/\/compuviper.mx\/tienda\/producto\/hikvision-ds-ups1000-x-ups-de-1000-va-600-w-proteccin-contra-sobrecarga-y-descarga-entrada-y-salida-120-vca-6-tomas-nema-5-15r-4-con-respaldo-y-2-sin-respaldo\/\" \/>\n<meta property=\"og:locale\" content=\"es_MX\" \/>\n<meta property=\"og:type\" content=\"article\" \/>\n<meta property=\"og:title\" content=\"[ Hikvision ] &#129351; Ds-ups1000-x Ups De 1000 Va \/ 600 W \/ Protecci\u00f3n Contra Sobrecarga Y Descarga \/ Entrada Y Salida 120 Vca \/ 6 Tomas Nema 5-15r (4 Con Respaldo Y 2 Sin Respaldo)\" \/>\n<meta property=\"og:description\" content=\"Compra Ds-ups1000-x Ups De 1000 Va \/ 600 W \/ Protecci\u00f3n Contra Sobrecarga Y Descarga \/ Entrada Y Salida 120 Vca \/ 6 Tomas Nema 5-15r (4 Con Respaldo Y 2 Sin Respaldo) + Env\u00edo a domicilio + Pago seguro + Garant\u00eda\" \/>\n<meta property=\"og:url\" content=\"https:\/\/compuviper.mx\/tienda\/producto\/hikvision-ds-ups1000-x-ups-de-1000-va-600-w-proteccin-contra-sobrecarga-y-descarga-entrada-y-salida-120-vca-6-tomas-nema-5-15r-4-con-respaldo-y-2-sin-respaldo\/\" \/>\n<meta property=\"og:site_name\" content=\"Compuviper\" \/>\n<meta property=\"article:publisher\" content=\"https:\/\/www.facebook.com\/compuviper\" \/>\n<meta property=\"article:modified_time\" content=\"2026-04-07T06:29:21+00:00\" \/>\n<meta name=\"twitter:card\" content=\"summary_large_image\" \/>\n<meta name=\"twitter:label1\" content=\"Precio\" \/>\n\t<meta name=\"twitter:data1\" content=\"&#36;1,176 con IVA\" \/>\n\t<meta name=\"twitter:label2\" content=\"Availability\" \/>\n\t<meta name=\"twitter:data2\" content=\"Out of stock\" \/>\n<script type=\"application\/ld+json\" class=\"yoast-schema-graph\">{\"@context\":\"https:\/\/schema.org\",\"@graph\":[{\"@type\":\"WebPage\",\"@id\":\"https:\/\/compuviper.mx\/tienda\/producto\/hikvision-ds-ups1000-x-ups-de-1000-va-600-w-proteccin-contra-sobrecarga-y-descarga-entrada-y-salida-120-vca-6-tomas-nema-5-15r-4-con-respaldo-y-2-sin-respaldo\/\",\"url\":\"https:\/\/compuviper.mx\/tienda\/producto\/hikvision-ds-ups1000-x-ups-de-1000-va-600-w-proteccin-contra-sobrecarga-y-descarga-entrada-y-salida-120-vca-6-tomas-nema-5-15r-4-con-respaldo-y-2-sin-respaldo\/\",\"name\":\"[ Hikvision ] &#129351; Ds-ups1000-x Ups De 1000 Va \/ 600 W \/ Protecci\u00f3n Contra Sobrecarga Y Descarga \/ Entrada Y Salida 120 Vca \/ 6 Tomas Nema 5-15r (4 Con Respaldo Y 2 Sin Respaldo)\",\"isPartOf\":{\"@id\":\"https:\/\/compuviper.mx\/tienda\/#website\"},\"datePublished\":\"2026-04-07T06:29:20+00:00\",\"dateModified\":\"2026-04-07T06:29:21+00:00\",\"description\":\"Compra Ds-ups1000-x Ups De 1000 Va \/ 600 W \/ Protecci\u00f3n Contra Sobrecarga Y Descarga \/ Entrada Y Salida 120 Vca \/ 6 Tomas Nema 5-15r (4 Con Respaldo Y 2 Sin Respaldo) + Env\u00edo a domicilio + Pago seguro + Garant\u00eda\",\"breadcrumb\":{\"@id\":\"https:\/\/compuviper.mx\/tienda\/producto\/hikvision-ds-ups1000-x-ups-de-1000-va-600-w-proteccin-contra-sobrecarga-y-descarga-entrada-y-salida-120-vca-6-tomas-nema-5-15r-4-con-respaldo-y-2-sin-respaldo\/#breadcrumb\"},\"inLanguage\":\"es-MX\",\"potentialAction\":[{\"@type\":\"ReadAction\",\"target\":[\"https:\/\/compuviper.mx\/tienda\/producto\/hikvision-ds-ups1000-x-ups-de-1000-va-600-w-proteccin-contra-sobrecarga-y-descarga-entrada-y-salida-120-vca-6-tomas-nema-5-15r-4-con-respaldo-y-2-sin-respaldo\/\"]}]},{\"@type\":\"BreadcrumbList\",\"@id\":\"https:\/\/compuviper.mx\/tienda\/producto\/hikvision-ds-ups1000-x-ups-de-1000-va-600-w-proteccin-contra-sobrecarga-y-descarga-entrada-y-salida-120-vca-6-tomas-nema-5-15r-4-con-respaldo-y-2-sin-respaldo\/#breadcrumb\",\"itemListElement\":[{\"@type\":\"ListItem\",\"position\":1,\"name\":\"Inicio\",\"item\":\"https:\/\/compuviper.mx\/tienda\/\"},{\"@type\":\"ListItem\",\"position\":2,\"name\":\"Productos\",\"item\":\"https:\/\/compuviper.mx\/tienda\/productos\/\"},{\"@type\":\"ListItem\",\"position\":3,\"name\":\"Energia\",\"item\":\"https:\/\/compuviper.mx\/tienda\/categoria-producto\/energia\/\"},{\"@type\":\"ListItem\",\"position\":4,\"name\":\"No Break\",\"item\":\"https:\/\/compuviper.mx\/tienda\/categoria-producto\/energia\/no-break\/\"},{\"@type\":\"ListItem\",\"position\":5,\"name\":\"Hikvision Ds-ups1000-x Ups De 1000 Va \/ 600 W \/ Protecci?n Contra Sobrecarga Y Descarga \/ Entrada Y Salida 120 Vca \/ 6 Tomas Nema 5-15r (4 Con Respaldo Y 2 Sin Respaldo)\"}]},{\"@type\":\"WebSite\",\"@id\":\"https:\/\/compuviper.mx\/tienda\/#website\",\"url\":\"https:\/\/compuviper.mx\/tienda\/\",\"name\":\"Compuviper\",\"description\":\"Proveedor de Computadoras, Laptops, Servidores, Monitores, Puntos de Venta, Teclados,   Impresoras, T\u00f3ner, C\u00e1maras de Seguridad y m\u00e1s en tu tienda en l\u00ednea\",\"publisher\":{\"@id\":\"https:\/\/compuviper.mx\/tienda\/#organization\"},\"potentialAction\":[{\"@type\":\"SearchAction\",\"target\":{\"@type\":\"EntryPoint\",\"urlTemplate\":\"https:\/\/compuviper.mx\/tienda\/?s={search_term_string}\"},\"query-input\":\"required name=search_term_string\"}],\"inLanguage\":\"es-MX\"},{\"@type\":\"Organization\",\"@id\":\"https:\/\/compuviper.mx\/tienda\/#organization\",\"name\":\"Compuviper\",\"url\":\"https:\/\/compuviper.mx\/tienda\/\",\"logo\":{\"@type\":\"ImageObject\",\"inLanguage\":\"es-MX\",\"@id\":\"https:\/\/compuviper.mx\/tienda\/#\/schema\/logo\/image\/\",\"url\":\"https:\/\/compuviper.mx\/tienda\/wp-content\/uploads\/2021\/08\/Logo-Compuviper-10.png\",\"contentUrl\":\"https:\/\/compuviper.mx\/tienda\/wp-content\/uploads\/2021\/08\/Logo-Compuviper-10.png\",\"width\":1000,\"height\":500,\"caption\":\"Compuviper\"},\"image\":{\"@id\":\"https:\/\/compuviper.mx\/tienda\/#\/schema\/logo\/image\/\"},\"sameAs\":[\"https:\/\/www.facebook.com\/compuviper\",\"https:\/\/www.youtube.com\/channel\/UCf73dERp9Y3cfOq7q8BhLjA?view_as=subscriber\"]}]}<\/script>\n<meta property=\"product:brand\" content=\"HIKVISION\" \/>\n<meta property=\"product:price:amount\" content=\"1176\" \/>\n<meta property=\"product:price:currency\" content=\"MXN\" \/>\n<meta property=\"og:availability\" content=\"out of stock\" \/>\n<meta property=\"product:availability\" content=\"out of stock\" \/>\n<meta property=\"product:retailer_item_id\" content=\"DS-UPS1000-X\" \/>\n<meta property=\"product:condition\" content=\"new\" \/>\n<!-- \/ Yoast SEO plugin. -->","yoast_head_json":{"title":"[ Hikvision ] &#129351; Ds-ups1000-x Ups De 1000 Va \/ 600 W \/ Protecci\u00f3n Contra Sobrecarga Y Descarga \/ Entrada Y Salida 120 Vca \/ 6 Tomas Nema 5-15r (4 Con Respaldo Y 2 Sin Respaldo)","description":"Compra Ds-ups1000-x Ups De 1000 Va \/ 600 W \/ Protecci\u00f3n Contra Sobrecarga Y Descarga \/ Entrada Y Salida 120 Vca \/ 6 Tomas Nema 5-15r (4 Con Respaldo Y 2 Sin Respaldo) + Env\u00edo a domicilio + Pago seguro + Garant\u00eda","robots":{"index":"index","follow":"follow","max-snippet":"max-snippet:-1","max-image-preview":"max-image-preview:large","max-video-preview":"max-video-preview:-1"},"canonical":"https:\/\/compuviper.mx\/tienda\/producto\/hikvision-ds-ups1000-x-ups-de-1000-va-600-w-proteccin-contra-sobrecarga-y-descarga-entrada-y-salida-120-vca-6-tomas-nema-5-15r-4-con-respaldo-y-2-sin-respaldo\/","og_locale":"es_MX","og_type":"article","og_title":"[ Hikvision ] &#129351; Ds-ups1000-x Ups De 1000 Va \/ 600 W \/ Protecci\u00f3n Contra Sobrecarga Y Descarga \/ Entrada Y Salida 120 Vca \/ 6 Tomas Nema 5-15r (4 Con Respaldo Y 2 Sin Respaldo)","og_description":"Compra Ds-ups1000-x Ups De 1000 Va \/ 600 W \/ Protecci\u00f3n Contra Sobrecarga Y Descarga \/ Entrada Y Salida 120 Vca \/ 6 Tomas Nema 5-15r (4 Con Respaldo Y 2 Sin Respaldo) + Env\u00edo a domicilio + Pago seguro + Garant\u00eda","og_url":"https:\/\/compuviper.mx\/tienda\/producto\/hikvision-ds-ups1000-x-ups-de-1000-va-600-w-proteccin-contra-sobrecarga-y-descarga-entrada-y-salida-120-vca-6-tomas-nema-5-15r-4-con-respaldo-y-2-sin-respaldo\/","og_site_name":"Compuviper","article_publisher":"https:\/\/www.facebook.com\/compuviper","article_modified_time":"2026-04-07T06:29:21+00:00","twitter_card":"summary_large_image","twitter_misc":{"Precio":"&#36;1,176 con IVA","Availability":"Out of stock"},"schema":{"@context":"https:\/\/schema.org","@graph":[{"@type":"WebPage","@id":"https:\/\/compuviper.mx\/tienda\/producto\/hikvision-ds-ups1000-x-ups-de-1000-va-600-w-proteccin-contra-sobrecarga-y-descarga-entrada-y-salida-120-vca-6-tomas-nema-5-15r-4-con-respaldo-y-2-sin-respaldo\/","url":"https:\/\/compuviper.mx\/tienda\/producto\/hikvision-ds-ups1000-x-ups-de-1000-va-600-w-proteccin-contra-sobrecarga-y-descarga-entrada-y-salida-120-vca-6-tomas-nema-5-15r-4-con-respaldo-y-2-sin-respaldo\/","name":"[ Hikvision ] &#129351; Ds-ups1000-x Ups De 1000 Va \/ 600 W \/ Protecci\u00f3n Contra Sobrecarga Y Descarga \/ Entrada Y Salida 120 Vca \/ 6 Tomas Nema 5-15r (4 Con Respaldo Y 2 Sin Respaldo)","isPartOf":{"@id":"https:\/\/compuviper.mx\/tienda\/#website"},"datePublished":"2026-04-07T06:29:20+00:00","dateModified":"2026-04-07T06:29:21+00:00","description":"Compra Ds-ups1000-x Ups De 1000 Va \/ 600 W \/ Protecci\u00f3n Contra Sobrecarga Y Descarga \/ Entrada Y Salida 120 Vca \/ 6 Tomas Nema 5-15r (4 Con Respaldo Y 2 Sin Respaldo) + Env\u00edo a domicilio + Pago seguro + Garant\u00eda","breadcrumb":{"@id":"https:\/\/compuviper.mx\/tienda\/producto\/hikvision-ds-ups1000-x-ups-de-1000-va-600-w-proteccin-contra-sobrecarga-y-descarga-entrada-y-salida-120-vca-6-tomas-nema-5-15r-4-con-respaldo-y-2-sin-respaldo\/#breadcrumb"},"inLanguage":"es-MX","potentialAction":[{"@type":"ReadAction","target":["https:\/\/compuviper.mx\/tienda\/producto\/hikvision-ds-ups1000-x-ups-de-1000-va-600-w-proteccin-contra-sobrecarga-y-descarga-entrada-y-salida-120-vca-6-tomas-nema-5-15r-4-con-respaldo-y-2-sin-respaldo\/"]}]},{"@type":"BreadcrumbList","@id":"https:\/\/compuviper.mx\/tienda\/producto\/hikvision-ds-ups1000-x-ups-de-1000-va-600-w-proteccin-contra-sobrecarga-y-descarga-entrada-y-salida-120-vca-6-tomas-nema-5-15r-4-con-respaldo-y-2-sin-respaldo\/#breadcrumb","itemListElement":[{"@type":"ListItem","position":1,"name":"Inicio","item":"https:\/\/compuviper.mx\/tienda\/"},{"@type":"ListItem","position":2,"name":"Productos","item":"https:\/\/compuviper.mx\/tienda\/productos\/"},{"@type":"ListItem","position":3,"name":"Energia","item":"https:\/\/compuviper.mx\/tienda\/categoria-producto\/energia\/"},{"@type":"ListItem","position":4,"name":"No Break","item":"https:\/\/compuviper.mx\/tienda\/categoria-producto\/energia\/no-break\/"},{"@type":"ListItem","position":5,"name":"Hikvision Ds-ups1000-x Ups De 1000 Va \/ 600 W \/ Protecci?n Contra Sobrecarga Y Descarga \/ Entrada Y Salida 120 Vca \/ 6 Tomas Nema 5-15r (4 Con Respaldo Y 2 Sin Respaldo)"}]},{"@type":"WebSite","@id":"https:\/\/compuviper.mx\/tienda\/#website","url":"https:\/\/compuviper.mx\/tienda\/","name":"Compuviper","description":"Proveedor de Computadoras, Laptops, Servidores, Monitores, Puntos de Venta, Teclados,   Impresoras, T\u00f3ner, C\u00e1maras de Seguridad y m\u00e1s en tu tienda en l\u00ednea","publisher":{"@id":"https:\/\/compuviper.mx\/tienda\/#organization"},"potentialAction":[{"@type":"SearchAction","target":{"@type":"EntryPoint","urlTemplate":"https:\/\/compuviper.mx\/tienda\/?s={search_term_string}"},"query-input":"required name=search_term_string"}],"inLanguage":"es-MX"},{"@type":"Organization","@id":"https:\/\/compuviper.mx\/tienda\/#organization","name":"Compuviper","url":"https:\/\/compuviper.mx\/tienda\/","logo":{"@type":"ImageObject","inLanguage":"es-MX","@id":"https:\/\/compuviper.mx\/tienda\/#\/schema\/logo\/image\/","url":"https:\/\/compuviper.mx\/tienda\/wp-content\/uploads\/2021\/08\/Logo-Compuviper-10.png","contentUrl":"https:\/\/compuviper.mx\/tienda\/wp-content\/uploads\/2021\/08\/Logo-Compuviper-10.png","width":1000,"height":500,"caption":"Compuviper"},"image":{"@id":"https:\/\/compuviper.mx\/tienda\/#\/schema\/logo\/image\/"},"sameAs":["https:\/\/www.facebook.com\/compuviper","https:\/\/www.youtube.com\/channel\/UCf73dERp9Y3cfOq7q8BhLjA?view_as=subscriber"]}]},"product_brand":"HIKVISION","product_price_amount":"1176","product_price_currency":"MXN","og_availability":"out of stock","product_availability":"out of stock","product_retailer_item_id":"DS-UPS1000-X","product_condition":"new"},"_links":{"self":[{"href":"https:\/\/compuviper.mx\/tienda\/wp-json\/wp\/v2\/product\/263981"}],"collection":[{"href":"https:\/\/compuviper.mx\/tienda\/wp-json\/wp\/v2\/product"}],"about":[{"href":"https:\/\/compuviper.mx\/tienda\/wp-json\/wp\/v2\/types\/product"}],"replies":[{"embeddable":true,"href":"https:\/\/compuviper.mx\/tienda\/wp-json\/wp\/v2\/comments?post=263981"}],"wp:attachment":[{"href":"https:\/\/compuviper.mx\/tienda\/wp-json\/wp\/v2\/media?parent=263981"}],"wp:term":[{"taxonomy":"product_cat","embeddable":true,"href":"https:\/\/compuviper.mx\/tienda\/wp-json\/wp\/v2\/product_cat?post=263981"},{"taxonomy":"product_tag","embeddable":true,"href":"https:\/\/compuviper.mx\/tienda\/wp-json\/wp\/v2\/product_tag?post=263981"}],"curies":[{"name":"wp","href":"https:\/\/api.w.org\/{rel}","templated":true}]}}