{"id":263980,"date":"2026-04-23T00:18:43","date_gmt":"2026-04-23T06:18:43","guid":{"rendered":"https:\/\/compuviper.mx\/tienda\/producto\/dahua-dh-ipc-hfw2841t-zs-camara-ip-bullet-de-8-mp-motorizado-ir-de-60-mts-113-h-265-smd-proteccion-perimetral-ranura-para-microsd-wdr-3d-nr-hlc-blc-ip67\/"},"modified":"2026-04-23T00:18:43","modified_gmt":"2026-04-23T06:18:43","slug":"dahua-dh-ipc-hfw2841t-zs-camara-ip-bullet-de-8-mp-motorizado-ir-de-60-mts-113-h-265-smd-proteccion-perimetral-ranura-para-microsd-wdr-3d-nr-hlc-blc-ip67","status":"publish","type":"product","link":"https:\/\/compuviper.mx\/tienda\/producto\/dahua-dh-ipc-hfw2841t-zs-camara-ip-bullet-de-8-mp-motorizado-ir-de-60-mts-113-h-265-smd-proteccion-perimetral-ranura-para-microsd-wdr-3d-nr-hlc-blc-ip67\/","title":{"rendered":"Dahua Dh-ipc-hfw2841t-zs Camara Ip\/ \/  Bullet De 8 Mp\/ Motorizado\/ Ir De 60 Mts\/ 113?\/ H.265+\/ Smd+\/ Proteccion Perimetral\/ Ranura Para Microsd\/ Wdr\/ 3d Nr\/ Hlc\/ Blc \/ Ip67"},"content":{"rendered":"<table class=\"descripcion\">\n<tr>\n<td>Especificaciones tecnicas<\/td>\n<\/tr>\n<tr>\n<td>\u0095fuente de alimentacion: 12 vcc\/poe 802.3af<\/td>\n<\/tr>\n<tr>\n<td>\u0095consumo de energia: basico 2,7 w 12 vcc; 3,6 w poe<\/td>\n<\/tr>\n<tr>\n<td>\u0095temperatura de funcionamiento: \u0096 30 \u00b0c a 60 \u00b0c<\/td>\n<\/tr>\n<tr>\n<td>\u0095humedad de funcionamiento:  and 8804;95<\/td>\n<\/tr>\n<tr>\n<td>\u0095material de la carcasa: metal<\/td>\n<\/tr>\n<tr>\n<td>\u0095dimensiones del producto: 238,5 mm  90,7 mm  90,7 mm<\/td>\n<\/tr>\n<tr>\n<td>\u0095peso neto: 0,74 kg<\/td>\n<\/tr>\n<tr>\n<td>\u0095peso bruto: : 0,98 kg<\/td>\n<\/tr>\n<tr>\n<td>Incluye<\/td>\n<\/tr>\n<tr>\n<td>\u0095x1 camara dh-ipc-hfw2841t-zs<\/td>\n<\/tr>\n<tr>\n<td>\u0095x1 manual de usuario<\/td>\n<\/tr>\n<tr>\n<td>\u0095x1 poliza de garantia<\/td>\n<\/tr>\n<\/table>\n","protected":false},"excerpt":{"rendered":"<p>Informacion general. La dahua dh-ipc-hfw2841t-zs es una camara bullet ip con resolucion 8 mp y lente motorizado para un ajuste optico preciso. Su vision nocturna ir de 60 metros y un amplio angulo de 113\u00b0 garantizan cobertura total. Equipada con funciones avanzadas como smd, proteccion perimetral y wdr, mejora la deteccion y captura de detalles incluso en condiciones desafiantes. La tecnologia h.265 optimiza el almacenamiento sin sacrificar calidad. Soporta ranura para microsd y cuenta con clasificacion ip67, ideal para ambientes exteriores adversos. Perfecta para quienes buscan seguridad de alta precision y durabilidad. Caracteristicas principales. \u0095sensor de imagen: cmos de 8 mp 1\/2,7, baja luminosidad e imagen de alta definicion. \u0095salidas max.: 8 mp 3840  2160 a 20 fps y admite 2688  1520 2688  1520 a 25\/30 fps. \u0095codec: h.265, alta tasa de compresion, tasa de bits ultrabaja. \u0095iluminacion: led ir incorporado y max. La distancia de iluminacion es de 60 m. \u0095funciones: roi, smart h.264\/h.265, codificacion flexible, aplicable a diversos entornos de ancho de banda y almacenamiento. Modo de rotacion, wdr, 3d nr, hlc, blc, marca de agua digital, aplicable a varias escenas de monitoreo. \u0095monitoreo inteligente: intrusion, cable trampa las dos funciones apoyan la clasificacion y deteccion precisa de vehiculos y humanos. \u0095deteccion de anomalias: deteccion de movimiento, manipulacion de video, deteccion de audio, falta de tarjeta sd, tarjeta sd llena, error de tarjeta sd, desconexion de red, conflicto de ip, acceso ilegal y deteccion de voltaje. \u0095almacenamiento: soporta max. Tarjeta micro sd de 256g; microfono integrado. \u0095proteccion: ip67, ik10 opcional. \u0095tecnologia: smd plus.<\/p>\n","protected":false},"featured_media":0,"comment_status":"open","ping_status":"open","template":"","meta":[],"product_cat":[1608,1681],"product_tag":[1555],"acf":[],"yoast_head":"<!-- This site is optimized with the Yoast SEO plugin v21.7 - https:\/\/yoast.com\/wordpress\/plugins\/seo\/ -->\n<title>[ Dahua ] &#129351; Dh-ipc-hfw2841t-zs Camara Ip\/ \/ Bullet De 8 Mp\/ Motorizado\/ Ir De 60 Mts\/ 113\u00b0\/ H.265+\/ Smd+\/ Proteccion Perimetral\/ Ranura Para Microsd\/ Wdr\/ 3d Nr\/ Hlc\/ Blc \/ Ip67<\/title>\n<meta name=\"description\" content=\"Compra Dh-ipc-hfw2841t-zs Camara Ip\/ \/ Bullet De 8 Mp\/ Motorizado\/ Ir De 60 Mts\/ 113\u00b0\/ H.265+\/ Smd+\/ Proteccion Perimetral\/ Ranura Para Microsd\/ Wdr\/ 3d Nr\/ Hlc\/ Blc \/ Ip67 + Env\u00edo a domicilio + Pago seguro + Garant\u00eda\" \/>\n<meta name=\"robots\" content=\"index, follow, max-snippet:-1, max-image-preview:large, max-video-preview:-1\" \/>\n<link rel=\"canonical\" href=\"https:\/\/compuviper.mx\/tienda\/producto\/dahua-dh-ipc-hfw2841t-zs-camara-ip-bullet-de-8-mp-motorizado-ir-de-60-mts-113-h-265-smd-proteccion-perimetral-ranura-para-microsd-wdr-3d-nr-hlc-blc-ip67\/\" \/>\n<meta property=\"og:locale\" content=\"es_MX\" \/>\n<meta property=\"og:type\" content=\"article\" \/>\n<meta property=\"og:title\" content=\"[ Dahua ] &#129351; Dh-ipc-hfw2841t-zs Camara Ip\/ \/ Bullet De 8 Mp\/ Motorizado\/ Ir De 60 Mts\/ 113\u00b0\/ H.265+\/ Smd+\/ Proteccion Perimetral\/ Ranura Para Microsd\/ Wdr\/ 3d Nr\/ Hlc\/ Blc \/ Ip67\" \/>\n<meta property=\"og:description\" content=\"Compra Dh-ipc-hfw2841t-zs Camara Ip\/ \/ Bullet De 8 Mp\/ Motorizado\/ Ir De 60 Mts\/ 113\u00b0\/ H.265+\/ Smd+\/ Proteccion Perimetral\/ Ranura Para Microsd\/ Wdr\/ 3d Nr\/ Hlc\/ Blc \/ Ip67 + Env\u00edo a domicilio + Pago seguro + Garant\u00eda\" \/>\n<meta property=\"og:url\" content=\"https:\/\/compuviper.mx\/tienda\/producto\/dahua-dh-ipc-hfw2841t-zs-camara-ip-bullet-de-8-mp-motorizado-ir-de-60-mts-113-h-265-smd-proteccion-perimetral-ranura-para-microsd-wdr-3d-nr-hlc-blc-ip67\/\" \/>\n<meta property=\"og:site_name\" content=\"Compuviper\" \/>\n<meta property=\"article:publisher\" content=\"https:\/\/www.facebook.com\/compuviper\" \/>\n<meta name=\"twitter:card\" content=\"summary_large_image\" \/>\n<meta name=\"twitter:label1\" content=\"Precio\" \/>\n\t<meta name=\"twitter:data1\" content=\"&#36;2,774 con IVA\" \/>\n\t<meta name=\"twitter:label2\" content=\"Availability\" \/>\n\t<meta name=\"twitter:data2\" content=\"On backorder\" \/>\n<script type=\"application\/ld+json\" class=\"yoast-schema-graph\">{\"@context\":\"https:\/\/schema.org\",\"@graph\":[{\"@type\":\"WebPage\",\"@id\":\"https:\/\/compuviper.mx\/tienda\/producto\/dahua-dh-ipc-hfw2841t-zs-camara-ip-bullet-de-8-mp-motorizado-ir-de-60-mts-113-h-265-smd-proteccion-perimetral-ranura-para-microsd-wdr-3d-nr-hlc-blc-ip67\/\",\"url\":\"https:\/\/compuviper.mx\/tienda\/producto\/dahua-dh-ipc-hfw2841t-zs-camara-ip-bullet-de-8-mp-motorizado-ir-de-60-mts-113-h-265-smd-proteccion-perimetral-ranura-para-microsd-wdr-3d-nr-hlc-blc-ip67\/\",\"name\":\"[ Dahua ] &#129351; Dh-ipc-hfw2841t-zs Camara Ip\/ \/ Bullet De 8 Mp\/ Motorizado\/ Ir De 60 Mts\/ 113\u00b0\/ H.265+\/ Smd+\/ Proteccion Perimetral\/ Ranura Para Microsd\/ Wdr\/ 3d Nr\/ Hlc\/ Blc \/ Ip67\",\"isPartOf\":{\"@id\":\"https:\/\/compuviper.mx\/tienda\/#website\"},\"datePublished\":\"2026-04-23T06:18:43+00:00\",\"dateModified\":\"2026-04-23T06:18:43+00:00\",\"description\":\"Compra Dh-ipc-hfw2841t-zs Camara Ip\/ \/ Bullet De 8 Mp\/ Motorizado\/ Ir De 60 Mts\/ 113\u00b0\/ H.265+\/ Smd+\/ Proteccion Perimetral\/ Ranura Para Microsd\/ Wdr\/ 3d Nr\/ Hlc\/ Blc \/ Ip67 + Env\u00edo a domicilio + Pago seguro + Garant\u00eda\",\"breadcrumb\":{\"@id\":\"https:\/\/compuviper.mx\/tienda\/producto\/dahua-dh-ipc-hfw2841t-zs-camara-ip-bullet-de-8-mp-motorizado-ir-de-60-mts-113-h-265-smd-proteccion-perimetral-ranura-para-microsd-wdr-3d-nr-hlc-blc-ip67\/#breadcrumb\"},\"inLanguage\":\"es-MX\",\"potentialAction\":[{\"@type\":\"ReadAction\",\"target\":[\"https:\/\/compuviper.mx\/tienda\/producto\/dahua-dh-ipc-hfw2841t-zs-camara-ip-bullet-de-8-mp-motorizado-ir-de-60-mts-113-h-265-smd-proteccion-perimetral-ranura-para-microsd-wdr-3d-nr-hlc-blc-ip67\/\"]}]},{\"@type\":\"BreadcrumbList\",\"@id\":\"https:\/\/compuviper.mx\/tienda\/producto\/dahua-dh-ipc-hfw2841t-zs-camara-ip-bullet-de-8-mp-motorizado-ir-de-60-mts-113-h-265-smd-proteccion-perimetral-ranura-para-microsd-wdr-3d-nr-hlc-blc-ip67\/#breadcrumb\",\"itemListElement\":[{\"@type\":\"ListItem\",\"position\":1,\"name\":\"Inicio\",\"item\":\"https:\/\/compuviper.mx\/tienda\/\"},{\"@type\":\"ListItem\",\"position\":2,\"name\":\"Productos\",\"item\":\"https:\/\/compuviper.mx\/tienda\/productos\/\"},{\"@type\":\"ListItem\",\"position\":3,\"name\":\"Camaras\",\"item\":\"https:\/\/compuviper.mx\/tienda\/categoria-producto\/camaras-2\/\"},{\"@type\":\"ListItem\",\"position\":4,\"name\":\"Camara De Videovigilancia\",\"item\":\"https:\/\/compuviper.mx\/tienda\/categoria-producto\/camaras-2\/camara-de-videovigilancia\/\"},{\"@type\":\"ListItem\",\"position\":5,\"name\":\"Dahua Dh-ipc-hfw2841t-zs Camara Ip\/ \/ Bullet De 8 Mp\/ Motorizado\/ Ir De 60 Mts\/ 113?\/ H.265+\/ Smd+\/ Proteccion Perimetral\/ Ranura Para Microsd\/ Wdr\/ 3d Nr\/ Hlc\/ Blc \/ Ip67\"}]},{\"@type\":\"WebSite\",\"@id\":\"https:\/\/compuviper.mx\/tienda\/#website\",\"url\":\"https:\/\/compuviper.mx\/tienda\/\",\"name\":\"Compuviper\",\"description\":\"Proveedor de Computadoras, Laptops, Servidores, Monitores, Puntos de Venta, Teclados,   Impresoras, T\u00f3ner, C\u00e1maras de Seguridad y m\u00e1s en tu tienda en l\u00ednea\",\"publisher\":{\"@id\":\"https:\/\/compuviper.mx\/tienda\/#organization\"},\"potentialAction\":[{\"@type\":\"SearchAction\",\"target\":{\"@type\":\"EntryPoint\",\"urlTemplate\":\"https:\/\/compuviper.mx\/tienda\/?s={search_term_string}\"},\"query-input\":\"required name=search_term_string\"}],\"inLanguage\":\"es-MX\"},{\"@type\":\"Organization\",\"@id\":\"https:\/\/compuviper.mx\/tienda\/#organization\",\"name\":\"Compuviper\",\"url\":\"https:\/\/compuviper.mx\/tienda\/\",\"logo\":{\"@type\":\"ImageObject\",\"inLanguage\":\"es-MX\",\"@id\":\"https:\/\/compuviper.mx\/tienda\/#\/schema\/logo\/image\/\",\"url\":\"https:\/\/compuviper.mx\/tienda\/wp-content\/uploads\/2021\/08\/Logo-Compuviper-10.png\",\"contentUrl\":\"https:\/\/compuviper.mx\/tienda\/wp-content\/uploads\/2021\/08\/Logo-Compuviper-10.png\",\"width\":1000,\"height\":500,\"caption\":\"Compuviper\"},\"image\":{\"@id\":\"https:\/\/compuviper.mx\/tienda\/#\/schema\/logo\/image\/\"},\"sameAs\":[\"https:\/\/www.facebook.com\/compuviper\",\"https:\/\/www.youtube.com\/channel\/UCf73dERp9Y3cfOq7q8BhLjA?view_as=subscriber\"]}]}<\/script>\n<meta property=\"product:brand\" content=\"DAHUA\" \/>\n<meta property=\"product:price:amount\" content=\"2774\" \/>\n<meta property=\"product:price:currency\" content=\"MXN\" \/>\n<meta property=\"og:availability\" content=\"backorder\" \/>\n<meta property=\"product:availability\" content=\"available for order\" \/>\n<meta property=\"product:retailer_item_id\" content=\"DH-IPC-HFW2841T-ZS\" \/>\n<meta property=\"product:condition\" content=\"new\" \/>\n<!-- \/ Yoast SEO plugin. -->","yoast_head_json":{"title":"[ Dahua ] &#129351; Dh-ipc-hfw2841t-zs Camara Ip\/ \/ Bullet De 8 Mp\/ Motorizado\/ Ir De 60 Mts\/ 113\u00b0\/ H.265+\/ Smd+\/ Proteccion Perimetral\/ Ranura Para Microsd\/ Wdr\/ 3d Nr\/ Hlc\/ Blc \/ Ip67","description":"Compra Dh-ipc-hfw2841t-zs Camara Ip\/ \/ Bullet De 8 Mp\/ Motorizado\/ Ir De 60 Mts\/ 113\u00b0\/ H.265+\/ Smd+\/ Proteccion Perimetral\/ Ranura Para Microsd\/ Wdr\/ 3d Nr\/ Hlc\/ Blc \/ Ip67 + Env\u00edo a domicilio + Pago seguro + Garant\u00eda","robots":{"index":"index","follow":"follow","max-snippet":"max-snippet:-1","max-image-preview":"max-image-preview:large","max-video-preview":"max-video-preview:-1"},"canonical":"https:\/\/compuviper.mx\/tienda\/producto\/dahua-dh-ipc-hfw2841t-zs-camara-ip-bullet-de-8-mp-motorizado-ir-de-60-mts-113-h-265-smd-proteccion-perimetral-ranura-para-microsd-wdr-3d-nr-hlc-blc-ip67\/","og_locale":"es_MX","og_type":"article","og_title":"[ Dahua ] &#129351; Dh-ipc-hfw2841t-zs Camara Ip\/ \/ Bullet De 8 Mp\/ Motorizado\/ Ir De 60 Mts\/ 113\u00b0\/ H.265+\/ Smd+\/ Proteccion Perimetral\/ Ranura Para Microsd\/ Wdr\/ 3d Nr\/ Hlc\/ Blc \/ Ip67","og_description":"Compra Dh-ipc-hfw2841t-zs Camara Ip\/ \/ Bullet De 8 Mp\/ Motorizado\/ Ir De 60 Mts\/ 113\u00b0\/ H.265+\/ Smd+\/ Proteccion Perimetral\/ Ranura Para Microsd\/ Wdr\/ 3d Nr\/ Hlc\/ Blc \/ Ip67 + Env\u00edo a domicilio + Pago seguro + Garant\u00eda","og_url":"https:\/\/compuviper.mx\/tienda\/producto\/dahua-dh-ipc-hfw2841t-zs-camara-ip-bullet-de-8-mp-motorizado-ir-de-60-mts-113-h-265-smd-proteccion-perimetral-ranura-para-microsd-wdr-3d-nr-hlc-blc-ip67\/","og_site_name":"Compuviper","article_publisher":"https:\/\/www.facebook.com\/compuviper","twitter_card":"summary_large_image","twitter_misc":{"Precio":"&#36;2,774 con IVA","Availability":"On backorder"},"schema":{"@context":"https:\/\/schema.org","@graph":[{"@type":"WebPage","@id":"https:\/\/compuviper.mx\/tienda\/producto\/dahua-dh-ipc-hfw2841t-zs-camara-ip-bullet-de-8-mp-motorizado-ir-de-60-mts-113-h-265-smd-proteccion-perimetral-ranura-para-microsd-wdr-3d-nr-hlc-blc-ip67\/","url":"https:\/\/compuviper.mx\/tienda\/producto\/dahua-dh-ipc-hfw2841t-zs-camara-ip-bullet-de-8-mp-motorizado-ir-de-60-mts-113-h-265-smd-proteccion-perimetral-ranura-para-microsd-wdr-3d-nr-hlc-blc-ip67\/","name":"[ Dahua ] &#129351; Dh-ipc-hfw2841t-zs Camara Ip\/ \/ Bullet De 8 Mp\/ Motorizado\/ Ir De 60 Mts\/ 113\u00b0\/ H.265+\/ Smd+\/ Proteccion Perimetral\/ Ranura Para Microsd\/ Wdr\/ 3d Nr\/ Hlc\/ Blc \/ Ip67","isPartOf":{"@id":"https:\/\/compuviper.mx\/tienda\/#website"},"datePublished":"2026-04-23T06:18:43+00:00","dateModified":"2026-04-23T06:18:43+00:00","description":"Compra Dh-ipc-hfw2841t-zs Camara Ip\/ \/ Bullet De 8 Mp\/ Motorizado\/ Ir De 60 Mts\/ 113\u00b0\/ H.265+\/ Smd+\/ Proteccion Perimetral\/ Ranura Para Microsd\/ Wdr\/ 3d Nr\/ Hlc\/ Blc \/ Ip67 + Env\u00edo a domicilio + Pago seguro + Garant\u00eda","breadcrumb":{"@id":"https:\/\/compuviper.mx\/tienda\/producto\/dahua-dh-ipc-hfw2841t-zs-camara-ip-bullet-de-8-mp-motorizado-ir-de-60-mts-113-h-265-smd-proteccion-perimetral-ranura-para-microsd-wdr-3d-nr-hlc-blc-ip67\/#breadcrumb"},"inLanguage":"es-MX","potentialAction":[{"@type":"ReadAction","target":["https:\/\/compuviper.mx\/tienda\/producto\/dahua-dh-ipc-hfw2841t-zs-camara-ip-bullet-de-8-mp-motorizado-ir-de-60-mts-113-h-265-smd-proteccion-perimetral-ranura-para-microsd-wdr-3d-nr-hlc-blc-ip67\/"]}]},{"@type":"BreadcrumbList","@id":"https:\/\/compuviper.mx\/tienda\/producto\/dahua-dh-ipc-hfw2841t-zs-camara-ip-bullet-de-8-mp-motorizado-ir-de-60-mts-113-h-265-smd-proteccion-perimetral-ranura-para-microsd-wdr-3d-nr-hlc-blc-ip67\/#breadcrumb","itemListElement":[{"@type":"ListItem","position":1,"name":"Inicio","item":"https:\/\/compuviper.mx\/tienda\/"},{"@type":"ListItem","position":2,"name":"Productos","item":"https:\/\/compuviper.mx\/tienda\/productos\/"},{"@type":"ListItem","position":3,"name":"Camaras","item":"https:\/\/compuviper.mx\/tienda\/categoria-producto\/camaras-2\/"},{"@type":"ListItem","position":4,"name":"Camara De Videovigilancia","item":"https:\/\/compuviper.mx\/tienda\/categoria-producto\/camaras-2\/camara-de-videovigilancia\/"},{"@type":"ListItem","position":5,"name":"Dahua Dh-ipc-hfw2841t-zs Camara Ip\/ \/ Bullet De 8 Mp\/ Motorizado\/ Ir De 60 Mts\/ 113?\/ H.265+\/ Smd+\/ Proteccion Perimetral\/ Ranura Para Microsd\/ Wdr\/ 3d Nr\/ Hlc\/ Blc \/ Ip67"}]},{"@type":"WebSite","@id":"https:\/\/compuviper.mx\/tienda\/#website","url":"https:\/\/compuviper.mx\/tienda\/","name":"Compuviper","description":"Proveedor de Computadoras, Laptops, Servidores, Monitores, Puntos de Venta, Teclados,   Impresoras, T\u00f3ner, C\u00e1maras de Seguridad y m\u00e1s en tu tienda en l\u00ednea","publisher":{"@id":"https:\/\/compuviper.mx\/tienda\/#organization"},"potentialAction":[{"@type":"SearchAction","target":{"@type":"EntryPoint","urlTemplate":"https:\/\/compuviper.mx\/tienda\/?s={search_term_string}"},"query-input":"required name=search_term_string"}],"inLanguage":"es-MX"},{"@type":"Organization","@id":"https:\/\/compuviper.mx\/tienda\/#organization","name":"Compuviper","url":"https:\/\/compuviper.mx\/tienda\/","logo":{"@type":"ImageObject","inLanguage":"es-MX","@id":"https:\/\/compuviper.mx\/tienda\/#\/schema\/logo\/image\/","url":"https:\/\/compuviper.mx\/tienda\/wp-content\/uploads\/2021\/08\/Logo-Compuviper-10.png","contentUrl":"https:\/\/compuviper.mx\/tienda\/wp-content\/uploads\/2021\/08\/Logo-Compuviper-10.png","width":1000,"height":500,"caption":"Compuviper"},"image":{"@id":"https:\/\/compuviper.mx\/tienda\/#\/schema\/logo\/image\/"},"sameAs":["https:\/\/www.facebook.com\/compuviper","https:\/\/www.youtube.com\/channel\/UCf73dERp9Y3cfOq7q8BhLjA?view_as=subscriber"]}]},"product_brand":"DAHUA","product_price_amount":"2774","product_price_currency":"MXN","og_availability":"backorder","product_availability":"available for order","product_retailer_item_id":"DH-IPC-HFW2841T-ZS","product_condition":"new"},"_links":{"self":[{"href":"https:\/\/compuviper.mx\/tienda\/wp-json\/wp\/v2\/product\/263980"}],"collection":[{"href":"https:\/\/compuviper.mx\/tienda\/wp-json\/wp\/v2\/product"}],"about":[{"href":"https:\/\/compuviper.mx\/tienda\/wp-json\/wp\/v2\/types\/product"}],"replies":[{"embeddable":true,"href":"https:\/\/compuviper.mx\/tienda\/wp-json\/wp\/v2\/comments?post=263980"}],"wp:attachment":[{"href":"https:\/\/compuviper.mx\/tienda\/wp-json\/wp\/v2\/media?parent=263980"}],"wp:term":[{"taxonomy":"product_cat","embeddable":true,"href":"https:\/\/compuviper.mx\/tienda\/wp-json\/wp\/v2\/product_cat?post=263980"},{"taxonomy":"product_tag","embeddable":true,"href":"https:\/\/compuviper.mx\/tienda\/wp-json\/wp\/v2\/product_tag?post=263980"}],"curies":[{"name":"wp","href":"https:\/\/api.w.org\/{rel}","templated":true}]}}