{"id":263946,"date":"2026-04-17T01:20:04","date_gmt":"2026-04-17T07:20:04","guid":{"rendered":"https:\/\/compuviper.mx\/tienda\/producto\/dell-2ghtm-laptop-pro-14-essential-intel-core-7-150u-16-gb-1x16-gb-512-gb-ssd-14-fhd-win11-pro-1-ao-de-soporte-de-hardware-next-business-day-sns-la\/"},"modified":"2026-04-17T01:20:05","modified_gmt":"2026-04-17T07:20:05","slug":"dell-2ghtm-laptop-pro-14-essential-intel-core-7-150u-16-gb-1x16-gb-512-gb-ssd-14-fhd-win11-pro-1-ao-de-soporte-de-hardware-next-business-day-sns-la","status":"publish","type":"product","link":"https:\/\/compuviper.mx\/tienda\/producto\/dell-2ghtm-laptop-pro-14-essential-intel-core-7-150u-16-gb-1x16-gb-512-gb-ssd-14-fhd-win11-pro-1-ao-de-soporte-de-hardware-next-business-day-sns-la\/","title":{"rendered":"Dell 2ghtm Laptop  Pro 14 Essential Intel Core 7 150u 16 Gb 1&#215;16 Gb 512 Gb Ssd 14 Fhd Win11 Pro 1 A?o De Soporte De Hardware Next Business Day Sns-la"},"content":{"rendered":"<table class=\"descripcion\">\n<tr>\n<td>\u0095 modelo: dell pro essential pv14250<\/td>\n<\/tr>\n<tr>\n<td>\u0095 procesador: intel core\u0099 7 150u (10 cores, up to 5.4 ghz)<\/td>\n<\/tr>\n<tr>\n<td>\u0095 memoria (ram): 16 gb (1 x 16 gb), ddr5, 5200 mt\/s<\/td>\n<\/tr>\n<tr>\n<td>\u0095 almacenamiento: 512gb qlc m.2 ssd<\/td>\n<\/tr>\n<tr>\n<td>\u0095 pantalla: 14.0-inch 2k (1920&#215;1200) anti-glare non-touch 300nits wva\/ips display<\/td>\n<\/tr>\n<tr>\n<td>\u0095 gr\u00e1ficos: intel graphics (integrados)<\/td>\n<\/tr>\n<tr>\n<td>\u0095 sistema operativo: windows 11 pro<\/td>\n<\/tr>\n<tr>\n<td>\u0095 bater\u00eda: 4-cell battery, 54whr (integrada)<\/td>\n<\/tr>\n<tr>\n<td>\u0095 teclado: carb\u00f3n black spanish (latin america) non-backlit keyboard (con base en el texto original)<\/td>\n<\/tr>\n<tr>\n<td>\u0095 puertos usb: (1) usb 3.2 gen 2 type-c (dp\/power delivery), (2) usb 3.2 gen 1 type a<\/td>\n<\/tr>\n<tr>\n<td>\u0095 puerto hdmi: hdmi 1.4<\/td>\n<\/tr>\n<tr>\n<td>\u0095 conectividad inal\u00e1mbrica: realtek wi-fi 6 rtl8852be, 2&#215;2, 802.11ax, mu-mimo, bluetooth wireless card<\/td>\n<\/tr>\n<tr>\n<td>\u0095 seguridad\/durabilidad: hardware tpm | mil-std 810h<\/td>\n<\/tr>\n<tr>\n<td>\u0095 garant\u00eda: 1 year next business day hardware support sns-la<\/td>\n<\/tr>\n<tr>\n<td>\u0095 color: silver<\/td>\n<\/tr>\n<\/table>\n","protected":false},"excerpt":{"rendered":"<p>La dell  pro 14 essential pv14250 es la compa\u00f1era ideal para profesionales que buscan un equilibrio entre rendimiento, portabilidad y seguridad. Con un potente procesador intel core 7 y 16 gb de memoria ddr5 de alta velocidad, esta laptop est\u00e1 lista para manejar las tareas m\u00e1s exigentes con fluidez. Disfruta de una experiencia visual inmersiva en su pantalla 2k (1920&#215;1200) de 14.0 pulgadas con tecnolog\u00eda wva\/ips y antirreflejo. Su dise\u00f1o compacto en color plata, un teclado retroiluminado en espa\u00f1ol (latinoam\u00e9rica) y una robusta bater\u00eda de 54 whr te permiten trabajar con comodidad y confianza desde cualquier lugar. Adem\u00e1s, cuenta con un r\u00e1pido almacenamiento ssd de 512 gb y caracter\u00edsticas de seguridad como el hardware tpm y la certificaci\u00f3n mil-std 810h para una durabilidad excepcional.<\/p>\n","protected":false},"featured_media":0,"comment_status":"open","ping_status":"open","template":"","meta":[],"product_cat":[1886,1887],"product_tag":[1537],"acf":[],"yoast_head":"<!-- This site is optimized with the Yoast SEO plugin v21.7 - https:\/\/yoast.com\/wordpress\/plugins\/seo\/ -->\n<title>[ Dell ] &#129351; 2ghtm Laptop Pro 14 Essential Intel Core 7 150u 16 Gb 1x16 Gb 512 Gb Ssd 14 Fhd Win11 Pro 1 A\u00f1o De Soporte De Hardware Next Business Day Sns-la<\/title>\n<meta name=\"description\" content=\"Compra 2ghtm Laptop Pro 14 Essential Intel Core 7 150u 16 Gb 1x16 Gb 512 Gb Ssd 14 Fhd Win11 Pro 1 A\u00f1o De Soporte De Hardware Next Business Day Sns-la + Env\u00edo a domicilio + Pago seguro + Garant\u00eda\" \/>\n<meta name=\"robots\" content=\"index, follow, max-snippet:-1, max-image-preview:large, max-video-preview:-1\" \/>\n<link rel=\"canonical\" href=\"https:\/\/compuviper.mx\/tienda\/producto\/dell-2ghtm-laptop-pro-14-essential-intel-core-7-150u-16-gb-1x16-gb-512-gb-ssd-14-fhd-win11-pro-1-ao-de-soporte-de-hardware-next-business-day-sns-la\/\" \/>\n<meta property=\"og:locale\" content=\"es_MX\" \/>\n<meta property=\"og:type\" content=\"article\" \/>\n<meta property=\"og:title\" content=\"[ Dell ] &#129351; 2ghtm Laptop Pro 14 Essential Intel Core 7 150u 16 Gb 1x16 Gb 512 Gb Ssd 14 Fhd Win11 Pro 1 A\u00f1o De Soporte De Hardware Next Business Day Sns-la\" \/>\n<meta property=\"og:description\" content=\"Compra 2ghtm Laptop Pro 14 Essential Intel Core 7 150u 16 Gb 1x16 Gb 512 Gb Ssd 14 Fhd Win11 Pro 1 A\u00f1o De Soporte De Hardware Next Business Day Sns-la + Env\u00edo a domicilio + Pago seguro + Garant\u00eda\" \/>\n<meta property=\"og:url\" content=\"https:\/\/compuviper.mx\/tienda\/producto\/dell-2ghtm-laptop-pro-14-essential-intel-core-7-150u-16-gb-1x16-gb-512-gb-ssd-14-fhd-win11-pro-1-ao-de-soporte-de-hardware-next-business-day-sns-la\/\" \/>\n<meta property=\"og:site_name\" content=\"Compuviper\" \/>\n<meta property=\"article:publisher\" content=\"https:\/\/www.facebook.com\/compuviper\" \/>\n<meta property=\"article:modified_time\" content=\"2026-04-17T07:20:05+00:00\" \/>\n<meta name=\"twitter:card\" content=\"summary_large_image\" \/>\n<meta name=\"twitter:label1\" content=\"Precio\" \/>\n\t<meta name=\"twitter:data1\" content=\"&#36;21,143 &#36;20,578 con IVA\" \/>\n\t<meta name=\"twitter:label2\" content=\"Availability\" \/>\n\t<meta name=\"twitter:data2\" content=\"Out of stock\" \/>\n<script type=\"application\/ld+json\" class=\"yoast-schema-graph\">{\"@context\":\"https:\/\/schema.org\",\"@graph\":[{\"@type\":\"WebPage\",\"@id\":\"https:\/\/compuviper.mx\/tienda\/producto\/dell-2ghtm-laptop-pro-14-essential-intel-core-7-150u-16-gb-1x16-gb-512-gb-ssd-14-fhd-win11-pro-1-ao-de-soporte-de-hardware-next-business-day-sns-la\/\",\"url\":\"https:\/\/compuviper.mx\/tienda\/producto\/dell-2ghtm-laptop-pro-14-essential-intel-core-7-150u-16-gb-1x16-gb-512-gb-ssd-14-fhd-win11-pro-1-ao-de-soporte-de-hardware-next-business-day-sns-la\/\",\"name\":\"[ Dell ] &#129351; 2ghtm Laptop Pro 14 Essential Intel Core 7 150u 16 Gb 1x16 Gb 512 Gb Ssd 14 Fhd Win11 Pro 1 A\u00f1o De Soporte De Hardware Next Business Day Sns-la\",\"isPartOf\":{\"@id\":\"https:\/\/compuviper.mx\/tienda\/#website\"},\"datePublished\":\"2026-04-17T07:20:04+00:00\",\"dateModified\":\"2026-04-17T07:20:05+00:00\",\"description\":\"Compra 2ghtm Laptop Pro 14 Essential Intel Core 7 150u 16 Gb 1x16 Gb 512 Gb Ssd 14 Fhd Win11 Pro 1 A\u00f1o De Soporte De Hardware Next Business Day Sns-la + Env\u00edo a domicilio + Pago seguro + Garant\u00eda\",\"breadcrumb\":{\"@id\":\"https:\/\/compuviper.mx\/tienda\/producto\/dell-2ghtm-laptop-pro-14-essential-intel-core-7-150u-16-gb-1x16-gb-512-gb-ssd-14-fhd-win11-pro-1-ao-de-soporte-de-hardware-next-business-day-sns-la\/#breadcrumb\"},\"inLanguage\":\"es-MX\",\"potentialAction\":[{\"@type\":\"ReadAction\",\"target\":[\"https:\/\/compuviper.mx\/tienda\/producto\/dell-2ghtm-laptop-pro-14-essential-intel-core-7-150u-16-gb-1x16-gb-512-gb-ssd-14-fhd-win11-pro-1-ao-de-soporte-de-hardware-next-business-day-sns-la\/\"]}]},{\"@type\":\"BreadcrumbList\",\"@id\":\"https:\/\/compuviper.mx\/tienda\/producto\/dell-2ghtm-laptop-pro-14-essential-intel-core-7-150u-16-gb-1x16-gb-512-gb-ssd-14-fhd-win11-pro-1-ao-de-soporte-de-hardware-next-business-day-sns-la\/#breadcrumb\",\"itemListElement\":[{\"@type\":\"ListItem\",\"position\":1,\"name\":\"Inicio\",\"item\":\"https:\/\/compuviper.mx\/tienda\/\"},{\"@type\":\"ListItem\",\"position\":2,\"name\":\"Productos\",\"item\":\"https:\/\/compuviper.mx\/tienda\/productos\/\"},{\"@type\":\"ListItem\",\"position\":3,\"name\":\"Laptops\",\"item\":\"https:\/\/compuviper.mx\/tienda\/categoria-producto\/laptops\/\"},{\"@type\":\"ListItem\",\"position\":4,\"name\":\"Notebook\",\"item\":\"https:\/\/compuviper.mx\/tienda\/categoria-producto\/laptops\/notebook-laptops\/\"},{\"@type\":\"ListItem\",\"position\":5,\"name\":\"Dell 2ghtm Laptop Pro 14 Essential Intel Core 7 150u 16 Gb 1&#215;16 Gb 512 Gb Ssd 14 Fhd Win11 Pro 1 A?o De Soporte De Hardware Next Business Day Sns-la\"}]},{\"@type\":\"WebSite\",\"@id\":\"https:\/\/compuviper.mx\/tienda\/#website\",\"url\":\"https:\/\/compuviper.mx\/tienda\/\",\"name\":\"Compuviper\",\"description\":\"Proveedor de Computadoras, Laptops, Servidores, Monitores, Puntos de Venta, Teclados,   Impresoras, T\u00f3ner, C\u00e1maras de Seguridad y m\u00e1s en tu tienda en l\u00ednea\",\"publisher\":{\"@id\":\"https:\/\/compuviper.mx\/tienda\/#organization\"},\"potentialAction\":[{\"@type\":\"SearchAction\",\"target\":{\"@type\":\"EntryPoint\",\"urlTemplate\":\"https:\/\/compuviper.mx\/tienda\/?s={search_term_string}\"},\"query-input\":\"required name=search_term_string\"}],\"inLanguage\":\"es-MX\"},{\"@type\":\"Organization\",\"@id\":\"https:\/\/compuviper.mx\/tienda\/#organization\",\"name\":\"Compuviper\",\"url\":\"https:\/\/compuviper.mx\/tienda\/\",\"logo\":{\"@type\":\"ImageObject\",\"inLanguage\":\"es-MX\",\"@id\":\"https:\/\/compuviper.mx\/tienda\/#\/schema\/logo\/image\/\",\"url\":\"https:\/\/compuviper.mx\/tienda\/wp-content\/uploads\/2021\/08\/Logo-Compuviper-10.png\",\"contentUrl\":\"https:\/\/compuviper.mx\/tienda\/wp-content\/uploads\/2021\/08\/Logo-Compuviper-10.png\",\"width\":1000,\"height\":500,\"caption\":\"Compuviper\"},\"image\":{\"@id\":\"https:\/\/compuviper.mx\/tienda\/#\/schema\/logo\/image\/\"},\"sameAs\":[\"https:\/\/www.facebook.com\/compuviper\",\"https:\/\/www.youtube.com\/channel\/UCf73dERp9Y3cfOq7q8BhLjA?view_as=subscriber\"]}]}<\/script>\n<meta property=\"product:brand\" content=\"DELL\" \/>\n<meta property=\"product:price:amount\" content=\"20578\" \/>\n<meta property=\"product:price:currency\" content=\"MXN\" \/>\n<meta property=\"og:availability\" content=\"out of stock\" \/>\n<meta property=\"product:availability\" content=\"out of stock\" \/>\n<meta property=\"product:retailer_item_id\" content=\"2GHTM\" \/>\n<meta property=\"product:condition\" content=\"new\" \/>\n<!-- \/ Yoast SEO plugin. -->","yoast_head_json":{"title":"[ Dell ] &#129351; 2ghtm Laptop Pro 14 Essential Intel Core 7 150u 16 Gb 1x16 Gb 512 Gb Ssd 14 Fhd Win11 Pro 1 A\u00f1o De Soporte De Hardware Next Business Day Sns-la","description":"Compra 2ghtm Laptop Pro 14 Essential Intel Core 7 150u 16 Gb 1x16 Gb 512 Gb Ssd 14 Fhd Win11 Pro 1 A\u00f1o De Soporte De Hardware Next Business Day Sns-la + Env\u00edo a domicilio + Pago seguro + Garant\u00eda","robots":{"index":"index","follow":"follow","max-snippet":"max-snippet:-1","max-image-preview":"max-image-preview:large","max-video-preview":"max-video-preview:-1"},"canonical":"https:\/\/compuviper.mx\/tienda\/producto\/dell-2ghtm-laptop-pro-14-essential-intel-core-7-150u-16-gb-1x16-gb-512-gb-ssd-14-fhd-win11-pro-1-ao-de-soporte-de-hardware-next-business-day-sns-la\/","og_locale":"es_MX","og_type":"article","og_title":"[ Dell ] &#129351; 2ghtm Laptop Pro 14 Essential Intel Core 7 150u 16 Gb 1x16 Gb 512 Gb Ssd 14 Fhd Win11 Pro 1 A\u00f1o De Soporte De Hardware Next Business Day Sns-la","og_description":"Compra 2ghtm Laptop Pro 14 Essential Intel Core 7 150u 16 Gb 1x16 Gb 512 Gb Ssd 14 Fhd Win11 Pro 1 A\u00f1o De Soporte De Hardware Next Business Day Sns-la + Env\u00edo a domicilio + Pago seguro + Garant\u00eda","og_url":"https:\/\/compuviper.mx\/tienda\/producto\/dell-2ghtm-laptop-pro-14-essential-intel-core-7-150u-16-gb-1x16-gb-512-gb-ssd-14-fhd-win11-pro-1-ao-de-soporte-de-hardware-next-business-day-sns-la\/","og_site_name":"Compuviper","article_publisher":"https:\/\/www.facebook.com\/compuviper","article_modified_time":"2026-04-17T07:20:05+00:00","twitter_card":"summary_large_image","twitter_misc":{"Precio":"&#36;21,143 &#36;20,578 con IVA","Availability":"Out of stock"},"schema":{"@context":"https:\/\/schema.org","@graph":[{"@type":"WebPage","@id":"https:\/\/compuviper.mx\/tienda\/producto\/dell-2ghtm-laptop-pro-14-essential-intel-core-7-150u-16-gb-1x16-gb-512-gb-ssd-14-fhd-win11-pro-1-ao-de-soporte-de-hardware-next-business-day-sns-la\/","url":"https:\/\/compuviper.mx\/tienda\/producto\/dell-2ghtm-laptop-pro-14-essential-intel-core-7-150u-16-gb-1x16-gb-512-gb-ssd-14-fhd-win11-pro-1-ao-de-soporte-de-hardware-next-business-day-sns-la\/","name":"[ Dell ] &#129351; 2ghtm Laptop Pro 14 Essential Intel Core 7 150u 16 Gb 1x16 Gb 512 Gb Ssd 14 Fhd Win11 Pro 1 A\u00f1o De Soporte De Hardware Next Business Day Sns-la","isPartOf":{"@id":"https:\/\/compuviper.mx\/tienda\/#website"},"datePublished":"2026-04-17T07:20:04+00:00","dateModified":"2026-04-17T07:20:05+00:00","description":"Compra 2ghtm Laptop Pro 14 Essential Intel Core 7 150u 16 Gb 1x16 Gb 512 Gb Ssd 14 Fhd Win11 Pro 1 A\u00f1o De Soporte De Hardware Next Business Day Sns-la + Env\u00edo a domicilio + Pago seguro + Garant\u00eda","breadcrumb":{"@id":"https:\/\/compuviper.mx\/tienda\/producto\/dell-2ghtm-laptop-pro-14-essential-intel-core-7-150u-16-gb-1x16-gb-512-gb-ssd-14-fhd-win11-pro-1-ao-de-soporte-de-hardware-next-business-day-sns-la\/#breadcrumb"},"inLanguage":"es-MX","potentialAction":[{"@type":"ReadAction","target":["https:\/\/compuviper.mx\/tienda\/producto\/dell-2ghtm-laptop-pro-14-essential-intel-core-7-150u-16-gb-1x16-gb-512-gb-ssd-14-fhd-win11-pro-1-ao-de-soporte-de-hardware-next-business-day-sns-la\/"]}]},{"@type":"BreadcrumbList","@id":"https:\/\/compuviper.mx\/tienda\/producto\/dell-2ghtm-laptop-pro-14-essential-intel-core-7-150u-16-gb-1x16-gb-512-gb-ssd-14-fhd-win11-pro-1-ao-de-soporte-de-hardware-next-business-day-sns-la\/#breadcrumb","itemListElement":[{"@type":"ListItem","position":1,"name":"Inicio","item":"https:\/\/compuviper.mx\/tienda\/"},{"@type":"ListItem","position":2,"name":"Productos","item":"https:\/\/compuviper.mx\/tienda\/productos\/"},{"@type":"ListItem","position":3,"name":"Laptops","item":"https:\/\/compuviper.mx\/tienda\/categoria-producto\/laptops\/"},{"@type":"ListItem","position":4,"name":"Notebook","item":"https:\/\/compuviper.mx\/tienda\/categoria-producto\/laptops\/notebook-laptops\/"},{"@type":"ListItem","position":5,"name":"Dell 2ghtm Laptop Pro 14 Essential Intel Core 7 150u 16 Gb 1&#215;16 Gb 512 Gb Ssd 14 Fhd Win11 Pro 1 A?o De Soporte De Hardware Next Business Day Sns-la"}]},{"@type":"WebSite","@id":"https:\/\/compuviper.mx\/tienda\/#website","url":"https:\/\/compuviper.mx\/tienda\/","name":"Compuviper","description":"Proveedor de Computadoras, Laptops, Servidores, Monitores, Puntos de Venta, Teclados,   Impresoras, T\u00f3ner, C\u00e1maras de Seguridad y m\u00e1s en tu tienda en l\u00ednea","publisher":{"@id":"https:\/\/compuviper.mx\/tienda\/#organization"},"potentialAction":[{"@type":"SearchAction","target":{"@type":"EntryPoint","urlTemplate":"https:\/\/compuviper.mx\/tienda\/?s={search_term_string}"},"query-input":"required name=search_term_string"}],"inLanguage":"es-MX"},{"@type":"Organization","@id":"https:\/\/compuviper.mx\/tienda\/#organization","name":"Compuviper","url":"https:\/\/compuviper.mx\/tienda\/","logo":{"@type":"ImageObject","inLanguage":"es-MX","@id":"https:\/\/compuviper.mx\/tienda\/#\/schema\/logo\/image\/","url":"https:\/\/compuviper.mx\/tienda\/wp-content\/uploads\/2021\/08\/Logo-Compuviper-10.png","contentUrl":"https:\/\/compuviper.mx\/tienda\/wp-content\/uploads\/2021\/08\/Logo-Compuviper-10.png","width":1000,"height":500,"caption":"Compuviper"},"image":{"@id":"https:\/\/compuviper.mx\/tienda\/#\/schema\/logo\/image\/"},"sameAs":["https:\/\/www.facebook.com\/compuviper","https:\/\/www.youtube.com\/channel\/UCf73dERp9Y3cfOq7q8BhLjA?view_as=subscriber"]}]},"product_brand":"DELL","product_price_amount":"20578","product_price_currency":"MXN","og_availability":"out of stock","product_availability":"out of stock","product_retailer_item_id":"2GHTM","product_condition":"new"},"_links":{"self":[{"href":"https:\/\/compuviper.mx\/tienda\/wp-json\/wp\/v2\/product\/263946"}],"collection":[{"href":"https:\/\/compuviper.mx\/tienda\/wp-json\/wp\/v2\/product"}],"about":[{"href":"https:\/\/compuviper.mx\/tienda\/wp-json\/wp\/v2\/types\/product"}],"replies":[{"embeddable":true,"href":"https:\/\/compuviper.mx\/tienda\/wp-json\/wp\/v2\/comments?post=263946"}],"wp:attachment":[{"href":"https:\/\/compuviper.mx\/tienda\/wp-json\/wp\/v2\/media?parent=263946"}],"wp:term":[{"taxonomy":"product_cat","embeddable":true,"href":"https:\/\/compuviper.mx\/tienda\/wp-json\/wp\/v2\/product_cat?post=263946"},{"taxonomy":"product_tag","embeddable":true,"href":"https:\/\/compuviper.mx\/tienda\/wp-json\/wp\/v2\/product_tag?post=263946"}],"curies":[{"name":"wp","href":"https:\/\/api.w.org\/{rel}","templated":true}]}}