{"id":263945,"date":"2026-04-02T01:07:47","date_gmt":"2026-04-02T07:07:47","guid":{"rendered":"https:\/\/compuviper.mx\/tienda\/producto\/tp-link-tl-poe10e-extensor-poe-tp-link-extensor-poe-fasth-ethernet-extiende-una-conexin-de-red-poe-poe-100m-250m-adicionales\/"},"modified":"2026-04-02T01:07:47","modified_gmt":"2026-04-02T07:07:47","slug":"tp-link-tl-poe10e-extensor-poe-tp-link-extensor-poe-fasth-ethernet-extiende-una-conexin-de-red-poe-poe-100m-250m-adicionales","status":"publish","type":"product","link":"https:\/\/compuviper.mx\/tienda\/producto\/tp-link-tl-poe10e-extensor-poe-tp-link-extensor-poe-fasth-ethernet-extiende-una-conexin-de-red-poe-poe-100m-250m-adicionales\/","title":{"rendered":"Tp Link Tl-poe10e Extensor Poe | Tp-link |  | Extensor Poe+ Fasth Ethernet | Extiende Una Conexi?n De Red Poe\/poe+ 100m ? 250m Adicionales"},"content":{"rendered":"<table class=\"descripcion\">\n<tr>\n<td>Network<\/td>\n<\/tr>\n<tr>\n<td>Est\u00e1ndares y protocolos<\/td>\n<\/tr>\n<tr>\n<td>Ieee802.3i, ieee802.3u<\/td>\n<\/tr>\n<tr>\n<td>General<\/td>\n<\/tr>\n<tr>\n<td>Certification<\/td>\n<\/tr>\n<tr>\n<td>Fcc, ce, rohs<\/td>\n<\/tr>\n<tr>\n<td>Environment<\/td>\n<\/tr>\n<tr>\n<td>&#8211; temperatura de funcionamiento: 0\u00b0c a 45\u00b0c (32\u00b0f a 113\u00b0f)<\/td>\n<\/tr>\n<tr>\n<td>&#8211; temperatura de almacenamiento: -40\u00b0c a 70\u00b0c (-40\u00b0f a 158\u00b0f)<\/td>\n<\/tr>\n<tr>\n<td>&#8211; humedad de funcionamiento: 10% a 90% hr sin condensaci\u00f3n<\/td>\n<\/tr>\n<tr>\n<td>&#8211; humedad de almacenamiento: 5% a 90% hr sin condensaci\u00f3n<\/td>\n<\/tr>\n<tr>\n<td>Material<\/td>\n<\/tr>\n<tr>\n<td>Carcasa de pl\u00e1stico<\/td>\n<\/tr>\n<tr>\n<td>Contenidos del paquete<\/td>\n<\/tr>\n<tr>\n<td>Contenido del paquete<\/td>\n<\/tr>\n<tr>\n<td>&#8211; extensor poe+ fast ethernet tl-poe10e<\/td>\n<\/tr>\n<tr>\n<td>&#8211; gu\u00eda de instalaci\u00f3n<\/td>\n<\/tr>\n<tr>\n<td>Caracter\u00edsticas de hardware<\/td>\n<\/tr>\n<tr>\n<td>Medios de red<\/td>\n<\/tr>\n<tr>\n<td>Utp\/stp de cat.5e o superior (seg\u00fan las normas que cumplan los dispositivos conectados)<\/td>\n<\/tr>\n<tr>\n<td>Puertos<\/td>\n<\/tr>\n<tr>\n<td>&#8211; 1 puerto poe in rj45 de 10 mbps \/100 mbps<\/td>\n<\/tr>\n<tr>\n<td>&#8211; 1 puerto rj45 poe out de 10 mbps \/100 mbps<\/td>\n<\/tr>\n<tr>\n<td>Funci\u00f3n b\u00e1sica<\/td>\n<\/tr>\n<tr>\n<td>&#8211; 1 puerto poe in rj45 a 10\/100 mbps<\/td>\n<\/tr>\n<tr>\n<td>&#8211; 1 puerto rj45 10\/100 mbps poe out, suministra hasta 20 w<\/td>\n<\/tr>\n<tr>\n<td>&#8211; alcance de transmisi\u00f3n de datos y energ\u00eda de hasta 250 m en modo 10 mbps<\/td>\n<\/tr>\n<tr>\n<td>&#8211; plug and play<\/td>\n<\/tr>\n<tr>\n<td>Dimensiones (w x d x h)<\/td>\n<\/tr>\n<tr>\n<td>2.33*0.85*0.52 in (71*26*16 mm)<\/td>\n<\/tr>\n<tr>\n<td>Poe adapter features<\/td>\n<\/tr>\n<tr>\n<td>Output<\/td>\n<\/tr>\n<tr>\n<td>Queja con dispositivos 802.3af\/at<\/td>\n<\/tr>\n<\/table>\n","protected":false},"excerpt":{"rendered":"<p>Tl-poe10e. Extensor poe+ fast ethernet. Extiende una conexi\u00f3n de red poe\/poe+ 100m \u0096 250m adicionales (modo 10 mbps) desde el equipo de fuente de alimentaci\u00f3n poe. Compatible con dispositivos 802.3af\/at y soporta una potencia m\u00e1xima de salida de 20w. 2 puertos de 10\/100mbps aseguran una transmisi\u00f3n m\u00e1s r\u00e1pida. Conexi\u00f3n y uso inmediatos, no requiere configuraci\u00f3n<\/p>\n","protected":false},"featured_media":263992,"comment_status":"open","ping_status":"open","template":"","meta":[],"product_cat":[1563,1564],"product_tag":[1562],"acf":[],"yoast_head":"<!-- This site is optimized with the Yoast SEO plugin v21.7 - https:\/\/yoast.com\/wordpress\/plugins\/seo\/ -->\n<title>[ Tp Link ] &#129351; Tl-poe10e Extensor Poe | Tp-link | | Extensor Poe+ Fasth Ethernet | Extiende Una Conexi\u00f3n De Red Poe\/poe+ 100m \u0096 250m Adicionales<\/title>\n<meta name=\"description\" content=\"Compra Tl-poe10e Extensor Poe | Tp-link | | Extensor Poe+ Fasth Ethernet | Extiende Una Conexi\u00f3n De Red Poe\/poe+ 100m \u0096 250m Adicionales + Env\u00edo a domicilio + Pago seguro + Garant\u00eda\" \/>\n<meta name=\"robots\" content=\"index, follow, max-snippet:-1, max-image-preview:large, max-video-preview:-1\" \/>\n<link rel=\"canonical\" href=\"https:\/\/compuviper.mx\/tienda\/producto\/tp-link-tl-poe10e-extensor-poe-tp-link-extensor-poe-fasth-ethernet-extiende-una-conexin-de-red-poe-poe-100m-250m-adicionales\/\" \/>\n<meta property=\"og:locale\" content=\"es_MX\" \/>\n<meta property=\"og:type\" content=\"article\" \/>\n<meta property=\"og:title\" content=\"[ Tp Link ] &#129351; Tl-poe10e Extensor Poe | Tp-link | | Extensor Poe+ Fasth Ethernet | Extiende Una Conexi\u00f3n De Red Poe\/poe+ 100m \u0096 250m Adicionales\" \/>\n<meta property=\"og:description\" content=\"Compra Tl-poe10e Extensor Poe | Tp-link | | Extensor Poe+ Fasth Ethernet | Extiende Una Conexi\u00f3n De Red Poe\/poe+ 100m \u0096 250m Adicionales + Env\u00edo a domicilio + Pago seguro + Garant\u00eda\" \/>\n<meta property=\"og:url\" content=\"https:\/\/compuviper.mx\/tienda\/producto\/tp-link-tl-poe10e-extensor-poe-tp-link-extensor-poe-fasth-ethernet-extiende-una-conexin-de-red-poe-poe-100m-250m-adicionales\/\" \/>\n<meta property=\"og:site_name\" content=\"Compuviper\" \/>\n<meta property=\"article:publisher\" content=\"https:\/\/www.facebook.com\/compuviper\" \/>\n<meta property=\"og:image\" content=\"https:\/\/compuviper.mx\/tienda\/wp-content\/uploads\/2025\/12\/Extensor-poe-tp-link-tl-poe10e-extensor-poe-fasth-ethernet-extiende-una-conexion-de-red-poepoe-100m-\u0096-250m-adicionales.jpg\" \/>\n\t<meta property=\"og:image:width\" content=\"200\" \/>\n\t<meta property=\"og:image:height\" content=\"200\" \/>\n\t<meta property=\"og:image:type\" content=\"image\/jpeg\" \/>\n<meta name=\"twitter:card\" content=\"summary_large_image\" \/>\n<meta name=\"twitter:label1\" content=\"Precio\" \/>\n\t<meta name=\"twitter:data1\" content=\"&#36;229 con IVA\" \/>\n\t<meta name=\"twitter:label2\" content=\"Availability\" \/>\n\t<meta name=\"twitter:data2\" content=\"Out of stock\" \/>\n<script type=\"application\/ld+json\" class=\"yoast-schema-graph\">{\"@context\":\"https:\/\/schema.org\",\"@graph\":[{\"@type\":\"WebPage\",\"@id\":\"https:\/\/compuviper.mx\/tienda\/producto\/tp-link-tl-poe10e-extensor-poe-tp-link-extensor-poe-fasth-ethernet-extiende-una-conexin-de-red-poe-poe-100m-250m-adicionales\/\",\"url\":\"https:\/\/compuviper.mx\/tienda\/producto\/tp-link-tl-poe10e-extensor-poe-tp-link-extensor-poe-fasth-ethernet-extiende-una-conexin-de-red-poe-poe-100m-250m-adicionales\/\",\"name\":\"[ Tp Link ] &#129351; Tl-poe10e Extensor Poe | Tp-link | | Extensor Poe+ Fasth Ethernet | Extiende Una Conexi\u00f3n De Red Poe\/poe+ 100m \u0096 250m Adicionales\",\"isPartOf\":{\"@id\":\"https:\/\/compuviper.mx\/tienda\/#website\"},\"datePublished\":\"2026-04-02T07:07:47+00:00\",\"dateModified\":\"2026-04-02T07:07:47+00:00\",\"description\":\"Compra Tl-poe10e Extensor Poe | Tp-link | | Extensor Poe+ Fasth Ethernet | Extiende Una Conexi\u00f3n De Red Poe\/poe+ 100m \u0096 250m Adicionales + Env\u00edo a domicilio + Pago seguro + Garant\u00eda\",\"breadcrumb\":{\"@id\":\"https:\/\/compuviper.mx\/tienda\/producto\/tp-link-tl-poe10e-extensor-poe-tp-link-extensor-poe-fasth-ethernet-extiende-una-conexin-de-red-poe-poe-100m-250m-adicionales\/#breadcrumb\"},\"inLanguage\":\"es-MX\",\"potentialAction\":[{\"@type\":\"ReadAction\",\"target\":[\"https:\/\/compuviper.mx\/tienda\/producto\/tp-link-tl-poe10e-extensor-poe-tp-link-extensor-poe-fasth-ethernet-extiende-una-conexin-de-red-poe-poe-100m-250m-adicionales\/\"]}]},{\"@type\":\"BreadcrumbList\",\"@id\":\"https:\/\/compuviper.mx\/tienda\/producto\/tp-link-tl-poe10e-extensor-poe-tp-link-extensor-poe-fasth-ethernet-extiende-una-conexin-de-red-poe-poe-100m-250m-adicionales\/#breadcrumb\",\"itemListElement\":[{\"@type\":\"ListItem\",\"position\":1,\"name\":\"Inicio\",\"item\":\"https:\/\/compuviper.mx\/tienda\/\"},{\"@type\":\"ListItem\",\"position\":2,\"name\":\"Productos\",\"item\":\"https:\/\/compuviper.mx\/tienda\/productos\/\"},{\"@type\":\"ListItem\",\"position\":3,\"name\":\"Redes\",\"item\":\"https:\/\/compuviper.mx\/tienda\/categoria-producto\/redes\/\"},{\"@type\":\"ListItem\",\"position\":4,\"name\":\"Switch\",\"item\":\"https:\/\/compuviper.mx\/tienda\/categoria-producto\/redes\/switch\/\"},{\"@type\":\"ListItem\",\"position\":5,\"name\":\"Tp Link Tl-poe10e Extensor Poe | Tp-link | | Extensor Poe+ Fasth Ethernet | Extiende Una Conexi?n De Red Poe\/poe+ 100m ? 250m Adicionales\"}]},{\"@type\":\"WebSite\",\"@id\":\"https:\/\/compuviper.mx\/tienda\/#website\",\"url\":\"https:\/\/compuviper.mx\/tienda\/\",\"name\":\"Compuviper\",\"description\":\"Proveedor de Computadoras, Laptops, Servidores, Monitores, Puntos de Venta, Teclados,   Impresoras, T\u00f3ner, C\u00e1maras de Seguridad y m\u00e1s en tu tienda en l\u00ednea\",\"publisher\":{\"@id\":\"https:\/\/compuviper.mx\/tienda\/#organization\"},\"potentialAction\":[{\"@type\":\"SearchAction\",\"target\":{\"@type\":\"EntryPoint\",\"urlTemplate\":\"https:\/\/compuviper.mx\/tienda\/?s={search_term_string}\"},\"query-input\":\"required name=search_term_string\"}],\"inLanguage\":\"es-MX\"},{\"@type\":\"Organization\",\"@id\":\"https:\/\/compuviper.mx\/tienda\/#organization\",\"name\":\"Compuviper\",\"url\":\"https:\/\/compuviper.mx\/tienda\/\",\"logo\":{\"@type\":\"ImageObject\",\"inLanguage\":\"es-MX\",\"@id\":\"https:\/\/compuviper.mx\/tienda\/#\/schema\/logo\/image\/\",\"url\":\"https:\/\/compuviper.mx\/tienda\/wp-content\/uploads\/2021\/08\/Logo-Compuviper-10.png\",\"contentUrl\":\"https:\/\/compuviper.mx\/tienda\/wp-content\/uploads\/2021\/08\/Logo-Compuviper-10.png\",\"width\":1000,\"height\":500,\"caption\":\"Compuviper\"},\"image\":{\"@id\":\"https:\/\/compuviper.mx\/tienda\/#\/schema\/logo\/image\/\"},\"sameAs\":[\"https:\/\/www.facebook.com\/compuviper\",\"https:\/\/www.youtube.com\/channel\/UCf73dERp9Y3cfOq7q8BhLjA?view_as=subscriber\"]}]}<\/script>\n<meta property=\"product:brand\" content=\"TP LINK\" \/>\n<meta property=\"product:price:amount\" content=\"229\" \/>\n<meta property=\"product:price:currency\" content=\"MXN\" \/>\n<meta property=\"og:availability\" content=\"out of stock\" \/>\n<meta property=\"product:availability\" content=\"out of stock\" \/>\n<meta property=\"product:retailer_item_id\" content=\"TL-POE10E\" \/>\n<meta property=\"product:condition\" content=\"new\" \/>\n<!-- \/ Yoast SEO plugin. -->","yoast_head_json":{"title":"[ Tp Link ] &#129351; Tl-poe10e Extensor Poe | Tp-link | | Extensor Poe+ Fasth Ethernet | Extiende Una Conexi\u00f3n De Red Poe\/poe+ 100m \u0096 250m Adicionales","description":"Compra Tl-poe10e Extensor Poe | Tp-link | | Extensor Poe+ Fasth Ethernet | Extiende Una Conexi\u00f3n De Red Poe\/poe+ 100m \u0096 250m Adicionales + Env\u00edo a domicilio + Pago seguro + Garant\u00eda","robots":{"index":"index","follow":"follow","max-snippet":"max-snippet:-1","max-image-preview":"max-image-preview:large","max-video-preview":"max-video-preview:-1"},"canonical":"https:\/\/compuviper.mx\/tienda\/producto\/tp-link-tl-poe10e-extensor-poe-tp-link-extensor-poe-fasth-ethernet-extiende-una-conexin-de-red-poe-poe-100m-250m-adicionales\/","og_locale":"es_MX","og_type":"article","og_title":"[ Tp Link ] &#129351; Tl-poe10e Extensor Poe | Tp-link | | Extensor Poe+ Fasth Ethernet | Extiende Una Conexi\u00f3n De Red Poe\/poe+ 100m \u0096 250m Adicionales","og_description":"Compra Tl-poe10e Extensor Poe | Tp-link | | Extensor Poe+ Fasth Ethernet | Extiende Una Conexi\u00f3n De Red Poe\/poe+ 100m \u0096 250m Adicionales + Env\u00edo a domicilio + Pago seguro + Garant\u00eda","og_url":"https:\/\/compuviper.mx\/tienda\/producto\/tp-link-tl-poe10e-extensor-poe-tp-link-extensor-poe-fasth-ethernet-extiende-una-conexin-de-red-poe-poe-100m-250m-adicionales\/","og_site_name":"Compuviper","article_publisher":"https:\/\/www.facebook.com\/compuviper","og_image":[{"width":200,"height":200,"url":"https:\/\/compuviper.mx\/tienda\/wp-content\/uploads\/2025\/12\/Extensor-poe-tp-link-tl-poe10e-extensor-poe-fasth-ethernet-extiende-una-conexion-de-red-poepoe-100m-\u0096-250m-adicionales.jpg","type":"image\/jpeg"}],"twitter_card":"summary_large_image","twitter_misc":{"Precio":"&#36;229 con IVA","Availability":"Out of stock"},"schema":{"@context":"https:\/\/schema.org","@graph":[{"@type":"WebPage","@id":"https:\/\/compuviper.mx\/tienda\/producto\/tp-link-tl-poe10e-extensor-poe-tp-link-extensor-poe-fasth-ethernet-extiende-una-conexin-de-red-poe-poe-100m-250m-adicionales\/","url":"https:\/\/compuviper.mx\/tienda\/producto\/tp-link-tl-poe10e-extensor-poe-tp-link-extensor-poe-fasth-ethernet-extiende-una-conexin-de-red-poe-poe-100m-250m-adicionales\/","name":"[ Tp Link ] &#129351; Tl-poe10e Extensor Poe | Tp-link | | Extensor Poe+ Fasth Ethernet | Extiende Una Conexi\u00f3n De Red Poe\/poe+ 100m \u0096 250m Adicionales","isPartOf":{"@id":"https:\/\/compuviper.mx\/tienda\/#website"},"datePublished":"2026-04-02T07:07:47+00:00","dateModified":"2026-04-02T07:07:47+00:00","description":"Compra Tl-poe10e Extensor Poe | Tp-link | | Extensor Poe+ Fasth Ethernet | Extiende Una Conexi\u00f3n De Red Poe\/poe+ 100m \u0096 250m Adicionales + Env\u00edo a domicilio + Pago seguro + Garant\u00eda","breadcrumb":{"@id":"https:\/\/compuviper.mx\/tienda\/producto\/tp-link-tl-poe10e-extensor-poe-tp-link-extensor-poe-fasth-ethernet-extiende-una-conexin-de-red-poe-poe-100m-250m-adicionales\/#breadcrumb"},"inLanguage":"es-MX","potentialAction":[{"@type":"ReadAction","target":["https:\/\/compuviper.mx\/tienda\/producto\/tp-link-tl-poe10e-extensor-poe-tp-link-extensor-poe-fasth-ethernet-extiende-una-conexin-de-red-poe-poe-100m-250m-adicionales\/"]}]},{"@type":"BreadcrumbList","@id":"https:\/\/compuviper.mx\/tienda\/producto\/tp-link-tl-poe10e-extensor-poe-tp-link-extensor-poe-fasth-ethernet-extiende-una-conexin-de-red-poe-poe-100m-250m-adicionales\/#breadcrumb","itemListElement":[{"@type":"ListItem","position":1,"name":"Inicio","item":"https:\/\/compuviper.mx\/tienda\/"},{"@type":"ListItem","position":2,"name":"Productos","item":"https:\/\/compuviper.mx\/tienda\/productos\/"},{"@type":"ListItem","position":3,"name":"Redes","item":"https:\/\/compuviper.mx\/tienda\/categoria-producto\/redes\/"},{"@type":"ListItem","position":4,"name":"Switch","item":"https:\/\/compuviper.mx\/tienda\/categoria-producto\/redes\/switch\/"},{"@type":"ListItem","position":5,"name":"Tp Link Tl-poe10e Extensor Poe | Tp-link | | Extensor Poe+ Fasth Ethernet | Extiende Una Conexi?n De Red Poe\/poe+ 100m ? 250m Adicionales"}]},{"@type":"WebSite","@id":"https:\/\/compuviper.mx\/tienda\/#website","url":"https:\/\/compuviper.mx\/tienda\/","name":"Compuviper","description":"Proveedor de Computadoras, Laptops, Servidores, Monitores, Puntos de Venta, Teclados,   Impresoras, T\u00f3ner, C\u00e1maras de Seguridad y m\u00e1s en tu tienda en l\u00ednea","publisher":{"@id":"https:\/\/compuviper.mx\/tienda\/#organization"},"potentialAction":[{"@type":"SearchAction","target":{"@type":"EntryPoint","urlTemplate":"https:\/\/compuviper.mx\/tienda\/?s={search_term_string}"},"query-input":"required name=search_term_string"}],"inLanguage":"es-MX"},{"@type":"Organization","@id":"https:\/\/compuviper.mx\/tienda\/#organization","name":"Compuviper","url":"https:\/\/compuviper.mx\/tienda\/","logo":{"@type":"ImageObject","inLanguage":"es-MX","@id":"https:\/\/compuviper.mx\/tienda\/#\/schema\/logo\/image\/","url":"https:\/\/compuviper.mx\/tienda\/wp-content\/uploads\/2021\/08\/Logo-Compuviper-10.png","contentUrl":"https:\/\/compuviper.mx\/tienda\/wp-content\/uploads\/2021\/08\/Logo-Compuviper-10.png","width":1000,"height":500,"caption":"Compuviper"},"image":{"@id":"https:\/\/compuviper.mx\/tienda\/#\/schema\/logo\/image\/"},"sameAs":["https:\/\/www.facebook.com\/compuviper","https:\/\/www.youtube.com\/channel\/UCf73dERp9Y3cfOq7q8BhLjA?view_as=subscriber"]}]},"product_brand":"TP LINK","product_price_amount":"229","product_price_currency":"MXN","og_availability":"out of stock","product_availability":"out of stock","product_retailer_item_id":"TL-POE10E","product_condition":"new"},"_links":{"self":[{"href":"https:\/\/compuviper.mx\/tienda\/wp-json\/wp\/v2\/product\/263945"}],"collection":[{"href":"https:\/\/compuviper.mx\/tienda\/wp-json\/wp\/v2\/product"}],"about":[{"href":"https:\/\/compuviper.mx\/tienda\/wp-json\/wp\/v2\/types\/product"}],"replies":[{"embeddable":true,"href":"https:\/\/compuviper.mx\/tienda\/wp-json\/wp\/v2\/comments?post=263945"}],"wp:featuredmedia":[{"embeddable":true,"href":"https:\/\/compuviper.mx\/tienda\/wp-json\/wp\/v2\/media\/263992"}],"wp:attachment":[{"href":"https:\/\/compuviper.mx\/tienda\/wp-json\/wp\/v2\/media?parent=263945"}],"wp:term":[{"taxonomy":"product_cat","embeddable":true,"href":"https:\/\/compuviper.mx\/tienda\/wp-json\/wp\/v2\/product_cat?post=263945"},{"taxonomy":"product_tag","embeddable":true,"href":"https:\/\/compuviper.mx\/tienda\/wp-json\/wp\/v2\/product_tag?post=263945"}],"curies":[{"name":"wp","href":"https:\/\/api.w.org\/{rel}","templated":true}]}}