{"id":263914,"date":"2026-04-07T23:12:21","date_gmt":"2026-04-08T05:12:21","guid":{"rendered":"https:\/\/compuviper.mx\/tienda\/producto\/tp-link-tl-sm5110-lrsm5110-lr-modulo-monomodo-tp-link-tl-sm5110-lr-compatible-con-switch-con-puertos-10g-sfp-como-jetstream-tl-sg3428x-tl-sg3428xmp-y-ms\/"},"modified":"2026-04-07T23:12:21","modified_gmt":"2026-04-08T05:12:21","slug":"tp-link-tl-sm5110-lrsm5110-lr-modulo-monomodo-tp-link-tl-sm5110-lr-compatible-con-switch-con-puertos-10g-sfp-como-jetstream-tl-sg3428x-tl-sg3428xmp-y-ms","status":"publish","type":"product","link":"https:\/\/compuviper.mx\/tienda\/producto\/tp-link-tl-sm5110-lrsm5110-lr-modulo-monomodo-tp-link-tl-sm5110-lr-compatible-con-switch-con-puertos-10g-sfp-como-jetstream-tl-sg3428x-tl-sg3428xmp-y-ms\/","title":{"rendered":"Tp Link Tl-sm5110-lr,sm5110-lr Modulo Monomodo Tp-link Tl-sm5110-lr Compatible Con Switch Con Puertos 10g Sfp , Como Jetstream Tl-sg3428x, Tl-sg3428xmp Y Ms."},"content":{"rendered":"<table class=\"descripcion\">\n<tr>\n<td>Contenidos del paquete<\/td>\n<\/tr>\n<tr>\n<td>Contenidos del paquete\u0095 mdulo 10g sfp  tl-sm5110-lr<\/td>\n<\/tr>\n<tr>\n<td>\u0095 gua de instalacin<\/td>\n<\/tr>\n<tr>\n<td>Caractersticas de hardware<\/td>\n<\/tr>\n<tr>\n<td>Ddmsi<\/td>\n<\/tr>\n<tr>\n<td>Sfp-msasi<\/td>\n<\/tr>\n<tr>\n<td>Intercambiables en calientesi<\/td>\n<\/tr>\n<tr>\n<td>Convertidor de medios y mdulo<\/td>\n<\/tr>\n<tr>\n<td>Dimensiones wdh2.20.50.4 in 56.713.910.35 mm<\/td>\n<\/tr>\n<tr>\n<td>Transceptor<\/td>\n<\/tr>\n<tr>\n<td>Estndares y protocolosieee 802.3ae, tcp\/ip<\/td>\n<\/tr>\n<tr>\n<td>Longitud de onda1310 nm<\/td>\n<\/tr>\n<tr>\n<td>Fuente de alimentacin3.3v<\/td>\n<\/tr>\n<tr>\n<td>Tipo de fibramono modo 9\/125um<\/td>\n<\/tr>\n<tr>\n<td>Longitud mxima de cable10 km<\/td>\n<\/tr>\n<tr>\n<td>Tasa de datos10 gbps<\/td>\n<\/tr>\n<tr>\n<td>Tipo de puertolc duplex<\/td>\n<\/tr>\n<tr>\n<td>Seguridad y emisionesfcc, ce<\/td>\n<\/tr>\n<tr>\n<td>Factores ambientalestemperatura de funcionamiento: 0 a 70 \u00b0 c 32 a 158 \u00b0 f<\/td>\n<\/tr>\n<tr>\n<td>Temperatura de almacenamiento: -40\u009685 \u00b0 c -40\u0096185 \u00b0 f<\/td>\n<\/tr>\n<tr>\n<td>Humedad de funcionamiento: 10 a 90 de humedad relativa, sin condensacin<\/td>\n<\/tr>\n<tr>\n<td>Humedad de almacenamiento: 5\u009690 rh, sin condensacin<\/td>\n<\/tr>\n<\/table>\n","protected":false},"excerpt":{"rendered":"<p>Tl-sm5110-lr. Transceptor lc 10gbase-lr sfp. \u0095transceptor lc sfp  monomodo. \u0095conectable en caliente con m\u00e1xima flexibilidad. \u0095soporta monitoreo de diagnstico digital ddm. \u0095compatible con el acuerdo de mltiples fuentes conectables de formato pequeo de 10g sfp  msa. \u0095compatible con conmutadores con puertos 10g sfp , como jetstream tl-sg3428x, tl-sg3428xmp y m\u00e1s.<\/p>\n","protected":false},"featured_media":264012,"comment_status":"open","ping_status":"open","template":"","meta":[],"product_cat":[1485,1523],"product_tag":[1562],"acf":[],"yoast_head":"<!-- This site is optimized with the Yoast SEO plugin v21.7 - https:\/\/yoast.com\/wordpress\/plugins\/seo\/ -->\n<title>[ Tp Link ] &#129351; Tl-sm5110-lr,sm5110-lr Modulo Monomodo Tp-link Tl-sm5110-lr Compatible Con Switch Con Puertos 10g Sfp , Como Jetstream Tl-sg3428x, Tl-sg3428xmp Y Ms.<\/title>\n<meta name=\"description\" content=\"Compra Tl-sm5110-lr,sm5110-lr Modulo Monomodo Tp-link Tl-sm5110-lr Compatible Con Switch Con Puertos 10g Sfp , Como Jetstream Tl-sg3428x, Tl-sg3428xmp Y Ms. + Env\u00edo a domicilio + Pago seguro + Garant\u00eda\" \/>\n<meta name=\"robots\" content=\"index, follow, max-snippet:-1, max-image-preview:large, max-video-preview:-1\" \/>\n<link rel=\"canonical\" href=\"https:\/\/compuviper.mx\/tienda\/producto\/tp-link-tl-sm5110-lrsm5110-lr-modulo-monomodo-tp-link-tl-sm5110-lr-compatible-con-switch-con-puertos-10g-sfp-como-jetstream-tl-sg3428x-tl-sg3428xmp-y-ms\/\" \/>\n<meta property=\"og:locale\" content=\"es_MX\" \/>\n<meta property=\"og:type\" content=\"article\" \/>\n<meta property=\"og:title\" content=\"[ Tp Link ] &#129351; Tl-sm5110-lr,sm5110-lr Modulo Monomodo Tp-link Tl-sm5110-lr Compatible Con Switch Con Puertos 10g Sfp , Como Jetstream Tl-sg3428x, Tl-sg3428xmp Y Ms.\" \/>\n<meta property=\"og:description\" content=\"Compra Tl-sm5110-lr,sm5110-lr Modulo Monomodo Tp-link Tl-sm5110-lr Compatible Con Switch Con Puertos 10g Sfp , Como Jetstream Tl-sg3428x, Tl-sg3428xmp Y Ms. + Env\u00edo a domicilio + Pago seguro + Garant\u00eda\" \/>\n<meta property=\"og:url\" content=\"https:\/\/compuviper.mx\/tienda\/producto\/tp-link-tl-sm5110-lrsm5110-lr-modulo-monomodo-tp-link-tl-sm5110-lr-compatible-con-switch-con-puertos-10g-sfp-como-jetstream-tl-sg3428x-tl-sg3428xmp-y-ms\/\" \/>\n<meta property=\"og:site_name\" content=\"Compuviper\" \/>\n<meta property=\"article:publisher\" content=\"https:\/\/www.facebook.com\/compuviper\" \/>\n<meta property=\"og:image\" content=\"https:\/\/compuviper.mx\/tienda\/wp-content\/uploads\/2025\/12\/Modulo-monomodo-tp-link-tl-sm5110-lr-compatible-con-switch-con-puertos-10g-sfp-como-jetstream-tl-sg3428x-tl-sg3428xmp-y-ms.jpg\" \/>\n\t<meta property=\"og:image:width\" content=\"200\" \/>\n\t<meta property=\"og:image:height\" content=\"200\" \/>\n\t<meta property=\"og:image:type\" content=\"image\/jpeg\" \/>\n<meta name=\"twitter:card\" content=\"summary_large_image\" \/>\n<meta name=\"twitter:label1\" content=\"Precio\" \/>\n\t<meta name=\"twitter:data1\" content=\"&#36;518 con IVA\" \/>\n\t<meta name=\"twitter:label2\" content=\"Availability\" \/>\n\t<meta name=\"twitter:data2\" content=\"Out of stock\" \/>\n<script type=\"application\/ld+json\" class=\"yoast-schema-graph\">{\"@context\":\"https:\/\/schema.org\",\"@graph\":[{\"@type\":\"WebPage\",\"@id\":\"https:\/\/compuviper.mx\/tienda\/producto\/tp-link-tl-sm5110-lrsm5110-lr-modulo-monomodo-tp-link-tl-sm5110-lr-compatible-con-switch-con-puertos-10g-sfp-como-jetstream-tl-sg3428x-tl-sg3428xmp-y-ms\/\",\"url\":\"https:\/\/compuviper.mx\/tienda\/producto\/tp-link-tl-sm5110-lrsm5110-lr-modulo-monomodo-tp-link-tl-sm5110-lr-compatible-con-switch-con-puertos-10g-sfp-como-jetstream-tl-sg3428x-tl-sg3428xmp-y-ms\/\",\"name\":\"[ Tp Link ] &#129351; Tl-sm5110-lr,sm5110-lr Modulo Monomodo Tp-link Tl-sm5110-lr Compatible Con Switch Con Puertos 10g Sfp , Como Jetstream Tl-sg3428x, Tl-sg3428xmp Y Ms.\",\"isPartOf\":{\"@id\":\"https:\/\/compuviper.mx\/tienda\/#website\"},\"datePublished\":\"2026-04-08T05:12:21+00:00\",\"dateModified\":\"2026-04-08T05:12:21+00:00\",\"description\":\"Compra Tl-sm5110-lr,sm5110-lr Modulo Monomodo Tp-link Tl-sm5110-lr Compatible Con Switch Con Puertos 10g Sfp , Como Jetstream Tl-sg3428x, Tl-sg3428xmp Y Ms. + Env\u00edo a domicilio + Pago seguro + Garant\u00eda\",\"breadcrumb\":{\"@id\":\"https:\/\/compuviper.mx\/tienda\/producto\/tp-link-tl-sm5110-lrsm5110-lr-modulo-monomodo-tp-link-tl-sm5110-lr-compatible-con-switch-con-puertos-10g-sfp-como-jetstream-tl-sg3428x-tl-sg3428xmp-y-ms\/#breadcrumb\"},\"inLanguage\":\"es-MX\",\"potentialAction\":[{\"@type\":\"ReadAction\",\"target\":[\"https:\/\/compuviper.mx\/tienda\/producto\/tp-link-tl-sm5110-lrsm5110-lr-modulo-monomodo-tp-link-tl-sm5110-lr-compatible-con-switch-con-puertos-10g-sfp-como-jetstream-tl-sg3428x-tl-sg3428xmp-y-ms\/\"]}]},{\"@type\":\"BreadcrumbList\",\"@id\":\"https:\/\/compuviper.mx\/tienda\/producto\/tp-link-tl-sm5110-lrsm5110-lr-modulo-monomodo-tp-link-tl-sm5110-lr-compatible-con-switch-con-puertos-10g-sfp-como-jetstream-tl-sg3428x-tl-sg3428xmp-y-ms\/#breadcrumb\",\"itemListElement\":[{\"@type\":\"ListItem\",\"position\":1,\"name\":\"Inicio\",\"item\":\"https:\/\/compuviper.mx\/tienda\/\"},{\"@type\":\"ListItem\",\"position\":2,\"name\":\"Productos\",\"item\":\"https:\/\/compuviper.mx\/tienda\/productos\/\"},{\"@type\":\"ListItem\",\"position\":3,\"name\":\"Accesorios\",\"item\":\"https:\/\/compuviper.mx\/tienda\/categoria-producto\/accesorios\/\"},{\"@type\":\"ListItem\",\"position\":4,\"name\":\"Transceiver\",\"item\":\"https:\/\/compuviper.mx\/tienda\/categoria-producto\/accesorios\/transceiver\/\"},{\"@type\":\"ListItem\",\"position\":5,\"name\":\"Tp Link Tl-sm5110-lr,sm5110-lr Modulo Monomodo Tp-link Tl-sm5110-lr Compatible Con Switch Con Puertos 10g Sfp , Como Jetstream Tl-sg3428x, Tl-sg3428xmp Y Ms.\"}]},{\"@type\":\"WebSite\",\"@id\":\"https:\/\/compuviper.mx\/tienda\/#website\",\"url\":\"https:\/\/compuviper.mx\/tienda\/\",\"name\":\"Compuviper\",\"description\":\"Proveedor de Computadoras, Laptops, Servidores, Monitores, Puntos de Venta, Teclados,   Impresoras, T\u00f3ner, C\u00e1maras de Seguridad y m\u00e1s en tu tienda en l\u00ednea\",\"publisher\":{\"@id\":\"https:\/\/compuviper.mx\/tienda\/#organization\"},\"potentialAction\":[{\"@type\":\"SearchAction\",\"target\":{\"@type\":\"EntryPoint\",\"urlTemplate\":\"https:\/\/compuviper.mx\/tienda\/?s={search_term_string}\"},\"query-input\":\"required name=search_term_string\"}],\"inLanguage\":\"es-MX\"},{\"@type\":\"Organization\",\"@id\":\"https:\/\/compuviper.mx\/tienda\/#organization\",\"name\":\"Compuviper\",\"url\":\"https:\/\/compuviper.mx\/tienda\/\",\"logo\":{\"@type\":\"ImageObject\",\"inLanguage\":\"es-MX\",\"@id\":\"https:\/\/compuviper.mx\/tienda\/#\/schema\/logo\/image\/\",\"url\":\"https:\/\/compuviper.mx\/tienda\/wp-content\/uploads\/2021\/08\/Logo-Compuviper-10.png\",\"contentUrl\":\"https:\/\/compuviper.mx\/tienda\/wp-content\/uploads\/2021\/08\/Logo-Compuviper-10.png\",\"width\":1000,\"height\":500,\"caption\":\"Compuviper\"},\"image\":{\"@id\":\"https:\/\/compuviper.mx\/tienda\/#\/schema\/logo\/image\/\"},\"sameAs\":[\"https:\/\/www.facebook.com\/compuviper\",\"https:\/\/www.youtube.com\/channel\/UCf73dERp9Y3cfOq7q8BhLjA?view_as=subscriber\"]}]}<\/script>\n<meta property=\"product:brand\" content=\"TP LINK\" \/>\n<meta property=\"product:price:amount\" content=\"518\" \/>\n<meta property=\"product:price:currency\" content=\"MXN\" \/>\n<meta property=\"og:availability\" content=\"out of stock\" \/>\n<meta property=\"product:availability\" content=\"out of stock\" \/>\n<meta property=\"product:retailer_item_id\" content=\"TL-SM5110-LR,SM5110-LR\" \/>\n<meta property=\"product:condition\" content=\"new\" \/>\n<!-- \/ Yoast SEO plugin. -->","yoast_head_json":{"title":"[ Tp Link ] &#129351; Tl-sm5110-lr,sm5110-lr Modulo Monomodo Tp-link Tl-sm5110-lr Compatible Con Switch Con Puertos 10g Sfp , Como Jetstream Tl-sg3428x, Tl-sg3428xmp Y Ms.","description":"Compra Tl-sm5110-lr,sm5110-lr Modulo Monomodo Tp-link Tl-sm5110-lr Compatible Con Switch Con Puertos 10g Sfp , Como Jetstream Tl-sg3428x, Tl-sg3428xmp Y Ms. + Env\u00edo a domicilio + Pago seguro + Garant\u00eda","robots":{"index":"index","follow":"follow","max-snippet":"max-snippet:-1","max-image-preview":"max-image-preview:large","max-video-preview":"max-video-preview:-1"},"canonical":"https:\/\/compuviper.mx\/tienda\/producto\/tp-link-tl-sm5110-lrsm5110-lr-modulo-monomodo-tp-link-tl-sm5110-lr-compatible-con-switch-con-puertos-10g-sfp-como-jetstream-tl-sg3428x-tl-sg3428xmp-y-ms\/","og_locale":"es_MX","og_type":"article","og_title":"[ Tp Link ] &#129351; Tl-sm5110-lr,sm5110-lr Modulo Monomodo Tp-link Tl-sm5110-lr Compatible Con Switch Con Puertos 10g Sfp , Como Jetstream Tl-sg3428x, Tl-sg3428xmp Y Ms.","og_description":"Compra Tl-sm5110-lr,sm5110-lr Modulo Monomodo Tp-link Tl-sm5110-lr Compatible Con Switch Con Puertos 10g Sfp , Como Jetstream Tl-sg3428x, Tl-sg3428xmp Y Ms. + Env\u00edo a domicilio + Pago seguro + Garant\u00eda","og_url":"https:\/\/compuviper.mx\/tienda\/producto\/tp-link-tl-sm5110-lrsm5110-lr-modulo-monomodo-tp-link-tl-sm5110-lr-compatible-con-switch-con-puertos-10g-sfp-como-jetstream-tl-sg3428x-tl-sg3428xmp-y-ms\/","og_site_name":"Compuviper","article_publisher":"https:\/\/www.facebook.com\/compuviper","og_image":[{"width":200,"height":200,"url":"https:\/\/compuviper.mx\/tienda\/wp-content\/uploads\/2025\/12\/Modulo-monomodo-tp-link-tl-sm5110-lr-compatible-con-switch-con-puertos-10g-sfp-como-jetstream-tl-sg3428x-tl-sg3428xmp-y-ms.jpg","type":"image\/jpeg"}],"twitter_card":"summary_large_image","twitter_misc":{"Precio":"&#36;518 con IVA","Availability":"Out of stock"},"schema":{"@context":"https:\/\/schema.org","@graph":[{"@type":"WebPage","@id":"https:\/\/compuviper.mx\/tienda\/producto\/tp-link-tl-sm5110-lrsm5110-lr-modulo-monomodo-tp-link-tl-sm5110-lr-compatible-con-switch-con-puertos-10g-sfp-como-jetstream-tl-sg3428x-tl-sg3428xmp-y-ms\/","url":"https:\/\/compuviper.mx\/tienda\/producto\/tp-link-tl-sm5110-lrsm5110-lr-modulo-monomodo-tp-link-tl-sm5110-lr-compatible-con-switch-con-puertos-10g-sfp-como-jetstream-tl-sg3428x-tl-sg3428xmp-y-ms\/","name":"[ Tp Link ] &#129351; Tl-sm5110-lr,sm5110-lr Modulo Monomodo Tp-link Tl-sm5110-lr Compatible Con Switch Con Puertos 10g Sfp , Como Jetstream Tl-sg3428x, Tl-sg3428xmp Y Ms.","isPartOf":{"@id":"https:\/\/compuviper.mx\/tienda\/#website"},"datePublished":"2026-04-08T05:12:21+00:00","dateModified":"2026-04-08T05:12:21+00:00","description":"Compra Tl-sm5110-lr,sm5110-lr Modulo Monomodo Tp-link Tl-sm5110-lr Compatible Con Switch Con Puertos 10g Sfp , Como Jetstream Tl-sg3428x, Tl-sg3428xmp Y Ms. + Env\u00edo a domicilio + Pago seguro + Garant\u00eda","breadcrumb":{"@id":"https:\/\/compuviper.mx\/tienda\/producto\/tp-link-tl-sm5110-lrsm5110-lr-modulo-monomodo-tp-link-tl-sm5110-lr-compatible-con-switch-con-puertos-10g-sfp-como-jetstream-tl-sg3428x-tl-sg3428xmp-y-ms\/#breadcrumb"},"inLanguage":"es-MX","potentialAction":[{"@type":"ReadAction","target":["https:\/\/compuviper.mx\/tienda\/producto\/tp-link-tl-sm5110-lrsm5110-lr-modulo-monomodo-tp-link-tl-sm5110-lr-compatible-con-switch-con-puertos-10g-sfp-como-jetstream-tl-sg3428x-tl-sg3428xmp-y-ms\/"]}]},{"@type":"BreadcrumbList","@id":"https:\/\/compuviper.mx\/tienda\/producto\/tp-link-tl-sm5110-lrsm5110-lr-modulo-monomodo-tp-link-tl-sm5110-lr-compatible-con-switch-con-puertos-10g-sfp-como-jetstream-tl-sg3428x-tl-sg3428xmp-y-ms\/#breadcrumb","itemListElement":[{"@type":"ListItem","position":1,"name":"Inicio","item":"https:\/\/compuviper.mx\/tienda\/"},{"@type":"ListItem","position":2,"name":"Productos","item":"https:\/\/compuviper.mx\/tienda\/productos\/"},{"@type":"ListItem","position":3,"name":"Accesorios","item":"https:\/\/compuviper.mx\/tienda\/categoria-producto\/accesorios\/"},{"@type":"ListItem","position":4,"name":"Transceiver","item":"https:\/\/compuviper.mx\/tienda\/categoria-producto\/accesorios\/transceiver\/"},{"@type":"ListItem","position":5,"name":"Tp Link Tl-sm5110-lr,sm5110-lr Modulo Monomodo Tp-link Tl-sm5110-lr Compatible Con Switch Con Puertos 10g Sfp , Como Jetstream Tl-sg3428x, Tl-sg3428xmp Y Ms."}]},{"@type":"WebSite","@id":"https:\/\/compuviper.mx\/tienda\/#website","url":"https:\/\/compuviper.mx\/tienda\/","name":"Compuviper","description":"Proveedor de Computadoras, Laptops, Servidores, Monitores, Puntos de Venta, Teclados,   Impresoras, T\u00f3ner, C\u00e1maras de Seguridad y m\u00e1s en tu tienda en l\u00ednea","publisher":{"@id":"https:\/\/compuviper.mx\/tienda\/#organization"},"potentialAction":[{"@type":"SearchAction","target":{"@type":"EntryPoint","urlTemplate":"https:\/\/compuviper.mx\/tienda\/?s={search_term_string}"},"query-input":"required name=search_term_string"}],"inLanguage":"es-MX"},{"@type":"Organization","@id":"https:\/\/compuviper.mx\/tienda\/#organization","name":"Compuviper","url":"https:\/\/compuviper.mx\/tienda\/","logo":{"@type":"ImageObject","inLanguage":"es-MX","@id":"https:\/\/compuviper.mx\/tienda\/#\/schema\/logo\/image\/","url":"https:\/\/compuviper.mx\/tienda\/wp-content\/uploads\/2021\/08\/Logo-Compuviper-10.png","contentUrl":"https:\/\/compuviper.mx\/tienda\/wp-content\/uploads\/2021\/08\/Logo-Compuviper-10.png","width":1000,"height":500,"caption":"Compuviper"},"image":{"@id":"https:\/\/compuviper.mx\/tienda\/#\/schema\/logo\/image\/"},"sameAs":["https:\/\/www.facebook.com\/compuviper","https:\/\/www.youtube.com\/channel\/UCf73dERp9Y3cfOq7q8BhLjA?view_as=subscriber"]}]},"product_brand":"TP LINK","product_price_amount":"518","product_price_currency":"MXN","og_availability":"out of stock","product_availability":"out of stock","product_retailer_item_id":"TL-SM5110-LR,SM5110-LR","product_condition":"new"},"_links":{"self":[{"href":"https:\/\/compuviper.mx\/tienda\/wp-json\/wp\/v2\/product\/263914"}],"collection":[{"href":"https:\/\/compuviper.mx\/tienda\/wp-json\/wp\/v2\/product"}],"about":[{"href":"https:\/\/compuviper.mx\/tienda\/wp-json\/wp\/v2\/types\/product"}],"replies":[{"embeddable":true,"href":"https:\/\/compuviper.mx\/tienda\/wp-json\/wp\/v2\/comments?post=263914"}],"wp:featuredmedia":[{"embeddable":true,"href":"https:\/\/compuviper.mx\/tienda\/wp-json\/wp\/v2\/media\/264012"}],"wp:attachment":[{"href":"https:\/\/compuviper.mx\/tienda\/wp-json\/wp\/v2\/media?parent=263914"}],"wp:term":[{"taxonomy":"product_cat","embeddable":true,"href":"https:\/\/compuviper.mx\/tienda\/wp-json\/wp\/v2\/product_cat?post=263914"},{"taxonomy":"product_tag","embeddable":true,"href":"https:\/\/compuviper.mx\/tienda\/wp-json\/wp\/v2\/product_tag?post=263914"}],"curies":[{"name":"wp","href":"https:\/\/api.w.org\/{rel}","templated":true}]}}