{"id":263910,"date":"2026-04-16T02:23:01","date_gmt":"2026-04-16T08:23:01","guid":{"rendered":"https:\/\/compuviper.mx\/tienda\/producto\/pny-vcg40608dfxpb1-o-tarjeta-de-video-nvidia-geforce-rtx-4060-dual-fan-xlr8-gaming-verto-oc-8gb-gddr6x-pcie-x16-4-0-gama-alta-gamer\/"},"modified":"2026-04-16T02:23:02","modified_gmt":"2026-04-16T08:23:02","slug":"pny-vcg40608dfxpb1-o-tarjeta-de-video-nvidia-geforce-rtx-4060-dual-fan-xlr8-gaming-verto-oc-8gb-gddr6x-pcie-x16-4-0-gama-alta-gamer","status":"publish","type":"product","link":"https:\/\/compuviper.mx\/tienda\/producto\/pny-vcg40608dfxpb1-o-tarjeta-de-video-nvidia-geforce-rtx-4060-dual-fan-xlr8-gaming-verto-oc-8gb-gddr6x-pcie-x16-4-0-gama-alta-gamer\/","title":{"rendered":"Pny Vcg40608dfxpb1-o Tarjeta De Video  Nvidia Geforce Rtx 4060 Dual Fan Xlr8 Gaming Verto Oc \/8gb Gddr6x\/pcie X16 4.0\/gama Alta\/gamer"},"content":{"rendered":"<table class=\"descripcion\">\n<tr>\n<td>N\u00famero de pieza pny: vcg40608dfxpb1-o<\/td>\n<\/tr>\n<tr>\n<td>C\u00f3digo upc: 751492780009<\/td>\n<\/tr>\n<tr>\n<td>N\u00facleos cuda: 3072<\/td>\n<\/tr>\n<tr>\n<td>Velocidad del reloj: 1830 mhz<\/td>\n<\/tr>\n<tr>\n<td>Aumentar la velocidad: 2475 mhz<\/td>\n<\/tr>\n<tr>\n<td>Velocidad de memoria (gbps):  17<\/td>\n<\/tr>\n<tr>\n<td>Tama\u00f1o de la memoria: 8 gb gddr6<\/td>\n<\/tr>\n<tr>\n<td>Interfaz de memoria: 128 bits<\/td>\n<\/tr>\n<tr>\n<td>Ancho de banda de memoria (gb\/seg): 272<\/td>\n<\/tr>\n<tr>\n<td>Tdp: 115 w<\/td>\n<\/tr>\n<tr>\n<td>Nvlink: no se admite<\/td>\n<\/tr>\n<tr>\n<td>Salidas: displayport 1.4a (x3), hdmi 2.1<\/td>\n<\/tr>\n<tr>\n<td>Multipantalla: 4<\/td>\n<\/tr>\n<tr>\n<td>Resoluci\u00f3n: 7680 x 4320 a 120 hz (digital)3<\/td>\n<\/tr>\n<tr>\n<td>Entrada de alimentaci\u00f3n: uno de 8 polos<\/td>\n<\/tr>\n<tr>\n<td>Tipo de autob\u00fas: pci-express 4.0 x16 (x8 activo)<\/td>\n<\/tr>\n<tr>\n<td>Dimensiones de la tarjeta: 8,27 x 4,52 x 1,57; doble ranura<\/td>\n<\/tr>\n<tr>\n<td>Dimensiones de la caja: 12,64 x 7,13 x 2,6<\/td>\n<\/tr>\n<\/table>\n","protected":false},"excerpt":{"rendered":"<p>Las gpu nvidia\u00ae geforce rtx\u0099 serie 40 son m\u00e1s que r\u00e1pidas para jugadores y creadores. Est\u00e1n equipadas con la arquitectura ultraeficiente nvidia ada lovelace, que proporciona un salto cualitativo tanto en rendimiento como en gr\u00e1ficos basados en ia. Experimenta mundos virtuales de gran realismo con el trazado de rayos y juegos de alt\u00edsimos fps con la latencia m\u00e1s baja. Descubre nuevas y revolucionarias formas de crear y una aceleraci\u00f3n del flujo de trabajo sin precedentes.<\/p>\n","protected":false},"featured_media":263911,"comment_status":"open","ping_status":"open","template":"","meta":[],"product_cat":[1841,1842],"product_tag":[1849],"acf":[],"yoast_head":"<!-- This site is optimized with the Yoast SEO plugin v21.7 - https:\/\/yoast.com\/wordpress\/plugins\/seo\/ -->\n<title>[ Pny ] &#129351; Vcg40608dfxpb1-o Tarjeta De Video Nvidia Geforce Rtx 4060 Dual Fan Xlr8 Gaming Verto Oc \/8gb Gddr6x\/pcie X16 4.0\/gama Alta\/gamer<\/title>\n<meta name=\"description\" content=\"Compra Vcg40608dfxpb1-o Tarjeta De Video Nvidia Geforce Rtx 4060 Dual Fan Xlr8 Gaming Verto Oc \/8gb Gddr6x\/pcie X16 4.0\/gama Alta\/gamer + Env\u00edo a domicilio + Pago seguro + Garant\u00eda\" \/>\n<meta name=\"robots\" content=\"index, follow, max-snippet:-1, max-image-preview:large, max-video-preview:-1\" \/>\n<link rel=\"canonical\" href=\"https:\/\/compuviper.mx\/tienda\/producto\/pny-vcg40608dfxpb1-o-tarjeta-de-video-nvidia-geforce-rtx-4060-dual-fan-xlr8-gaming-verto-oc-8gb-gddr6x-pcie-x16-4-0-gama-alta-gamer\/\" \/>\n<meta property=\"og:locale\" content=\"es_MX\" \/>\n<meta property=\"og:type\" content=\"article\" \/>\n<meta property=\"og:title\" content=\"[ Pny ] &#129351; Vcg40608dfxpb1-o Tarjeta De Video Nvidia Geforce Rtx 4060 Dual Fan Xlr8 Gaming Verto Oc \/8gb Gddr6x\/pcie X16 4.0\/gama Alta\/gamer\" \/>\n<meta property=\"og:description\" content=\"Compra Vcg40608dfxpb1-o Tarjeta De Video Nvidia Geforce Rtx 4060 Dual Fan Xlr8 Gaming Verto Oc \/8gb Gddr6x\/pcie X16 4.0\/gama Alta\/gamer + Env\u00edo a domicilio + Pago seguro + Garant\u00eda\" \/>\n<meta property=\"og:url\" content=\"https:\/\/compuviper.mx\/tienda\/producto\/pny-vcg40608dfxpb1-o-tarjeta-de-video-nvidia-geforce-rtx-4060-dual-fan-xlr8-gaming-verto-oc-8gb-gddr6x-pcie-x16-4-0-gama-alta-gamer\/\" \/>\n<meta property=\"og:site_name\" content=\"Compuviper\" \/>\n<meta property=\"article:publisher\" content=\"https:\/\/www.facebook.com\/compuviper\" \/>\n<meta property=\"article:modified_time\" content=\"2026-04-16T08:23:02+00:00\" \/>\n<meta property=\"og:image\" content=\"https:\/\/compuviper.mx\/tienda\/wp-content\/uploads\/2025\/12\/Tarjeta-de-video-pny-nvidia-geforce-rtx-4060-dual-fan-xlr8-gaming-verto-oc-8gb-gddr6xpcie-x16-4.0gama-altagamer.jpg\" \/>\n\t<meta property=\"og:image:width\" content=\"200\" \/>\n\t<meta property=\"og:image:height\" content=\"200\" \/>\n\t<meta property=\"og:image:type\" content=\"image\/jpeg\" \/>\n<meta name=\"twitter:card\" content=\"summary_large_image\" \/>\n<meta name=\"twitter:label1\" content=\"Precio\" \/>\n\t<meta name=\"twitter:data1\" content=\"&#36;4,773 con IVA\" \/>\n\t<meta name=\"twitter:label2\" content=\"Availability\" \/>\n\t<meta name=\"twitter:data2\" content=\"Out of stock\" \/>\n<script type=\"application\/ld+json\" class=\"yoast-schema-graph\">{\"@context\":\"https:\/\/schema.org\",\"@graph\":[{\"@type\":\"WebPage\",\"@id\":\"https:\/\/compuviper.mx\/tienda\/producto\/pny-vcg40608dfxpb1-o-tarjeta-de-video-nvidia-geforce-rtx-4060-dual-fan-xlr8-gaming-verto-oc-8gb-gddr6x-pcie-x16-4-0-gama-alta-gamer\/\",\"url\":\"https:\/\/compuviper.mx\/tienda\/producto\/pny-vcg40608dfxpb1-o-tarjeta-de-video-nvidia-geforce-rtx-4060-dual-fan-xlr8-gaming-verto-oc-8gb-gddr6x-pcie-x16-4-0-gama-alta-gamer\/\",\"name\":\"[ Pny ] &#129351; Vcg40608dfxpb1-o Tarjeta De Video Nvidia Geforce Rtx 4060 Dual Fan Xlr8 Gaming Verto Oc \/8gb Gddr6x\/pcie X16 4.0\/gama Alta\/gamer\",\"isPartOf\":{\"@id\":\"https:\/\/compuviper.mx\/tienda\/#website\"},\"datePublished\":\"2026-04-16T08:23:01+00:00\",\"dateModified\":\"2026-04-16T08:23:02+00:00\",\"description\":\"Compra Vcg40608dfxpb1-o Tarjeta De Video Nvidia Geforce Rtx 4060 Dual Fan Xlr8 Gaming Verto Oc \/8gb Gddr6x\/pcie X16 4.0\/gama Alta\/gamer + Env\u00edo a domicilio + Pago seguro + Garant\u00eda\",\"breadcrumb\":{\"@id\":\"https:\/\/compuviper.mx\/tienda\/producto\/pny-vcg40608dfxpb1-o-tarjeta-de-video-nvidia-geforce-rtx-4060-dual-fan-xlr8-gaming-verto-oc-8gb-gddr6x-pcie-x16-4-0-gama-alta-gamer\/#breadcrumb\"},\"inLanguage\":\"es-MX\",\"potentialAction\":[{\"@type\":\"ReadAction\",\"target\":[\"https:\/\/compuviper.mx\/tienda\/producto\/pny-vcg40608dfxpb1-o-tarjeta-de-video-nvidia-geforce-rtx-4060-dual-fan-xlr8-gaming-verto-oc-8gb-gddr6x-pcie-x16-4-0-gama-alta-gamer\/\"]}]},{\"@type\":\"BreadcrumbList\",\"@id\":\"https:\/\/compuviper.mx\/tienda\/producto\/pny-vcg40608dfxpb1-o-tarjeta-de-video-nvidia-geforce-rtx-4060-dual-fan-xlr8-gaming-verto-oc-8gb-gddr6x-pcie-x16-4-0-gama-alta-gamer\/#breadcrumb\",\"itemListElement\":[{\"@type\":\"ListItem\",\"position\":1,\"name\":\"Inicio\",\"item\":\"https:\/\/compuviper.mx\/tienda\/\"},{\"@type\":\"ListItem\",\"position\":2,\"name\":\"Productos\",\"item\":\"https:\/\/compuviper.mx\/tienda\/productos\/\"},{\"@type\":\"ListItem\",\"position\":3,\"name\":\"Video\",\"item\":\"https:\/\/compuviper.mx\/tienda\/categoria-producto\/video\/\"},{\"@type\":\"ListItem\",\"position\":4,\"name\":\"Video\",\"item\":\"https:\/\/compuviper.mx\/tienda\/categoria-producto\/video\/video-video\/\"},{\"@type\":\"ListItem\",\"position\":5,\"name\":\"Pny Vcg40608dfxpb1-o Tarjeta De Video Nvidia Geforce Rtx 4060 Dual Fan Xlr8 Gaming Verto Oc \/8gb Gddr6x\/pcie X16 4.0\/gama Alta\/gamer\"}]},{\"@type\":\"WebSite\",\"@id\":\"https:\/\/compuviper.mx\/tienda\/#website\",\"url\":\"https:\/\/compuviper.mx\/tienda\/\",\"name\":\"Compuviper\",\"description\":\"Proveedor de Computadoras, Laptops, Servidores, Monitores, Puntos de Venta, Teclados,   Impresoras, T\u00f3ner, C\u00e1maras de Seguridad y m\u00e1s en tu tienda en l\u00ednea\",\"publisher\":{\"@id\":\"https:\/\/compuviper.mx\/tienda\/#organization\"},\"potentialAction\":[{\"@type\":\"SearchAction\",\"target\":{\"@type\":\"EntryPoint\",\"urlTemplate\":\"https:\/\/compuviper.mx\/tienda\/?s={search_term_string}\"},\"query-input\":\"required name=search_term_string\"}],\"inLanguage\":\"es-MX\"},{\"@type\":\"Organization\",\"@id\":\"https:\/\/compuviper.mx\/tienda\/#organization\",\"name\":\"Compuviper\",\"url\":\"https:\/\/compuviper.mx\/tienda\/\",\"logo\":{\"@type\":\"ImageObject\",\"inLanguage\":\"es-MX\",\"@id\":\"https:\/\/compuviper.mx\/tienda\/#\/schema\/logo\/image\/\",\"url\":\"https:\/\/compuviper.mx\/tienda\/wp-content\/uploads\/2021\/08\/Logo-Compuviper-10.png\",\"contentUrl\":\"https:\/\/compuviper.mx\/tienda\/wp-content\/uploads\/2021\/08\/Logo-Compuviper-10.png\",\"width\":1000,\"height\":500,\"caption\":\"Compuviper\"},\"image\":{\"@id\":\"https:\/\/compuviper.mx\/tienda\/#\/schema\/logo\/image\/\"},\"sameAs\":[\"https:\/\/www.facebook.com\/compuviper\",\"https:\/\/www.youtube.com\/channel\/UCf73dERp9Y3cfOq7q8BhLjA?view_as=subscriber\"]}]}<\/script>\n<meta property=\"product:brand\" content=\"PNY\" \/>\n<meta property=\"product:price:amount\" content=\"4773\" \/>\n<meta property=\"product:price:currency\" content=\"MXN\" \/>\n<meta property=\"og:availability\" content=\"out of stock\" \/>\n<meta property=\"product:availability\" content=\"out of stock\" \/>\n<meta property=\"product:retailer_item_id\" content=\"VCG40608DFXPB1-O\" \/>\n<meta property=\"product:condition\" content=\"new\" \/>\n<!-- \/ Yoast SEO plugin. -->","yoast_head_json":{"title":"[ Pny ] &#129351; Vcg40608dfxpb1-o Tarjeta De Video Nvidia Geforce Rtx 4060 Dual Fan Xlr8 Gaming Verto Oc \/8gb Gddr6x\/pcie X16 4.0\/gama Alta\/gamer","description":"Compra Vcg40608dfxpb1-o Tarjeta De Video Nvidia Geforce Rtx 4060 Dual Fan Xlr8 Gaming Verto Oc \/8gb Gddr6x\/pcie X16 4.0\/gama Alta\/gamer + Env\u00edo a domicilio + Pago seguro + Garant\u00eda","robots":{"index":"index","follow":"follow","max-snippet":"max-snippet:-1","max-image-preview":"max-image-preview:large","max-video-preview":"max-video-preview:-1"},"canonical":"https:\/\/compuviper.mx\/tienda\/producto\/pny-vcg40608dfxpb1-o-tarjeta-de-video-nvidia-geforce-rtx-4060-dual-fan-xlr8-gaming-verto-oc-8gb-gddr6x-pcie-x16-4-0-gama-alta-gamer\/","og_locale":"es_MX","og_type":"article","og_title":"[ Pny ] &#129351; Vcg40608dfxpb1-o Tarjeta De Video Nvidia Geforce Rtx 4060 Dual Fan Xlr8 Gaming Verto Oc \/8gb Gddr6x\/pcie X16 4.0\/gama Alta\/gamer","og_description":"Compra Vcg40608dfxpb1-o Tarjeta De Video Nvidia Geforce Rtx 4060 Dual Fan Xlr8 Gaming Verto Oc \/8gb Gddr6x\/pcie X16 4.0\/gama Alta\/gamer + Env\u00edo a domicilio + Pago seguro + Garant\u00eda","og_url":"https:\/\/compuviper.mx\/tienda\/producto\/pny-vcg40608dfxpb1-o-tarjeta-de-video-nvidia-geforce-rtx-4060-dual-fan-xlr8-gaming-verto-oc-8gb-gddr6x-pcie-x16-4-0-gama-alta-gamer\/","og_site_name":"Compuviper","article_publisher":"https:\/\/www.facebook.com\/compuviper","article_modified_time":"2026-04-16T08:23:02+00:00","og_image":[{"width":200,"height":200,"url":"https:\/\/compuviper.mx\/tienda\/wp-content\/uploads\/2025\/12\/Tarjeta-de-video-pny-nvidia-geforce-rtx-4060-dual-fan-xlr8-gaming-verto-oc-8gb-gddr6xpcie-x16-4.0gama-altagamer.jpg","type":"image\/jpeg"}],"twitter_card":"summary_large_image","twitter_misc":{"Precio":"&#36;4,773 con IVA","Availability":"Out of stock"},"schema":{"@context":"https:\/\/schema.org","@graph":[{"@type":"WebPage","@id":"https:\/\/compuviper.mx\/tienda\/producto\/pny-vcg40608dfxpb1-o-tarjeta-de-video-nvidia-geforce-rtx-4060-dual-fan-xlr8-gaming-verto-oc-8gb-gddr6x-pcie-x16-4-0-gama-alta-gamer\/","url":"https:\/\/compuviper.mx\/tienda\/producto\/pny-vcg40608dfxpb1-o-tarjeta-de-video-nvidia-geforce-rtx-4060-dual-fan-xlr8-gaming-verto-oc-8gb-gddr6x-pcie-x16-4-0-gama-alta-gamer\/","name":"[ Pny ] &#129351; Vcg40608dfxpb1-o Tarjeta De Video Nvidia Geforce Rtx 4060 Dual Fan Xlr8 Gaming Verto Oc \/8gb Gddr6x\/pcie X16 4.0\/gama Alta\/gamer","isPartOf":{"@id":"https:\/\/compuviper.mx\/tienda\/#website"},"datePublished":"2026-04-16T08:23:01+00:00","dateModified":"2026-04-16T08:23:02+00:00","description":"Compra Vcg40608dfxpb1-o Tarjeta De Video Nvidia Geforce Rtx 4060 Dual Fan Xlr8 Gaming Verto Oc \/8gb Gddr6x\/pcie X16 4.0\/gama Alta\/gamer + Env\u00edo a domicilio + Pago seguro + Garant\u00eda","breadcrumb":{"@id":"https:\/\/compuviper.mx\/tienda\/producto\/pny-vcg40608dfxpb1-o-tarjeta-de-video-nvidia-geforce-rtx-4060-dual-fan-xlr8-gaming-verto-oc-8gb-gddr6x-pcie-x16-4-0-gama-alta-gamer\/#breadcrumb"},"inLanguage":"es-MX","potentialAction":[{"@type":"ReadAction","target":["https:\/\/compuviper.mx\/tienda\/producto\/pny-vcg40608dfxpb1-o-tarjeta-de-video-nvidia-geforce-rtx-4060-dual-fan-xlr8-gaming-verto-oc-8gb-gddr6x-pcie-x16-4-0-gama-alta-gamer\/"]}]},{"@type":"BreadcrumbList","@id":"https:\/\/compuviper.mx\/tienda\/producto\/pny-vcg40608dfxpb1-o-tarjeta-de-video-nvidia-geforce-rtx-4060-dual-fan-xlr8-gaming-verto-oc-8gb-gddr6x-pcie-x16-4-0-gama-alta-gamer\/#breadcrumb","itemListElement":[{"@type":"ListItem","position":1,"name":"Inicio","item":"https:\/\/compuviper.mx\/tienda\/"},{"@type":"ListItem","position":2,"name":"Productos","item":"https:\/\/compuviper.mx\/tienda\/productos\/"},{"@type":"ListItem","position":3,"name":"Video","item":"https:\/\/compuviper.mx\/tienda\/categoria-producto\/video\/"},{"@type":"ListItem","position":4,"name":"Video","item":"https:\/\/compuviper.mx\/tienda\/categoria-producto\/video\/video-video\/"},{"@type":"ListItem","position":5,"name":"Pny Vcg40608dfxpb1-o Tarjeta De Video Nvidia Geforce Rtx 4060 Dual Fan Xlr8 Gaming Verto Oc \/8gb Gddr6x\/pcie X16 4.0\/gama Alta\/gamer"}]},{"@type":"WebSite","@id":"https:\/\/compuviper.mx\/tienda\/#website","url":"https:\/\/compuviper.mx\/tienda\/","name":"Compuviper","description":"Proveedor de Computadoras, Laptops, Servidores, Monitores, Puntos de Venta, Teclados,   Impresoras, T\u00f3ner, C\u00e1maras de Seguridad y m\u00e1s en tu tienda en l\u00ednea","publisher":{"@id":"https:\/\/compuviper.mx\/tienda\/#organization"},"potentialAction":[{"@type":"SearchAction","target":{"@type":"EntryPoint","urlTemplate":"https:\/\/compuviper.mx\/tienda\/?s={search_term_string}"},"query-input":"required name=search_term_string"}],"inLanguage":"es-MX"},{"@type":"Organization","@id":"https:\/\/compuviper.mx\/tienda\/#organization","name":"Compuviper","url":"https:\/\/compuviper.mx\/tienda\/","logo":{"@type":"ImageObject","inLanguage":"es-MX","@id":"https:\/\/compuviper.mx\/tienda\/#\/schema\/logo\/image\/","url":"https:\/\/compuviper.mx\/tienda\/wp-content\/uploads\/2021\/08\/Logo-Compuviper-10.png","contentUrl":"https:\/\/compuviper.mx\/tienda\/wp-content\/uploads\/2021\/08\/Logo-Compuviper-10.png","width":1000,"height":500,"caption":"Compuviper"},"image":{"@id":"https:\/\/compuviper.mx\/tienda\/#\/schema\/logo\/image\/"},"sameAs":["https:\/\/www.facebook.com\/compuviper","https:\/\/www.youtube.com\/channel\/UCf73dERp9Y3cfOq7q8BhLjA?view_as=subscriber"]}]},"product_brand":"PNY","product_price_amount":"4773","product_price_currency":"MXN","og_availability":"out of stock","product_availability":"out of stock","product_retailer_item_id":"VCG40608DFXPB1-O","product_condition":"new"},"_links":{"self":[{"href":"https:\/\/compuviper.mx\/tienda\/wp-json\/wp\/v2\/product\/263910"}],"collection":[{"href":"https:\/\/compuviper.mx\/tienda\/wp-json\/wp\/v2\/product"}],"about":[{"href":"https:\/\/compuviper.mx\/tienda\/wp-json\/wp\/v2\/types\/product"}],"replies":[{"embeddable":true,"href":"https:\/\/compuviper.mx\/tienda\/wp-json\/wp\/v2\/comments?post=263910"}],"wp:featuredmedia":[{"embeddable":true,"href":"https:\/\/compuviper.mx\/tienda\/wp-json\/wp\/v2\/media\/263911"}],"wp:attachment":[{"href":"https:\/\/compuviper.mx\/tienda\/wp-json\/wp\/v2\/media?parent=263910"}],"wp:term":[{"taxonomy":"product_cat","embeddable":true,"href":"https:\/\/compuviper.mx\/tienda\/wp-json\/wp\/v2\/product_cat?post=263910"},{"taxonomy":"product_tag","embeddable":true,"href":"https:\/\/compuviper.mx\/tienda\/wp-json\/wp\/v2\/product_tag?post=263910"}],"curies":[{"name":"wp","href":"https:\/\/api.w.org\/{rel}","templated":true}]}}