{"id":263860,"date":"2026-04-11T01:42:52","date_gmt":"2026-04-11T07:42:52","guid":{"rendered":"https:\/\/compuviper.mx\/tienda\/producto\/canon-5951c005-multifuncional-mf465dw-42-ppm-negro-laser-monocromatico-usb-wifi-ethernet-red-duplex-cama-plana-carta-ciclo-mensual-hasta-40000-compatible-windows-mac-consumible-070-y-070h\/"},"modified":"2026-04-11T01:42:52","modified_gmt":"2026-04-11T07:42:52","slug":"canon-5951c005-multifuncional-mf465dw-laser-monocromatico-ppm-42-negro-usb-wifi-ethernet-red-duplex-cama-plana-carta-consumibles-070-y-070h","status":"publish","type":"product","link":"https:\/\/compuviper.mx\/tienda\/producto\/canon-5951c005-multifuncional-mf465dw-laser-monocromatico-ppm-42-negro-usb-wifi-ethernet-red-duplex-cama-plana-carta-consumibles-070-y-070h\/","title":{"rendered":"Canon 5951c005 Multifuncional  Mf465dw, Laser Monocromatico, Ppm 42 Negro, Usb, Wifi, Ethernet (red), Duplex, Cama Plana Carta, Consumibles 070 Y 070h"},"content":{"rendered":"<table class=\"descripcion\">\n<tr>\n<td>Imageclass mf465dw<\/td>\n<\/tr>\n<tr>\n<td>Impresora, copiadora, esc\u00e1ner y fax.<\/td>\n<\/tr>\n<tr>\n<td>Especificaciones de la impresora<\/td>\n<\/tr>\n<tr>\n<td>Impresora, copiadora, esc\u00e1ner y fax.<\/td>\n<\/tr>\n<tr>\n<td>Tipo de impresora: l\u00e1ser en blanco y negro<\/td>\n<\/tr>\n<tr>\n<td>Velocidad de impresin: hasta 42 ppm carta<\/td>\n<\/tr>\n<tr>\n<td>Tiempo de entrega de la primera impresin: aprox. 4.9 segundos<\/td>\n<\/tr>\n<tr>\n<td>Lenguaje de la impresora: ufr ii, pcl\u00ae6, pcl\u00ae5, adobe postscript 3\u00ae<\/td>\n<\/tr>\n<tr>\n<td>Resolucin de impresin: hasta 1200 x 1200 dpi<\/td>\n<\/tr>\n<tr>\n<td>Impresin bilateral: autom\u00e1tica est\u00e1ndar<\/td>\n<\/tr>\n<tr>\n<td>Memoria de impresin: 1 gb<\/td>\n<\/tr>\n<tr>\n<td>Impresin directa desde usb: disponible desde una memoria usb jpeg, tiff, pdf<\/td>\n<\/tr>\n<tr>\n<td>Vlumen de impresin: de 750 a 4000  paginas mensuales<\/td>\n<\/tr>\n<tr>\n<td>Ciclo de trabajo maximo: hasta 80,000 paginas mensuales<\/td>\n<\/tr>\n<tr>\n<td>Especificaciones de la copiadora<\/td>\n<\/tr>\n<tr>\n<td>Velocidad de copia: hasta 42 ppm 1 cara y 35.1 ppm doble cara<\/td>\n<\/tr>\n<tr>\n<td>Salida de la primera copia: 6.0 segundos<\/td>\n<\/tr>\n<tr>\n<td>Resolusion de copia: hasta 600 x 600 dpi<\/td>\n<\/tr>\n<tr>\n<td>Tamao de copia: cama plana: hasta carta \/ a4<\/td>\n<\/tr>\n<tr>\n<td>Adf: hasta legal<\/td>\n<\/tr>\n<tr>\n<td>Copias multiples: hasta 999 copias<\/td>\n<\/tr>\n<tr>\n<td>Ampliacin: del 25 al 400<\/td>\n<\/tr>\n<tr>\n<td>Especificaciones del esc\u00e1ner:<\/td>\n<\/tr>\n<tr>\n<td>Tipo: cama plana y alimentador autom\u00e1tico de documentos adf<\/td>\n<\/tr>\n<tr>\n<td>Capacidad del alimentador: hasta 50 hojas bond<\/td>\n<\/tr>\n<tr>\n<td>Tamaos: carta, legal y ancho personalizado.<\/td>\n<\/tr>\n<tr>\n<td>Escaneo halado: scangear mf para twain y wia<\/td>\n<\/tr>\n<tr>\n<td>Resolucin de escaneo: hasta 600 x 600 dpi<\/td>\n<\/tr>\n<tr>\n<td>Escaneo a dispositivos mviles: e-mail, pc, memoria usb, ftp, nube\/coud ifax<\/td>\n<\/tr>\n<tr>\n<td>Velocidad de escaneo b\/n \/ color<\/td>\n<\/tr>\n<tr>\n<td>Una cara: hasta 50 ipm \/ 40 ipm<\/td>\n<\/tr>\n<tr>\n<td>Doble cara: hasta 100 ipm \/ 80 ipm<\/td>\n<\/tr>\n<tr>\n<td>Especificaciones del fax:<\/td>\n<\/tr>\n<tr>\n<td>Velocidad de mdem:super g3: 33.6 kbps. \/ g3: 14.4 kbps.<\/td>\n<\/tr>\n<tr>\n<td>Mtodo de compresin: mh, mr, mmr, jbig.<\/td>\n<\/tr>\n<tr>\n<td>Tamao de envo \/ grabacin: media carta a legal<\/td>\n<\/tr>\n<tr>\n<td>Memoria de fax: hasta 512 paginas<\/td>\n<\/tr>\n<tr>\n<td>Transmisin secuencial: m\u00e1ximo 310  direcciones<\/td>\n<\/tr>\n<tr>\n<td>Funciones de fax: envo de documentos a dos caras, impresin de datos recibidos a 2 caras, nombre del remitente tti, envo directo, vista previa, informe tx, transmisin secuencial.<\/td>\n<\/tr>\n<\/table>\n","protected":false},"excerpt":{"rendered":"<p>Imageclass mf465dw. Impresora, copiadora, esc\u00e1ner y fax. Multifuncional l\u00e1ser duplex, inal\u00e1mbrico y perfecto para usar con dispositivo mviles. Velocidad hasta 42 ppm carta. Imprime hasta tamao 8.5 y 14. Capacidad de papel m\u00e1x. 900 hojas. El multifuncional l\u00e1se monocrom\u00e1tico mf465dw es ideal para adaptarse al crecimiento de cualquier negocio, gracias a las opciones de conectividad, f\u00e1cil configuracin y ampliacin de la capacidad de papel. F\u00e1cil uso y conectividad. Pantalla t\u00e1ctil de 5 a color intuitiva y personalizable application library. Eficiencia y calidad. Imprime hasta 42 ppm con una primera impresin r\u00e1pida de aprox. 4.9 segundos tamao carta. Alta capacidad y ahorro. Gran capacidad de papel hasta con 900 hojas.<\/p>\n","protected":false},"featured_media":0,"comment_status":"open","ping_status":"open","template":"","meta":[],"product_cat":[1782,1780],"product_tag":[1554],"acf":[],"yoast_head":"<!-- This site is optimized with the Yoast SEO plugin v21.7 - https:\/\/yoast.com\/wordpress\/plugins\/seo\/ -->\n<title>[ Canon ] &#129351; 5951c005 Multifuncional Mf465dw, Laser Monocromatico, Ppm 42 Negro, Usb, Wifi, Ethernet (red), Duplex, Cama Plana Carta, Consumibles 070 Y 070h<\/title>\n<meta name=\"description\" content=\"Compra 5951c005 Multifuncional Mf465dw, Laser Monocromatico, Ppm 42 Negro, Usb, Wifi, Ethernet (red), Duplex, Cama Plana Carta, Consumibles 070 Y 070h + Env\u00edo a domicilio + Pago seguro + Garant\u00eda\" \/>\n<meta name=\"robots\" content=\"index, follow, max-snippet:-1, max-image-preview:large, max-video-preview:-1\" \/>\n<link rel=\"canonical\" href=\"https:\/\/compuviper.mx\/tienda\/producto\/canon-5951c005-multifuncional-mf465dw-laser-monocromatico-ppm-42-negro-usb-wifi-ethernet-red-duplex-cama-plana-carta-consumibles-070-y-070h\/\" \/>\n<meta property=\"og:locale\" content=\"es_MX\" \/>\n<meta property=\"og:type\" content=\"article\" \/>\n<meta property=\"og:title\" content=\"[ Canon ] &#129351; 5951c005 Multifuncional Mf465dw, Laser Monocromatico, Ppm 42 Negro, Usb, Wifi, Ethernet (red), Duplex, Cama Plana Carta, Consumibles 070 Y 070h\" \/>\n<meta property=\"og:description\" content=\"Compra 5951c005 Multifuncional Mf465dw, Laser Monocromatico, Ppm 42 Negro, Usb, Wifi, Ethernet (red), Duplex, Cama Plana Carta, Consumibles 070 Y 070h + Env\u00edo a domicilio + Pago seguro + Garant\u00eda\" \/>\n<meta property=\"og:url\" content=\"https:\/\/compuviper.mx\/tienda\/producto\/canon-5951c005-multifuncional-mf465dw-laser-monocromatico-ppm-42-negro-usb-wifi-ethernet-red-duplex-cama-plana-carta-consumibles-070-y-070h\/\" \/>\n<meta property=\"og:site_name\" content=\"Compuviper\" \/>\n<meta property=\"article:publisher\" content=\"https:\/\/www.facebook.com\/compuviper\" \/>\n<meta name=\"twitter:card\" content=\"summary_large_image\" \/>\n<meta name=\"twitter:label1\" content=\"Precio\" \/>\n\t<meta name=\"twitter:data1\" content=\"&#36;6,573 con IVA\" \/>\n\t<meta name=\"twitter:label2\" content=\"Availability\" \/>\n\t<meta name=\"twitter:data2\" content=\"Out of stock\" \/>\n<script type=\"application\/ld+json\" class=\"yoast-schema-graph\">{\"@context\":\"https:\/\/schema.org\",\"@graph\":[{\"@type\":\"WebPage\",\"@id\":\"https:\/\/compuviper.mx\/tienda\/producto\/canon-5951c005-multifuncional-mf465dw-laser-monocromatico-ppm-42-negro-usb-wifi-ethernet-red-duplex-cama-plana-carta-consumibles-070-y-070h\/\",\"url\":\"https:\/\/compuviper.mx\/tienda\/producto\/canon-5951c005-multifuncional-mf465dw-laser-monocromatico-ppm-42-negro-usb-wifi-ethernet-red-duplex-cama-plana-carta-consumibles-070-y-070h\/\",\"name\":\"[ Canon ] &#129351; 5951c005 Multifuncional Mf465dw, Laser Monocromatico, Ppm 42 Negro, Usb, Wifi, Ethernet (red), Duplex, Cama Plana Carta, Consumibles 070 Y 070h\",\"isPartOf\":{\"@id\":\"https:\/\/compuviper.mx\/tienda\/#website\"},\"datePublished\":\"2026-04-11T07:42:52+00:00\",\"dateModified\":\"2026-04-11T07:42:52+00:00\",\"description\":\"Compra 5951c005 Multifuncional Mf465dw, Laser Monocromatico, Ppm 42 Negro, Usb, Wifi, Ethernet (red), Duplex, Cama Plana Carta, Consumibles 070 Y 070h + Env\u00edo a domicilio + Pago seguro + Garant\u00eda\",\"breadcrumb\":{\"@id\":\"https:\/\/compuviper.mx\/tienda\/producto\/canon-5951c005-multifuncional-mf465dw-laser-monocromatico-ppm-42-negro-usb-wifi-ethernet-red-duplex-cama-plana-carta-consumibles-070-y-070h\/#breadcrumb\"},\"inLanguage\":\"es-MX\",\"potentialAction\":[{\"@type\":\"ReadAction\",\"target\":[\"https:\/\/compuviper.mx\/tienda\/producto\/canon-5951c005-multifuncional-mf465dw-laser-monocromatico-ppm-42-negro-usb-wifi-ethernet-red-duplex-cama-plana-carta-consumibles-070-y-070h\/\"]}]},{\"@type\":\"BreadcrumbList\",\"@id\":\"https:\/\/compuviper.mx\/tienda\/producto\/canon-5951c005-multifuncional-mf465dw-laser-monocromatico-ppm-42-negro-usb-wifi-ethernet-red-duplex-cama-plana-carta-consumibles-070-y-070h\/#breadcrumb\",\"itemListElement\":[{\"@type\":\"ListItem\",\"position\":1,\"name\":\"Inicio\",\"item\":\"https:\/\/compuviper.mx\/tienda\/\"},{\"@type\":\"ListItem\",\"position\":2,\"name\":\"Productos\",\"item\":\"https:\/\/compuviper.mx\/tienda\/productos\/\"},{\"@type\":\"ListItem\",\"position\":3,\"name\":\"Multifuncionales\",\"item\":\"https:\/\/compuviper.mx\/tienda\/categoria-producto\/multifuncionales\/\"},{\"@type\":\"ListItem\",\"position\":4,\"name\":\"Laser Monocromatica\",\"item\":\"https:\/\/compuviper.mx\/tienda\/categoria-producto\/multifuncionales\/laser-monocromatica\/\"},{\"@type\":\"ListItem\",\"position\":5,\"name\":\"Canon 5951c005 Multifuncional Mf465dw, Laser Monocromatico, Ppm 42 Negro, Usb, Wifi, Ethernet (red), Duplex, Cama Plana Carta, Consumibles 070 Y 070h\"}]},{\"@type\":\"WebSite\",\"@id\":\"https:\/\/compuviper.mx\/tienda\/#website\",\"url\":\"https:\/\/compuviper.mx\/tienda\/\",\"name\":\"Compuviper\",\"description\":\"Proveedor de Computadoras, Laptops, Servidores, Monitores, Puntos de Venta, Teclados,   Impresoras, T\u00f3ner, C\u00e1maras de Seguridad y m\u00e1s en tu tienda en l\u00ednea\",\"publisher\":{\"@id\":\"https:\/\/compuviper.mx\/tienda\/#organization\"},\"potentialAction\":[{\"@type\":\"SearchAction\",\"target\":{\"@type\":\"EntryPoint\",\"urlTemplate\":\"https:\/\/compuviper.mx\/tienda\/?s={search_term_string}\"},\"query-input\":\"required name=search_term_string\"}],\"inLanguage\":\"es-MX\"},{\"@type\":\"Organization\",\"@id\":\"https:\/\/compuviper.mx\/tienda\/#organization\",\"name\":\"Compuviper\",\"url\":\"https:\/\/compuviper.mx\/tienda\/\",\"logo\":{\"@type\":\"ImageObject\",\"inLanguage\":\"es-MX\",\"@id\":\"https:\/\/compuviper.mx\/tienda\/#\/schema\/logo\/image\/\",\"url\":\"https:\/\/compuviper.mx\/tienda\/wp-content\/uploads\/2021\/08\/Logo-Compuviper-10.png\",\"contentUrl\":\"https:\/\/compuviper.mx\/tienda\/wp-content\/uploads\/2021\/08\/Logo-Compuviper-10.png\",\"width\":1000,\"height\":500,\"caption\":\"Compuviper\"},\"image\":{\"@id\":\"https:\/\/compuviper.mx\/tienda\/#\/schema\/logo\/image\/\"},\"sameAs\":[\"https:\/\/www.facebook.com\/compuviper\",\"https:\/\/www.youtube.com\/channel\/UCf73dERp9Y3cfOq7q8BhLjA?view_as=subscriber\"]}]}<\/script>\n<meta property=\"product:brand\" content=\"CANON\" \/>\n<meta property=\"product:price:amount\" content=\"6573\" \/>\n<meta property=\"product:price:currency\" content=\"MXN\" \/>\n<meta property=\"og:availability\" content=\"out of stock\" \/>\n<meta property=\"product:availability\" content=\"out of stock\" \/>\n<meta property=\"product:retailer_item_id\" content=\"5951C005\" \/>\n<meta property=\"product:condition\" content=\"new\" \/>\n<!-- \/ Yoast SEO plugin. -->","yoast_head_json":{"title":"[ Canon ] &#129351; 5951c005 Multifuncional Mf465dw, Laser Monocromatico, Ppm 42 Negro, Usb, Wifi, Ethernet (red), Duplex, Cama Plana Carta, Consumibles 070 Y 070h","description":"Compra 5951c005 Multifuncional Mf465dw, Laser Monocromatico, Ppm 42 Negro, Usb, Wifi, Ethernet (red), Duplex, Cama Plana Carta, Consumibles 070 Y 070h + Env\u00edo a domicilio + Pago seguro + Garant\u00eda","robots":{"index":"index","follow":"follow","max-snippet":"max-snippet:-1","max-image-preview":"max-image-preview:large","max-video-preview":"max-video-preview:-1"},"canonical":"https:\/\/compuviper.mx\/tienda\/producto\/canon-5951c005-multifuncional-mf465dw-laser-monocromatico-ppm-42-negro-usb-wifi-ethernet-red-duplex-cama-plana-carta-consumibles-070-y-070h\/","og_locale":"es_MX","og_type":"article","og_title":"[ Canon ] &#129351; 5951c005 Multifuncional Mf465dw, Laser Monocromatico, Ppm 42 Negro, Usb, Wifi, Ethernet (red), Duplex, Cama Plana Carta, Consumibles 070 Y 070h","og_description":"Compra 5951c005 Multifuncional Mf465dw, Laser Monocromatico, Ppm 42 Negro, Usb, Wifi, Ethernet (red), Duplex, Cama Plana Carta, Consumibles 070 Y 070h + Env\u00edo a domicilio + Pago seguro + Garant\u00eda","og_url":"https:\/\/compuviper.mx\/tienda\/producto\/canon-5951c005-multifuncional-mf465dw-laser-monocromatico-ppm-42-negro-usb-wifi-ethernet-red-duplex-cama-plana-carta-consumibles-070-y-070h\/","og_site_name":"Compuviper","article_publisher":"https:\/\/www.facebook.com\/compuviper","twitter_card":"summary_large_image","twitter_misc":{"Precio":"&#36;6,573 con IVA","Availability":"Out of stock"},"schema":{"@context":"https:\/\/schema.org","@graph":[{"@type":"WebPage","@id":"https:\/\/compuviper.mx\/tienda\/producto\/canon-5951c005-multifuncional-mf465dw-laser-monocromatico-ppm-42-negro-usb-wifi-ethernet-red-duplex-cama-plana-carta-consumibles-070-y-070h\/","url":"https:\/\/compuviper.mx\/tienda\/producto\/canon-5951c005-multifuncional-mf465dw-laser-monocromatico-ppm-42-negro-usb-wifi-ethernet-red-duplex-cama-plana-carta-consumibles-070-y-070h\/","name":"[ Canon ] &#129351; 5951c005 Multifuncional Mf465dw, Laser Monocromatico, Ppm 42 Negro, Usb, Wifi, Ethernet (red), Duplex, Cama Plana Carta, Consumibles 070 Y 070h","isPartOf":{"@id":"https:\/\/compuviper.mx\/tienda\/#website"},"datePublished":"2026-04-11T07:42:52+00:00","dateModified":"2026-04-11T07:42:52+00:00","description":"Compra 5951c005 Multifuncional Mf465dw, Laser Monocromatico, Ppm 42 Negro, Usb, Wifi, Ethernet (red), Duplex, Cama Plana Carta, Consumibles 070 Y 070h + Env\u00edo a domicilio + Pago seguro + Garant\u00eda","breadcrumb":{"@id":"https:\/\/compuviper.mx\/tienda\/producto\/canon-5951c005-multifuncional-mf465dw-laser-monocromatico-ppm-42-negro-usb-wifi-ethernet-red-duplex-cama-plana-carta-consumibles-070-y-070h\/#breadcrumb"},"inLanguage":"es-MX","potentialAction":[{"@type":"ReadAction","target":["https:\/\/compuviper.mx\/tienda\/producto\/canon-5951c005-multifuncional-mf465dw-laser-monocromatico-ppm-42-negro-usb-wifi-ethernet-red-duplex-cama-plana-carta-consumibles-070-y-070h\/"]}]},{"@type":"BreadcrumbList","@id":"https:\/\/compuviper.mx\/tienda\/producto\/canon-5951c005-multifuncional-mf465dw-laser-monocromatico-ppm-42-negro-usb-wifi-ethernet-red-duplex-cama-plana-carta-consumibles-070-y-070h\/#breadcrumb","itemListElement":[{"@type":"ListItem","position":1,"name":"Inicio","item":"https:\/\/compuviper.mx\/tienda\/"},{"@type":"ListItem","position":2,"name":"Productos","item":"https:\/\/compuviper.mx\/tienda\/productos\/"},{"@type":"ListItem","position":3,"name":"Multifuncionales","item":"https:\/\/compuviper.mx\/tienda\/categoria-producto\/multifuncionales\/"},{"@type":"ListItem","position":4,"name":"Laser Monocromatica","item":"https:\/\/compuviper.mx\/tienda\/categoria-producto\/multifuncionales\/laser-monocromatica\/"},{"@type":"ListItem","position":5,"name":"Canon 5951c005 Multifuncional Mf465dw, Laser Monocromatico, Ppm 42 Negro, Usb, Wifi, Ethernet (red), Duplex, Cama Plana Carta, Consumibles 070 Y 070h"}]},{"@type":"WebSite","@id":"https:\/\/compuviper.mx\/tienda\/#website","url":"https:\/\/compuviper.mx\/tienda\/","name":"Compuviper","description":"Proveedor de Computadoras, Laptops, Servidores, Monitores, Puntos de Venta, Teclados,   Impresoras, T\u00f3ner, C\u00e1maras de Seguridad y m\u00e1s en tu tienda en l\u00ednea","publisher":{"@id":"https:\/\/compuviper.mx\/tienda\/#organization"},"potentialAction":[{"@type":"SearchAction","target":{"@type":"EntryPoint","urlTemplate":"https:\/\/compuviper.mx\/tienda\/?s={search_term_string}"},"query-input":"required name=search_term_string"}],"inLanguage":"es-MX"},{"@type":"Organization","@id":"https:\/\/compuviper.mx\/tienda\/#organization","name":"Compuviper","url":"https:\/\/compuviper.mx\/tienda\/","logo":{"@type":"ImageObject","inLanguage":"es-MX","@id":"https:\/\/compuviper.mx\/tienda\/#\/schema\/logo\/image\/","url":"https:\/\/compuviper.mx\/tienda\/wp-content\/uploads\/2021\/08\/Logo-Compuviper-10.png","contentUrl":"https:\/\/compuviper.mx\/tienda\/wp-content\/uploads\/2021\/08\/Logo-Compuviper-10.png","width":1000,"height":500,"caption":"Compuviper"},"image":{"@id":"https:\/\/compuviper.mx\/tienda\/#\/schema\/logo\/image\/"},"sameAs":["https:\/\/www.facebook.com\/compuviper","https:\/\/www.youtube.com\/channel\/UCf73dERp9Y3cfOq7q8BhLjA?view_as=subscriber"]}]},"product_brand":"CANON","product_price_amount":"6573","product_price_currency":"MXN","og_availability":"out of stock","product_availability":"out of stock","product_retailer_item_id":"5951C005","product_condition":"new"},"_links":{"self":[{"href":"https:\/\/compuviper.mx\/tienda\/wp-json\/wp\/v2\/product\/263860"}],"collection":[{"href":"https:\/\/compuviper.mx\/tienda\/wp-json\/wp\/v2\/product"}],"about":[{"href":"https:\/\/compuviper.mx\/tienda\/wp-json\/wp\/v2\/types\/product"}],"replies":[{"embeddable":true,"href":"https:\/\/compuviper.mx\/tienda\/wp-json\/wp\/v2\/comments?post=263860"}],"wp:attachment":[{"href":"https:\/\/compuviper.mx\/tienda\/wp-json\/wp\/v2\/media?parent=263860"}],"wp:term":[{"taxonomy":"product_cat","embeddable":true,"href":"https:\/\/compuviper.mx\/tienda\/wp-json\/wp\/v2\/product_cat?post=263860"},{"taxonomy":"product_tag","embeddable":true,"href":"https:\/\/compuviper.mx\/tienda\/wp-json\/wp\/v2\/product_tag?post=263860"}],"curies":[{"name":"wp","href":"https:\/\/api.w.org\/{rel}","templated":true}]}}