{"id":263853,"date":"2026-04-10T00:39:16","date_gmt":"2026-04-10T06:39:16","guid":{"rendered":"https:\/\/compuviper.mx\/tienda\/producto\/asus-u2000-keyboardmouse-bk-sp-kit-u2000-teclado-y-mouse-alambrico-usb-cable-1-5m-105-teclas-1000-dpi-color-negro\/"},"modified":"2026-04-10T00:39:16","modified_gmt":"2026-04-10T06:39:16","slug":"asus-u2000-keyboardmouse-bk-sp-kit-u2000-teclado-y-mouse-alambrico-usb-cable-1-5m-105-teclas-1000-dpi-color-negro","status":"publish","type":"product","link":"https:\/\/compuviper.mx\/tienda\/producto\/asus-u2000-keyboardmouse-bk-sp-kit-u2000-teclado-y-mouse-alambrico-usb-cable-1-5m-105-teclas-1000-dpi-color-negro\/","title":{"rendered":"Asus U2000 Keyboard+mouse\/bk\/sp Kit  U2000, Teclado Y Mouse Alambrico Usb, Cable 1.5m, 105 Teclas, 1000 Dpi, Color Negro"},"content":{"rendered":"<table class=\"descripcion\">\n<tr>\n<td>Cod fabricante: u2000 keyboardmouse\/bk\/sp<\/td>\n<\/tr>\n<tr>\n<td>Ean: 4711081636502<\/td>\n<\/tr>\n<tr>\n<td>Especificaciones del teclado<\/td>\n<\/tr>\n<tr>\n<td>Tipo de conexion: usb<\/td>\n<\/tr>\n<tr>\n<td>Largo del cable: 1.5 m<\/td>\n<\/tr>\n<tr>\n<td>Teclas: 105<\/td>\n<\/tr>\n<tr>\n<td>Dimenciones: 460l x 150w x 30h mm<\/td>\n<\/tr>\n<tr>\n<td>Peso: 585g<\/td>\n<\/tr>\n<tr>\n<td>Tecnologia del teclado: membrana<\/td>\n<\/tr>\n<tr>\n<td>Color: negro<\/td>\n<\/tr>\n<tr>\n<td>Especificaciones del mouse<\/td>\n<\/tr>\n<tr>\n<td>Botones mouse: 3<\/td>\n<\/tr>\n<tr>\n<td>Resolucion dpi: 1000 dpi<\/td>\n<\/tr>\n<tr>\n<td>Largo de cable: 1.5m<\/td>\n<\/tr>\n<tr>\n<td>Compatibilidad: windows 7\/8\/10<\/td>\n<\/tr>\n<tr>\n<td>Material: plastico<\/td>\n<\/tr>\n<tr>\n<td>Dimenciones: 115l60 w 35 h mm<\/td>\n<\/tr>\n<tr>\n<td>Peso: 98g<\/td>\n<\/tr>\n<tr>\n<td>Color: negro<\/td>\n<\/tr>\n<tr>\n<td>1 ao de garantia directo con marca<\/td>\n<\/tr>\n<\/table>\n","protected":false},"excerpt":{"rendered":"<p>La alegria de teclear con comfort. El set de teclado y mouse asus u2000 esta diseado. Para entornos domesticos y de oficina. Cuenta con. Elementos de entrada comodos y silenciosos, el. Teclado tambien incorpora teclas de acceso rapido. Multimedia para un ajuste conveniente e instantaneo. En el volumen de audio y cuenta con el modo de ahorro. De energia. El mouse tiene un diseo ergonomico y de. Alta velocidad de hasta 1000 dpi. El estilo es elegante y. La construccion solida, mismas que son adecuados para. Su sistema. Caracteristicas. \u0095 estilo elegante, construccion solida. \u0095 funcionamiento comodo y silencioso y teclas de. Acceso directo multimedia integradas. \u0095 plug and play, no necesita de instalacion de. Software adicional.<\/p>\n","protected":false},"featured_media":263941,"comment_status":"open","ping_status":"open","template":"","meta":[],"product_cat":[1712,1711],"product_tag":[1729],"acf":[],"yoast_head":"<!-- This site is optimized with the Yoast SEO plugin v21.7 - https:\/\/yoast.com\/wordpress\/plugins\/seo\/ -->\n<title>[ Asus ] &#129351; U2000 Keyboard+mouse\/bk\/sp Kit U2000, Teclado Y Mouse Alambrico Usb, Cable 1.5m, 105 Teclas, 1000 Dpi, Color Negro<\/title>\n<meta name=\"description\" content=\"Compra U2000 Keyboard+mouse\/bk\/sp Kit U2000, Teclado Y Mouse Alambrico Usb, Cable 1.5m, 105 Teclas, 1000 Dpi, Color Negro + Env\u00edo a domicilio + Pago seguro + Garant\u00eda\" \/>\n<meta name=\"robots\" content=\"index, follow, max-snippet:-1, max-image-preview:large, max-video-preview:-1\" \/>\n<link rel=\"canonical\" href=\"https:\/\/compuviper.mx\/tienda\/producto\/asus-u2000-keyboardmouse-bk-sp-kit-u2000-teclado-y-mouse-alambrico-usb-cable-1-5m-105-teclas-1000-dpi-color-negro\/\" \/>\n<meta property=\"og:locale\" content=\"es_MX\" \/>\n<meta property=\"og:type\" content=\"article\" \/>\n<meta property=\"og:title\" content=\"[ Asus ] &#129351; U2000 Keyboard+mouse\/bk\/sp Kit U2000, Teclado Y Mouse Alambrico Usb, Cable 1.5m, 105 Teclas, 1000 Dpi, Color Negro\" \/>\n<meta property=\"og:description\" content=\"Compra U2000 Keyboard+mouse\/bk\/sp Kit U2000, Teclado Y Mouse Alambrico Usb, Cable 1.5m, 105 Teclas, 1000 Dpi, Color Negro + Env\u00edo a domicilio + Pago seguro + Garant\u00eda\" \/>\n<meta property=\"og:url\" content=\"https:\/\/compuviper.mx\/tienda\/producto\/asus-u2000-keyboardmouse-bk-sp-kit-u2000-teclado-y-mouse-alambrico-usb-cable-1-5m-105-teclas-1000-dpi-color-negro\/\" \/>\n<meta property=\"og:site_name\" content=\"Compuviper\" \/>\n<meta property=\"article:publisher\" content=\"https:\/\/www.facebook.com\/compuviper\" \/>\n<meta property=\"og:image\" content=\"https:\/\/compuviper.mx\/tienda\/wp-content\/uploads\/2025\/12\/Kit-asus-u2000-teclado-y-mouse-alambrico-usb-cable-1.5m-105-teclas-1000-dpi-color-negro.jpg\" \/>\n\t<meta property=\"og:image:width\" content=\"200\" \/>\n\t<meta property=\"og:image:height\" content=\"200\" \/>\n\t<meta property=\"og:image:type\" content=\"image\/jpeg\" \/>\n<meta name=\"twitter:card\" content=\"summary_large_image\" \/>\n<meta name=\"twitter:label1\" content=\"Precio\" \/>\n\t<meta name=\"twitter:data1\" content=\"&#36;286 con IVA\" \/>\n\t<meta name=\"twitter:label2\" content=\"Availability\" \/>\n\t<meta name=\"twitter:data2\" content=\"Out of stock\" \/>\n<script type=\"application\/ld+json\" class=\"yoast-schema-graph\">{\"@context\":\"https:\/\/schema.org\",\"@graph\":[{\"@type\":\"WebPage\",\"@id\":\"https:\/\/compuviper.mx\/tienda\/producto\/asus-u2000-keyboardmouse-bk-sp-kit-u2000-teclado-y-mouse-alambrico-usb-cable-1-5m-105-teclas-1000-dpi-color-negro\/\",\"url\":\"https:\/\/compuviper.mx\/tienda\/producto\/asus-u2000-keyboardmouse-bk-sp-kit-u2000-teclado-y-mouse-alambrico-usb-cable-1-5m-105-teclas-1000-dpi-color-negro\/\",\"name\":\"[ Asus ] &#129351; U2000 Keyboard+mouse\/bk\/sp Kit U2000, Teclado Y Mouse Alambrico Usb, Cable 1.5m, 105 Teclas, 1000 Dpi, Color Negro\",\"isPartOf\":{\"@id\":\"https:\/\/compuviper.mx\/tienda\/#website\"},\"datePublished\":\"2026-04-10T06:39:16+00:00\",\"dateModified\":\"2026-04-10T06:39:16+00:00\",\"description\":\"Compra U2000 Keyboard+mouse\/bk\/sp Kit U2000, Teclado Y Mouse Alambrico Usb, Cable 1.5m, 105 Teclas, 1000 Dpi, Color Negro + Env\u00edo a domicilio + Pago seguro + Garant\u00eda\",\"breadcrumb\":{\"@id\":\"https:\/\/compuviper.mx\/tienda\/producto\/asus-u2000-keyboardmouse-bk-sp-kit-u2000-teclado-y-mouse-alambrico-usb-cable-1-5m-105-teclas-1000-dpi-color-negro\/#breadcrumb\"},\"inLanguage\":\"es-MX\",\"potentialAction\":[{\"@type\":\"ReadAction\",\"target\":[\"https:\/\/compuviper.mx\/tienda\/producto\/asus-u2000-keyboardmouse-bk-sp-kit-u2000-teclado-y-mouse-alambrico-usb-cable-1-5m-105-teclas-1000-dpi-color-negro\/\"]}]},{\"@type\":\"BreadcrumbList\",\"@id\":\"https:\/\/compuviper.mx\/tienda\/producto\/asus-u2000-keyboardmouse-bk-sp-kit-u2000-teclado-y-mouse-alambrico-usb-cable-1-5m-105-teclas-1000-dpi-color-negro\/#breadcrumb\",\"itemListElement\":[{\"@type\":\"ListItem\",\"position\":1,\"name\":\"Inicio\",\"item\":\"https:\/\/compuviper.mx\/tienda\/\"},{\"@type\":\"ListItem\",\"position\":2,\"name\":\"Productos\",\"item\":\"https:\/\/compuviper.mx\/tienda\/productos\/\"},{\"@type\":\"ListItem\",\"position\":3,\"name\":\"Teclado Y Mouse\",\"item\":\"https:\/\/compuviper.mx\/tienda\/categoria-producto\/teclado-y-mouse\/\"},{\"@type\":\"ListItem\",\"position\":4,\"name\":\"Sin Categor\u00eda\",\"item\":\"https:\/\/compuviper.mx\/tienda\/categoria-producto\/teclado-y-mouse\/sin-categoria-teclado-y-mouse\/\"},{\"@type\":\"ListItem\",\"position\":5,\"name\":\"Asus U2000 Keyboard+mouse\/bk\/sp Kit U2000, Teclado Y Mouse Alambrico Usb, Cable 1.5m, 105 Teclas, 1000 Dpi, Color Negro\"}]},{\"@type\":\"WebSite\",\"@id\":\"https:\/\/compuviper.mx\/tienda\/#website\",\"url\":\"https:\/\/compuviper.mx\/tienda\/\",\"name\":\"Compuviper\",\"description\":\"Proveedor de Computadoras, Laptops, Servidores, Monitores, Puntos de Venta, Teclados,   Impresoras, T\u00f3ner, C\u00e1maras de Seguridad y m\u00e1s en tu tienda en l\u00ednea\",\"publisher\":{\"@id\":\"https:\/\/compuviper.mx\/tienda\/#organization\"},\"potentialAction\":[{\"@type\":\"SearchAction\",\"target\":{\"@type\":\"EntryPoint\",\"urlTemplate\":\"https:\/\/compuviper.mx\/tienda\/?s={search_term_string}\"},\"query-input\":\"required name=search_term_string\"}],\"inLanguage\":\"es-MX\"},{\"@type\":\"Organization\",\"@id\":\"https:\/\/compuviper.mx\/tienda\/#organization\",\"name\":\"Compuviper\",\"url\":\"https:\/\/compuviper.mx\/tienda\/\",\"logo\":{\"@type\":\"ImageObject\",\"inLanguage\":\"es-MX\",\"@id\":\"https:\/\/compuviper.mx\/tienda\/#\/schema\/logo\/image\/\",\"url\":\"https:\/\/compuviper.mx\/tienda\/wp-content\/uploads\/2021\/08\/Logo-Compuviper-10.png\",\"contentUrl\":\"https:\/\/compuviper.mx\/tienda\/wp-content\/uploads\/2021\/08\/Logo-Compuviper-10.png\",\"width\":1000,\"height\":500,\"caption\":\"Compuviper\"},\"image\":{\"@id\":\"https:\/\/compuviper.mx\/tienda\/#\/schema\/logo\/image\/\"},\"sameAs\":[\"https:\/\/www.facebook.com\/compuviper\",\"https:\/\/www.youtube.com\/channel\/UCf73dERp9Y3cfOq7q8BhLjA?view_as=subscriber\"]}]}<\/script>\n<meta property=\"product:brand\" content=\"ASUS\" \/>\n<meta property=\"product:price:amount\" content=\"286\" \/>\n<meta property=\"product:price:currency\" content=\"MXN\" \/>\n<meta property=\"og:availability\" content=\"out of stock\" \/>\n<meta property=\"product:availability\" content=\"out of stock\" \/>\n<meta property=\"product:retailer_item_id\" content=\"U2000 KEYBOARD+MOUSE\/BK\/SP\" \/>\n<meta property=\"product:condition\" content=\"new\" \/>\n<!-- \/ Yoast SEO plugin. -->","yoast_head_json":{"title":"[ Asus ] &#129351; U2000 Keyboard+mouse\/bk\/sp Kit U2000, Teclado Y Mouse Alambrico Usb, Cable 1.5m, 105 Teclas, 1000 Dpi, Color Negro","description":"Compra U2000 Keyboard+mouse\/bk\/sp Kit U2000, Teclado Y Mouse Alambrico Usb, Cable 1.5m, 105 Teclas, 1000 Dpi, Color Negro + Env\u00edo a domicilio + Pago seguro + Garant\u00eda","robots":{"index":"index","follow":"follow","max-snippet":"max-snippet:-1","max-image-preview":"max-image-preview:large","max-video-preview":"max-video-preview:-1"},"canonical":"https:\/\/compuviper.mx\/tienda\/producto\/asus-u2000-keyboardmouse-bk-sp-kit-u2000-teclado-y-mouse-alambrico-usb-cable-1-5m-105-teclas-1000-dpi-color-negro\/","og_locale":"es_MX","og_type":"article","og_title":"[ Asus ] &#129351; U2000 Keyboard+mouse\/bk\/sp Kit U2000, Teclado Y Mouse Alambrico Usb, Cable 1.5m, 105 Teclas, 1000 Dpi, Color Negro","og_description":"Compra U2000 Keyboard+mouse\/bk\/sp Kit U2000, Teclado Y Mouse Alambrico Usb, Cable 1.5m, 105 Teclas, 1000 Dpi, Color Negro + Env\u00edo a domicilio + Pago seguro + Garant\u00eda","og_url":"https:\/\/compuviper.mx\/tienda\/producto\/asus-u2000-keyboardmouse-bk-sp-kit-u2000-teclado-y-mouse-alambrico-usb-cable-1-5m-105-teclas-1000-dpi-color-negro\/","og_site_name":"Compuviper","article_publisher":"https:\/\/www.facebook.com\/compuviper","og_image":[{"width":200,"height":200,"url":"https:\/\/compuviper.mx\/tienda\/wp-content\/uploads\/2025\/12\/Kit-asus-u2000-teclado-y-mouse-alambrico-usb-cable-1.5m-105-teclas-1000-dpi-color-negro.jpg","type":"image\/jpeg"}],"twitter_card":"summary_large_image","twitter_misc":{"Precio":"&#36;286 con IVA","Availability":"Out of stock"},"schema":{"@context":"https:\/\/schema.org","@graph":[{"@type":"WebPage","@id":"https:\/\/compuviper.mx\/tienda\/producto\/asus-u2000-keyboardmouse-bk-sp-kit-u2000-teclado-y-mouse-alambrico-usb-cable-1-5m-105-teclas-1000-dpi-color-negro\/","url":"https:\/\/compuviper.mx\/tienda\/producto\/asus-u2000-keyboardmouse-bk-sp-kit-u2000-teclado-y-mouse-alambrico-usb-cable-1-5m-105-teclas-1000-dpi-color-negro\/","name":"[ Asus ] &#129351; U2000 Keyboard+mouse\/bk\/sp Kit U2000, Teclado Y Mouse Alambrico Usb, Cable 1.5m, 105 Teclas, 1000 Dpi, Color Negro","isPartOf":{"@id":"https:\/\/compuviper.mx\/tienda\/#website"},"datePublished":"2026-04-10T06:39:16+00:00","dateModified":"2026-04-10T06:39:16+00:00","description":"Compra U2000 Keyboard+mouse\/bk\/sp Kit U2000, Teclado Y Mouse Alambrico Usb, Cable 1.5m, 105 Teclas, 1000 Dpi, Color Negro + Env\u00edo a domicilio + Pago seguro + Garant\u00eda","breadcrumb":{"@id":"https:\/\/compuviper.mx\/tienda\/producto\/asus-u2000-keyboardmouse-bk-sp-kit-u2000-teclado-y-mouse-alambrico-usb-cable-1-5m-105-teclas-1000-dpi-color-negro\/#breadcrumb"},"inLanguage":"es-MX","potentialAction":[{"@type":"ReadAction","target":["https:\/\/compuviper.mx\/tienda\/producto\/asus-u2000-keyboardmouse-bk-sp-kit-u2000-teclado-y-mouse-alambrico-usb-cable-1-5m-105-teclas-1000-dpi-color-negro\/"]}]},{"@type":"BreadcrumbList","@id":"https:\/\/compuviper.mx\/tienda\/producto\/asus-u2000-keyboardmouse-bk-sp-kit-u2000-teclado-y-mouse-alambrico-usb-cable-1-5m-105-teclas-1000-dpi-color-negro\/#breadcrumb","itemListElement":[{"@type":"ListItem","position":1,"name":"Inicio","item":"https:\/\/compuviper.mx\/tienda\/"},{"@type":"ListItem","position":2,"name":"Productos","item":"https:\/\/compuviper.mx\/tienda\/productos\/"},{"@type":"ListItem","position":3,"name":"Teclado Y Mouse","item":"https:\/\/compuviper.mx\/tienda\/categoria-producto\/teclado-y-mouse\/"},{"@type":"ListItem","position":4,"name":"Sin Categor\u00eda","item":"https:\/\/compuviper.mx\/tienda\/categoria-producto\/teclado-y-mouse\/sin-categoria-teclado-y-mouse\/"},{"@type":"ListItem","position":5,"name":"Asus U2000 Keyboard+mouse\/bk\/sp Kit U2000, Teclado Y Mouse Alambrico Usb, Cable 1.5m, 105 Teclas, 1000 Dpi, Color Negro"}]},{"@type":"WebSite","@id":"https:\/\/compuviper.mx\/tienda\/#website","url":"https:\/\/compuviper.mx\/tienda\/","name":"Compuviper","description":"Proveedor de Computadoras, Laptops, Servidores, Monitores, Puntos de Venta, Teclados,   Impresoras, T\u00f3ner, C\u00e1maras de Seguridad y m\u00e1s en tu tienda en l\u00ednea","publisher":{"@id":"https:\/\/compuviper.mx\/tienda\/#organization"},"potentialAction":[{"@type":"SearchAction","target":{"@type":"EntryPoint","urlTemplate":"https:\/\/compuviper.mx\/tienda\/?s={search_term_string}"},"query-input":"required name=search_term_string"}],"inLanguage":"es-MX"},{"@type":"Organization","@id":"https:\/\/compuviper.mx\/tienda\/#organization","name":"Compuviper","url":"https:\/\/compuviper.mx\/tienda\/","logo":{"@type":"ImageObject","inLanguage":"es-MX","@id":"https:\/\/compuviper.mx\/tienda\/#\/schema\/logo\/image\/","url":"https:\/\/compuviper.mx\/tienda\/wp-content\/uploads\/2021\/08\/Logo-Compuviper-10.png","contentUrl":"https:\/\/compuviper.mx\/tienda\/wp-content\/uploads\/2021\/08\/Logo-Compuviper-10.png","width":1000,"height":500,"caption":"Compuviper"},"image":{"@id":"https:\/\/compuviper.mx\/tienda\/#\/schema\/logo\/image\/"},"sameAs":["https:\/\/www.facebook.com\/compuviper","https:\/\/www.youtube.com\/channel\/UCf73dERp9Y3cfOq7q8BhLjA?view_as=subscriber"]}]},"product_brand":"ASUS","product_price_amount":"286","product_price_currency":"MXN","og_availability":"out of stock","product_availability":"out of stock","product_retailer_item_id":"U2000 KEYBOARD+MOUSE\/BK\/SP","product_condition":"new"},"_links":{"self":[{"href":"https:\/\/compuviper.mx\/tienda\/wp-json\/wp\/v2\/product\/263853"}],"collection":[{"href":"https:\/\/compuviper.mx\/tienda\/wp-json\/wp\/v2\/product"}],"about":[{"href":"https:\/\/compuviper.mx\/tienda\/wp-json\/wp\/v2\/types\/product"}],"replies":[{"embeddable":true,"href":"https:\/\/compuviper.mx\/tienda\/wp-json\/wp\/v2\/comments?post=263853"}],"wp:featuredmedia":[{"embeddable":true,"href":"https:\/\/compuviper.mx\/tienda\/wp-json\/wp\/v2\/media\/263941"}],"wp:attachment":[{"href":"https:\/\/compuviper.mx\/tienda\/wp-json\/wp\/v2\/media?parent=263853"}],"wp:term":[{"taxonomy":"product_cat","embeddable":true,"href":"https:\/\/compuviper.mx\/tienda\/wp-json\/wp\/v2\/product_cat?post=263853"},{"taxonomy":"product_tag","embeddable":true,"href":"https:\/\/compuviper.mx\/tienda\/wp-json\/wp\/v2\/product_tag?post=263853"}],"curies":[{"name":"wp","href":"https:\/\/api.w.org\/{rel}","templated":true}]}}