{"id":263801,"date":"2026-04-23T00:14:48","date_gmt":"2026-04-23T06:14:48","guid":{"rendered":"https:\/\/compuviper.mx\/tienda\/producto\/ezviz-h9c-10mp46171610csh9c10mp-camara-pt-doble-lente-10-megapixel-5mp5mp-ia-deteccion-humana-y-vehiculo-vision-nocturna-a-color-sirena-y-luz-estroboscopica-vista-simultanea-de-camara-p\/"},"modified":"2026-04-23T00:14:48","modified_gmt":"2026-04-23T06:14:48","slug":"ezviz-h9c-10mp46171610csh9c10mp-camara-pt-doble-lente-10-megapixel-5mp5mp-ia-deteccion-humana-y-vehiculo-vision-nocturna-a-color-sirena-y-luz-estroboscopica-vista-simultanea-de-camara-p","status":"publish","type":"product","link":"https:\/\/compuviper.mx\/tienda\/producto\/ezviz-h9c-10mp46171610csh9c10mp-camara-pt-doble-lente-10-megapixel-5mp5mp-ia-deteccion-humana-y-vehiculo-vision-nocturna-a-color-sirena-y-luz-estroboscopica-vista-simultanea-de-camara-p\/","title":{"rendered":"Ezviz H9c 10mp,46171610,csh9c10mp Camara Pt Doble Lente \/ 10 Megapixel (5mp+5mp) \/ Ia Deteccion Humana Y Vehiculo \/ Vision Nocturna A Color \/ Sirena Y Luz Estroboscopica \/ Vista Simultanea De Camara Pt Y Camara Fija \/ Audio Bidirecc"},"content":{"rendered":"<table class=\"descripcion\">\n<tr>\n<td>Caracter\u00edsticas principales:<\/td>\n<\/tr>\n<tr>\n<td>Resoluci\u00f3n: 3k (2880 \u00d7 1620)<\/td>\n<\/tr>\n<tr>\n<td>Lente: 4 mm<\/td>\n<\/tr>\n<tr>\n<td>Movimiento panoramico 340\u00b0, inclinacion: 80\u00b0<\/td>\n<\/tr>\n<tr>\n<td>Angulo de vision 89\u00b0 horizontal, 104\u00b0 diagonal<\/td>\n<\/tr>\n<tr>\n<td>Micr\u00f3fono y bocina interconstruida (100 db). (audio de dos v\u00edas).<\/td>\n<\/tr>\n<tr>\n<td>Wdr \/ 3d-dnr.<\/td>\n<\/tr>\n<tr>\n<td>Ir 30m.<\/td>\n<\/tr>\n<tr>\n<td>Cobertura panoramica de 360\u00b0.<\/td>\n<\/tr>\n<tr>\n<td>Visi\u00f3n nocturna a color.<\/td>\n<\/tr>\n<tr>\n<td>Soporta tajetas microsd (hasta 512 gb).<\/td>\n<\/tr>\n<tr>\n<td>Puerto ethernet rj45<\/td>\n<\/tr>\n<tr>\n<td>Wi-fi 2.4ghz<\/td>\n<\/tr>\n<tr>\n<td>Detecci\u00f3n humana<\/td>\n<\/tr>\n<tr>\n<td>Deteccion de vehiculo<\/td>\n<\/tr>\n<tr>\n<td>Preset: hasta 12 posicionamientos, se llaman manualmente no autom\u00e1ticos.<\/td>\n<\/tr>\n<tr>\n<td>Caracter\u00edsticas f\u00edsicas y el\u00e9ctricas:<\/td>\n<\/tr>\n<tr>\n<td>Alimentaci\u00f3n: 12vcc, 1a, max 6w, fuente incluida<\/td>\n<\/tr>\n<tr>\n<td>Material: policarbonato<\/td>\n<\/tr>\n<tr>\n<td>Dimensiones: 116 x 153,2 x 163,8 mm<\/td>\n<\/tr>\n<tr>\n<td>Peso: 592g<\/td>\n<\/tr>\n<tr>\n<td>Protecci\u00f3n ip 65<\/td>\n<\/tr>\n<tr>\n<td>Temperatura de operaci\u00f3n:  and #8722;20 \u00b0c a 50 \u00b0c y humedad del 95 % o inferior<\/td>\n<\/tr>\n<tr>\n<td>3 a\u00f1os de garant\u00eda.<\/td>\n<\/tr>\n<tr>\n<td>Caracter\u00edsticas destacadas:<\/td>\n<\/tr>\n<tr>\n<td>Soporta grabaci\u00f3n en nube de ezviz (el cobro se realiza directo en la aplicaci\u00f3n ezviz).<\/td>\n<\/tr>\n<tr>\n<td>Para grabacion en la nube contamos con dos opciones:<\/td>\n<\/tr>\n<tr>\n<td>Opcion1: comprar cualquiera de estos dos planes: ez-cloud\/7a para 7 dias de almacenamiento durante un a\u00f1o, ez-cloud\/30a para 30 dias de almacenamiento durante un a\u00f1o.<\/td>\n<\/tr>\n<tr>\n<td>Opcion 2: suscribirse directamente app ezviz.<\/td>\n<\/tr>\n<tr>\n<td>Notas:<\/td>\n<\/tr>\n<tr>\n<td>Configuraci\u00f3n \u00fanicamente mediante aplicaci\u00f3n ezviz.<\/td>\n<\/tr>\n<tr>\n<td>Compatible con alexa, google home y ifttt<\/td>\n<\/tr>\n<\/table>\n","protected":false},"excerpt":{"rendered":"<p>Doble lente. Doble seguridad. Con la exclusiva tecnolog\u00eda de doble lente de ezviz, la h9c proporciona una protecci\u00f3n sin igual que va m\u00e1s all\u00e1 de lo profesional. Utiliza un objetivo gran angular encima de un teleobjetivo con movimiento horizontal y vertical: el d\u00fao funciona de forma independiente o conjunta de una forma mucho m\u00e1s inteligente que una c\u00e1mara normal.<\/p>\n","protected":false},"featured_media":263927,"comment_status":"open","ping_status":"open","template":"","meta":[],"product_cat":[1608,1681],"product_tag":[2123],"acf":[],"yoast_head":"<!-- This site is optimized with the Yoast SEO plugin v21.7 - https:\/\/yoast.com\/wordpress\/plugins\/seo\/ -->\n<title>[ Ezviz ] &#129351; H9c 10mp,46171610,csh9c10mp Camara Pt Doble Lente \/ 10 Megapixel (5mp+5mp) \/ Ia Deteccion Humana Y Vehiculo \/ Vision Nocturna A Color \/ Sirena Y Luz Estroboscopica \/ Vista Simultanea De Camara Pt Y Camara Fija \/ Audio Bidirecc<\/title>\n<meta name=\"description\" content=\"Compra H9c 10mp,46171610,csh9c10mp Camara Pt Doble Lente \/ 10 Megapixel (5mp+5mp) \/ Ia Deteccion Humana Y Vehiculo \/ Vision Nocturna A Color \/ Sirena Y Luz Estroboscopica \/ Vista Simultanea De Camara Pt Y Camara Fija \/ Audio Bidirecc + Env\u00edo a domicilio + Pago seguro + Garant\u00eda\" \/>\n<meta name=\"robots\" content=\"index, follow, max-snippet:-1, max-image-preview:large, max-video-preview:-1\" \/>\n<link rel=\"canonical\" href=\"https:\/\/compuviper.mx\/tienda\/producto\/ezviz-h9c-10mp46171610csh9c10mp-camara-pt-doble-lente-10-megapixel-5mp5mp-ia-deteccion-humana-y-vehiculo-vision-nocturna-a-color-sirena-y-luz-estroboscopica-vista-simultanea-de-camara-p\/\" \/>\n<meta property=\"og:locale\" content=\"es_MX\" \/>\n<meta property=\"og:type\" content=\"article\" \/>\n<meta property=\"og:title\" content=\"[ Ezviz ] &#129351; H9c 10mp,46171610,csh9c10mp Camara Pt Doble Lente \/ 10 Megapixel (5mp+5mp) \/ Ia Deteccion Humana Y Vehiculo \/ Vision Nocturna A Color \/ Sirena Y Luz Estroboscopica \/ Vista Simultanea De Camara Pt Y Camara Fija \/ Audio Bidirecc\" \/>\n<meta property=\"og:description\" content=\"Compra H9c 10mp,46171610,csh9c10mp Camara Pt Doble Lente \/ 10 Megapixel (5mp+5mp) \/ Ia Deteccion Humana Y Vehiculo \/ Vision Nocturna A Color \/ Sirena Y Luz Estroboscopica \/ Vista Simultanea De Camara Pt Y Camara Fija \/ Audio Bidirecc + Env\u00edo a domicilio + Pago seguro + Garant\u00eda\" \/>\n<meta property=\"og:url\" content=\"https:\/\/compuviper.mx\/tienda\/producto\/ezviz-h9c-10mp46171610csh9c10mp-camara-pt-doble-lente-10-megapixel-5mp5mp-ia-deteccion-humana-y-vehiculo-vision-nocturna-a-color-sirena-y-luz-estroboscopica-vista-simultanea-de-camara-p\/\" \/>\n<meta property=\"og:site_name\" content=\"Compuviper\" \/>\n<meta property=\"article:publisher\" content=\"https:\/\/www.facebook.com\/compuviper\" \/>\n<meta property=\"og:image\" content=\"https:\/\/compuviper.mx\/tienda\/wp-content\/uploads\/2025\/12\/Camara-pt-doble-lente-10-megapixel-5mp5mp-ia-deteccion-humana-y-vehiculo-vision-nocturna-a-color-sirena-y-luz-estroboscopica-vista-simultanea-de-camara-pt-y-camara-fija-audio-bidirecc.jpg\" \/>\n\t<meta property=\"og:image:width\" content=\"200\" \/>\n\t<meta property=\"og:image:height\" content=\"200\" \/>\n\t<meta property=\"og:image:type\" content=\"image\/jpeg\" \/>\n<meta name=\"twitter:card\" content=\"summary_large_image\" \/>\n<meta name=\"twitter:label1\" content=\"Precio\" \/>\n\t<meta name=\"twitter:data1\" content=\"&#36;1,334 con IVA\" \/>\n\t<meta name=\"twitter:label2\" content=\"Availability\" \/>\n\t<meta name=\"twitter:data2\" content=\"On backorder\" \/>\n<script type=\"application\/ld+json\" class=\"yoast-schema-graph\">{\"@context\":\"https:\/\/schema.org\",\"@graph\":[{\"@type\":\"WebPage\",\"@id\":\"https:\/\/compuviper.mx\/tienda\/producto\/ezviz-h9c-10mp46171610csh9c10mp-camara-pt-doble-lente-10-megapixel-5mp5mp-ia-deteccion-humana-y-vehiculo-vision-nocturna-a-color-sirena-y-luz-estroboscopica-vista-simultanea-de-camara-p\/\",\"url\":\"https:\/\/compuviper.mx\/tienda\/producto\/ezviz-h9c-10mp46171610csh9c10mp-camara-pt-doble-lente-10-megapixel-5mp5mp-ia-deteccion-humana-y-vehiculo-vision-nocturna-a-color-sirena-y-luz-estroboscopica-vista-simultanea-de-camara-p\/\",\"name\":\"[ Ezviz ] &#129351; H9c 10mp,46171610,csh9c10mp Camara Pt Doble Lente \/ 10 Megapixel (5mp+5mp) \/ Ia Deteccion Humana Y Vehiculo \/ Vision Nocturna A Color \/ Sirena Y Luz Estroboscopica \/ Vista Simultanea De Camara Pt Y Camara Fija \/ Audio Bidirecc\",\"isPartOf\":{\"@id\":\"https:\/\/compuviper.mx\/tienda\/#website\"},\"datePublished\":\"2026-04-23T06:14:48+00:00\",\"dateModified\":\"2026-04-23T06:14:48+00:00\",\"description\":\"Compra H9c 10mp,46171610,csh9c10mp Camara Pt Doble Lente \/ 10 Megapixel (5mp+5mp) \/ Ia Deteccion Humana Y Vehiculo \/ Vision Nocturna A Color \/ Sirena Y Luz Estroboscopica \/ Vista Simultanea De Camara Pt Y Camara Fija \/ Audio Bidirecc + Env\u00edo a domicilio + Pago seguro + Garant\u00eda\",\"breadcrumb\":{\"@id\":\"https:\/\/compuviper.mx\/tienda\/producto\/ezviz-h9c-10mp46171610csh9c10mp-camara-pt-doble-lente-10-megapixel-5mp5mp-ia-deteccion-humana-y-vehiculo-vision-nocturna-a-color-sirena-y-luz-estroboscopica-vista-simultanea-de-camara-p\/#breadcrumb\"},\"inLanguage\":\"es-MX\",\"potentialAction\":[{\"@type\":\"ReadAction\",\"target\":[\"https:\/\/compuviper.mx\/tienda\/producto\/ezviz-h9c-10mp46171610csh9c10mp-camara-pt-doble-lente-10-megapixel-5mp5mp-ia-deteccion-humana-y-vehiculo-vision-nocturna-a-color-sirena-y-luz-estroboscopica-vista-simultanea-de-camara-p\/\"]}]},{\"@type\":\"BreadcrumbList\",\"@id\":\"https:\/\/compuviper.mx\/tienda\/producto\/ezviz-h9c-10mp46171610csh9c10mp-camara-pt-doble-lente-10-megapixel-5mp5mp-ia-deteccion-humana-y-vehiculo-vision-nocturna-a-color-sirena-y-luz-estroboscopica-vista-simultanea-de-camara-p\/#breadcrumb\",\"itemListElement\":[{\"@type\":\"ListItem\",\"position\":1,\"name\":\"Inicio\",\"item\":\"https:\/\/compuviper.mx\/tienda\/\"},{\"@type\":\"ListItem\",\"position\":2,\"name\":\"Productos\",\"item\":\"https:\/\/compuviper.mx\/tienda\/productos\/\"},{\"@type\":\"ListItem\",\"position\":3,\"name\":\"Camaras\",\"item\":\"https:\/\/compuviper.mx\/tienda\/categoria-producto\/camaras-2\/\"},{\"@type\":\"ListItem\",\"position\":4,\"name\":\"Camara De Videovigilancia\",\"item\":\"https:\/\/compuviper.mx\/tienda\/categoria-producto\/camaras-2\/camara-de-videovigilancia\/\"},{\"@type\":\"ListItem\",\"position\":5,\"name\":\"Ezviz H9c 10mp,46171610,csh9c10mp Camara Pt Doble Lente \/ 10 Megapixel (5mp+5mp) \/ Ia Deteccion Humana Y Vehiculo \/ Vision Nocturna A Color \/ Sirena Y Luz Estroboscopica \/ Vista Simultanea De Camara Pt Y Camara Fija \/ Audio Bidirecc\"}]},{\"@type\":\"WebSite\",\"@id\":\"https:\/\/compuviper.mx\/tienda\/#website\",\"url\":\"https:\/\/compuviper.mx\/tienda\/\",\"name\":\"Compuviper\",\"description\":\"Proveedor de Computadoras, Laptops, Servidores, Monitores, Puntos de Venta, Teclados,   Impresoras, T\u00f3ner, C\u00e1maras de Seguridad y m\u00e1s en tu tienda en l\u00ednea\",\"publisher\":{\"@id\":\"https:\/\/compuviper.mx\/tienda\/#organization\"},\"potentialAction\":[{\"@type\":\"SearchAction\",\"target\":{\"@type\":\"EntryPoint\",\"urlTemplate\":\"https:\/\/compuviper.mx\/tienda\/?s={search_term_string}\"},\"query-input\":\"required name=search_term_string\"}],\"inLanguage\":\"es-MX\"},{\"@type\":\"Organization\",\"@id\":\"https:\/\/compuviper.mx\/tienda\/#organization\",\"name\":\"Compuviper\",\"url\":\"https:\/\/compuviper.mx\/tienda\/\",\"logo\":{\"@type\":\"ImageObject\",\"inLanguage\":\"es-MX\",\"@id\":\"https:\/\/compuviper.mx\/tienda\/#\/schema\/logo\/image\/\",\"url\":\"https:\/\/compuviper.mx\/tienda\/wp-content\/uploads\/2021\/08\/Logo-Compuviper-10.png\",\"contentUrl\":\"https:\/\/compuviper.mx\/tienda\/wp-content\/uploads\/2021\/08\/Logo-Compuviper-10.png\",\"width\":1000,\"height\":500,\"caption\":\"Compuviper\"},\"image\":{\"@id\":\"https:\/\/compuviper.mx\/tienda\/#\/schema\/logo\/image\/\"},\"sameAs\":[\"https:\/\/www.facebook.com\/compuviper\",\"https:\/\/www.youtube.com\/channel\/UCf73dERp9Y3cfOq7q8BhLjA?view_as=subscriber\"]}]}<\/script>\n<meta property=\"product:brand\" content=\"Ezviz\" \/>\n<meta property=\"product:price:amount\" content=\"1334\" \/>\n<meta property=\"product:price:currency\" content=\"MXN\" \/>\n<meta property=\"og:availability\" content=\"backorder\" \/>\n<meta property=\"product:availability\" content=\"available for order\" \/>\n<meta property=\"product:retailer_item_id\" content=\"H9C 10MP,46171610,CSH9C10MP\" \/>\n<meta property=\"product:condition\" content=\"new\" \/>\n<!-- \/ Yoast SEO plugin. -->","yoast_head_json":{"title":"[ Ezviz ] &#129351; H9c 10mp,46171610,csh9c10mp Camara Pt Doble Lente \/ 10 Megapixel (5mp+5mp) \/ Ia Deteccion Humana Y Vehiculo \/ Vision Nocturna A Color \/ Sirena Y Luz Estroboscopica \/ Vista Simultanea De Camara Pt Y Camara Fija \/ Audio Bidirecc","description":"Compra H9c 10mp,46171610,csh9c10mp Camara Pt Doble Lente \/ 10 Megapixel (5mp+5mp) \/ Ia Deteccion Humana Y Vehiculo \/ Vision Nocturna A Color \/ Sirena Y Luz Estroboscopica \/ Vista Simultanea De Camara Pt Y Camara Fija \/ Audio Bidirecc + Env\u00edo a domicilio + Pago seguro + Garant\u00eda","robots":{"index":"index","follow":"follow","max-snippet":"max-snippet:-1","max-image-preview":"max-image-preview:large","max-video-preview":"max-video-preview:-1"},"canonical":"https:\/\/compuviper.mx\/tienda\/producto\/ezviz-h9c-10mp46171610csh9c10mp-camara-pt-doble-lente-10-megapixel-5mp5mp-ia-deteccion-humana-y-vehiculo-vision-nocturna-a-color-sirena-y-luz-estroboscopica-vista-simultanea-de-camara-p\/","og_locale":"es_MX","og_type":"article","og_title":"[ Ezviz ] &#129351; H9c 10mp,46171610,csh9c10mp Camara Pt Doble Lente \/ 10 Megapixel (5mp+5mp) \/ Ia Deteccion Humana Y Vehiculo \/ Vision Nocturna A Color \/ Sirena Y Luz Estroboscopica \/ Vista Simultanea De Camara Pt Y Camara Fija \/ Audio Bidirecc","og_description":"Compra H9c 10mp,46171610,csh9c10mp Camara Pt Doble Lente \/ 10 Megapixel (5mp+5mp) \/ Ia Deteccion Humana Y Vehiculo \/ Vision Nocturna A Color \/ Sirena Y Luz Estroboscopica \/ Vista Simultanea De Camara Pt Y Camara Fija \/ Audio Bidirecc + Env\u00edo a domicilio + Pago seguro + Garant\u00eda","og_url":"https:\/\/compuviper.mx\/tienda\/producto\/ezviz-h9c-10mp46171610csh9c10mp-camara-pt-doble-lente-10-megapixel-5mp5mp-ia-deteccion-humana-y-vehiculo-vision-nocturna-a-color-sirena-y-luz-estroboscopica-vista-simultanea-de-camara-p\/","og_site_name":"Compuviper","article_publisher":"https:\/\/www.facebook.com\/compuviper","og_image":[{"width":200,"height":200,"url":"https:\/\/compuviper.mx\/tienda\/wp-content\/uploads\/2025\/12\/Camara-pt-doble-lente-10-megapixel-5mp5mp-ia-deteccion-humana-y-vehiculo-vision-nocturna-a-color-sirena-y-luz-estroboscopica-vista-simultanea-de-camara-pt-y-camara-fija-audio-bidirecc.jpg","type":"image\/jpeg"}],"twitter_card":"summary_large_image","twitter_misc":{"Precio":"&#36;1,334 con IVA","Availability":"On backorder"},"schema":{"@context":"https:\/\/schema.org","@graph":[{"@type":"WebPage","@id":"https:\/\/compuviper.mx\/tienda\/producto\/ezviz-h9c-10mp46171610csh9c10mp-camara-pt-doble-lente-10-megapixel-5mp5mp-ia-deteccion-humana-y-vehiculo-vision-nocturna-a-color-sirena-y-luz-estroboscopica-vista-simultanea-de-camara-p\/","url":"https:\/\/compuviper.mx\/tienda\/producto\/ezviz-h9c-10mp46171610csh9c10mp-camara-pt-doble-lente-10-megapixel-5mp5mp-ia-deteccion-humana-y-vehiculo-vision-nocturna-a-color-sirena-y-luz-estroboscopica-vista-simultanea-de-camara-p\/","name":"[ Ezviz ] &#129351; H9c 10mp,46171610,csh9c10mp Camara Pt Doble Lente \/ 10 Megapixel (5mp+5mp) \/ Ia Deteccion Humana Y Vehiculo \/ Vision Nocturna A Color \/ Sirena Y Luz Estroboscopica \/ Vista Simultanea De Camara Pt Y Camara Fija \/ Audio Bidirecc","isPartOf":{"@id":"https:\/\/compuviper.mx\/tienda\/#website"},"datePublished":"2026-04-23T06:14:48+00:00","dateModified":"2026-04-23T06:14:48+00:00","description":"Compra H9c 10mp,46171610,csh9c10mp Camara Pt Doble Lente \/ 10 Megapixel (5mp+5mp) \/ Ia Deteccion Humana Y Vehiculo \/ Vision Nocturna A Color \/ Sirena Y Luz Estroboscopica \/ Vista Simultanea De Camara Pt Y Camara Fija \/ Audio Bidirecc + Env\u00edo a domicilio + Pago seguro + Garant\u00eda","breadcrumb":{"@id":"https:\/\/compuviper.mx\/tienda\/producto\/ezviz-h9c-10mp46171610csh9c10mp-camara-pt-doble-lente-10-megapixel-5mp5mp-ia-deteccion-humana-y-vehiculo-vision-nocturna-a-color-sirena-y-luz-estroboscopica-vista-simultanea-de-camara-p\/#breadcrumb"},"inLanguage":"es-MX","potentialAction":[{"@type":"ReadAction","target":["https:\/\/compuviper.mx\/tienda\/producto\/ezviz-h9c-10mp46171610csh9c10mp-camara-pt-doble-lente-10-megapixel-5mp5mp-ia-deteccion-humana-y-vehiculo-vision-nocturna-a-color-sirena-y-luz-estroboscopica-vista-simultanea-de-camara-p\/"]}]},{"@type":"BreadcrumbList","@id":"https:\/\/compuviper.mx\/tienda\/producto\/ezviz-h9c-10mp46171610csh9c10mp-camara-pt-doble-lente-10-megapixel-5mp5mp-ia-deteccion-humana-y-vehiculo-vision-nocturna-a-color-sirena-y-luz-estroboscopica-vista-simultanea-de-camara-p\/#breadcrumb","itemListElement":[{"@type":"ListItem","position":1,"name":"Inicio","item":"https:\/\/compuviper.mx\/tienda\/"},{"@type":"ListItem","position":2,"name":"Productos","item":"https:\/\/compuviper.mx\/tienda\/productos\/"},{"@type":"ListItem","position":3,"name":"Camaras","item":"https:\/\/compuviper.mx\/tienda\/categoria-producto\/camaras-2\/"},{"@type":"ListItem","position":4,"name":"Camara De Videovigilancia","item":"https:\/\/compuviper.mx\/tienda\/categoria-producto\/camaras-2\/camara-de-videovigilancia\/"},{"@type":"ListItem","position":5,"name":"Ezviz H9c 10mp,46171610,csh9c10mp Camara Pt Doble Lente \/ 10 Megapixel (5mp+5mp) \/ Ia Deteccion Humana Y Vehiculo \/ Vision Nocturna A Color \/ Sirena Y Luz Estroboscopica \/ Vista Simultanea De Camara Pt Y Camara Fija \/ Audio Bidirecc"}]},{"@type":"WebSite","@id":"https:\/\/compuviper.mx\/tienda\/#website","url":"https:\/\/compuviper.mx\/tienda\/","name":"Compuviper","description":"Proveedor de Computadoras, Laptops, Servidores, Monitores, Puntos de Venta, Teclados,   Impresoras, T\u00f3ner, C\u00e1maras de Seguridad y m\u00e1s en tu tienda en l\u00ednea","publisher":{"@id":"https:\/\/compuviper.mx\/tienda\/#organization"},"potentialAction":[{"@type":"SearchAction","target":{"@type":"EntryPoint","urlTemplate":"https:\/\/compuviper.mx\/tienda\/?s={search_term_string}"},"query-input":"required name=search_term_string"}],"inLanguage":"es-MX"},{"@type":"Organization","@id":"https:\/\/compuviper.mx\/tienda\/#organization","name":"Compuviper","url":"https:\/\/compuviper.mx\/tienda\/","logo":{"@type":"ImageObject","inLanguage":"es-MX","@id":"https:\/\/compuviper.mx\/tienda\/#\/schema\/logo\/image\/","url":"https:\/\/compuviper.mx\/tienda\/wp-content\/uploads\/2021\/08\/Logo-Compuviper-10.png","contentUrl":"https:\/\/compuviper.mx\/tienda\/wp-content\/uploads\/2021\/08\/Logo-Compuviper-10.png","width":1000,"height":500,"caption":"Compuviper"},"image":{"@id":"https:\/\/compuviper.mx\/tienda\/#\/schema\/logo\/image\/"},"sameAs":["https:\/\/www.facebook.com\/compuviper","https:\/\/www.youtube.com\/channel\/UCf73dERp9Y3cfOq7q8BhLjA?view_as=subscriber"]}]},"product_brand":"Ezviz","product_price_amount":"1334","product_price_currency":"MXN","og_availability":"backorder","product_availability":"available for order","product_retailer_item_id":"H9C 10MP,46171610,CSH9C10MP","product_condition":"new"},"_links":{"self":[{"href":"https:\/\/compuviper.mx\/tienda\/wp-json\/wp\/v2\/product\/263801"}],"collection":[{"href":"https:\/\/compuviper.mx\/tienda\/wp-json\/wp\/v2\/product"}],"about":[{"href":"https:\/\/compuviper.mx\/tienda\/wp-json\/wp\/v2\/types\/product"}],"replies":[{"embeddable":true,"href":"https:\/\/compuviper.mx\/tienda\/wp-json\/wp\/v2\/comments?post=263801"}],"wp:featuredmedia":[{"embeddable":true,"href":"https:\/\/compuviper.mx\/tienda\/wp-json\/wp\/v2\/media\/263927"}],"wp:attachment":[{"href":"https:\/\/compuviper.mx\/tienda\/wp-json\/wp\/v2\/media?parent=263801"}],"wp:term":[{"taxonomy":"product_cat","embeddable":true,"href":"https:\/\/compuviper.mx\/tienda\/wp-json\/wp\/v2\/product_cat?post=263801"},{"taxonomy":"product_tag","embeddable":true,"href":"https:\/\/compuviper.mx\/tienda\/wp-json\/wp\/v2\/product_tag?post=263801"}],"curies":[{"name":"wp","href":"https:\/\/api.w.org\/{rel}","templated":true}]}}