{"id":263782,"date":"2026-04-27T23:27:05","date_gmt":"2026-04-28T05:27:05","guid":{"rendered":"https:\/\/compuviper.mx\/tienda\/producto\/zk-teco-zkfr1200-lector-esclavo-zkteco-fr1200-de-huella-y-tarjetas-id-125-khz-interior-exterior-conexin-rs485-indicador-de-estado-requiere-panel-serie-inbio\/"},"modified":"2026-04-27T23:27:05","modified_gmt":"2026-04-28T05:27:05","slug":"zk-teco-zkfr1200-lector-esclavo-zkteco-fr1200-de-huella-y-tarjetas-id-125-khz-interior-exterior-conexin-rs485-indicador-de-estado-requiere-panel-serie-inbio","status":"publish","type":"product","link":"https:\/\/compuviper.mx\/tienda\/producto\/zk-teco-zkfr1200-lector-esclavo-zkteco-fr1200-de-huella-y-tarjetas-id-125-khz-interior-exterior-conexin-rs485-indicador-de-estado-requiere-panel-serie-inbio\/","title":{"rendered":"Zk Teco Zkfr1200 Lector Esclavo Zkteco Fr1200 De Huella Y Tarjetas Id 125 Khz, Interior, Exterior, Conexi?n Rs485, Indicador De Estado, Requiere Panel Serie Inbio"},"content":{"rendered":"<table class=\"descripcion\">\n<tr>\n<td>Cpu: 324mhz<\/td>\n<\/tr>\n<tr>\n<td>Sensor: zk small-sized sensor<\/td>\n<\/tr>\n<tr>\n<td>Comunicacion: rs485<\/td>\n<\/tr>\n<tr>\n<td>Funcion estandar: modulo para tarjetas id<\/td>\n<\/tr>\n<tr>\n<td>Funcion opcional: modulo para tarjetas mifare<\/td>\n<\/tr>\n<tr>\n<td>Sonido: buzzer<\/td>\n<\/tr>\n<tr>\n<td>Voltaje: 12vdc<\/td>\n<\/tr>\n<tr>\n<td>Temperatura: 0~45<\/td>\n<\/tr>\n<tr>\n<td>Dimension(w*h*d)mm: 50*102*37.3<\/td>\n<\/tr>\n<tr>\n<td>Grado de proteccion: ip65<\/td>\n<\/tr>\n<\/table>\n","protected":false},"excerpt":{"rendered":"<p>Zkfr1200 es un lector esclavo de huellas digitales con la interfaz de comunicaci\u00f3n rs485, necesita un control de acceso biom\u00e9trico, un panel inbio, f8 y as\u00ed sucesivamente. Ofrece la funci\u00f3n de captura y transferencia de muestras de huellas digitales para acceder a panel de control para que coincida con el interior. Con su estructura nominal ip65 resistente, fr1200 ofrece una mayor durabilidad en todas las condiciones meteorol\u00f3gicas, incluidos los entornos al aire libre.<\/p>\n","protected":false},"featured_media":264014,"comment_status":"open","ping_status":"open","template":"","meta":[],"product_cat":[1540,1541],"product_tag":[1565],"acf":[],"yoast_head":"<!-- This site is optimized with the Yoast SEO plugin v21.7 - https:\/\/yoast.com\/wordpress\/plugins\/seo\/ -->\n<title>[ Zk Teco ] &#129351; Zkfr1200 Lector Esclavo Zkteco Fr1200 De Huella Y Tarjetas Id 125 Khz, Interior, Exterior, Conexi\u00f3n Rs485, Indicador De Estado, Requiere Panel Serie Inbio<\/title>\n<meta name=\"description\" content=\"Compra Zkfr1200 Lector Esclavo Zkteco Fr1200 De Huella Y Tarjetas Id 125 Khz, Interior, Exterior, Conexi\u00f3n Rs485, Indicador De Estado, Requiere Panel Serie Inbio + Env\u00edo a domicilio + Pago seguro + Garant\u00eda\" \/>\n<meta name=\"robots\" content=\"index, follow, max-snippet:-1, max-image-preview:large, max-video-preview:-1\" \/>\n<link rel=\"canonical\" href=\"https:\/\/compuviper.mx\/tienda\/producto\/zk-teco-zkfr1200-lector-esclavo-zkteco-fr1200-de-huella-y-tarjetas-id-125-khz-interior-exterior-conexin-rs485-indicador-de-estado-requiere-panel-serie-inbio\/\" \/>\n<meta property=\"og:locale\" content=\"es_MX\" \/>\n<meta property=\"og:type\" content=\"article\" \/>\n<meta property=\"og:title\" content=\"[ Zk Teco ] &#129351; Zkfr1200 Lector Esclavo Zkteco Fr1200 De Huella Y Tarjetas Id 125 Khz, Interior, Exterior, Conexi\u00f3n Rs485, Indicador De Estado, Requiere Panel Serie Inbio\" \/>\n<meta property=\"og:description\" content=\"Compra Zkfr1200 Lector Esclavo Zkteco Fr1200 De Huella Y Tarjetas Id 125 Khz, Interior, Exterior, Conexi\u00f3n Rs485, Indicador De Estado, Requiere Panel Serie Inbio + Env\u00edo a domicilio + Pago seguro + Garant\u00eda\" \/>\n<meta property=\"og:url\" content=\"https:\/\/compuviper.mx\/tienda\/producto\/zk-teco-zkfr1200-lector-esclavo-zkteco-fr1200-de-huella-y-tarjetas-id-125-khz-interior-exterior-conexin-rs485-indicador-de-estado-requiere-panel-serie-inbio\/\" \/>\n<meta property=\"og:site_name\" content=\"Compuviper\" \/>\n<meta property=\"article:publisher\" content=\"https:\/\/www.facebook.com\/compuviper\" \/>\n<meta property=\"og:image\" content=\"https:\/\/compuviper.mx\/tienda\/wp-content\/uploads\/2025\/12\/Lector-esclavo-zkteco-fr1200-de-huella-y-tarjetas-id-125-khz-interior-exterior-conexion-rs485-indicador-de-estado-requiere-panel-serie-inbio.jpg\" \/>\n\t<meta property=\"og:image:width\" content=\"200\" \/>\n\t<meta property=\"og:image:height\" content=\"200\" \/>\n\t<meta property=\"og:image:type\" content=\"image\/jpeg\" \/>\n<meta name=\"twitter:card\" content=\"summary_large_image\" \/>\n<meta name=\"twitter:label1\" content=\"Precio\" \/>\n\t<meta name=\"twitter:data1\" content=\"&#36;1,468 con IVA\" \/>\n\t<meta name=\"twitter:label2\" content=\"Availability\" \/>\n\t<meta name=\"twitter:data2\" content=\"On backorder\" \/>\n<script type=\"application\/ld+json\" class=\"yoast-schema-graph\">{\"@context\":\"https:\/\/schema.org\",\"@graph\":[{\"@type\":\"WebPage\",\"@id\":\"https:\/\/compuviper.mx\/tienda\/producto\/zk-teco-zkfr1200-lector-esclavo-zkteco-fr1200-de-huella-y-tarjetas-id-125-khz-interior-exterior-conexin-rs485-indicador-de-estado-requiere-panel-serie-inbio\/\",\"url\":\"https:\/\/compuviper.mx\/tienda\/producto\/zk-teco-zkfr1200-lector-esclavo-zkteco-fr1200-de-huella-y-tarjetas-id-125-khz-interior-exterior-conexin-rs485-indicador-de-estado-requiere-panel-serie-inbio\/\",\"name\":\"[ Zk Teco ] &#129351; Zkfr1200 Lector Esclavo Zkteco Fr1200 De Huella Y Tarjetas Id 125 Khz, Interior, Exterior, Conexi\u00f3n Rs485, Indicador De Estado, Requiere Panel Serie Inbio\",\"isPartOf\":{\"@id\":\"https:\/\/compuviper.mx\/tienda\/#website\"},\"datePublished\":\"2026-04-28T05:27:05+00:00\",\"dateModified\":\"2026-04-28T05:27:05+00:00\",\"description\":\"Compra Zkfr1200 Lector Esclavo Zkteco Fr1200 De Huella Y Tarjetas Id 125 Khz, Interior, Exterior, Conexi\u00f3n Rs485, Indicador De Estado, Requiere Panel Serie Inbio + Env\u00edo a domicilio + Pago seguro + Garant\u00eda\",\"breadcrumb\":{\"@id\":\"https:\/\/compuviper.mx\/tienda\/producto\/zk-teco-zkfr1200-lector-esclavo-zkteco-fr1200-de-huella-y-tarjetas-id-125-khz-interior-exterior-conexin-rs485-indicador-de-estado-requiere-panel-serie-inbio\/#breadcrumb\"},\"inLanguage\":\"es-MX\",\"potentialAction\":[{\"@type\":\"ReadAction\",\"target\":[\"https:\/\/compuviper.mx\/tienda\/producto\/zk-teco-zkfr1200-lector-esclavo-zkteco-fr1200-de-huella-y-tarjetas-id-125-khz-interior-exterior-conexin-rs485-indicador-de-estado-requiere-panel-serie-inbio\/\"]}]},{\"@type\":\"BreadcrumbList\",\"@id\":\"https:\/\/compuviper.mx\/tienda\/producto\/zk-teco-zkfr1200-lector-esclavo-zkteco-fr1200-de-huella-y-tarjetas-id-125-khz-interior-exterior-conexin-rs485-indicador-de-estado-requiere-panel-serie-inbio\/#breadcrumb\",\"itemListElement\":[{\"@type\":\"ListItem\",\"position\":1,\"name\":\"Inicio\",\"item\":\"https:\/\/compuviper.mx\/tienda\/\"},{\"@type\":\"ListItem\",\"position\":2,\"name\":\"Productos\",\"item\":\"https:\/\/compuviper.mx\/tienda\/productos\/\"},{\"@type\":\"ListItem\",\"position\":3,\"name\":\"Control De Acceso Y Asistencia\",\"item\":\"https:\/\/compuviper.mx\/tienda\/categoria-producto\/control-de-acceso-y-asistencia\/\"},{\"@type\":\"ListItem\",\"position\":4,\"name\":\"Lectores De Control De Acceso Y Asistencia\",\"item\":\"https:\/\/compuviper.mx\/tienda\/categoria-producto\/control-de-acceso-y-asistencia\/lectores-de-control-de-acceso-y-asistencia\/\"},{\"@type\":\"ListItem\",\"position\":5,\"name\":\"Zk Teco Zkfr1200 Lector Esclavo Zkteco Fr1200 De Huella Y Tarjetas Id 125 Khz, Interior, Exterior, Conexi?n Rs485, Indicador De Estado, Requiere Panel Serie Inbio\"}]},{\"@type\":\"WebSite\",\"@id\":\"https:\/\/compuviper.mx\/tienda\/#website\",\"url\":\"https:\/\/compuviper.mx\/tienda\/\",\"name\":\"Compuviper\",\"description\":\"Proveedor de Computadoras, Laptops, Servidores, Monitores, Puntos de Venta, Teclados,   Impresoras, T\u00f3ner, C\u00e1maras de Seguridad y m\u00e1s en tu tienda en l\u00ednea\",\"publisher\":{\"@id\":\"https:\/\/compuviper.mx\/tienda\/#organization\"},\"potentialAction\":[{\"@type\":\"SearchAction\",\"target\":{\"@type\":\"EntryPoint\",\"urlTemplate\":\"https:\/\/compuviper.mx\/tienda\/?s={search_term_string}\"},\"query-input\":\"required name=search_term_string\"}],\"inLanguage\":\"es-MX\"},{\"@type\":\"Organization\",\"@id\":\"https:\/\/compuviper.mx\/tienda\/#organization\",\"name\":\"Compuviper\",\"url\":\"https:\/\/compuviper.mx\/tienda\/\",\"logo\":{\"@type\":\"ImageObject\",\"inLanguage\":\"es-MX\",\"@id\":\"https:\/\/compuviper.mx\/tienda\/#\/schema\/logo\/image\/\",\"url\":\"https:\/\/compuviper.mx\/tienda\/wp-content\/uploads\/2021\/08\/Logo-Compuviper-10.png\",\"contentUrl\":\"https:\/\/compuviper.mx\/tienda\/wp-content\/uploads\/2021\/08\/Logo-Compuviper-10.png\",\"width\":1000,\"height\":500,\"caption\":\"Compuviper\"},\"image\":{\"@id\":\"https:\/\/compuviper.mx\/tienda\/#\/schema\/logo\/image\/\"},\"sameAs\":[\"https:\/\/www.facebook.com\/compuviper\",\"https:\/\/www.youtube.com\/channel\/UCf73dERp9Y3cfOq7q8BhLjA?view_as=subscriber\"]}]}<\/script>\n<meta property=\"product:brand\" content=\"ZK TECO\" \/>\n<meta property=\"product:price:amount\" content=\"1468\" \/>\n<meta property=\"product:price:currency\" content=\"MXN\" \/>\n<meta property=\"og:availability\" content=\"backorder\" \/>\n<meta property=\"product:availability\" content=\"available for order\" \/>\n<meta property=\"product:retailer_item_id\" content=\"ZKFR1200\" \/>\n<meta property=\"product:condition\" content=\"new\" \/>\n<!-- \/ Yoast SEO plugin. -->","yoast_head_json":{"title":"[ Zk Teco ] &#129351; Zkfr1200 Lector Esclavo Zkteco Fr1200 De Huella Y Tarjetas Id 125 Khz, Interior, Exterior, Conexi\u00f3n Rs485, Indicador De Estado, Requiere Panel Serie Inbio","description":"Compra Zkfr1200 Lector Esclavo Zkteco Fr1200 De Huella Y Tarjetas Id 125 Khz, Interior, Exterior, Conexi\u00f3n Rs485, Indicador De Estado, Requiere Panel Serie Inbio + Env\u00edo a domicilio + Pago seguro + Garant\u00eda","robots":{"index":"index","follow":"follow","max-snippet":"max-snippet:-1","max-image-preview":"max-image-preview:large","max-video-preview":"max-video-preview:-1"},"canonical":"https:\/\/compuviper.mx\/tienda\/producto\/zk-teco-zkfr1200-lector-esclavo-zkteco-fr1200-de-huella-y-tarjetas-id-125-khz-interior-exterior-conexin-rs485-indicador-de-estado-requiere-panel-serie-inbio\/","og_locale":"es_MX","og_type":"article","og_title":"[ Zk Teco ] &#129351; Zkfr1200 Lector Esclavo Zkteco Fr1200 De Huella Y Tarjetas Id 125 Khz, Interior, Exterior, Conexi\u00f3n Rs485, Indicador De Estado, Requiere Panel Serie Inbio","og_description":"Compra Zkfr1200 Lector Esclavo Zkteco Fr1200 De Huella Y Tarjetas Id 125 Khz, Interior, Exterior, Conexi\u00f3n Rs485, Indicador De Estado, Requiere Panel Serie Inbio + Env\u00edo a domicilio + Pago seguro + Garant\u00eda","og_url":"https:\/\/compuviper.mx\/tienda\/producto\/zk-teco-zkfr1200-lector-esclavo-zkteco-fr1200-de-huella-y-tarjetas-id-125-khz-interior-exterior-conexin-rs485-indicador-de-estado-requiere-panel-serie-inbio\/","og_site_name":"Compuviper","article_publisher":"https:\/\/www.facebook.com\/compuviper","og_image":[{"width":200,"height":200,"url":"https:\/\/compuviper.mx\/tienda\/wp-content\/uploads\/2025\/12\/Lector-esclavo-zkteco-fr1200-de-huella-y-tarjetas-id-125-khz-interior-exterior-conexion-rs485-indicador-de-estado-requiere-panel-serie-inbio.jpg","type":"image\/jpeg"}],"twitter_card":"summary_large_image","twitter_misc":{"Precio":"&#36;1,468 con IVA","Availability":"On backorder"},"schema":{"@context":"https:\/\/schema.org","@graph":[{"@type":"WebPage","@id":"https:\/\/compuviper.mx\/tienda\/producto\/zk-teco-zkfr1200-lector-esclavo-zkteco-fr1200-de-huella-y-tarjetas-id-125-khz-interior-exterior-conexin-rs485-indicador-de-estado-requiere-panel-serie-inbio\/","url":"https:\/\/compuviper.mx\/tienda\/producto\/zk-teco-zkfr1200-lector-esclavo-zkteco-fr1200-de-huella-y-tarjetas-id-125-khz-interior-exterior-conexin-rs485-indicador-de-estado-requiere-panel-serie-inbio\/","name":"[ Zk Teco ] &#129351; Zkfr1200 Lector Esclavo Zkteco Fr1200 De Huella Y Tarjetas Id 125 Khz, Interior, Exterior, Conexi\u00f3n Rs485, Indicador De Estado, Requiere Panel Serie Inbio","isPartOf":{"@id":"https:\/\/compuviper.mx\/tienda\/#website"},"datePublished":"2026-04-28T05:27:05+00:00","dateModified":"2026-04-28T05:27:05+00:00","description":"Compra Zkfr1200 Lector Esclavo Zkteco Fr1200 De Huella Y Tarjetas Id 125 Khz, Interior, Exterior, Conexi\u00f3n Rs485, Indicador De Estado, Requiere Panel Serie Inbio + Env\u00edo a domicilio + Pago seguro + Garant\u00eda","breadcrumb":{"@id":"https:\/\/compuviper.mx\/tienda\/producto\/zk-teco-zkfr1200-lector-esclavo-zkteco-fr1200-de-huella-y-tarjetas-id-125-khz-interior-exterior-conexin-rs485-indicador-de-estado-requiere-panel-serie-inbio\/#breadcrumb"},"inLanguage":"es-MX","potentialAction":[{"@type":"ReadAction","target":["https:\/\/compuviper.mx\/tienda\/producto\/zk-teco-zkfr1200-lector-esclavo-zkteco-fr1200-de-huella-y-tarjetas-id-125-khz-interior-exterior-conexin-rs485-indicador-de-estado-requiere-panel-serie-inbio\/"]}]},{"@type":"BreadcrumbList","@id":"https:\/\/compuviper.mx\/tienda\/producto\/zk-teco-zkfr1200-lector-esclavo-zkteco-fr1200-de-huella-y-tarjetas-id-125-khz-interior-exterior-conexin-rs485-indicador-de-estado-requiere-panel-serie-inbio\/#breadcrumb","itemListElement":[{"@type":"ListItem","position":1,"name":"Inicio","item":"https:\/\/compuviper.mx\/tienda\/"},{"@type":"ListItem","position":2,"name":"Productos","item":"https:\/\/compuviper.mx\/tienda\/productos\/"},{"@type":"ListItem","position":3,"name":"Control De Acceso Y Asistencia","item":"https:\/\/compuviper.mx\/tienda\/categoria-producto\/control-de-acceso-y-asistencia\/"},{"@type":"ListItem","position":4,"name":"Lectores De Control De Acceso Y Asistencia","item":"https:\/\/compuviper.mx\/tienda\/categoria-producto\/control-de-acceso-y-asistencia\/lectores-de-control-de-acceso-y-asistencia\/"},{"@type":"ListItem","position":5,"name":"Zk Teco Zkfr1200 Lector Esclavo Zkteco Fr1200 De Huella Y Tarjetas Id 125 Khz, Interior, Exterior, Conexi?n Rs485, Indicador De Estado, Requiere Panel Serie Inbio"}]},{"@type":"WebSite","@id":"https:\/\/compuviper.mx\/tienda\/#website","url":"https:\/\/compuviper.mx\/tienda\/","name":"Compuviper","description":"Proveedor de Computadoras, Laptops, Servidores, Monitores, Puntos de Venta, Teclados,   Impresoras, T\u00f3ner, C\u00e1maras de Seguridad y m\u00e1s en tu tienda en l\u00ednea","publisher":{"@id":"https:\/\/compuviper.mx\/tienda\/#organization"},"potentialAction":[{"@type":"SearchAction","target":{"@type":"EntryPoint","urlTemplate":"https:\/\/compuviper.mx\/tienda\/?s={search_term_string}"},"query-input":"required name=search_term_string"}],"inLanguage":"es-MX"},{"@type":"Organization","@id":"https:\/\/compuviper.mx\/tienda\/#organization","name":"Compuviper","url":"https:\/\/compuviper.mx\/tienda\/","logo":{"@type":"ImageObject","inLanguage":"es-MX","@id":"https:\/\/compuviper.mx\/tienda\/#\/schema\/logo\/image\/","url":"https:\/\/compuviper.mx\/tienda\/wp-content\/uploads\/2021\/08\/Logo-Compuviper-10.png","contentUrl":"https:\/\/compuviper.mx\/tienda\/wp-content\/uploads\/2021\/08\/Logo-Compuviper-10.png","width":1000,"height":500,"caption":"Compuviper"},"image":{"@id":"https:\/\/compuviper.mx\/tienda\/#\/schema\/logo\/image\/"},"sameAs":["https:\/\/www.facebook.com\/compuviper","https:\/\/www.youtube.com\/channel\/UCf73dERp9Y3cfOq7q8BhLjA?view_as=subscriber"]}]},"product_brand":"ZK TECO","product_price_amount":"1468","product_price_currency":"MXN","og_availability":"backorder","product_availability":"available for order","product_retailer_item_id":"ZKFR1200","product_condition":"new"},"_links":{"self":[{"href":"https:\/\/compuviper.mx\/tienda\/wp-json\/wp\/v2\/product\/263782"}],"collection":[{"href":"https:\/\/compuviper.mx\/tienda\/wp-json\/wp\/v2\/product"}],"about":[{"href":"https:\/\/compuviper.mx\/tienda\/wp-json\/wp\/v2\/types\/product"}],"replies":[{"embeddable":true,"href":"https:\/\/compuviper.mx\/tienda\/wp-json\/wp\/v2\/comments?post=263782"}],"wp:featuredmedia":[{"embeddable":true,"href":"https:\/\/compuviper.mx\/tienda\/wp-json\/wp\/v2\/media\/264014"}],"wp:attachment":[{"href":"https:\/\/compuviper.mx\/tienda\/wp-json\/wp\/v2\/media?parent=263782"}],"wp:term":[{"taxonomy":"product_cat","embeddable":true,"href":"https:\/\/compuviper.mx\/tienda\/wp-json\/wp\/v2\/product_cat?post=263782"},{"taxonomy":"product_tag","embeddable":true,"href":"https:\/\/compuviper.mx\/tienda\/wp-json\/wp\/v2\/product_tag?post=263782"}],"curies":[{"name":"wp","href":"https:\/\/api.w.org\/{rel}","templated":true}]}}