{"id":263780,"date":"2026-04-01T23:11:37","date_gmt":"2026-04-02T05:11:37","guid":{"rendered":"https:\/\/compuviper.mx\/tienda\/producto\/tp-link-tl-poe4818gpoe4818g-inyector-poe-tp-link-tl-poe4818g-poe-pasivo-48v1-compatible-con-eap245-v4-eap225-v5-eap650-outdoor-v1\/"},"modified":"2026-04-01T23:11:37","modified_gmt":"2026-04-02T05:11:37","slug":"tp-link-tl-poe4818gpoe4818g-inyector-poe-tp-link-tl-poe4818g-poe-pasivo-48v1-compatible-con-eap245-v4-eap225-v5-eap650-outdoor-v1","status":"publish","type":"product","link":"https:\/\/compuviper.mx\/tienda\/producto\/tp-link-tl-poe4818gpoe4818g-inyector-poe-tp-link-tl-poe4818g-poe-pasivo-48v1-compatible-con-eap245-v4-eap225-v5-eap650-outdoor-v1\/","title":{"rendered":"Tp Link Tl-poe4818g,poe4818g Inyector Poe Tp-link Tl-poe4818g Poe Pasivo 48v1 Compatible Con Eap245 V4 Eap225 V5 Eap650-outdoor V1"},"content":{"rendered":"<table class=\"descripcion\">\n<tr>\n<td>Caractersticas de hardware<\/td>\n<\/tr>\n<tr>\n<td>Interfaz1 puerto de entrada de datos blindado rj45 de 10\/100\/1000 mbps<\/td>\n<\/tr>\n<tr>\n<td>1 puerto poe pasivo blindado rj45 de 10\/100\/1000 mbps<\/td>\n<\/tr>\n<tr>\n<td>1 puerto de entrada de alimentacin de ca de 100~240 v \/ 50~60 hz<\/td>\n<\/tr>\n<tr>\n<td>Medios de red10base-t: utp category 3, 4, 5 cable max 100m<\/td>\n<\/tr>\n<tr>\n<td>Eia\/tia-568 100 and 937; stp max 100m<\/td>\n<\/tr>\n<tr>\n<td>100base-tx: utp category 5, 5e cable max 100m<\/td>\n<\/tr>\n<tr>\n<td>Eia\/tia-568 100 and 937; stp max 100m<\/td>\n<\/tr>\n<tr>\n<td>1000base-t: utp category 5, 5e, 6 cable max 100m<\/td>\n<\/tr>\n<tr>\n<td>Indicador de ledpwr<\/td>\n<\/tr>\n<tr>\n<td>Dimensiones3.4  1.7  1.4 in.<\/td>\n<\/tr>\n<tr>\n<td>85.8  43.9  35.0 mm<\/td>\n<\/tr>\n<tr>\n<td>Otros<\/td>\n<\/tr>\n<tr>\n<td>Certificacionesfcc, ce, rohs<\/td>\n<\/tr>\n<tr>\n<td>Contenido del paqueteadaptador poe pasivo 48v 18w tl-poe4818g<\/td>\n<\/tr>\n<tr>\n<td>Cable de alimentacin<\/td>\n<\/tr>\n<tr>\n<td>Juegos de montaje en pared<\/td>\n<\/tr>\n<tr>\n<td>Factores ambientalestemperatura de funcionamiento: 0  and 8451; ~ 40  and 8451; 32  and 8457; ~ 104  and 8457;<\/td>\n<\/tr>\n<tr>\n<td>Temperatura de almacenamiento: -40  and 8451; ~ 70  and 8451; -40  and 8457; ~ 158  and 8457;<\/td>\n<\/tr>\n<tr>\n<td>Humedad de funcionamiento: 10 ~90  sin condensacin<\/td>\n<\/tr>\n<tr>\n<td>Humedad de almacenamiento: 5 ~90  sin condensacin<\/td>\n<\/tr>\n<\/table>\n","protected":false},"excerpt":{"rendered":"<p>Tl-poe4818g. Adaptador poe pasivo de 48 v. \u0095admite poe pasivo de 48 v. \u0095determinar autom\u00e1ticamente los requisitos de energa necesarios. \u0095conveniente diseo de montaje en pared. \u0095soporte de velocidad gigabit. \u0095plug-and-play, no requiere configuracin<\/p>\n","protected":false},"featured_media":263912,"comment_status":"open","ping_status":"open","template":"","meta":[],"product_cat":[1485,1505],"product_tag":[1562],"acf":[],"yoast_head":"<!-- This site is optimized with the Yoast SEO plugin v21.7 - https:\/\/yoast.com\/wordpress\/plugins\/seo\/ -->\n<title>[ Tp Link ] &#129351; Tl-poe4818g,poe4818g Inyector Poe Tp-link Tl-poe4818g Poe Pasivo 48v1 Compatible Con Eap245 V4 Eap225 V5 Eap650-outdoor V1<\/title>\n<meta name=\"description\" content=\"Compra Tl-poe4818g,poe4818g Inyector Poe Tp-link Tl-poe4818g Poe Pasivo 48v1 Compatible Con Eap245 V4 Eap225 V5 Eap650-outdoor V1 + Env\u00edo a domicilio + Pago seguro + Garant\u00eda\" \/>\n<meta name=\"robots\" content=\"index, follow, max-snippet:-1, max-image-preview:large, max-video-preview:-1\" \/>\n<link rel=\"canonical\" href=\"https:\/\/compuviper.mx\/tienda\/producto\/tp-link-tl-poe4818gpoe4818g-inyector-poe-tp-link-tl-poe4818g-poe-pasivo-48v1-compatible-con-eap245-v4-eap225-v5-eap650-outdoor-v1\/\" \/>\n<meta property=\"og:locale\" content=\"es_MX\" \/>\n<meta property=\"og:type\" content=\"article\" \/>\n<meta property=\"og:title\" content=\"[ Tp Link ] &#129351; Tl-poe4818g,poe4818g Inyector Poe Tp-link Tl-poe4818g Poe Pasivo 48v1 Compatible Con Eap245 V4 Eap225 V5 Eap650-outdoor V1\" \/>\n<meta property=\"og:description\" content=\"Compra Tl-poe4818g,poe4818g Inyector Poe Tp-link Tl-poe4818g Poe Pasivo 48v1 Compatible Con Eap245 V4 Eap225 V5 Eap650-outdoor V1 + Env\u00edo a domicilio + Pago seguro + Garant\u00eda\" \/>\n<meta property=\"og:url\" content=\"https:\/\/compuviper.mx\/tienda\/producto\/tp-link-tl-poe4818gpoe4818g-inyector-poe-tp-link-tl-poe4818g-poe-pasivo-48v1-compatible-con-eap245-v4-eap225-v5-eap650-outdoor-v1\/\" \/>\n<meta property=\"og:site_name\" content=\"Compuviper\" \/>\n<meta property=\"article:publisher\" content=\"https:\/\/www.facebook.com\/compuviper\" \/>\n<meta property=\"og:image\" content=\"https:\/\/compuviper.mx\/tienda\/wp-content\/uploads\/2025\/12\/Inyector-poe-tp-link-tl-poe4818g-poe-pasivo-48v1-compatible-con-eap245-v4-eap225-v5-eap650-outdoor-v1.jpg\" \/>\n\t<meta property=\"og:image:width\" content=\"200\" \/>\n\t<meta property=\"og:image:height\" content=\"200\" \/>\n\t<meta property=\"og:image:type\" content=\"image\/jpeg\" \/>\n<meta name=\"twitter:card\" content=\"summary_large_image\" \/>\n<meta name=\"twitter:label1\" content=\"Precio\" \/>\n\t<meta name=\"twitter:data1\" content=\"&#36;206 con IVA\" \/>\n\t<meta name=\"twitter:label2\" content=\"Availability\" \/>\n\t<meta name=\"twitter:data2\" content=\"In stock\" \/>\n<script type=\"application\/ld+json\" class=\"yoast-schema-graph\">{\"@context\":\"https:\/\/schema.org\",\"@graph\":[{\"@type\":\"WebPage\",\"@id\":\"https:\/\/compuviper.mx\/tienda\/producto\/tp-link-tl-poe4818gpoe4818g-inyector-poe-tp-link-tl-poe4818g-poe-pasivo-48v1-compatible-con-eap245-v4-eap225-v5-eap650-outdoor-v1\/\",\"url\":\"https:\/\/compuviper.mx\/tienda\/producto\/tp-link-tl-poe4818gpoe4818g-inyector-poe-tp-link-tl-poe4818g-poe-pasivo-48v1-compatible-con-eap245-v4-eap225-v5-eap650-outdoor-v1\/\",\"name\":\"[ Tp Link ] &#129351; Tl-poe4818g,poe4818g Inyector Poe Tp-link Tl-poe4818g Poe Pasivo 48v1 Compatible Con Eap245 V4 Eap225 V5 Eap650-outdoor V1\",\"isPartOf\":{\"@id\":\"https:\/\/compuviper.mx\/tienda\/#website\"},\"datePublished\":\"2026-04-02T05:11:37+00:00\",\"dateModified\":\"2026-04-02T05:11:37+00:00\",\"description\":\"Compra Tl-poe4818g,poe4818g Inyector Poe Tp-link Tl-poe4818g Poe Pasivo 48v1 Compatible Con Eap245 V4 Eap225 V5 Eap650-outdoor V1 + Env\u00edo a domicilio + Pago seguro + Garant\u00eda\",\"breadcrumb\":{\"@id\":\"https:\/\/compuviper.mx\/tienda\/producto\/tp-link-tl-poe4818gpoe4818g-inyector-poe-tp-link-tl-poe4818g-poe-pasivo-48v1-compatible-con-eap245-v4-eap225-v5-eap650-outdoor-v1\/#breadcrumb\"},\"inLanguage\":\"es-MX\",\"potentialAction\":[{\"@type\":\"ReadAction\",\"target\":[\"https:\/\/compuviper.mx\/tienda\/producto\/tp-link-tl-poe4818gpoe4818g-inyector-poe-tp-link-tl-poe4818g-poe-pasivo-48v1-compatible-con-eap245-v4-eap225-v5-eap650-outdoor-v1\/\"]}]},{\"@type\":\"BreadcrumbList\",\"@id\":\"https:\/\/compuviper.mx\/tienda\/producto\/tp-link-tl-poe4818gpoe4818g-inyector-poe-tp-link-tl-poe4818g-poe-pasivo-48v1-compatible-con-eap245-v4-eap225-v5-eap650-outdoor-v1\/#breadcrumb\",\"itemListElement\":[{\"@type\":\"ListItem\",\"position\":1,\"name\":\"Inicio\",\"item\":\"https:\/\/compuviper.mx\/tienda\/\"},{\"@type\":\"ListItem\",\"position\":2,\"name\":\"Productos\",\"item\":\"https:\/\/compuviper.mx\/tienda\/productos\/\"},{\"@type\":\"ListItem\",\"position\":3,\"name\":\"Accesorios\",\"item\":\"https:\/\/compuviper.mx\/tienda\/categoria-producto\/accesorios\/\"},{\"@type\":\"ListItem\",\"position\":4,\"name\":\"Inyector Poe\",\"item\":\"https:\/\/compuviper.mx\/tienda\/categoria-producto\/accesorios\/inyector-poe\/\"},{\"@type\":\"ListItem\",\"position\":5,\"name\":\"Tp Link Tl-poe4818g,poe4818g Inyector Poe Tp-link Tl-poe4818g Poe Pasivo 48v1 Compatible Con Eap245 V4 Eap225 V5 Eap650-outdoor V1\"}]},{\"@type\":\"WebSite\",\"@id\":\"https:\/\/compuviper.mx\/tienda\/#website\",\"url\":\"https:\/\/compuviper.mx\/tienda\/\",\"name\":\"Compuviper\",\"description\":\"Proveedor de Computadoras, Laptops, Servidores, Monitores, Puntos de Venta, Teclados,   Impresoras, T\u00f3ner, C\u00e1maras de Seguridad y m\u00e1s en tu tienda en l\u00ednea\",\"publisher\":{\"@id\":\"https:\/\/compuviper.mx\/tienda\/#organization\"},\"potentialAction\":[{\"@type\":\"SearchAction\",\"target\":{\"@type\":\"EntryPoint\",\"urlTemplate\":\"https:\/\/compuviper.mx\/tienda\/?s={search_term_string}\"},\"query-input\":\"required name=search_term_string\"}],\"inLanguage\":\"es-MX\"},{\"@type\":\"Organization\",\"@id\":\"https:\/\/compuviper.mx\/tienda\/#organization\",\"name\":\"Compuviper\",\"url\":\"https:\/\/compuviper.mx\/tienda\/\",\"logo\":{\"@type\":\"ImageObject\",\"inLanguage\":\"es-MX\",\"@id\":\"https:\/\/compuviper.mx\/tienda\/#\/schema\/logo\/image\/\",\"url\":\"https:\/\/compuviper.mx\/tienda\/wp-content\/uploads\/2021\/08\/Logo-Compuviper-10.png\",\"contentUrl\":\"https:\/\/compuviper.mx\/tienda\/wp-content\/uploads\/2021\/08\/Logo-Compuviper-10.png\",\"width\":1000,\"height\":500,\"caption\":\"Compuviper\"},\"image\":{\"@id\":\"https:\/\/compuviper.mx\/tienda\/#\/schema\/logo\/image\/\"},\"sameAs\":[\"https:\/\/www.facebook.com\/compuviper\",\"https:\/\/www.youtube.com\/channel\/UCf73dERp9Y3cfOq7q8BhLjA?view_as=subscriber\"]}]}<\/script>\n<meta property=\"product:brand\" content=\"TP LINK\" \/>\n<meta property=\"product:price:amount\" content=\"206\" \/>\n<meta property=\"product:price:currency\" content=\"MXN\" \/>\n<meta property=\"og:availability\" content=\"instock\" \/>\n<meta property=\"product:availability\" content=\"instock\" \/>\n<meta property=\"product:retailer_item_id\" content=\"TL-POE4818G,POE4818G\" \/>\n<meta property=\"product:condition\" content=\"new\" \/>\n<!-- \/ Yoast SEO plugin. -->","yoast_head_json":{"title":"[ Tp Link ] &#129351; Tl-poe4818g,poe4818g Inyector Poe Tp-link Tl-poe4818g Poe Pasivo 48v1 Compatible Con Eap245 V4 Eap225 V5 Eap650-outdoor V1","description":"Compra Tl-poe4818g,poe4818g Inyector Poe Tp-link Tl-poe4818g Poe Pasivo 48v1 Compatible Con Eap245 V4 Eap225 V5 Eap650-outdoor V1 + Env\u00edo a domicilio + Pago seguro + Garant\u00eda","robots":{"index":"index","follow":"follow","max-snippet":"max-snippet:-1","max-image-preview":"max-image-preview:large","max-video-preview":"max-video-preview:-1"},"canonical":"https:\/\/compuviper.mx\/tienda\/producto\/tp-link-tl-poe4818gpoe4818g-inyector-poe-tp-link-tl-poe4818g-poe-pasivo-48v1-compatible-con-eap245-v4-eap225-v5-eap650-outdoor-v1\/","og_locale":"es_MX","og_type":"article","og_title":"[ Tp Link ] &#129351; Tl-poe4818g,poe4818g Inyector Poe Tp-link Tl-poe4818g Poe Pasivo 48v1 Compatible Con Eap245 V4 Eap225 V5 Eap650-outdoor V1","og_description":"Compra Tl-poe4818g,poe4818g Inyector Poe Tp-link Tl-poe4818g Poe Pasivo 48v1 Compatible Con Eap245 V4 Eap225 V5 Eap650-outdoor V1 + Env\u00edo a domicilio + Pago seguro + Garant\u00eda","og_url":"https:\/\/compuviper.mx\/tienda\/producto\/tp-link-tl-poe4818gpoe4818g-inyector-poe-tp-link-tl-poe4818g-poe-pasivo-48v1-compatible-con-eap245-v4-eap225-v5-eap650-outdoor-v1\/","og_site_name":"Compuviper","article_publisher":"https:\/\/www.facebook.com\/compuviper","og_image":[{"width":200,"height":200,"url":"https:\/\/compuviper.mx\/tienda\/wp-content\/uploads\/2025\/12\/Inyector-poe-tp-link-tl-poe4818g-poe-pasivo-48v1-compatible-con-eap245-v4-eap225-v5-eap650-outdoor-v1.jpg","type":"image\/jpeg"}],"twitter_card":"summary_large_image","twitter_misc":{"Precio":"&#36;206 con IVA","Availability":"In stock"},"schema":{"@context":"https:\/\/schema.org","@graph":[{"@type":"WebPage","@id":"https:\/\/compuviper.mx\/tienda\/producto\/tp-link-tl-poe4818gpoe4818g-inyector-poe-tp-link-tl-poe4818g-poe-pasivo-48v1-compatible-con-eap245-v4-eap225-v5-eap650-outdoor-v1\/","url":"https:\/\/compuviper.mx\/tienda\/producto\/tp-link-tl-poe4818gpoe4818g-inyector-poe-tp-link-tl-poe4818g-poe-pasivo-48v1-compatible-con-eap245-v4-eap225-v5-eap650-outdoor-v1\/","name":"[ Tp Link ] &#129351; Tl-poe4818g,poe4818g Inyector Poe Tp-link Tl-poe4818g Poe Pasivo 48v1 Compatible Con Eap245 V4 Eap225 V5 Eap650-outdoor V1","isPartOf":{"@id":"https:\/\/compuviper.mx\/tienda\/#website"},"datePublished":"2026-04-02T05:11:37+00:00","dateModified":"2026-04-02T05:11:37+00:00","description":"Compra Tl-poe4818g,poe4818g Inyector Poe Tp-link Tl-poe4818g Poe Pasivo 48v1 Compatible Con Eap245 V4 Eap225 V5 Eap650-outdoor V1 + Env\u00edo a domicilio + Pago seguro + Garant\u00eda","breadcrumb":{"@id":"https:\/\/compuviper.mx\/tienda\/producto\/tp-link-tl-poe4818gpoe4818g-inyector-poe-tp-link-tl-poe4818g-poe-pasivo-48v1-compatible-con-eap245-v4-eap225-v5-eap650-outdoor-v1\/#breadcrumb"},"inLanguage":"es-MX","potentialAction":[{"@type":"ReadAction","target":["https:\/\/compuviper.mx\/tienda\/producto\/tp-link-tl-poe4818gpoe4818g-inyector-poe-tp-link-tl-poe4818g-poe-pasivo-48v1-compatible-con-eap245-v4-eap225-v5-eap650-outdoor-v1\/"]}]},{"@type":"BreadcrumbList","@id":"https:\/\/compuviper.mx\/tienda\/producto\/tp-link-tl-poe4818gpoe4818g-inyector-poe-tp-link-tl-poe4818g-poe-pasivo-48v1-compatible-con-eap245-v4-eap225-v5-eap650-outdoor-v1\/#breadcrumb","itemListElement":[{"@type":"ListItem","position":1,"name":"Inicio","item":"https:\/\/compuviper.mx\/tienda\/"},{"@type":"ListItem","position":2,"name":"Productos","item":"https:\/\/compuviper.mx\/tienda\/productos\/"},{"@type":"ListItem","position":3,"name":"Accesorios","item":"https:\/\/compuviper.mx\/tienda\/categoria-producto\/accesorios\/"},{"@type":"ListItem","position":4,"name":"Inyector Poe","item":"https:\/\/compuviper.mx\/tienda\/categoria-producto\/accesorios\/inyector-poe\/"},{"@type":"ListItem","position":5,"name":"Tp Link Tl-poe4818g,poe4818g Inyector Poe Tp-link Tl-poe4818g Poe Pasivo 48v1 Compatible Con Eap245 V4 Eap225 V5 Eap650-outdoor V1"}]},{"@type":"WebSite","@id":"https:\/\/compuviper.mx\/tienda\/#website","url":"https:\/\/compuviper.mx\/tienda\/","name":"Compuviper","description":"Proveedor de Computadoras, Laptops, Servidores, Monitores, Puntos de Venta, Teclados,   Impresoras, T\u00f3ner, C\u00e1maras de Seguridad y m\u00e1s en tu tienda en l\u00ednea","publisher":{"@id":"https:\/\/compuviper.mx\/tienda\/#organization"},"potentialAction":[{"@type":"SearchAction","target":{"@type":"EntryPoint","urlTemplate":"https:\/\/compuviper.mx\/tienda\/?s={search_term_string}"},"query-input":"required name=search_term_string"}],"inLanguage":"es-MX"},{"@type":"Organization","@id":"https:\/\/compuviper.mx\/tienda\/#organization","name":"Compuviper","url":"https:\/\/compuviper.mx\/tienda\/","logo":{"@type":"ImageObject","inLanguage":"es-MX","@id":"https:\/\/compuviper.mx\/tienda\/#\/schema\/logo\/image\/","url":"https:\/\/compuviper.mx\/tienda\/wp-content\/uploads\/2021\/08\/Logo-Compuviper-10.png","contentUrl":"https:\/\/compuviper.mx\/tienda\/wp-content\/uploads\/2021\/08\/Logo-Compuviper-10.png","width":1000,"height":500,"caption":"Compuviper"},"image":{"@id":"https:\/\/compuviper.mx\/tienda\/#\/schema\/logo\/image\/"},"sameAs":["https:\/\/www.facebook.com\/compuviper","https:\/\/www.youtube.com\/channel\/UCf73dERp9Y3cfOq7q8BhLjA?view_as=subscriber"]}]},"product_brand":"TP LINK","product_price_amount":"206","product_price_currency":"MXN","og_availability":"instock","product_availability":"instock","product_retailer_item_id":"TL-POE4818G,POE4818G","product_condition":"new"},"_links":{"self":[{"href":"https:\/\/compuviper.mx\/tienda\/wp-json\/wp\/v2\/product\/263780"}],"collection":[{"href":"https:\/\/compuviper.mx\/tienda\/wp-json\/wp\/v2\/product"}],"about":[{"href":"https:\/\/compuviper.mx\/tienda\/wp-json\/wp\/v2\/types\/product"}],"replies":[{"embeddable":true,"href":"https:\/\/compuviper.mx\/tienda\/wp-json\/wp\/v2\/comments?post=263780"}],"wp:featuredmedia":[{"embeddable":true,"href":"https:\/\/compuviper.mx\/tienda\/wp-json\/wp\/v2\/media\/263912"}],"wp:attachment":[{"href":"https:\/\/compuviper.mx\/tienda\/wp-json\/wp\/v2\/media?parent=263780"}],"wp:term":[{"taxonomy":"product_cat","embeddable":true,"href":"https:\/\/compuviper.mx\/tienda\/wp-json\/wp\/v2\/product_cat?post=263780"},{"taxonomy":"product_tag","embeddable":true,"href":"https:\/\/compuviper.mx\/tienda\/wp-json\/wp\/v2\/product_tag?post=263780"}],"curies":[{"name":"wp","href":"https:\/\/api.w.org\/{rel}","templated":true}]}}