{"id":263735,"date":"2026-04-02T00:47:43","date_gmt":"2026-04-02T06:47:43","guid":{"rendered":"https:\/\/compuviper.mx\/tienda\/producto\/lenovo-63d8mar3la-monitor-think-vision-t24v-30f22238ft1-23-8-fhd-3x-usb-3-2-gen-1-1x-usb-2-0-1x-usb-b-3-2-gen-1-3-aos-garantia-cs\/"},"modified":"2026-04-02T00:47:43","modified_gmt":"2026-04-02T06:47:43","slug":"lenovo-63d8mar3la-monitor-think-vision-t24v-30f22238ft1-23-8-fhd-3x-usb-3-2-gen-1-1x-usb-2-0-1x-usb-b-3-2-gen-1-3-aos-garantia-cs","status":"publish","type":"product","link":"https:\/\/compuviper.mx\/tienda\/producto\/lenovo-63d8mar3la-monitor-think-vision-t24v-30f22238ft1-23-8-fhd-3x-usb-3-2-gen-1-1x-usb-2-0-1x-usb-b-3-2-gen-1-3-aos-garantia-cs\/","title":{"rendered":"Lenovo 63d8mar3la Monitor  Think Vision \/ T24v-30f22238ft1 \/ 23.8 Fhd \/ 3x Usb 3.2 Gen 1 \/1x Usb 2.0 \/ 1x Usb-b 3.2 Gen 1\/ 3 A?os Garantia Cs"},"content":{"rendered":"<table class=\"descripcion\">\n<tr>\n<td>Tamano de la pantalla<\/td>\n<\/tr>\n<tr>\n<td>23,8<\/td>\n<\/tr>\n<tr>\n<td>Ver rea<\/td>\n<\/tr>\n<tr>\n<td>527,0&#215;296,5mm<\/td>\n<\/tr>\n<tr>\n<td>Panel<\/td>\n<\/tr>\n<tr>\n<td>Conmutacin en plano<\/td>\n<\/tr>\n<tr>\n<td>Iluminar desde el fondo<\/td>\n<\/tr>\n<tr>\n<td>Wled<\/td>\n<\/tr>\n<tr>\n<td>Relacin de aspecto<\/td>\n<\/tr>\n<tr>\n<td>16:9<\/td>\n<\/tr>\n<tr>\n<td>Resolucin<\/td>\n<\/tr>\n<tr>\n<td>1920&#215;1080<\/td>\n<\/tr>\n<tr>\n<td>Tamao de pxel<\/td>\n<\/tr>\n<tr>\n<td>0,274&#215;0,274mm<\/td>\n<\/tr>\n<tr>\n<td>Punto\/pxel por pulgada<\/td>\n<\/tr>\n<tr>\n<td>93 ppp<\/td>\n<\/tr>\n<tr>\n<td>\u00e1ngulo de visin h\/v<\/td>\n<\/tr>\n<tr>\n<td>178\u00b0 \/ 178\u00b0<\/td>\n<\/tr>\n<tr>\n<td>Tiempo de respuesta<\/td>\n<\/tr>\n<tr>\n<td>4 ms modo extremo \/ 6 ms modo normal<\/td>\n<\/tr>\n<tr>\n<td>Soporte de color<\/td>\n<\/tr>\n<tr>\n<td>16,7 millones<\/td>\n<\/tr>\n<tr>\n<td>Frecuencia de actualizacin<\/td>\n<\/tr>\n<tr>\n<td>75hz<\/td>\n<\/tr>\n<tr>\n<td>Brillo<\/td>\n<\/tr>\n<tr>\n<td>250 nits<\/td>\n<\/tr>\n<tr>\n<td>Relacin de contraste<\/td>\n<\/tr>\n<tr>\n<td>1000:1<\/td>\n<\/tr>\n<tr>\n<td>Gama de colores<\/td>\n<\/tr>\n<tr>\n<td>99 srgb<\/td>\n<\/tr>\n<tr>\n<td>Anti reflejante<\/td>\n<\/tr>\n<tr>\n<td>S<\/td>\n<\/tr>\n<tr>\n<td>Curvatura<\/td>\n<\/tr>\n<tr>\n<td>Ninguno<\/td>\n<\/tr>\n<tr>\n<td>Cmara<\/td>\n<\/tr>\n<tr>\n<td>1920&#215;1080, 2.0 mp, cmara irrgb<\/td>\n<\/tr>\n<tr>\n<td>Micrfono<\/td>\n<\/tr>\n<tr>\n<td>Micrfono integrado<\/td>\n<\/tr>\n<tr>\n<td>Altavoces<\/td>\n<\/tr>\n<tr>\n<td>3wx2<\/td>\n<\/tr>\n<tr>\n<td>Consumo de energa tpico \/ mximo<\/td>\n<\/tr>\n<tr>\n<td>18w \/ 60w<\/td>\n<\/tr>\n<tr>\n<td>Adaptador de corriente<\/td>\n<\/tr>\n<tr>\n<td>Integrado<\/td>\n<\/tr>\n<tr>\n<td>Pantalla tctil<\/td>\n<\/tr>\n<tr>\n<td>Ninguno<\/td>\n<\/tr>\n<tr>\n<td>Sistema inteligente<\/td>\n<\/tr>\n<tr>\n<td>Ninguno<\/td>\n<\/tr>\n<tr>\n<td>Diseo<\/td>\n<\/tr>\n<tr>\n<td>Pararse<\/td>\n<\/tr>\n<tr>\n<td>Inclinacin, giro, pivote, soporte de ajuste de altura<\/td>\n<\/tr>\n<tr>\n<td>Color de la caja<\/td>\n<\/tr>\n<tr>\n<td>Cuervo negro<\/td>\n<\/tr>\n<tr>\n<td>Ancho del bisel lateral<\/td>\n<\/tr>\n<tr>\n<td>2,1 mm<\/td>\n<\/tr>\n<tr>\n<td>Dimensiones con soporte al. x an. x pr.<\/td>\n<\/tr>\n<tr>\n<td>542,8 x 539,8 x 199,7 mm \/ 21,37 x 21,25 x 7,86 pulgadas<\/td>\n<\/tr>\n<tr>\n<td>Peso incluido el soporte<\/td>\n<\/tr>\n<tr>\n<td>6,0 kg \/ 13,2 libras.<\/td>\n<\/tr>\n<tr>\n<td>Montaje<\/td>\n<\/tr>\n<tr>\n<td>Admite montaje vesa de 100 mm<\/td>\n<\/tr>\n<tr>\n<td>Soporte de la serie m de thinkcentre<\/td>\n<\/tr>\n<tr>\n<td>Soporte diminuto<\/td>\n<\/tr>\n<tr>\n<td>Conectividad<\/td>\n<\/tr>\n<tr>\n<td>Puerto usb<\/td>\n<\/tr>\n<tr>\n<td>3x usb 3.2 gen 1, 1x usb 2.0, 1x usb-b 3.2 gen 1<\/td>\n<\/tr>\n<tr>\n<td>Conector de vdeo<\/td>\n<\/tr>\n<tr>\n<td>1x hdmi 1.4, 1x dp 1.2, 1x vga<\/td>\n<\/tr>\n<tr>\n<td>Conectividad de red<\/td>\n<\/tr>\n<tr>\n<td>Ninguno<\/td>\n<\/tr>\n<tr>\n<td>Servicio<\/td>\n<\/tr>\n<tr>\n<td>Garanta bsica<\/td>\n<\/tr>\n<tr>\n<td>3 aos<\/td>\n<\/tr>\n<tr>\n<td>Certificaciones<\/td>\n<\/tr>\n<tr>\n<td>Certificacin ambiental<\/td>\n<\/tr>\n<tr>\n<td>Certificacin energy star, tco 9.0, tco edge 2.0, epeat gold, rohs<\/td>\n<\/tr>\n<tr>\n<td>Certificacin ergonmica<\/td>\n<\/tr>\n<tr>\n<td>Eyesafe display 2.0, tv low blue light solucin de hardware, tv rheinland\u00ae flicker free, tv rheinland eye comfort<\/td>\n<\/tr>\n<tr>\n<td>Tecnologa de sincronizacin<\/td>\n<\/tr>\n<tr>\n<td>Ninguno<\/td>\n<\/tr>\n<tr>\n<td>Caractersticas especiales<\/td>\n<\/tr>\n<tr>\n<td>Luz azul baja natural<\/td>\n<\/tr>\n<tr>\n<td>Compatible con lenovo thinkcolour lenovo display control center thinkcolour solo se puede usar con windows\u00ae 10 y windows 11<\/td>\n<\/tr>\n<tr>\n<td>Software<\/td>\n<\/tr>\n<tr>\n<td>Sistema operativo<\/td>\n<\/tr>\n<tr>\n<td>Compatibilidad con windows 10, windows 11<\/td>\n<\/tr>\n<tr>\n<td>Accesorios<\/td>\n<\/tr>\n<tr>\n<td>Cables de vdeo<\/td>\n<\/tr>\n<tr>\n<td>Cable dp para emea\/la\/ap, cable usb-a a usb-b<\/td>\n<\/tr>\n<\/table>\n","protected":false},"excerpt":{"rendered":"<p>Think vision t24v-30<\/p>\n","protected":false},"featured_media":264059,"comment_status":"open","ping_status":"open","template":"","meta":[],"product_cat":[1741,1740],"product_tag":[1578],"acf":[],"yoast_head":"<!-- This site is optimized with the Yoast SEO plugin v21.7 - https:\/\/yoast.com\/wordpress\/plugins\/seo\/ -->\n<title>[ Lenovo ] &#129351; 63d8mar3la Monitor Think Vision \/ T24v-30f22238ft1 \/ 23.8 Fhd \/ 3x Usb 3.2 Gen 1 \/1x Usb 2.0 \/ 1x Usb-b 3.2 Gen 1\/ 3 A\u00f1os Garantia Cs<\/title>\n<meta name=\"description\" content=\"Compra 63d8mar3la Monitor Think Vision \/ T24v-30f22238ft1 \/ 23.8 Fhd \/ 3x Usb 3.2 Gen 1 \/1x Usb 2.0 \/ 1x Usb-b 3.2 Gen 1\/ 3 A\u00f1os Garantia Cs + Env\u00edo a domicilio + Pago seguro + Garant\u00eda\" \/>\n<meta name=\"robots\" content=\"index, follow, max-snippet:-1, max-image-preview:large, max-video-preview:-1\" \/>\n<link rel=\"canonical\" href=\"https:\/\/compuviper.mx\/tienda\/producto\/lenovo-63d8mar3la-monitor-think-vision-t24v-30f22238ft1-23-8-fhd-3x-usb-3-2-gen-1-1x-usb-2-0-1x-usb-b-3-2-gen-1-3-aos-garantia-cs\/\" \/>\n<meta property=\"og:locale\" content=\"es_MX\" \/>\n<meta property=\"og:type\" content=\"article\" \/>\n<meta property=\"og:title\" content=\"[ Lenovo ] &#129351; 63d8mar3la Monitor Think Vision \/ T24v-30f22238ft1 \/ 23.8 Fhd \/ 3x Usb 3.2 Gen 1 \/1x Usb 2.0 \/ 1x Usb-b 3.2 Gen 1\/ 3 A\u00f1os Garantia Cs\" \/>\n<meta property=\"og:description\" content=\"Compra 63d8mar3la Monitor Think Vision \/ T24v-30f22238ft1 \/ 23.8 Fhd \/ 3x Usb 3.2 Gen 1 \/1x Usb 2.0 \/ 1x Usb-b 3.2 Gen 1\/ 3 A\u00f1os Garantia Cs + Env\u00edo a domicilio + Pago seguro + Garant\u00eda\" \/>\n<meta property=\"og:url\" content=\"https:\/\/compuviper.mx\/tienda\/producto\/lenovo-63d8mar3la-monitor-think-vision-t24v-30f22238ft1-23-8-fhd-3x-usb-3-2-gen-1-1x-usb-2-0-1x-usb-b-3-2-gen-1-3-aos-garantia-cs\/\" \/>\n<meta property=\"og:site_name\" content=\"Compuviper\" \/>\n<meta property=\"article:publisher\" content=\"https:\/\/www.facebook.com\/compuviper\" \/>\n<meta property=\"og:image\" content=\"https:\/\/compuviper.mx\/tienda\/wp-content\/uploads\/2025\/12\/Monitor-lenovo-think-vision-t24v-30f22238ft1-23.8-fhd-3x-usb-3.2-gen-1-1x-usb-2.0-1x-usb-b-3.2-gen-1-3-anos-garantia-cs.jpg\" \/>\n\t<meta property=\"og:image:width\" content=\"200\" \/>\n\t<meta property=\"og:image:height\" content=\"200\" \/>\n\t<meta property=\"og:image:type\" content=\"image\/jpeg\" \/>\n<meta name=\"twitter:card\" content=\"summary_large_image\" \/>\n<meta name=\"twitter:label1\" content=\"Precio\" \/>\n\t<meta name=\"twitter:data1\" content=\"&#36;5,747 con IVA\" \/>\n\t<meta name=\"twitter:label2\" content=\"Availability\" \/>\n\t<meta name=\"twitter:data2\" content=\"On backorder\" \/>\n<script type=\"application\/ld+json\" class=\"yoast-schema-graph\">{\"@context\":\"https:\/\/schema.org\",\"@graph\":[{\"@type\":\"WebPage\",\"@id\":\"https:\/\/compuviper.mx\/tienda\/producto\/lenovo-63d8mar3la-monitor-think-vision-t24v-30f22238ft1-23-8-fhd-3x-usb-3-2-gen-1-1x-usb-2-0-1x-usb-b-3-2-gen-1-3-aos-garantia-cs\/\",\"url\":\"https:\/\/compuviper.mx\/tienda\/producto\/lenovo-63d8mar3la-monitor-think-vision-t24v-30f22238ft1-23-8-fhd-3x-usb-3-2-gen-1-1x-usb-2-0-1x-usb-b-3-2-gen-1-3-aos-garantia-cs\/\",\"name\":\"[ Lenovo ] &#129351; 63d8mar3la Monitor Think Vision \/ T24v-30f22238ft1 \/ 23.8 Fhd \/ 3x Usb 3.2 Gen 1 \/1x Usb 2.0 \/ 1x Usb-b 3.2 Gen 1\/ 3 A\u00f1os Garantia Cs\",\"isPartOf\":{\"@id\":\"https:\/\/compuviper.mx\/tienda\/#website\"},\"datePublished\":\"2026-04-02T06:47:43+00:00\",\"dateModified\":\"2026-04-02T06:47:43+00:00\",\"description\":\"Compra 63d8mar3la Monitor Think Vision \/ T24v-30f22238ft1 \/ 23.8 Fhd \/ 3x Usb 3.2 Gen 1 \/1x Usb 2.0 \/ 1x Usb-b 3.2 Gen 1\/ 3 A\u00f1os Garantia Cs + Env\u00edo a domicilio + Pago seguro + Garant\u00eda\",\"breadcrumb\":{\"@id\":\"https:\/\/compuviper.mx\/tienda\/producto\/lenovo-63d8mar3la-monitor-think-vision-t24v-30f22238ft1-23-8-fhd-3x-usb-3-2-gen-1-1x-usb-2-0-1x-usb-b-3-2-gen-1-3-aos-garantia-cs\/#breadcrumb\"},\"inLanguage\":\"es-MX\",\"potentialAction\":[{\"@type\":\"ReadAction\",\"target\":[\"https:\/\/compuviper.mx\/tienda\/producto\/lenovo-63d8mar3la-monitor-think-vision-t24v-30f22238ft1-23-8-fhd-3x-usb-3-2-gen-1-1x-usb-2-0-1x-usb-b-3-2-gen-1-3-aos-garantia-cs\/\"]}]},{\"@type\":\"BreadcrumbList\",\"@id\":\"https:\/\/compuviper.mx\/tienda\/producto\/lenovo-63d8mar3la-monitor-think-vision-t24v-30f22238ft1-23-8-fhd-3x-usb-3-2-gen-1-1x-usb-2-0-1x-usb-b-3-2-gen-1-3-aos-garantia-cs\/#breadcrumb\",\"itemListElement\":[{\"@type\":\"ListItem\",\"position\":1,\"name\":\"Inicio\",\"item\":\"https:\/\/compuviper.mx\/tienda\/\"},{\"@type\":\"ListItem\",\"position\":2,\"name\":\"Productos\",\"item\":\"https:\/\/compuviper.mx\/tienda\/productos\/\"},{\"@type\":\"ListItem\",\"position\":3,\"name\":\"Monitores\",\"item\":\"https:\/\/compuviper.mx\/tienda\/categoria-producto\/monitores\/\"},{\"@type\":\"ListItem\",\"position\":4,\"name\":\"Led\",\"item\":\"https:\/\/compuviper.mx\/tienda\/categoria-producto\/monitores\/led\/\"},{\"@type\":\"ListItem\",\"position\":5,\"name\":\"Lenovo 63d8mar3la Monitor Think Vision \/ T24v-30f22238ft1 \/ 23.8 Fhd \/ 3x Usb 3.2 Gen 1 \/1x Usb 2.0 \/ 1x Usb-b 3.2 Gen 1\/ 3 A?os Garantia Cs\"}]},{\"@type\":\"WebSite\",\"@id\":\"https:\/\/compuviper.mx\/tienda\/#website\",\"url\":\"https:\/\/compuviper.mx\/tienda\/\",\"name\":\"Compuviper\",\"description\":\"Proveedor de Computadoras, Laptops, Servidores, Monitores, Puntos de Venta, Teclados,   Impresoras, T\u00f3ner, C\u00e1maras de Seguridad y m\u00e1s en tu tienda en l\u00ednea\",\"publisher\":{\"@id\":\"https:\/\/compuviper.mx\/tienda\/#organization\"},\"potentialAction\":[{\"@type\":\"SearchAction\",\"target\":{\"@type\":\"EntryPoint\",\"urlTemplate\":\"https:\/\/compuviper.mx\/tienda\/?s={search_term_string}\"},\"query-input\":\"required name=search_term_string\"}],\"inLanguage\":\"es-MX\"},{\"@type\":\"Organization\",\"@id\":\"https:\/\/compuviper.mx\/tienda\/#organization\",\"name\":\"Compuviper\",\"url\":\"https:\/\/compuviper.mx\/tienda\/\",\"logo\":{\"@type\":\"ImageObject\",\"inLanguage\":\"es-MX\",\"@id\":\"https:\/\/compuviper.mx\/tienda\/#\/schema\/logo\/image\/\",\"url\":\"https:\/\/compuviper.mx\/tienda\/wp-content\/uploads\/2021\/08\/Logo-Compuviper-10.png\",\"contentUrl\":\"https:\/\/compuviper.mx\/tienda\/wp-content\/uploads\/2021\/08\/Logo-Compuviper-10.png\",\"width\":1000,\"height\":500,\"caption\":\"Compuviper\"},\"image\":{\"@id\":\"https:\/\/compuviper.mx\/tienda\/#\/schema\/logo\/image\/\"},\"sameAs\":[\"https:\/\/www.facebook.com\/compuviper\",\"https:\/\/www.youtube.com\/channel\/UCf73dERp9Y3cfOq7q8BhLjA?view_as=subscriber\"]}]}<\/script>\n<meta property=\"product:brand\" content=\"LENOVO\" \/>\n<meta property=\"product:price:amount\" content=\"5747\" \/>\n<meta property=\"product:price:currency\" content=\"MXN\" \/>\n<meta property=\"og:availability\" content=\"backorder\" \/>\n<meta property=\"product:availability\" content=\"available for order\" \/>\n<meta property=\"product:retailer_item_id\" content=\"63D8MAR3LA\" \/>\n<meta property=\"product:condition\" content=\"new\" \/>\n<!-- \/ Yoast SEO plugin. -->","yoast_head_json":{"title":"[ Lenovo ] &#129351; 63d8mar3la Monitor Think Vision \/ T24v-30f22238ft1 \/ 23.8 Fhd \/ 3x Usb 3.2 Gen 1 \/1x Usb 2.0 \/ 1x Usb-b 3.2 Gen 1\/ 3 A\u00f1os Garantia Cs","description":"Compra 63d8mar3la Monitor Think Vision \/ T24v-30f22238ft1 \/ 23.8 Fhd \/ 3x Usb 3.2 Gen 1 \/1x Usb 2.0 \/ 1x Usb-b 3.2 Gen 1\/ 3 A\u00f1os Garantia Cs + Env\u00edo a domicilio + Pago seguro + Garant\u00eda","robots":{"index":"index","follow":"follow","max-snippet":"max-snippet:-1","max-image-preview":"max-image-preview:large","max-video-preview":"max-video-preview:-1"},"canonical":"https:\/\/compuviper.mx\/tienda\/producto\/lenovo-63d8mar3la-monitor-think-vision-t24v-30f22238ft1-23-8-fhd-3x-usb-3-2-gen-1-1x-usb-2-0-1x-usb-b-3-2-gen-1-3-aos-garantia-cs\/","og_locale":"es_MX","og_type":"article","og_title":"[ Lenovo ] &#129351; 63d8mar3la Monitor Think Vision \/ T24v-30f22238ft1 \/ 23.8 Fhd \/ 3x Usb 3.2 Gen 1 \/1x Usb 2.0 \/ 1x Usb-b 3.2 Gen 1\/ 3 A\u00f1os Garantia Cs","og_description":"Compra 63d8mar3la Monitor Think Vision \/ T24v-30f22238ft1 \/ 23.8 Fhd \/ 3x Usb 3.2 Gen 1 \/1x Usb 2.0 \/ 1x Usb-b 3.2 Gen 1\/ 3 A\u00f1os Garantia Cs + Env\u00edo a domicilio + Pago seguro + Garant\u00eda","og_url":"https:\/\/compuviper.mx\/tienda\/producto\/lenovo-63d8mar3la-monitor-think-vision-t24v-30f22238ft1-23-8-fhd-3x-usb-3-2-gen-1-1x-usb-2-0-1x-usb-b-3-2-gen-1-3-aos-garantia-cs\/","og_site_name":"Compuviper","article_publisher":"https:\/\/www.facebook.com\/compuviper","og_image":[{"width":200,"height":200,"url":"https:\/\/compuviper.mx\/tienda\/wp-content\/uploads\/2025\/12\/Monitor-lenovo-think-vision-t24v-30f22238ft1-23.8-fhd-3x-usb-3.2-gen-1-1x-usb-2.0-1x-usb-b-3.2-gen-1-3-anos-garantia-cs.jpg","type":"image\/jpeg"}],"twitter_card":"summary_large_image","twitter_misc":{"Precio":"&#36;5,747 con IVA","Availability":"On backorder"},"schema":{"@context":"https:\/\/schema.org","@graph":[{"@type":"WebPage","@id":"https:\/\/compuviper.mx\/tienda\/producto\/lenovo-63d8mar3la-monitor-think-vision-t24v-30f22238ft1-23-8-fhd-3x-usb-3-2-gen-1-1x-usb-2-0-1x-usb-b-3-2-gen-1-3-aos-garantia-cs\/","url":"https:\/\/compuviper.mx\/tienda\/producto\/lenovo-63d8mar3la-monitor-think-vision-t24v-30f22238ft1-23-8-fhd-3x-usb-3-2-gen-1-1x-usb-2-0-1x-usb-b-3-2-gen-1-3-aos-garantia-cs\/","name":"[ Lenovo ] &#129351; 63d8mar3la Monitor Think Vision \/ T24v-30f22238ft1 \/ 23.8 Fhd \/ 3x Usb 3.2 Gen 1 \/1x Usb 2.0 \/ 1x Usb-b 3.2 Gen 1\/ 3 A\u00f1os Garantia Cs","isPartOf":{"@id":"https:\/\/compuviper.mx\/tienda\/#website"},"datePublished":"2026-04-02T06:47:43+00:00","dateModified":"2026-04-02T06:47:43+00:00","description":"Compra 63d8mar3la Monitor Think Vision \/ T24v-30f22238ft1 \/ 23.8 Fhd \/ 3x Usb 3.2 Gen 1 \/1x Usb 2.0 \/ 1x Usb-b 3.2 Gen 1\/ 3 A\u00f1os Garantia Cs + Env\u00edo a domicilio + Pago seguro + Garant\u00eda","breadcrumb":{"@id":"https:\/\/compuviper.mx\/tienda\/producto\/lenovo-63d8mar3la-monitor-think-vision-t24v-30f22238ft1-23-8-fhd-3x-usb-3-2-gen-1-1x-usb-2-0-1x-usb-b-3-2-gen-1-3-aos-garantia-cs\/#breadcrumb"},"inLanguage":"es-MX","potentialAction":[{"@type":"ReadAction","target":["https:\/\/compuviper.mx\/tienda\/producto\/lenovo-63d8mar3la-monitor-think-vision-t24v-30f22238ft1-23-8-fhd-3x-usb-3-2-gen-1-1x-usb-2-0-1x-usb-b-3-2-gen-1-3-aos-garantia-cs\/"]}]},{"@type":"BreadcrumbList","@id":"https:\/\/compuviper.mx\/tienda\/producto\/lenovo-63d8mar3la-monitor-think-vision-t24v-30f22238ft1-23-8-fhd-3x-usb-3-2-gen-1-1x-usb-2-0-1x-usb-b-3-2-gen-1-3-aos-garantia-cs\/#breadcrumb","itemListElement":[{"@type":"ListItem","position":1,"name":"Inicio","item":"https:\/\/compuviper.mx\/tienda\/"},{"@type":"ListItem","position":2,"name":"Productos","item":"https:\/\/compuviper.mx\/tienda\/productos\/"},{"@type":"ListItem","position":3,"name":"Monitores","item":"https:\/\/compuviper.mx\/tienda\/categoria-producto\/monitores\/"},{"@type":"ListItem","position":4,"name":"Led","item":"https:\/\/compuviper.mx\/tienda\/categoria-producto\/monitores\/led\/"},{"@type":"ListItem","position":5,"name":"Lenovo 63d8mar3la Monitor Think Vision \/ T24v-30f22238ft1 \/ 23.8 Fhd \/ 3x Usb 3.2 Gen 1 \/1x Usb 2.0 \/ 1x Usb-b 3.2 Gen 1\/ 3 A?os Garantia Cs"}]},{"@type":"WebSite","@id":"https:\/\/compuviper.mx\/tienda\/#website","url":"https:\/\/compuviper.mx\/tienda\/","name":"Compuviper","description":"Proveedor de Computadoras, Laptops, Servidores, Monitores, Puntos de Venta, Teclados,   Impresoras, T\u00f3ner, C\u00e1maras de Seguridad y m\u00e1s en tu tienda en l\u00ednea","publisher":{"@id":"https:\/\/compuviper.mx\/tienda\/#organization"},"potentialAction":[{"@type":"SearchAction","target":{"@type":"EntryPoint","urlTemplate":"https:\/\/compuviper.mx\/tienda\/?s={search_term_string}"},"query-input":"required name=search_term_string"}],"inLanguage":"es-MX"},{"@type":"Organization","@id":"https:\/\/compuviper.mx\/tienda\/#organization","name":"Compuviper","url":"https:\/\/compuviper.mx\/tienda\/","logo":{"@type":"ImageObject","inLanguage":"es-MX","@id":"https:\/\/compuviper.mx\/tienda\/#\/schema\/logo\/image\/","url":"https:\/\/compuviper.mx\/tienda\/wp-content\/uploads\/2021\/08\/Logo-Compuviper-10.png","contentUrl":"https:\/\/compuviper.mx\/tienda\/wp-content\/uploads\/2021\/08\/Logo-Compuviper-10.png","width":1000,"height":500,"caption":"Compuviper"},"image":{"@id":"https:\/\/compuviper.mx\/tienda\/#\/schema\/logo\/image\/"},"sameAs":["https:\/\/www.facebook.com\/compuviper","https:\/\/www.youtube.com\/channel\/UCf73dERp9Y3cfOq7q8BhLjA?view_as=subscriber"]}]},"product_brand":"LENOVO","product_price_amount":"5747","product_price_currency":"MXN","og_availability":"backorder","product_availability":"available for order","product_retailer_item_id":"63D8MAR3LA","product_condition":"new"},"_links":{"self":[{"href":"https:\/\/compuviper.mx\/tienda\/wp-json\/wp\/v2\/product\/263735"}],"collection":[{"href":"https:\/\/compuviper.mx\/tienda\/wp-json\/wp\/v2\/product"}],"about":[{"href":"https:\/\/compuviper.mx\/tienda\/wp-json\/wp\/v2\/types\/product"}],"replies":[{"embeddable":true,"href":"https:\/\/compuviper.mx\/tienda\/wp-json\/wp\/v2\/comments?post=263735"}],"wp:featuredmedia":[{"embeddable":true,"href":"https:\/\/compuviper.mx\/tienda\/wp-json\/wp\/v2\/media\/264059"}],"wp:attachment":[{"href":"https:\/\/compuviper.mx\/tienda\/wp-json\/wp\/v2\/media?parent=263735"}],"wp:term":[{"taxonomy":"product_cat","embeddable":true,"href":"https:\/\/compuviper.mx\/tienda\/wp-json\/wp\/v2\/product_cat?post=263735"},{"taxonomy":"product_tag","embeddable":true,"href":"https:\/\/compuviper.mx\/tienda\/wp-json\/wp\/v2\/product_tag?post=263735"}],"curies":[{"name":"wp","href":"https:\/\/api.w.org\/{rel}","templated":true}]}}