{"id":263733,"date":"2026-04-11T00:48:05","date_gmt":"2026-04-11T06:48:05","guid":{"rendered":"https:\/\/compuviper.mx\/tienda\/producto\/gigabyte-b860-eagle-wifi6e-tarjeta-madre-socket-lga-1851-intel-ultra-ddr5-9066-mt-s-wifi-6e-bt-5-3-pcie-5-0-atx\/"},"modified":"2026-04-12T00:00:15","modified_gmt":"2026-04-12T06:00:15","slug":"gigabyte-b860-eagle-wifi6e-tarjeta-madre-socket-lga-1851-intel-ultra-ddr5-9066-mt-s-wifi-6e-bt-5-3-pcie-5-0-atx","status":"publish","type":"product","link":"https:\/\/compuviper.mx\/tienda\/producto\/gigabyte-b860-eagle-wifi6e-tarjeta-madre-socket-lga-1851-intel-ultra-ddr5-9066-mt-s-wifi-6e-bt-5-3-pcie-5-0-atx\/","title":{"rendered":"Gigabyte B860 Eagle Wifi6e Tarjeta Madre   \/ Socket Lga 1851 Intel Ultra \/ Ddr5 9066 Mt\/s \/ Wifi 6e \/ Bt 5.3 \/ Pcie 5.0 \/ Atx"},"content":{"rendered":"<table class=\"descripcion\">\n<tr>\n<td>Procesador<\/td>\n<\/tr>\n<tr>\n<td>Z\u00f3calo lga1851: compatibilidad con procesadores intel \u00ae core\u0099 ultra<\/td>\n<\/tr>\n<tr>\n<td>(visite el sitio web de gigabyte para obtener la lista m\u00e1s reciente de compatibilidad de cpu).<\/td>\n<\/tr>\n<tr>\n<td>La cach\u00e9 l3 var\u00eda seg\u00fan la cpu .<\/td>\n<\/tr>\n<tr>\n<td>Conjunto de chips<\/td>\n<\/tr>\n<tr>\n<td>Conjunto de chips intel\u00ae b860 express<\/td>\n<\/tr>\n<tr>\n<td>Memoria<\/td>\n<\/tr>\n<tr>\n<td>Soporte para m\u00f3dulos de memoria ddr5 9066(oc)\/8800(oc)\/8600(oc)\/8400(oc)\/8266(oc)\/8200(oc)\/8000(oc)\/7950(oc)\/7900(oc)\/7800(oc)\/7600(oc)\/7400(oc)\/7200(oc)\/7000(oc)\/6800(oc)\/6600(oc)\/6400\/5600 mt\/s<\/td>\n<\/tr>\n<tr>\n<td>4 z\u00f3calos dimm ddr5 que admiten hasta 256 gb (capacidad dimm \u00fanica de 64 gb) de memoria del sistema<\/td>\n<\/tr>\n<tr>\n<td>Arquitectura de memoria de doble canal<\/td>\n<\/tr>\n<tr>\n<td>Soporte para m\u00f3dulos de memoria dimm sin b\u00fafer ecc 1rx8\/2rx8 (funcionan en modo no ecc)<\/td>\n<\/tr>\n<tr>\n<td>Soporte para dimm sin b\u00fafer no ecc m\u00f3dulos de memoria 1rx8\/2rx8\/1rx16<\/td>\n<\/tr>\n<tr>\n<td>Compatibilidad con m\u00f3dulos de memoria extreme memory profile (xmp)<\/td>\n<\/tr>\n<tr>\n<td>(la configuraci\u00f3n de la cpu y la memoria puede afectar los tipos de memoria admitidos, la velocidad de datos y la cantidad de m\u00f3dulos dram; consulte la lista de compatibilidad de memoria en el sitio web de gigabyte para obtener m\u00e1s informaci\u00f3n).<\/td>\n<\/tr>\n<tr>\n<td>Gr\u00e1ficos integrados<\/td>\n<\/tr>\n<tr>\n<td>Procesador de gr\u00e1ficos integrado: compatibilidad con gr\u00e1ficos intel\u00ae hd:<\/td>\n<\/tr>\n<tr>\n<td>&#8211; 1 puerto hdmi, compatible con una resoluci\u00f3n m\u00e1xima de 4096 x 2160 a 60 hz<\/td>\n<\/tr>\n<tr>\n<td>* soporte para la versi\u00f3n hdmi 2.1 y hdcp 2.3.<\/td>\n<\/tr>\n<tr>\n<td>&#8211; 1 x displayport, compatible con una resoluci\u00f3n m\u00e1xima de 3840&#215;2160 a 144 hz<\/td>\n<\/tr>\n<tr>\n<td>* soporte para la versi\u00f3n displayport 2.1.<\/td>\n<\/tr>\n<tr>\n<td>(las especificaciones gr\u00e1ficas pueden variar seg\u00fan el soporte de la cpu).<\/td>\n<\/tr>\n<tr>\n<td>Audio<\/td>\n<\/tr>\n<tr>\n<td>Codec de audio realtek\u00ae<\/td>\n<\/tr>\n<tr>\n<td>Audio de alta definici\u00f3n de<\/td>\n<\/tr>\n<tr>\n<td>2\/4\/5.1\/7.1 canales<\/td>\n<\/tr>\n<tr>\n<td>* puede cambiar la funcionalidad de un conector de audio mediante el software de audio. para configurar el audio de 7.1 canales, acceda al software de audio para ver los ajustes de audio.<\/td>\n<\/tr>\n<tr>\n<td>Soporte para salida s\/pdif<\/td>\n<\/tr>\n<tr>\n<td>Y<\/td>\n<\/tr>\n<tr>\n<td>Chip lan realtek\u00ae 2.5gbe (2,5 gbps\/1 gbps\/100 mbps)<\/td>\n<\/tr>\n<tr>\n<td>M\u00f3dulo de comunicaci\u00f3n inal\u00e1mbrica<\/td>\n<\/tr>\n<tr>\n<td>Intel\u00ae wi-fi 6e ax211 (pcb rev. 1.0)<\/td>\n<\/tr>\n<tr>\n<td>: wifi a, b, g, n, ac, ax, compatible con bandas de frecuencia portadora de 2,4\/5\/6 ghz<\/td>\n<\/tr>\n<tr>\n<td>&#8211; bluetooth 5.3<\/td>\n<\/tr>\n<tr>\n<td>: compatibilidad con el est\u00e1ndar inal\u00e1mbrico 11ax de 160 mhz<\/td>\n<\/tr>\n<tr>\n<td>Realtek\u00ae wi-fi 6e rtl8852ce (pcb rev. 1.1)<\/td>\n<\/tr>\n<tr>\n<td>: wifi a, b, g, n, ac, ax, compatible con bandas de frecuencia portadora de 2,4\/5\/6 ghz<\/td>\n<\/tr>\n<tr>\n<td>&#8211; bluetooth 5.3<\/td>\n<\/tr>\n<tr>\n<td>: compatibilidad con el est\u00e1ndar inal\u00e1mbrico 11ax de 160 mhz<\/td>\n<\/tr>\n<tr>\n<td>(la velocidad de datos real puede variar seg\u00fan el entorno y el equipo).<\/td>\n<\/tr>\n<tr>\n<td>Puertos de expansi\u00f3n<\/td>\n<\/tr>\n<tr>\n<td>Cpu:<\/td>\n<\/tr>\n<tr>\n<td>&#8211; 1 ranura pci express x16, compatible con pcie 5.0 y funcionando a x16 (pciex16)<\/td>\n<\/tr>\n<tr>\n<td>* la ranura pciex16 solo admite una tarjeta gr\u00e1fica o un ssd nvme. si solo se va a instalar una tarjeta gr\u00e1fica, aseg\u00farese de instalarla en la ranura pciex16.<\/td>\n<\/tr>\n<tr>\n<td>Chipset:<\/td>\n<\/tr>\n<tr>\n<td>&#8211; 2 ranuras pci express x16, compatibles con pcie 4.0 y funcionando a x1 (pciex1_3\/4)<\/td>\n<\/tr>\n<tr>\n<td>Interfaz de almacenamiento<\/td>\n<\/tr>\n<tr>\n<td>Cpu:<\/td>\n<\/tr>\n<tr>\n<td>&#8211; 1 conector m.2 (socket 3, clave m, soporte para ssd pcie 5.0&#215;4\/x2 tipo 25110\/22110\/2580\/2280) (m2a_cpu)<\/td>\n<\/tr>\n<tr>\n<td>Chipset:<\/td>\n<\/tr>\n<tr>\n<td>&#8211; 1 conector m.2 (socket 3, clave m, soporte para ssd pcie 4.0&#215;4\/x2 tipo 25110\/22110\/2580\/2280) (m2q_sb)<\/td>\n<\/tr>\n<tr>\n<td>&#8211; 1 conector m.2 (socket 3, clave m, soporte para ssd pcie 4.0&#215;4\/x2 tipo 25110\/22110\/2580\/2280) (m2p_sb)<\/td>\n<\/tr>\n<tr>\n<td>&#8211; 4 conectores sata 6gb\/s<\/td>\n<\/tr>\n<tr>\n<td>Compatibilidad con raid 0, raid 1, raid 5 y raid 10 para dispositivos de almacenamiento sata<\/td>\n<\/tr>\n<tr>\n<td>Usb<\/td>\n<\/tr>\n<tr>\n<td>Chipset:<\/td>\n<\/tr>\n<tr>\n<td>&#8211; 1 puerto usb type-c\u00ae en el panel posterior, con soporte usb 3.2 gen 2&#215;2<\/td>\n<\/tr>\n<tr>\n<td>&#8211; 1 puerto usb type-c\u00ae con soporte usb 3.2 gen 1, disponible a trav\u00e9s del encabezado usb interno<\/td>\n<\/tr>\n<tr>\n<td>&#8211; 1 puerto usb 3.2 gen 2 tipo a (rojo) en el panel posterior<\/td>\n<\/tr>\n<tr>\n<td>&#8211; 2 puertos usb 3.2 gen 1 disponibles a trav\u00e9s de los encabezados usb internos<\/td>\n<\/tr>\n<tr>\n<td>&#8211; 4 puertos usb 2.0\/1.1 en el panel posterior<\/td>\n<\/tr>\n<tr>\n<td>Chipset+hub usb 2.0:<\/td>\n<\/tr>\n<tr>\n<td>&#8211; 4 puertos usb 2.0\/1.1 disponibles a trav\u00e9s de los encabezados usb internos<\/td>\n<\/tr>\n<tr>\n<td>Conectores internos de e\/s<\/td>\n<\/tr>\n<tr>\n<td>1 conector de alimentaci\u00f3n principal atx de 24 pines<\/td>\n<\/tr>\n<tr>\n<td>1 conector de alimentaci\u00f3n atx de 12 v y 8 pines<\/td>\n<\/tr>\n<tr>\n<td>1 encabezado de ventilador de cpu 1<\/td>\n<\/tr>\n<tr>\n<td>Encabezado de bomba de refrigeraci\u00f3n por agua\/<\/td>\n<\/tr>\n<tr>\n<td>Ventilador de cpu 2 encabezados de ventilador de sistema<\/td>\n<\/tr>\n<tr>\n<td>2 encabezados de bomba de refrigeraci\u00f3n por agua\/ventilador de sistema<\/td>\n<\/tr>\n<tr>\n<td>3 encabezados de tiras led rgb gen2 direccionables<\/td>\n<\/tr>\n<tr>\n<td>1 encabezado de tira led rgb<\/td>\n<\/tr>\n<tr>\n<td>3 conectores m.2 socket 3<\/td>\n<\/tr>\n<tr>\n<td>4 conectores sata de 6 gb\/s<\/td>\n<\/tr>\n<tr>\n<td>1 encabezado de panel frontal<\/td>\n<\/tr>\n<tr>\n<td>1 encabezado de audio de panel frontal<\/td>\n<\/tr>\n<tr>\n<td>1 encabezado de salida s\/pdif<\/td>\n<\/tr>\n<tr>\n<td>1 encabezado usb type-c\u00ae, compatible con usb 3.2 gen 1<\/td>\n<\/tr>\n<tr>\n<td>1 encabezado usb 3.2 gen 1<\/td>\n<\/tr>\n<tr>\n<td>2 encabezados usb 2.0\/1.1<\/td>\n<\/tr>\n<tr>\n<td>1 encabezado de m\u00f3dulo de plataforma segura (solo para el m\u00f3dulo gc-tpm2.0 spi\/gc-tpm2.0 spi 2.0\/gc-tpm2.0 spi v2)<\/td>\n<\/tr>\n<tr>\n<td>1 encabezado de puerto serie<\/td>\n<\/tr>\n<tr>\n<td>1 bot\u00f3n q-flash plus<\/td>\n<\/tr>\n<tr>\n<td>1 puente de reinicio<\/td>\n<\/tr>\n<tr>\n<td>1 x puente cmos transparente<\/td>\n<\/tr>\n<tr>\n<td>Conectores del panel trasero<\/td>\n<\/tr>\n<tr>\n<td>1 puerto para teclado\/mouse ps\/2<\/td>\n<\/tr>\n<tr>\n<td>1 puerto hdmi (nota)<\/td>\n<\/tr>\n<tr>\n<td>1 puerto displayport (nota)<\/td>\n<\/tr>\n<tr>\n<td>1 puerto usb type-c\u00ae, con soporte usb 3.2 gen 2&#215;2<\/td>\n<\/tr>\n<tr>\n<td>1 puerto usb 3.2 gen 2 tipo a (rojo)<\/td>\n<\/tr>\n<tr>\n<td>4 puertos usb 2.0\/1.1<\/td>\n<\/tr>\n<tr>\n<td>2 conectores de antena (2t2r)<\/td>\n<\/tr>\n<tr>\n<td>1 puerto rj-45<\/td>\n<\/tr>\n<tr>\n<td>3 conectores de audio<\/td>\n<\/tr>\n<tr>\n<td>(nota) el soporte real puede variar seg\u00fan la cpu.<\/td>\n<\/tr>\n<tr>\n<td>Controlador de e\/s<\/td>\n<\/tr>\n<tr>\n<td>Chip controlador de e\/s ite\u00ae<\/td>\n<\/tr>\n<tr>\n<td>Monitorizaci\u00f3n h\/w<\/td>\n<\/tr>\n<tr>\n<td>Detecci\u00f3n de voltaje<\/td>\n<\/tr>\n<tr>\n<td>Detecci\u00f3n de temperatura<\/td>\n<\/tr>\n<tr>\n<td>Detecci\u00f3n de velocidad del ventilador<\/td>\n<\/tr>\n<tr>\n<td>Detecci\u00f3n de caudal de refrigeraci\u00f3n por agua<\/td>\n<\/tr>\n<tr>\n<td>Advertencia de falla del ventilador<\/td>\n<\/tr>\n<tr>\n<td>Control de velocidad del ventilador<\/td>\n<\/tr>\n<tr>\n<td>* si la funci\u00f3n de control de velocidad del ventilador (bomba) es compatible depender\u00e1 del ventilador (bomba) que instale.<\/td>\n<\/tr>\n<tr>\n<td>Bios<\/td>\n<\/tr>\n<tr>\n<td>1 x 256 mbit flash<\/td>\n<\/tr>\n<tr>\n<td>Uso de ami uefi bios con licencia<\/td>\n<\/tr>\n<tr>\n<td>Pnp 1.0a, dmi 2.7, wfm 2.0, sm bios 2.7, acpi 5.0<\/td>\n<\/tr>\n<tr>\n<td>Caracter\u00edsticas \u00fanicas<\/td>\n<\/tr>\n<tr>\n<td>Soporte para el centro de control de gigabyte (gcc)<\/td>\n<\/tr>\n<tr>\n<td>* las aplicaciones disponibles en gcc pueden variar seg\u00fan el modelo de placa base. las funciones admitidas por cada aplicaci\u00f3n tambi\u00e9n pueden variar seg\u00fan las especificaciones de la placa base.<\/td>\n<\/tr>\n<tr>\n<td>Soporte para q-flash<\/td>\n<\/tr>\n<tr>\n<td>Soporte para q-flash plus<\/td>\n<\/tr>\n<tr>\n<td>Soporte para smart backup<\/td>\n<\/tr>\n<tr>\n<td>Software incluido<\/td>\n<\/tr>\n<tr>\n<td>Software de gesti\u00f3n de ancho de banda lan norton\u00aeinternet security (versi\u00f3n oem)<\/td>\n<\/tr>\n<tr>\n<td>Sistema operativo<\/td>\n<\/tr>\n<tr>\n<td>Soporte para windows 11 de 64 bits<\/td>\n<\/tr>\n<tr>\n<td>Soporte para windows 10 de 64 bits<\/td>\n<\/tr>\n<tr>\n<td>* el controlador intel\u00ae npu solo es compatible con windows 11.<\/td>\n<\/tr>\n<tr>\n<td>Dise\u00f1o<\/td>\n<\/tr>\n<tr>\n<td>Factor de forma atx; 30,5 cm x 24,4 cm<\/td>\n<\/tr>\n<\/table>\n","protected":false},"excerpt":{"rendered":"<p>Caracter\u00edsticas principales. Admite procesadores intel\u00ae core\u0099 ultra (serie 2. Soluci\u00f3n vrm de 12+1+2 fases con gemelo digital. Ddr5 de doble canal : 4 dimm con compatibilidad con m\u00f3dulo de memoria xmp. D5 bionic corsa para un rendimiento de memoria infinito. Ai perfdrive : proporciona un perfil preestablecido de bios personalizado y \u00f3ptimo para los usuarios. Wifi ez-plug : dise\u00f1o r\u00e1pido y sencillo para la instalaci\u00f3n de antenas wi-fi. Ez-latch plus : ranuras pcie y m.2 con liberaci\u00f3n r\u00e1pida y dise\u00f1o sin tornillos. Ez-latch click : disipadores de calor m.2 con dise\u00f1o sin tornillos. Interfaz de usuario amigable : m\u00faltiples temas, control de ventilador aio y escaneo autom\u00e1tico q-flash en bios y sw. Almacenamiento ultrarr\u00e1pido : 3 ranuras m.2, incluida 1 pcie 5.0 x4. Protecci\u00f3n t\u00e9rmica eficiente : vrm thermal armor advanced y m.2 thermal guard. Conexi\u00f3n en red r\u00e1pida : lan de 2,5 gbe y wi-fi 6e. Conectividad extendida : hdmi, displayport<\/p>\n","protected":false},"featured_media":263734,"comment_status":"open","ping_status":"open","template":"","meta":[],"product_cat":[2239,1727],"product_tag":[1732],"acf":[],"yoast_head":"<!-- This site is optimized with the Yoast SEO plugin v21.7 - https:\/\/yoast.com\/wordpress\/plugins\/seo\/ -->\n<title>[ Gigabyte ] &#129351; B860 Eagle Wifi6e Tarjeta Madre \/ Socket Lga 1851 Intel Ultra \/ Ddr5 9066 Mt\/s \/ Wifi 6e \/ Bt 5.3 \/ Pcie 5.0 \/ Atx<\/title>\n<meta name=\"description\" content=\"Compra B860 Eagle Wifi6e Tarjeta Madre \/ Socket Lga 1851 Intel Ultra \/ Ddr5 9066 Mt\/s \/ Wifi 6e \/ Bt 5.3 \/ Pcie 5.0 \/ Atx + Env\u00edo a domicilio + Pago seguro + Garant\u00eda\" \/>\n<meta name=\"robots\" content=\"index, follow, max-snippet:-1, max-image-preview:large, max-video-preview:-1\" \/>\n<link rel=\"canonical\" href=\"https:\/\/compuviper.mx\/tienda\/producto\/gigabyte-b860-eagle-wifi6e-tarjeta-madre-socket-lga-1851-intel-ultra-ddr5-9066-mt-s-wifi-6e-bt-5-3-pcie-5-0-atx\/\" \/>\n<meta property=\"og:locale\" content=\"es_MX\" \/>\n<meta property=\"og:type\" content=\"article\" \/>\n<meta property=\"og:title\" content=\"[ Gigabyte ] &#129351; B860 Eagle Wifi6e Tarjeta Madre \/ Socket Lga 1851 Intel Ultra \/ Ddr5 9066 Mt\/s \/ Wifi 6e \/ Bt 5.3 \/ Pcie 5.0 \/ Atx\" \/>\n<meta property=\"og:description\" content=\"Compra B860 Eagle Wifi6e Tarjeta Madre \/ Socket Lga 1851 Intel Ultra \/ Ddr5 9066 Mt\/s \/ Wifi 6e \/ Bt 5.3 \/ Pcie 5.0 \/ Atx + Env\u00edo a domicilio + Pago seguro + Garant\u00eda\" \/>\n<meta property=\"og:url\" content=\"https:\/\/compuviper.mx\/tienda\/producto\/gigabyte-b860-eagle-wifi6e-tarjeta-madre-socket-lga-1851-intel-ultra-ddr5-9066-mt-s-wifi-6e-bt-5-3-pcie-5-0-atx\/\" \/>\n<meta property=\"og:site_name\" content=\"Compuviper\" \/>\n<meta property=\"article:publisher\" content=\"https:\/\/www.facebook.com\/compuviper\" \/>\n<meta property=\"article:modified_time\" content=\"2026-04-12T06:00:15+00:00\" \/>\n<meta property=\"og:image\" content=\"https:\/\/compuviper.mx\/tienda\/wp-content\/uploads\/2025\/12\/Tarjeta-madre-gigabyte-b860-eagle-wifi6e-socket-lga-1851-intel-ultra-ddr5-9066-mts-wifi-6e-bt-5.3-pcie-5.0-atx.jpg\" \/>\n\t<meta property=\"og:image:width\" content=\"200\" \/>\n\t<meta property=\"og:image:height\" content=\"200\" \/>\n\t<meta property=\"og:image:type\" content=\"image\/jpeg\" \/>\n<meta name=\"twitter:card\" content=\"summary_large_image\" \/>\n<meta name=\"twitter:label1\" content=\"Precio\" \/>\n\t<meta name=\"twitter:data1\" content=\"&#36;2,915 con IVA\" \/>\n\t<meta name=\"twitter:label2\" content=\"Availability\" \/>\n\t<meta name=\"twitter:data2\" content=\"Out of stock\" \/>\n<script type=\"application\/ld+json\" class=\"yoast-schema-graph\">{\"@context\":\"https:\/\/schema.org\",\"@graph\":[{\"@type\":\"WebPage\",\"@id\":\"https:\/\/compuviper.mx\/tienda\/producto\/gigabyte-b860-eagle-wifi6e-tarjeta-madre-socket-lga-1851-intel-ultra-ddr5-9066-mt-s-wifi-6e-bt-5-3-pcie-5-0-atx\/\",\"url\":\"https:\/\/compuviper.mx\/tienda\/producto\/gigabyte-b860-eagle-wifi6e-tarjeta-madre-socket-lga-1851-intel-ultra-ddr5-9066-mt-s-wifi-6e-bt-5-3-pcie-5-0-atx\/\",\"name\":\"[ Gigabyte ] &#129351; B860 Eagle Wifi6e Tarjeta Madre \/ Socket Lga 1851 Intel Ultra \/ Ddr5 9066 Mt\/s \/ Wifi 6e \/ Bt 5.3 \/ Pcie 5.0 \/ Atx\",\"isPartOf\":{\"@id\":\"https:\/\/compuviper.mx\/tienda\/#website\"},\"datePublished\":\"2026-04-11T06:48:05+00:00\",\"dateModified\":\"2026-04-12T06:00:15+00:00\",\"description\":\"Compra B860 Eagle Wifi6e Tarjeta Madre \/ Socket Lga 1851 Intel Ultra \/ Ddr5 9066 Mt\/s \/ Wifi 6e \/ Bt 5.3 \/ Pcie 5.0 \/ Atx + Env\u00edo a domicilio + Pago seguro + Garant\u00eda\",\"breadcrumb\":{\"@id\":\"https:\/\/compuviper.mx\/tienda\/producto\/gigabyte-b860-eagle-wifi6e-tarjeta-madre-socket-lga-1851-intel-ultra-ddr5-9066-mt-s-wifi-6e-bt-5-3-pcie-5-0-atx\/#breadcrumb\"},\"inLanguage\":\"es-MX\",\"potentialAction\":[{\"@type\":\"ReadAction\",\"target\":[\"https:\/\/compuviper.mx\/tienda\/producto\/gigabyte-b860-eagle-wifi6e-tarjeta-madre-socket-lga-1851-intel-ultra-ddr5-9066-mt-s-wifi-6e-bt-5-3-pcie-5-0-atx\/\"]}]},{\"@type\":\"BreadcrumbList\",\"@id\":\"https:\/\/compuviper.mx\/tienda\/producto\/gigabyte-b860-eagle-wifi6e-tarjeta-madre-socket-lga-1851-intel-ultra-ddr5-9066-mt-s-wifi-6e-bt-5-3-pcie-5-0-atx\/#breadcrumb\",\"itemListElement\":[{\"@type\":\"ListItem\",\"position\":1,\"name\":\"Inicio\",\"item\":\"https:\/\/compuviper.mx\/tienda\/\"},{\"@type\":\"ListItem\",\"position\":2,\"name\":\"Productos\",\"item\":\"https:\/\/compuviper.mx\/tienda\/productos\/\"},{\"@type\":\"ListItem\",\"position\":3,\"name\":\"Tarjeta Madre\",\"item\":\"https:\/\/compuviper.mx\/tienda\/categoria-producto\/tarjeta-madre\/\"},{\"@type\":\"ListItem\",\"position\":4,\"name\":\"Socket 1700\",\"item\":\"https:\/\/compuviper.mx\/tienda\/categoria-producto\/tarjeta-madre\/socket-1700\/\"},{\"@type\":\"ListItem\",\"position\":5,\"name\":\"Gigabyte B860 Eagle Wifi6e Tarjeta Madre \/ Socket Lga 1851 Intel Ultra \/ Ddr5 9066 Mt\/s \/ Wifi 6e \/ Bt 5.3 \/ Pcie 5.0 \/ Atx\"}]},{\"@type\":\"WebSite\",\"@id\":\"https:\/\/compuviper.mx\/tienda\/#website\",\"url\":\"https:\/\/compuviper.mx\/tienda\/\",\"name\":\"Compuviper\",\"description\":\"Proveedor de Computadoras, Laptops, Servidores, Monitores, Puntos de Venta, Teclados,   Impresoras, T\u00f3ner, C\u00e1maras de Seguridad y m\u00e1s en tu tienda en l\u00ednea\",\"publisher\":{\"@id\":\"https:\/\/compuviper.mx\/tienda\/#organization\"},\"potentialAction\":[{\"@type\":\"SearchAction\",\"target\":{\"@type\":\"EntryPoint\",\"urlTemplate\":\"https:\/\/compuviper.mx\/tienda\/?s={search_term_string}\"},\"query-input\":\"required name=search_term_string\"}],\"inLanguage\":\"es-MX\"},{\"@type\":\"Organization\",\"@id\":\"https:\/\/compuviper.mx\/tienda\/#organization\",\"name\":\"Compuviper\",\"url\":\"https:\/\/compuviper.mx\/tienda\/\",\"logo\":{\"@type\":\"ImageObject\",\"inLanguage\":\"es-MX\",\"@id\":\"https:\/\/compuviper.mx\/tienda\/#\/schema\/logo\/image\/\",\"url\":\"https:\/\/compuviper.mx\/tienda\/wp-content\/uploads\/2021\/08\/Logo-Compuviper-10.png\",\"contentUrl\":\"https:\/\/compuviper.mx\/tienda\/wp-content\/uploads\/2021\/08\/Logo-Compuviper-10.png\",\"width\":1000,\"height\":500,\"caption\":\"Compuviper\"},\"image\":{\"@id\":\"https:\/\/compuviper.mx\/tienda\/#\/schema\/logo\/image\/\"},\"sameAs\":[\"https:\/\/www.facebook.com\/compuviper\",\"https:\/\/www.youtube.com\/channel\/UCf73dERp9Y3cfOq7q8BhLjA?view_as=subscriber\"]}]}<\/script>\n<meta property=\"product:brand\" content=\"GIGABYTE\" \/>\n<meta property=\"product:price:amount\" content=\"2915\" \/>\n<meta property=\"product:price:currency\" content=\"MXN\" \/>\n<meta property=\"og:availability\" content=\"out of stock\" \/>\n<meta property=\"product:availability\" content=\"out of stock\" \/>\n<meta property=\"product:retailer_item_id\" content=\"B860 EAGLE WIFI6E\" \/>\n<meta property=\"product:condition\" content=\"new\" \/>\n<!-- \/ Yoast SEO plugin. -->","yoast_head_json":{"title":"[ Gigabyte ] &#129351; B860 Eagle Wifi6e Tarjeta Madre \/ Socket Lga 1851 Intel Ultra \/ Ddr5 9066 Mt\/s \/ Wifi 6e \/ Bt 5.3 \/ Pcie 5.0 \/ Atx","description":"Compra B860 Eagle Wifi6e Tarjeta Madre \/ Socket Lga 1851 Intel Ultra \/ Ddr5 9066 Mt\/s \/ Wifi 6e \/ Bt 5.3 \/ Pcie 5.0 \/ Atx + Env\u00edo a domicilio + Pago seguro + Garant\u00eda","robots":{"index":"index","follow":"follow","max-snippet":"max-snippet:-1","max-image-preview":"max-image-preview:large","max-video-preview":"max-video-preview:-1"},"canonical":"https:\/\/compuviper.mx\/tienda\/producto\/gigabyte-b860-eagle-wifi6e-tarjeta-madre-socket-lga-1851-intel-ultra-ddr5-9066-mt-s-wifi-6e-bt-5-3-pcie-5-0-atx\/","og_locale":"es_MX","og_type":"article","og_title":"[ Gigabyte ] &#129351; B860 Eagle Wifi6e Tarjeta Madre \/ Socket Lga 1851 Intel Ultra \/ Ddr5 9066 Mt\/s \/ Wifi 6e \/ Bt 5.3 \/ Pcie 5.0 \/ Atx","og_description":"Compra B860 Eagle Wifi6e Tarjeta Madre \/ Socket Lga 1851 Intel Ultra \/ Ddr5 9066 Mt\/s \/ Wifi 6e \/ Bt 5.3 \/ Pcie 5.0 \/ Atx + Env\u00edo a domicilio + Pago seguro + Garant\u00eda","og_url":"https:\/\/compuviper.mx\/tienda\/producto\/gigabyte-b860-eagle-wifi6e-tarjeta-madre-socket-lga-1851-intel-ultra-ddr5-9066-mt-s-wifi-6e-bt-5-3-pcie-5-0-atx\/","og_site_name":"Compuviper","article_publisher":"https:\/\/www.facebook.com\/compuviper","article_modified_time":"2026-04-12T06:00:15+00:00","og_image":[{"width":200,"height":200,"url":"https:\/\/compuviper.mx\/tienda\/wp-content\/uploads\/2025\/12\/Tarjeta-madre-gigabyte-b860-eagle-wifi6e-socket-lga-1851-intel-ultra-ddr5-9066-mts-wifi-6e-bt-5.3-pcie-5.0-atx.jpg","type":"image\/jpeg"}],"twitter_card":"summary_large_image","twitter_misc":{"Precio":"&#36;2,915 con IVA","Availability":"Out of stock"},"schema":{"@context":"https:\/\/schema.org","@graph":[{"@type":"WebPage","@id":"https:\/\/compuviper.mx\/tienda\/producto\/gigabyte-b860-eagle-wifi6e-tarjeta-madre-socket-lga-1851-intel-ultra-ddr5-9066-mt-s-wifi-6e-bt-5-3-pcie-5-0-atx\/","url":"https:\/\/compuviper.mx\/tienda\/producto\/gigabyte-b860-eagle-wifi6e-tarjeta-madre-socket-lga-1851-intel-ultra-ddr5-9066-mt-s-wifi-6e-bt-5-3-pcie-5-0-atx\/","name":"[ Gigabyte ] &#129351; B860 Eagle Wifi6e Tarjeta Madre \/ Socket Lga 1851 Intel Ultra \/ Ddr5 9066 Mt\/s \/ Wifi 6e \/ Bt 5.3 \/ Pcie 5.0 \/ Atx","isPartOf":{"@id":"https:\/\/compuviper.mx\/tienda\/#website"},"datePublished":"2026-04-11T06:48:05+00:00","dateModified":"2026-04-12T06:00:15+00:00","description":"Compra B860 Eagle Wifi6e Tarjeta Madre \/ Socket Lga 1851 Intel Ultra \/ Ddr5 9066 Mt\/s \/ Wifi 6e \/ Bt 5.3 \/ Pcie 5.0 \/ Atx + Env\u00edo a domicilio + Pago seguro + Garant\u00eda","breadcrumb":{"@id":"https:\/\/compuviper.mx\/tienda\/producto\/gigabyte-b860-eagle-wifi6e-tarjeta-madre-socket-lga-1851-intel-ultra-ddr5-9066-mt-s-wifi-6e-bt-5-3-pcie-5-0-atx\/#breadcrumb"},"inLanguage":"es-MX","potentialAction":[{"@type":"ReadAction","target":["https:\/\/compuviper.mx\/tienda\/producto\/gigabyte-b860-eagle-wifi6e-tarjeta-madre-socket-lga-1851-intel-ultra-ddr5-9066-mt-s-wifi-6e-bt-5-3-pcie-5-0-atx\/"]}]},{"@type":"BreadcrumbList","@id":"https:\/\/compuviper.mx\/tienda\/producto\/gigabyte-b860-eagle-wifi6e-tarjeta-madre-socket-lga-1851-intel-ultra-ddr5-9066-mt-s-wifi-6e-bt-5-3-pcie-5-0-atx\/#breadcrumb","itemListElement":[{"@type":"ListItem","position":1,"name":"Inicio","item":"https:\/\/compuviper.mx\/tienda\/"},{"@type":"ListItem","position":2,"name":"Productos","item":"https:\/\/compuviper.mx\/tienda\/productos\/"},{"@type":"ListItem","position":3,"name":"Tarjeta Madre","item":"https:\/\/compuviper.mx\/tienda\/categoria-producto\/tarjeta-madre\/"},{"@type":"ListItem","position":4,"name":"Socket 1700","item":"https:\/\/compuviper.mx\/tienda\/categoria-producto\/tarjeta-madre\/socket-1700\/"},{"@type":"ListItem","position":5,"name":"Gigabyte B860 Eagle Wifi6e Tarjeta Madre \/ Socket Lga 1851 Intel Ultra \/ Ddr5 9066 Mt\/s \/ Wifi 6e \/ Bt 5.3 \/ Pcie 5.0 \/ Atx"}]},{"@type":"WebSite","@id":"https:\/\/compuviper.mx\/tienda\/#website","url":"https:\/\/compuviper.mx\/tienda\/","name":"Compuviper","description":"Proveedor de Computadoras, Laptops, Servidores, Monitores, Puntos de Venta, Teclados,   Impresoras, T\u00f3ner, C\u00e1maras de Seguridad y m\u00e1s en tu tienda en l\u00ednea","publisher":{"@id":"https:\/\/compuviper.mx\/tienda\/#organization"},"potentialAction":[{"@type":"SearchAction","target":{"@type":"EntryPoint","urlTemplate":"https:\/\/compuviper.mx\/tienda\/?s={search_term_string}"},"query-input":"required name=search_term_string"}],"inLanguage":"es-MX"},{"@type":"Organization","@id":"https:\/\/compuviper.mx\/tienda\/#organization","name":"Compuviper","url":"https:\/\/compuviper.mx\/tienda\/","logo":{"@type":"ImageObject","inLanguage":"es-MX","@id":"https:\/\/compuviper.mx\/tienda\/#\/schema\/logo\/image\/","url":"https:\/\/compuviper.mx\/tienda\/wp-content\/uploads\/2021\/08\/Logo-Compuviper-10.png","contentUrl":"https:\/\/compuviper.mx\/tienda\/wp-content\/uploads\/2021\/08\/Logo-Compuviper-10.png","width":1000,"height":500,"caption":"Compuviper"},"image":{"@id":"https:\/\/compuviper.mx\/tienda\/#\/schema\/logo\/image\/"},"sameAs":["https:\/\/www.facebook.com\/compuviper","https:\/\/www.youtube.com\/channel\/UCf73dERp9Y3cfOq7q8BhLjA?view_as=subscriber"]}]},"product_brand":"GIGABYTE","product_price_amount":"2915","product_price_currency":"MXN","og_availability":"out of stock","product_availability":"out of stock","product_retailer_item_id":"B860 EAGLE WIFI6E","product_condition":"new"},"_links":{"self":[{"href":"https:\/\/compuviper.mx\/tienda\/wp-json\/wp\/v2\/product\/263733"}],"collection":[{"href":"https:\/\/compuviper.mx\/tienda\/wp-json\/wp\/v2\/product"}],"about":[{"href":"https:\/\/compuviper.mx\/tienda\/wp-json\/wp\/v2\/types\/product"}],"replies":[{"embeddable":true,"href":"https:\/\/compuviper.mx\/tienda\/wp-json\/wp\/v2\/comments?post=263733"}],"wp:featuredmedia":[{"embeddable":true,"href":"https:\/\/compuviper.mx\/tienda\/wp-json\/wp\/v2\/media\/263734"}],"wp:attachment":[{"href":"https:\/\/compuviper.mx\/tienda\/wp-json\/wp\/v2\/media?parent=263733"}],"wp:term":[{"taxonomy":"product_cat","embeddable":true,"href":"https:\/\/compuviper.mx\/tienda\/wp-json\/wp\/v2\/product_cat?post=263733"},{"taxonomy":"product_tag","embeddable":true,"href":"https:\/\/compuviper.mx\/tienda\/wp-json\/wp\/v2\/product_tag?post=263733"}],"curies":[{"name":"wp","href":"https:\/\/api.w.org\/{rel}","templated":true}]}}