{"id":263731,"date":"2026-04-25T00:40:26","date_gmt":"2026-04-25T06:40:26","guid":{"rendered":"https:\/\/compuviper.mx\/tienda\/producto\/gigabyte-x870e-aorus-master-tarjeta-madre-socket-am5-ddr5-atx-wifi7-bt-gama-alta\/"},"modified":"2026-04-26T00:00:20","modified_gmt":"2026-04-26T06:00:20","slug":"gigabyte-x870e-aorus-master-tarjeta-madre-socket-am5-ddr5-atx-wifi7-bt-gama-alta","status":"publish","type":"product","link":"https:\/\/compuviper.mx\/tienda\/producto\/gigabyte-x870e-aorus-master-tarjeta-madre-socket-am5-ddr5-atx-wifi7-bt-gama-alta\/","title":{"rendered":"Gigabyte X870e Aorus Master Tarjeta Madre   \/ Socket Am5 \/ Ddr5 \/ Atx \/ Wifi7 \/ Bt \/ Gama Alta"},"content":{"rendered":"<table class=\"descripcion\">\n<tr>\n<td>Procesador<\/td>\n<\/tr>\n<tr>\n<td>Amd socket am5, soporte para:<\/td>\n<\/tr>\n<tr>\n<td>Procesadores amd ryzen\u0099 serie 9000\/<\/td>\n<\/tr>\n<tr>\n<td>Procesadores amd ryzen\u0099 serie 8000\/<\/td>\n<\/tr>\n<tr>\n<td>Procesadores amd ryzen\u0099 serie 7000<\/td>\n<\/tr>\n<tr>\n<td>(visite el sitio web de gigabyte para obtener la lista m\u00e1s reciente de cpu compatibles).<\/td>\n<\/tr>\n<tr>\n<td>Conjunto de chips<\/td>\n<\/tr>\n<tr>\n<td>Procesador amd x870e<\/td>\n<\/tr>\n<tr>\n<td>Memoria<\/td>\n<\/tr>\n<tr>\n<td>Soporte para m\u00f3dulos de memoria ddr5 8600(oc) \/ 8400(oc) \/ 8200(oc) \/ 8000(oc) \/ 7800(oc) \/ 7600(oc) \/ 7200(oc) \/ 7000(oc) \/ 6800(oc) \/ 6666(oc) \/ 6600(oc) \/ 6400(oc) \/ 6200(oc) \/ 6000(oc) \/ 5600(oc) \/ 5200 \/ 4800 \/ 4400 mt\/s<\/td>\n<\/tr>\n<tr>\n<td>4 z\u00f3calos dimm ddr5 que admiten hasta 256 gb (capacidad de dimm \u00fanica de 64 gb) de memoria del sistema<\/td>\n<\/tr>\n<tr>\n<td>Arquitectura de memoria de doble canal<\/td>\n<\/tr>\n<tr>\n<td>Soporte para m\u00f3dulos de memoria dimm sin b\u00fafer ecc y no ecc<\/td>\n<\/tr>\n<tr>\n<td>Soporte para m\u00f3dulos de memoria amd extended profiles for overclocking (amd expo\u0099) y extreme memory profile (xmp)<\/td>\n<\/tr>\n<tr>\n<td>(la configuraci\u00f3n de la cpu y la memoria puede afectar los tipos de memoria admitidos, la velocidad de datos y la cantidad de m\u00f3dulos dram; consulte la lista de memoria compatible en el sitio web de gigabyte para obtener m\u00e1s informaci\u00f3n).<\/td>\n<\/tr>\n<tr>\n<td>Gr\u00e1ficos integrados<\/td>\n<\/tr>\n<tr>\n<td>Procesador gr\u00e1fico integrado con soporte para gr\u00e1ficos amd radeon\u0099 + controlador asmedia usb4\u00ae:<\/td>\n<\/tr>\n<tr>\n<td>&#8211; 2 puertos usb4\u00ae usb type-c\u00ae, compatibles con salidas de video usb4 y displayport y una resoluci\u00f3n m\u00e1xima de 3840&#215;2160 a 240 hz<\/td>\n<\/tr>\n<tr>\n<td>* soporte para la versi\u00f3n displayport 1.4 y hdr.<\/td>\n<\/tr>\n<tr>\n<td>Procesador gr\u00e1fico integrado con soporte para gr\u00e1ficos amd radeon\u0099:<\/td>\n<\/tr>\n<tr>\n<td>&#8211; 1 puerto hdmi, compatible con una resoluci\u00f3n m\u00e1xima de 4096 x 2160 a 60 hz<\/td>\n<\/tr>\n<tr>\n<td>* compatibilidad con la versi\u00f3n hdmi 2.1, hdcp 2.3 y hdr.<\/td>\n<\/tr>\n<tr>\n<td>** compatibilidad con puertos compatibles con hdmi 2.1 tmds nativos.<\/td>\n<\/tr>\n<tr>\n<td>&#8211; 1 puerto hdmi frontal, compatible con una resoluci\u00f3n m\u00e1xima de 1920 x 1080 a 30 hz<\/td>\n<\/tr>\n<tr>\n<td>* soporte para la versi\u00f3n hdmi 1.4.<\/td>\n<\/tr>\n<tr>\n<td>(las especificaciones gr\u00e1ficas pueden variar seg\u00fan el soporte de la cpu).<\/td>\n<\/tr>\n<tr>\n<td>Audio<\/td>\n<\/tr>\n<tr>\n<td>C\u00f3dec realtek\u00ae alc1220<\/td>\n<\/tr>\n<tr>\n<td>* el conector de salida de l\u00ednea del panel posterior admite audio dsd.<\/td>\n<\/tr>\n<tr>\n<td>Compatibilidad con audio de ultra alta definici\u00f3n dts:x\u00ae<\/td>\n<\/tr>\n<tr>\n<td>De 2\/4\/5.1\/7.1 canales<\/td>\n<\/tr>\n<tr>\n<td>* puede cambiar la funcionalidad de un conector de audio mediante el software de audio. para configurar el audio de 7.1 canales, acceda al software de audio para ver los ajustes de audio.<\/td>\n<\/tr>\n<tr>\n<td>Soporte para salida s\/pdif<\/td>\n<\/tr>\n<tr>\n<td>Y<\/td>\n<\/tr>\n<tr>\n<td>Chip lan realtek\u00ae 5gbe (5 gbps\/2,5 gbps\/1 gbps\/100 mbps)<\/td>\n<\/tr>\n<tr>\n<td>M\u00f3dulo de comunicaci\u00f3n inal\u00e1mbrica<\/td>\n<\/tr>\n<tr>\n<td>Qualcomm\u00ae wi-fi 7 qcncm865<\/td>\n<\/tr>\n<tr>\n<td>&#8211; 802.11a, b, g, n, ac, ax, be, compatible con bandas de frecuencia portadora de 2,4\/5\/6 ghz<\/td>\n<\/tr>\n<tr>\n<td>&#8211; bluetooth 5.3<\/td>\n<\/tr>\n<tr>\n<td>&#8211; compatibilidad con el est\u00e1ndar inal\u00e1mbrico 11be de 320 mhz<\/td>\n<\/tr>\n<tr>\n<td>(la velocidad de datos real puede variar seg\u00fan el entorno y el equipo).<\/td>\n<\/tr>\n<tr>\n<td>* las funciones de wi-fi 7 requieren windows 11 sv3 para funcionar correctamente. (no hay ning\u00fan controlador compatible para windows 10)<\/td>\n<\/tr>\n<tr>\n<td>. ** la disponibilidad de los canales de wi-fi 7 en la banda de 6 ghz depende de las regulaciones de cada pa\u00eds.<\/td>\n<\/tr>\n<tr>\n<td>Puertos de expansi\u00f3n<\/td>\n<\/tr>\n<tr>\n<td>1 ranura pci express x16 (pciex16), integrada en la cpu:<\/td>\n<\/tr>\n<tr>\n<td>Los procesadores amd ryzen\u0099 serie 9000\/7000 admiten el modo pcie 5.0 x16<\/td>\n<\/tr>\n<tr>\n<td>* la ranura pciex16 solo admite una tarjeta gr\u00e1fica o un ssd nvme. si solo se va a instalar una tarjeta gr\u00e1fica, aseg\u00farese de instalarla en la ranura pciex16.<\/td>\n<\/tr>\n<tr>\n<td>* la ranura pciex16 comparte ancho de banda con los conectores m2b_cpu y m2c_cpu.<\/td>\n<\/tr>\n<tr>\n<td>La ranura pciex16 funciona en modo x8 cuando se instala un dispositivo en el conector m2b_cpu o m2c_cpu.<\/td>\n<\/tr>\n<tr>\n<td>Los procesadores amd ryzen\u0099 8000 series-phoenix 1 admiten el modo pcie 4.0 x8<\/td>\n<\/tr>\n<tr>\n<td>Los procesadores amd ryzen\u0099 8000 series-phoenix 2 admiten el modo pcie 4.0 x4<\/td>\n<\/tr>\n<tr>\n<td>Conjunto de chips:<\/td>\n<\/tr>\n<tr>\n<td>&#8211; 1 ranura pci express x16, compatible con pcie 4.0 y funcionando a x4 (pciex4_1)<\/td>\n<\/tr>\n<tr>\n<td>&#8211; 1 ranura pci express x16, compatible con pcie 3.0 y funcionando a x4 (pciex4_2)<\/td>\n<\/tr>\n<tr>\n<td>Interfaz de almacenamiento<\/td>\n<\/tr>\n<tr>\n<td>1 conector m.2 (m2a_cpu), integrado en la cpu, compatible con socket 3, clave m, tipo 25110\/22110\/2580\/2280 ssd:<\/td>\n<\/tr>\n<tr>\n<td>Los procesadores amd ryzen\u0099 serie 9000\/7000 admiten ssd pcie 5.0 x4\/x2<\/td>\n<\/tr>\n<tr>\n<td>Los procesadores amd ryzen\u0099 serie 8000-phoenix 1 admiten ssd pcie 4.0 x4\/x2<\/td>\n<\/tr>\n<tr>\n<td>Los procesadores amd ryzen\u0099 serie 8000-phoenix 2 admiten ssd pcie 4.0 x4\/x2 2<\/td>\n<\/tr>\n<tr>\n<td>Conectores m.2 (m2b_cpu, m2c_cpu), integrados en la cpu, compatibles con socket 3, clave m, tipo 22110\/2280 ssd:<\/td>\n<\/tr>\n<tr>\n<td>Los procesadores amd ryzen\u0099 serie 9000\/7000 admiten ssd pcie 5.0 x4\/x2<\/td>\n<\/tr>\n<tr>\n<td>* los conectores m2b_cpu y m2c_cpu dejan de estar disponibles cuando se utiliza un procesador amd ryzen\u0099 8000 series-phoenix 1\/phoenix 2.<\/td>\n<\/tr>\n<tr>\n<td>1 conector m.2 (m2d_sb), integrado en el chipset, compatible con socket 3, clave m, tipo 22110\/2280 pcie 4.0 x4\/x2 ssd<\/td>\n<\/tr>\n<tr>\n<td>4 conectores sata 6 gb\/s<\/td>\n<\/tr>\n<tr>\n<td>Compatibilidad con raid 0, raid 1, raid 5 y raid 10 para dispositivos de almacenamiento ssd nvme<\/td>\n<\/tr>\n<tr>\n<td>* raid 5 solo est\u00e1 disponible en los procesadores amd ryzen\u0099 serie 9000.<\/td>\n<\/tr>\n<tr>\n<td>Compatibilidad con raid 0, raid 1 y raid 10 para dispositivos de almacenamiento sata<\/td>\n<\/tr>\n<tr>\n<td>Usb<\/td>\n<\/tr>\n<tr>\n<td>Controlador cpu+asmedia usb4\u00ae:<\/td>\n<\/tr>\n<tr>\n<td>&#8211; 2 puertos usb4\u00ae usb type-c\u00ae en el panel posterior<\/td>\n<\/tr>\n<tr>\n<td>Cpu:<\/td>\n<\/tr>\n<tr>\n<td>&#8211; 1 puerto usb 3.2 gen 2 tipo a (rojo) en el panel posterior chipset+hub usb 3.2 gen 1:<\/td>\n<\/tr>\n<tr>\n<td>&#8211; 4 puertos usb 3.2 gen 1 en el panel posterior<\/td>\n<\/tr>\n<tr>\n<td>Chipset:<\/td>\n<\/tr>\n<tr>\n<td>&#8211; 1 puerto usb type-c\u00ae con soporte usb 3.2 gen 2&#215;2, disponible a trav\u00e9s del encabezado usb interno<\/td>\n<\/tr>\n<tr>\n<td>&#8211; 3 puertos usb 3.2 gen 2 tipo a (rojos) en el panel posterior<\/td>\n<\/tr>\n<tr>\n<td>&#8211; 4 puertos usb 3.2 gen 1 disponibles a trav\u00e9s de los encabezados usb internos<\/td>\n<\/tr>\n<tr>\n<td>&#8211; 6 puertos usb 2.0\/1.1 (2 puertos en el panel posterior, 4 puertos disponibles a trav\u00e9s de los encabezados usb internos)<\/td>\n<\/tr>\n<tr>\n<td>Conectores de e\/s internos<\/td>\n<\/tr>\n<tr>\n<td>1 conector de alimentaci\u00f3n principal atx de 24 pines<\/td>\n<\/tr>\n<tr>\n<td>2 conectores de alimentaci\u00f3n atx de 12 v y 8 pines<\/td>\n<\/tr>\n<tr>\n<td>1 encabezado de ventilador de cpu<\/td>\n<\/tr>\n<tr>\n<td>1 encabezado de bomba de refrigeraci\u00f3n por agua\/<\/td>\n<\/tr>\n<tr>\n<td>Ventilador de cpu 4 encabezados de ventilador del sistema<\/td>\n<\/tr>\n<tr>\n<td>2 encabezados de bomba de refrigeraci\u00f3n por agua\/ventilador del sistema<\/td>\n<\/tr>\n<tr>\n<td>4 encabezados de tiras led rgb gen2 direccionables<\/td>\n<\/tr>\n<tr>\n<td>1 encabezado de tira led rgb<\/td>\n<\/tr>\n<tr>\n<td>4 conectores m.2 socket 3<\/td>\n<\/tr>\n<tr>\n<td>4 conectores sata de 6 gb\/s<\/td>\n<\/tr>\n<tr>\n<td>1 encabezado de panel frontal<\/td>\n<\/tr>\n<tr>\n<td>1 encabezado de audio del panel frontal<\/td>\n<\/tr>\n<tr>\n<td>1 encabezado usb type-c\u00ae, con soporte usb 3.2 gen 2&#215;2<\/td>\n<\/tr>\n<tr>\n<td>2 encabezados usb 3.2 gen 1<\/td>\n<\/tr>\n<tr>\n<td>2 encabezados usb 2.0\/1.1<\/td>\n<\/tr>\n<tr>\n<td>1 encabezado de detecci\u00f3n de ruido<\/td>\n<\/tr>\n<tr>\n<td>1 encabezado de m\u00f3dulo de plataforma segura (solo para el m\u00f3dulo gc-tpm2.0 spi\/gc-tpm2.0 spi 2.0\/gc-tpm2.0 spi v2)<\/td>\n<\/tr>\n<tr>\n<td>1 puerto hdmi (nota)<\/td>\n<\/tr>\n<tr>\n<td>1 bot\u00f3n de encendido<\/td>\n<\/tr>\n<tr>\n<td>1 bot\u00f3n de reinicio<\/td>\n<\/tr>\n<tr>\n<td>1 x puente de reinicio<\/td>\n<\/tr>\n<tr>\n<td>1 x puente de borrado de cmos<\/td>\n<\/tr>\n<tr>\n<td>2 x encabezados de sensor de temperatura<\/td>\n<\/tr>\n<tr>\n<td>Puntos de medici\u00f3n de voltaje<\/td>\n<\/tr>\n<tr>\n<td>(nota) el soporte real puede variar seg\u00fan la cpu.<\/td>\n<\/tr>\n<tr>\n<td>Conectores del panel trasero<\/td>\n<\/tr>\n<tr>\n<td>1 bot\u00f3n q-flash plus<\/td>\n<\/tr>\n<tr>\n<td>1 bot\u00f3n clear cmos<\/td>\n<\/tr>\n<tr>\n<td>1 puerto hdmi (nota)<\/td>\n<\/tr>\n<tr>\n<td>2 puertos usb4\u00ae usb type-c\u00ae (displayports (nota))<\/td>\n<\/tr>\n<tr>\n<td>4 puertos usb 3.2 gen 2 tipo a (rojo)<\/td>\n<\/tr>\n<tr>\n<td>4 puertos usb 3.2 gen 1 2 puertos<\/td>\n<\/tr>\n<tr>\n<td>Usb 2.0\/1.1<\/td>\n<\/tr>\n<tr>\n<td>1 puerto rj-45<\/td>\n<\/tr>\n<tr>\n<td>2 conectores de antena (2t2r)<\/td>\n<\/tr>\n<tr>\n<td>2 conectores de audio<\/td>\n<\/tr>\n<tr>\n<td>1 conector de salida \u00f3ptica s\/pdif<\/td>\n<\/tr>\n<tr>\n<td>(nota) la compatibilidad real puede variar seg\u00fan la cpu.<\/td>\n<\/tr>\n<tr>\n<td>Controlador de e\/s<\/td>\n<\/tr>\n<tr>\n<td>Chip controlador de e\/s ite\u00ae<\/td>\n<\/tr>\n<tr>\n<td>Monitorizaci\u00f3n h\/w<\/td>\n<\/tr>\n<tr>\n<td>Detecci\u00f3n de voltaje<\/td>\n<\/tr>\n<tr>\n<td>Detecci\u00f3n de temperatura<\/td>\n<\/tr>\n<tr>\n<td>Detecci\u00f3n de velocidad del ventilador<\/td>\n<\/tr>\n<tr>\n<td>Detecci\u00f3n de caudal de enfriamiento de agua<\/td>\n<\/tr>\n<tr>\n<td>Advertencia de falla del ventilador<\/td>\n<\/tr>\n<tr>\n<td>Control de velocidad del ventilador<\/td>\n<\/tr>\n<tr>\n<td>* la compatibilidad de la funci\u00f3n de control de velocidad del ventilador (bomba) depender\u00e1 del ventilador (bomba) que instale.<\/td>\n<\/tr>\n<tr>\n<td>Detecci\u00f3n de ruido<\/td>\n<\/tr>\n<tr>\n<td>Bios<\/td>\n<\/tr>\n<tr>\n<td>1 x 256 mbit flash<\/td>\n<\/tr>\n<tr>\n<td>Uso de ami uefi bios con licencia<\/td>\n<\/tr>\n<tr>\n<td>Pnp 1.0a, dmi 2.7, wfm 2.0, sm bios 2.7, acpi 5.0<\/td>\n<\/tr>\n<tr>\n<td>Caracter\u00edsticas \u00fanicas<\/td>\n<\/tr>\n<tr>\n<td>Soporte para el centro de control de gigabyte (gcc)<\/td>\n<\/tr>\n<tr>\n<td>* las aplicaciones disponibles en gcc pueden variar seg\u00fan el modelo de placa base. las funciones admitidas por cada aplicaci\u00f3n tambi\u00e9n pueden variar seg\u00fan las especificaciones de la placa base.<\/td>\n<\/tr>\n<tr>\n<td>Soporte para q-flash<\/td>\n<\/tr>\n<tr>\n<td>Soporte para q-flash plus<\/td>\n<\/tr>\n<tr>\n<td>Soporte para smart backup<\/td>\n<\/tr>\n<tr>\n<td>Software incluido<\/td>\n<\/tr>\n<tr>\n<td>Software de gesti\u00f3n de ancho de banda lan norton\u00ae internet security (versi\u00f3n oem)<\/td>\n<\/tr>\n<tr>\n<td>Sistema operativo<\/td>\n<\/tr>\n<tr>\n<td>Compatibilidad con windows 11 de 64 bits<\/td>\n<\/tr>\n<tr>\n<td>Dise\u00f1o<\/td>\n<\/tr>\n<tr>\n<td>Factor de forma atx; 30,5 cm x 24,4 cm<\/td>\n<\/tr>\n<\/table>\n","protected":false},"excerpt":{"rendered":"<p>Caracter\u00edsticas principales. Oc ddr5 hasta 8600 mt\/s. Socket am5 de amd: compatible con procesadores de las series amd ryzen\u0099 9000\/8000\/7000. Soluci\u00f3n vrm de 16+2+2 fases con gemelo digital. Ddr5 de doble canal: 4 dimm compatibles con m\u00f3dulos de memoria amd expo?. Ddr wind blade: refrigeraci\u00f3n activa mejorada para m\u00f3dulos de memoria. M.2 ez-match: alineaci\u00f3n magn\u00e9tica para una f\u00e1cil instalaci\u00f3n de disipadores de calor de gran tama\u00f1o. Wifi ez-plug: dise\u00f1o r\u00e1pido y sencillo para la instalaci\u00f3n de antenas wi-fi. Ez-latch plus: ranuras pcie y m.2 con liberaci\u00f3n r\u00e1pida y dise\u00f1o sin tornillos. Ez-latch click: disipadores de calor m.2 con dise\u00f1o sin tornillos. Enlace del panel del sensor: puerto de video integrado para una configuraci\u00f3n sin complicaciones del panel en el chasis. Interfaz de usuario amigable: m\u00faltiples temas, control de ventilador aio y escaneo autom\u00e1tico q-flash en bios y sw. Nuevo monitor de potencia en hwinfo para monitorizar en tiempo real las fases de potencia de la cpu. Almacenamiento ultrarr\u00e1pido: 4 ranuras m.2, incluidas 3 pcie 5.0 x4. Eficiencia t\u00e9rmica: vrm thermal armor advanced con i\/o zone aorus lighting y m.2 thermal guard xl. Redes r\u00e1pidas: lan 5gbe y wi-fi 7 con antena direccional de ganancia ultra alta. Conectividad extendida: usb 4 tipo c dual con dp-alt, hdmi. Audio confiable: audio hd realtek alc1220 y capacitores de grado audi\u00f3filo wima. Armadura pcie ultra duradera: la placa posterior de metal de la ranura pcie x16 para una mayor durabilidad. Ranura pcie ud x: ranura pcie 5.0 x16 con resistencia 10x para tarjeta gr\u00e1fica<\/p>\n","protected":false},"featured_media":263732,"comment_status":"open","ping_status":"open","template":"","meta":[],"product_cat":[2240,1727],"product_tag":[1732],"acf":[],"yoast_head":"<!-- This site is optimized with the Yoast SEO plugin v21.7 - https:\/\/yoast.com\/wordpress\/plugins\/seo\/ -->\n<title>[ Gigabyte ] &#129351; X870e Aorus Master Tarjeta Madre \/ Socket Am5 \/ Ddr5 \/ Atx \/ Wifi7 \/ Bt \/ Gama Alta<\/title>\n<meta name=\"description\" content=\"Compra X870e Aorus Master Tarjeta Madre \/ Socket Am5 \/ Ddr5 \/ Atx \/ Wifi7 \/ Bt \/ Gama Alta + Env\u00edo a domicilio + Pago seguro + Garant\u00eda\" \/>\n<meta name=\"robots\" content=\"index, follow, max-snippet:-1, max-image-preview:large, max-video-preview:-1\" \/>\n<link rel=\"canonical\" href=\"https:\/\/compuviper.mx\/tienda\/producto\/gigabyte-x870e-aorus-master-tarjeta-madre-socket-am5-ddr5-atx-wifi7-bt-gama-alta\/\" \/>\n<meta property=\"og:locale\" content=\"es_MX\" \/>\n<meta property=\"og:type\" content=\"article\" \/>\n<meta property=\"og:title\" content=\"[ Gigabyte ] &#129351; X870e Aorus Master Tarjeta Madre \/ Socket Am5 \/ Ddr5 \/ Atx \/ Wifi7 \/ Bt \/ Gama Alta\" \/>\n<meta property=\"og:description\" content=\"Compra X870e Aorus Master Tarjeta Madre \/ Socket Am5 \/ Ddr5 \/ Atx \/ Wifi7 \/ Bt \/ Gama Alta + Env\u00edo a domicilio + Pago seguro + Garant\u00eda\" \/>\n<meta property=\"og:url\" content=\"https:\/\/compuviper.mx\/tienda\/producto\/gigabyte-x870e-aorus-master-tarjeta-madre-socket-am5-ddr5-atx-wifi7-bt-gama-alta\/\" \/>\n<meta property=\"og:site_name\" content=\"Compuviper\" \/>\n<meta property=\"article:publisher\" content=\"https:\/\/www.facebook.com\/compuviper\" \/>\n<meta property=\"article:modified_time\" content=\"2026-04-26T06:00:20+00:00\" \/>\n<meta property=\"og:image\" content=\"https:\/\/compuviper.mx\/tienda\/wp-content\/uploads\/2025\/12\/Tarjeta-madre-gigabyte-x870e-aorus-master-socket-am5-ddr5-atx-wifi7-bt-gama-alta.jpg\" \/>\n\t<meta property=\"og:image:width\" content=\"200\" \/>\n\t<meta property=\"og:image:height\" content=\"200\" \/>\n\t<meta property=\"og:image:type\" content=\"image\/jpeg\" \/>\n<meta name=\"twitter:card\" content=\"summary_large_image\" \/>\n<meta name=\"twitter:label1\" content=\"Precio\" \/>\n\t<meta name=\"twitter:data1\" content=\"&#36;7,386 con IVA\" \/>\n\t<meta name=\"twitter:label2\" content=\"Availability\" \/>\n\t<meta name=\"twitter:data2\" content=\"Out of stock\" \/>\n<script type=\"application\/ld+json\" class=\"yoast-schema-graph\">{\"@context\":\"https:\/\/schema.org\",\"@graph\":[{\"@type\":\"WebPage\",\"@id\":\"https:\/\/compuviper.mx\/tienda\/producto\/gigabyte-x870e-aorus-master-tarjeta-madre-socket-am5-ddr5-atx-wifi7-bt-gama-alta\/\",\"url\":\"https:\/\/compuviper.mx\/tienda\/producto\/gigabyte-x870e-aorus-master-tarjeta-madre-socket-am5-ddr5-atx-wifi7-bt-gama-alta\/\",\"name\":\"[ Gigabyte ] &#129351; X870e Aorus Master Tarjeta Madre \/ Socket Am5 \/ Ddr5 \/ Atx \/ Wifi7 \/ Bt \/ Gama Alta\",\"isPartOf\":{\"@id\":\"https:\/\/compuviper.mx\/tienda\/#website\"},\"datePublished\":\"2026-04-25T06:40:26+00:00\",\"dateModified\":\"2026-04-26T06:00:20+00:00\",\"description\":\"Compra X870e Aorus Master Tarjeta Madre \/ Socket Am5 \/ Ddr5 \/ Atx \/ Wifi7 \/ Bt \/ Gama Alta + Env\u00edo a domicilio + Pago seguro + Garant\u00eda\",\"breadcrumb\":{\"@id\":\"https:\/\/compuviper.mx\/tienda\/producto\/gigabyte-x870e-aorus-master-tarjeta-madre-socket-am5-ddr5-atx-wifi7-bt-gama-alta\/#breadcrumb\"},\"inLanguage\":\"es-MX\",\"potentialAction\":[{\"@type\":\"ReadAction\",\"target\":[\"https:\/\/compuviper.mx\/tienda\/producto\/gigabyte-x870e-aorus-master-tarjeta-madre-socket-am5-ddr5-atx-wifi7-bt-gama-alta\/\"]}]},{\"@type\":\"BreadcrumbList\",\"@id\":\"https:\/\/compuviper.mx\/tienda\/producto\/gigabyte-x870e-aorus-master-tarjeta-madre-socket-am5-ddr5-atx-wifi7-bt-gama-alta\/#breadcrumb\",\"itemListElement\":[{\"@type\":\"ListItem\",\"position\":1,\"name\":\"Inicio\",\"item\":\"https:\/\/compuviper.mx\/tienda\/\"},{\"@type\":\"ListItem\",\"position\":2,\"name\":\"Productos\",\"item\":\"https:\/\/compuviper.mx\/tienda\/productos\/\"},{\"@type\":\"ListItem\",\"position\":3,\"name\":\"Tarjeta Madre\",\"item\":\"https:\/\/compuviper.mx\/tienda\/categoria-producto\/tarjeta-madre\/\"},{\"@type\":\"ListItem\",\"position\":4,\"name\":\"Socket Am5\",\"item\":\"https:\/\/compuviper.mx\/tienda\/categoria-producto\/tarjeta-madre\/socket-am5\/\"},{\"@type\":\"ListItem\",\"position\":5,\"name\":\"Gigabyte X870e Aorus Master Tarjeta Madre \/ Socket Am5 \/ Ddr5 \/ Atx \/ Wifi7 \/ Bt \/ Gama Alta\"}]},{\"@type\":\"WebSite\",\"@id\":\"https:\/\/compuviper.mx\/tienda\/#website\",\"url\":\"https:\/\/compuviper.mx\/tienda\/\",\"name\":\"Compuviper\",\"description\":\"Proveedor de Computadoras, Laptops, Servidores, Monitores, Puntos de Venta, Teclados,   Impresoras, T\u00f3ner, C\u00e1maras de Seguridad y m\u00e1s en tu tienda en l\u00ednea\",\"publisher\":{\"@id\":\"https:\/\/compuviper.mx\/tienda\/#organization\"},\"potentialAction\":[{\"@type\":\"SearchAction\",\"target\":{\"@type\":\"EntryPoint\",\"urlTemplate\":\"https:\/\/compuviper.mx\/tienda\/?s={search_term_string}\"},\"query-input\":\"required name=search_term_string\"}],\"inLanguage\":\"es-MX\"},{\"@type\":\"Organization\",\"@id\":\"https:\/\/compuviper.mx\/tienda\/#organization\",\"name\":\"Compuviper\",\"url\":\"https:\/\/compuviper.mx\/tienda\/\",\"logo\":{\"@type\":\"ImageObject\",\"inLanguage\":\"es-MX\",\"@id\":\"https:\/\/compuviper.mx\/tienda\/#\/schema\/logo\/image\/\",\"url\":\"https:\/\/compuviper.mx\/tienda\/wp-content\/uploads\/2021\/08\/Logo-Compuviper-10.png\",\"contentUrl\":\"https:\/\/compuviper.mx\/tienda\/wp-content\/uploads\/2021\/08\/Logo-Compuviper-10.png\",\"width\":1000,\"height\":500,\"caption\":\"Compuviper\"},\"image\":{\"@id\":\"https:\/\/compuviper.mx\/tienda\/#\/schema\/logo\/image\/\"},\"sameAs\":[\"https:\/\/www.facebook.com\/compuviper\",\"https:\/\/www.youtube.com\/channel\/UCf73dERp9Y3cfOq7q8BhLjA?view_as=subscriber\"]}]}<\/script>\n<meta property=\"product:brand\" content=\"GIGABYTE\" \/>\n<meta property=\"product:price:amount\" content=\"7386\" \/>\n<meta property=\"product:price:currency\" content=\"MXN\" \/>\n<meta property=\"og:availability\" content=\"out of stock\" \/>\n<meta property=\"product:availability\" content=\"out of stock\" \/>\n<meta property=\"product:retailer_item_id\" content=\"X870E AORUS MASTER\" \/>\n<meta property=\"product:condition\" content=\"new\" \/>\n<!-- \/ Yoast SEO plugin. -->","yoast_head_json":{"title":"[ Gigabyte ] &#129351; X870e Aorus Master Tarjeta Madre \/ Socket Am5 \/ Ddr5 \/ Atx \/ Wifi7 \/ Bt \/ Gama Alta","description":"Compra X870e Aorus Master Tarjeta Madre \/ Socket Am5 \/ Ddr5 \/ Atx \/ Wifi7 \/ Bt \/ Gama Alta + Env\u00edo a domicilio + Pago seguro + Garant\u00eda","robots":{"index":"index","follow":"follow","max-snippet":"max-snippet:-1","max-image-preview":"max-image-preview:large","max-video-preview":"max-video-preview:-1"},"canonical":"https:\/\/compuviper.mx\/tienda\/producto\/gigabyte-x870e-aorus-master-tarjeta-madre-socket-am5-ddr5-atx-wifi7-bt-gama-alta\/","og_locale":"es_MX","og_type":"article","og_title":"[ Gigabyte ] &#129351; X870e Aorus Master Tarjeta Madre \/ Socket Am5 \/ Ddr5 \/ Atx \/ Wifi7 \/ Bt \/ Gama Alta","og_description":"Compra X870e Aorus Master Tarjeta Madre \/ Socket Am5 \/ Ddr5 \/ Atx \/ Wifi7 \/ Bt \/ Gama Alta + Env\u00edo a domicilio + Pago seguro + Garant\u00eda","og_url":"https:\/\/compuviper.mx\/tienda\/producto\/gigabyte-x870e-aorus-master-tarjeta-madre-socket-am5-ddr5-atx-wifi7-bt-gama-alta\/","og_site_name":"Compuviper","article_publisher":"https:\/\/www.facebook.com\/compuviper","article_modified_time":"2026-04-26T06:00:20+00:00","og_image":[{"width":200,"height":200,"url":"https:\/\/compuviper.mx\/tienda\/wp-content\/uploads\/2025\/12\/Tarjeta-madre-gigabyte-x870e-aorus-master-socket-am5-ddr5-atx-wifi7-bt-gama-alta.jpg","type":"image\/jpeg"}],"twitter_card":"summary_large_image","twitter_misc":{"Precio":"&#36;7,386 con IVA","Availability":"Out of stock"},"schema":{"@context":"https:\/\/schema.org","@graph":[{"@type":"WebPage","@id":"https:\/\/compuviper.mx\/tienda\/producto\/gigabyte-x870e-aorus-master-tarjeta-madre-socket-am5-ddr5-atx-wifi7-bt-gama-alta\/","url":"https:\/\/compuviper.mx\/tienda\/producto\/gigabyte-x870e-aorus-master-tarjeta-madre-socket-am5-ddr5-atx-wifi7-bt-gama-alta\/","name":"[ Gigabyte ] &#129351; X870e Aorus Master Tarjeta Madre \/ Socket Am5 \/ Ddr5 \/ Atx \/ Wifi7 \/ Bt \/ Gama Alta","isPartOf":{"@id":"https:\/\/compuviper.mx\/tienda\/#website"},"datePublished":"2026-04-25T06:40:26+00:00","dateModified":"2026-04-26T06:00:20+00:00","description":"Compra X870e Aorus Master Tarjeta Madre \/ Socket Am5 \/ Ddr5 \/ Atx \/ Wifi7 \/ Bt \/ Gama Alta + Env\u00edo a domicilio + Pago seguro + Garant\u00eda","breadcrumb":{"@id":"https:\/\/compuviper.mx\/tienda\/producto\/gigabyte-x870e-aorus-master-tarjeta-madre-socket-am5-ddr5-atx-wifi7-bt-gama-alta\/#breadcrumb"},"inLanguage":"es-MX","potentialAction":[{"@type":"ReadAction","target":["https:\/\/compuviper.mx\/tienda\/producto\/gigabyte-x870e-aorus-master-tarjeta-madre-socket-am5-ddr5-atx-wifi7-bt-gama-alta\/"]}]},{"@type":"BreadcrumbList","@id":"https:\/\/compuviper.mx\/tienda\/producto\/gigabyte-x870e-aorus-master-tarjeta-madre-socket-am5-ddr5-atx-wifi7-bt-gama-alta\/#breadcrumb","itemListElement":[{"@type":"ListItem","position":1,"name":"Inicio","item":"https:\/\/compuviper.mx\/tienda\/"},{"@type":"ListItem","position":2,"name":"Productos","item":"https:\/\/compuviper.mx\/tienda\/productos\/"},{"@type":"ListItem","position":3,"name":"Tarjeta Madre","item":"https:\/\/compuviper.mx\/tienda\/categoria-producto\/tarjeta-madre\/"},{"@type":"ListItem","position":4,"name":"Socket Am5","item":"https:\/\/compuviper.mx\/tienda\/categoria-producto\/tarjeta-madre\/socket-am5\/"},{"@type":"ListItem","position":5,"name":"Gigabyte X870e Aorus Master Tarjeta Madre \/ Socket Am5 \/ Ddr5 \/ Atx \/ Wifi7 \/ Bt \/ Gama Alta"}]},{"@type":"WebSite","@id":"https:\/\/compuviper.mx\/tienda\/#website","url":"https:\/\/compuviper.mx\/tienda\/","name":"Compuviper","description":"Proveedor de Computadoras, Laptops, Servidores, Monitores, Puntos de Venta, Teclados,   Impresoras, T\u00f3ner, C\u00e1maras de Seguridad y m\u00e1s en tu tienda en l\u00ednea","publisher":{"@id":"https:\/\/compuviper.mx\/tienda\/#organization"},"potentialAction":[{"@type":"SearchAction","target":{"@type":"EntryPoint","urlTemplate":"https:\/\/compuviper.mx\/tienda\/?s={search_term_string}"},"query-input":"required name=search_term_string"}],"inLanguage":"es-MX"},{"@type":"Organization","@id":"https:\/\/compuviper.mx\/tienda\/#organization","name":"Compuviper","url":"https:\/\/compuviper.mx\/tienda\/","logo":{"@type":"ImageObject","inLanguage":"es-MX","@id":"https:\/\/compuviper.mx\/tienda\/#\/schema\/logo\/image\/","url":"https:\/\/compuviper.mx\/tienda\/wp-content\/uploads\/2021\/08\/Logo-Compuviper-10.png","contentUrl":"https:\/\/compuviper.mx\/tienda\/wp-content\/uploads\/2021\/08\/Logo-Compuviper-10.png","width":1000,"height":500,"caption":"Compuviper"},"image":{"@id":"https:\/\/compuviper.mx\/tienda\/#\/schema\/logo\/image\/"},"sameAs":["https:\/\/www.facebook.com\/compuviper","https:\/\/www.youtube.com\/channel\/UCf73dERp9Y3cfOq7q8BhLjA?view_as=subscriber"]}]},"product_brand":"GIGABYTE","product_price_amount":"7386","product_price_currency":"MXN","og_availability":"out of stock","product_availability":"out of stock","product_retailer_item_id":"X870E AORUS MASTER","product_condition":"new"},"_links":{"self":[{"href":"https:\/\/compuviper.mx\/tienda\/wp-json\/wp\/v2\/product\/263731"}],"collection":[{"href":"https:\/\/compuviper.mx\/tienda\/wp-json\/wp\/v2\/product"}],"about":[{"href":"https:\/\/compuviper.mx\/tienda\/wp-json\/wp\/v2\/types\/product"}],"replies":[{"embeddable":true,"href":"https:\/\/compuviper.mx\/tienda\/wp-json\/wp\/v2\/comments?post=263731"}],"wp:featuredmedia":[{"embeddable":true,"href":"https:\/\/compuviper.mx\/tienda\/wp-json\/wp\/v2\/media\/263732"}],"wp:attachment":[{"href":"https:\/\/compuviper.mx\/tienda\/wp-json\/wp\/v2\/media?parent=263731"}],"wp:term":[{"taxonomy":"product_cat","embeddable":true,"href":"https:\/\/compuviper.mx\/tienda\/wp-json\/wp\/v2\/product_cat?post=263731"},{"taxonomy":"product_tag","embeddable":true,"href":"https:\/\/compuviper.mx\/tienda\/wp-json\/wp\/v2\/product_tag?post=263731"}],"curies":[{"name":"wp","href":"https:\/\/api.w.org\/{rel}","templated":true}]}}