{"id":263716,"date":"2026-04-16T00:19:23","date_gmt":"2026-04-16T06:19:23","guid":{"rendered":"https:\/\/compuviper.mx\/tienda\/producto\/ezviz-cs-h8c-3mp-camara-pt-ip-2k-wi-fi-lente-4-mm-visin-nocturna-a-color-4g-multicarrier-giro-360-audio-de-dos-vas-seguimiento-inteligente-deteccin-humana-sustituye-cv-1618-cs-h\/"},"modified":"2026-04-16T00:19:23","modified_gmt":"2026-04-16T06:19:23","slug":"ezviz-cs-h8c-3mp-cmara-pt-wi-fi-resolucin-3-megapixel-2k-visin-nocturna-en-color-ai-deteccin-de-humanos-y-vehculos-defensa-activa-con-sirena-y-luz-estroboscpica-ip67","status":"publish","type":"product","link":"https:\/\/compuviper.mx\/tienda\/producto\/ezviz-cs-h8c-3mp-cmara-pt-wi-fi-resolucin-3-megapixel-2k-visin-nocturna-en-color-ai-deteccin-de-humanos-y-vehculos-defensa-activa-con-sirena-y-luz-estroboscpica-ip67\/","title":{"rendered":"Ezviz Cs-h8c 3mp C?mara Pt \/ Wi-fi \/ Resoluci?n 3 Megapixel (2k) \/ Visi?n Nocturna En Color \/ Ai Detecci?n De Humanos Y Veh?culos \/ Defensa Activa Con Sirena Y Luz Estrobosc?pica \/ Ip67"},"content":{"rendered":"<table class=\"descripcion\">\n<tr>\n<td>Caracter\u00edsticas principales:<\/td>\n<\/tr>\n<tr>\n<td>Resoluci\u00f3n: 2k (2304 \u00d7 1296).<\/td>\n<\/tr>\n<tr>\n<td>Lente: 4 mm.<\/td>\n<\/tr>\n<tr>\n<td>Movimiento panoramico 350\u00b0, inclinacion: 80\u00b0.<\/td>\n<\/tr>\n<tr>\n<td>Angulo de vision 86\u00b0 horizontal, 102\u00b0 diagonal .<\/td>\n<\/tr>\n<tr>\n<td>Autoseguimiento inteligente<\/td>\n<\/tr>\n<tr>\n<td>Micr\u00f3fono y bocina interconstruida (audio de dos v\u00edas).<\/td>\n<\/tr>\n<tr>\n<td>Wdr \/ 3d-dnr.<\/td>\n<\/tr>\n<tr>\n<td>Ir 30m.<\/td>\n<\/tr>\n<tr>\n<td>Visi\u00f3n nocturna a color.<\/td>\n<\/tr>\n<tr>\n<td>Soporta tajetas microsd (hasta 512 gb).<\/td>\n<\/tr>\n<tr>\n<td>Puerto ethernet rj45.<\/td>\n<\/tr>\n<tr>\n<td>Detecci\u00f3n humana.<\/td>\n<\/tr>\n<tr>\n<td>Deteccion de vehiculo.<\/td>\n<\/tr>\n<tr>\n<td>Preset: hasta 12 posicionamientos, se llaman manualmente no autom\u00e1ticos<\/td>\n<\/tr>\n<tr>\n<td>Caracter\u00edsticas f\u00edsicas y el\u00e9ctricas:<\/td>\n<\/tr>\n<tr>\n<td>Alimentaci\u00f3n: 12vcc, 1a, max 6w, fuente incluida<\/td>\n<\/tr>\n<tr>\n<td>Dimensiones: 100 x 136 x 140 mm<\/td>\n<\/tr>\n<tr>\n<td>Peso: 513.8g<\/td>\n<\/tr>\n<tr>\n<td>Temperatura de operaci\u00f3n:  and #8722;30 \u00b0c a 50 \u00b0c y humedad del 95 % o inferior<\/td>\n<\/tr>\n<tr>\n<td>Proteccion ip65<\/td>\n<\/tr>\n<\/table>\n","protected":false},"excerpt":{"rendered":"<p>Caracter\u00edsticas principales: Resoluci\u00f3n: 2k (2304 \u00d7 1296). Lente: 4 mm. Movimiento panoramico 350\u00b0, inclinacion: 80\u00b0. Angulo de vision 86\u00b0 horizontal, 102\u00b0 diagonal . Autoseguimiento inteligente Micr\u00f3fono y bocina interconstruida (audio de dos v\u00edas). Wdr \/ 3d-dnr. Ir 30m. Visi\u00f3n nocturna a color. Soporta tajetas microsd (hasta 512 gb). Puerto ethernet rj45. Detecci\u00f3n humana. Deteccion de [&hellip;]<\/p>\n","protected":false},"featured_media":0,"comment_status":"open","ping_status":"open","template":"","meta":[],"product_cat":[1608,1681],"product_tag":[2123],"acf":[],"yoast_head":"<!-- This site is optimized with the Yoast SEO plugin v21.7 - https:\/\/yoast.com\/wordpress\/plugins\/seo\/ -->\n<title>[ Ezviz ] &#129351; Cs-h8c 3mp C\u00e1mara Pt \/ Wi-fi \/ Resoluci\u00f3n 3 Megapixel (2k) \/ Visi\u00f3n Nocturna En Color \/ Ai Detecci\u00f3n De Humanos Y Veh\u00edculos \/ Defensa Activa Con Sirena Y Luz Estrobosc\u00f3pica \/ Ip67<\/title>\n<meta name=\"description\" content=\"Compra Cs-h8c 3mp C\u00e1mara Pt \/ Wi-fi \/ Resoluci\u00f3n 3 Megapixel (2k) \/ Visi\u00f3n Nocturna En Color \/ Ai Detecci\u00f3n De Humanos Y Veh\u00edculos \/ Defensa Activa Con Sirena Y Luz Estrobosc\u00f3pica \/ Ip67 + Env\u00edo a domicilio + Pago seguro + Garant\u00eda\" \/>\n<meta name=\"robots\" content=\"index, follow, max-snippet:-1, max-image-preview:large, max-video-preview:-1\" \/>\n<link rel=\"canonical\" href=\"https:\/\/compuviper.mx\/tienda\/producto\/ezviz-cs-h8c-3mp-cmara-pt-wi-fi-resolucin-3-megapixel-2k-visin-nocturna-en-color-ai-deteccin-de-humanos-y-vehculos-defensa-activa-con-sirena-y-luz-estroboscpica-ip67\/\" \/>\n<meta property=\"og:locale\" content=\"es_MX\" \/>\n<meta property=\"og:type\" content=\"article\" \/>\n<meta property=\"og:title\" content=\"[ Ezviz ] &#129351; Cs-h8c 3mp C\u00e1mara Pt \/ Wi-fi \/ Resoluci\u00f3n 3 Megapixel (2k) \/ Visi\u00f3n Nocturna En Color \/ Ai Detecci\u00f3n De Humanos Y Veh\u00edculos \/ Defensa Activa Con Sirena Y Luz Estrobosc\u00f3pica \/ Ip67\" \/>\n<meta property=\"og:description\" content=\"Compra Cs-h8c 3mp C\u00e1mara Pt \/ Wi-fi \/ Resoluci\u00f3n 3 Megapixel (2k) \/ Visi\u00f3n Nocturna En Color \/ Ai Detecci\u00f3n De Humanos Y Veh\u00edculos \/ Defensa Activa Con Sirena Y Luz Estrobosc\u00f3pica \/ Ip67 + Env\u00edo a domicilio + Pago seguro + Garant\u00eda\" \/>\n<meta property=\"og:url\" content=\"https:\/\/compuviper.mx\/tienda\/producto\/ezviz-cs-h8c-3mp-cmara-pt-wi-fi-resolucin-3-megapixel-2k-visin-nocturna-en-color-ai-deteccin-de-humanos-y-vehculos-defensa-activa-con-sirena-y-luz-estroboscpica-ip67\/\" \/>\n<meta property=\"og:site_name\" content=\"Compuviper\" \/>\n<meta property=\"article:publisher\" content=\"https:\/\/www.facebook.com\/compuviper\" \/>\n<meta name=\"twitter:card\" content=\"summary_large_image\" \/>\n<meta name=\"twitter:label1\" content=\"Precio\" \/>\n\t<meta name=\"twitter:data1\" content=\"&#36;672 con IVA\" \/>\n\t<meta name=\"twitter:label2\" content=\"Availability\" \/>\n\t<meta name=\"twitter:data2\" content=\"Out of stock\" \/>\n<script type=\"application\/ld+json\" class=\"yoast-schema-graph\">{\"@context\":\"https:\/\/schema.org\",\"@graph\":[{\"@type\":\"WebPage\",\"@id\":\"https:\/\/compuviper.mx\/tienda\/producto\/ezviz-cs-h8c-3mp-cmara-pt-wi-fi-resolucin-3-megapixel-2k-visin-nocturna-en-color-ai-deteccin-de-humanos-y-vehculos-defensa-activa-con-sirena-y-luz-estroboscpica-ip67\/\",\"url\":\"https:\/\/compuviper.mx\/tienda\/producto\/ezviz-cs-h8c-3mp-cmara-pt-wi-fi-resolucin-3-megapixel-2k-visin-nocturna-en-color-ai-deteccin-de-humanos-y-vehculos-defensa-activa-con-sirena-y-luz-estroboscpica-ip67\/\",\"name\":\"[ Ezviz ] &#129351; Cs-h8c 3mp C\u00e1mara Pt \/ Wi-fi \/ Resoluci\u00f3n 3 Megapixel (2k) \/ Visi\u00f3n Nocturna En Color \/ Ai Detecci\u00f3n De Humanos Y Veh\u00edculos \/ Defensa Activa Con Sirena Y Luz Estrobosc\u00f3pica \/ Ip67\",\"isPartOf\":{\"@id\":\"https:\/\/compuviper.mx\/tienda\/#website\"},\"datePublished\":\"2026-04-16T06:19:23+00:00\",\"dateModified\":\"2026-04-16T06:19:23+00:00\",\"description\":\"Compra Cs-h8c 3mp C\u00e1mara Pt \/ Wi-fi \/ Resoluci\u00f3n 3 Megapixel (2k) \/ Visi\u00f3n Nocturna En Color \/ Ai Detecci\u00f3n De Humanos Y Veh\u00edculos \/ Defensa Activa Con Sirena Y Luz Estrobosc\u00f3pica \/ Ip67 + Env\u00edo a domicilio + Pago seguro + Garant\u00eda\",\"breadcrumb\":{\"@id\":\"https:\/\/compuviper.mx\/tienda\/producto\/ezviz-cs-h8c-3mp-cmara-pt-wi-fi-resolucin-3-megapixel-2k-visin-nocturna-en-color-ai-deteccin-de-humanos-y-vehculos-defensa-activa-con-sirena-y-luz-estroboscpica-ip67\/#breadcrumb\"},\"inLanguage\":\"es-MX\",\"potentialAction\":[{\"@type\":\"ReadAction\",\"target\":[\"https:\/\/compuviper.mx\/tienda\/producto\/ezviz-cs-h8c-3mp-cmara-pt-wi-fi-resolucin-3-megapixel-2k-visin-nocturna-en-color-ai-deteccin-de-humanos-y-vehculos-defensa-activa-con-sirena-y-luz-estroboscpica-ip67\/\"]}]},{\"@type\":\"BreadcrumbList\",\"@id\":\"https:\/\/compuviper.mx\/tienda\/producto\/ezviz-cs-h8c-3mp-cmara-pt-wi-fi-resolucin-3-megapixel-2k-visin-nocturna-en-color-ai-deteccin-de-humanos-y-vehculos-defensa-activa-con-sirena-y-luz-estroboscpica-ip67\/#breadcrumb\",\"itemListElement\":[{\"@type\":\"ListItem\",\"position\":1,\"name\":\"Inicio\",\"item\":\"https:\/\/compuviper.mx\/tienda\/\"},{\"@type\":\"ListItem\",\"position\":2,\"name\":\"Productos\",\"item\":\"https:\/\/compuviper.mx\/tienda\/productos\/\"},{\"@type\":\"ListItem\",\"position\":3,\"name\":\"Camaras\",\"item\":\"https:\/\/compuviper.mx\/tienda\/categoria-producto\/camaras-2\/\"},{\"@type\":\"ListItem\",\"position\":4,\"name\":\"Camara De Videovigilancia\",\"item\":\"https:\/\/compuviper.mx\/tienda\/categoria-producto\/camaras-2\/camara-de-videovigilancia\/\"},{\"@type\":\"ListItem\",\"position\":5,\"name\":\"Ezviz Cs-h8c 3mp C?mara Pt \/ Wi-fi \/ Resoluci?n 3 Megapixel (2k) \/ Visi?n Nocturna En Color \/ Ai Detecci?n De Humanos Y Veh?culos \/ Defensa Activa Con Sirena Y Luz Estrobosc?pica \/ Ip67\"}]},{\"@type\":\"WebSite\",\"@id\":\"https:\/\/compuviper.mx\/tienda\/#website\",\"url\":\"https:\/\/compuviper.mx\/tienda\/\",\"name\":\"Compuviper\",\"description\":\"Proveedor de Computadoras, Laptops, Servidores, Monitores, Puntos de Venta, Teclados,   Impresoras, T\u00f3ner, C\u00e1maras de Seguridad y m\u00e1s en tu tienda en l\u00ednea\",\"publisher\":{\"@id\":\"https:\/\/compuviper.mx\/tienda\/#organization\"},\"potentialAction\":[{\"@type\":\"SearchAction\",\"target\":{\"@type\":\"EntryPoint\",\"urlTemplate\":\"https:\/\/compuviper.mx\/tienda\/?s={search_term_string}\"},\"query-input\":\"required name=search_term_string\"}],\"inLanguage\":\"es-MX\"},{\"@type\":\"Organization\",\"@id\":\"https:\/\/compuviper.mx\/tienda\/#organization\",\"name\":\"Compuviper\",\"url\":\"https:\/\/compuviper.mx\/tienda\/\",\"logo\":{\"@type\":\"ImageObject\",\"inLanguage\":\"es-MX\",\"@id\":\"https:\/\/compuviper.mx\/tienda\/#\/schema\/logo\/image\/\",\"url\":\"https:\/\/compuviper.mx\/tienda\/wp-content\/uploads\/2021\/08\/Logo-Compuviper-10.png\",\"contentUrl\":\"https:\/\/compuviper.mx\/tienda\/wp-content\/uploads\/2021\/08\/Logo-Compuviper-10.png\",\"width\":1000,\"height\":500,\"caption\":\"Compuviper\"},\"image\":{\"@id\":\"https:\/\/compuviper.mx\/tienda\/#\/schema\/logo\/image\/\"},\"sameAs\":[\"https:\/\/www.facebook.com\/compuviper\",\"https:\/\/www.youtube.com\/channel\/UCf73dERp9Y3cfOq7q8BhLjA?view_as=subscriber\"]}]}<\/script>\n<meta property=\"product:brand\" content=\"Ezviz\" \/>\n<meta property=\"product:price:amount\" content=\"672\" \/>\n<meta property=\"product:price:currency\" content=\"MXN\" \/>\n<meta property=\"og:availability\" content=\"out of stock\" \/>\n<meta property=\"product:availability\" content=\"out of stock\" \/>\n<meta property=\"product:retailer_item_id\" content=\"CS-H8C 3MP\" \/>\n<meta property=\"product:condition\" content=\"new\" \/>\n<!-- \/ Yoast SEO plugin. -->","yoast_head_json":{"title":"[ Ezviz ] &#129351; Cs-h8c 3mp C\u00e1mara Pt \/ Wi-fi \/ Resoluci\u00f3n 3 Megapixel (2k) \/ Visi\u00f3n Nocturna En Color \/ Ai Detecci\u00f3n De Humanos Y Veh\u00edculos \/ Defensa Activa Con Sirena Y Luz Estrobosc\u00f3pica \/ Ip67","description":"Compra Cs-h8c 3mp C\u00e1mara Pt \/ Wi-fi \/ Resoluci\u00f3n 3 Megapixel (2k) \/ Visi\u00f3n Nocturna En Color \/ Ai Detecci\u00f3n De Humanos Y Veh\u00edculos \/ Defensa Activa Con Sirena Y Luz Estrobosc\u00f3pica \/ Ip67 + Env\u00edo a domicilio + Pago seguro + Garant\u00eda","robots":{"index":"index","follow":"follow","max-snippet":"max-snippet:-1","max-image-preview":"max-image-preview:large","max-video-preview":"max-video-preview:-1"},"canonical":"https:\/\/compuviper.mx\/tienda\/producto\/ezviz-cs-h8c-3mp-cmara-pt-wi-fi-resolucin-3-megapixel-2k-visin-nocturna-en-color-ai-deteccin-de-humanos-y-vehculos-defensa-activa-con-sirena-y-luz-estroboscpica-ip67\/","og_locale":"es_MX","og_type":"article","og_title":"[ Ezviz ] &#129351; Cs-h8c 3mp C\u00e1mara Pt \/ Wi-fi \/ Resoluci\u00f3n 3 Megapixel (2k) \/ Visi\u00f3n Nocturna En Color \/ Ai Detecci\u00f3n De Humanos Y Veh\u00edculos \/ Defensa Activa Con Sirena Y Luz Estrobosc\u00f3pica \/ Ip67","og_description":"Compra Cs-h8c 3mp C\u00e1mara Pt \/ Wi-fi \/ Resoluci\u00f3n 3 Megapixel (2k) \/ Visi\u00f3n Nocturna En Color \/ Ai Detecci\u00f3n De Humanos Y Veh\u00edculos \/ Defensa Activa Con Sirena Y Luz Estrobosc\u00f3pica \/ Ip67 + Env\u00edo a domicilio + Pago seguro + Garant\u00eda","og_url":"https:\/\/compuviper.mx\/tienda\/producto\/ezviz-cs-h8c-3mp-cmara-pt-wi-fi-resolucin-3-megapixel-2k-visin-nocturna-en-color-ai-deteccin-de-humanos-y-vehculos-defensa-activa-con-sirena-y-luz-estroboscpica-ip67\/","og_site_name":"Compuviper","article_publisher":"https:\/\/www.facebook.com\/compuviper","twitter_card":"summary_large_image","twitter_misc":{"Precio":"&#36;672 con IVA","Availability":"Out of stock"},"schema":{"@context":"https:\/\/schema.org","@graph":[{"@type":"WebPage","@id":"https:\/\/compuviper.mx\/tienda\/producto\/ezviz-cs-h8c-3mp-cmara-pt-wi-fi-resolucin-3-megapixel-2k-visin-nocturna-en-color-ai-deteccin-de-humanos-y-vehculos-defensa-activa-con-sirena-y-luz-estroboscpica-ip67\/","url":"https:\/\/compuviper.mx\/tienda\/producto\/ezviz-cs-h8c-3mp-cmara-pt-wi-fi-resolucin-3-megapixel-2k-visin-nocturna-en-color-ai-deteccin-de-humanos-y-vehculos-defensa-activa-con-sirena-y-luz-estroboscpica-ip67\/","name":"[ Ezviz ] &#129351; Cs-h8c 3mp C\u00e1mara Pt \/ Wi-fi \/ Resoluci\u00f3n 3 Megapixel (2k) \/ Visi\u00f3n Nocturna En Color \/ Ai Detecci\u00f3n De Humanos Y Veh\u00edculos \/ Defensa Activa Con Sirena Y Luz Estrobosc\u00f3pica \/ Ip67","isPartOf":{"@id":"https:\/\/compuviper.mx\/tienda\/#website"},"datePublished":"2026-04-16T06:19:23+00:00","dateModified":"2026-04-16T06:19:23+00:00","description":"Compra Cs-h8c 3mp C\u00e1mara Pt \/ Wi-fi \/ Resoluci\u00f3n 3 Megapixel (2k) \/ Visi\u00f3n Nocturna En Color \/ Ai Detecci\u00f3n De Humanos Y Veh\u00edculos \/ Defensa Activa Con Sirena Y Luz Estrobosc\u00f3pica \/ Ip67 + Env\u00edo a domicilio + Pago seguro + Garant\u00eda","breadcrumb":{"@id":"https:\/\/compuviper.mx\/tienda\/producto\/ezviz-cs-h8c-3mp-cmara-pt-wi-fi-resolucin-3-megapixel-2k-visin-nocturna-en-color-ai-deteccin-de-humanos-y-vehculos-defensa-activa-con-sirena-y-luz-estroboscpica-ip67\/#breadcrumb"},"inLanguage":"es-MX","potentialAction":[{"@type":"ReadAction","target":["https:\/\/compuviper.mx\/tienda\/producto\/ezviz-cs-h8c-3mp-cmara-pt-wi-fi-resolucin-3-megapixel-2k-visin-nocturna-en-color-ai-deteccin-de-humanos-y-vehculos-defensa-activa-con-sirena-y-luz-estroboscpica-ip67\/"]}]},{"@type":"BreadcrumbList","@id":"https:\/\/compuviper.mx\/tienda\/producto\/ezviz-cs-h8c-3mp-cmara-pt-wi-fi-resolucin-3-megapixel-2k-visin-nocturna-en-color-ai-deteccin-de-humanos-y-vehculos-defensa-activa-con-sirena-y-luz-estroboscpica-ip67\/#breadcrumb","itemListElement":[{"@type":"ListItem","position":1,"name":"Inicio","item":"https:\/\/compuviper.mx\/tienda\/"},{"@type":"ListItem","position":2,"name":"Productos","item":"https:\/\/compuviper.mx\/tienda\/productos\/"},{"@type":"ListItem","position":3,"name":"Camaras","item":"https:\/\/compuviper.mx\/tienda\/categoria-producto\/camaras-2\/"},{"@type":"ListItem","position":4,"name":"Camara De Videovigilancia","item":"https:\/\/compuviper.mx\/tienda\/categoria-producto\/camaras-2\/camara-de-videovigilancia\/"},{"@type":"ListItem","position":5,"name":"Ezviz Cs-h8c 3mp C?mara Pt \/ Wi-fi \/ Resoluci?n 3 Megapixel (2k) \/ Visi?n Nocturna En Color \/ Ai Detecci?n De Humanos Y Veh?culos \/ Defensa Activa Con Sirena Y Luz Estrobosc?pica \/ Ip67"}]},{"@type":"WebSite","@id":"https:\/\/compuviper.mx\/tienda\/#website","url":"https:\/\/compuviper.mx\/tienda\/","name":"Compuviper","description":"Proveedor de Computadoras, Laptops, Servidores, Monitores, Puntos de Venta, Teclados,   Impresoras, T\u00f3ner, C\u00e1maras de Seguridad y m\u00e1s en tu tienda en l\u00ednea","publisher":{"@id":"https:\/\/compuviper.mx\/tienda\/#organization"},"potentialAction":[{"@type":"SearchAction","target":{"@type":"EntryPoint","urlTemplate":"https:\/\/compuviper.mx\/tienda\/?s={search_term_string}"},"query-input":"required name=search_term_string"}],"inLanguage":"es-MX"},{"@type":"Organization","@id":"https:\/\/compuviper.mx\/tienda\/#organization","name":"Compuviper","url":"https:\/\/compuviper.mx\/tienda\/","logo":{"@type":"ImageObject","inLanguage":"es-MX","@id":"https:\/\/compuviper.mx\/tienda\/#\/schema\/logo\/image\/","url":"https:\/\/compuviper.mx\/tienda\/wp-content\/uploads\/2021\/08\/Logo-Compuviper-10.png","contentUrl":"https:\/\/compuviper.mx\/tienda\/wp-content\/uploads\/2021\/08\/Logo-Compuviper-10.png","width":1000,"height":500,"caption":"Compuviper"},"image":{"@id":"https:\/\/compuviper.mx\/tienda\/#\/schema\/logo\/image\/"},"sameAs":["https:\/\/www.facebook.com\/compuviper","https:\/\/www.youtube.com\/channel\/UCf73dERp9Y3cfOq7q8BhLjA?view_as=subscriber"]}]},"product_brand":"Ezviz","product_price_amount":"672","product_price_currency":"MXN","og_availability":"out of stock","product_availability":"out of stock","product_retailer_item_id":"CS-H8C 3MP","product_condition":"new"},"_links":{"self":[{"href":"https:\/\/compuviper.mx\/tienda\/wp-json\/wp\/v2\/product\/263716"}],"collection":[{"href":"https:\/\/compuviper.mx\/tienda\/wp-json\/wp\/v2\/product"}],"about":[{"href":"https:\/\/compuviper.mx\/tienda\/wp-json\/wp\/v2\/types\/product"}],"replies":[{"embeddable":true,"href":"https:\/\/compuviper.mx\/tienda\/wp-json\/wp\/v2\/comments?post=263716"}],"wp:attachment":[{"href":"https:\/\/compuviper.mx\/tienda\/wp-json\/wp\/v2\/media?parent=263716"}],"wp:term":[{"taxonomy":"product_cat","embeddable":true,"href":"https:\/\/compuviper.mx\/tienda\/wp-json\/wp\/v2\/product_cat?post=263716"},{"taxonomy":"product_tag","embeddable":true,"href":"https:\/\/compuviper.mx\/tienda\/wp-json\/wp\/v2\/product_tag?post=263716"}],"curies":[{"name":"wp","href":"https:\/\/api.w.org\/{rel}","templated":true}]}}