{"id":263715,"date":"2026-04-11T00:17:34","date_gmt":"2026-04-11T06:17:34","guid":{"rendered":"https:\/\/compuviper.mx\/tienda\/producto\/ezviz-cs-h6c-pro-3mp-camara-ip-pt-wi-fi-seguimiento-inteligente-audio-de-dos-vias-ranura-para-memoria-uso-en-interior-sustituye-cv-1614-cs-h6c\/"},"modified":"2026-04-11T00:17:35","modified_gmt":"2026-04-11T06:17:35","slug":"ezviz-cs-h6c-pro-3mp-camara-ip-pt-wi-fi-seguimiento-inteligente-audio-de-dos-vias-ranura-para-memoria-uso-en-interior-sustituye-cv-1614-cs-h6c","status":"publish","type":"product","link":"https:\/\/compuviper.mx\/tienda\/producto\/ezviz-cs-h6c-pro-3mp-camara-ip-pt-wi-fi-seguimiento-inteligente-audio-de-dos-vias-ranura-para-memoria-uso-en-interior-sustituye-cv-1614-cs-h6c\/","title":{"rendered":"Ezviz Cs-h6c Pro 3mp Camara  Ip Pt\/ \/ Wi-fi \/ Seguimiento Inteligente \/ Audio De Dos Vias \/ranura Para Memoria \/ Uso En Interior\/ Sustituye Cv-1614 Cs-h6c"},"content":{"rendered":"<table class=\"descripcion\">\n<tr>\n<td>Especificaciones<\/td>\n<\/tr>\n<tr>\n<td>C\u00e1mara<\/td>\n<\/tr>\n<tr>\n<td>Sensor de imagen f1.6 @ 1\/3 cmos con escaneo progresivo<\/td>\n<\/tr>\n<tr>\n<td>Velocidad de obturador obturador autoadaptativo<\/td>\n<\/tr>\n<tr>\n<td>Lente 4 mm, \u00e1ngulo de visi\u00f3n: 90\u00b0 (diagonal), 80\u00b0 (horizontal),43\u00b0 (vertical)<\/td>\n<\/tr>\n<tr>\n<td>Montura del lente m12<\/td>\n<\/tr>\n<tr>\n<td>D\u00eda y noche filtro auto ajustable de reflexi\u00f3n de infrarrojo<\/td>\n<\/tr>\n<tr>\n<td>Dnr 3d dnr<\/td>\n<\/tr>\n<tr>\n<td>Wdr wdr digital<\/td>\n<\/tr>\n<tr>\n<td>Compresi\u00f3n<\/td>\n<\/tr>\n<tr>\n<td>Compresi\u00f3n de video h.264\/h.265<\/td>\n<\/tr>\n<tr>\n<td>Tasa de bits de video tasa de bits adaptativa.<\/td>\n<\/tr>\n<tr>\n<td>Imagen<\/td>\n<\/tr>\n<tr>\n<td>M\u00e1x. resoluci\u00f3n 1920 \u00d7 1080<\/td>\n<\/tr>\n<tr>\n<td>Tasa de cuadros por segundo m\u00e1ximo: 25 fps; autoadaptativo durante la transmisi\u00f3n de la red<\/td>\n<\/tr>\n<tr>\n<td>Red<\/td>\n<\/tr>\n<tr>\n<td>Alarma inteligente detecci\u00f3n de movimiento, detecci\u00f3n de personas, seguimiento de personas, detecci\u00f3n de ruidos fuertes, trayectoria de inspecci\u00f3n autom\u00e1tica<\/td>\n<\/tr>\n<tr>\n<td>Emparejamiento wi-fi emparejamiento ap<\/td>\n<\/tr>\n<tr>\n<td>Protocolo protocolo patentado ezviz cloud<\/td>\n<\/tr>\n<tr>\n<td>Protocolo de interfaz protocolo patentado ezviz cloud<\/td>\n<\/tr>\n<tr>\n<td>Interfaz<\/td>\n<\/tr>\n<tr>\n<td>Almacenamiento ranura para tarjeta micro sd (m\u00e1x. 512 g)<\/td>\n<\/tr>\n<tr>\n<td>Potencia type-c<\/td>\n<\/tr>\n<tr>\n<td>Red cableada 1 rj45 (puerto ethernet autoadaptativo 10 m\/100 m)<\/td>\n<\/tr>\n<tr>\n<td>Wi-fi<\/td>\n<\/tr>\n<tr>\n<td>Est\u00e1ndar ieee802.11b, 802.11g, 802.11n<\/td>\n<\/tr>\n<tr>\n<td>Rango de frecuencia 2.4 ghz ~ 2.4835 ghz<\/td>\n<\/tr>\n<tr>\n<td>Ancho de banda del canal soporta 20mhz<\/td>\n<\/tr>\n<tr>\n<td>Seguridad wpa\/wpa2, wpa-psk\/wpa2-psk<\/td>\n<\/tr>\n<tr>\n<td>Tasa de transmisi\u00f3n 11b: 11 mbps, 11 g: 54 mbps, 11n: 72 mbps<\/td>\n<\/tr>\n<tr>\n<td>Potencia de salida (eirp) 19 dbm<\/td>\n<\/tr>\n<tr>\n<td>Ganancia de antena 1.9 dbi<\/td>\n<\/tr>\n<tr>\n<td>General<\/td>\n<\/tr>\n<tr>\n<td>Condiciones de funcionamiento -10 \u00b0c a 45 \u00b0c, humedad 95 % o menos (sin condensaci\u00f3n)<\/td>\n<\/tr>\n<tr>\n<td>Suministro de energ\u00eda 5 v cc \/ 2 a<\/td>\n<\/tr>\n<tr>\n<td>Consumo de energ\u00eda 5 w m\u00e1x.<\/td>\n<\/tr>\n<tr>\n<td>Rango de ir m\u00e1x. 10 metros (32.81 ft)<\/td>\n<\/tr>\n<tr>\n<td>Dimensiones 88 mm x 88.2 mm x 119 mm (3.46\u0094 x 3.47\u0094 x 4.69\u0094)<\/td>\n<\/tr>\n<tr>\n<td>Dimensiones del empaque 103 mm x 103 mm x 168 mm (4.06\u0094 x 4.06\u0094 x 6.61\u0094)<\/td>\n<\/tr>\n<tr>\n<td>Peso neto 218 g (0.48 lb)<\/td>\n<\/tr>\n<tr>\n<td>Incluido en la caja<\/td>\n<\/tr>\n<tr>\n<td>Incluido en la caja &#8211; c\u00e1mara<\/td>\n<\/tr>\n<tr>\n<td>&#8211; adaptador de corriente<\/td>\n<\/tr>\n<tr>\n<td>&#8211; cable de alimentaci\u00f3n<\/td>\n<\/tr>\n<tr>\n<td>&#8211; plantilla de perforaci\u00f3n<\/td>\n<\/tr>\n<tr>\n<td>&#8211; placa de montaje<\/td>\n<\/tr>\n<tr>\n<td>&#8211; kit de tornillos ezviz<\/td>\n<\/tr>\n<tr>\n<td>&#8211; informaci\u00f3n reglamentaria<\/td>\n<\/tr>\n<tr>\n<td>&#8211; gu\u00eda de inicio r\u00e1pido<\/td>\n<\/tr>\n<tr>\n<td>Certificaciones<\/td>\n<\/tr>\n<tr>\n<td>Certificaciones ce \/ ul \/ weee \/ reach \/ rohs \/ ukca<\/td>\n<\/tr>\n<\/table>\n","protected":false},"excerpt":{"rendered":"<p>Seguridad inteligente para las necesidades de cada hogar. Ingrese al universo de la seguridad interior mejorada con la m\u00e1s reciente h6c pro. Gracias a su funci\u00f3n de rotaci\u00f3n y trayectoria de inspecci\u00f3n, esta c\u00e1mara inteligente captura din\u00e1micamente cada rinc\u00f3n sin que ning\u00fan detalle pase desapercibido. Al responder con una agilidad inigualable a los movimientos humanos y a ruidos repentinos, eleva el seguimiento a nuevos niveles. Con el nuevo dise\u00f1o del bot\u00f3n t\u00e1ctil de llamada, la h6c pro le garantiza que siempre estar\u00e1 conectado con su familia, sin importar la distancia.<\/p>\n","protected":false},"featured_media":0,"comment_status":"open","ping_status":"open","template":"","meta":[],"product_cat":[1608,1681],"product_tag":[2123],"acf":[],"yoast_head":"<!-- This site is optimized with the Yoast SEO plugin v21.7 - https:\/\/yoast.com\/wordpress\/plugins\/seo\/ -->\n<title>[ Ezviz ] &#129351; Cs-h6c Pro 3mp Camara Ip Pt\/ \/ Wi-fi \/ Seguimiento Inteligente \/ Audio De Dos Vias \/ranura Para Memoria \/ Uso En Interior\/ Sustituye Cv-1614 Cs-h6c<\/title>\n<meta name=\"description\" content=\"Compra Cs-h6c Pro 3mp Camara Ip Pt\/ \/ Wi-fi \/ Seguimiento Inteligente \/ Audio De Dos Vias \/ranura Para Memoria \/ Uso En Interior\/ Sustituye Cv-1614 Cs-h6c + Env\u00edo a domicilio + Pago seguro + Garant\u00eda\" \/>\n<meta name=\"robots\" content=\"index, follow, max-snippet:-1, max-image-preview:large, max-video-preview:-1\" \/>\n<link rel=\"canonical\" href=\"https:\/\/compuviper.mx\/tienda\/producto\/ezviz-cs-h6c-pro-3mp-camara-ip-pt-wi-fi-seguimiento-inteligente-audio-de-dos-vias-ranura-para-memoria-uso-en-interior-sustituye-cv-1614-cs-h6c\/\" \/>\n<meta property=\"og:locale\" content=\"es_MX\" \/>\n<meta property=\"og:type\" content=\"article\" \/>\n<meta property=\"og:title\" content=\"[ Ezviz ] &#129351; Cs-h6c Pro 3mp Camara Ip Pt\/ \/ Wi-fi \/ Seguimiento Inteligente \/ Audio De Dos Vias \/ranura Para Memoria \/ Uso En Interior\/ Sustituye Cv-1614 Cs-h6c\" \/>\n<meta property=\"og:description\" content=\"Compra Cs-h6c Pro 3mp Camara Ip Pt\/ \/ Wi-fi \/ Seguimiento Inteligente \/ Audio De Dos Vias \/ranura Para Memoria \/ Uso En Interior\/ Sustituye Cv-1614 Cs-h6c + Env\u00edo a domicilio + Pago seguro + Garant\u00eda\" \/>\n<meta property=\"og:url\" content=\"https:\/\/compuviper.mx\/tienda\/producto\/ezviz-cs-h6c-pro-3mp-camara-ip-pt-wi-fi-seguimiento-inteligente-audio-de-dos-vias-ranura-para-memoria-uso-en-interior-sustituye-cv-1614-cs-h6c\/\" \/>\n<meta property=\"og:site_name\" content=\"Compuviper\" \/>\n<meta property=\"article:publisher\" content=\"https:\/\/www.facebook.com\/compuviper\" \/>\n<meta property=\"article:modified_time\" content=\"2026-04-11T06:17:35+00:00\" \/>\n<meta name=\"twitter:card\" content=\"summary_large_image\" \/>\n<meta name=\"twitter:label1\" content=\"Precio\" \/>\n\t<meta name=\"twitter:data1\" content=\"&#36;415 con IVA\" \/>\n\t<meta name=\"twitter:label2\" content=\"Availability\" \/>\n\t<meta name=\"twitter:data2\" content=\"Out of stock\" \/>\n<script type=\"application\/ld+json\" class=\"yoast-schema-graph\">{\"@context\":\"https:\/\/schema.org\",\"@graph\":[{\"@type\":\"WebPage\",\"@id\":\"https:\/\/compuviper.mx\/tienda\/producto\/ezviz-cs-h6c-pro-3mp-camara-ip-pt-wi-fi-seguimiento-inteligente-audio-de-dos-vias-ranura-para-memoria-uso-en-interior-sustituye-cv-1614-cs-h6c\/\",\"url\":\"https:\/\/compuviper.mx\/tienda\/producto\/ezviz-cs-h6c-pro-3mp-camara-ip-pt-wi-fi-seguimiento-inteligente-audio-de-dos-vias-ranura-para-memoria-uso-en-interior-sustituye-cv-1614-cs-h6c\/\",\"name\":\"[ Ezviz ] &#129351; Cs-h6c Pro 3mp Camara Ip Pt\/ \/ Wi-fi \/ Seguimiento Inteligente \/ Audio De Dos Vias \/ranura Para Memoria \/ Uso En Interior\/ Sustituye Cv-1614 Cs-h6c\",\"isPartOf\":{\"@id\":\"https:\/\/compuviper.mx\/tienda\/#website\"},\"datePublished\":\"2026-04-11T06:17:34+00:00\",\"dateModified\":\"2026-04-11T06:17:35+00:00\",\"description\":\"Compra Cs-h6c Pro 3mp Camara Ip Pt\/ \/ Wi-fi \/ Seguimiento Inteligente \/ Audio De Dos Vias \/ranura Para Memoria \/ Uso En Interior\/ Sustituye Cv-1614 Cs-h6c + Env\u00edo a domicilio + Pago seguro + Garant\u00eda\",\"breadcrumb\":{\"@id\":\"https:\/\/compuviper.mx\/tienda\/producto\/ezviz-cs-h6c-pro-3mp-camara-ip-pt-wi-fi-seguimiento-inteligente-audio-de-dos-vias-ranura-para-memoria-uso-en-interior-sustituye-cv-1614-cs-h6c\/#breadcrumb\"},\"inLanguage\":\"es-MX\",\"potentialAction\":[{\"@type\":\"ReadAction\",\"target\":[\"https:\/\/compuviper.mx\/tienda\/producto\/ezviz-cs-h6c-pro-3mp-camara-ip-pt-wi-fi-seguimiento-inteligente-audio-de-dos-vias-ranura-para-memoria-uso-en-interior-sustituye-cv-1614-cs-h6c\/\"]}]},{\"@type\":\"BreadcrumbList\",\"@id\":\"https:\/\/compuviper.mx\/tienda\/producto\/ezviz-cs-h6c-pro-3mp-camara-ip-pt-wi-fi-seguimiento-inteligente-audio-de-dos-vias-ranura-para-memoria-uso-en-interior-sustituye-cv-1614-cs-h6c\/#breadcrumb\",\"itemListElement\":[{\"@type\":\"ListItem\",\"position\":1,\"name\":\"Inicio\",\"item\":\"https:\/\/compuviper.mx\/tienda\/\"},{\"@type\":\"ListItem\",\"position\":2,\"name\":\"Productos\",\"item\":\"https:\/\/compuviper.mx\/tienda\/productos\/\"},{\"@type\":\"ListItem\",\"position\":3,\"name\":\"Camaras\",\"item\":\"https:\/\/compuviper.mx\/tienda\/categoria-producto\/camaras-2\/\"},{\"@type\":\"ListItem\",\"position\":4,\"name\":\"Camara De Videovigilancia\",\"item\":\"https:\/\/compuviper.mx\/tienda\/categoria-producto\/camaras-2\/camara-de-videovigilancia\/\"},{\"@type\":\"ListItem\",\"position\":5,\"name\":\"Ezviz Cs-h6c Pro 3mp Camara Ip Pt\/ \/ Wi-fi \/ Seguimiento Inteligente \/ Audio De Dos Vias \/ranura Para Memoria \/ Uso En Interior\/ Sustituye Cv-1614 Cs-h6c\"}]},{\"@type\":\"WebSite\",\"@id\":\"https:\/\/compuviper.mx\/tienda\/#website\",\"url\":\"https:\/\/compuviper.mx\/tienda\/\",\"name\":\"Compuviper\",\"description\":\"Proveedor de Computadoras, Laptops, Servidores, Monitores, Puntos de Venta, Teclados,   Impresoras, T\u00f3ner, C\u00e1maras de Seguridad y m\u00e1s en tu tienda en l\u00ednea\",\"publisher\":{\"@id\":\"https:\/\/compuviper.mx\/tienda\/#organization\"},\"potentialAction\":[{\"@type\":\"SearchAction\",\"target\":{\"@type\":\"EntryPoint\",\"urlTemplate\":\"https:\/\/compuviper.mx\/tienda\/?s={search_term_string}\"},\"query-input\":\"required name=search_term_string\"}],\"inLanguage\":\"es-MX\"},{\"@type\":\"Organization\",\"@id\":\"https:\/\/compuviper.mx\/tienda\/#organization\",\"name\":\"Compuviper\",\"url\":\"https:\/\/compuviper.mx\/tienda\/\",\"logo\":{\"@type\":\"ImageObject\",\"inLanguage\":\"es-MX\",\"@id\":\"https:\/\/compuviper.mx\/tienda\/#\/schema\/logo\/image\/\",\"url\":\"https:\/\/compuviper.mx\/tienda\/wp-content\/uploads\/2021\/08\/Logo-Compuviper-10.png\",\"contentUrl\":\"https:\/\/compuviper.mx\/tienda\/wp-content\/uploads\/2021\/08\/Logo-Compuviper-10.png\",\"width\":1000,\"height\":500,\"caption\":\"Compuviper\"},\"image\":{\"@id\":\"https:\/\/compuviper.mx\/tienda\/#\/schema\/logo\/image\/\"},\"sameAs\":[\"https:\/\/www.facebook.com\/compuviper\",\"https:\/\/www.youtube.com\/channel\/UCf73dERp9Y3cfOq7q8BhLjA?view_as=subscriber\"]}]}<\/script>\n<meta property=\"product:brand\" content=\"Ezviz\" \/>\n<meta property=\"product:price:amount\" content=\"415\" \/>\n<meta property=\"product:price:currency\" content=\"MXN\" \/>\n<meta property=\"og:availability\" content=\"out of stock\" \/>\n<meta property=\"product:availability\" content=\"out of stock\" \/>\n<meta property=\"product:retailer_item_id\" content=\"CS-H6C PRO 3MP\" \/>\n<meta property=\"product:condition\" content=\"new\" \/>\n<!-- \/ Yoast SEO plugin. -->","yoast_head_json":{"title":"[ Ezviz ] &#129351; Cs-h6c Pro 3mp Camara Ip Pt\/ \/ Wi-fi \/ Seguimiento Inteligente \/ Audio De Dos Vias \/ranura Para Memoria \/ Uso En Interior\/ Sustituye Cv-1614 Cs-h6c","description":"Compra Cs-h6c Pro 3mp Camara Ip Pt\/ \/ Wi-fi \/ Seguimiento Inteligente \/ Audio De Dos Vias \/ranura Para Memoria \/ Uso En Interior\/ Sustituye Cv-1614 Cs-h6c + Env\u00edo a domicilio + Pago seguro + Garant\u00eda","robots":{"index":"index","follow":"follow","max-snippet":"max-snippet:-1","max-image-preview":"max-image-preview:large","max-video-preview":"max-video-preview:-1"},"canonical":"https:\/\/compuviper.mx\/tienda\/producto\/ezviz-cs-h6c-pro-3mp-camara-ip-pt-wi-fi-seguimiento-inteligente-audio-de-dos-vias-ranura-para-memoria-uso-en-interior-sustituye-cv-1614-cs-h6c\/","og_locale":"es_MX","og_type":"article","og_title":"[ Ezviz ] &#129351; Cs-h6c Pro 3mp Camara Ip Pt\/ \/ Wi-fi \/ Seguimiento Inteligente \/ Audio De Dos Vias \/ranura Para Memoria \/ Uso En Interior\/ Sustituye Cv-1614 Cs-h6c","og_description":"Compra Cs-h6c Pro 3mp Camara Ip Pt\/ \/ Wi-fi \/ Seguimiento Inteligente \/ Audio De Dos Vias \/ranura Para Memoria \/ Uso En Interior\/ Sustituye Cv-1614 Cs-h6c + Env\u00edo a domicilio + Pago seguro + Garant\u00eda","og_url":"https:\/\/compuviper.mx\/tienda\/producto\/ezviz-cs-h6c-pro-3mp-camara-ip-pt-wi-fi-seguimiento-inteligente-audio-de-dos-vias-ranura-para-memoria-uso-en-interior-sustituye-cv-1614-cs-h6c\/","og_site_name":"Compuviper","article_publisher":"https:\/\/www.facebook.com\/compuviper","article_modified_time":"2026-04-11T06:17:35+00:00","twitter_card":"summary_large_image","twitter_misc":{"Precio":"&#36;415 con IVA","Availability":"Out of stock"},"schema":{"@context":"https:\/\/schema.org","@graph":[{"@type":"WebPage","@id":"https:\/\/compuviper.mx\/tienda\/producto\/ezviz-cs-h6c-pro-3mp-camara-ip-pt-wi-fi-seguimiento-inteligente-audio-de-dos-vias-ranura-para-memoria-uso-en-interior-sustituye-cv-1614-cs-h6c\/","url":"https:\/\/compuviper.mx\/tienda\/producto\/ezviz-cs-h6c-pro-3mp-camara-ip-pt-wi-fi-seguimiento-inteligente-audio-de-dos-vias-ranura-para-memoria-uso-en-interior-sustituye-cv-1614-cs-h6c\/","name":"[ Ezviz ] &#129351; Cs-h6c Pro 3mp Camara Ip Pt\/ \/ Wi-fi \/ Seguimiento Inteligente \/ Audio De Dos Vias \/ranura Para Memoria \/ Uso En Interior\/ Sustituye Cv-1614 Cs-h6c","isPartOf":{"@id":"https:\/\/compuviper.mx\/tienda\/#website"},"datePublished":"2026-04-11T06:17:34+00:00","dateModified":"2026-04-11T06:17:35+00:00","description":"Compra Cs-h6c Pro 3mp Camara Ip Pt\/ \/ Wi-fi \/ Seguimiento Inteligente \/ Audio De Dos Vias \/ranura Para Memoria \/ Uso En Interior\/ Sustituye Cv-1614 Cs-h6c + Env\u00edo a domicilio + Pago seguro + Garant\u00eda","breadcrumb":{"@id":"https:\/\/compuviper.mx\/tienda\/producto\/ezviz-cs-h6c-pro-3mp-camara-ip-pt-wi-fi-seguimiento-inteligente-audio-de-dos-vias-ranura-para-memoria-uso-en-interior-sustituye-cv-1614-cs-h6c\/#breadcrumb"},"inLanguage":"es-MX","potentialAction":[{"@type":"ReadAction","target":["https:\/\/compuviper.mx\/tienda\/producto\/ezviz-cs-h6c-pro-3mp-camara-ip-pt-wi-fi-seguimiento-inteligente-audio-de-dos-vias-ranura-para-memoria-uso-en-interior-sustituye-cv-1614-cs-h6c\/"]}]},{"@type":"BreadcrumbList","@id":"https:\/\/compuviper.mx\/tienda\/producto\/ezviz-cs-h6c-pro-3mp-camara-ip-pt-wi-fi-seguimiento-inteligente-audio-de-dos-vias-ranura-para-memoria-uso-en-interior-sustituye-cv-1614-cs-h6c\/#breadcrumb","itemListElement":[{"@type":"ListItem","position":1,"name":"Inicio","item":"https:\/\/compuviper.mx\/tienda\/"},{"@type":"ListItem","position":2,"name":"Productos","item":"https:\/\/compuviper.mx\/tienda\/productos\/"},{"@type":"ListItem","position":3,"name":"Camaras","item":"https:\/\/compuviper.mx\/tienda\/categoria-producto\/camaras-2\/"},{"@type":"ListItem","position":4,"name":"Camara De Videovigilancia","item":"https:\/\/compuviper.mx\/tienda\/categoria-producto\/camaras-2\/camara-de-videovigilancia\/"},{"@type":"ListItem","position":5,"name":"Ezviz Cs-h6c Pro 3mp Camara Ip Pt\/ \/ Wi-fi \/ Seguimiento Inteligente \/ Audio De Dos Vias \/ranura Para Memoria \/ Uso En Interior\/ Sustituye Cv-1614 Cs-h6c"}]},{"@type":"WebSite","@id":"https:\/\/compuviper.mx\/tienda\/#website","url":"https:\/\/compuviper.mx\/tienda\/","name":"Compuviper","description":"Proveedor de Computadoras, Laptops, Servidores, Monitores, Puntos de Venta, Teclados,   Impresoras, T\u00f3ner, C\u00e1maras de Seguridad y m\u00e1s en tu tienda en l\u00ednea","publisher":{"@id":"https:\/\/compuviper.mx\/tienda\/#organization"},"potentialAction":[{"@type":"SearchAction","target":{"@type":"EntryPoint","urlTemplate":"https:\/\/compuviper.mx\/tienda\/?s={search_term_string}"},"query-input":"required name=search_term_string"}],"inLanguage":"es-MX"},{"@type":"Organization","@id":"https:\/\/compuviper.mx\/tienda\/#organization","name":"Compuviper","url":"https:\/\/compuviper.mx\/tienda\/","logo":{"@type":"ImageObject","inLanguage":"es-MX","@id":"https:\/\/compuviper.mx\/tienda\/#\/schema\/logo\/image\/","url":"https:\/\/compuviper.mx\/tienda\/wp-content\/uploads\/2021\/08\/Logo-Compuviper-10.png","contentUrl":"https:\/\/compuviper.mx\/tienda\/wp-content\/uploads\/2021\/08\/Logo-Compuviper-10.png","width":1000,"height":500,"caption":"Compuviper"},"image":{"@id":"https:\/\/compuviper.mx\/tienda\/#\/schema\/logo\/image\/"},"sameAs":["https:\/\/www.facebook.com\/compuviper","https:\/\/www.youtube.com\/channel\/UCf73dERp9Y3cfOq7q8BhLjA?view_as=subscriber"]}]},"product_brand":"Ezviz","product_price_amount":"415","product_price_currency":"MXN","og_availability":"out of stock","product_availability":"out of stock","product_retailer_item_id":"CS-H6C PRO 3MP","product_condition":"new"},"_links":{"self":[{"href":"https:\/\/compuviper.mx\/tienda\/wp-json\/wp\/v2\/product\/263715"}],"collection":[{"href":"https:\/\/compuviper.mx\/tienda\/wp-json\/wp\/v2\/product"}],"about":[{"href":"https:\/\/compuviper.mx\/tienda\/wp-json\/wp\/v2\/types\/product"}],"replies":[{"embeddable":true,"href":"https:\/\/compuviper.mx\/tienda\/wp-json\/wp\/v2\/comments?post=263715"}],"wp:attachment":[{"href":"https:\/\/compuviper.mx\/tienda\/wp-json\/wp\/v2\/media?parent=263715"}],"wp:term":[{"taxonomy":"product_cat","embeddable":true,"href":"https:\/\/compuviper.mx\/tienda\/wp-json\/wp\/v2\/product_cat?post=263715"},{"taxonomy":"product_tag","embeddable":true,"href":"https:\/\/compuviper.mx\/tienda\/wp-json\/wp\/v2\/product_tag?post=263715"}],"curies":[{"name":"wp","href":"https:\/\/api.w.org\/{rel}","templated":true}]}}