{"id":263712,"date":"2026-04-10T00:01:58","date_gmt":"2026-04-10T06:01:58","guid":{"rendered":"https:\/\/compuviper.mx\/tienda\/producto\/gigabyte-gp-ud1000gm-pg5-gus2-fuente-de-poder-1000w-80-plus-gold-negro-atx-modular\/"},"modified":"2026-04-10T00:01:58","modified_gmt":"2026-04-10T06:01:58","slug":"gigabyte-gp-ud1000gm-pg5-gus2-fuente-de-poder-1000w-80-plus-gold-negro-atx-modular","status":"publish","type":"product","link":"https:\/\/compuviper.mx\/tienda\/producto\/gigabyte-gp-ud1000gm-pg5-gus2-fuente-de-poder-1000w-80-plus-gold-negro-atx-modular\/","title":{"rendered":"Gigabyte Gp-ud1000gm Pg5 Gus2 Fuente De Poder 1000w\/80 Plus Gold \/negro\/atx\/modular"},"content":{"rendered":"<table class=\"descripcion\">\n<tr>\n<td>Modelo<\/td>\n<\/tr>\n<tr>\n<td>Gp-ud1000gm pg5<\/td>\n<\/tr>\n<tr>\n<td>Tipo<\/td>\n<\/tr>\n<tr>\n<td>Factor de forma intel atx 12v<\/td>\n<\/tr>\n<tr>\n<td>Pfc<\/td>\n<\/tr>\n<tr>\n<td>Pfc activo  0,9 tpico<\/td>\n<\/tr>\n<tr>\n<td>Voltaje de entrada<\/td>\n<\/tr>\n<tr>\n<td>100-240 vca rango completo<\/td>\n<\/tr>\n<tr>\n<td>Corriente de entrada<\/td>\n<\/tr>\n<tr>\n<td>15-6.5a<\/td>\n<\/tr>\n<tr>\n<td>Frecuencia de entrada<\/td>\n<\/tr>\n<tr>\n<td>60-50hz<\/td>\n<\/tr>\n<tr>\n<td>Capacidad de salida<\/td>\n<\/tr>\n<tr>\n<td>1000w<\/td>\n<\/tr>\n<tr>\n<td>Dimensin<\/td>\n<\/tr>\n<tr>\n<td>150x140x86mm<\/td>\n<\/tr>\n<tr>\n<td>Tipo de ventilador<\/td>\n<\/tr>\n<tr>\n<td>Ventilador con rodamiento hidrulico hyb de 120 mm<\/td>\n<\/tr>\n<tr>\n<td>80 m\u00e1s<\/td>\n<\/tr>\n<tr>\n<td>Oro<\/td>\n<\/tr>\n<tr>\n<td>Eficiencia<\/td>\n<\/tr>\n<tr>\n<td>90 con carga tpica<\/td>\n<\/tr>\n<tr>\n<td>Mtbf<\/td>\n<\/tr>\n<tr>\n<td> 100.000 horas<\/td>\n<\/tr>\n<tr>\n<td>Proteccion<\/td>\n<\/tr>\n<tr>\n<td>Ovp\/opp\/scp\/uvp\/ocp\/otp<\/td>\n<\/tr>\n<tr>\n<td>Buena seal de alimentacin<\/td>\n<\/tr>\n<tr>\n<td>100-150 ms<\/td>\n<\/tr>\n<tr>\n<td>Tiempo de espera<\/td>\n<\/tr>\n<tr>\n<td> 16ms<\/td>\n<\/tr>\n<tr>\n<td>Tipo de cable<\/td>\n<\/tr>\n<tr>\n<td>Plano, todo negro<\/td>\n<\/tr>\n<tr>\n<td>Conectores<\/td>\n<\/tr>\n<tr>\n<td>Atx\/mb 204 pines x 1: 610 mm1<\/td>\n<\/tr>\n<tr>\n<td>Cpu\/eps 44 pines x 2: 600 mm200 mm1<\/td>\n<\/tr>\n<tr>\n<td>Pci-e 16 pines x 1: 700 mm1<\/td>\n<\/tr>\n<tr>\n<td>Pci-e 62 pines x 4: 600 mm 150 mm2<\/td>\n<\/tr>\n<tr>\n<td>Sata x 8:<\/td>\n<\/tr>\n<tr>\n<td>600 mm150 mm150 mm150 mm2<\/td>\n<\/tr>\n<tr>\n<td>Perifrico de 4 pines x 3disquete de 4 pines x 1: 500 mm120 mm120 mm150 mm1<\/td>\n<\/tr>\n<\/table>\n","protected":false},"excerpt":{"rendered":"<p>Funcin clave. Ultraduradero.  Principales condensadores japoneses.  Solucin trmica mejorada.  Ventilador con cojinete hidrulico inteligente hyb de 120 mm.  Proteccin ovp\/opp\/scp\/uvp\/ocp\/otp. Admite tarjeta grfica pcie gen 5.0. El cable nativo de 16 pines de alta calidad admite una salida de 600 w. Certificacin 80 plus oro. Diseo totalmente modular. Diseo compacto. 10 aos de garanta ajustado segn diferentes regiones<\/p>\n","protected":false},"featured_media":263713,"comment_status":"open","ping_status":"open","template":"","meta":[],"product_cat":[1508,1672],"product_tag":[1732],"acf":[],"yoast_head":"<!-- This site is optimized with the Yoast SEO plugin v21.7 - https:\/\/yoast.com\/wordpress\/plugins\/seo\/ -->\n<title>[ Gigabyte ] &#129351; Gp-ud1000gm Pg5 Gus2 Fuente De Poder 1000w\/80 Plus Gold \/negro\/atx\/modular<\/title>\n<meta name=\"description\" content=\"Compra Gp-ud1000gm Pg5 Gus2 Fuente De Poder 1000w\/80 Plus Gold \/negro\/atx\/modular + Env\u00edo a domicilio + Pago seguro + Garant\u00eda\" \/>\n<meta name=\"robots\" content=\"index, follow, max-snippet:-1, max-image-preview:large, max-video-preview:-1\" \/>\n<link rel=\"canonical\" href=\"https:\/\/compuviper.mx\/tienda\/producto\/gigabyte-gp-ud1000gm-pg5-gus2-fuente-de-poder-1000w-80-plus-gold-negro-atx-modular\/\" \/>\n<meta property=\"og:locale\" content=\"es_MX\" \/>\n<meta property=\"og:type\" content=\"article\" \/>\n<meta property=\"og:title\" content=\"[ Gigabyte ] &#129351; Gp-ud1000gm Pg5 Gus2 Fuente De Poder 1000w\/80 Plus Gold \/negro\/atx\/modular\" \/>\n<meta property=\"og:description\" content=\"Compra Gp-ud1000gm Pg5 Gus2 Fuente De Poder 1000w\/80 Plus Gold \/negro\/atx\/modular + Env\u00edo a domicilio + Pago seguro + Garant\u00eda\" \/>\n<meta property=\"og:url\" content=\"https:\/\/compuviper.mx\/tienda\/producto\/gigabyte-gp-ud1000gm-pg5-gus2-fuente-de-poder-1000w-80-plus-gold-negro-atx-modular\/\" \/>\n<meta property=\"og:site_name\" content=\"Compuviper\" \/>\n<meta property=\"article:publisher\" content=\"https:\/\/www.facebook.com\/compuviper\" \/>\n<meta property=\"og:image\" content=\"https:\/\/compuviper.mx\/tienda\/wp-content\/uploads\/2025\/12\/Fuente-de-poder-gigabyte1000w80-plus-gold-negroatxmodular.jpg\" \/>\n\t<meta property=\"og:image:width\" content=\"200\" \/>\n\t<meta property=\"og:image:height\" content=\"200\" \/>\n\t<meta property=\"og:image:type\" content=\"image\/jpeg\" \/>\n<meta name=\"twitter:card\" content=\"summary_large_image\" \/>\n<meta name=\"twitter:label1\" content=\"Precio\" \/>\n\t<meta name=\"twitter:data1\" content=\"&#36;2,059 con IVA\" \/>\n\t<meta name=\"twitter:label2\" content=\"Availability\" \/>\n\t<meta name=\"twitter:data2\" content=\"Out of stock\" \/>\n<script type=\"application\/ld+json\" class=\"yoast-schema-graph\">{\"@context\":\"https:\/\/schema.org\",\"@graph\":[{\"@type\":\"WebPage\",\"@id\":\"https:\/\/compuviper.mx\/tienda\/producto\/gigabyte-gp-ud1000gm-pg5-gus2-fuente-de-poder-1000w-80-plus-gold-negro-atx-modular\/\",\"url\":\"https:\/\/compuviper.mx\/tienda\/producto\/gigabyte-gp-ud1000gm-pg5-gus2-fuente-de-poder-1000w-80-plus-gold-negro-atx-modular\/\",\"name\":\"[ Gigabyte ] &#129351; Gp-ud1000gm Pg5 Gus2 Fuente De Poder 1000w\/80 Plus Gold \/negro\/atx\/modular\",\"isPartOf\":{\"@id\":\"https:\/\/compuviper.mx\/tienda\/#website\"},\"datePublished\":\"2026-04-10T06:01:58+00:00\",\"dateModified\":\"2026-04-10T06:01:58+00:00\",\"description\":\"Compra Gp-ud1000gm Pg5 Gus2 Fuente De Poder 1000w\/80 Plus Gold \/negro\/atx\/modular + Env\u00edo a domicilio + Pago seguro + Garant\u00eda\",\"breadcrumb\":{\"@id\":\"https:\/\/compuviper.mx\/tienda\/producto\/gigabyte-gp-ud1000gm-pg5-gus2-fuente-de-poder-1000w-80-plus-gold-negro-atx-modular\/#breadcrumb\"},\"inLanguage\":\"es-MX\",\"potentialAction\":[{\"@type\":\"ReadAction\",\"target\":[\"https:\/\/compuviper.mx\/tienda\/producto\/gigabyte-gp-ud1000gm-pg5-gus2-fuente-de-poder-1000w-80-plus-gold-negro-atx-modular\/\"]}]},{\"@type\":\"BreadcrumbList\",\"@id\":\"https:\/\/compuviper.mx\/tienda\/producto\/gigabyte-gp-ud1000gm-pg5-gus2-fuente-de-poder-1000w-80-plus-gold-negro-atx-modular\/#breadcrumb\",\"itemListElement\":[{\"@type\":\"ListItem\",\"position\":1,\"name\":\"Inicio\",\"item\":\"https:\/\/compuviper.mx\/tienda\/\"},{\"@type\":\"ListItem\",\"position\":2,\"name\":\"Productos\",\"item\":\"https:\/\/compuviper.mx\/tienda\/productos\/\"},{\"@type\":\"ListItem\",\"position\":3,\"name\":\"Energia\",\"item\":\"https:\/\/compuviper.mx\/tienda\/categoria-producto\/energia\/\"},{\"@type\":\"ListItem\",\"position\":4,\"name\":\"Fuentes De Poder\",\"item\":\"https:\/\/compuviper.mx\/tienda\/categoria-producto\/energia\/fuentes-de-poder\/\"},{\"@type\":\"ListItem\",\"position\":5,\"name\":\"Gigabyte Gp-ud1000gm Pg5 Gus2 Fuente De Poder 1000w\/80 Plus Gold \/negro\/atx\/modular\"}]},{\"@type\":\"WebSite\",\"@id\":\"https:\/\/compuviper.mx\/tienda\/#website\",\"url\":\"https:\/\/compuviper.mx\/tienda\/\",\"name\":\"Compuviper\",\"description\":\"Proveedor de Computadoras, Laptops, Servidores, Monitores, Puntos de Venta, Teclados,   Impresoras, T\u00f3ner, C\u00e1maras de Seguridad y m\u00e1s en tu tienda en l\u00ednea\",\"publisher\":{\"@id\":\"https:\/\/compuviper.mx\/tienda\/#organization\"},\"potentialAction\":[{\"@type\":\"SearchAction\",\"target\":{\"@type\":\"EntryPoint\",\"urlTemplate\":\"https:\/\/compuviper.mx\/tienda\/?s={search_term_string}\"},\"query-input\":\"required name=search_term_string\"}],\"inLanguage\":\"es-MX\"},{\"@type\":\"Organization\",\"@id\":\"https:\/\/compuviper.mx\/tienda\/#organization\",\"name\":\"Compuviper\",\"url\":\"https:\/\/compuviper.mx\/tienda\/\",\"logo\":{\"@type\":\"ImageObject\",\"inLanguage\":\"es-MX\",\"@id\":\"https:\/\/compuviper.mx\/tienda\/#\/schema\/logo\/image\/\",\"url\":\"https:\/\/compuviper.mx\/tienda\/wp-content\/uploads\/2021\/08\/Logo-Compuviper-10.png\",\"contentUrl\":\"https:\/\/compuviper.mx\/tienda\/wp-content\/uploads\/2021\/08\/Logo-Compuviper-10.png\",\"width\":1000,\"height\":500,\"caption\":\"Compuviper\"},\"image\":{\"@id\":\"https:\/\/compuviper.mx\/tienda\/#\/schema\/logo\/image\/\"},\"sameAs\":[\"https:\/\/www.facebook.com\/compuviper\",\"https:\/\/www.youtube.com\/channel\/UCf73dERp9Y3cfOq7q8BhLjA?view_as=subscriber\"]}]}<\/script>\n<meta property=\"product:brand\" content=\"GIGABYTE\" \/>\n<meta property=\"product:price:amount\" content=\"2059\" \/>\n<meta property=\"product:price:currency\" content=\"MXN\" \/>\n<meta property=\"og:availability\" content=\"out of stock\" \/>\n<meta property=\"product:availability\" content=\"out of stock\" \/>\n<meta property=\"product:retailer_item_id\" content=\"GP-UD1000GM PG5 GUS2\" \/>\n<meta property=\"product:condition\" content=\"new\" \/>\n<!-- \/ Yoast SEO plugin. -->","yoast_head_json":{"title":"[ Gigabyte ] &#129351; Gp-ud1000gm Pg5 Gus2 Fuente De Poder 1000w\/80 Plus Gold \/negro\/atx\/modular","description":"Compra Gp-ud1000gm Pg5 Gus2 Fuente De Poder 1000w\/80 Plus Gold \/negro\/atx\/modular + Env\u00edo a domicilio + Pago seguro + Garant\u00eda","robots":{"index":"index","follow":"follow","max-snippet":"max-snippet:-1","max-image-preview":"max-image-preview:large","max-video-preview":"max-video-preview:-1"},"canonical":"https:\/\/compuviper.mx\/tienda\/producto\/gigabyte-gp-ud1000gm-pg5-gus2-fuente-de-poder-1000w-80-plus-gold-negro-atx-modular\/","og_locale":"es_MX","og_type":"article","og_title":"[ Gigabyte ] &#129351; Gp-ud1000gm Pg5 Gus2 Fuente De Poder 1000w\/80 Plus Gold \/negro\/atx\/modular","og_description":"Compra Gp-ud1000gm Pg5 Gus2 Fuente De Poder 1000w\/80 Plus Gold \/negro\/atx\/modular + Env\u00edo a domicilio + Pago seguro + Garant\u00eda","og_url":"https:\/\/compuviper.mx\/tienda\/producto\/gigabyte-gp-ud1000gm-pg5-gus2-fuente-de-poder-1000w-80-plus-gold-negro-atx-modular\/","og_site_name":"Compuviper","article_publisher":"https:\/\/www.facebook.com\/compuviper","og_image":[{"width":200,"height":200,"url":"https:\/\/compuviper.mx\/tienda\/wp-content\/uploads\/2025\/12\/Fuente-de-poder-gigabyte1000w80-plus-gold-negroatxmodular.jpg","type":"image\/jpeg"}],"twitter_card":"summary_large_image","twitter_misc":{"Precio":"&#36;2,059 con IVA","Availability":"Out of stock"},"schema":{"@context":"https:\/\/schema.org","@graph":[{"@type":"WebPage","@id":"https:\/\/compuviper.mx\/tienda\/producto\/gigabyte-gp-ud1000gm-pg5-gus2-fuente-de-poder-1000w-80-plus-gold-negro-atx-modular\/","url":"https:\/\/compuviper.mx\/tienda\/producto\/gigabyte-gp-ud1000gm-pg5-gus2-fuente-de-poder-1000w-80-plus-gold-negro-atx-modular\/","name":"[ Gigabyte ] &#129351; Gp-ud1000gm Pg5 Gus2 Fuente De Poder 1000w\/80 Plus Gold \/negro\/atx\/modular","isPartOf":{"@id":"https:\/\/compuviper.mx\/tienda\/#website"},"datePublished":"2026-04-10T06:01:58+00:00","dateModified":"2026-04-10T06:01:58+00:00","description":"Compra Gp-ud1000gm Pg5 Gus2 Fuente De Poder 1000w\/80 Plus Gold \/negro\/atx\/modular + Env\u00edo a domicilio + Pago seguro + Garant\u00eda","breadcrumb":{"@id":"https:\/\/compuviper.mx\/tienda\/producto\/gigabyte-gp-ud1000gm-pg5-gus2-fuente-de-poder-1000w-80-plus-gold-negro-atx-modular\/#breadcrumb"},"inLanguage":"es-MX","potentialAction":[{"@type":"ReadAction","target":["https:\/\/compuviper.mx\/tienda\/producto\/gigabyte-gp-ud1000gm-pg5-gus2-fuente-de-poder-1000w-80-plus-gold-negro-atx-modular\/"]}]},{"@type":"BreadcrumbList","@id":"https:\/\/compuviper.mx\/tienda\/producto\/gigabyte-gp-ud1000gm-pg5-gus2-fuente-de-poder-1000w-80-plus-gold-negro-atx-modular\/#breadcrumb","itemListElement":[{"@type":"ListItem","position":1,"name":"Inicio","item":"https:\/\/compuviper.mx\/tienda\/"},{"@type":"ListItem","position":2,"name":"Productos","item":"https:\/\/compuviper.mx\/tienda\/productos\/"},{"@type":"ListItem","position":3,"name":"Energia","item":"https:\/\/compuviper.mx\/tienda\/categoria-producto\/energia\/"},{"@type":"ListItem","position":4,"name":"Fuentes De Poder","item":"https:\/\/compuviper.mx\/tienda\/categoria-producto\/energia\/fuentes-de-poder\/"},{"@type":"ListItem","position":5,"name":"Gigabyte Gp-ud1000gm Pg5 Gus2 Fuente De Poder 1000w\/80 Plus Gold \/negro\/atx\/modular"}]},{"@type":"WebSite","@id":"https:\/\/compuviper.mx\/tienda\/#website","url":"https:\/\/compuviper.mx\/tienda\/","name":"Compuviper","description":"Proveedor de Computadoras, Laptops, Servidores, Monitores, Puntos de Venta, Teclados,   Impresoras, T\u00f3ner, C\u00e1maras de Seguridad y m\u00e1s en tu tienda en l\u00ednea","publisher":{"@id":"https:\/\/compuviper.mx\/tienda\/#organization"},"potentialAction":[{"@type":"SearchAction","target":{"@type":"EntryPoint","urlTemplate":"https:\/\/compuviper.mx\/tienda\/?s={search_term_string}"},"query-input":"required name=search_term_string"}],"inLanguage":"es-MX"},{"@type":"Organization","@id":"https:\/\/compuviper.mx\/tienda\/#organization","name":"Compuviper","url":"https:\/\/compuviper.mx\/tienda\/","logo":{"@type":"ImageObject","inLanguage":"es-MX","@id":"https:\/\/compuviper.mx\/tienda\/#\/schema\/logo\/image\/","url":"https:\/\/compuviper.mx\/tienda\/wp-content\/uploads\/2021\/08\/Logo-Compuviper-10.png","contentUrl":"https:\/\/compuviper.mx\/tienda\/wp-content\/uploads\/2021\/08\/Logo-Compuviper-10.png","width":1000,"height":500,"caption":"Compuviper"},"image":{"@id":"https:\/\/compuviper.mx\/tienda\/#\/schema\/logo\/image\/"},"sameAs":["https:\/\/www.facebook.com\/compuviper","https:\/\/www.youtube.com\/channel\/UCf73dERp9Y3cfOq7q8BhLjA?view_as=subscriber"]}]},"product_brand":"GIGABYTE","product_price_amount":"2059","product_price_currency":"MXN","og_availability":"out of stock","product_availability":"out of stock","product_retailer_item_id":"GP-UD1000GM PG5 GUS2","product_condition":"new"},"_links":{"self":[{"href":"https:\/\/compuviper.mx\/tienda\/wp-json\/wp\/v2\/product\/263712"}],"collection":[{"href":"https:\/\/compuviper.mx\/tienda\/wp-json\/wp\/v2\/product"}],"about":[{"href":"https:\/\/compuviper.mx\/tienda\/wp-json\/wp\/v2\/types\/product"}],"replies":[{"embeddable":true,"href":"https:\/\/compuviper.mx\/tienda\/wp-json\/wp\/v2\/comments?post=263712"}],"wp:featuredmedia":[{"embeddable":true,"href":"https:\/\/compuviper.mx\/tienda\/wp-json\/wp\/v2\/media\/263713"}],"wp:attachment":[{"href":"https:\/\/compuviper.mx\/tienda\/wp-json\/wp\/v2\/media?parent=263712"}],"wp:term":[{"taxonomy":"product_cat","embeddable":true,"href":"https:\/\/compuviper.mx\/tienda\/wp-json\/wp\/v2\/product_cat?post=263712"},{"taxonomy":"product_tag","embeddable":true,"href":"https:\/\/compuviper.mx\/tienda\/wp-json\/wp\/v2\/product_tag?post=263712"}],"curies":[{"name":"wp","href":"https:\/\/api.w.org\/{rel}","templated":true}]}}