{"id":263631,"date":"2026-04-02T01:26:39","date_gmt":"2026-04-02T07:26:39","guid":{"rendered":"https:\/\/compuviper.mx\/tienda\/producto\/ghia-amd-ryzen-series-frontier-elite-1-3-amd-ryzen-9-7900-12-nucleos-max-5-4-ghz-enf-liquido-ram-32-gb-ssd-nvme-2-tb-wifi-bt-amd-radeon-rx-9060-xt-16-gb-sin-sistema\/"},"modified":"2026-04-02T01:26:40","modified_gmt":"2026-04-02T07:26:40","slug":"ghia-amd-ryzen-series-frontier-elite-1-3-amd-ryzen-9-7900-12-nucleos-max-5-4-ghz-enf-liquido-ram-32-gb-ddr5-ssd-nvme-2-tb-wifi-bt-amd-radeon-rx-9060-xt-16-gb-sin-sistema","status":"publish","type":"product","link":"https:\/\/compuviper.mx\/tienda\/producto\/ghia-amd-ryzen-series-frontier-elite-1-3-amd-ryzen-9-7900-12-nucleos-max-5-4-ghz-enf-liquido-ram-32-gb-ddr5-ssd-nvme-2-tb-wifi-bt-amd-radeon-rx-9060-xt-16-gb-sin-sistema\/","title":{"rendered":"Ghia Amd Ryzen Series  Frontier Elite 1.3 \/ Amd Ryzen 9 7900 12 Nucleos Max 5.4 Ghz \/ Enf. Liquido \/ Ram 32 Gb Ddr5 \/ Ssd Nvme 2 Tb \/ Wifi \/ Bt \/ Amd Radeon Rx 9060 Xt 16 Gb \/ Sin Sistema"},"content":{"rendered":"<table class=\"descripcion\">\n<tr>\n<td>Procesador: ryzen 9 7900 \/ 12 nucleos \/ hasta 5.4 ghz \/ cache 76 mb \/\/<\/td>\n<\/tr>\n<tr>\n<td>Ventilacion cpu: enfriamiento liquido 240mm rgb \/\/<\/td>\n<\/tr>\n<tr>\n<td>Chipset: chipset amd b850 \/\/<\/td>\n<\/tr>\n<tr>\n<td>Video: amd radeon rx 9060 xt 16gb \/\/<\/td>\n<\/tr>\n<tr>\n<td>Audio: realtek alc897 7.1 audio codec \/\/<\/td>\n<\/tr>\n<tr>\n<td>Memoria ram: udimm ddr5 32 gb 5600 mhz \/\/<\/td>\n<\/tr>\n<tr>\n<td>Almacenamiento primario: ssd 2 tb \/ m.2 \/ nvme \/ pcie 4 \/\/<\/td>\n<\/tr>\n<tr>\n<td>Almacenamiento secundario: no incluye \/\/<\/td>\n<\/tr>\n<tr>\n<td>Puertos traseros mb: x3 usb 3.2 \/ x2 usb 2.0 \/ x1 usb c 3.2 ** \/\/<\/td>\n<\/tr>\n<tr>\n<td>X1 hdmi \/ x2 displayport * \/\/<\/td>\n<\/tr>\n<tr>\n<td>X1 lan 2.5 gbe \/ wifi 6 \/ bluetooth 5.2 \/\/<\/td>\n<\/tr>\n<tr>\n<td>Fuente de poder: atx 850w \/ certificada 80 plus gold \/\/<\/td>\n<\/tr>\n<tr>\n<td>Ventilacion gabinete: kit de 3 ventiladores de 120 mm con control de iluminacion \/\/<\/td>\n<\/tr>\n<tr>\n<td>** el puerto usb tipo c frontal del gabinete estara \/\/<\/td>\n<\/tr>\n<tr>\n<td>Disponible unicamente en configuraciones que cuenten \/\/<\/td>\n<\/tr>\n<tr>\n<td>Con tarjeta madre compatible con dicha conexion. \/\/<\/td>\n<\/tr>\n<tr>\n<td>* en equipos con tarjeta de video dedicada, las salidas \/\/<\/td>\n<\/tr>\n<tr>\n<td>De video integradas en la tarjeta madre no estaran disponibles. \/\/<\/td>\n<\/tr>\n<tr>\n<td>La se\u00f1al de video se transmitira unicamente a traves de los \/\/<\/td>\n<\/tr>\n<tr>\n<td>Puertos de la tarjeta grafica \/\/<\/td>\n<\/tr>\n<tr>\n<td>Perifericos: no incluye \/\/<\/td>\n<\/tr>\n<tr>\n<td>\/\/<\/td>\n<\/tr>\n<tr>\n<td>\/\/<\/td>\n<\/tr>\n<tr>\n<td>\/\/<\/td>\n<\/tr>\n<tr>\n<td>\/\/<\/td>\n<\/tr>\n<tr>\n<td>Software: sin sistema<\/td>\n<\/tr>\n<\/table>\n","protected":false},"excerpt":{"rendered":"<p>Ghia es una marca mexicana con mas de 15 a\u00f1os de experiencia en la fabricacion y comercializacion de equipos de computo, destacandose por ofrecer la mejor relacion calidad-precio del mercado. Con el respaldo de las principales marcas de hardware y software, garantizamos computadoras confiables y de alto desempe\u00f1o para el hogar y la oficina. Invierte con seguridad en tecnologia de vanguardia, dise\u00f1ada para brindarte el mejor rendimiento, estabilidad y eficiencia en cada tarea.<\/p>\n","protected":false},"featured_media":0,"comment_status":"open","ping_status":"open","template":"","meta":[],"product_cat":[1971,1972],"product_tag":[1548],"acf":[],"yoast_head":"<!-- This site is optimized with the Yoast SEO plugin v21.7 - https:\/\/yoast.com\/wordpress\/plugins\/seo\/ -->\n<title>[ Ghia ] &#129351; Amd Ryzen Series Frontier Elite 1.3 \/ Amd Ryzen 9 7900 12 Nucleos Max 5.4 Ghz \/ Enf. Liquido \/ Ram 32 Gb Ddr5 \/ Ssd Nvme 2 Tb \/ Wifi \/ Bt \/ Amd Radeon Rx 9060 Xt 16 Gb \/ Sin Sistema<\/title>\n<meta name=\"description\" content=\"Compra Amd Ryzen Series Frontier Elite 1.3 \/ Amd Ryzen 9 7900 12 Nucleos Max 5.4 Ghz \/ Enf. Liquido \/ Ram 32 Gb Ddr5 \/ Ssd Nvme 2 Tb \/ Wifi \/ Bt \/ Amd Radeon Rx 9060 Xt 16 Gb \/ Sin Sistema + Env\u00edo a domicilio + Pago seguro + Garant\u00eda\" \/>\n<meta name=\"robots\" content=\"index, follow, max-snippet:-1, max-image-preview:large, max-video-preview:-1\" \/>\n<link rel=\"canonical\" href=\"https:\/\/compuviper.mx\/tienda\/producto\/ghia-amd-ryzen-series-frontier-elite-1-3-amd-ryzen-9-7900-12-nucleos-max-5-4-ghz-enf-liquido-ram-32-gb-ddr5-ssd-nvme-2-tb-wifi-bt-amd-radeon-rx-9060-xt-16-gb-sin-sistema\/\" \/>\n<meta property=\"og:locale\" content=\"es_MX\" \/>\n<meta property=\"og:type\" content=\"article\" \/>\n<meta property=\"og:title\" content=\"[ Ghia ] &#129351; Amd Ryzen Series Frontier Elite 1.3 \/ Amd Ryzen 9 7900 12 Nucleos Max 5.4 Ghz \/ Enf. Liquido \/ Ram 32 Gb Ddr5 \/ Ssd Nvme 2 Tb \/ Wifi \/ Bt \/ Amd Radeon Rx 9060 Xt 16 Gb \/ Sin Sistema\" \/>\n<meta property=\"og:description\" content=\"Compra Amd Ryzen Series Frontier Elite 1.3 \/ Amd Ryzen 9 7900 12 Nucleos Max 5.4 Ghz \/ Enf. Liquido \/ Ram 32 Gb Ddr5 \/ Ssd Nvme 2 Tb \/ Wifi \/ Bt \/ Amd Radeon Rx 9060 Xt 16 Gb \/ Sin Sistema + Env\u00edo a domicilio + Pago seguro + Garant\u00eda\" \/>\n<meta property=\"og:url\" content=\"https:\/\/compuviper.mx\/tienda\/producto\/ghia-amd-ryzen-series-frontier-elite-1-3-amd-ryzen-9-7900-12-nucleos-max-5-4-ghz-enf-liquido-ram-32-gb-ddr5-ssd-nvme-2-tb-wifi-bt-amd-radeon-rx-9060-xt-16-gb-sin-sistema\/\" \/>\n<meta property=\"og:site_name\" content=\"Compuviper\" \/>\n<meta property=\"article:publisher\" content=\"https:\/\/www.facebook.com\/compuviper\" \/>\n<meta property=\"article:modified_time\" content=\"2026-04-02T07:26:40+00:00\" \/>\n<meta name=\"twitter:card\" content=\"summary_large_image\" \/>\n<meta name=\"twitter:label1\" content=\"Precio\" \/>\n\t<meta name=\"twitter:data1\" content=\"&#36;31,434 con IVA\" \/>\n\t<meta name=\"twitter:label2\" content=\"Availability\" \/>\n\t<meta name=\"twitter:data2\" content=\"In stock\" \/>\n<script type=\"application\/ld+json\" class=\"yoast-schema-graph\">{\"@context\":\"https:\/\/schema.org\",\"@graph\":[{\"@type\":\"WebPage\",\"@id\":\"https:\/\/compuviper.mx\/tienda\/producto\/ghia-amd-ryzen-series-frontier-elite-1-3-amd-ryzen-9-7900-12-nucleos-max-5-4-ghz-enf-liquido-ram-32-gb-ddr5-ssd-nvme-2-tb-wifi-bt-amd-radeon-rx-9060-xt-16-gb-sin-sistema\/\",\"url\":\"https:\/\/compuviper.mx\/tienda\/producto\/ghia-amd-ryzen-series-frontier-elite-1-3-amd-ryzen-9-7900-12-nucleos-max-5-4-ghz-enf-liquido-ram-32-gb-ddr5-ssd-nvme-2-tb-wifi-bt-amd-radeon-rx-9060-xt-16-gb-sin-sistema\/\",\"name\":\"[ Ghia ] &#129351; Amd Ryzen Series Frontier Elite 1.3 \/ Amd Ryzen 9 7900 12 Nucleos Max 5.4 Ghz \/ Enf. Liquido \/ Ram 32 Gb Ddr5 \/ Ssd Nvme 2 Tb \/ Wifi \/ Bt \/ Amd Radeon Rx 9060 Xt 16 Gb \/ Sin Sistema\",\"isPartOf\":{\"@id\":\"https:\/\/compuviper.mx\/tienda\/#website\"},\"datePublished\":\"2026-04-02T07:26:39+00:00\",\"dateModified\":\"2026-04-02T07:26:40+00:00\",\"description\":\"Compra Amd Ryzen Series Frontier Elite 1.3 \/ Amd Ryzen 9 7900 12 Nucleos Max 5.4 Ghz \/ Enf. Liquido \/ Ram 32 Gb Ddr5 \/ Ssd Nvme 2 Tb \/ Wifi \/ Bt \/ Amd Radeon Rx 9060 Xt 16 Gb \/ Sin Sistema + Env\u00edo a domicilio + Pago seguro + Garant\u00eda\",\"breadcrumb\":{\"@id\":\"https:\/\/compuviper.mx\/tienda\/producto\/ghia-amd-ryzen-series-frontier-elite-1-3-amd-ryzen-9-7900-12-nucleos-max-5-4-ghz-enf-liquido-ram-32-gb-ddr5-ssd-nvme-2-tb-wifi-bt-amd-radeon-rx-9060-xt-16-gb-sin-sistema\/#breadcrumb\"},\"inLanguage\":\"es-MX\",\"potentialAction\":[{\"@type\":\"ReadAction\",\"target\":[\"https:\/\/compuviper.mx\/tienda\/producto\/ghia-amd-ryzen-series-frontier-elite-1-3-amd-ryzen-9-7900-12-nucleos-max-5-4-ghz-enf-liquido-ram-32-gb-ddr5-ssd-nvme-2-tb-wifi-bt-amd-radeon-rx-9060-xt-16-gb-sin-sistema\/\"]}]},{\"@type\":\"BreadcrumbList\",\"@id\":\"https:\/\/compuviper.mx\/tienda\/producto\/ghia-amd-ryzen-series-frontier-elite-1-3-amd-ryzen-9-7900-12-nucleos-max-5-4-ghz-enf-liquido-ram-32-gb-ddr5-ssd-nvme-2-tb-wifi-bt-amd-radeon-rx-9060-xt-16-gb-sin-sistema\/#breadcrumb\",\"itemListElement\":[{\"@type\":\"ListItem\",\"position\":1,\"name\":\"Inicio\",\"item\":\"https:\/\/compuviper.mx\/tienda\/\"},{\"@type\":\"ListItem\",\"position\":2,\"name\":\"Productos\",\"item\":\"https:\/\/compuviper.mx\/tienda\/productos\/\"},{\"@type\":\"ListItem\",\"position\":3,\"name\":\"Computadoras\",\"item\":\"https:\/\/compuviper.mx\/tienda\/categoria-producto\/computadoras\/\"},{\"@type\":\"ListItem\",\"position\":4,\"name\":\"Desktop\",\"item\":\"https:\/\/compuviper.mx\/tienda\/categoria-producto\/computadoras\/desktop-computadoras\/\"},{\"@type\":\"ListItem\",\"position\":5,\"name\":\"Ghia Amd Ryzen Series Frontier Elite 1.3 \/ Amd Ryzen 9 7900 12 Nucleos Max 5.4 Ghz \/ Enf. Liquido \/ Ram 32 Gb Ddr5 \/ Ssd Nvme 2 Tb \/ Wifi \/ Bt \/ Amd Radeon Rx 9060 Xt 16 Gb \/ Sin Sistema\"}]},{\"@type\":\"WebSite\",\"@id\":\"https:\/\/compuviper.mx\/tienda\/#website\",\"url\":\"https:\/\/compuviper.mx\/tienda\/\",\"name\":\"Compuviper\",\"description\":\"Proveedor de Computadoras, Laptops, Servidores, Monitores, Puntos de Venta, Teclados,   Impresoras, T\u00f3ner, C\u00e1maras de Seguridad y m\u00e1s en tu tienda en l\u00ednea\",\"publisher\":{\"@id\":\"https:\/\/compuviper.mx\/tienda\/#organization\"},\"potentialAction\":[{\"@type\":\"SearchAction\",\"target\":{\"@type\":\"EntryPoint\",\"urlTemplate\":\"https:\/\/compuviper.mx\/tienda\/?s={search_term_string}\"},\"query-input\":\"required name=search_term_string\"}],\"inLanguage\":\"es-MX\"},{\"@type\":\"Organization\",\"@id\":\"https:\/\/compuviper.mx\/tienda\/#organization\",\"name\":\"Compuviper\",\"url\":\"https:\/\/compuviper.mx\/tienda\/\",\"logo\":{\"@type\":\"ImageObject\",\"inLanguage\":\"es-MX\",\"@id\":\"https:\/\/compuviper.mx\/tienda\/#\/schema\/logo\/image\/\",\"url\":\"https:\/\/compuviper.mx\/tienda\/wp-content\/uploads\/2021\/08\/Logo-Compuviper-10.png\",\"contentUrl\":\"https:\/\/compuviper.mx\/tienda\/wp-content\/uploads\/2021\/08\/Logo-Compuviper-10.png\",\"width\":1000,\"height\":500,\"caption\":\"Compuviper\"},\"image\":{\"@id\":\"https:\/\/compuviper.mx\/tienda\/#\/schema\/logo\/image\/\"},\"sameAs\":[\"https:\/\/www.facebook.com\/compuviper\",\"https:\/\/www.youtube.com\/channel\/UCf73dERp9Y3cfOq7q8BhLjA?view_as=subscriber\"]}]}<\/script>\n<meta property=\"product:brand\" content=\"GHIA\" \/>\n<meta property=\"product:price:amount\" content=\"31434\" \/>\n<meta property=\"product:price:currency\" content=\"MXN\" \/>\n<meta property=\"og:availability\" content=\"instock\" \/>\n<meta property=\"product:availability\" content=\"instock\" \/>\n<meta property=\"product:retailer_item_id\" content=\"AMD RYZEN SERIES\" \/>\n<meta property=\"product:condition\" content=\"new\" \/>\n<!-- \/ Yoast SEO plugin. -->","yoast_head_json":{"title":"[ Ghia ] &#129351; Amd Ryzen Series Frontier Elite 1.3 \/ Amd Ryzen 9 7900 12 Nucleos Max 5.4 Ghz \/ Enf. Liquido \/ Ram 32 Gb Ddr5 \/ Ssd Nvme 2 Tb \/ Wifi \/ Bt \/ Amd Radeon Rx 9060 Xt 16 Gb \/ Sin Sistema","description":"Compra Amd Ryzen Series Frontier Elite 1.3 \/ Amd Ryzen 9 7900 12 Nucleos Max 5.4 Ghz \/ Enf. Liquido \/ Ram 32 Gb Ddr5 \/ Ssd Nvme 2 Tb \/ Wifi \/ Bt \/ Amd Radeon Rx 9060 Xt 16 Gb \/ Sin Sistema + Env\u00edo a domicilio + Pago seguro + Garant\u00eda","robots":{"index":"index","follow":"follow","max-snippet":"max-snippet:-1","max-image-preview":"max-image-preview:large","max-video-preview":"max-video-preview:-1"},"canonical":"https:\/\/compuviper.mx\/tienda\/producto\/ghia-amd-ryzen-series-frontier-elite-1-3-amd-ryzen-9-7900-12-nucleos-max-5-4-ghz-enf-liquido-ram-32-gb-ddr5-ssd-nvme-2-tb-wifi-bt-amd-radeon-rx-9060-xt-16-gb-sin-sistema\/","og_locale":"es_MX","og_type":"article","og_title":"[ Ghia ] &#129351; Amd Ryzen Series Frontier Elite 1.3 \/ Amd Ryzen 9 7900 12 Nucleos Max 5.4 Ghz \/ Enf. Liquido \/ Ram 32 Gb Ddr5 \/ Ssd Nvme 2 Tb \/ Wifi \/ Bt \/ Amd Radeon Rx 9060 Xt 16 Gb \/ Sin Sistema","og_description":"Compra Amd Ryzen Series Frontier Elite 1.3 \/ Amd Ryzen 9 7900 12 Nucleos Max 5.4 Ghz \/ Enf. Liquido \/ Ram 32 Gb Ddr5 \/ Ssd Nvme 2 Tb \/ Wifi \/ Bt \/ Amd Radeon Rx 9060 Xt 16 Gb \/ Sin Sistema + Env\u00edo a domicilio + Pago seguro + Garant\u00eda","og_url":"https:\/\/compuviper.mx\/tienda\/producto\/ghia-amd-ryzen-series-frontier-elite-1-3-amd-ryzen-9-7900-12-nucleos-max-5-4-ghz-enf-liquido-ram-32-gb-ddr5-ssd-nvme-2-tb-wifi-bt-amd-radeon-rx-9060-xt-16-gb-sin-sistema\/","og_site_name":"Compuviper","article_publisher":"https:\/\/www.facebook.com\/compuviper","article_modified_time":"2026-04-02T07:26:40+00:00","twitter_card":"summary_large_image","twitter_misc":{"Precio":"&#36;31,434 con IVA","Availability":"In stock"},"schema":{"@context":"https:\/\/schema.org","@graph":[{"@type":"WebPage","@id":"https:\/\/compuviper.mx\/tienda\/producto\/ghia-amd-ryzen-series-frontier-elite-1-3-amd-ryzen-9-7900-12-nucleos-max-5-4-ghz-enf-liquido-ram-32-gb-ddr5-ssd-nvme-2-tb-wifi-bt-amd-radeon-rx-9060-xt-16-gb-sin-sistema\/","url":"https:\/\/compuviper.mx\/tienda\/producto\/ghia-amd-ryzen-series-frontier-elite-1-3-amd-ryzen-9-7900-12-nucleos-max-5-4-ghz-enf-liquido-ram-32-gb-ddr5-ssd-nvme-2-tb-wifi-bt-amd-radeon-rx-9060-xt-16-gb-sin-sistema\/","name":"[ Ghia ] &#129351; Amd Ryzen Series Frontier Elite 1.3 \/ Amd Ryzen 9 7900 12 Nucleos Max 5.4 Ghz \/ Enf. Liquido \/ Ram 32 Gb Ddr5 \/ Ssd Nvme 2 Tb \/ Wifi \/ Bt \/ Amd Radeon Rx 9060 Xt 16 Gb \/ Sin Sistema","isPartOf":{"@id":"https:\/\/compuviper.mx\/tienda\/#website"},"datePublished":"2026-04-02T07:26:39+00:00","dateModified":"2026-04-02T07:26:40+00:00","description":"Compra Amd Ryzen Series Frontier Elite 1.3 \/ Amd Ryzen 9 7900 12 Nucleos Max 5.4 Ghz \/ Enf. Liquido \/ Ram 32 Gb Ddr5 \/ Ssd Nvme 2 Tb \/ Wifi \/ Bt \/ Amd Radeon Rx 9060 Xt 16 Gb \/ Sin Sistema + Env\u00edo a domicilio + Pago seguro + Garant\u00eda","breadcrumb":{"@id":"https:\/\/compuviper.mx\/tienda\/producto\/ghia-amd-ryzen-series-frontier-elite-1-3-amd-ryzen-9-7900-12-nucleos-max-5-4-ghz-enf-liquido-ram-32-gb-ddr5-ssd-nvme-2-tb-wifi-bt-amd-radeon-rx-9060-xt-16-gb-sin-sistema\/#breadcrumb"},"inLanguage":"es-MX","potentialAction":[{"@type":"ReadAction","target":["https:\/\/compuviper.mx\/tienda\/producto\/ghia-amd-ryzen-series-frontier-elite-1-3-amd-ryzen-9-7900-12-nucleos-max-5-4-ghz-enf-liquido-ram-32-gb-ddr5-ssd-nvme-2-tb-wifi-bt-amd-radeon-rx-9060-xt-16-gb-sin-sistema\/"]}]},{"@type":"BreadcrumbList","@id":"https:\/\/compuviper.mx\/tienda\/producto\/ghia-amd-ryzen-series-frontier-elite-1-3-amd-ryzen-9-7900-12-nucleos-max-5-4-ghz-enf-liquido-ram-32-gb-ddr5-ssd-nvme-2-tb-wifi-bt-amd-radeon-rx-9060-xt-16-gb-sin-sistema\/#breadcrumb","itemListElement":[{"@type":"ListItem","position":1,"name":"Inicio","item":"https:\/\/compuviper.mx\/tienda\/"},{"@type":"ListItem","position":2,"name":"Productos","item":"https:\/\/compuviper.mx\/tienda\/productos\/"},{"@type":"ListItem","position":3,"name":"Computadoras","item":"https:\/\/compuviper.mx\/tienda\/categoria-producto\/computadoras\/"},{"@type":"ListItem","position":4,"name":"Desktop","item":"https:\/\/compuviper.mx\/tienda\/categoria-producto\/computadoras\/desktop-computadoras\/"},{"@type":"ListItem","position":5,"name":"Ghia Amd Ryzen Series Frontier Elite 1.3 \/ Amd Ryzen 9 7900 12 Nucleos Max 5.4 Ghz \/ Enf. Liquido \/ Ram 32 Gb Ddr5 \/ Ssd Nvme 2 Tb \/ Wifi \/ Bt \/ Amd Radeon Rx 9060 Xt 16 Gb \/ Sin Sistema"}]},{"@type":"WebSite","@id":"https:\/\/compuviper.mx\/tienda\/#website","url":"https:\/\/compuviper.mx\/tienda\/","name":"Compuviper","description":"Proveedor de Computadoras, Laptops, Servidores, Monitores, Puntos de Venta, Teclados,   Impresoras, T\u00f3ner, C\u00e1maras de Seguridad y m\u00e1s en tu tienda en l\u00ednea","publisher":{"@id":"https:\/\/compuviper.mx\/tienda\/#organization"},"potentialAction":[{"@type":"SearchAction","target":{"@type":"EntryPoint","urlTemplate":"https:\/\/compuviper.mx\/tienda\/?s={search_term_string}"},"query-input":"required name=search_term_string"}],"inLanguage":"es-MX"},{"@type":"Organization","@id":"https:\/\/compuviper.mx\/tienda\/#organization","name":"Compuviper","url":"https:\/\/compuviper.mx\/tienda\/","logo":{"@type":"ImageObject","inLanguage":"es-MX","@id":"https:\/\/compuviper.mx\/tienda\/#\/schema\/logo\/image\/","url":"https:\/\/compuviper.mx\/tienda\/wp-content\/uploads\/2021\/08\/Logo-Compuviper-10.png","contentUrl":"https:\/\/compuviper.mx\/tienda\/wp-content\/uploads\/2021\/08\/Logo-Compuviper-10.png","width":1000,"height":500,"caption":"Compuviper"},"image":{"@id":"https:\/\/compuviper.mx\/tienda\/#\/schema\/logo\/image\/"},"sameAs":["https:\/\/www.facebook.com\/compuviper","https:\/\/www.youtube.com\/channel\/UCf73dERp9Y3cfOq7q8BhLjA?view_as=subscriber"]}]},"product_brand":"GHIA","product_price_amount":"31434","product_price_currency":"MXN","og_availability":"instock","product_availability":"instock","product_retailer_item_id":"AMD RYZEN SERIES","product_condition":"new"},"_links":{"self":[{"href":"https:\/\/compuviper.mx\/tienda\/wp-json\/wp\/v2\/product\/263631"}],"collection":[{"href":"https:\/\/compuviper.mx\/tienda\/wp-json\/wp\/v2\/product"}],"about":[{"href":"https:\/\/compuviper.mx\/tienda\/wp-json\/wp\/v2\/types\/product"}],"replies":[{"embeddable":true,"href":"https:\/\/compuviper.mx\/tienda\/wp-json\/wp\/v2\/comments?post=263631"}],"wp:attachment":[{"href":"https:\/\/compuviper.mx\/tienda\/wp-json\/wp\/v2\/media?parent=263631"}],"wp:term":[{"taxonomy":"product_cat","embeddable":true,"href":"https:\/\/compuviper.mx\/tienda\/wp-json\/wp\/v2\/product_cat?post=263631"},{"taxonomy":"product_tag","embeddable":true,"href":"https:\/\/compuviper.mx\/tienda\/wp-json\/wp\/v2\/product_tag?post=263631"}],"curies":[{"name":"wp","href":"https:\/\/api.w.org\/{rel}","templated":true}]}}