{"id":263622,"date":"2026-04-18T01:15:37","date_gmt":"2026-04-18T07:15:37","guid":{"rendered":"https:\/\/compuviper.mx\/tienda\/producto\/hikvision-ds-3e1309p-ei-m-switch-poe-monitoreable-8-puertos-10-100-mbps-poe-1-puerto-1000-mbps-uplink-configuracin-nube-hik-partner-pro-modo-extendido-hasta-300-metros-60-w\/"},"modified":"2026-04-18T01:15:37","modified_gmt":"2026-04-18T07:15:37","slug":"hikvision-ds-3e1309p-ei-m-switch-poe-monitoreable-8-puertos-10-100-mbps-poe-1-puerto-1000-mbps-uplink-configuracin-nube-hik-partner-pro-modo-extendido-hasta-300-metros-60-w","status":"publish","type":"product","link":"https:\/\/compuviper.mx\/tienda\/producto\/hikvision-ds-3e1309p-ei-m-switch-poe-monitoreable-8-puertos-10-100-mbps-poe-1-puerto-1000-mbps-uplink-configuracin-nube-hik-partner-pro-modo-extendido-hasta-300-metros-60-w\/","title":{"rendered":"Hikvision Ds-3e1309p-ei\/m  \/ Switch Poe+ \/ Monitoreable \/ 8 Puertos 10\/100 Mbps Poe+ \/ 1 Puerto 1000 Mbps Uplink \/ Configuraci?n Nube Hik-partner Pro \/ Modo Extendido Hasta 300 Metros \/ 60 W"},"content":{"rendered":"<table class=\"descripcion\">\n<tr>\n<td>1. general<\/td>\n<\/tr>\n<tr>\n<td>Par\u00e1metro descripci\u00f3n<\/td>\n<\/tr>\n<tr>\n<td>Material del chasis metal, dise\u00f1o sin ventilador<\/td>\n<\/tr>\n<tr>\n<td>Peso neto 0.4 kg (0.9 lb)<\/td>\n<\/tr>\n<tr>\n<td>Peso bruto 0.9 kg (2.0 lb)<\/td>\n<\/tr>\n<tr>\n<td>Dimensiones (an \u00d7 al \u00d7 pr) 170 \u00d7 27.6 \u00d7 93.1 mm (6.69 \u00d7 1.09 \u00d7 3.67)<\/td>\n<\/tr>\n<tr>\n<td>Temperatura de operaci\u00f3n 0 \u00b0c a 40 \u00b0c (32 \u00b0f a 104 \u00b0f)<\/td>\n<\/tr>\n<tr>\n<td>Temperatura de almacenamiento -40 \u00b0c a 85 \u00b0c (-40 \u00b0f a 185 \u00b0f)<\/td>\n<\/tr>\n<tr>\n<td>Humedad de operaci\u00f3n 5% a 95% (sin condensaci\u00f3n)<\/td>\n<\/tr>\n<tr>\n<td>Humedad relativa 5% a 95% (sin condensaci\u00f3n)<\/td>\n<\/tr>\n<tr>\n<td>Alimentaci\u00f3n 54 v dc, 1.2 a<\/td>\n<\/tr>\n<tr>\n<td>Modo de instalaci\u00f3n escritorio, montaje en pared<\/td>\n<\/tr>\n<tr>\n<td>Consumo m\u00e1ximo 65 w<\/td>\n<\/tr>\n<tr>\n<td>Consumo en reposo 5 w<\/td>\n<\/tr>\n<tr>\n<td>Protecci\u00f3n contra sobretensiones 6 kv<\/td>\n<\/tr>\n<tr>\n<td>2. par\u00e1metros de red<\/td>\n<\/tr>\n<tr>\n<td>Par\u00e1metro descripci\u00f3n<\/td>\n<\/tr>\n<tr>\n<td>Puertos 8 \u00d7 puertos poe 10\/100 mbps, 1 \u00d7 puerto gigabit rj45<\/td>\n<\/tr>\n<tr>\n<td>Tabla de direcciones mac 8 k<\/td>\n<\/tr>\n<tr>\n<td>Capacidad de conmutaci\u00f3n total: 5.6 gbps \/ por puerto: 3.6 gbps<\/td>\n<\/tr>\n<tr>\n<td>Tasa de reenv\u00edo de paquetes total: 4.17 mpps \/ por puerto: 2.68 mpps<\/td>\n<\/tr>\n<tr>\n<td>Cach\u00e9 interna 4 mbits<\/td>\n<\/tr>\n<tr>\n<td>3. alimentaci\u00f3n poe<\/td>\n<\/tr>\n<tr>\n<td>Par\u00e1metro descripci\u00f3n<\/td>\n<\/tr>\n<tr>\n<td>Est\u00e1ndar poe ieee 802.3af, ieee 802.3at<\/td>\n<\/tr>\n<tr>\n<td>Pines de energ\u00eda end-span: 1\/2 (-), 3\/6 (+)<\/td>\n<\/tr>\n<tr>\n<td>Puertos poe puertos 1 al 8<\/td>\n<\/tr>\n<tr>\n<td>Potencia m\u00e1xima por puerto 30 w<\/td>\n<\/tr>\n<tr>\n<td>Presupuesto total de poe 60 w<\/td>\n<\/tr>\n<tr>\n<td>4. funciones de software<\/td>\n<\/tr>\n<tr>\n<td>Funci\u00f3n descripci\u00f3n<\/td>\n<\/tr>\n<tr>\n<td>Long range puertos 1\u00968 hasta 300 m (rendimiento depende de c\u00e1mara\/cable).<\/td>\n<\/tr>\n<tr>\n<td>Hpp (gesti\u00f3n remota) activaci\u00f3n con un clic y gesti\u00f3n remota por hik-partner pro: muestra velocidad de puerto, uso de banda, consumo poe, topolog\u00eda, estado de alarmas, reinicio remoto, modo de largo alcance, actualizaci\u00f3n remota.<\/td>\n<\/tr>\n<tr>\n<td>Aislamiento de puertos los puertos 1\u00968 pueden aislarse entre s\u00ed, pero pueden comunicarse con otros puertos fuera del grupo.<\/td>\n<\/tr>\n<tr>\n<td>Mantenimiento del sistema gesti\u00f3n v\u00eda web, cliente dhcp habilitado por defecto, ip fija super ip (10.180.190.200), compatible con hik-central pro y hik-partner pro, detecci\u00f3n de cable y fallas, admite lldp, mirroring de puertos.<\/td>\n<\/tr>\n<tr>\n<td>Poe watchdog puertos 1\u00968: reinicio autom\u00e1tico de c\u00e1maras sin respuesta.<\/td>\n<\/tr>\n<tr>\n<td>Prevenci\u00f3n de bucles evita loops en la red. soporta stp (802.1d) y rstp (802.1w).<\/td>\n<\/tr>\n<tr>\n<td>Vlan compatible con 802.1q, vlan id 1\u00964094, modos trunk\/access, hasta 4094 vlan.<\/td>\n<\/tr>\n<tr>\n<td>5. certificaciones<\/td>\n<\/tr>\n<tr>\n<td>Categor\u00eda certificaciones<\/td>\n<\/tr>\n<tr>\n<td>Emc ce-emc, en 55032:2015+a11:2020, en iec 61000-3-2:2019, en 61000-3-3:2013+a1:2019, en 50130-4:2011+a1:2014, en 55035:2017+a11:2020<\/td>\n<\/tr>\n<tr>\n<td>Seguridad cb (62368-1), ce-lvd (en 62368-1:2014+a11:2017)<\/td>\n<\/tr>\n<tr>\n<td>Qu\u00edmica \/ medio ambiente ce-rohs, weee, reach<\/td>\n<\/tr>\n<\/table>\n","protected":false},"excerpt":{"rendered":"<p>Los switches de gesti\u00f3n inteligente son desarrollados por hikvision y se caracterizan por su f\u00e1cil administraci\u00f3n y mantenimiento. Con nuestras plataformas de software, puedes implementar, monitorear y ampliar tu sistema de videovigilancia en cualquier momento y lugar. Tambi\u00e9n puedes visualizar la topolog\u00eda de red, supervisar el estado de la red y recibir alarmas de los dispositivos en tiempo real, lo que reduce significativamente los costos de operaci\u00f3n y mantenimiento de la red.<\/p>\n","protected":false},"featured_media":0,"comment_status":"open","ping_status":"open","template":"","meta":[],"product_cat":[1563,1564],"product_tag":[1595],"acf":[],"yoast_head":"<!-- This site is optimized with the Yoast SEO plugin v21.7 - https:\/\/yoast.com\/wordpress\/plugins\/seo\/ -->\n<title>[ Hikvision ] &#129351; Ds-3e1309p-ei\/m \/ Switch Poe+ \/ Monitoreable \/ 8 Puertos 10\/100 Mbps Poe+ \/ 1 Puerto 1000 Mbps Uplink \/ Configuraci\u00f3n Nube Hik-partner Pro \/ Modo Extendido Hasta 300 Metros \/ 60 W<\/title>\n<meta name=\"description\" content=\"Compra Ds-3e1309p-ei\/m \/ Switch Poe+ \/ Monitoreable \/ 8 Puertos 10\/100 Mbps Poe+ \/ 1 Puerto 1000 Mbps Uplink \/ Configuraci\u00f3n Nube Hik-partner Pro \/ Modo Extendido Hasta 300 Metros \/ 60 W + Env\u00edo a domicilio + Pago seguro + Garant\u00eda\" \/>\n<meta name=\"robots\" content=\"index, follow, max-snippet:-1, max-image-preview:large, max-video-preview:-1\" \/>\n<link rel=\"canonical\" href=\"https:\/\/compuviper.mx\/tienda\/producto\/hikvision-ds-3e1309p-ei-m-switch-poe-monitoreable-8-puertos-10-100-mbps-poe-1-puerto-1000-mbps-uplink-configuracin-nube-hik-partner-pro-modo-extendido-hasta-300-metros-60-w\/\" \/>\n<meta property=\"og:locale\" content=\"es_MX\" \/>\n<meta property=\"og:type\" content=\"article\" \/>\n<meta property=\"og:title\" content=\"[ Hikvision ] &#129351; Ds-3e1309p-ei\/m \/ Switch Poe+ \/ Monitoreable \/ 8 Puertos 10\/100 Mbps Poe+ \/ 1 Puerto 1000 Mbps Uplink \/ Configuraci\u00f3n Nube Hik-partner Pro \/ Modo Extendido Hasta 300 Metros \/ 60 W\" \/>\n<meta property=\"og:description\" content=\"Compra Ds-3e1309p-ei\/m \/ Switch Poe+ \/ Monitoreable \/ 8 Puertos 10\/100 Mbps Poe+ \/ 1 Puerto 1000 Mbps Uplink \/ Configuraci\u00f3n Nube Hik-partner Pro \/ Modo Extendido Hasta 300 Metros \/ 60 W + Env\u00edo a domicilio + Pago seguro + Garant\u00eda\" \/>\n<meta property=\"og:url\" content=\"https:\/\/compuviper.mx\/tienda\/producto\/hikvision-ds-3e1309p-ei-m-switch-poe-monitoreable-8-puertos-10-100-mbps-poe-1-puerto-1000-mbps-uplink-configuracin-nube-hik-partner-pro-modo-extendido-hasta-300-metros-60-w\/\" \/>\n<meta property=\"og:site_name\" content=\"Compuviper\" \/>\n<meta property=\"article:publisher\" content=\"https:\/\/www.facebook.com\/compuviper\" \/>\n<meta name=\"twitter:card\" content=\"summary_large_image\" \/>\n<meta name=\"twitter:label1\" content=\"Precio\" \/>\n\t<meta name=\"twitter:data1\" content=\"&#36;1,142 con IVA\" \/>\n\t<meta name=\"twitter:label2\" content=\"Availability\" \/>\n\t<meta name=\"twitter:data2\" content=\"Out of stock\" \/>\n<script type=\"application\/ld+json\" class=\"yoast-schema-graph\">{\"@context\":\"https:\/\/schema.org\",\"@graph\":[{\"@type\":\"WebPage\",\"@id\":\"https:\/\/compuviper.mx\/tienda\/producto\/hikvision-ds-3e1309p-ei-m-switch-poe-monitoreable-8-puertos-10-100-mbps-poe-1-puerto-1000-mbps-uplink-configuracin-nube-hik-partner-pro-modo-extendido-hasta-300-metros-60-w\/\",\"url\":\"https:\/\/compuviper.mx\/tienda\/producto\/hikvision-ds-3e1309p-ei-m-switch-poe-monitoreable-8-puertos-10-100-mbps-poe-1-puerto-1000-mbps-uplink-configuracin-nube-hik-partner-pro-modo-extendido-hasta-300-metros-60-w\/\",\"name\":\"[ Hikvision ] &#129351; Ds-3e1309p-ei\/m \/ Switch Poe+ \/ Monitoreable \/ 8 Puertos 10\/100 Mbps Poe+ \/ 1 Puerto 1000 Mbps Uplink \/ Configuraci\u00f3n Nube Hik-partner Pro \/ Modo Extendido Hasta 300 Metros \/ 60 W\",\"isPartOf\":{\"@id\":\"https:\/\/compuviper.mx\/tienda\/#website\"},\"datePublished\":\"2026-04-18T07:15:37+00:00\",\"dateModified\":\"2026-04-18T07:15:37+00:00\",\"description\":\"Compra Ds-3e1309p-ei\/m \/ Switch Poe+ \/ Monitoreable \/ 8 Puertos 10\/100 Mbps Poe+ \/ 1 Puerto 1000 Mbps Uplink \/ Configuraci\u00f3n Nube Hik-partner Pro \/ Modo Extendido Hasta 300 Metros \/ 60 W + Env\u00edo a domicilio + Pago seguro + Garant\u00eda\",\"breadcrumb\":{\"@id\":\"https:\/\/compuviper.mx\/tienda\/producto\/hikvision-ds-3e1309p-ei-m-switch-poe-monitoreable-8-puertos-10-100-mbps-poe-1-puerto-1000-mbps-uplink-configuracin-nube-hik-partner-pro-modo-extendido-hasta-300-metros-60-w\/#breadcrumb\"},\"inLanguage\":\"es-MX\",\"potentialAction\":[{\"@type\":\"ReadAction\",\"target\":[\"https:\/\/compuviper.mx\/tienda\/producto\/hikvision-ds-3e1309p-ei-m-switch-poe-monitoreable-8-puertos-10-100-mbps-poe-1-puerto-1000-mbps-uplink-configuracin-nube-hik-partner-pro-modo-extendido-hasta-300-metros-60-w\/\"]}]},{\"@type\":\"BreadcrumbList\",\"@id\":\"https:\/\/compuviper.mx\/tienda\/producto\/hikvision-ds-3e1309p-ei-m-switch-poe-monitoreable-8-puertos-10-100-mbps-poe-1-puerto-1000-mbps-uplink-configuracin-nube-hik-partner-pro-modo-extendido-hasta-300-metros-60-w\/#breadcrumb\",\"itemListElement\":[{\"@type\":\"ListItem\",\"position\":1,\"name\":\"Inicio\",\"item\":\"https:\/\/compuviper.mx\/tienda\/\"},{\"@type\":\"ListItem\",\"position\":2,\"name\":\"Productos\",\"item\":\"https:\/\/compuviper.mx\/tienda\/productos\/\"},{\"@type\":\"ListItem\",\"position\":3,\"name\":\"Redes\",\"item\":\"https:\/\/compuviper.mx\/tienda\/categoria-producto\/redes\/\"},{\"@type\":\"ListItem\",\"position\":4,\"name\":\"Switch\",\"item\":\"https:\/\/compuviper.mx\/tienda\/categoria-producto\/redes\/switch\/\"},{\"@type\":\"ListItem\",\"position\":5,\"name\":\"Hikvision Ds-3e1309p-ei\/m \/ Switch Poe+ \/ Monitoreable \/ 8 Puertos 10\/100 Mbps Poe+ \/ 1 Puerto 1000 Mbps Uplink \/ Configuraci?n Nube Hik-partner Pro \/ Modo Extendido Hasta 300 Metros \/ 60 W\"}]},{\"@type\":\"WebSite\",\"@id\":\"https:\/\/compuviper.mx\/tienda\/#website\",\"url\":\"https:\/\/compuviper.mx\/tienda\/\",\"name\":\"Compuviper\",\"description\":\"Proveedor de Computadoras, Laptops, Servidores, Monitores, Puntos de Venta, Teclados,   Impresoras, T\u00f3ner, C\u00e1maras de Seguridad y m\u00e1s en tu tienda en l\u00ednea\",\"publisher\":{\"@id\":\"https:\/\/compuviper.mx\/tienda\/#organization\"},\"potentialAction\":[{\"@type\":\"SearchAction\",\"target\":{\"@type\":\"EntryPoint\",\"urlTemplate\":\"https:\/\/compuviper.mx\/tienda\/?s={search_term_string}\"},\"query-input\":\"required name=search_term_string\"}],\"inLanguage\":\"es-MX\"},{\"@type\":\"Organization\",\"@id\":\"https:\/\/compuviper.mx\/tienda\/#organization\",\"name\":\"Compuviper\",\"url\":\"https:\/\/compuviper.mx\/tienda\/\",\"logo\":{\"@type\":\"ImageObject\",\"inLanguage\":\"es-MX\",\"@id\":\"https:\/\/compuviper.mx\/tienda\/#\/schema\/logo\/image\/\",\"url\":\"https:\/\/compuviper.mx\/tienda\/wp-content\/uploads\/2021\/08\/Logo-Compuviper-10.png\",\"contentUrl\":\"https:\/\/compuviper.mx\/tienda\/wp-content\/uploads\/2021\/08\/Logo-Compuviper-10.png\",\"width\":1000,\"height\":500,\"caption\":\"Compuviper\"},\"image\":{\"@id\":\"https:\/\/compuviper.mx\/tienda\/#\/schema\/logo\/image\/\"},\"sameAs\":[\"https:\/\/www.facebook.com\/compuviper\",\"https:\/\/www.youtube.com\/channel\/UCf73dERp9Y3cfOq7q8BhLjA?view_as=subscriber\"]}]}<\/script>\n<meta property=\"product:brand\" content=\"HIKVISION\" \/>\n<meta property=\"product:price:amount\" content=\"1142\" \/>\n<meta property=\"product:price:currency\" content=\"MXN\" \/>\n<meta property=\"og:availability\" content=\"out of stock\" \/>\n<meta property=\"product:availability\" content=\"out of stock\" \/>\n<meta property=\"product:retailer_item_id\" content=\"DS-3E1309P-EI\/M\" \/>\n<meta property=\"product:condition\" content=\"new\" \/>\n<!-- \/ Yoast SEO plugin. -->","yoast_head_json":{"title":"[ Hikvision ] &#129351; Ds-3e1309p-ei\/m \/ Switch Poe+ \/ Monitoreable \/ 8 Puertos 10\/100 Mbps Poe+ \/ 1 Puerto 1000 Mbps Uplink \/ Configuraci\u00f3n Nube Hik-partner Pro \/ Modo Extendido Hasta 300 Metros \/ 60 W","description":"Compra Ds-3e1309p-ei\/m \/ Switch Poe+ \/ Monitoreable \/ 8 Puertos 10\/100 Mbps Poe+ \/ 1 Puerto 1000 Mbps Uplink \/ Configuraci\u00f3n Nube Hik-partner Pro \/ Modo Extendido Hasta 300 Metros \/ 60 W + Env\u00edo a domicilio + Pago seguro + Garant\u00eda","robots":{"index":"index","follow":"follow","max-snippet":"max-snippet:-1","max-image-preview":"max-image-preview:large","max-video-preview":"max-video-preview:-1"},"canonical":"https:\/\/compuviper.mx\/tienda\/producto\/hikvision-ds-3e1309p-ei-m-switch-poe-monitoreable-8-puertos-10-100-mbps-poe-1-puerto-1000-mbps-uplink-configuracin-nube-hik-partner-pro-modo-extendido-hasta-300-metros-60-w\/","og_locale":"es_MX","og_type":"article","og_title":"[ Hikvision ] &#129351; Ds-3e1309p-ei\/m \/ Switch Poe+ \/ Monitoreable \/ 8 Puertos 10\/100 Mbps Poe+ \/ 1 Puerto 1000 Mbps Uplink \/ Configuraci\u00f3n Nube Hik-partner Pro \/ Modo Extendido Hasta 300 Metros \/ 60 W","og_description":"Compra Ds-3e1309p-ei\/m \/ Switch Poe+ \/ Monitoreable \/ 8 Puertos 10\/100 Mbps Poe+ \/ 1 Puerto 1000 Mbps Uplink \/ Configuraci\u00f3n Nube Hik-partner Pro \/ Modo Extendido Hasta 300 Metros \/ 60 W + Env\u00edo a domicilio + Pago seguro + Garant\u00eda","og_url":"https:\/\/compuviper.mx\/tienda\/producto\/hikvision-ds-3e1309p-ei-m-switch-poe-monitoreable-8-puertos-10-100-mbps-poe-1-puerto-1000-mbps-uplink-configuracin-nube-hik-partner-pro-modo-extendido-hasta-300-metros-60-w\/","og_site_name":"Compuviper","article_publisher":"https:\/\/www.facebook.com\/compuviper","twitter_card":"summary_large_image","twitter_misc":{"Precio":"&#36;1,142 con IVA","Availability":"Out of stock"},"schema":{"@context":"https:\/\/schema.org","@graph":[{"@type":"WebPage","@id":"https:\/\/compuviper.mx\/tienda\/producto\/hikvision-ds-3e1309p-ei-m-switch-poe-monitoreable-8-puertos-10-100-mbps-poe-1-puerto-1000-mbps-uplink-configuracin-nube-hik-partner-pro-modo-extendido-hasta-300-metros-60-w\/","url":"https:\/\/compuviper.mx\/tienda\/producto\/hikvision-ds-3e1309p-ei-m-switch-poe-monitoreable-8-puertos-10-100-mbps-poe-1-puerto-1000-mbps-uplink-configuracin-nube-hik-partner-pro-modo-extendido-hasta-300-metros-60-w\/","name":"[ Hikvision ] &#129351; Ds-3e1309p-ei\/m \/ Switch Poe+ \/ Monitoreable \/ 8 Puertos 10\/100 Mbps Poe+ \/ 1 Puerto 1000 Mbps Uplink \/ Configuraci\u00f3n Nube Hik-partner Pro \/ Modo Extendido Hasta 300 Metros \/ 60 W","isPartOf":{"@id":"https:\/\/compuviper.mx\/tienda\/#website"},"datePublished":"2026-04-18T07:15:37+00:00","dateModified":"2026-04-18T07:15:37+00:00","description":"Compra Ds-3e1309p-ei\/m \/ Switch Poe+ \/ Monitoreable \/ 8 Puertos 10\/100 Mbps Poe+ \/ 1 Puerto 1000 Mbps Uplink \/ Configuraci\u00f3n Nube Hik-partner Pro \/ Modo Extendido Hasta 300 Metros \/ 60 W + Env\u00edo a domicilio + Pago seguro + Garant\u00eda","breadcrumb":{"@id":"https:\/\/compuviper.mx\/tienda\/producto\/hikvision-ds-3e1309p-ei-m-switch-poe-monitoreable-8-puertos-10-100-mbps-poe-1-puerto-1000-mbps-uplink-configuracin-nube-hik-partner-pro-modo-extendido-hasta-300-metros-60-w\/#breadcrumb"},"inLanguage":"es-MX","potentialAction":[{"@type":"ReadAction","target":["https:\/\/compuviper.mx\/tienda\/producto\/hikvision-ds-3e1309p-ei-m-switch-poe-monitoreable-8-puertos-10-100-mbps-poe-1-puerto-1000-mbps-uplink-configuracin-nube-hik-partner-pro-modo-extendido-hasta-300-metros-60-w\/"]}]},{"@type":"BreadcrumbList","@id":"https:\/\/compuviper.mx\/tienda\/producto\/hikvision-ds-3e1309p-ei-m-switch-poe-monitoreable-8-puertos-10-100-mbps-poe-1-puerto-1000-mbps-uplink-configuracin-nube-hik-partner-pro-modo-extendido-hasta-300-metros-60-w\/#breadcrumb","itemListElement":[{"@type":"ListItem","position":1,"name":"Inicio","item":"https:\/\/compuviper.mx\/tienda\/"},{"@type":"ListItem","position":2,"name":"Productos","item":"https:\/\/compuviper.mx\/tienda\/productos\/"},{"@type":"ListItem","position":3,"name":"Redes","item":"https:\/\/compuviper.mx\/tienda\/categoria-producto\/redes\/"},{"@type":"ListItem","position":4,"name":"Switch","item":"https:\/\/compuviper.mx\/tienda\/categoria-producto\/redes\/switch\/"},{"@type":"ListItem","position":5,"name":"Hikvision Ds-3e1309p-ei\/m \/ Switch Poe+ \/ Monitoreable \/ 8 Puertos 10\/100 Mbps Poe+ \/ 1 Puerto 1000 Mbps Uplink \/ Configuraci?n Nube Hik-partner Pro \/ Modo Extendido Hasta 300 Metros \/ 60 W"}]},{"@type":"WebSite","@id":"https:\/\/compuviper.mx\/tienda\/#website","url":"https:\/\/compuviper.mx\/tienda\/","name":"Compuviper","description":"Proveedor de Computadoras, Laptops, Servidores, Monitores, Puntos de Venta, Teclados,   Impresoras, T\u00f3ner, C\u00e1maras de Seguridad y m\u00e1s en tu tienda en l\u00ednea","publisher":{"@id":"https:\/\/compuviper.mx\/tienda\/#organization"},"potentialAction":[{"@type":"SearchAction","target":{"@type":"EntryPoint","urlTemplate":"https:\/\/compuviper.mx\/tienda\/?s={search_term_string}"},"query-input":"required name=search_term_string"}],"inLanguage":"es-MX"},{"@type":"Organization","@id":"https:\/\/compuviper.mx\/tienda\/#organization","name":"Compuviper","url":"https:\/\/compuviper.mx\/tienda\/","logo":{"@type":"ImageObject","inLanguage":"es-MX","@id":"https:\/\/compuviper.mx\/tienda\/#\/schema\/logo\/image\/","url":"https:\/\/compuviper.mx\/tienda\/wp-content\/uploads\/2021\/08\/Logo-Compuviper-10.png","contentUrl":"https:\/\/compuviper.mx\/tienda\/wp-content\/uploads\/2021\/08\/Logo-Compuviper-10.png","width":1000,"height":500,"caption":"Compuviper"},"image":{"@id":"https:\/\/compuviper.mx\/tienda\/#\/schema\/logo\/image\/"},"sameAs":["https:\/\/www.facebook.com\/compuviper","https:\/\/www.youtube.com\/channel\/UCf73dERp9Y3cfOq7q8BhLjA?view_as=subscriber"]}]},"product_brand":"HIKVISION","product_price_amount":"1142","product_price_currency":"MXN","og_availability":"out of stock","product_availability":"out of stock","product_retailer_item_id":"DS-3E1309P-EI\/M","product_condition":"new"},"_links":{"self":[{"href":"https:\/\/compuviper.mx\/tienda\/wp-json\/wp\/v2\/product\/263622"}],"collection":[{"href":"https:\/\/compuviper.mx\/tienda\/wp-json\/wp\/v2\/product"}],"about":[{"href":"https:\/\/compuviper.mx\/tienda\/wp-json\/wp\/v2\/types\/product"}],"replies":[{"embeddable":true,"href":"https:\/\/compuviper.mx\/tienda\/wp-json\/wp\/v2\/comments?post=263622"}],"wp:attachment":[{"href":"https:\/\/compuviper.mx\/tienda\/wp-json\/wp\/v2\/media?parent=263622"}],"wp:term":[{"taxonomy":"product_cat","embeddable":true,"href":"https:\/\/compuviper.mx\/tienda\/wp-json\/wp\/v2\/product_cat?post=263622"},{"taxonomy":"product_tag","embeddable":true,"href":"https:\/\/compuviper.mx\/tienda\/wp-json\/wp\/v2\/product_tag?post=263622"}],"curies":[{"name":"wp","href":"https:\/\/api.w.org\/{rel}","templated":true}]}}