{"id":263606,"date":"2026-04-08T00:04:14","date_gmt":"2026-04-08T06:04:14","guid":{"rendered":"https:\/\/compuviper.mx\/tienda\/producto\/vorago-cln-101-espuma-limpiadora-454-gr\/"},"modified":"2026-04-08T00:04:15","modified_gmt":"2026-04-08T06:04:15","slug":"vorago-cln-101-li-58216452-1-espuma-limpiadora-cln-101-454-gr","status":"publish","type":"product","link":"https:\/\/compuviper.mx\/tienda\/producto\/vorago-cln-101-li-58216452-1-espuma-limpiadora-cln-101-454-gr\/","title":{"rendered":"Vorago Cln-101, Li-58216452-1 Espuma Limpiadora  Cln-101 454 Gr"},"content":{"rendered":"<table class=\"descripcion\">\n<tr>\n<td>Artculo: espuma limpiadora<\/td>\n<\/tr>\n<tr>\n<td>Contenido: 454 g<\/td>\n<\/tr>\n<tr>\n<td>Ingredientes<\/td>\n<\/tr>\n<tr>\n<td>Composicin:<\/td>\n<\/tr>\n<tr>\n<td>Aguadesionizada, jabones blandos,<\/td>\n<\/tr>\n<tr>\n<td>Limoneno, dimetilpolisiloxano suma<\/td>\n<\/tr>\n<tr>\n<td>De componentes: 77, hcfc 13.<\/td>\n<\/tr>\n<tr>\n<td>Uso: cubiertas<\/td>\n<\/tr>\n<tr>\n<td>Caractersticas: no flamable, libre de cfcs,<\/td>\n<\/tr>\n<tr>\n<td>Antibacterial<\/td>\n<\/tr>\n<\/table>\n","protected":false},"excerpt":{"rendered":"<p>La espuma limpiadora cln-101 le da a la cubierta de los equipos un bello acabado brillante, extraordinario efecto antiesttico, agradable aroma y proteccin contra los rayos uv.<\/p>\n","protected":false},"featured_media":0,"comment_status":"open","ping_status":"open","template":"","meta":[],"product_cat":[1619,1627],"product_tag":[2294],"acf":[],"yoast_head":"<!-- This site is optimized with the Yoast SEO plugin v21.7 - https:\/\/yoast.com\/wordpress\/plugins\/seo\/ -->\n<title>[ Vorago ] &#129351; Cln-101, Li-58216452-1 Espuma Limpiadora Cln-101 454 Gr<\/title>\n<meta name=\"description\" content=\"Compra Cln-101, Li-58216452-1 Espuma Limpiadora Cln-101 454 Gr + Env\u00edo a domicilio + Pago seguro + Garant\u00eda\" \/>\n<meta name=\"robots\" content=\"index, follow, max-snippet:-1, max-image-preview:large, max-video-preview:-1\" \/>\n<link rel=\"canonical\" href=\"https:\/\/compuviper.mx\/tienda\/producto\/vorago-cln-101-li-58216452-1-espuma-limpiadora-cln-101-454-gr\/\" \/>\n<meta property=\"og:locale\" content=\"es_MX\" \/>\n<meta property=\"og:type\" content=\"article\" \/>\n<meta property=\"og:title\" content=\"[ Vorago ] &#129351; Cln-101, Li-58216452-1 Espuma Limpiadora Cln-101 454 Gr\" \/>\n<meta property=\"og:description\" content=\"Compra Cln-101, Li-58216452-1 Espuma Limpiadora Cln-101 454 Gr + Env\u00edo a domicilio + Pago seguro + Garant\u00eda\" \/>\n<meta property=\"og:url\" content=\"https:\/\/compuviper.mx\/tienda\/producto\/vorago-cln-101-li-58216452-1-espuma-limpiadora-cln-101-454-gr\/\" \/>\n<meta property=\"og:site_name\" content=\"Compuviper\" \/>\n<meta property=\"article:publisher\" content=\"https:\/\/www.facebook.com\/compuviper\" \/>\n<meta property=\"article:modified_time\" content=\"2026-04-08T06:04:15+00:00\" \/>\n<meta name=\"twitter:card\" content=\"summary_large_image\" \/>\n<meta name=\"twitter:label1\" content=\"Precio\" \/>\n\t<meta name=\"twitter:data1\" content=\"&#36;70 con IVA\" \/>\n\t<meta name=\"twitter:label2\" content=\"Availability\" \/>\n\t<meta name=\"twitter:data2\" content=\"In stock\" \/>\n<script type=\"application\/ld+json\" class=\"yoast-schema-graph\">{\"@context\":\"https:\/\/schema.org\",\"@graph\":[{\"@type\":\"WebPage\",\"@id\":\"https:\/\/compuviper.mx\/tienda\/producto\/vorago-cln-101-li-58216452-1-espuma-limpiadora-cln-101-454-gr\/\",\"url\":\"https:\/\/compuviper.mx\/tienda\/producto\/vorago-cln-101-li-58216452-1-espuma-limpiadora-cln-101-454-gr\/\",\"name\":\"[ Vorago ] &#129351; Cln-101, Li-58216452-1 Espuma Limpiadora Cln-101 454 Gr\",\"isPartOf\":{\"@id\":\"https:\/\/compuviper.mx\/tienda\/#website\"},\"datePublished\":\"2026-04-08T06:04:14+00:00\",\"dateModified\":\"2026-04-08T06:04:15+00:00\",\"description\":\"Compra Cln-101, Li-58216452-1 Espuma Limpiadora Cln-101 454 Gr + Env\u00edo a domicilio + Pago seguro + Garant\u00eda\",\"breadcrumb\":{\"@id\":\"https:\/\/compuviper.mx\/tienda\/producto\/vorago-cln-101-li-58216452-1-espuma-limpiadora-cln-101-454-gr\/#breadcrumb\"},\"inLanguage\":\"es-MX\",\"potentialAction\":[{\"@type\":\"ReadAction\",\"target\":[\"https:\/\/compuviper.mx\/tienda\/producto\/vorago-cln-101-li-58216452-1-espuma-limpiadora-cln-101-454-gr\/\"]}]},{\"@type\":\"BreadcrumbList\",\"@id\":\"https:\/\/compuviper.mx\/tienda\/producto\/vorago-cln-101-li-58216452-1-espuma-limpiadora-cln-101-454-gr\/#breadcrumb\",\"itemListElement\":[{\"@type\":\"ListItem\",\"position\":1,\"name\":\"Inicio\",\"item\":\"https:\/\/compuviper.mx\/tienda\/\"},{\"@type\":\"ListItem\",\"position\":2,\"name\":\"Productos\",\"item\":\"https:\/\/compuviper.mx\/tienda\/productos\/\"},{\"@type\":\"ListItem\",\"position\":3,\"name\":\"Productos De Limpieza\",\"item\":\"https:\/\/compuviper.mx\/tienda\/categoria-producto\/productos-de-limpieza\/\"},{\"@type\":\"ListItem\",\"position\":4,\"name\":\"Limpiadores De Pantallas\",\"item\":\"https:\/\/compuviper.mx\/tienda\/categoria-producto\/productos-de-limpieza\/limpiadores-de-pantallas\/\"},{\"@type\":\"ListItem\",\"position\":5,\"name\":\"Vorago Cln-101, Li-58216452-1 Espuma Limpiadora Cln-101 454 Gr\"}]},{\"@type\":\"WebSite\",\"@id\":\"https:\/\/compuviper.mx\/tienda\/#website\",\"url\":\"https:\/\/compuviper.mx\/tienda\/\",\"name\":\"Compuviper\",\"description\":\"Proveedor de Computadoras, Laptops, Servidores, Monitores, Puntos de Venta, Teclados,   Impresoras, T\u00f3ner, C\u00e1maras de Seguridad y m\u00e1s en tu tienda en l\u00ednea\",\"publisher\":{\"@id\":\"https:\/\/compuviper.mx\/tienda\/#organization\"},\"potentialAction\":[{\"@type\":\"SearchAction\",\"target\":{\"@type\":\"EntryPoint\",\"urlTemplate\":\"https:\/\/compuviper.mx\/tienda\/?s={search_term_string}\"},\"query-input\":\"required name=search_term_string\"}],\"inLanguage\":\"es-MX\"},{\"@type\":\"Organization\",\"@id\":\"https:\/\/compuviper.mx\/tienda\/#organization\",\"name\":\"Compuviper\",\"url\":\"https:\/\/compuviper.mx\/tienda\/\",\"logo\":{\"@type\":\"ImageObject\",\"inLanguage\":\"es-MX\",\"@id\":\"https:\/\/compuviper.mx\/tienda\/#\/schema\/logo\/image\/\",\"url\":\"https:\/\/compuviper.mx\/tienda\/wp-content\/uploads\/2021\/08\/Logo-Compuviper-10.png\",\"contentUrl\":\"https:\/\/compuviper.mx\/tienda\/wp-content\/uploads\/2021\/08\/Logo-Compuviper-10.png\",\"width\":1000,\"height\":500,\"caption\":\"Compuviper\"},\"image\":{\"@id\":\"https:\/\/compuviper.mx\/tienda\/#\/schema\/logo\/image\/\"},\"sameAs\":[\"https:\/\/www.facebook.com\/compuviper\",\"https:\/\/www.youtube.com\/channel\/UCf73dERp9Y3cfOq7q8BhLjA?view_as=subscriber\"]}]}<\/script>\n<meta property=\"product:brand\" content=\"Vorago\" \/>\n<meta property=\"product:price:amount\" content=\"70\" \/>\n<meta property=\"product:price:currency\" content=\"MXN\" \/>\n<meta property=\"og:availability\" content=\"instock\" \/>\n<meta property=\"product:availability\" content=\"instock\" \/>\n<meta property=\"product:retailer_item_id\" content=\"CLN-101, LI-58216452-1\" \/>\n<meta property=\"product:condition\" content=\"new\" \/>\n<!-- \/ Yoast SEO plugin. -->","yoast_head_json":{"title":"[ Vorago ] &#129351; Cln-101, Li-58216452-1 Espuma Limpiadora Cln-101 454 Gr","description":"Compra Cln-101, Li-58216452-1 Espuma Limpiadora Cln-101 454 Gr + Env\u00edo a domicilio + Pago seguro + Garant\u00eda","robots":{"index":"index","follow":"follow","max-snippet":"max-snippet:-1","max-image-preview":"max-image-preview:large","max-video-preview":"max-video-preview:-1"},"canonical":"https:\/\/compuviper.mx\/tienda\/producto\/vorago-cln-101-li-58216452-1-espuma-limpiadora-cln-101-454-gr\/","og_locale":"es_MX","og_type":"article","og_title":"[ Vorago ] &#129351; Cln-101, Li-58216452-1 Espuma Limpiadora Cln-101 454 Gr","og_description":"Compra Cln-101, Li-58216452-1 Espuma Limpiadora Cln-101 454 Gr + Env\u00edo a domicilio + Pago seguro + Garant\u00eda","og_url":"https:\/\/compuviper.mx\/tienda\/producto\/vorago-cln-101-li-58216452-1-espuma-limpiadora-cln-101-454-gr\/","og_site_name":"Compuviper","article_publisher":"https:\/\/www.facebook.com\/compuviper","article_modified_time":"2026-04-08T06:04:15+00:00","twitter_card":"summary_large_image","twitter_misc":{"Precio":"&#36;70 con IVA","Availability":"In stock"},"schema":{"@context":"https:\/\/schema.org","@graph":[{"@type":"WebPage","@id":"https:\/\/compuviper.mx\/tienda\/producto\/vorago-cln-101-li-58216452-1-espuma-limpiadora-cln-101-454-gr\/","url":"https:\/\/compuviper.mx\/tienda\/producto\/vorago-cln-101-li-58216452-1-espuma-limpiadora-cln-101-454-gr\/","name":"[ Vorago ] &#129351; Cln-101, Li-58216452-1 Espuma Limpiadora Cln-101 454 Gr","isPartOf":{"@id":"https:\/\/compuviper.mx\/tienda\/#website"},"datePublished":"2026-04-08T06:04:14+00:00","dateModified":"2026-04-08T06:04:15+00:00","description":"Compra Cln-101, Li-58216452-1 Espuma Limpiadora Cln-101 454 Gr + Env\u00edo a domicilio + Pago seguro + Garant\u00eda","breadcrumb":{"@id":"https:\/\/compuviper.mx\/tienda\/producto\/vorago-cln-101-li-58216452-1-espuma-limpiadora-cln-101-454-gr\/#breadcrumb"},"inLanguage":"es-MX","potentialAction":[{"@type":"ReadAction","target":["https:\/\/compuviper.mx\/tienda\/producto\/vorago-cln-101-li-58216452-1-espuma-limpiadora-cln-101-454-gr\/"]}]},{"@type":"BreadcrumbList","@id":"https:\/\/compuviper.mx\/tienda\/producto\/vorago-cln-101-li-58216452-1-espuma-limpiadora-cln-101-454-gr\/#breadcrumb","itemListElement":[{"@type":"ListItem","position":1,"name":"Inicio","item":"https:\/\/compuviper.mx\/tienda\/"},{"@type":"ListItem","position":2,"name":"Productos","item":"https:\/\/compuviper.mx\/tienda\/productos\/"},{"@type":"ListItem","position":3,"name":"Productos De Limpieza","item":"https:\/\/compuviper.mx\/tienda\/categoria-producto\/productos-de-limpieza\/"},{"@type":"ListItem","position":4,"name":"Limpiadores De Pantallas","item":"https:\/\/compuviper.mx\/tienda\/categoria-producto\/productos-de-limpieza\/limpiadores-de-pantallas\/"},{"@type":"ListItem","position":5,"name":"Vorago Cln-101, Li-58216452-1 Espuma Limpiadora Cln-101 454 Gr"}]},{"@type":"WebSite","@id":"https:\/\/compuviper.mx\/tienda\/#website","url":"https:\/\/compuviper.mx\/tienda\/","name":"Compuviper","description":"Proveedor de Computadoras, Laptops, Servidores, Monitores, Puntos de Venta, Teclados,   Impresoras, T\u00f3ner, C\u00e1maras de Seguridad y m\u00e1s en tu tienda en l\u00ednea","publisher":{"@id":"https:\/\/compuviper.mx\/tienda\/#organization"},"potentialAction":[{"@type":"SearchAction","target":{"@type":"EntryPoint","urlTemplate":"https:\/\/compuviper.mx\/tienda\/?s={search_term_string}"},"query-input":"required name=search_term_string"}],"inLanguage":"es-MX"},{"@type":"Organization","@id":"https:\/\/compuviper.mx\/tienda\/#organization","name":"Compuviper","url":"https:\/\/compuviper.mx\/tienda\/","logo":{"@type":"ImageObject","inLanguage":"es-MX","@id":"https:\/\/compuviper.mx\/tienda\/#\/schema\/logo\/image\/","url":"https:\/\/compuviper.mx\/tienda\/wp-content\/uploads\/2021\/08\/Logo-Compuviper-10.png","contentUrl":"https:\/\/compuviper.mx\/tienda\/wp-content\/uploads\/2021\/08\/Logo-Compuviper-10.png","width":1000,"height":500,"caption":"Compuviper"},"image":{"@id":"https:\/\/compuviper.mx\/tienda\/#\/schema\/logo\/image\/"},"sameAs":["https:\/\/www.facebook.com\/compuviper","https:\/\/www.youtube.com\/channel\/UCf73dERp9Y3cfOq7q8BhLjA?view_as=subscriber"]}]},"product_brand":"Vorago","product_price_amount":"70","product_price_currency":"MXN","og_availability":"instock","product_availability":"instock","product_retailer_item_id":"CLN-101, LI-58216452-1","product_condition":"new"},"_links":{"self":[{"href":"https:\/\/compuviper.mx\/tienda\/wp-json\/wp\/v2\/product\/263606"}],"collection":[{"href":"https:\/\/compuviper.mx\/tienda\/wp-json\/wp\/v2\/product"}],"about":[{"href":"https:\/\/compuviper.mx\/tienda\/wp-json\/wp\/v2\/types\/product"}],"replies":[{"embeddable":true,"href":"https:\/\/compuviper.mx\/tienda\/wp-json\/wp\/v2\/comments?post=263606"}],"wp:attachment":[{"href":"https:\/\/compuviper.mx\/tienda\/wp-json\/wp\/v2\/media?parent=263606"}],"wp:term":[{"taxonomy":"product_cat","embeddable":true,"href":"https:\/\/compuviper.mx\/tienda\/wp-json\/wp\/v2\/product_cat?post=263606"},{"taxonomy":"product_tag","embeddable":true,"href":"https:\/\/compuviper.mx\/tienda\/wp-json\/wp\/v2\/product_tag?post=263606"}],"curies":[{"name":"wp","href":"https:\/\/api.w.org\/{rel}","templated":true}]}}