{"id":263568,"date":"2026-04-10T00:43:15","date_gmt":"2026-04-10T06:43:15","guid":{"rendered":"https:\/\/compuviper.mx\/tienda\/producto\/samsung-lh55ohaosgbxgo8806094540130-monitor-sealizacion-digital-55-oh55a-s-full-hd-1920-x-1080-para-exterior-outdoor-3500-nits-24-7-certificacion-ip56-ik10-hdmi-usb-rj45-rs232-montaj\/"},"modified":"2026-04-10T00:43:15","modified_gmt":"2026-04-10T06:43:15","slug":"samsung-lh55ohaosgbxgo8806094540130-monitor-sealizacion-digital-55-oh55a-s-full-hd-1920-x-1080-para-exterior-outdoor-3500-nits-24-7-certificacion-ip56-ik10-hdmi-usb-rj45-rs232-montaj","status":"publish","type":"product","link":"https:\/\/compuviper.mx\/tienda\/producto\/samsung-lh55ohaosgbxgo8806094540130-monitor-sealizacion-digital-55-oh55a-s-full-hd-1920-x-1080-para-exterior-outdoor-3500-nits-24-7-certificacion-ip56-ik10-hdmi-usb-rj45-rs232-montaj\/","title":{"rendered":"Samsung Lh55ohaosgbxgo,8806094540130 Monitor Se?alizacion Digital  55 Oh55a-s Full Hd ,1,920 X 1,080, Para Exterior\/ Outdoor , 3500 Nits, 24\/7, Certificacion Ip56, Ik10, Hdmi, Usb, Rj45, Rs232, Montaje Se Vende Por Separado"},"content":{"rendered":"<table class=\"descripcion\">\n<tr>\n<td>Pantalla<\/td>\n<\/tr>\n<tr>\n<td>    tama\u00f1o diagonal<\/td>\n<\/tr>\n<tr>\n<td>    55<\/td>\n<\/tr>\n<tr>\n<td>    tipo de panel<\/td>\n<\/tr>\n<tr>\n<td>    va<\/td>\n<\/tr>\n<tr>\n<td>    resoluci\u00f3n<\/td>\n<\/tr>\n<tr>\n<td>    1,920 x 1,080<\/td>\n<\/tr>\n<tr>\n<td>    distancia de pixel (hxv)<\/td>\n<\/tr>\n<tr>\n<td>    0.63 x 0.63<\/td>\n<\/tr>\n<tr>\n<td>    brillo (t\u00edpico)<\/td>\n<\/tr>\n<tr>\n<td>    3500 (pico 4000)<\/td>\n<\/tr>\n<tr>\n<td>    contraste<\/td>\n<\/tr>\n<tr>\n<td>    6,000:1<\/td>\n<\/tr>\n<tr>\n<td>    angulo de visi\u00f3n (h\/v)<\/td>\n<\/tr>\n<tr>\n<td>    178\/178<\/td>\n<\/tr>\n<tr>\n<td>    tiempo de respuesta<\/td>\n<\/tr>\n<tr>\n<td>    6ms<\/td>\n<\/tr>\n<tr>\n<td>    gama de color<\/td>\n<\/tr>\n<tr>\n<td>    72 %<\/td>\n<\/tr>\n<tr>\n<td>    vidrio protegido<\/td>\n<\/tr>\n<tr>\n<td>    0 %<\/td>\n<\/tr>\n<tr>\n<td>    frecuencia de escaneo horizontal<\/td>\n<\/tr>\n<tr>\n<td>    30~136khz(hdmi)<\/td>\n<\/tr>\n<tr>\n<td>    frecuencia m\u00e1xima de pixel<\/td>\n<\/tr>\n<tr>\n<td>    594mhz(hdmi)<\/td>\n<\/tr>\n<tr>\n<td>    frecuencia de escaneo vertical<\/td>\n<\/tr>\n<tr>\n<td>    24~75hz(hdmi)<\/td>\n<\/tr>\n<tr>\n<td>    contrast ratio (dynamic)<\/td>\n<\/tr>\n<tr>\n<td>    mega<\/td>\n<\/tr>\n<tr>\n<td>    soporte de tiempo de funcionamiento<\/td>\n<\/tr>\n<tr>\n<td>    24\/7<\/td>\n<\/tr>\n<tr>\n<td>Conectividad<\/td>\n<\/tr>\n<tr>\n<td>    hdmi entrada<\/td>\n<\/tr>\n<tr>\n<td>    2<\/td>\n<\/tr>\n<tr>\n<td>    versi\u00f3n de hdmi<\/td>\n<\/tr>\n<tr>\n<td>    2<\/td>\n<\/tr>\n<tr>\n<td>    version of hdcp<\/td>\n<\/tr>\n<tr>\n<td>    2.2<\/td>\n<\/tr>\n<tr>\n<td>    usb<\/td>\n<\/tr>\n<tr>\n<td>    1<\/td>\n<\/tr>\n<tr>\n<td>    hdbaset entrada<\/td>\n<\/tr>\n<tr>\n<td>    s\u00ed<\/td>\n<\/tr>\n<tr>\n<td>    salida de audio<\/td>\n<\/tr>\n<tr>\n<td>    miniconector est\u00e9reo<\/td>\n<\/tr>\n<tr>\n<td>    salida de energ\u00eda<\/td>\n<\/tr>\n<tr>\n<td>    no<\/td>\n<\/tr>\n<tr>\n<td>    rs232 entrada<\/td>\n<\/tr>\n<tr>\n<td>    s\u00ed<\/td>\n<\/tr>\n<tr>\n<td>    rs232 salida<\/td>\n<\/tr>\n<tr>\n<td>    s\u00ed<\/td>\n<\/tr>\n<tr>\n<td>    rj45 entrada<\/td>\n<\/tr>\n<tr>\n<td>    s\u00ed<\/td>\n<\/tr>\n<tr>\n<td>    rj45 salida<\/td>\n<\/tr>\n<tr>\n<td>Energ\u00eda<\/td>\n<\/tr>\n<tr>\n<td>    fuente de alimentaci\u00f3n<\/td>\n<\/tr>\n<tr>\n<td>    ac100-240v 50\/60hz<\/td>\n<\/tr>\n<tr>\n<td>    consumo de energ\u00eda (modo encendido)<\/td>\n<\/tr>\n<tr>\n<td>    530w<\/td>\n<\/tr>\n<tr>\n<td>    consumo de energ\u00eda (modo de sue\u00f1o)<\/td>\n<\/tr>\n<tr>\n<td>    0.5w<\/td>\n<\/tr>\n<tr>\n<td>Dimensiones del producto<\/td>\n<\/tr>\n<tr>\n<td>    dimensiones (anxalxp)<\/td>\n<\/tr>\n<tr>\n<td>    1260.6 x 731.4 x 85 mm<\/td>\n<\/tr>\n<tr>\n<td>    dimensi\u00f3n del paquete (anch. x alt. x prof.)<\/td>\n<\/tr>\n<tr>\n<td>    1358 x 845 x 230 mm<\/td>\n<\/tr>\n<tr>\n<td>Peso<\/td>\n<\/tr>\n<tr>\n<td>    peso<\/td>\n<\/tr>\n<tr>\n<td>    46.1 kg<\/td>\n<\/tr>\n<tr>\n<td>    peso del paquete<\/td>\n<\/tr>\n<tr>\n<td>    52.60 kg<\/td>\n<\/tr>\n<tr>\n<td>Condiciones de operaci\u00f3n<\/td>\n<\/tr>\n<tr>\n<td>    temperatura<\/td>\n<\/tr>\n<tr>\n<td>    -30 and #8451;~ 50 and #8451;<\/td>\n<\/tr>\n<tr>\n<td>    humedad<\/td>\n<\/tr>\n<tr>\n<td>    10 % ~ 80 %, sin condensaci\u00f3n<\/td>\n<\/tr>\n<tr>\n<td>Especificaci\u00f3n mec\u00e1nica<\/td>\n<\/tr>\n<tr>\n<td>    montaje vesa<\/td>\n<\/tr>\n<tr>\n<td>    1186 x 560 mm<\/td>\n<\/tr>\n<tr>\n<td>    tama\u00f1o de bisel<\/td>\n<\/tr>\n<tr>\n<td>    24.9mm (t\/b\/l\/r)<\/td>\n<\/tr>\n<tr>\n<td>    bezel color<\/td>\n<\/tr>\n<tr>\n<td>    black<\/td>\n<\/tr>\n<tr>\n<td>    glass thickness<\/td>\n<\/tr>\n<tr>\n<td>    5t<\/td>\n<\/tr>\n<tr>\n<td>    glass film<\/td>\n<\/tr>\n<tr>\n<td>    ag, realidad aumentada, 4\/ and #923;<\/td>\n<\/tr>\n<tr>\n<td>Funci\u00f3n opcional<\/td>\n<\/tr>\n<tr>\n<td>    protection glass<\/td>\n<\/tr>\n<tr>\n<td>    s\u00ed<\/td>\n<\/tr>\n<tr>\n<td>    montaje<\/td>\n<\/tr>\n<tr>\n<td>    se vende por separado<\/td>\n<\/tr>\n<tr>\n<td>Soc<\/td>\n<\/tr>\n<tr>\n<td>    versi\u00f3n de sistema operativo<\/td>\n<\/tr>\n<tr>\n<td>    tizen 5.0<\/td>\n<\/tr>\n<tr>\n<td>    tama\u00f1o de la memoria flash<\/td>\n<\/tr>\n<tr>\n<td>    8gb<\/td>\n<\/tr>\n<tr>\n<td>Certificaci\u00f3n y cumplimiento<\/td>\n<\/tr>\n<tr>\n<td>    emc<\/td>\n<\/tr>\n<tr>\n<td>    clase a<\/td>\n<\/tr>\n<tr>\n<td>    seguridad<\/td>\n<\/tr>\n<tr>\n<td>    60950-1<\/td>\n<\/tr>\n<\/table>\n","protected":false},"excerpt":{"rendered":"<p>Pantalla tama\u00f1o diagonal 55 tipo de panel va resoluci\u00f3n 1,920 x 1,080 distancia de pixel (hxv) 0.63 x 0.63 brillo (t\u00edpico) 3500 (pico 4000) contraste 6,000:1 angulo de visi\u00f3n (h\/v) 178\/178 tiempo de respuesta 6ms gama de color 72 % vidrio protegido 0 % frecuencia de escaneo horizontal 30~136khz(hdmi) frecuencia m\u00e1xima de pixel 594mhz(hdmi) frecuencia [&hellip;]<\/p>\n","protected":false},"featured_media":0,"comment_status":"open","ping_status":"open","template":"","meta":[],"product_cat":[1740,1741],"product_tag":[1743],"acf":[],"yoast_head":"<!-- This site is optimized with the Yoast SEO plugin v21.7 - https:\/\/yoast.com\/wordpress\/plugins\/seo\/ -->\n<title>[ Samsung ] &#129351; Lh55ohaosgbxgo,8806094540130 Monitor Se\u00f1alizacion Digital 55 Oh55a-s Full Hd ,1,920 X 1,080, Para Exterior\/ Outdoor , 3500 Nits, 24\/7, Certificacion Ip56, Ik10, Hdmi, Usb, Rj45, Rs232, Montaje Se Vende Por Separado<\/title>\n<meta name=\"description\" content=\"Compra Lh55ohaosgbxgo,8806094540130 Monitor Se\u00f1alizacion Digital 55 Oh55a-s Full Hd ,1,920 X 1,080, Para Exterior\/ Outdoor , 3500 Nits, 24\/7, Certificacion Ip56, Ik10, Hdmi, Usb, Rj45, Rs232, Montaje Se Vende Por Separado + Env\u00edo a domicilio + Pago seguro + Garant\u00eda\" \/>\n<meta name=\"robots\" content=\"index, follow, max-snippet:-1, max-image-preview:large, max-video-preview:-1\" \/>\n<link rel=\"canonical\" href=\"https:\/\/compuviper.mx\/tienda\/producto\/samsung-lh55ohaosgbxgo8806094540130-monitor-sealizacion-digital-55-oh55a-s-full-hd-1920-x-1080-para-exterior-outdoor-3500-nits-24-7-certificacion-ip56-ik10-hdmi-usb-rj45-rs232-montaj\/\" \/>\n<meta property=\"og:locale\" content=\"es_MX\" \/>\n<meta property=\"og:type\" content=\"article\" \/>\n<meta property=\"og:title\" content=\"[ Samsung ] &#129351; Lh55ohaosgbxgo,8806094540130 Monitor Se\u00f1alizacion Digital 55 Oh55a-s Full Hd ,1,920 X 1,080, Para Exterior\/ Outdoor , 3500 Nits, 24\/7, Certificacion Ip56, Ik10, Hdmi, Usb, Rj45, Rs232, Montaje Se Vende Por Separado\" \/>\n<meta property=\"og:description\" content=\"Compra Lh55ohaosgbxgo,8806094540130 Monitor Se\u00f1alizacion Digital 55 Oh55a-s Full Hd ,1,920 X 1,080, Para Exterior\/ Outdoor , 3500 Nits, 24\/7, Certificacion Ip56, Ik10, Hdmi, Usb, Rj45, Rs232, Montaje Se Vende Por Separado + Env\u00edo a domicilio + Pago seguro + Garant\u00eda\" \/>\n<meta property=\"og:url\" content=\"https:\/\/compuviper.mx\/tienda\/producto\/samsung-lh55ohaosgbxgo8806094540130-monitor-sealizacion-digital-55-oh55a-s-full-hd-1920-x-1080-para-exterior-outdoor-3500-nits-24-7-certificacion-ip56-ik10-hdmi-usb-rj45-rs232-montaj\/\" \/>\n<meta property=\"og:site_name\" content=\"Compuviper\" \/>\n<meta property=\"article:publisher\" content=\"https:\/\/www.facebook.com\/compuviper\" \/>\n<meta name=\"twitter:card\" content=\"summary_large_image\" \/>\n<meta name=\"twitter:label1\" content=\"Precio\" \/>\n\t<meta name=\"twitter:data1\" content=\"&#36;61,464 &#36;55,146 con IVA\" \/>\n\t<meta name=\"twitter:label2\" content=\"Availability\" \/>\n\t<meta name=\"twitter:data2\" content=\"Out of stock\" \/>\n<script type=\"application\/ld+json\" class=\"yoast-schema-graph\">{\"@context\":\"https:\/\/schema.org\",\"@graph\":[{\"@type\":\"WebPage\",\"@id\":\"https:\/\/compuviper.mx\/tienda\/producto\/samsung-lh55ohaosgbxgo8806094540130-monitor-sealizacion-digital-55-oh55a-s-full-hd-1920-x-1080-para-exterior-outdoor-3500-nits-24-7-certificacion-ip56-ik10-hdmi-usb-rj45-rs232-montaj\/\",\"url\":\"https:\/\/compuviper.mx\/tienda\/producto\/samsung-lh55ohaosgbxgo8806094540130-monitor-sealizacion-digital-55-oh55a-s-full-hd-1920-x-1080-para-exterior-outdoor-3500-nits-24-7-certificacion-ip56-ik10-hdmi-usb-rj45-rs232-montaj\/\",\"name\":\"[ Samsung ] &#129351; Lh55ohaosgbxgo,8806094540130 Monitor Se\u00f1alizacion Digital 55 Oh55a-s Full Hd ,1,920 X 1,080, Para Exterior\/ Outdoor , 3500 Nits, 24\/7, Certificacion Ip56, Ik10, Hdmi, Usb, Rj45, Rs232, Montaje Se Vende Por Separado\",\"isPartOf\":{\"@id\":\"https:\/\/compuviper.mx\/tienda\/#website\"},\"datePublished\":\"2026-04-10T06:43:15+00:00\",\"dateModified\":\"2026-04-10T06:43:15+00:00\",\"description\":\"Compra Lh55ohaosgbxgo,8806094540130 Monitor Se\u00f1alizacion Digital 55 Oh55a-s Full Hd ,1,920 X 1,080, Para Exterior\/ Outdoor , 3500 Nits, 24\/7, Certificacion Ip56, Ik10, Hdmi, Usb, Rj45, Rs232, Montaje Se Vende Por Separado + Env\u00edo a domicilio + Pago seguro + Garant\u00eda\",\"breadcrumb\":{\"@id\":\"https:\/\/compuviper.mx\/tienda\/producto\/samsung-lh55ohaosgbxgo8806094540130-monitor-sealizacion-digital-55-oh55a-s-full-hd-1920-x-1080-para-exterior-outdoor-3500-nits-24-7-certificacion-ip56-ik10-hdmi-usb-rj45-rs232-montaj\/#breadcrumb\"},\"inLanguage\":\"es-MX\",\"potentialAction\":[{\"@type\":\"ReadAction\",\"target\":[\"https:\/\/compuviper.mx\/tienda\/producto\/samsung-lh55ohaosgbxgo8806094540130-monitor-sealizacion-digital-55-oh55a-s-full-hd-1920-x-1080-para-exterior-outdoor-3500-nits-24-7-certificacion-ip56-ik10-hdmi-usb-rj45-rs232-montaj\/\"]}]},{\"@type\":\"BreadcrumbList\",\"@id\":\"https:\/\/compuviper.mx\/tienda\/producto\/samsung-lh55ohaosgbxgo8806094540130-monitor-sealizacion-digital-55-oh55a-s-full-hd-1920-x-1080-para-exterior-outdoor-3500-nits-24-7-certificacion-ip56-ik10-hdmi-usb-rj45-rs232-montaj\/#breadcrumb\",\"itemListElement\":[{\"@type\":\"ListItem\",\"position\":1,\"name\":\"Inicio\",\"item\":\"https:\/\/compuviper.mx\/tienda\/\"},{\"@type\":\"ListItem\",\"position\":2,\"name\":\"Productos\",\"item\":\"https:\/\/compuviper.mx\/tienda\/productos\/\"},{\"@type\":\"ListItem\",\"position\":3,\"name\":\"Monitores\",\"item\":\"https:\/\/compuviper.mx\/tienda\/categoria-producto\/monitores\/\"},{\"@type\":\"ListItem\",\"position\":4,\"name\":\"Led\",\"item\":\"https:\/\/compuviper.mx\/tienda\/categoria-producto\/monitores\/led\/\"},{\"@type\":\"ListItem\",\"position\":5,\"name\":\"Samsung Lh55ohaosgbxgo,8806094540130 Monitor Se?alizacion Digital 55 Oh55a-s Full Hd ,1,920 X 1,080, Para Exterior\/ Outdoor , 3500 Nits, 24\/7, Certificacion Ip56, Ik10, Hdmi, Usb, Rj45, Rs232, Montaje Se Vende Por Separado\"}]},{\"@type\":\"WebSite\",\"@id\":\"https:\/\/compuviper.mx\/tienda\/#website\",\"url\":\"https:\/\/compuviper.mx\/tienda\/\",\"name\":\"Compuviper\",\"description\":\"Proveedor de Computadoras, Laptops, Servidores, Monitores, Puntos de Venta, Teclados,   Impresoras, T\u00f3ner, C\u00e1maras de Seguridad y m\u00e1s en tu tienda en l\u00ednea\",\"publisher\":{\"@id\":\"https:\/\/compuviper.mx\/tienda\/#organization\"},\"potentialAction\":[{\"@type\":\"SearchAction\",\"target\":{\"@type\":\"EntryPoint\",\"urlTemplate\":\"https:\/\/compuviper.mx\/tienda\/?s={search_term_string}\"},\"query-input\":\"required name=search_term_string\"}],\"inLanguage\":\"es-MX\"},{\"@type\":\"Organization\",\"@id\":\"https:\/\/compuviper.mx\/tienda\/#organization\",\"name\":\"Compuviper\",\"url\":\"https:\/\/compuviper.mx\/tienda\/\",\"logo\":{\"@type\":\"ImageObject\",\"inLanguage\":\"es-MX\",\"@id\":\"https:\/\/compuviper.mx\/tienda\/#\/schema\/logo\/image\/\",\"url\":\"https:\/\/compuviper.mx\/tienda\/wp-content\/uploads\/2021\/08\/Logo-Compuviper-10.png\",\"contentUrl\":\"https:\/\/compuviper.mx\/tienda\/wp-content\/uploads\/2021\/08\/Logo-Compuviper-10.png\",\"width\":1000,\"height\":500,\"caption\":\"Compuviper\"},\"image\":{\"@id\":\"https:\/\/compuviper.mx\/tienda\/#\/schema\/logo\/image\/\"},\"sameAs\":[\"https:\/\/www.facebook.com\/compuviper\",\"https:\/\/www.youtube.com\/channel\/UCf73dERp9Y3cfOq7q8BhLjA?view_as=subscriber\"]}]}<\/script>\n<meta property=\"product:brand\" content=\"SAMSUNG\" \/>\n<meta property=\"product:price:amount\" content=\"55146\" \/>\n<meta property=\"product:price:currency\" content=\"MXN\" \/>\n<meta property=\"og:availability\" content=\"out of stock\" \/>\n<meta property=\"product:availability\" content=\"out of stock\" \/>\n<meta property=\"product:retailer_item_id\" content=\"LH55OHAOSGBXGO,8806094540130\" \/>\n<meta property=\"product:condition\" content=\"new\" \/>\n<!-- \/ Yoast SEO plugin. -->","yoast_head_json":{"title":"[ Samsung ] &#129351; Lh55ohaosgbxgo,8806094540130 Monitor Se\u00f1alizacion Digital 55 Oh55a-s Full Hd ,1,920 X 1,080, Para Exterior\/ Outdoor , 3500 Nits, 24\/7, Certificacion Ip56, Ik10, Hdmi, Usb, Rj45, Rs232, Montaje Se Vende Por Separado","description":"Compra Lh55ohaosgbxgo,8806094540130 Monitor Se\u00f1alizacion Digital 55 Oh55a-s Full Hd ,1,920 X 1,080, Para Exterior\/ Outdoor , 3500 Nits, 24\/7, Certificacion Ip56, Ik10, Hdmi, Usb, Rj45, Rs232, Montaje Se Vende Por Separado + Env\u00edo a domicilio + Pago seguro + Garant\u00eda","robots":{"index":"index","follow":"follow","max-snippet":"max-snippet:-1","max-image-preview":"max-image-preview:large","max-video-preview":"max-video-preview:-1"},"canonical":"https:\/\/compuviper.mx\/tienda\/producto\/samsung-lh55ohaosgbxgo8806094540130-monitor-sealizacion-digital-55-oh55a-s-full-hd-1920-x-1080-para-exterior-outdoor-3500-nits-24-7-certificacion-ip56-ik10-hdmi-usb-rj45-rs232-montaj\/","og_locale":"es_MX","og_type":"article","og_title":"[ Samsung ] &#129351; Lh55ohaosgbxgo,8806094540130 Monitor Se\u00f1alizacion Digital 55 Oh55a-s Full Hd ,1,920 X 1,080, Para Exterior\/ Outdoor , 3500 Nits, 24\/7, Certificacion Ip56, Ik10, Hdmi, Usb, Rj45, Rs232, Montaje Se Vende Por Separado","og_description":"Compra Lh55ohaosgbxgo,8806094540130 Monitor Se\u00f1alizacion Digital 55 Oh55a-s Full Hd ,1,920 X 1,080, Para Exterior\/ Outdoor , 3500 Nits, 24\/7, Certificacion Ip56, Ik10, Hdmi, Usb, Rj45, Rs232, Montaje Se Vende Por Separado + Env\u00edo a domicilio + Pago seguro + Garant\u00eda","og_url":"https:\/\/compuviper.mx\/tienda\/producto\/samsung-lh55ohaosgbxgo8806094540130-monitor-sealizacion-digital-55-oh55a-s-full-hd-1920-x-1080-para-exterior-outdoor-3500-nits-24-7-certificacion-ip56-ik10-hdmi-usb-rj45-rs232-montaj\/","og_site_name":"Compuviper","article_publisher":"https:\/\/www.facebook.com\/compuviper","twitter_card":"summary_large_image","twitter_misc":{"Precio":"&#36;61,464 &#36;55,146 con IVA","Availability":"Out of stock"},"schema":{"@context":"https:\/\/schema.org","@graph":[{"@type":"WebPage","@id":"https:\/\/compuviper.mx\/tienda\/producto\/samsung-lh55ohaosgbxgo8806094540130-monitor-sealizacion-digital-55-oh55a-s-full-hd-1920-x-1080-para-exterior-outdoor-3500-nits-24-7-certificacion-ip56-ik10-hdmi-usb-rj45-rs232-montaj\/","url":"https:\/\/compuviper.mx\/tienda\/producto\/samsung-lh55ohaosgbxgo8806094540130-monitor-sealizacion-digital-55-oh55a-s-full-hd-1920-x-1080-para-exterior-outdoor-3500-nits-24-7-certificacion-ip56-ik10-hdmi-usb-rj45-rs232-montaj\/","name":"[ Samsung ] &#129351; Lh55ohaosgbxgo,8806094540130 Monitor Se\u00f1alizacion Digital 55 Oh55a-s Full Hd ,1,920 X 1,080, Para Exterior\/ Outdoor , 3500 Nits, 24\/7, Certificacion Ip56, Ik10, Hdmi, Usb, Rj45, Rs232, Montaje Se Vende Por Separado","isPartOf":{"@id":"https:\/\/compuviper.mx\/tienda\/#website"},"datePublished":"2026-04-10T06:43:15+00:00","dateModified":"2026-04-10T06:43:15+00:00","description":"Compra Lh55ohaosgbxgo,8806094540130 Monitor Se\u00f1alizacion Digital 55 Oh55a-s Full Hd ,1,920 X 1,080, Para Exterior\/ Outdoor , 3500 Nits, 24\/7, Certificacion Ip56, Ik10, Hdmi, Usb, Rj45, Rs232, Montaje Se Vende Por Separado + Env\u00edo a domicilio + Pago seguro + Garant\u00eda","breadcrumb":{"@id":"https:\/\/compuviper.mx\/tienda\/producto\/samsung-lh55ohaosgbxgo8806094540130-monitor-sealizacion-digital-55-oh55a-s-full-hd-1920-x-1080-para-exterior-outdoor-3500-nits-24-7-certificacion-ip56-ik10-hdmi-usb-rj45-rs232-montaj\/#breadcrumb"},"inLanguage":"es-MX","potentialAction":[{"@type":"ReadAction","target":["https:\/\/compuviper.mx\/tienda\/producto\/samsung-lh55ohaosgbxgo8806094540130-monitor-sealizacion-digital-55-oh55a-s-full-hd-1920-x-1080-para-exterior-outdoor-3500-nits-24-7-certificacion-ip56-ik10-hdmi-usb-rj45-rs232-montaj\/"]}]},{"@type":"BreadcrumbList","@id":"https:\/\/compuviper.mx\/tienda\/producto\/samsung-lh55ohaosgbxgo8806094540130-monitor-sealizacion-digital-55-oh55a-s-full-hd-1920-x-1080-para-exterior-outdoor-3500-nits-24-7-certificacion-ip56-ik10-hdmi-usb-rj45-rs232-montaj\/#breadcrumb","itemListElement":[{"@type":"ListItem","position":1,"name":"Inicio","item":"https:\/\/compuviper.mx\/tienda\/"},{"@type":"ListItem","position":2,"name":"Productos","item":"https:\/\/compuviper.mx\/tienda\/productos\/"},{"@type":"ListItem","position":3,"name":"Monitores","item":"https:\/\/compuviper.mx\/tienda\/categoria-producto\/monitores\/"},{"@type":"ListItem","position":4,"name":"Led","item":"https:\/\/compuviper.mx\/tienda\/categoria-producto\/monitores\/led\/"},{"@type":"ListItem","position":5,"name":"Samsung Lh55ohaosgbxgo,8806094540130 Monitor Se?alizacion Digital 55 Oh55a-s Full Hd ,1,920 X 1,080, Para Exterior\/ Outdoor , 3500 Nits, 24\/7, Certificacion Ip56, Ik10, Hdmi, Usb, Rj45, Rs232, Montaje Se Vende Por Separado"}]},{"@type":"WebSite","@id":"https:\/\/compuviper.mx\/tienda\/#website","url":"https:\/\/compuviper.mx\/tienda\/","name":"Compuviper","description":"Proveedor de Computadoras, Laptops, Servidores, Monitores, Puntos de Venta, Teclados,   Impresoras, T\u00f3ner, C\u00e1maras de Seguridad y m\u00e1s en tu tienda en l\u00ednea","publisher":{"@id":"https:\/\/compuviper.mx\/tienda\/#organization"},"potentialAction":[{"@type":"SearchAction","target":{"@type":"EntryPoint","urlTemplate":"https:\/\/compuviper.mx\/tienda\/?s={search_term_string}"},"query-input":"required name=search_term_string"}],"inLanguage":"es-MX"},{"@type":"Organization","@id":"https:\/\/compuviper.mx\/tienda\/#organization","name":"Compuviper","url":"https:\/\/compuviper.mx\/tienda\/","logo":{"@type":"ImageObject","inLanguage":"es-MX","@id":"https:\/\/compuviper.mx\/tienda\/#\/schema\/logo\/image\/","url":"https:\/\/compuviper.mx\/tienda\/wp-content\/uploads\/2021\/08\/Logo-Compuviper-10.png","contentUrl":"https:\/\/compuviper.mx\/tienda\/wp-content\/uploads\/2021\/08\/Logo-Compuviper-10.png","width":1000,"height":500,"caption":"Compuviper"},"image":{"@id":"https:\/\/compuviper.mx\/tienda\/#\/schema\/logo\/image\/"},"sameAs":["https:\/\/www.facebook.com\/compuviper","https:\/\/www.youtube.com\/channel\/UCf73dERp9Y3cfOq7q8BhLjA?view_as=subscriber"]}]},"product_brand":"SAMSUNG","product_price_amount":"55146","product_price_currency":"MXN","og_availability":"out of stock","product_availability":"out of stock","product_retailer_item_id":"LH55OHAOSGBXGO,8806094540130","product_condition":"new"},"_links":{"self":[{"href":"https:\/\/compuviper.mx\/tienda\/wp-json\/wp\/v2\/product\/263568"}],"collection":[{"href":"https:\/\/compuviper.mx\/tienda\/wp-json\/wp\/v2\/product"}],"about":[{"href":"https:\/\/compuviper.mx\/tienda\/wp-json\/wp\/v2\/types\/product"}],"replies":[{"embeddable":true,"href":"https:\/\/compuviper.mx\/tienda\/wp-json\/wp\/v2\/comments?post=263568"}],"wp:attachment":[{"href":"https:\/\/compuviper.mx\/tienda\/wp-json\/wp\/v2\/media?parent=263568"}],"wp:term":[{"taxonomy":"product_cat","embeddable":true,"href":"https:\/\/compuviper.mx\/tienda\/wp-json\/wp\/v2\/product_cat?post=263568"},{"taxonomy":"product_tag","embeddable":true,"href":"https:\/\/compuviper.mx\/tienda\/wp-json\/wp\/v2\/product_tag?post=263568"}],"curies":[{"name":"wp","href":"https:\/\/api.w.org\/{rel}","templated":true}]}}