{"id":263513,"date":"2026-05-07T01:15:02","date_gmt":"2026-05-07T07:15:02","guid":{"rendered":"https:\/\/compuviper.mx\/tienda\/producto\/dell-7xnfp-laptop-pro-14-ai-pc-intel-core-ultra-5-255u-12-tops-16-gb-1x16-gb-512-gb-ssd-qcl-14-fhd-win11-pro-1-ao-de-garantia\/"},"modified":"2026-05-07T01:15:02","modified_gmt":"2026-05-07T07:15:02","slug":"dell-7xnfp-laptop-pro-14-intel-core-ultra-5-225u-16gb-de-ram-512gb-ssd-14-pulgadas-windows-11-pro-1-ao-de-garantia-basica","status":"publish","type":"product","link":"https:\/\/compuviper.mx\/tienda\/producto\/dell-7xnfp-laptop-pro-14-intel-core-ultra-5-225u-16gb-de-ram-512gb-ssd-14-pulgadas-windows-11-pro-1-ao-de-garantia-basica\/","title":{"rendered":"Dell 7xnfp Laptop  Pro 14 \/  \/ Intel Core Ultra 5 225u \/ 16gb De Ram \/ 512gb Ssd \/ 14 Pulgadas \/ Windows 11 Pro \/ 1 A?o De Garantia Basica"},"content":{"rendered":"<table class=\"descripcion\">\n<tr>\n<td>Base: dell pro 14 pc14250.<\/td>\n<\/tr>\n<tr>\n<td>N\u00famero de pieza de proveedor: 7xnfp.<\/td>\n<\/tr>\n<tr>\n<td>Procesador: intel core ultra 5 225u (12 n\u00facleos, hasta 4.8 ghz), con npu de 12 tops.<\/td>\n<\/tr>\n<tr>\n<td>Gr\u00e1ficos: intel graphics integrados para intel core ultra 5 225u.<\/td>\n<\/tr>\n<tr>\n<td>Sistema operativo: windows 11 pro.<\/td>\n<\/tr>\n<tr>\n<td>Memoria ram: 16 gb ddr5 (1 x 16 gb), 5600 mt\/s (5200 mt\/s con procesadores intel core).<\/td>\n<\/tr>\n<tr>\n<td>Almacenamiento: 512 gb ssd (qlc).<\/td>\n<\/tr>\n<tr>\n<td>Pantalla: 14 pulgadas, sin funci\u00f3n t\u00e1ctil (non-touch), fhd+, ips, 300 nits, 45% ntsc, antirreflejo (anti-glare), c\u00e1mara fhd.<\/td>\n<\/tr>\n<tr>\n<td>Teclado: espa\u00f1ol (latinoam\u00e9rica) sin retroiluminaci\u00f3n (non-backlit) con tecla copilot.<\/td>\n<\/tr>\n<tr>\n<td>Seguridad y manejabilidad: military standard: mil-std 810h.<\/td>\n<\/tr>\n<tr>\n<td>Conectividad inal\u00e1mbrica (wireless\/bluetooth): intel wi-fi 6e ax211, 2&#215;2, 802.11ax, bluetooth 5.3 wireless card.<\/td>\n<\/tr>\n<tr>\n<td>Adaptador de ca: 65w ac adapter, type-c.<\/td>\n<\/tr>\n<tr>\n<td>Bater\u00eda: 3 celdas, 45 wh, compatible con expresscharge.<\/td>\n<\/tr>\n<tr>\n<td>Puertos usb:<\/td>\n<\/tr>\n<tr>\n<td>(1) usb 3.2 gen 1 (5 gbps).<\/td>\n<\/tr>\n<tr>\n<td>(1) usb 3.2 gen 1 (5 gbps) con powershare.<\/td>\n<\/tr>\n<tr>\n<td>(1) usb 3.2 gen 2 (10 gbps) type-c con displayport alt mode\/power delivery.<\/td>\n<\/tr>\n<tr>\n<td>(1) thunderbolt 4 (40 gbps) con displayport alt mode\/usb type-c\/usb4\/power del.<\/td>\n<\/tr>\n<tr>\n<td>Puerto hdmi: one hdmi 2.1.<\/td>\n<\/tr>\n<tr>\n<td>Software incluido: activar microsoft 365 para una prueba de 30 d\u00edas.<\/td>\n<\/tr>\n<tr>\n<td>Color: black (negro).<\/td>\n<\/tr>\n<tr>\n<td>Garant\u00eda y soporte: 1 a\u00f1o de servicio hardware con onsite sns-la.<\/td>\n<\/tr>\n<\/table>\n","protected":false},"excerpt":{"rendered":"<p>Dell pro 14 pc14250: port\u00e1til compacto con core ultra 5, 12 tops de ia y puerto thunderbolt 4. Este port\u00e1til de 14 pulgadas no t\u00e1ctil est\u00e1 dise\u00f1ado para la productividad empresarial bajo windows 11 pro. Est\u00e1 impulsado por un procesador intel core ultra 5 que incluye una npu de 12 tops para acelerar aplicaciones de inteligencia artificial. Cuenta con 16 gb de memoria ddr5 y un ssd de 512 gb. La conectividad es excelente gracias a wi-fi 6e y un puerto thunderbolt 4 vers\u00e1til que soporta transferencia de datos, v\u00eddeo y alimentaci\u00f3n. El equipo cumple con el est\u00e1ndar militar mil-std 810h para mayor durabilidad y est\u00e1 cubierto por 1 a\u00f1o de servicio hardware en el sitio. Esta configuraci\u00f3n es una soluci\u00f3n robusta y moderna para profesionales m\u00f3viles.<\/p>\n","protected":false},"featured_media":0,"comment_status":"open","ping_status":"open","template":"","meta":[],"product_cat":[1886,1887],"product_tag":[1537],"acf":[],"yoast_head":"<!-- This site is optimized with the Yoast SEO plugin v21.7 - https:\/\/yoast.com\/wordpress\/plugins\/seo\/ -->\n<title>[ Dell ] &#129351; 7xnfp Laptop Pro 14 \/ \/ Intel Core Ultra 5 225u \/ 16gb De Ram \/ 512gb Ssd \/ 14 Pulgadas \/ Windows 11 Pro \/ 1 A\u00f1o De Garantia Basica<\/title>\n<meta name=\"description\" content=\"Compra 7xnfp Laptop Pro 14 \/ \/ Intel Core Ultra 5 225u \/ 16gb De Ram \/ 512gb Ssd \/ 14 Pulgadas \/ Windows 11 Pro \/ 1 A\u00f1o De Garantia Basica + Env\u00edo a domicilio + Pago seguro + Garant\u00eda\" \/>\n<meta name=\"robots\" content=\"index, follow, max-snippet:-1, max-image-preview:large, max-video-preview:-1\" \/>\n<link rel=\"canonical\" href=\"https:\/\/compuviper.mx\/tienda\/producto\/dell-7xnfp-laptop-pro-14-intel-core-ultra-5-225u-16gb-de-ram-512gb-ssd-14-pulgadas-windows-11-pro-1-ao-de-garantia-basica\/\" \/>\n<meta property=\"og:locale\" content=\"es_MX\" \/>\n<meta property=\"og:type\" content=\"article\" \/>\n<meta property=\"og:title\" content=\"[ Dell ] &#129351; 7xnfp Laptop Pro 14 \/ \/ Intel Core Ultra 5 225u \/ 16gb De Ram \/ 512gb Ssd \/ 14 Pulgadas \/ Windows 11 Pro \/ 1 A\u00f1o De Garantia Basica\" \/>\n<meta property=\"og:description\" content=\"Compra 7xnfp Laptop Pro 14 \/ \/ Intel Core Ultra 5 225u \/ 16gb De Ram \/ 512gb Ssd \/ 14 Pulgadas \/ Windows 11 Pro \/ 1 A\u00f1o De Garantia Basica + Env\u00edo a domicilio + Pago seguro + Garant\u00eda\" \/>\n<meta property=\"og:url\" content=\"https:\/\/compuviper.mx\/tienda\/producto\/dell-7xnfp-laptop-pro-14-intel-core-ultra-5-225u-16gb-de-ram-512gb-ssd-14-pulgadas-windows-11-pro-1-ao-de-garantia-basica\/\" \/>\n<meta property=\"og:site_name\" content=\"Compuviper\" \/>\n<meta property=\"article:publisher\" content=\"https:\/\/www.facebook.com\/compuviper\" \/>\n<meta name=\"twitter:card\" content=\"summary_large_image\" \/>\n<meta name=\"twitter:label1\" content=\"Precio\" \/>\n\t<meta name=\"twitter:data1\" content=\"&#36;18,375 &#36;18,147 con IVA\" \/>\n\t<meta name=\"twitter:label2\" content=\"Availability\" \/>\n\t<meta name=\"twitter:data2\" content=\"In stock\" \/>\n<script type=\"application\/ld+json\" class=\"yoast-schema-graph\">{\"@context\":\"https:\/\/schema.org\",\"@graph\":[{\"@type\":\"WebPage\",\"@id\":\"https:\/\/compuviper.mx\/tienda\/producto\/dell-7xnfp-laptop-pro-14-intel-core-ultra-5-225u-16gb-de-ram-512gb-ssd-14-pulgadas-windows-11-pro-1-ao-de-garantia-basica\/\",\"url\":\"https:\/\/compuviper.mx\/tienda\/producto\/dell-7xnfp-laptop-pro-14-intel-core-ultra-5-225u-16gb-de-ram-512gb-ssd-14-pulgadas-windows-11-pro-1-ao-de-garantia-basica\/\",\"name\":\"[ Dell ] &#129351; 7xnfp Laptop Pro 14 \/ \/ Intel Core Ultra 5 225u \/ 16gb De Ram \/ 512gb Ssd \/ 14 Pulgadas \/ Windows 11 Pro \/ 1 A\u00f1o De Garantia Basica\",\"isPartOf\":{\"@id\":\"https:\/\/compuviper.mx\/tienda\/#website\"},\"datePublished\":\"2026-05-07T07:15:02+00:00\",\"dateModified\":\"2026-05-07T07:15:02+00:00\",\"description\":\"Compra 7xnfp Laptop Pro 14 \/ \/ Intel Core Ultra 5 225u \/ 16gb De Ram \/ 512gb Ssd \/ 14 Pulgadas \/ Windows 11 Pro \/ 1 A\u00f1o De Garantia Basica + Env\u00edo a domicilio + Pago seguro + Garant\u00eda\",\"breadcrumb\":{\"@id\":\"https:\/\/compuviper.mx\/tienda\/producto\/dell-7xnfp-laptop-pro-14-intel-core-ultra-5-225u-16gb-de-ram-512gb-ssd-14-pulgadas-windows-11-pro-1-ao-de-garantia-basica\/#breadcrumb\"},\"inLanguage\":\"es-MX\",\"potentialAction\":[{\"@type\":\"ReadAction\",\"target\":[\"https:\/\/compuviper.mx\/tienda\/producto\/dell-7xnfp-laptop-pro-14-intel-core-ultra-5-225u-16gb-de-ram-512gb-ssd-14-pulgadas-windows-11-pro-1-ao-de-garantia-basica\/\"]}]},{\"@type\":\"BreadcrumbList\",\"@id\":\"https:\/\/compuviper.mx\/tienda\/producto\/dell-7xnfp-laptop-pro-14-intel-core-ultra-5-225u-16gb-de-ram-512gb-ssd-14-pulgadas-windows-11-pro-1-ao-de-garantia-basica\/#breadcrumb\",\"itemListElement\":[{\"@type\":\"ListItem\",\"position\":1,\"name\":\"Inicio\",\"item\":\"https:\/\/compuviper.mx\/tienda\/\"},{\"@type\":\"ListItem\",\"position\":2,\"name\":\"Productos\",\"item\":\"https:\/\/compuviper.mx\/tienda\/productos\/\"},{\"@type\":\"ListItem\",\"position\":3,\"name\":\"Laptops\",\"item\":\"https:\/\/compuviper.mx\/tienda\/categoria-producto\/laptops\/\"},{\"@type\":\"ListItem\",\"position\":4,\"name\":\"Notebook\",\"item\":\"https:\/\/compuviper.mx\/tienda\/categoria-producto\/laptops\/notebook-laptops\/\"},{\"@type\":\"ListItem\",\"position\":5,\"name\":\"Dell 7xnfp Laptop Pro 14 \/ \/ Intel Core Ultra 5 225u \/ 16gb De Ram \/ 512gb Ssd \/ 14 Pulgadas \/ Windows 11 Pro \/ 1 A?o De Garantia Basica\"}]},{\"@type\":\"WebSite\",\"@id\":\"https:\/\/compuviper.mx\/tienda\/#website\",\"url\":\"https:\/\/compuviper.mx\/tienda\/\",\"name\":\"Compuviper\",\"description\":\"Proveedor de Computadoras, Laptops, Servidores, Monitores, Puntos de Venta, Teclados,   Impresoras, T\u00f3ner, C\u00e1maras de Seguridad y m\u00e1s en tu tienda en l\u00ednea\",\"publisher\":{\"@id\":\"https:\/\/compuviper.mx\/tienda\/#organization\"},\"potentialAction\":[{\"@type\":\"SearchAction\",\"target\":{\"@type\":\"EntryPoint\",\"urlTemplate\":\"https:\/\/compuviper.mx\/tienda\/?s={search_term_string}\"},\"query-input\":\"required name=search_term_string\"}],\"inLanguage\":\"es-MX\"},{\"@type\":\"Organization\",\"@id\":\"https:\/\/compuviper.mx\/tienda\/#organization\",\"name\":\"Compuviper\",\"url\":\"https:\/\/compuviper.mx\/tienda\/\",\"logo\":{\"@type\":\"ImageObject\",\"inLanguage\":\"es-MX\",\"@id\":\"https:\/\/compuviper.mx\/tienda\/#\/schema\/logo\/image\/\",\"url\":\"https:\/\/compuviper.mx\/tienda\/wp-content\/uploads\/2021\/08\/Logo-Compuviper-10.png\",\"contentUrl\":\"https:\/\/compuviper.mx\/tienda\/wp-content\/uploads\/2021\/08\/Logo-Compuviper-10.png\",\"width\":1000,\"height\":500,\"caption\":\"Compuviper\"},\"image\":{\"@id\":\"https:\/\/compuviper.mx\/tienda\/#\/schema\/logo\/image\/\"},\"sameAs\":[\"https:\/\/www.facebook.com\/compuviper\",\"https:\/\/www.youtube.com\/channel\/UCf73dERp9Y3cfOq7q8BhLjA?view_as=subscriber\"]}]}<\/script>\n<meta property=\"product:brand\" content=\"DELL\" \/>\n<meta property=\"product:price:amount\" content=\"18147\" \/>\n<meta property=\"product:price:currency\" content=\"MXN\" \/>\n<meta property=\"og:availability\" content=\"instock\" \/>\n<meta property=\"product:availability\" content=\"instock\" \/>\n<meta property=\"product:retailer_item_id\" content=\"7XNFP\" \/>\n<meta property=\"product:condition\" content=\"new\" \/>\n<!-- \/ Yoast SEO plugin. -->","yoast_head_json":{"title":"[ Dell ] &#129351; 7xnfp Laptop Pro 14 \/ \/ Intel Core Ultra 5 225u \/ 16gb De Ram \/ 512gb Ssd \/ 14 Pulgadas \/ Windows 11 Pro \/ 1 A\u00f1o De Garantia Basica","description":"Compra 7xnfp Laptop Pro 14 \/ \/ Intel Core Ultra 5 225u \/ 16gb De Ram \/ 512gb Ssd \/ 14 Pulgadas \/ Windows 11 Pro \/ 1 A\u00f1o De Garantia Basica + Env\u00edo a domicilio + Pago seguro + Garant\u00eda","robots":{"index":"index","follow":"follow","max-snippet":"max-snippet:-1","max-image-preview":"max-image-preview:large","max-video-preview":"max-video-preview:-1"},"canonical":"https:\/\/compuviper.mx\/tienda\/producto\/dell-7xnfp-laptop-pro-14-intel-core-ultra-5-225u-16gb-de-ram-512gb-ssd-14-pulgadas-windows-11-pro-1-ao-de-garantia-basica\/","og_locale":"es_MX","og_type":"article","og_title":"[ Dell ] &#129351; 7xnfp Laptop Pro 14 \/ \/ Intel Core Ultra 5 225u \/ 16gb De Ram \/ 512gb Ssd \/ 14 Pulgadas \/ Windows 11 Pro \/ 1 A\u00f1o De Garantia Basica","og_description":"Compra 7xnfp Laptop Pro 14 \/ \/ Intel Core Ultra 5 225u \/ 16gb De Ram \/ 512gb Ssd \/ 14 Pulgadas \/ Windows 11 Pro \/ 1 A\u00f1o De Garantia Basica + Env\u00edo a domicilio + Pago seguro + Garant\u00eda","og_url":"https:\/\/compuviper.mx\/tienda\/producto\/dell-7xnfp-laptop-pro-14-intel-core-ultra-5-225u-16gb-de-ram-512gb-ssd-14-pulgadas-windows-11-pro-1-ao-de-garantia-basica\/","og_site_name":"Compuviper","article_publisher":"https:\/\/www.facebook.com\/compuviper","twitter_card":"summary_large_image","twitter_misc":{"Precio":"&#36;18,375 &#36;18,147 con IVA","Availability":"In stock"},"schema":{"@context":"https:\/\/schema.org","@graph":[{"@type":"WebPage","@id":"https:\/\/compuviper.mx\/tienda\/producto\/dell-7xnfp-laptop-pro-14-intel-core-ultra-5-225u-16gb-de-ram-512gb-ssd-14-pulgadas-windows-11-pro-1-ao-de-garantia-basica\/","url":"https:\/\/compuviper.mx\/tienda\/producto\/dell-7xnfp-laptop-pro-14-intel-core-ultra-5-225u-16gb-de-ram-512gb-ssd-14-pulgadas-windows-11-pro-1-ao-de-garantia-basica\/","name":"[ Dell ] &#129351; 7xnfp Laptop Pro 14 \/ \/ Intel Core Ultra 5 225u \/ 16gb De Ram \/ 512gb Ssd \/ 14 Pulgadas \/ Windows 11 Pro \/ 1 A\u00f1o De Garantia Basica","isPartOf":{"@id":"https:\/\/compuviper.mx\/tienda\/#website"},"datePublished":"2026-05-07T07:15:02+00:00","dateModified":"2026-05-07T07:15:02+00:00","description":"Compra 7xnfp Laptop Pro 14 \/ \/ Intel Core Ultra 5 225u \/ 16gb De Ram \/ 512gb Ssd \/ 14 Pulgadas \/ Windows 11 Pro \/ 1 A\u00f1o De Garantia Basica + Env\u00edo a domicilio + Pago seguro + Garant\u00eda","breadcrumb":{"@id":"https:\/\/compuviper.mx\/tienda\/producto\/dell-7xnfp-laptop-pro-14-intel-core-ultra-5-225u-16gb-de-ram-512gb-ssd-14-pulgadas-windows-11-pro-1-ao-de-garantia-basica\/#breadcrumb"},"inLanguage":"es-MX","potentialAction":[{"@type":"ReadAction","target":["https:\/\/compuviper.mx\/tienda\/producto\/dell-7xnfp-laptop-pro-14-intel-core-ultra-5-225u-16gb-de-ram-512gb-ssd-14-pulgadas-windows-11-pro-1-ao-de-garantia-basica\/"]}]},{"@type":"BreadcrumbList","@id":"https:\/\/compuviper.mx\/tienda\/producto\/dell-7xnfp-laptop-pro-14-intel-core-ultra-5-225u-16gb-de-ram-512gb-ssd-14-pulgadas-windows-11-pro-1-ao-de-garantia-basica\/#breadcrumb","itemListElement":[{"@type":"ListItem","position":1,"name":"Inicio","item":"https:\/\/compuviper.mx\/tienda\/"},{"@type":"ListItem","position":2,"name":"Productos","item":"https:\/\/compuviper.mx\/tienda\/productos\/"},{"@type":"ListItem","position":3,"name":"Laptops","item":"https:\/\/compuviper.mx\/tienda\/categoria-producto\/laptops\/"},{"@type":"ListItem","position":4,"name":"Notebook","item":"https:\/\/compuviper.mx\/tienda\/categoria-producto\/laptops\/notebook-laptops\/"},{"@type":"ListItem","position":5,"name":"Dell 7xnfp Laptop Pro 14 \/ \/ Intel Core Ultra 5 225u \/ 16gb De Ram \/ 512gb Ssd \/ 14 Pulgadas \/ Windows 11 Pro \/ 1 A?o De Garantia Basica"}]},{"@type":"WebSite","@id":"https:\/\/compuviper.mx\/tienda\/#website","url":"https:\/\/compuviper.mx\/tienda\/","name":"Compuviper","description":"Proveedor de Computadoras, Laptops, Servidores, Monitores, Puntos de Venta, Teclados,   Impresoras, T\u00f3ner, C\u00e1maras de Seguridad y m\u00e1s en tu tienda en l\u00ednea","publisher":{"@id":"https:\/\/compuviper.mx\/tienda\/#organization"},"potentialAction":[{"@type":"SearchAction","target":{"@type":"EntryPoint","urlTemplate":"https:\/\/compuviper.mx\/tienda\/?s={search_term_string}"},"query-input":"required name=search_term_string"}],"inLanguage":"es-MX"},{"@type":"Organization","@id":"https:\/\/compuviper.mx\/tienda\/#organization","name":"Compuviper","url":"https:\/\/compuviper.mx\/tienda\/","logo":{"@type":"ImageObject","inLanguage":"es-MX","@id":"https:\/\/compuviper.mx\/tienda\/#\/schema\/logo\/image\/","url":"https:\/\/compuviper.mx\/tienda\/wp-content\/uploads\/2021\/08\/Logo-Compuviper-10.png","contentUrl":"https:\/\/compuviper.mx\/tienda\/wp-content\/uploads\/2021\/08\/Logo-Compuviper-10.png","width":1000,"height":500,"caption":"Compuviper"},"image":{"@id":"https:\/\/compuviper.mx\/tienda\/#\/schema\/logo\/image\/"},"sameAs":["https:\/\/www.facebook.com\/compuviper","https:\/\/www.youtube.com\/channel\/UCf73dERp9Y3cfOq7q8BhLjA?view_as=subscriber"]}]},"product_brand":"DELL","product_price_amount":"18147","product_price_currency":"MXN","og_availability":"instock","product_availability":"instock","product_retailer_item_id":"7XNFP","product_condition":"new"},"_links":{"self":[{"href":"https:\/\/compuviper.mx\/tienda\/wp-json\/wp\/v2\/product\/263513"}],"collection":[{"href":"https:\/\/compuviper.mx\/tienda\/wp-json\/wp\/v2\/product"}],"about":[{"href":"https:\/\/compuviper.mx\/tienda\/wp-json\/wp\/v2\/types\/product"}],"replies":[{"embeddable":true,"href":"https:\/\/compuviper.mx\/tienda\/wp-json\/wp\/v2\/comments?post=263513"}],"wp:attachment":[{"href":"https:\/\/compuviper.mx\/tienda\/wp-json\/wp\/v2\/media?parent=263513"}],"wp:term":[{"taxonomy":"product_cat","embeddable":true,"href":"https:\/\/compuviper.mx\/tienda\/wp-json\/wp\/v2\/product_cat?post=263513"},{"taxonomy":"product_tag","embeddable":true,"href":"https:\/\/compuviper.mx\/tienda\/wp-json\/wp\/v2\/product_tag?post=263513"}],"curies":[{"name":"wp","href":"https:\/\/api.w.org\/{rel}","templated":true}]}}