{"id":263511,"date":"2026-04-02T00:54:36","date_gmt":"2026-04-02T06:54:36","guid":{"rendered":"https:\/\/compuviper.mx\/tienda\/producto\/lg-45gx90sa-b-monitor-pc-gaming-curvo-ultragear-oled-45pu240hz3440x1440219800rtr-0-03msgtg275cd-m215000001dci-p3-98-5hdr400hdmiusb-cdpamd-freesyncnvidia-g-syncwebosaltavoz-7wx2\/"},"modified":"2026-04-02T00:54:37","modified_gmt":"2026-04-02T06:54:37","slug":"lg-45gx90sa-b-monitor-pc-gaming-curvo-ultragear-oled-45pu240hz3440x1440219800rtr-0-03msgtg275cd-m215000001dci-p3-98-5hdr400hdmiusb-cdpamd-freesyncnvidia-g-syncwebosaltavoz-7wx2","status":"publish","type":"product","link":"https:\/\/compuviper.mx\/tienda\/producto\/lg-45gx90sa-b-monitor-pc-gaming-curvo-ultragear-oled-45pu240hz3440x1440219800rtr-0-03msgtg275cd-m215000001dci-p3-98-5hdr400hdmiusb-cdpamd-freesyncnvidia-g-syncwebosaltavoz-7wx2\/","title":{"rendered":"Lg 45gx90sa-b Monitor Pc   Gaming Curvo Ultragear Oled 45pu,240hz,3440&#215;1440,21:9,800r,tr 0.03ms(gtg),275cd\/m2,1500000:1,dci-p3 98.5%,hdr400,hdmi,usb-c,dp,amd Freesync,nvidia G-sync,webos,altavoz 7wx2"},"content":{"rendered":"<table class=\"descripcion\">\n<tr>\n<td>Informaci\u00f3n tecnica lg 45gx90sa-b gaming curvo ultragear oled 45 pulg<\/td>\n<\/tr>\n<tr>\n<td>Nombre del producto<\/td>\n<\/tr>\n<tr>\n<td>45gx90sa-b<\/td>\n<\/tr>\n<tr>\n<td>A\u00f1o<\/td>\n<\/tr>\n<tr>\n<td>2025<\/td>\n<\/tr>\n<tr>\n<td>Pantalla<\/td>\n<\/tr>\n<tr>\n<td>Tama\u00f1o [pulgadas]<\/td>\n<\/tr>\n<tr>\n<td>44.5<\/td>\n<\/tr>\n<tr>\n<td>Relaci\u00f3n de aspecto<\/td>\n<\/tr>\n<tr>\n<td>21:9<\/td>\n<\/tr>\n<tr>\n<td>Tipo de panel<\/td>\n<\/tr>\n<tr>\n<td>Oled<\/td>\n<\/tr>\n<tr>\n<td>Tiempo de respuesta<\/td>\n<\/tr>\n<tr>\n<td>0.03ms (gtg)<\/td>\n<\/tr>\n<tr>\n<td>Resoluci\u00f3n<\/td>\n<\/tr>\n<tr>\n<td>3440 x 1440<\/td>\n<\/tr>\n<tr>\n<td>Paso de p\u00edxeles [mm]<\/td>\n<\/tr>\n<tr>\n<td>0.303 x 0.303mm<\/td>\n<\/tr>\n<tr>\n<td>Profundidad de color (n\u00famero de colores)<\/td>\n<\/tr>\n<tr>\n<td>1.07b<\/td>\n<\/tr>\n<tr>\n<td>\u00e1ngulo de visi\u00f3n (cr and #8805;10)<\/td>\n<\/tr>\n<tr>\n<td>178\u00ba(r\/l), 178\u00ba(u\/d)<\/td>\n<\/tr>\n<tr>\n<td>Brillo (t\u00edp.) [cd\/m\u00b2]<\/td>\n<\/tr>\n<tr>\n<td>275cd\/m\u00b2<\/td>\n<\/tr>\n<tr>\n<td>Relaci\u00f3n de contraste (t\u00edp.)<\/td>\n<\/tr>\n<tr>\n<td>1500000:1<\/td>\n<\/tr>\n<tr>\n<td>Gama de colores (t\u00edp.)<\/td>\n<\/tr>\n<tr>\n<td>Dci-p3 98.5% (cie1976)<\/td>\n<\/tr>\n<tr>\n<td>Curvatura<\/td>\n<\/tr>\n<tr>\n<td>800r<\/td>\n<\/tr>\n<tr>\n<td>Gama de colores (m\u00edn.)<\/td>\n<\/tr>\n<tr>\n<td>Dci-p3 94% (cie1976)<\/td>\n<\/tr>\n<tr>\n<td>Frecuencia de actualizaci\u00f3n (m\u00e1x.) [hz]<\/td>\n<\/tr>\n<tr>\n<td>240<\/td>\n<\/tr>\n<tr>\n<td>Brillo (m\u00edn.) [cd\/m\u00b2]<\/td>\n<\/tr>\n<tr>\n<td>250cd\/m\u00b2<\/td>\n<\/tr>\n<tr>\n<td>Relaci\u00f3n de contraste (m\u00edn.)<\/td>\n<\/tr>\n<tr>\n<td>1200000:1<\/td>\n<\/tr>\n<tr>\n<td>Tama\u00f1o [cm]<\/td>\n<\/tr>\n<tr>\n<td>113<\/td>\n<\/tr>\n<tr>\n<td>Caracter\u00edsticas<\/td>\n<\/tr>\n<tr>\n<td>Hdr 10<\/td>\n<\/tr>\n<tr>\n<td>Si<\/td>\n<\/tr>\n<\/table>\n","protected":false},"excerpt":{"rendered":"<p>Monitor gaming ultragear oled gx9s 45gx90sa-b. Caracter\u00edsticas clave. Pantalla oled wqhd de 45 pulgadas (3440&#215;1440. Tasa de actualizaci\u00f3n 240 hz \/ tiempo de respuesta de 0,03 ms (gtg. Webos. Ai picture \/ dynamic tone mapping \/ ai personalized picture wizard \/ ai sound. Compatible con nvidia\u00ae g-sync\u00ae \/ amd freesync\u0099 premium \/ vesa certified adaptivesync. Dise\u00f1o de iluminaci\u00f3n hexagonal con soporte en l para ahorrar espacio.<\/p>\n","protected":false},"featured_media":0,"comment_status":"open","ping_status":"open","template":"","meta":[],"product_cat":[1741,1740],"product_tag":[1687],"acf":[],"yoast_head":"<!-- This site is optimized with the Yoast SEO plugin v21.7 - https:\/\/yoast.com\/wordpress\/plugins\/seo\/ -->\n<title>[ Lg ] &#129351; 45gx90sa-b Monitor Pc Gaming Curvo Ultragear Oled 45pu,240hz,3440x1440,21:9,800r,tr 0.03ms(gtg),275cd\/m2,1500000:1,dci-p3 98.5%,hdr400,hdmi,usb-c,dp,amd Freesync,nvidia G-sync,webos,altavoz 7wx2<\/title>\n<meta name=\"description\" content=\"Compra 45gx90sa-b Monitor Pc Gaming Curvo Ultragear Oled 45pu,240hz,3440x1440,21:9,800r,tr 0.03ms(gtg),275cd\/m2,1500000:1,dci-p3 98.5%,hdr400,hdmi,usb-c,dp,amd Freesync,nvidia G-sync,webos,altavoz 7wx2 + Env\u00edo a domicilio + Pago seguro + Garant\u00eda\" \/>\n<meta name=\"robots\" content=\"index, follow, max-snippet:-1, max-image-preview:large, max-video-preview:-1\" \/>\n<link rel=\"canonical\" href=\"https:\/\/compuviper.mx\/tienda\/producto\/lg-45gx90sa-b-monitor-pc-gaming-curvo-ultragear-oled-45pu240hz3440x1440219800rtr-0-03msgtg275cd-m215000001dci-p3-98-5hdr400hdmiusb-cdpamd-freesyncnvidia-g-syncwebosaltavoz-7wx2\/\" \/>\n<meta property=\"og:locale\" content=\"es_MX\" \/>\n<meta property=\"og:type\" content=\"article\" \/>\n<meta property=\"og:title\" content=\"[ Lg ] &#129351; 45gx90sa-b Monitor Pc Gaming Curvo Ultragear Oled 45pu,240hz,3440x1440,21:9,800r,tr 0.03ms(gtg),275cd\/m2,1500000:1,dci-p3 98.5%,hdr400,hdmi,usb-c,dp,amd Freesync,nvidia G-sync,webos,altavoz 7wx2\" \/>\n<meta property=\"og:description\" content=\"Compra 45gx90sa-b Monitor Pc Gaming Curvo Ultragear Oled 45pu,240hz,3440x1440,21:9,800r,tr 0.03ms(gtg),275cd\/m2,1500000:1,dci-p3 98.5%,hdr400,hdmi,usb-c,dp,amd Freesync,nvidia G-sync,webos,altavoz 7wx2 + Env\u00edo a domicilio + Pago seguro + Garant\u00eda\" \/>\n<meta property=\"og:url\" content=\"https:\/\/compuviper.mx\/tienda\/producto\/lg-45gx90sa-b-monitor-pc-gaming-curvo-ultragear-oled-45pu240hz3440x1440219800rtr-0-03msgtg275cd-m215000001dci-p3-98-5hdr400hdmiusb-cdpamd-freesyncnvidia-g-syncwebosaltavoz-7wx2\/\" \/>\n<meta property=\"og:site_name\" content=\"Compuviper\" \/>\n<meta property=\"article:publisher\" content=\"https:\/\/www.facebook.com\/compuviper\" \/>\n<meta property=\"article:modified_time\" content=\"2026-04-02T06:54:37+00:00\" \/>\n<meta name=\"twitter:card\" content=\"summary_large_image\" \/>\n<meta name=\"twitter:label1\" content=\"Precio\" \/>\n\t<meta name=\"twitter:data1\" content=\"&#36;28,317 con IVA\" \/>\n\t<meta name=\"twitter:label2\" content=\"Availability\" \/>\n\t<meta name=\"twitter:data2\" content=\"In stock\" \/>\n<script type=\"application\/ld+json\" class=\"yoast-schema-graph\">{\"@context\":\"https:\/\/schema.org\",\"@graph\":[{\"@type\":\"WebPage\",\"@id\":\"https:\/\/compuviper.mx\/tienda\/producto\/lg-45gx90sa-b-monitor-pc-gaming-curvo-ultragear-oled-45pu240hz3440x1440219800rtr-0-03msgtg275cd-m215000001dci-p3-98-5hdr400hdmiusb-cdpamd-freesyncnvidia-g-syncwebosaltavoz-7wx2\/\",\"url\":\"https:\/\/compuviper.mx\/tienda\/producto\/lg-45gx90sa-b-monitor-pc-gaming-curvo-ultragear-oled-45pu240hz3440x1440219800rtr-0-03msgtg275cd-m215000001dci-p3-98-5hdr400hdmiusb-cdpamd-freesyncnvidia-g-syncwebosaltavoz-7wx2\/\",\"name\":\"[ Lg ] &#129351; 45gx90sa-b Monitor Pc Gaming Curvo Ultragear Oled 45pu,240hz,3440x1440,21:9,800r,tr 0.03ms(gtg),275cd\/m2,1500000:1,dci-p3 98.5%,hdr400,hdmi,usb-c,dp,amd Freesync,nvidia G-sync,webos,altavoz 7wx2\",\"isPartOf\":{\"@id\":\"https:\/\/compuviper.mx\/tienda\/#website\"},\"datePublished\":\"2026-04-02T06:54:36+00:00\",\"dateModified\":\"2026-04-02T06:54:37+00:00\",\"description\":\"Compra 45gx90sa-b Monitor Pc Gaming Curvo Ultragear Oled 45pu,240hz,3440x1440,21:9,800r,tr 0.03ms(gtg),275cd\/m2,1500000:1,dci-p3 98.5%,hdr400,hdmi,usb-c,dp,amd Freesync,nvidia G-sync,webos,altavoz 7wx2 + Env\u00edo a domicilio + Pago seguro + Garant\u00eda\",\"breadcrumb\":{\"@id\":\"https:\/\/compuviper.mx\/tienda\/producto\/lg-45gx90sa-b-monitor-pc-gaming-curvo-ultragear-oled-45pu240hz3440x1440219800rtr-0-03msgtg275cd-m215000001dci-p3-98-5hdr400hdmiusb-cdpamd-freesyncnvidia-g-syncwebosaltavoz-7wx2\/#breadcrumb\"},\"inLanguage\":\"es-MX\",\"potentialAction\":[{\"@type\":\"ReadAction\",\"target\":[\"https:\/\/compuviper.mx\/tienda\/producto\/lg-45gx90sa-b-monitor-pc-gaming-curvo-ultragear-oled-45pu240hz3440x1440219800rtr-0-03msgtg275cd-m215000001dci-p3-98-5hdr400hdmiusb-cdpamd-freesyncnvidia-g-syncwebosaltavoz-7wx2\/\"]}]},{\"@type\":\"BreadcrumbList\",\"@id\":\"https:\/\/compuviper.mx\/tienda\/producto\/lg-45gx90sa-b-monitor-pc-gaming-curvo-ultragear-oled-45pu240hz3440x1440219800rtr-0-03msgtg275cd-m215000001dci-p3-98-5hdr400hdmiusb-cdpamd-freesyncnvidia-g-syncwebosaltavoz-7wx2\/#breadcrumb\",\"itemListElement\":[{\"@type\":\"ListItem\",\"position\":1,\"name\":\"Inicio\",\"item\":\"https:\/\/compuviper.mx\/tienda\/\"},{\"@type\":\"ListItem\",\"position\":2,\"name\":\"Productos\",\"item\":\"https:\/\/compuviper.mx\/tienda\/productos\/\"},{\"@type\":\"ListItem\",\"position\":3,\"name\":\"Monitores\",\"item\":\"https:\/\/compuviper.mx\/tienda\/categoria-producto\/monitores\/\"},{\"@type\":\"ListItem\",\"position\":4,\"name\":\"Led\",\"item\":\"https:\/\/compuviper.mx\/tienda\/categoria-producto\/monitores\/led\/\"},{\"@type\":\"ListItem\",\"position\":5,\"name\":\"Lg 45gx90sa-b Monitor Pc Gaming Curvo Ultragear Oled 45pu,240hz,3440&#215;1440,21:9,800r,tr 0.03ms(gtg),275cd\/m2,1500000:1,dci-p3 98.5%,hdr400,hdmi,usb-c,dp,amd Freesync,nvidia G-sync,webos,altavoz 7wx2\"}]},{\"@type\":\"WebSite\",\"@id\":\"https:\/\/compuviper.mx\/tienda\/#website\",\"url\":\"https:\/\/compuviper.mx\/tienda\/\",\"name\":\"Compuviper\",\"description\":\"Proveedor de Computadoras, Laptops, Servidores, Monitores, Puntos de Venta, Teclados,   Impresoras, T\u00f3ner, C\u00e1maras de Seguridad y m\u00e1s en tu tienda en l\u00ednea\",\"publisher\":{\"@id\":\"https:\/\/compuviper.mx\/tienda\/#organization\"},\"potentialAction\":[{\"@type\":\"SearchAction\",\"target\":{\"@type\":\"EntryPoint\",\"urlTemplate\":\"https:\/\/compuviper.mx\/tienda\/?s={search_term_string}\"},\"query-input\":\"required name=search_term_string\"}],\"inLanguage\":\"es-MX\"},{\"@type\":\"Organization\",\"@id\":\"https:\/\/compuviper.mx\/tienda\/#organization\",\"name\":\"Compuviper\",\"url\":\"https:\/\/compuviper.mx\/tienda\/\",\"logo\":{\"@type\":\"ImageObject\",\"inLanguage\":\"es-MX\",\"@id\":\"https:\/\/compuviper.mx\/tienda\/#\/schema\/logo\/image\/\",\"url\":\"https:\/\/compuviper.mx\/tienda\/wp-content\/uploads\/2021\/08\/Logo-Compuviper-10.png\",\"contentUrl\":\"https:\/\/compuviper.mx\/tienda\/wp-content\/uploads\/2021\/08\/Logo-Compuviper-10.png\",\"width\":1000,\"height\":500,\"caption\":\"Compuviper\"},\"image\":{\"@id\":\"https:\/\/compuviper.mx\/tienda\/#\/schema\/logo\/image\/\"},\"sameAs\":[\"https:\/\/www.facebook.com\/compuviper\",\"https:\/\/www.youtube.com\/channel\/UCf73dERp9Y3cfOq7q8BhLjA?view_as=subscriber\"]}]}<\/script>\n<meta property=\"product:brand\" content=\"LG\" \/>\n<meta property=\"product:price:amount\" content=\"28317\" \/>\n<meta property=\"product:price:currency\" content=\"MXN\" \/>\n<meta property=\"og:availability\" content=\"instock\" \/>\n<meta property=\"product:availability\" content=\"instock\" \/>\n<meta property=\"product:retailer_item_id\" content=\"45GX90SA-B\" \/>\n<meta property=\"product:condition\" content=\"new\" \/>\n<!-- \/ Yoast SEO plugin. -->","yoast_head_json":{"title":"[ Lg ] &#129351; 45gx90sa-b Monitor Pc Gaming Curvo Ultragear Oled 45pu,240hz,3440x1440,21:9,800r,tr 0.03ms(gtg),275cd\/m2,1500000:1,dci-p3 98.5%,hdr400,hdmi,usb-c,dp,amd Freesync,nvidia G-sync,webos,altavoz 7wx2","description":"Compra 45gx90sa-b Monitor Pc Gaming Curvo Ultragear Oled 45pu,240hz,3440x1440,21:9,800r,tr 0.03ms(gtg),275cd\/m2,1500000:1,dci-p3 98.5%,hdr400,hdmi,usb-c,dp,amd Freesync,nvidia G-sync,webos,altavoz 7wx2 + Env\u00edo a domicilio + Pago seguro + Garant\u00eda","robots":{"index":"index","follow":"follow","max-snippet":"max-snippet:-1","max-image-preview":"max-image-preview:large","max-video-preview":"max-video-preview:-1"},"canonical":"https:\/\/compuviper.mx\/tienda\/producto\/lg-45gx90sa-b-monitor-pc-gaming-curvo-ultragear-oled-45pu240hz3440x1440219800rtr-0-03msgtg275cd-m215000001dci-p3-98-5hdr400hdmiusb-cdpamd-freesyncnvidia-g-syncwebosaltavoz-7wx2\/","og_locale":"es_MX","og_type":"article","og_title":"[ Lg ] &#129351; 45gx90sa-b Monitor Pc Gaming Curvo Ultragear Oled 45pu,240hz,3440x1440,21:9,800r,tr 0.03ms(gtg),275cd\/m2,1500000:1,dci-p3 98.5%,hdr400,hdmi,usb-c,dp,amd Freesync,nvidia G-sync,webos,altavoz 7wx2","og_description":"Compra 45gx90sa-b Monitor Pc Gaming Curvo Ultragear Oled 45pu,240hz,3440x1440,21:9,800r,tr 0.03ms(gtg),275cd\/m2,1500000:1,dci-p3 98.5%,hdr400,hdmi,usb-c,dp,amd Freesync,nvidia G-sync,webos,altavoz 7wx2 + Env\u00edo a domicilio + Pago seguro + Garant\u00eda","og_url":"https:\/\/compuviper.mx\/tienda\/producto\/lg-45gx90sa-b-monitor-pc-gaming-curvo-ultragear-oled-45pu240hz3440x1440219800rtr-0-03msgtg275cd-m215000001dci-p3-98-5hdr400hdmiusb-cdpamd-freesyncnvidia-g-syncwebosaltavoz-7wx2\/","og_site_name":"Compuviper","article_publisher":"https:\/\/www.facebook.com\/compuviper","article_modified_time":"2026-04-02T06:54:37+00:00","twitter_card":"summary_large_image","twitter_misc":{"Precio":"&#36;28,317 con IVA","Availability":"In stock"},"schema":{"@context":"https:\/\/schema.org","@graph":[{"@type":"WebPage","@id":"https:\/\/compuviper.mx\/tienda\/producto\/lg-45gx90sa-b-monitor-pc-gaming-curvo-ultragear-oled-45pu240hz3440x1440219800rtr-0-03msgtg275cd-m215000001dci-p3-98-5hdr400hdmiusb-cdpamd-freesyncnvidia-g-syncwebosaltavoz-7wx2\/","url":"https:\/\/compuviper.mx\/tienda\/producto\/lg-45gx90sa-b-monitor-pc-gaming-curvo-ultragear-oled-45pu240hz3440x1440219800rtr-0-03msgtg275cd-m215000001dci-p3-98-5hdr400hdmiusb-cdpamd-freesyncnvidia-g-syncwebosaltavoz-7wx2\/","name":"[ Lg ] &#129351; 45gx90sa-b Monitor Pc Gaming Curvo Ultragear Oled 45pu,240hz,3440x1440,21:9,800r,tr 0.03ms(gtg),275cd\/m2,1500000:1,dci-p3 98.5%,hdr400,hdmi,usb-c,dp,amd Freesync,nvidia G-sync,webos,altavoz 7wx2","isPartOf":{"@id":"https:\/\/compuviper.mx\/tienda\/#website"},"datePublished":"2026-04-02T06:54:36+00:00","dateModified":"2026-04-02T06:54:37+00:00","description":"Compra 45gx90sa-b Monitor Pc Gaming Curvo Ultragear Oled 45pu,240hz,3440x1440,21:9,800r,tr 0.03ms(gtg),275cd\/m2,1500000:1,dci-p3 98.5%,hdr400,hdmi,usb-c,dp,amd Freesync,nvidia G-sync,webos,altavoz 7wx2 + Env\u00edo a domicilio + Pago seguro + Garant\u00eda","breadcrumb":{"@id":"https:\/\/compuviper.mx\/tienda\/producto\/lg-45gx90sa-b-monitor-pc-gaming-curvo-ultragear-oled-45pu240hz3440x1440219800rtr-0-03msgtg275cd-m215000001dci-p3-98-5hdr400hdmiusb-cdpamd-freesyncnvidia-g-syncwebosaltavoz-7wx2\/#breadcrumb"},"inLanguage":"es-MX","potentialAction":[{"@type":"ReadAction","target":["https:\/\/compuviper.mx\/tienda\/producto\/lg-45gx90sa-b-monitor-pc-gaming-curvo-ultragear-oled-45pu240hz3440x1440219800rtr-0-03msgtg275cd-m215000001dci-p3-98-5hdr400hdmiusb-cdpamd-freesyncnvidia-g-syncwebosaltavoz-7wx2\/"]}]},{"@type":"BreadcrumbList","@id":"https:\/\/compuviper.mx\/tienda\/producto\/lg-45gx90sa-b-monitor-pc-gaming-curvo-ultragear-oled-45pu240hz3440x1440219800rtr-0-03msgtg275cd-m215000001dci-p3-98-5hdr400hdmiusb-cdpamd-freesyncnvidia-g-syncwebosaltavoz-7wx2\/#breadcrumb","itemListElement":[{"@type":"ListItem","position":1,"name":"Inicio","item":"https:\/\/compuviper.mx\/tienda\/"},{"@type":"ListItem","position":2,"name":"Productos","item":"https:\/\/compuviper.mx\/tienda\/productos\/"},{"@type":"ListItem","position":3,"name":"Monitores","item":"https:\/\/compuviper.mx\/tienda\/categoria-producto\/monitores\/"},{"@type":"ListItem","position":4,"name":"Led","item":"https:\/\/compuviper.mx\/tienda\/categoria-producto\/monitores\/led\/"},{"@type":"ListItem","position":5,"name":"Lg 45gx90sa-b Monitor Pc Gaming Curvo Ultragear Oled 45pu,240hz,3440&#215;1440,21:9,800r,tr 0.03ms(gtg),275cd\/m2,1500000:1,dci-p3 98.5%,hdr400,hdmi,usb-c,dp,amd Freesync,nvidia G-sync,webos,altavoz 7wx2"}]},{"@type":"WebSite","@id":"https:\/\/compuviper.mx\/tienda\/#website","url":"https:\/\/compuviper.mx\/tienda\/","name":"Compuviper","description":"Proveedor de Computadoras, Laptops, Servidores, Monitores, Puntos de Venta, Teclados,   Impresoras, T\u00f3ner, C\u00e1maras de Seguridad y m\u00e1s en tu tienda en l\u00ednea","publisher":{"@id":"https:\/\/compuviper.mx\/tienda\/#organization"},"potentialAction":[{"@type":"SearchAction","target":{"@type":"EntryPoint","urlTemplate":"https:\/\/compuviper.mx\/tienda\/?s={search_term_string}"},"query-input":"required name=search_term_string"}],"inLanguage":"es-MX"},{"@type":"Organization","@id":"https:\/\/compuviper.mx\/tienda\/#organization","name":"Compuviper","url":"https:\/\/compuviper.mx\/tienda\/","logo":{"@type":"ImageObject","inLanguage":"es-MX","@id":"https:\/\/compuviper.mx\/tienda\/#\/schema\/logo\/image\/","url":"https:\/\/compuviper.mx\/tienda\/wp-content\/uploads\/2021\/08\/Logo-Compuviper-10.png","contentUrl":"https:\/\/compuviper.mx\/tienda\/wp-content\/uploads\/2021\/08\/Logo-Compuviper-10.png","width":1000,"height":500,"caption":"Compuviper"},"image":{"@id":"https:\/\/compuviper.mx\/tienda\/#\/schema\/logo\/image\/"},"sameAs":["https:\/\/www.facebook.com\/compuviper","https:\/\/www.youtube.com\/channel\/UCf73dERp9Y3cfOq7q8BhLjA?view_as=subscriber"]}]},"product_brand":"LG","product_price_amount":"28317","product_price_currency":"MXN","og_availability":"instock","product_availability":"instock","product_retailer_item_id":"45GX90SA-B","product_condition":"new"},"_links":{"self":[{"href":"https:\/\/compuviper.mx\/tienda\/wp-json\/wp\/v2\/product\/263511"}],"collection":[{"href":"https:\/\/compuviper.mx\/tienda\/wp-json\/wp\/v2\/product"}],"about":[{"href":"https:\/\/compuviper.mx\/tienda\/wp-json\/wp\/v2\/types\/product"}],"replies":[{"embeddable":true,"href":"https:\/\/compuviper.mx\/tienda\/wp-json\/wp\/v2\/comments?post=263511"}],"wp:attachment":[{"href":"https:\/\/compuviper.mx\/tienda\/wp-json\/wp\/v2\/media?parent=263511"}],"wp:term":[{"taxonomy":"product_cat","embeddable":true,"href":"https:\/\/compuviper.mx\/tienda\/wp-json\/wp\/v2\/product_cat?post=263511"},{"taxonomy":"product_tag","embeddable":true,"href":"https:\/\/compuviper.mx\/tienda\/wp-json\/wp\/v2\/product_tag?post=263511"}],"curies":[{"name":"wp","href":"https:\/\/api.w.org\/{rel}","templated":true}]}}