{"id":263509,"date":"2026-04-02T00:54:33","date_gmt":"2026-04-02T06:54:33","guid":{"rendered":"https:\/\/compuviper.mx\/tienda\/producto\/lg-34gx90sa-w-monitor-gaming-curvo-oled-ultragear-34-pu3440x1440240hz2109tr-0-03ms-gtgbrillo-275cd-m2contr-15000001gc-dci-p3-985800rhdmidisplayportusb-chdr10altavoz-7wx2\/"},"modified":"2026-04-02T00:54:33","modified_gmt":"2026-04-02T06:54:33","slug":"lg-34gx90sa-w-monitor-gaming-curvo-oled-ultragear-34-pu3440x1440240hz2109tr-0-03ms-gtgbrillo-275cd-m2contr-15000001gc-dci-p3-985800rhdmidisplayportusb-chdr10altavoz-7wx2","status":"publish","type":"product","link":"https:\/\/compuviper.mx\/tienda\/producto\/lg-34gx90sa-w-monitor-gaming-curvo-oled-ultragear-34-pu3440x1440240hz2109tr-0-03ms-gtgbrillo-275cd-m2contr-15000001gc-dci-p3-985800rhdmidisplayportusb-chdr10altavoz-7wx2\/","title":{"rendered":"Lg 34gx90sa-w Monitor   Gaming Curvo Oled Ultragear 34 Pu,3440&#215;1440,240hz,21:09,tr 0.03ms (gtg),brillo 275cd\/m2,contr 1500000:1,gc Dci-p3 98,5%,800r,hdmi,displayport,usb-c,hdr10,altavoz 7wx2."},"content":{"rendered":"<table class=\"descripcion\">\n<tr>\n<td>Informaci\u00f3n tecnica lg 34gx90sa-w gaming curvo oled ultragear 34 pulg<\/td>\n<\/tr>\n<tr>\n<td>Nombre del producto<\/td>\n<\/tr>\n<tr>\n<td>34gx90sa-w<\/td>\n<\/tr>\n<tr>\n<td>A\u00f1o<\/td>\n<\/tr>\n<tr>\n<td>2025<\/td>\n<\/tr>\n<tr>\n<td>Pantalla<\/td>\n<\/tr>\n<tr>\n<td>Tama\u00f1o [pulgadas]<\/td>\n<\/tr>\n<tr>\n<td>34<\/td>\n<\/tr>\n<tr>\n<td>Relaci\u00f3n de aspecto<\/td>\n<\/tr>\n<tr>\n<td>21:09<\/td>\n<\/tr>\n<tr>\n<td>Tipo de panel<\/td>\n<\/tr>\n<tr>\n<td>Oled<\/td>\n<\/tr>\n<tr>\n<td>Tiempo de respuesta<\/td>\n<\/tr>\n<tr>\n<td>0.03ms (gtg)<\/td>\n<\/tr>\n<tr>\n<td>Resoluci\u00f3n<\/td>\n<\/tr>\n<tr>\n<td>3440 x 1440<\/td>\n<\/tr>\n<tr>\n<td>Paso de p\u00edxeles [mm]<\/td>\n<\/tr>\n<tr>\n<td>0.231 x 0.231mm<\/td>\n<\/tr>\n<tr>\n<td>Profundidad de color (n\u00famero de colores)<\/td>\n<\/tr>\n<tr>\n<td>1.07b<\/td>\n<\/tr>\n<tr>\n<td>\u00e1ngulo de visi\u00f3n (cr and #8805;10)<\/td>\n<\/tr>\n<tr>\n<td>178\u00ba(r\/l), 178\u00ba(u\/d)<\/td>\n<\/tr>\n<tr>\n<td>Brillo (t\u00edp.) [cd\/m\u00b2]<\/td>\n<\/tr>\n<tr>\n<td>275cd\/m\u00b2<\/td>\n<\/tr>\n<tr>\n<td>Relaci\u00f3n de contraste (t\u00edp.)<\/td>\n<\/tr>\n<tr>\n<td>1500000:1<\/td>\n<\/tr>\n<tr>\n<td>Gama de colores (t\u00edp.)<\/td>\n<\/tr>\n<tr>\n<td>Dci-p3 98,5 % (cie1976)<\/td>\n<\/tr>\n<tr>\n<td>Curvatura<\/td>\n<\/tr>\n<tr>\n<td>800r<\/td>\n<\/tr>\n<tr>\n<td>Gama de colores (m\u00edn.)<\/td>\n<\/tr>\n<tr>\n<td>Dci-p3 94% (cie1976)<\/td>\n<\/tr>\n<tr>\n<td>Frecuencia de actualizaci\u00f3n (m\u00e1x.) [hz]<\/td>\n<\/tr>\n<tr>\n<td>240<\/td>\n<\/tr>\n<tr>\n<td>Brillo (m\u00edn.) [cd\/m\u00b2]<\/td>\n<\/tr>\n<tr>\n<td>250cd\/m\u00b2<\/td>\n<\/tr>\n<tr>\n<td>Relaci\u00f3n de contraste (m\u00edn.)<\/td>\n<\/tr>\n<tr>\n<td>Dci-p3 94% (cie1976)<\/td>\n<\/tr>\n<tr>\n<td>Tama\u00f1o [cm]<\/td>\n<\/tr>\n<tr>\n<td>86.2<\/td>\n<\/tr>\n<tr>\n<td>Conectividad<\/td>\n<\/tr>\n<tr>\n<td>Entrada de audio<\/td>\n<\/tr>\n<tr>\n<td>No<\/td>\n<\/tr>\n<tr>\n<td>D-sub<\/td>\n<\/tr>\n<tr>\n<td>No<\/td>\n<\/tr>\n<tr>\n<td>Kvm integrado<\/td>\n<\/tr>\n<tr>\n<td>No<\/td>\n<\/tr>\n<tr>\n<td>Dvi-d<\/td>\n<\/tr>\n<tr>\n<td>No<\/td>\n<\/tr>\n<tr>\n<td>Hdmi<\/td>\n<\/tr>\n<tr>\n<td>Si (2ea)<\/td>\n<\/tr>\n<tr>\n<td>Cadena<\/td>\n<\/tr>\n<tr>\n<td>No<\/td>\n<\/tr>\n<tr>\n<td>Displayport<\/td>\n<\/tr>\n<tr>\n<td>Yes (1ea)<\/td>\n<\/tr>\n<tr>\n<td>Versi\u00f3n dp<\/td>\n<\/tr>\n<tr>\n<td>1.4 (dsc)<\/td>\n<\/tr>\n<tr>\n<td>Thunderbolt<\/td>\n<\/tr>\n<tr>\n<td>No<\/td>\n<\/tr>\n<tr>\n<td>Usb-c<\/td>\n<\/tr>\n<tr>\n<td>Yes (1ea)<\/td>\n<\/tr>\n<tr>\n<td>Salida de auriculares<\/td>\n<\/tr>\n<tr>\n<td>3 polos (solo sonido)<\/td>\n<\/tr>\n<tr>\n<td>Lan (rj-45)<\/td>\n<\/tr>\n<tr>\n<td>Si<\/td>\n<\/tr>\n<tr>\n<td>Salida de l\u00ednea<\/td>\n<\/tr>\n<tr>\n<td>No<\/td>\n<\/tr>\n<tr>\n<td>Entrada de micr\u00f3fono<\/td>\n<\/tr>\n<tr>\n<td>No<\/td>\n<\/tr>\n<tr>\n<td>Salida spdif (salida de audio digital \u00f3ptica)<\/td>\n<\/tr>\n<tr>\n<td>No<\/td>\n<\/tr>\n<tr>\n<td>Thunderbolt (transmisi\u00f3n de datos)<\/td>\n<\/tr>\n<tr>\n<td>N\/a<\/td>\n<\/tr>\n<tr>\n<td>Thunderbolt (suministro de energ\u00eda)<\/td>\n<\/tr>\n<tr>\n<td>N\/a<\/td>\n<\/tr>\n<tr>\n<td>Puerto usb descendente<\/td>\n<\/tr>\n<tr>\n<td>Si (via usb-c)<\/td>\n<\/tr>\n<tr>\n<td>Puerto usb ascendente<\/td>\n<\/tr>\n<tr>\n<td>Si (via usb-c)<\/td>\n<\/tr>\n<tr>\n<td>Usb-c (transmisi\u00f3n de datos)<\/td>\n<\/tr>\n<tr>\n<td>Si<\/td>\n<\/tr>\n<tr>\n<td>Usb-c (power delivery)<\/td>\n<\/tr>\n<tr>\n<td>65 w<\/td>\n<\/tr>\n<tr>\n<td>Caracter\u00edsticas<\/td>\n<\/tr>\n<tr>\n<td>Hdr 10<\/td>\n<\/tr>\n<tr>\n<td>Si<\/td>\n<\/tr>\n<tr>\n<td>Amd freesync<\/td>\n<\/tr>\n<tr>\n<td>Freesync premium<\/td>\n<\/tr>\n<tr>\n<td>Debilidad del color<\/td>\n<\/tr>\n<tr>\n<td>No<\/td>\n<\/tr>\n<tr>\n<td>Ahorro de energ\u00eda inteligente<\/td>\n<\/tr>\n<tr>\n<td>Si<\/td>\n<\/tr>\n<tr>\n<td>Color calibrado en f\u00e1brica<\/td>\n<\/tr>\n<tr>\n<td>Si<\/td>\n<\/tr>\n<tr>\n<td>Pip<\/td>\n<\/tr>\n<tr>\n<td>Si<\/td>\n<\/tr>\n<tr>\n<td>Pbp<\/td>\n<\/tr>\n<tr>\n<td>2pbp<\/td>\n<\/tr>\n<tr>\n<td>A prueba de parpadeos<\/td>\n<\/tr>\n<tr>\n<td>No<\/td>\n<\/tr>\n<tr>\n<td>Nvidia g-sync<\/td>\n<\/tr>\n<tr>\n<td>G-sync compatible<\/td>\n<\/tr>\n<tr>\n<td>Calibraci\u00f3n hw<\/td>\n<\/tr>\n<tr>\n<td>No<\/td>\n<\/tr>\n<tr>\n<td>Sincronizaci\u00f3n de acci\u00f3n din\u00e1mica<\/td>\n<\/tr>\n<tr>\n<td>Si<\/td>\n<\/tr>\n<tr>\n<td>Estabilizador negro<\/td>\n<\/tr>\n<tr>\n<td>Si<\/td>\n<\/tr>\n<tr>\n<td>Cruz<\/td>\n<\/tr>\n<tr>\n<td>Si<\/td>\n<\/tr>\n<tr>\n<td>Modo lector<\/td>\n<\/tr>\n<tr>\n<td>Si<\/td>\n<\/tr>\n<tr>\n<td>Contador fps<\/td>\n<\/tr>\n<tr>\n<td>Si<\/td>\n<\/tr>\n<tr>\n<td>Vrr<\/td>\n<\/tr>\n<tr>\n<td>Si<\/td>\n<\/tr>\n<tr>\n<td>Super resoluci\u00f3n+<\/td>\n<\/tr>\n<tr>\n<td>No<\/td>\n<\/tr>\n<tr>\n<td>Dolby vision<\/td>\n<\/tr>\n<tr>\n<td>No<\/td>\n<\/tr>\n<tr>\n<td>Vesa displayhdr\u0099<\/td>\n<\/tr>\n<tr>\n<td>Displayhdr\u0099400 true black<\/td>\n<\/tr>\n<tr>\n<td>Tecnolog\u00eda mini-led<\/td>\n<\/tr>\n<tr>\n<td>No<\/td>\n<\/tr>\n<tr>\n<td>Tecnolog\u00eda nano ips<\/td>\n<\/tr>\n<tr>\n<td>No<\/td>\n<\/tr>\n<tr>\n<td>Tecnolog\u00eda de reducci\u00f3n del desenfoque por movimiento<\/td>\n<\/tr>\n<tr>\n<td>No<\/td>\n<\/tr>\n<tr>\n<td>Overclocking<\/td>\n<\/tr>\n<tr>\n<td>No<\/td>\n<\/tr>\n<tr>\n<td>Tecla definida por el usuario<\/td>\n<\/tr>\n<tr>\n<td>Si<\/td>\n<\/tr>\n<tr>\n<td>Auto input switch<\/td>\n<\/tr>\n<tr>\n<td>No<\/td>\n<\/tr>\n<tr>\n<td>Iluminaci\u00f3n led rgb<\/td>\n<\/tr>\n<tr>\n<td>Iluminaci\u00f3n hexagonal<\/td>\n<\/tr>\n<tr>\n<td>C\u00e1mara<\/td>\n<\/tr>\n<tr>\n<td>No<\/td>\n<\/tr>\n<tr>\n<td>Mic<\/td>\n<\/tr>\n<tr>\n<td>No<\/td>\n<\/tr>\n<tr>\n<td>Mec\u00e1nico<\/td>\n<\/tr>\n<tr>\n<td>Ajustes de posici\u00f3n de la pantalla<\/td>\n<\/tr>\n<tr>\n<td>Inclinaci\u00f3n\/altura\/giro<\/td>\n<\/tr>\n<tr>\n<td>Montaje en pared [mm]<\/td>\n<\/tr>\n<tr>\n<td>100 x 100 mm<\/td>\n<\/tr>\n<tr>\n<td>Sonido<\/td>\n<\/tr>\n<tr>\n<td>Dts hp:x<\/td>\n<\/tr>\n<tr>\n<td>No<\/td>\n<\/tr>\n<tr>\n<td>Maxx audio<\/td>\n<\/tr>\n<tr>\n<td>No<\/td>\n<\/tr>\n<tr>\n<td>Graves intensos<\/td>\n<\/tr>\n<tr>\n<td>No<\/td>\n<\/tr>\n<tr>\n<td>Altavoz<\/td>\n<\/tr>\n<tr>\n<td>7w x 2<\/td>\n<\/tr>\n<tr>\n<td>Conectividad bluetooth<\/td>\n<\/tr>\n<tr>\n<td>Si<\/td>\n<\/tr>\n<tr>\n<td>Dimensiones\/pesos<\/td>\n<\/tr>\n<tr>\n<td>Dimensiones en el env\u00edo (an x al x p) [mm]<\/td>\n<\/tr>\n<tr>\n<td>1143 x 301 x 550mm<\/td>\n<\/tr>\n<tr>\n<td>Dimensiones con soporte (an x al x p) [mm]<\/td>\n<\/tr>\n<tr>\n<td>992.7 x 661.7 x 338.6mm(up) \/ 992.7 x 541.7 x 338.6mm(down)<\/td>\n<\/tr>\n<tr>\n<td>Dimensiones sin soporte (an x al x p) [mm]<\/td>\n<\/tr>\n<tr>\n<td>992.7 x 457 x 218mm<\/td>\n<\/tr>\n<tr>\n<td>Peso en el env\u00edo [kg]<\/td>\n<\/tr>\n<tr>\n<td>18.9kg<\/td>\n<\/tr>\n<tr>\n<td>Peso con soporte [kg]<\/td>\n<\/tr>\n<tr>\n<td>13.5kg<\/td>\n<\/tr>\n<tr>\n<td>Peso sin soporte [kg]<\/td>\n<\/tr>\n<tr>\n<td>8.9kg<\/td>\n<\/tr>\n<tr>\n<td>Alimentaci\u00f3n<\/td>\n<\/tr>\n<tr>\n<td>Consumo de energ\u00eda (modo de reposo)<\/td>\n<\/tr>\n<tr>\n<td>Menos de 0.5w<\/td>\n<\/tr>\n<tr>\n<td>Consumo (dc off)<\/td>\n<\/tr>\n<tr>\n<td>Menos de 0.5w<\/td>\n<\/tr>\n<tr>\n<td>Entrada ca<\/td>\n<\/tr>\n<tr>\n<td>100~240v (50\/60hz)<\/td>\n<\/tr>\n<tr>\n<td>Tipo<\/td>\n<\/tr>\n<tr>\n<td>Alimentaci\u00f3n externa (adaptador)<\/td>\n<\/tr>\n<tr>\n<td>Accesorio<\/td>\n<\/tr>\n<tr>\n<td>Puerto de pantalla<\/td>\n<\/tr>\n<tr>\n<td>Si<\/td>\n<\/tr>\n<tr>\n<td>Dvi-d<\/td>\n<\/tr>\n<tr>\n<td>No<\/td>\n<\/tr>\n<tr>\n<td>D-sub<\/td>\n<\/tr>\n<tr>\n<td>No<\/td>\n<\/tr>\n<tr>\n<td>Hdmi<\/td>\n<\/tr>\n<tr>\n<td>Si (ver 2.1)<\/td>\n<\/tr>\n<tr>\n<td>Mando a distancia<\/td>\n<\/tr>\n<tr>\n<td>Si<\/td>\n<\/tr>\n<tr>\n<td>Thunderbolt<\/td>\n<\/tr>\n<tr>\n<td>No<\/td>\n<\/tr>\n<tr>\n<td>Usb a a b<\/td>\n<\/tr>\n<tr>\n<td>No<\/td>\n<\/tr>\n<tr>\n<td>Usb-c<\/td>\n<\/tr>\n<tr>\n<td>Si<\/td>\n<\/tr>\n<tr>\n<td>Aplicaci\u00f3n sw<\/td>\n<\/tr>\n<tr>\n<td>Controlador dual<\/td>\n<\/tr>\n<tr>\n<td>No<\/td>\n<\/tr>\n<tr>\n<td>Estudio de calibraci\u00f3n lg (true color pro)<\/td>\n<\/tr>\n<tr>\n<td>No<\/td>\n<\/tr>\n<tr>\n<td>Onscreen control (lg screen manager)<\/td>\n<\/tr>\n<tr>\n<td>No<\/td>\n<\/tr>\n<\/table>\n","protected":false},"excerpt":{"rendered":"<p>Monitor gaming curvo inteligente lg ultragear\u0099 oled de 34 pulgadas wqhd, 240hz, webos, 0.03ms (gtg), displayhdr true black 400. 34gx90sa-w. Caracter\u00edsticas clave. Pantalla oled wqhd de 34 pulgadas (3440&#215;1440. Tasa de actualizaci\u00f3n 240 hz \/ tiempo de respuesta de 0,03 ms (gtg. Webos. Ai picture \/ dynamic tone mapping \/ ai personalized picture wizard \/ ai sound. Compatible con nvidia\u00ae g-sync\u00ae \/ amd freesync\u0099 premium \/ vesa certified adaptivesync. Dise\u00f1o de iluminaci\u00f3n hexagonal con soporte en l para ahorrar espacio<\/p>\n","protected":false},"featured_media":0,"comment_status":"open","ping_status":"open","template":"","meta":[],"product_cat":[1741,1740],"product_tag":[1687],"acf":[],"yoast_head":"<!-- This site is optimized with the Yoast SEO plugin v21.7 - https:\/\/yoast.com\/wordpress\/plugins\/seo\/ -->\n<title>[ Lg ] &#129351; 34gx90sa-w Monitor Gaming Curvo Oled Ultragear 34 Pu,3440x1440,240hz,21:09,tr 0.03ms (gtg),brillo 275cd\/m2,contr 1500000:1,gc Dci-p3 98,5%,800r,hdmi,displayport,usb-c,hdr10,altavoz 7wx2.<\/title>\n<meta name=\"description\" content=\"Compra 34gx90sa-w Monitor Gaming Curvo Oled Ultragear 34 Pu,3440x1440,240hz,21:09,tr 0.03ms (gtg),brillo 275cd\/m2,contr 1500000:1,gc Dci-p3 98,5%,800r,hdmi,displayport,usb-c,hdr10,altavoz 7wx2. + Env\u00edo a domicilio + Pago seguro + Garant\u00eda\" \/>\n<meta name=\"robots\" content=\"index, follow, max-snippet:-1, max-image-preview:large, max-video-preview:-1\" \/>\n<link rel=\"canonical\" href=\"https:\/\/compuviper.mx\/tienda\/producto\/lg-34gx90sa-w-monitor-gaming-curvo-oled-ultragear-34-pu3440x1440240hz2109tr-0-03ms-gtgbrillo-275cd-m2contr-15000001gc-dci-p3-985800rhdmidisplayportusb-chdr10altavoz-7wx2\/\" \/>\n<meta property=\"og:locale\" content=\"es_MX\" \/>\n<meta property=\"og:type\" content=\"article\" \/>\n<meta property=\"og:title\" content=\"[ Lg ] &#129351; 34gx90sa-w Monitor Gaming Curvo Oled Ultragear 34 Pu,3440x1440,240hz,21:09,tr 0.03ms (gtg),brillo 275cd\/m2,contr 1500000:1,gc Dci-p3 98,5%,800r,hdmi,displayport,usb-c,hdr10,altavoz 7wx2.\" \/>\n<meta property=\"og:description\" content=\"Compra 34gx90sa-w Monitor Gaming Curvo Oled Ultragear 34 Pu,3440x1440,240hz,21:09,tr 0.03ms (gtg),brillo 275cd\/m2,contr 1500000:1,gc Dci-p3 98,5%,800r,hdmi,displayport,usb-c,hdr10,altavoz 7wx2. + Env\u00edo a domicilio + Pago seguro + Garant\u00eda\" \/>\n<meta property=\"og:url\" content=\"https:\/\/compuviper.mx\/tienda\/producto\/lg-34gx90sa-w-monitor-gaming-curvo-oled-ultragear-34-pu3440x1440240hz2109tr-0-03ms-gtgbrillo-275cd-m2contr-15000001gc-dci-p3-985800rhdmidisplayportusb-chdr10altavoz-7wx2\/\" \/>\n<meta property=\"og:site_name\" content=\"Compuviper\" \/>\n<meta property=\"article:publisher\" content=\"https:\/\/www.facebook.com\/compuviper\" \/>\n<meta name=\"twitter:card\" content=\"summary_large_image\" \/>\n<meta name=\"twitter:label1\" content=\"Precio\" \/>\n\t<meta name=\"twitter:data1\" content=\"&#36;19,439 con IVA\" \/>\n\t<meta name=\"twitter:label2\" content=\"Availability\" \/>\n\t<meta name=\"twitter:data2\" content=\"In stock\" \/>\n<script type=\"application\/ld+json\" class=\"yoast-schema-graph\">{\"@context\":\"https:\/\/schema.org\",\"@graph\":[{\"@type\":\"WebPage\",\"@id\":\"https:\/\/compuviper.mx\/tienda\/producto\/lg-34gx90sa-w-monitor-gaming-curvo-oled-ultragear-34-pu3440x1440240hz2109tr-0-03ms-gtgbrillo-275cd-m2contr-15000001gc-dci-p3-985800rhdmidisplayportusb-chdr10altavoz-7wx2\/\",\"url\":\"https:\/\/compuviper.mx\/tienda\/producto\/lg-34gx90sa-w-monitor-gaming-curvo-oled-ultragear-34-pu3440x1440240hz2109tr-0-03ms-gtgbrillo-275cd-m2contr-15000001gc-dci-p3-985800rhdmidisplayportusb-chdr10altavoz-7wx2\/\",\"name\":\"[ Lg ] &#129351; 34gx90sa-w Monitor Gaming Curvo Oled Ultragear 34 Pu,3440x1440,240hz,21:09,tr 0.03ms (gtg),brillo 275cd\/m2,contr 1500000:1,gc Dci-p3 98,5%,800r,hdmi,displayport,usb-c,hdr10,altavoz 7wx2.\",\"isPartOf\":{\"@id\":\"https:\/\/compuviper.mx\/tienda\/#website\"},\"datePublished\":\"2026-04-02T06:54:33+00:00\",\"dateModified\":\"2026-04-02T06:54:33+00:00\",\"description\":\"Compra 34gx90sa-w Monitor Gaming Curvo Oled Ultragear 34 Pu,3440x1440,240hz,21:09,tr 0.03ms (gtg),brillo 275cd\/m2,contr 1500000:1,gc Dci-p3 98,5%,800r,hdmi,displayport,usb-c,hdr10,altavoz 7wx2. + Env\u00edo a domicilio + Pago seguro + Garant\u00eda\",\"breadcrumb\":{\"@id\":\"https:\/\/compuviper.mx\/tienda\/producto\/lg-34gx90sa-w-monitor-gaming-curvo-oled-ultragear-34-pu3440x1440240hz2109tr-0-03ms-gtgbrillo-275cd-m2contr-15000001gc-dci-p3-985800rhdmidisplayportusb-chdr10altavoz-7wx2\/#breadcrumb\"},\"inLanguage\":\"es-MX\",\"potentialAction\":[{\"@type\":\"ReadAction\",\"target\":[\"https:\/\/compuviper.mx\/tienda\/producto\/lg-34gx90sa-w-monitor-gaming-curvo-oled-ultragear-34-pu3440x1440240hz2109tr-0-03ms-gtgbrillo-275cd-m2contr-15000001gc-dci-p3-985800rhdmidisplayportusb-chdr10altavoz-7wx2\/\"]}]},{\"@type\":\"BreadcrumbList\",\"@id\":\"https:\/\/compuviper.mx\/tienda\/producto\/lg-34gx90sa-w-monitor-gaming-curvo-oled-ultragear-34-pu3440x1440240hz2109tr-0-03ms-gtgbrillo-275cd-m2contr-15000001gc-dci-p3-985800rhdmidisplayportusb-chdr10altavoz-7wx2\/#breadcrumb\",\"itemListElement\":[{\"@type\":\"ListItem\",\"position\":1,\"name\":\"Inicio\",\"item\":\"https:\/\/compuviper.mx\/tienda\/\"},{\"@type\":\"ListItem\",\"position\":2,\"name\":\"Productos\",\"item\":\"https:\/\/compuviper.mx\/tienda\/productos\/\"},{\"@type\":\"ListItem\",\"position\":3,\"name\":\"Monitores\",\"item\":\"https:\/\/compuviper.mx\/tienda\/categoria-producto\/monitores\/\"},{\"@type\":\"ListItem\",\"position\":4,\"name\":\"Led\",\"item\":\"https:\/\/compuviper.mx\/tienda\/categoria-producto\/monitores\/led\/\"},{\"@type\":\"ListItem\",\"position\":5,\"name\":\"Lg 34gx90sa-w Monitor Gaming Curvo Oled Ultragear 34 Pu,3440&#215;1440,240hz,21:09,tr 0.03ms (gtg),brillo 275cd\/m2,contr 1500000:1,gc Dci-p3 98,5%,800r,hdmi,displayport,usb-c,hdr10,altavoz 7wx2.\"}]},{\"@type\":\"WebSite\",\"@id\":\"https:\/\/compuviper.mx\/tienda\/#website\",\"url\":\"https:\/\/compuviper.mx\/tienda\/\",\"name\":\"Compuviper\",\"description\":\"Proveedor de Computadoras, Laptops, Servidores, Monitores, Puntos de Venta, Teclados,   Impresoras, T\u00f3ner, C\u00e1maras de Seguridad y m\u00e1s en tu tienda en l\u00ednea\",\"publisher\":{\"@id\":\"https:\/\/compuviper.mx\/tienda\/#organization\"},\"potentialAction\":[{\"@type\":\"SearchAction\",\"target\":{\"@type\":\"EntryPoint\",\"urlTemplate\":\"https:\/\/compuviper.mx\/tienda\/?s={search_term_string}\"},\"query-input\":\"required name=search_term_string\"}],\"inLanguage\":\"es-MX\"},{\"@type\":\"Organization\",\"@id\":\"https:\/\/compuviper.mx\/tienda\/#organization\",\"name\":\"Compuviper\",\"url\":\"https:\/\/compuviper.mx\/tienda\/\",\"logo\":{\"@type\":\"ImageObject\",\"inLanguage\":\"es-MX\",\"@id\":\"https:\/\/compuviper.mx\/tienda\/#\/schema\/logo\/image\/\",\"url\":\"https:\/\/compuviper.mx\/tienda\/wp-content\/uploads\/2021\/08\/Logo-Compuviper-10.png\",\"contentUrl\":\"https:\/\/compuviper.mx\/tienda\/wp-content\/uploads\/2021\/08\/Logo-Compuviper-10.png\",\"width\":1000,\"height\":500,\"caption\":\"Compuviper\"},\"image\":{\"@id\":\"https:\/\/compuviper.mx\/tienda\/#\/schema\/logo\/image\/\"},\"sameAs\":[\"https:\/\/www.facebook.com\/compuviper\",\"https:\/\/www.youtube.com\/channel\/UCf73dERp9Y3cfOq7q8BhLjA?view_as=subscriber\"]}]}<\/script>\n<meta property=\"product:brand\" content=\"LG\" \/>\n<meta property=\"product:price:amount\" content=\"19439\" \/>\n<meta property=\"product:price:currency\" content=\"MXN\" \/>\n<meta property=\"og:availability\" content=\"instock\" \/>\n<meta property=\"product:availability\" content=\"instock\" \/>\n<meta property=\"product:retailer_item_id\" content=\"34GX90SA-W\" \/>\n<meta property=\"product:condition\" content=\"new\" \/>\n<!-- \/ Yoast SEO plugin. -->","yoast_head_json":{"title":"[ Lg ] &#129351; 34gx90sa-w Monitor Gaming Curvo Oled Ultragear 34 Pu,3440x1440,240hz,21:09,tr 0.03ms (gtg),brillo 275cd\/m2,contr 1500000:1,gc Dci-p3 98,5%,800r,hdmi,displayport,usb-c,hdr10,altavoz 7wx2.","description":"Compra 34gx90sa-w Monitor Gaming Curvo Oled Ultragear 34 Pu,3440x1440,240hz,21:09,tr 0.03ms (gtg),brillo 275cd\/m2,contr 1500000:1,gc Dci-p3 98,5%,800r,hdmi,displayport,usb-c,hdr10,altavoz 7wx2. + Env\u00edo a domicilio + Pago seguro + Garant\u00eda","robots":{"index":"index","follow":"follow","max-snippet":"max-snippet:-1","max-image-preview":"max-image-preview:large","max-video-preview":"max-video-preview:-1"},"canonical":"https:\/\/compuviper.mx\/tienda\/producto\/lg-34gx90sa-w-monitor-gaming-curvo-oled-ultragear-34-pu3440x1440240hz2109tr-0-03ms-gtgbrillo-275cd-m2contr-15000001gc-dci-p3-985800rhdmidisplayportusb-chdr10altavoz-7wx2\/","og_locale":"es_MX","og_type":"article","og_title":"[ Lg ] &#129351; 34gx90sa-w Monitor Gaming Curvo Oled Ultragear 34 Pu,3440x1440,240hz,21:09,tr 0.03ms (gtg),brillo 275cd\/m2,contr 1500000:1,gc Dci-p3 98,5%,800r,hdmi,displayport,usb-c,hdr10,altavoz 7wx2.","og_description":"Compra 34gx90sa-w Monitor Gaming Curvo Oled Ultragear 34 Pu,3440x1440,240hz,21:09,tr 0.03ms (gtg),brillo 275cd\/m2,contr 1500000:1,gc Dci-p3 98,5%,800r,hdmi,displayport,usb-c,hdr10,altavoz 7wx2. + Env\u00edo a domicilio + Pago seguro + Garant\u00eda","og_url":"https:\/\/compuviper.mx\/tienda\/producto\/lg-34gx90sa-w-monitor-gaming-curvo-oled-ultragear-34-pu3440x1440240hz2109tr-0-03ms-gtgbrillo-275cd-m2contr-15000001gc-dci-p3-985800rhdmidisplayportusb-chdr10altavoz-7wx2\/","og_site_name":"Compuviper","article_publisher":"https:\/\/www.facebook.com\/compuviper","twitter_card":"summary_large_image","twitter_misc":{"Precio":"&#36;19,439 con IVA","Availability":"In stock"},"schema":{"@context":"https:\/\/schema.org","@graph":[{"@type":"WebPage","@id":"https:\/\/compuviper.mx\/tienda\/producto\/lg-34gx90sa-w-monitor-gaming-curvo-oled-ultragear-34-pu3440x1440240hz2109tr-0-03ms-gtgbrillo-275cd-m2contr-15000001gc-dci-p3-985800rhdmidisplayportusb-chdr10altavoz-7wx2\/","url":"https:\/\/compuviper.mx\/tienda\/producto\/lg-34gx90sa-w-monitor-gaming-curvo-oled-ultragear-34-pu3440x1440240hz2109tr-0-03ms-gtgbrillo-275cd-m2contr-15000001gc-dci-p3-985800rhdmidisplayportusb-chdr10altavoz-7wx2\/","name":"[ Lg ] &#129351; 34gx90sa-w Monitor Gaming Curvo Oled Ultragear 34 Pu,3440x1440,240hz,21:09,tr 0.03ms (gtg),brillo 275cd\/m2,contr 1500000:1,gc Dci-p3 98,5%,800r,hdmi,displayport,usb-c,hdr10,altavoz 7wx2.","isPartOf":{"@id":"https:\/\/compuviper.mx\/tienda\/#website"},"datePublished":"2026-04-02T06:54:33+00:00","dateModified":"2026-04-02T06:54:33+00:00","description":"Compra 34gx90sa-w Monitor Gaming Curvo Oled Ultragear 34 Pu,3440x1440,240hz,21:09,tr 0.03ms (gtg),brillo 275cd\/m2,contr 1500000:1,gc Dci-p3 98,5%,800r,hdmi,displayport,usb-c,hdr10,altavoz 7wx2. + Env\u00edo a domicilio + Pago seguro + Garant\u00eda","breadcrumb":{"@id":"https:\/\/compuviper.mx\/tienda\/producto\/lg-34gx90sa-w-monitor-gaming-curvo-oled-ultragear-34-pu3440x1440240hz2109tr-0-03ms-gtgbrillo-275cd-m2contr-15000001gc-dci-p3-985800rhdmidisplayportusb-chdr10altavoz-7wx2\/#breadcrumb"},"inLanguage":"es-MX","potentialAction":[{"@type":"ReadAction","target":["https:\/\/compuviper.mx\/tienda\/producto\/lg-34gx90sa-w-monitor-gaming-curvo-oled-ultragear-34-pu3440x1440240hz2109tr-0-03ms-gtgbrillo-275cd-m2contr-15000001gc-dci-p3-985800rhdmidisplayportusb-chdr10altavoz-7wx2\/"]}]},{"@type":"BreadcrumbList","@id":"https:\/\/compuviper.mx\/tienda\/producto\/lg-34gx90sa-w-monitor-gaming-curvo-oled-ultragear-34-pu3440x1440240hz2109tr-0-03ms-gtgbrillo-275cd-m2contr-15000001gc-dci-p3-985800rhdmidisplayportusb-chdr10altavoz-7wx2\/#breadcrumb","itemListElement":[{"@type":"ListItem","position":1,"name":"Inicio","item":"https:\/\/compuviper.mx\/tienda\/"},{"@type":"ListItem","position":2,"name":"Productos","item":"https:\/\/compuviper.mx\/tienda\/productos\/"},{"@type":"ListItem","position":3,"name":"Monitores","item":"https:\/\/compuviper.mx\/tienda\/categoria-producto\/monitores\/"},{"@type":"ListItem","position":4,"name":"Led","item":"https:\/\/compuviper.mx\/tienda\/categoria-producto\/monitores\/led\/"},{"@type":"ListItem","position":5,"name":"Lg 34gx90sa-w Monitor Gaming Curvo Oled Ultragear 34 Pu,3440&#215;1440,240hz,21:09,tr 0.03ms (gtg),brillo 275cd\/m2,contr 1500000:1,gc Dci-p3 98,5%,800r,hdmi,displayport,usb-c,hdr10,altavoz 7wx2."}]},{"@type":"WebSite","@id":"https:\/\/compuviper.mx\/tienda\/#website","url":"https:\/\/compuviper.mx\/tienda\/","name":"Compuviper","description":"Proveedor de Computadoras, Laptops, Servidores, Monitores, Puntos de Venta, Teclados,   Impresoras, T\u00f3ner, C\u00e1maras de Seguridad y m\u00e1s en tu tienda en l\u00ednea","publisher":{"@id":"https:\/\/compuviper.mx\/tienda\/#organization"},"potentialAction":[{"@type":"SearchAction","target":{"@type":"EntryPoint","urlTemplate":"https:\/\/compuviper.mx\/tienda\/?s={search_term_string}"},"query-input":"required name=search_term_string"}],"inLanguage":"es-MX"},{"@type":"Organization","@id":"https:\/\/compuviper.mx\/tienda\/#organization","name":"Compuviper","url":"https:\/\/compuviper.mx\/tienda\/","logo":{"@type":"ImageObject","inLanguage":"es-MX","@id":"https:\/\/compuviper.mx\/tienda\/#\/schema\/logo\/image\/","url":"https:\/\/compuviper.mx\/tienda\/wp-content\/uploads\/2021\/08\/Logo-Compuviper-10.png","contentUrl":"https:\/\/compuviper.mx\/tienda\/wp-content\/uploads\/2021\/08\/Logo-Compuviper-10.png","width":1000,"height":500,"caption":"Compuviper"},"image":{"@id":"https:\/\/compuviper.mx\/tienda\/#\/schema\/logo\/image\/"},"sameAs":["https:\/\/www.facebook.com\/compuviper","https:\/\/www.youtube.com\/channel\/UCf73dERp9Y3cfOq7q8BhLjA?view_as=subscriber"]}]},"product_brand":"LG","product_price_amount":"19439","product_price_currency":"MXN","og_availability":"instock","product_availability":"instock","product_retailer_item_id":"34GX90SA-W","product_condition":"new"},"_links":{"self":[{"href":"https:\/\/compuviper.mx\/tienda\/wp-json\/wp\/v2\/product\/263509"}],"collection":[{"href":"https:\/\/compuviper.mx\/tienda\/wp-json\/wp\/v2\/product"}],"about":[{"href":"https:\/\/compuviper.mx\/tienda\/wp-json\/wp\/v2\/types\/product"}],"replies":[{"embeddable":true,"href":"https:\/\/compuviper.mx\/tienda\/wp-json\/wp\/v2\/comments?post=263509"}],"wp:attachment":[{"href":"https:\/\/compuviper.mx\/tienda\/wp-json\/wp\/v2\/media?parent=263509"}],"wp:term":[{"taxonomy":"product_cat","embeddable":true,"href":"https:\/\/compuviper.mx\/tienda\/wp-json\/wp\/v2\/product_cat?post=263509"},{"taxonomy":"product_tag","embeddable":true,"href":"https:\/\/compuviper.mx\/tienda\/wp-json\/wp\/v2\/product_tag?post=263509"}],"curies":[{"name":"wp","href":"https:\/\/api.w.org\/{rel}","templated":true}]}}