{"id":263503,"date":"2026-04-02T00:39:29","date_gmt":"2026-04-02T06:39:29","guid":{"rendered":"https:\/\/compuviper.mx\/tienda\/producto\/seagate-stkp16000400-disco-duro-externo-expansion-16tb-3-5-escritorio-usb-3-0-negro-win-mac-adapt-de-alimentacion\/"},"modified":"2026-04-03T00:00:14","modified_gmt":"2026-04-03T06:00:14","slug":"seagate-stkp16000400-disco-duro-externo-expansion-16tb-3-5-escritorio-usb-3-0-negro-win-mac-adapt-de-alimentacion","status":"publish","type":"product","link":"https:\/\/compuviper.mx\/tienda\/producto\/seagate-stkp16000400-disco-duro-externo-expansion-16tb-3-5-escritorio-usb-3-0-negro-win-mac-adapt-de-alimentacion\/","title":{"rendered":"Seagate Stkp16000400 Disco Duro Externo  Expansion 16tb 3.5 Escritorio Usb 3.0 Negro Win Mac Adapt De Alimentacion"},"content":{"rendered":"<table class=\"descripcion\">\n<tr>\n<td>Informacion tecnica:<\/td>\n<\/tr>\n<tr>\n<td>Especificaciones<\/td>\n<\/tr>\n<tr>\n<td>16 tb<\/td>\n<\/tr>\n<tr>\n<td>Modelo<\/td>\n<\/tr>\n<tr>\n<td>Stkp16000400<\/td>\n<\/tr>\n<tr>\n<td>C\u00f3digo upc<\/td>\n<\/tr>\n<tr>\n<td>763649160695<\/td>\n<\/tr>\n<tr>\n<td>C\u00f3digo ean<\/td>\n<\/tr>\n<tr>\n<td>3660619040469<\/td>\n<\/tr>\n<tr>\n<td>Unidad de escritorio seagate expansion: almacenamiento adicional para su pc y mac.<\/td>\n<\/tr>\n<tr>\n<td>La unidad de escritorio seagate\u00ae expansion proporciona almacenamiento adicional para su creciente colecci\u00f3n de archivos. a\u00f1ada espacio al instante para m\u00e1s archivos, consolide todos sus archivos en una sola ubicaci\u00f3n o libere espacio en el disco duro interno de su ordenador para mejorar el rendimiento.<\/td>\n<\/tr>\n<tr>\n<td>La configuraci\u00f3n es sencilla: simplemente conecte la fuente de alimentaci\u00f3n y el cable usb incluidos, y estar\u00e1 listo. el sistema operativo windows\u00ae o mac la reconoce autom\u00e1ticamente, por lo que no es necesario instalar ni configurar ning\u00fan software. guardar archivos tambi\u00e9n es f\u00e1cil: simplemente arrastre y suelte.<\/td>\n<\/tr>\n<tr>\n<td>Aproveche las r\u00e1pidas velocidades de transferencia de datos con la interfaz usb 3.0 conect\u00e1ndola a un puerto usb 3.0.<\/td>\n<\/tr>\n<tr>\n<td>Adem\u00e1s, seagate expansion incluye rescue data recovery services 1 para mayor tranquilidad.<\/td>\n<\/tr>\n<tr>\n<td>1 rescue data recovery services no est\u00e1 disponible en todos los pa\u00edses.<\/td>\n<\/tr>\n<tr>\n<td>Fiabilidad<\/td>\n<\/tr>\n<tr>\n<td>Rescue data recovery services para la recuperaci\u00f3n de datos<\/td>\n<\/tr>\n<tr>\n<td>3<\/td>\n<\/tr>\n<tr>\n<td>Garant\u00eda limitada (a\u00f1os)<\/td>\n<\/tr>\n<tr>\n<td>3<\/td>\n<\/tr>\n<tr>\n<td>Dimensiones del producto<\/td>\n<\/tr>\n<tr>\n<td>Altura (pulg.\/mm)<\/td>\n<\/tr>\n<tr>\n<td>1.028 pulg.\/26.11 mm<\/td>\n<\/tr>\n<tr>\n<td>Anchura (pulg.\/mm)<\/td>\n<\/tr>\n<tr>\n<td>4.01 pulg.\/101.85 mm<\/td>\n<\/tr>\n<tr>\n<td>Profundidad (pulg.\/mm)<\/td>\n<\/tr>\n<tr>\n<td>5.787 pulg.\/147 mm<\/td>\n<\/tr>\n<tr>\n<td>Peso (lb\/kg)<\/td>\n<\/tr>\n<tr>\n<td>2.59 lb\/1.17 kg<\/td>\n<\/tr>\n<\/table>\n","protected":false},"excerpt":{"rendered":"<p>Informacion comercial. Disco duro de expansi\u00f3n de escritorio de 16 tb. N.\u00b0 de modelo: stkp16000400. El disco duro de expansi\u00f3n de escritorio de seagate es la soluci\u00f3n perfecta para a\u00f1adir almacenamiento adicional a su ordenador. Es f\u00e1cil de configurar y le ofrece al instante m\u00e1s espacio para guardar archivos, fotos, v\u00eddeos y documentos importantes. Libere espacio en su disco duro interno y mantenga todo organizado en un solo lugar. Con la calidad de seagate, puede confiar en este disco para proteger sus datos y simplificar su vida digital.<\/p>\n","protected":false},"featured_media":263504,"comment_status":"open","ping_status":"open","template":"","meta":[],"product_cat":[1703,1706],"product_tag":[1710],"acf":[],"yoast_head":"<!-- This site is optimized with the Yoast SEO plugin v21.7 - https:\/\/yoast.com\/wordpress\/plugins\/seo\/ -->\n<title>[ Seagate ] &#129351; Stkp16000400 Disco Duro Externo Expansion 16tb 3.5 Escritorio Usb 3.0 Negro Win Mac Adapt De Alimentacion<\/title>\n<meta name=\"description\" content=\"Compra Stkp16000400 Disco Duro Externo Expansion 16tb 3.5 Escritorio Usb 3.0 Negro Win Mac Adapt De Alimentacion + Env\u00edo a domicilio + Pago seguro + Garant\u00eda\" \/>\n<meta name=\"robots\" content=\"index, follow, max-snippet:-1, max-image-preview:large, max-video-preview:-1\" \/>\n<link rel=\"canonical\" href=\"https:\/\/compuviper.mx\/tienda\/producto\/seagate-stkp16000400-disco-duro-externo-expansion-16tb-3-5-escritorio-usb-3-0-negro-win-mac-adapt-de-alimentacion\/\" \/>\n<meta property=\"og:locale\" content=\"es_MX\" \/>\n<meta property=\"og:type\" content=\"article\" \/>\n<meta property=\"og:title\" content=\"[ Seagate ] &#129351; Stkp16000400 Disco Duro Externo Expansion 16tb 3.5 Escritorio Usb 3.0 Negro Win Mac Adapt De Alimentacion\" \/>\n<meta property=\"og:description\" content=\"Compra Stkp16000400 Disco Duro Externo Expansion 16tb 3.5 Escritorio Usb 3.0 Negro Win Mac Adapt De Alimentacion + Env\u00edo a domicilio + Pago seguro + Garant\u00eda\" \/>\n<meta property=\"og:url\" content=\"https:\/\/compuviper.mx\/tienda\/producto\/seagate-stkp16000400-disco-duro-externo-expansion-16tb-3-5-escritorio-usb-3-0-negro-win-mac-adapt-de-alimentacion\/\" \/>\n<meta property=\"og:site_name\" content=\"Compuviper\" \/>\n<meta property=\"article:publisher\" content=\"https:\/\/www.facebook.com\/compuviper\" \/>\n<meta property=\"article:modified_time\" content=\"2026-04-03T06:00:14+00:00\" \/>\n<meta property=\"og:image\" content=\"https:\/\/compuviper.mx\/tienda\/wp-content\/uploads\/2025\/11\/Disco-duro-externo-seagate-expansion-16tb-3.5-escritorio-usb-3.0-negro-win-mac-adapt-de-alimentacion.jpg\" \/>\n\t<meta property=\"og:image:width\" content=\"200\" \/>\n\t<meta property=\"og:image:height\" content=\"200\" \/>\n\t<meta property=\"og:image:type\" content=\"image\/jpeg\" \/>\n<meta name=\"twitter:card\" content=\"summary_large_image\" \/>\n<meta name=\"twitter:label1\" content=\"Precio\" \/>\n\t<meta name=\"twitter:data1\" content=\"&#36;3,797 con IVA\" \/>\n\t<meta name=\"twitter:label2\" content=\"Availability\" \/>\n\t<meta name=\"twitter:data2\" content=\"Out of stock\" \/>\n<script type=\"application\/ld+json\" class=\"yoast-schema-graph\">{\"@context\":\"https:\/\/schema.org\",\"@graph\":[{\"@type\":\"WebPage\",\"@id\":\"https:\/\/compuviper.mx\/tienda\/producto\/seagate-stkp16000400-disco-duro-externo-expansion-16tb-3-5-escritorio-usb-3-0-negro-win-mac-adapt-de-alimentacion\/\",\"url\":\"https:\/\/compuviper.mx\/tienda\/producto\/seagate-stkp16000400-disco-duro-externo-expansion-16tb-3-5-escritorio-usb-3-0-negro-win-mac-adapt-de-alimentacion\/\",\"name\":\"[ Seagate ] &#129351; Stkp16000400 Disco Duro Externo Expansion 16tb 3.5 Escritorio Usb 3.0 Negro Win Mac Adapt De Alimentacion\",\"isPartOf\":{\"@id\":\"https:\/\/compuviper.mx\/tienda\/#website\"},\"datePublished\":\"2026-04-02T06:39:29+00:00\",\"dateModified\":\"2026-04-03T06:00:14+00:00\",\"description\":\"Compra Stkp16000400 Disco Duro Externo Expansion 16tb 3.5 Escritorio Usb 3.0 Negro Win Mac Adapt De Alimentacion + Env\u00edo a domicilio + Pago seguro + Garant\u00eda\",\"breadcrumb\":{\"@id\":\"https:\/\/compuviper.mx\/tienda\/producto\/seagate-stkp16000400-disco-duro-externo-expansion-16tb-3-5-escritorio-usb-3-0-negro-win-mac-adapt-de-alimentacion\/#breadcrumb\"},\"inLanguage\":\"es-MX\",\"potentialAction\":[{\"@type\":\"ReadAction\",\"target\":[\"https:\/\/compuviper.mx\/tienda\/producto\/seagate-stkp16000400-disco-duro-externo-expansion-16tb-3-5-escritorio-usb-3-0-negro-win-mac-adapt-de-alimentacion\/\"]}]},{\"@type\":\"BreadcrumbList\",\"@id\":\"https:\/\/compuviper.mx\/tienda\/producto\/seagate-stkp16000400-disco-duro-externo-expansion-16tb-3-5-escritorio-usb-3-0-negro-win-mac-adapt-de-alimentacion\/#breadcrumb\",\"itemListElement\":[{\"@type\":\"ListItem\",\"position\":1,\"name\":\"Inicio\",\"item\":\"https:\/\/compuviper.mx\/tienda\/\"},{\"@type\":\"ListItem\",\"position\":2,\"name\":\"Productos\",\"item\":\"https:\/\/compuviper.mx\/tienda\/productos\/\"},{\"@type\":\"ListItem\",\"position\":3,\"name\":\"Discos Duros\",\"item\":\"https:\/\/compuviper.mx\/tienda\/categoria-producto\/discos-duros\/\"},{\"@type\":\"ListItem\",\"position\":4,\"name\":\"Disco Duro\",\"item\":\"https:\/\/compuviper.mx\/tienda\/categoria-producto\/discos-duros\/disco-duro\/\"},{\"@type\":\"ListItem\",\"position\":5,\"name\":\"Seagate Stkp16000400 Disco Duro Externo Expansion 16tb 3.5 Escritorio Usb 3.0 Negro Win Mac Adapt De Alimentacion\"}]},{\"@type\":\"WebSite\",\"@id\":\"https:\/\/compuviper.mx\/tienda\/#website\",\"url\":\"https:\/\/compuviper.mx\/tienda\/\",\"name\":\"Compuviper\",\"description\":\"Proveedor de Computadoras, Laptops, Servidores, Monitores, Puntos de Venta, Teclados,   Impresoras, T\u00f3ner, C\u00e1maras de Seguridad y m\u00e1s en tu tienda en l\u00ednea\",\"publisher\":{\"@id\":\"https:\/\/compuviper.mx\/tienda\/#organization\"},\"potentialAction\":[{\"@type\":\"SearchAction\",\"target\":{\"@type\":\"EntryPoint\",\"urlTemplate\":\"https:\/\/compuviper.mx\/tienda\/?s={search_term_string}\"},\"query-input\":\"required name=search_term_string\"}],\"inLanguage\":\"es-MX\"},{\"@type\":\"Organization\",\"@id\":\"https:\/\/compuviper.mx\/tienda\/#organization\",\"name\":\"Compuviper\",\"url\":\"https:\/\/compuviper.mx\/tienda\/\",\"logo\":{\"@type\":\"ImageObject\",\"inLanguage\":\"es-MX\",\"@id\":\"https:\/\/compuviper.mx\/tienda\/#\/schema\/logo\/image\/\",\"url\":\"https:\/\/compuviper.mx\/tienda\/wp-content\/uploads\/2021\/08\/Logo-Compuviper-10.png\",\"contentUrl\":\"https:\/\/compuviper.mx\/tienda\/wp-content\/uploads\/2021\/08\/Logo-Compuviper-10.png\",\"width\":1000,\"height\":500,\"caption\":\"Compuviper\"},\"image\":{\"@id\":\"https:\/\/compuviper.mx\/tienda\/#\/schema\/logo\/image\/\"},\"sameAs\":[\"https:\/\/www.facebook.com\/compuviper\",\"https:\/\/www.youtube.com\/channel\/UCf73dERp9Y3cfOq7q8BhLjA?view_as=subscriber\"]}]}<\/script>\n<meta property=\"product:brand\" content=\"SEAGATE\" \/>\n<meta property=\"product:price:amount\" content=\"3797\" \/>\n<meta property=\"product:price:currency\" content=\"MXN\" \/>\n<meta property=\"og:availability\" content=\"out of stock\" \/>\n<meta property=\"product:availability\" content=\"out of stock\" \/>\n<meta property=\"product:retailer_item_id\" content=\"STKP16000400\" \/>\n<meta property=\"product:condition\" content=\"new\" \/>\n<!-- \/ Yoast SEO plugin. -->","yoast_head_json":{"title":"[ Seagate ] &#129351; Stkp16000400 Disco Duro Externo Expansion 16tb 3.5 Escritorio Usb 3.0 Negro Win Mac Adapt De Alimentacion","description":"Compra Stkp16000400 Disco Duro Externo Expansion 16tb 3.5 Escritorio Usb 3.0 Negro Win Mac Adapt De Alimentacion + Env\u00edo a domicilio + Pago seguro + Garant\u00eda","robots":{"index":"index","follow":"follow","max-snippet":"max-snippet:-1","max-image-preview":"max-image-preview:large","max-video-preview":"max-video-preview:-1"},"canonical":"https:\/\/compuviper.mx\/tienda\/producto\/seagate-stkp16000400-disco-duro-externo-expansion-16tb-3-5-escritorio-usb-3-0-negro-win-mac-adapt-de-alimentacion\/","og_locale":"es_MX","og_type":"article","og_title":"[ Seagate ] &#129351; Stkp16000400 Disco Duro Externo Expansion 16tb 3.5 Escritorio Usb 3.0 Negro Win Mac Adapt De Alimentacion","og_description":"Compra Stkp16000400 Disco Duro Externo Expansion 16tb 3.5 Escritorio Usb 3.0 Negro Win Mac Adapt De Alimentacion + Env\u00edo a domicilio + Pago seguro + Garant\u00eda","og_url":"https:\/\/compuviper.mx\/tienda\/producto\/seagate-stkp16000400-disco-duro-externo-expansion-16tb-3-5-escritorio-usb-3-0-negro-win-mac-adapt-de-alimentacion\/","og_site_name":"Compuviper","article_publisher":"https:\/\/www.facebook.com\/compuviper","article_modified_time":"2026-04-03T06:00:14+00:00","og_image":[{"width":200,"height":200,"url":"https:\/\/compuviper.mx\/tienda\/wp-content\/uploads\/2025\/11\/Disco-duro-externo-seagate-expansion-16tb-3.5-escritorio-usb-3.0-negro-win-mac-adapt-de-alimentacion.jpg","type":"image\/jpeg"}],"twitter_card":"summary_large_image","twitter_misc":{"Precio":"&#36;3,797 con IVA","Availability":"Out of stock"},"schema":{"@context":"https:\/\/schema.org","@graph":[{"@type":"WebPage","@id":"https:\/\/compuviper.mx\/tienda\/producto\/seagate-stkp16000400-disco-duro-externo-expansion-16tb-3-5-escritorio-usb-3-0-negro-win-mac-adapt-de-alimentacion\/","url":"https:\/\/compuviper.mx\/tienda\/producto\/seagate-stkp16000400-disco-duro-externo-expansion-16tb-3-5-escritorio-usb-3-0-negro-win-mac-adapt-de-alimentacion\/","name":"[ Seagate ] &#129351; Stkp16000400 Disco Duro Externo Expansion 16tb 3.5 Escritorio Usb 3.0 Negro Win Mac Adapt De Alimentacion","isPartOf":{"@id":"https:\/\/compuviper.mx\/tienda\/#website"},"datePublished":"2026-04-02T06:39:29+00:00","dateModified":"2026-04-03T06:00:14+00:00","description":"Compra Stkp16000400 Disco Duro Externo Expansion 16tb 3.5 Escritorio Usb 3.0 Negro Win Mac Adapt De Alimentacion + Env\u00edo a domicilio + Pago seguro + Garant\u00eda","breadcrumb":{"@id":"https:\/\/compuviper.mx\/tienda\/producto\/seagate-stkp16000400-disco-duro-externo-expansion-16tb-3-5-escritorio-usb-3-0-negro-win-mac-adapt-de-alimentacion\/#breadcrumb"},"inLanguage":"es-MX","potentialAction":[{"@type":"ReadAction","target":["https:\/\/compuviper.mx\/tienda\/producto\/seagate-stkp16000400-disco-duro-externo-expansion-16tb-3-5-escritorio-usb-3-0-negro-win-mac-adapt-de-alimentacion\/"]}]},{"@type":"BreadcrumbList","@id":"https:\/\/compuviper.mx\/tienda\/producto\/seagate-stkp16000400-disco-duro-externo-expansion-16tb-3-5-escritorio-usb-3-0-negro-win-mac-adapt-de-alimentacion\/#breadcrumb","itemListElement":[{"@type":"ListItem","position":1,"name":"Inicio","item":"https:\/\/compuviper.mx\/tienda\/"},{"@type":"ListItem","position":2,"name":"Productos","item":"https:\/\/compuviper.mx\/tienda\/productos\/"},{"@type":"ListItem","position":3,"name":"Discos Duros","item":"https:\/\/compuviper.mx\/tienda\/categoria-producto\/discos-duros\/"},{"@type":"ListItem","position":4,"name":"Disco Duro","item":"https:\/\/compuviper.mx\/tienda\/categoria-producto\/discos-duros\/disco-duro\/"},{"@type":"ListItem","position":5,"name":"Seagate Stkp16000400 Disco Duro Externo Expansion 16tb 3.5 Escritorio Usb 3.0 Negro Win Mac Adapt De Alimentacion"}]},{"@type":"WebSite","@id":"https:\/\/compuviper.mx\/tienda\/#website","url":"https:\/\/compuviper.mx\/tienda\/","name":"Compuviper","description":"Proveedor de Computadoras, Laptops, Servidores, Monitores, Puntos de Venta, Teclados,   Impresoras, T\u00f3ner, C\u00e1maras de Seguridad y m\u00e1s en tu tienda en l\u00ednea","publisher":{"@id":"https:\/\/compuviper.mx\/tienda\/#organization"},"potentialAction":[{"@type":"SearchAction","target":{"@type":"EntryPoint","urlTemplate":"https:\/\/compuviper.mx\/tienda\/?s={search_term_string}"},"query-input":"required name=search_term_string"}],"inLanguage":"es-MX"},{"@type":"Organization","@id":"https:\/\/compuviper.mx\/tienda\/#organization","name":"Compuviper","url":"https:\/\/compuviper.mx\/tienda\/","logo":{"@type":"ImageObject","inLanguage":"es-MX","@id":"https:\/\/compuviper.mx\/tienda\/#\/schema\/logo\/image\/","url":"https:\/\/compuviper.mx\/tienda\/wp-content\/uploads\/2021\/08\/Logo-Compuviper-10.png","contentUrl":"https:\/\/compuviper.mx\/tienda\/wp-content\/uploads\/2021\/08\/Logo-Compuviper-10.png","width":1000,"height":500,"caption":"Compuviper"},"image":{"@id":"https:\/\/compuviper.mx\/tienda\/#\/schema\/logo\/image\/"},"sameAs":["https:\/\/www.facebook.com\/compuviper","https:\/\/www.youtube.com\/channel\/UCf73dERp9Y3cfOq7q8BhLjA?view_as=subscriber"]}]},"product_brand":"SEAGATE","product_price_amount":"3797","product_price_currency":"MXN","og_availability":"out of stock","product_availability":"out of stock","product_retailer_item_id":"STKP16000400","product_condition":"new"},"_links":{"self":[{"href":"https:\/\/compuviper.mx\/tienda\/wp-json\/wp\/v2\/product\/263503"}],"collection":[{"href":"https:\/\/compuviper.mx\/tienda\/wp-json\/wp\/v2\/product"}],"about":[{"href":"https:\/\/compuviper.mx\/tienda\/wp-json\/wp\/v2\/types\/product"}],"replies":[{"embeddable":true,"href":"https:\/\/compuviper.mx\/tienda\/wp-json\/wp\/v2\/comments?post=263503"}],"wp:featuredmedia":[{"embeddable":true,"href":"https:\/\/compuviper.mx\/tienda\/wp-json\/wp\/v2\/media\/263504"}],"wp:attachment":[{"href":"https:\/\/compuviper.mx\/tienda\/wp-json\/wp\/v2\/media?parent=263503"}],"wp:term":[{"taxonomy":"product_cat","embeddable":true,"href":"https:\/\/compuviper.mx\/tienda\/wp-json\/wp\/v2\/product_cat?post=263503"},{"taxonomy":"product_tag","embeddable":true,"href":"https:\/\/compuviper.mx\/tienda\/wp-json\/wp\/v2\/product_tag?post=263503"}],"curies":[{"name":"wp","href":"https:\/\/api.w.org\/{rel}","templated":true}]}}