{"id":263468,"date":"2026-04-21T23:08:09","date_gmt":"2026-04-22T05:08:09","guid":{"rendered":"https:\/\/compuviper.mx\/tienda\/producto\/vica-vicaex-7p-supresor-de-picos-para-escritorio-3-salidas-y-4-puertos-usb\/"},"modified":"2026-04-21T23:08:10","modified_gmt":"2026-04-22T05:08:10","slug":"vica-vicaex-7p-supresor-de-picos-para-escritorio-3-salidas-y-4-puertos-usb","status":"publish","type":"product","link":"https:\/\/compuviper.mx\/tienda\/producto\/vica-vicaex-7p-supresor-de-picos-para-escritorio-3-salidas-y-4-puertos-usb\/","title":{"rendered":"Vica Vicaex 7p Supresor De Picos   Para Escritorio 3 Salidas Y 4 Puertos Usb"},"content":{"rendered":"<table class=\"descripcion\">\n<tr>\n<td>Modelo: vicaex 7p<\/td>\n<\/tr>\n<tr>\n<td>Caracteristicas del producto:<\/td>\n<\/tr>\n<tr>\n<td>Clasificacion de voltaje: 15a \/ 125v \/ 1875w<\/td>\n<\/tr>\n<tr>\n<td>Tomas de corriente: 3<\/td>\n<\/tr>\n<tr>\n<td>Puertos usb: 4<\/td>\n<\/tr>\n<tr>\n<td>Salida usb: 5v \/ 4.5a \/ 22.5w<\/td>\n<\/tr>\n<tr>\n<td>Longitud del cable: 1 metro<\/td>\n<\/tr>\n<tr>\n<td>Diametro del cable de alimentacion (mm\u00b2): # 14<\/td>\n<\/tr>\n<tr>\n<td>Tiempo de respuesta:  1 nanosegundo<\/td>\n<\/tr>\n<tr>\n<td>Certificaciones: etl \/ nom<\/td>\n<\/tr>\n<tr>\n<td>Tamano: 101,9 x 39,9 x 31,2 mm<\/td>\n<\/tr>\n<tr>\n<td>Materiales: resistente al fuego<\/td>\n<\/tr>\n<\/table>\n","protected":false},"excerpt":{"rendered":"<p>Apto para electronica general. Apto para computadora. Adecuado para audio \/ video \/ hi-fi, etc. Detecta automaticamente sus dispositivos y. Busca maximizar la velocidad de carga mas. Rapida posible (5v\/2.4 max. En cada puerto).<\/p>\n","protected":false},"featured_media":263594,"comment_status":"open","ping_status":"open","template":"","meta":[],"product_cat":[1508,1509],"product_tag":[1695],"acf":[],"yoast_head":"<!-- This site is optimized with the Yoast SEO plugin v21.7 - https:\/\/yoast.com\/wordpress\/plugins\/seo\/ -->\n<title>[ Vica ] &#129351; Vicaex 7p Supresor De Picos Para Escritorio 3 Salidas Y 4 Puertos Usb<\/title>\n<meta name=\"description\" content=\"Compra Vicaex 7p Supresor De Picos Para Escritorio 3 Salidas Y 4 Puertos Usb + Env\u00edo a domicilio + Pago seguro + Garant\u00eda\" \/>\n<meta name=\"robots\" content=\"index, follow, max-snippet:-1, max-image-preview:large, max-video-preview:-1\" \/>\n<link rel=\"canonical\" href=\"https:\/\/compuviper.mx\/tienda\/producto\/vica-vicaex-7p-supresor-de-picos-para-escritorio-3-salidas-y-4-puertos-usb\/\" \/>\n<meta property=\"og:locale\" content=\"es_MX\" \/>\n<meta property=\"og:type\" content=\"article\" \/>\n<meta property=\"og:title\" content=\"[ Vica ] &#129351; Vicaex 7p Supresor De Picos Para Escritorio 3 Salidas Y 4 Puertos Usb\" \/>\n<meta property=\"og:description\" content=\"Compra Vicaex 7p Supresor De Picos Para Escritorio 3 Salidas Y 4 Puertos Usb + Env\u00edo a domicilio + Pago seguro + Garant\u00eda\" \/>\n<meta property=\"og:url\" content=\"https:\/\/compuviper.mx\/tienda\/producto\/vica-vicaex-7p-supresor-de-picos-para-escritorio-3-salidas-y-4-puertos-usb\/\" \/>\n<meta property=\"og:site_name\" content=\"Compuviper\" \/>\n<meta property=\"article:publisher\" content=\"https:\/\/www.facebook.com\/compuviper\" \/>\n<meta property=\"article:modified_time\" content=\"2026-04-22T05:08:10+00:00\" \/>\n<meta property=\"og:image\" content=\"https:\/\/compuviper.mx\/tienda\/wp-content\/uploads\/2025\/11\/Supresor-de-picos-vica-para-escritorio-3-salidas-y-4-puertos-usb.jpg\" \/>\n\t<meta property=\"og:image:width\" content=\"200\" \/>\n\t<meta property=\"og:image:height\" content=\"200\" \/>\n\t<meta property=\"og:image:type\" content=\"image\/jpeg\" \/>\n<meta name=\"twitter:card\" content=\"summary_large_image\" \/>\n<meta name=\"twitter:label1\" content=\"Precio\" \/>\n\t<meta name=\"twitter:data1\" content=\"&#36;400 con IVA\" \/>\n\t<meta name=\"twitter:label2\" content=\"Availability\" \/>\n\t<meta name=\"twitter:data2\" content=\"Out of stock\" \/>\n<script type=\"application\/ld+json\" class=\"yoast-schema-graph\">{\"@context\":\"https:\/\/schema.org\",\"@graph\":[{\"@type\":\"WebPage\",\"@id\":\"https:\/\/compuviper.mx\/tienda\/producto\/vica-vicaex-7p-supresor-de-picos-para-escritorio-3-salidas-y-4-puertos-usb\/\",\"url\":\"https:\/\/compuviper.mx\/tienda\/producto\/vica-vicaex-7p-supresor-de-picos-para-escritorio-3-salidas-y-4-puertos-usb\/\",\"name\":\"[ Vica ] &#129351; Vicaex 7p Supresor De Picos Para Escritorio 3 Salidas Y 4 Puertos Usb\",\"isPartOf\":{\"@id\":\"https:\/\/compuviper.mx\/tienda\/#website\"},\"datePublished\":\"2026-04-22T05:08:09+00:00\",\"dateModified\":\"2026-04-22T05:08:10+00:00\",\"description\":\"Compra Vicaex 7p Supresor De Picos Para Escritorio 3 Salidas Y 4 Puertos Usb + Env\u00edo a domicilio + Pago seguro + Garant\u00eda\",\"breadcrumb\":{\"@id\":\"https:\/\/compuviper.mx\/tienda\/producto\/vica-vicaex-7p-supresor-de-picos-para-escritorio-3-salidas-y-4-puertos-usb\/#breadcrumb\"},\"inLanguage\":\"es-MX\",\"potentialAction\":[{\"@type\":\"ReadAction\",\"target\":[\"https:\/\/compuviper.mx\/tienda\/producto\/vica-vicaex-7p-supresor-de-picos-para-escritorio-3-salidas-y-4-puertos-usb\/\"]}]},{\"@type\":\"BreadcrumbList\",\"@id\":\"https:\/\/compuviper.mx\/tienda\/producto\/vica-vicaex-7p-supresor-de-picos-para-escritorio-3-salidas-y-4-puertos-usb\/#breadcrumb\",\"itemListElement\":[{\"@type\":\"ListItem\",\"position\":1,\"name\":\"Inicio\",\"item\":\"https:\/\/compuviper.mx\/tienda\/\"},{\"@type\":\"ListItem\",\"position\":2,\"name\":\"Productos\",\"item\":\"https:\/\/compuviper.mx\/tienda\/productos\/\"},{\"@type\":\"ListItem\",\"position\":3,\"name\":\"Energia\",\"item\":\"https:\/\/compuviper.mx\/tienda\/categoria-producto\/energia\/\"},{\"@type\":\"ListItem\",\"position\":4,\"name\":\"Supresor De Picos\",\"item\":\"https:\/\/compuviper.mx\/tienda\/categoria-producto\/energia\/supresor-de-picos\/\"},{\"@type\":\"ListItem\",\"position\":5,\"name\":\"Vica Vicaex 7p Supresor De Picos Para Escritorio 3 Salidas Y 4 Puertos Usb\"}]},{\"@type\":\"WebSite\",\"@id\":\"https:\/\/compuviper.mx\/tienda\/#website\",\"url\":\"https:\/\/compuviper.mx\/tienda\/\",\"name\":\"Compuviper\",\"description\":\"Proveedor de Computadoras, Laptops, Servidores, Monitores, Puntos de Venta, Teclados,   Impresoras, T\u00f3ner, C\u00e1maras de Seguridad y m\u00e1s en tu tienda en l\u00ednea\",\"publisher\":{\"@id\":\"https:\/\/compuviper.mx\/tienda\/#organization\"},\"potentialAction\":[{\"@type\":\"SearchAction\",\"target\":{\"@type\":\"EntryPoint\",\"urlTemplate\":\"https:\/\/compuviper.mx\/tienda\/?s={search_term_string}\"},\"query-input\":\"required name=search_term_string\"}],\"inLanguage\":\"es-MX\"},{\"@type\":\"Organization\",\"@id\":\"https:\/\/compuviper.mx\/tienda\/#organization\",\"name\":\"Compuviper\",\"url\":\"https:\/\/compuviper.mx\/tienda\/\",\"logo\":{\"@type\":\"ImageObject\",\"inLanguage\":\"es-MX\",\"@id\":\"https:\/\/compuviper.mx\/tienda\/#\/schema\/logo\/image\/\",\"url\":\"https:\/\/compuviper.mx\/tienda\/wp-content\/uploads\/2021\/08\/Logo-Compuviper-10.png\",\"contentUrl\":\"https:\/\/compuviper.mx\/tienda\/wp-content\/uploads\/2021\/08\/Logo-Compuviper-10.png\",\"width\":1000,\"height\":500,\"caption\":\"Compuviper\"},\"image\":{\"@id\":\"https:\/\/compuviper.mx\/tienda\/#\/schema\/logo\/image\/\"},\"sameAs\":[\"https:\/\/www.facebook.com\/compuviper\",\"https:\/\/www.youtube.com\/channel\/UCf73dERp9Y3cfOq7q8BhLjA?view_as=subscriber\"]}]}<\/script>\n<meta property=\"product:brand\" content=\"VICA\" \/>\n<meta property=\"product:price:amount\" content=\"400\" \/>\n<meta property=\"product:price:currency\" content=\"MXN\" \/>\n<meta property=\"og:availability\" content=\"out of stock\" \/>\n<meta property=\"product:availability\" content=\"out of stock\" \/>\n<meta property=\"product:retailer_item_id\" content=\"VICAEX 7P\" \/>\n<meta property=\"product:condition\" content=\"new\" \/>\n<!-- \/ Yoast SEO plugin. -->","yoast_head_json":{"title":"[ Vica ] &#129351; Vicaex 7p Supresor De Picos Para Escritorio 3 Salidas Y 4 Puertos Usb","description":"Compra Vicaex 7p Supresor De Picos Para Escritorio 3 Salidas Y 4 Puertos Usb + Env\u00edo a domicilio + Pago seguro + Garant\u00eda","robots":{"index":"index","follow":"follow","max-snippet":"max-snippet:-1","max-image-preview":"max-image-preview:large","max-video-preview":"max-video-preview:-1"},"canonical":"https:\/\/compuviper.mx\/tienda\/producto\/vica-vicaex-7p-supresor-de-picos-para-escritorio-3-salidas-y-4-puertos-usb\/","og_locale":"es_MX","og_type":"article","og_title":"[ Vica ] &#129351; Vicaex 7p Supresor De Picos Para Escritorio 3 Salidas Y 4 Puertos Usb","og_description":"Compra Vicaex 7p Supresor De Picos Para Escritorio 3 Salidas Y 4 Puertos Usb + Env\u00edo a domicilio + Pago seguro + Garant\u00eda","og_url":"https:\/\/compuviper.mx\/tienda\/producto\/vica-vicaex-7p-supresor-de-picos-para-escritorio-3-salidas-y-4-puertos-usb\/","og_site_name":"Compuviper","article_publisher":"https:\/\/www.facebook.com\/compuviper","article_modified_time":"2026-04-22T05:08:10+00:00","og_image":[{"width":200,"height":200,"url":"https:\/\/compuviper.mx\/tienda\/wp-content\/uploads\/2025\/11\/Supresor-de-picos-vica-para-escritorio-3-salidas-y-4-puertos-usb.jpg","type":"image\/jpeg"}],"twitter_card":"summary_large_image","twitter_misc":{"Precio":"&#36;400 con IVA","Availability":"Out of stock"},"schema":{"@context":"https:\/\/schema.org","@graph":[{"@type":"WebPage","@id":"https:\/\/compuviper.mx\/tienda\/producto\/vica-vicaex-7p-supresor-de-picos-para-escritorio-3-salidas-y-4-puertos-usb\/","url":"https:\/\/compuviper.mx\/tienda\/producto\/vica-vicaex-7p-supresor-de-picos-para-escritorio-3-salidas-y-4-puertos-usb\/","name":"[ Vica ] &#129351; Vicaex 7p Supresor De Picos Para Escritorio 3 Salidas Y 4 Puertos Usb","isPartOf":{"@id":"https:\/\/compuviper.mx\/tienda\/#website"},"datePublished":"2026-04-22T05:08:09+00:00","dateModified":"2026-04-22T05:08:10+00:00","description":"Compra Vicaex 7p Supresor De Picos Para Escritorio 3 Salidas Y 4 Puertos Usb + Env\u00edo a domicilio + Pago seguro + Garant\u00eda","breadcrumb":{"@id":"https:\/\/compuviper.mx\/tienda\/producto\/vica-vicaex-7p-supresor-de-picos-para-escritorio-3-salidas-y-4-puertos-usb\/#breadcrumb"},"inLanguage":"es-MX","potentialAction":[{"@type":"ReadAction","target":["https:\/\/compuviper.mx\/tienda\/producto\/vica-vicaex-7p-supresor-de-picos-para-escritorio-3-salidas-y-4-puertos-usb\/"]}]},{"@type":"BreadcrumbList","@id":"https:\/\/compuviper.mx\/tienda\/producto\/vica-vicaex-7p-supresor-de-picos-para-escritorio-3-salidas-y-4-puertos-usb\/#breadcrumb","itemListElement":[{"@type":"ListItem","position":1,"name":"Inicio","item":"https:\/\/compuviper.mx\/tienda\/"},{"@type":"ListItem","position":2,"name":"Productos","item":"https:\/\/compuviper.mx\/tienda\/productos\/"},{"@type":"ListItem","position":3,"name":"Energia","item":"https:\/\/compuviper.mx\/tienda\/categoria-producto\/energia\/"},{"@type":"ListItem","position":4,"name":"Supresor De Picos","item":"https:\/\/compuviper.mx\/tienda\/categoria-producto\/energia\/supresor-de-picos\/"},{"@type":"ListItem","position":5,"name":"Vica Vicaex 7p Supresor De Picos Para Escritorio 3 Salidas Y 4 Puertos Usb"}]},{"@type":"WebSite","@id":"https:\/\/compuviper.mx\/tienda\/#website","url":"https:\/\/compuviper.mx\/tienda\/","name":"Compuviper","description":"Proveedor de Computadoras, Laptops, Servidores, Monitores, Puntos de Venta, Teclados,   Impresoras, T\u00f3ner, C\u00e1maras de Seguridad y m\u00e1s en tu tienda en l\u00ednea","publisher":{"@id":"https:\/\/compuviper.mx\/tienda\/#organization"},"potentialAction":[{"@type":"SearchAction","target":{"@type":"EntryPoint","urlTemplate":"https:\/\/compuviper.mx\/tienda\/?s={search_term_string}"},"query-input":"required name=search_term_string"}],"inLanguage":"es-MX"},{"@type":"Organization","@id":"https:\/\/compuviper.mx\/tienda\/#organization","name":"Compuviper","url":"https:\/\/compuviper.mx\/tienda\/","logo":{"@type":"ImageObject","inLanguage":"es-MX","@id":"https:\/\/compuviper.mx\/tienda\/#\/schema\/logo\/image\/","url":"https:\/\/compuviper.mx\/tienda\/wp-content\/uploads\/2021\/08\/Logo-Compuviper-10.png","contentUrl":"https:\/\/compuviper.mx\/tienda\/wp-content\/uploads\/2021\/08\/Logo-Compuviper-10.png","width":1000,"height":500,"caption":"Compuviper"},"image":{"@id":"https:\/\/compuviper.mx\/tienda\/#\/schema\/logo\/image\/"},"sameAs":["https:\/\/www.facebook.com\/compuviper","https:\/\/www.youtube.com\/channel\/UCf73dERp9Y3cfOq7q8BhLjA?view_as=subscriber"]}]},"product_brand":"VICA","product_price_amount":"400","product_price_currency":"MXN","og_availability":"out of stock","product_availability":"out of stock","product_retailer_item_id":"VICAEX 7P","product_condition":"new"},"_links":{"self":[{"href":"https:\/\/compuviper.mx\/tienda\/wp-json\/wp\/v2\/product\/263468"}],"collection":[{"href":"https:\/\/compuviper.mx\/tienda\/wp-json\/wp\/v2\/product"}],"about":[{"href":"https:\/\/compuviper.mx\/tienda\/wp-json\/wp\/v2\/types\/product"}],"replies":[{"embeddable":true,"href":"https:\/\/compuviper.mx\/tienda\/wp-json\/wp\/v2\/comments?post=263468"}],"wp:featuredmedia":[{"embeddable":true,"href":"https:\/\/compuviper.mx\/tienda\/wp-json\/wp\/v2\/media\/263594"}],"wp:attachment":[{"href":"https:\/\/compuviper.mx\/tienda\/wp-json\/wp\/v2\/media?parent=263468"}],"wp:term":[{"taxonomy":"product_cat","embeddable":true,"href":"https:\/\/compuviper.mx\/tienda\/wp-json\/wp\/v2\/product_cat?post=263468"},{"taxonomy":"product_tag","embeddable":true,"href":"https:\/\/compuviper.mx\/tienda\/wp-json\/wp\/v2\/product_tag?post=263468"}],"curies":[{"name":"wp","href":"https:\/\/api.w.org\/{rel}","templated":true}]}}