{"id":263425,"date":"2026-04-21T01:42:10","date_gmt":"2026-04-21T07:42:10","guid":{"rendered":"https:\/\/compuviper.mx\/tienda\/producto\/xerox-servicio-de-instalacion-xmex-servicio-de-instalacion-para-equipos-a3-incluye-capacitacion-basica-localidades-hasta-50km-se-requiere-autorizacion-del-pm-para-su-facturacion\/"},"modified":"2026-04-21T01:42:10","modified_gmt":"2026-04-21T07:42:10","slug":"xerox-servicio-de-instalacion-xmex-servicio-de-instalacion-para-equipos-a3-incluye-capacitacion-basica-localidades-hasta-50km-se-requiere-autorizacion-del-pm-para-su-facturacion","status":"publish","type":"product","link":"https:\/\/compuviper.mx\/tienda\/producto\/xerox-servicio-de-instalacion-xmex-servicio-de-instalacion-para-equipos-a3-incluye-capacitacion-basica-localidades-hasta-50km-se-requiere-autorizacion-del-pm-para-su-facturacion\/","title":{"rendered":"Xerox Servicio De Instalacion Xmex Servicio De Instalacion  Para Equipos A3, Incluye Capacitacion Basica, Localidades Hasta 50km &#8211; Se Requiere Autorizacion Del Pm Para Su Facturacion"},"content":{"rendered":"<table class=\"descripcion\">\n<tr>\n<td>Servicio de instalacion para equipos xerox a3<\/td>\n<\/tr>\n<tr>\n<td>Favor de leer con atencion y en caso de aceptar la propuesta contactar a su pm para el seguimiento del servicio<\/td>\n<\/tr>\n<tr>\n<td>&#8211; el precio incluye instalaciones en localidades de hasta 50km de la base tecnica y\/o ciudades principales.<\/td>\n<\/tr>\n<tr>\n<td>&#8211; fuera de este rango puede causar tarifas adicionales.<\/td>\n<\/tr>\n<\/table>\n","protected":false},"excerpt":{"rendered":"<p>Consideraciones para capacitacion basica: 1. Operacion basica del equipo encendido, apagado, ubicar nmero de serie y contadores de facturacion. 2. Colocacion y remplazo de consumibles. 3. Alimentacion de papel uso de tamaos y tipos. 4. Despeje de atoramientos. 5. Instalacion de comand work station. 6. Configuracion y procedimiento para copiado, impresion y escaneo. \u0095 configuracion de escaneo e impresion hasta 5 usuarios. Usuarios adicionales aplican tarifas adicionales. 7. Calibracion de impresora. 8. Manejo y utilizacion de la bandeja especial bandeja 5. No incluye: a. Perfilacion. B. Instalacion, capacitacion, uso de software de diseo c. Flujos de color y trabajo. D. Pre prensa. Informacion adicional a considerar \u0095 si se frustra dicha instalacion por causas imputables al cliente y\/o usuario final, tales como ausencia, falta de infraestructura energia electrica, nodo de red, receptaculo adecuado, etc., equipo fuera del lugar final de instalacion y\/u otros ajenos a la operacion de servicio, se presentara de nuevo la cotizacion y debera cubrirse un mismo monto adicional. \u0095 el horario para programar la visita sera de lunes a viernes de 8:30 a 17:30 horas. Excepto dias festivos.<\/p>\n","protected":false},"featured_media":0,"comment_status":"open","ping_status":"open","template":"","meta":[],"product_cat":[1982,1983],"product_tag":[2109],"acf":[],"yoast_head":"<!-- This site is optimized with the Yoast SEO plugin v21.7 - https:\/\/yoast.com\/wordpress\/plugins\/seo\/ -->\n<title>[ Xerox ] &#129351; Servicio De Instalacion Xmex Servicio De Instalacion Para Equipos A3, Incluye Capacitacion Basica, Localidades Hasta 50km - Se Requiere Autorizacion Del Pm Para Su Facturacion<\/title>\n<meta name=\"description\" content=\"Compra Servicio De Instalacion Xmex Servicio De Instalacion Para Equipos A3, Incluye Capacitacion Basica, Localidades Hasta 50km - Se Requiere Autorizacion Del Pm Para Su Facturacion + Env\u00edo a domicilio + Pago seguro + Garant\u00eda\" \/>\n<meta name=\"robots\" content=\"index, follow, max-snippet:-1, max-image-preview:large, max-video-preview:-1\" \/>\n<link rel=\"canonical\" href=\"https:\/\/compuviper.mx\/tienda\/producto\/xerox-servicio-de-instalacion-xmex-servicio-de-instalacion-para-equipos-a3-incluye-capacitacion-basica-localidades-hasta-50km-se-requiere-autorizacion-del-pm-para-su-facturacion\/\" \/>\n<meta property=\"og:locale\" content=\"es_MX\" \/>\n<meta property=\"og:type\" content=\"article\" \/>\n<meta property=\"og:title\" content=\"[ Xerox ] &#129351; Servicio De Instalacion Xmex Servicio De Instalacion Para Equipos A3, Incluye Capacitacion Basica, Localidades Hasta 50km - Se Requiere Autorizacion Del Pm Para Su Facturacion\" \/>\n<meta property=\"og:description\" content=\"Compra Servicio De Instalacion Xmex Servicio De Instalacion Para Equipos A3, Incluye Capacitacion Basica, Localidades Hasta 50km - Se Requiere Autorizacion Del Pm Para Su Facturacion + Env\u00edo a domicilio + Pago seguro + Garant\u00eda\" \/>\n<meta property=\"og:url\" content=\"https:\/\/compuviper.mx\/tienda\/producto\/xerox-servicio-de-instalacion-xmex-servicio-de-instalacion-para-equipos-a3-incluye-capacitacion-basica-localidades-hasta-50km-se-requiere-autorizacion-del-pm-para-su-facturacion\/\" \/>\n<meta property=\"og:site_name\" content=\"Compuviper\" \/>\n<meta property=\"article:publisher\" content=\"https:\/\/www.facebook.com\/compuviper\" \/>\n<meta name=\"twitter:card\" content=\"summary_large_image\" \/>\n<meta name=\"twitter:label1\" content=\"Precio\" \/>\n\t<meta name=\"twitter:data1\" content=\"&#36;2,781 con IVA\" \/>\n\t<meta name=\"twitter:label2\" content=\"Availability\" \/>\n\t<meta name=\"twitter:data2\" content=\"Out of stock\" \/>\n<script type=\"application\/ld+json\" class=\"yoast-schema-graph\">{\"@context\":\"https:\/\/schema.org\",\"@graph\":[{\"@type\":\"WebPage\",\"@id\":\"https:\/\/compuviper.mx\/tienda\/producto\/xerox-servicio-de-instalacion-xmex-servicio-de-instalacion-para-equipos-a3-incluye-capacitacion-basica-localidades-hasta-50km-se-requiere-autorizacion-del-pm-para-su-facturacion\/\",\"url\":\"https:\/\/compuviper.mx\/tienda\/producto\/xerox-servicio-de-instalacion-xmex-servicio-de-instalacion-para-equipos-a3-incluye-capacitacion-basica-localidades-hasta-50km-se-requiere-autorizacion-del-pm-para-su-facturacion\/\",\"name\":\"[ Xerox ] &#129351; Servicio De Instalacion Xmex Servicio De Instalacion Para Equipos A3, Incluye Capacitacion Basica, Localidades Hasta 50km - Se Requiere Autorizacion Del Pm Para Su Facturacion\",\"isPartOf\":{\"@id\":\"https:\/\/compuviper.mx\/tienda\/#website\"},\"datePublished\":\"2026-04-21T07:42:10+00:00\",\"dateModified\":\"2026-04-21T07:42:10+00:00\",\"description\":\"Compra Servicio De Instalacion Xmex Servicio De Instalacion Para Equipos A3, Incluye Capacitacion Basica, Localidades Hasta 50km - Se Requiere Autorizacion Del Pm Para Su Facturacion + Env\u00edo a domicilio + Pago seguro + Garant\u00eda\",\"breadcrumb\":{\"@id\":\"https:\/\/compuviper.mx\/tienda\/producto\/xerox-servicio-de-instalacion-xmex-servicio-de-instalacion-para-equipos-a3-incluye-capacitacion-basica-localidades-hasta-50km-se-requiere-autorizacion-del-pm-para-su-facturacion\/#breadcrumb\"},\"inLanguage\":\"es-MX\",\"potentialAction\":[{\"@type\":\"ReadAction\",\"target\":[\"https:\/\/compuviper.mx\/tienda\/producto\/xerox-servicio-de-instalacion-xmex-servicio-de-instalacion-para-equipos-a3-incluye-capacitacion-basica-localidades-hasta-50km-se-requiere-autorizacion-del-pm-para-su-facturacion\/\"]}]},{\"@type\":\"BreadcrumbList\",\"@id\":\"https:\/\/compuviper.mx\/tienda\/producto\/xerox-servicio-de-instalacion-xmex-servicio-de-instalacion-para-equipos-a3-incluye-capacitacion-basica-localidades-hasta-50km-se-requiere-autorizacion-del-pm-para-su-facturacion\/#breadcrumb\",\"itemListElement\":[{\"@type\":\"ListItem\",\"position\":1,\"name\":\"Inicio\",\"item\":\"https:\/\/compuviper.mx\/tienda\/\"},{\"@type\":\"ListItem\",\"position\":2,\"name\":\"Productos\",\"item\":\"https:\/\/compuviper.mx\/tienda\/productos\/\"},{\"@type\":\"ListItem\",\"position\":3,\"name\":\"Poliza De Servicio\",\"item\":\"https:\/\/compuviper.mx\/tienda\/categoria-producto\/poliza-de-servicio\/\"},{\"@type\":\"ListItem\",\"position\":4,\"name\":\"Sin Categor\u00eda\",\"item\":\"https:\/\/compuviper.mx\/tienda\/categoria-producto\/poliza-de-servicio\/sin-categoria-poliza-de-servicio\/\"},{\"@type\":\"ListItem\",\"position\":5,\"name\":\"Xerox Servicio De Instalacion Xmex Servicio De Instalacion Para Equipos A3, Incluye Capacitacion Basica, Localidades Hasta 50km &#8211; Se Requiere Autorizacion Del Pm Para Su Facturacion\"}]},{\"@type\":\"WebSite\",\"@id\":\"https:\/\/compuviper.mx\/tienda\/#website\",\"url\":\"https:\/\/compuviper.mx\/tienda\/\",\"name\":\"Compuviper\",\"description\":\"Proveedor de Computadoras, Laptops, Servidores, Monitores, Puntos de Venta, Teclados,   Impresoras, T\u00f3ner, C\u00e1maras de Seguridad y m\u00e1s en tu tienda en l\u00ednea\",\"publisher\":{\"@id\":\"https:\/\/compuviper.mx\/tienda\/#organization\"},\"potentialAction\":[{\"@type\":\"SearchAction\",\"target\":{\"@type\":\"EntryPoint\",\"urlTemplate\":\"https:\/\/compuviper.mx\/tienda\/?s={search_term_string}\"},\"query-input\":\"required name=search_term_string\"}],\"inLanguage\":\"es-MX\"},{\"@type\":\"Organization\",\"@id\":\"https:\/\/compuviper.mx\/tienda\/#organization\",\"name\":\"Compuviper\",\"url\":\"https:\/\/compuviper.mx\/tienda\/\",\"logo\":{\"@type\":\"ImageObject\",\"inLanguage\":\"es-MX\",\"@id\":\"https:\/\/compuviper.mx\/tienda\/#\/schema\/logo\/image\/\",\"url\":\"https:\/\/compuviper.mx\/tienda\/wp-content\/uploads\/2021\/08\/Logo-Compuviper-10.png\",\"contentUrl\":\"https:\/\/compuviper.mx\/tienda\/wp-content\/uploads\/2021\/08\/Logo-Compuviper-10.png\",\"width\":1000,\"height\":500,\"caption\":\"Compuviper\"},\"image\":{\"@id\":\"https:\/\/compuviper.mx\/tienda\/#\/schema\/logo\/image\/\"},\"sameAs\":[\"https:\/\/www.facebook.com\/compuviper\",\"https:\/\/www.youtube.com\/channel\/UCf73dERp9Y3cfOq7q8BhLjA?view_as=subscriber\"]}]}<\/script>\n<meta property=\"product:brand\" content=\"Xerox\" \/>\n<meta property=\"product:price:amount\" content=\"2781\" \/>\n<meta property=\"product:price:currency\" content=\"MXN\" \/>\n<meta property=\"og:availability\" content=\"out of stock\" \/>\n<meta property=\"product:availability\" content=\"out of stock\" \/>\n<meta property=\"product:retailer_item_id\" content=\"SERVICIO DE INSTALACION XMEX\" \/>\n<meta property=\"product:condition\" content=\"new\" \/>\n<!-- \/ Yoast SEO plugin. -->","yoast_head_json":{"title":"[ Xerox ] &#129351; Servicio De Instalacion Xmex Servicio De Instalacion Para Equipos A3, Incluye Capacitacion Basica, Localidades Hasta 50km - Se Requiere Autorizacion Del Pm Para Su Facturacion","description":"Compra Servicio De Instalacion Xmex Servicio De Instalacion Para Equipos A3, Incluye Capacitacion Basica, Localidades Hasta 50km - Se Requiere Autorizacion Del Pm Para Su Facturacion + Env\u00edo a domicilio + Pago seguro + Garant\u00eda","robots":{"index":"index","follow":"follow","max-snippet":"max-snippet:-1","max-image-preview":"max-image-preview:large","max-video-preview":"max-video-preview:-1"},"canonical":"https:\/\/compuviper.mx\/tienda\/producto\/xerox-servicio-de-instalacion-xmex-servicio-de-instalacion-para-equipos-a3-incluye-capacitacion-basica-localidades-hasta-50km-se-requiere-autorizacion-del-pm-para-su-facturacion\/","og_locale":"es_MX","og_type":"article","og_title":"[ Xerox ] &#129351; Servicio De Instalacion Xmex Servicio De Instalacion Para Equipos A3, Incluye Capacitacion Basica, Localidades Hasta 50km - Se Requiere Autorizacion Del Pm Para Su Facturacion","og_description":"Compra Servicio De Instalacion Xmex Servicio De Instalacion Para Equipos A3, Incluye Capacitacion Basica, Localidades Hasta 50km - Se Requiere Autorizacion Del Pm Para Su Facturacion + Env\u00edo a domicilio + Pago seguro + Garant\u00eda","og_url":"https:\/\/compuviper.mx\/tienda\/producto\/xerox-servicio-de-instalacion-xmex-servicio-de-instalacion-para-equipos-a3-incluye-capacitacion-basica-localidades-hasta-50km-se-requiere-autorizacion-del-pm-para-su-facturacion\/","og_site_name":"Compuviper","article_publisher":"https:\/\/www.facebook.com\/compuviper","twitter_card":"summary_large_image","twitter_misc":{"Precio":"&#36;2,781 con IVA","Availability":"Out of stock"},"schema":{"@context":"https:\/\/schema.org","@graph":[{"@type":"WebPage","@id":"https:\/\/compuviper.mx\/tienda\/producto\/xerox-servicio-de-instalacion-xmex-servicio-de-instalacion-para-equipos-a3-incluye-capacitacion-basica-localidades-hasta-50km-se-requiere-autorizacion-del-pm-para-su-facturacion\/","url":"https:\/\/compuviper.mx\/tienda\/producto\/xerox-servicio-de-instalacion-xmex-servicio-de-instalacion-para-equipos-a3-incluye-capacitacion-basica-localidades-hasta-50km-se-requiere-autorizacion-del-pm-para-su-facturacion\/","name":"[ Xerox ] &#129351; Servicio De Instalacion Xmex Servicio De Instalacion Para Equipos A3, Incluye Capacitacion Basica, Localidades Hasta 50km - Se Requiere Autorizacion Del Pm Para Su Facturacion","isPartOf":{"@id":"https:\/\/compuviper.mx\/tienda\/#website"},"datePublished":"2026-04-21T07:42:10+00:00","dateModified":"2026-04-21T07:42:10+00:00","description":"Compra Servicio De Instalacion Xmex Servicio De Instalacion Para Equipos A3, Incluye Capacitacion Basica, Localidades Hasta 50km - Se Requiere Autorizacion Del Pm Para Su Facturacion + Env\u00edo a domicilio + Pago seguro + Garant\u00eda","breadcrumb":{"@id":"https:\/\/compuviper.mx\/tienda\/producto\/xerox-servicio-de-instalacion-xmex-servicio-de-instalacion-para-equipos-a3-incluye-capacitacion-basica-localidades-hasta-50km-se-requiere-autorizacion-del-pm-para-su-facturacion\/#breadcrumb"},"inLanguage":"es-MX","potentialAction":[{"@type":"ReadAction","target":["https:\/\/compuviper.mx\/tienda\/producto\/xerox-servicio-de-instalacion-xmex-servicio-de-instalacion-para-equipos-a3-incluye-capacitacion-basica-localidades-hasta-50km-se-requiere-autorizacion-del-pm-para-su-facturacion\/"]}]},{"@type":"BreadcrumbList","@id":"https:\/\/compuviper.mx\/tienda\/producto\/xerox-servicio-de-instalacion-xmex-servicio-de-instalacion-para-equipos-a3-incluye-capacitacion-basica-localidades-hasta-50km-se-requiere-autorizacion-del-pm-para-su-facturacion\/#breadcrumb","itemListElement":[{"@type":"ListItem","position":1,"name":"Inicio","item":"https:\/\/compuviper.mx\/tienda\/"},{"@type":"ListItem","position":2,"name":"Productos","item":"https:\/\/compuviper.mx\/tienda\/productos\/"},{"@type":"ListItem","position":3,"name":"Poliza De Servicio","item":"https:\/\/compuviper.mx\/tienda\/categoria-producto\/poliza-de-servicio\/"},{"@type":"ListItem","position":4,"name":"Sin Categor\u00eda","item":"https:\/\/compuviper.mx\/tienda\/categoria-producto\/poliza-de-servicio\/sin-categoria-poliza-de-servicio\/"},{"@type":"ListItem","position":5,"name":"Xerox Servicio De Instalacion Xmex Servicio De Instalacion Para Equipos A3, Incluye Capacitacion Basica, Localidades Hasta 50km &#8211; Se Requiere Autorizacion Del Pm Para Su Facturacion"}]},{"@type":"WebSite","@id":"https:\/\/compuviper.mx\/tienda\/#website","url":"https:\/\/compuviper.mx\/tienda\/","name":"Compuviper","description":"Proveedor de Computadoras, Laptops, Servidores, Monitores, Puntos de Venta, Teclados,   Impresoras, T\u00f3ner, C\u00e1maras de Seguridad y m\u00e1s en tu tienda en l\u00ednea","publisher":{"@id":"https:\/\/compuviper.mx\/tienda\/#organization"},"potentialAction":[{"@type":"SearchAction","target":{"@type":"EntryPoint","urlTemplate":"https:\/\/compuviper.mx\/tienda\/?s={search_term_string}"},"query-input":"required name=search_term_string"}],"inLanguage":"es-MX"},{"@type":"Organization","@id":"https:\/\/compuviper.mx\/tienda\/#organization","name":"Compuviper","url":"https:\/\/compuviper.mx\/tienda\/","logo":{"@type":"ImageObject","inLanguage":"es-MX","@id":"https:\/\/compuviper.mx\/tienda\/#\/schema\/logo\/image\/","url":"https:\/\/compuviper.mx\/tienda\/wp-content\/uploads\/2021\/08\/Logo-Compuviper-10.png","contentUrl":"https:\/\/compuviper.mx\/tienda\/wp-content\/uploads\/2021\/08\/Logo-Compuviper-10.png","width":1000,"height":500,"caption":"Compuviper"},"image":{"@id":"https:\/\/compuviper.mx\/tienda\/#\/schema\/logo\/image\/"},"sameAs":["https:\/\/www.facebook.com\/compuviper","https:\/\/www.youtube.com\/channel\/UCf73dERp9Y3cfOq7q8BhLjA?view_as=subscriber"]}]},"product_brand":"Xerox","product_price_amount":"2781","product_price_currency":"MXN","og_availability":"out of stock","product_availability":"out of stock","product_retailer_item_id":"SERVICIO DE INSTALACION XMEX","product_condition":"new"},"_links":{"self":[{"href":"https:\/\/compuviper.mx\/tienda\/wp-json\/wp\/v2\/product\/263425"}],"collection":[{"href":"https:\/\/compuviper.mx\/tienda\/wp-json\/wp\/v2\/product"}],"about":[{"href":"https:\/\/compuviper.mx\/tienda\/wp-json\/wp\/v2\/types\/product"}],"replies":[{"embeddable":true,"href":"https:\/\/compuviper.mx\/tienda\/wp-json\/wp\/v2\/comments?post=263425"}],"wp:attachment":[{"href":"https:\/\/compuviper.mx\/tienda\/wp-json\/wp\/v2\/media?parent=263425"}],"wp:term":[{"taxonomy":"product_cat","embeddable":true,"href":"https:\/\/compuviper.mx\/tienda\/wp-json\/wp\/v2\/product_cat?post=263425"},{"taxonomy":"product_tag","embeddable":true,"href":"https:\/\/compuviper.mx\/tienda\/wp-json\/wp\/v2\/product_tag?post=263425"}],"curies":[{"name":"wp","href":"https:\/\/api.w.org\/{rel}","templated":true}]}}