{"id":263423,"date":"2026-04-02T00:50:39","date_gmt":"2026-04-02T06:50:39","guid":{"rendered":"https:\/\/compuviper.mx\/tienda\/producto\/dell-210-bfpo-monitor-led-u4323qe-432-5-pulgadas-4k-3840-x-2160-usb-c\/"},"modified":"2026-04-02T00:50:40","modified_gmt":"2026-04-02T06:50:40","slug":"dell-210-bfpo-monitor-led-u4323qe-432-5-pulgadas-4k-3840-x-2160-usb-c","status":"publish","type":"product","link":"https:\/\/compuviper.mx\/tienda\/producto\/dell-210-bfpo-monitor-led-u4323qe-432-5-pulgadas-4k-3840-x-2160-usb-c\/","title":{"rendered":"Dell 210-bfpo Monitor Led  U4323qe  432.5 Pulgadas 4k  3840 X 2160 | Usb-c |"},"content":{"rendered":"<table class=\"descripcion\">\n<tr>\n<td>Tipo de pantalla<\/td>\n<\/tr>\n<tr>\n<td>Matriz activa &#8211; tft lcd<\/td>\n<\/tr>\n<tr>\n<td>Tama\u00f1o diagonal<\/td>\n<\/tr>\n<tr>\n<td>42,51<\/td>\n<\/tr>\n<tr>\n<td>Dispositivos integrados<\/td>\n<\/tr>\n<tr>\n<td>Concentrador usb 3.2 gen 2\/usb-c<\/td>\n<\/tr>\n<tr>\n<td>Suministro de energ\u00eda usb<\/td>\n<\/tr>\n<tr>\n<td>90 vatios<\/td>\n<\/tr>\n<tr>\n<td>Tipo de panel<\/td>\n<\/tr>\n<tr>\n<td>Ips<\/td>\n<\/tr>\n<tr>\n<td>Relaci\u00f3n de aspecto<\/td>\n<\/tr>\n<tr>\n<td>16:9<\/td>\n<\/tr>\n<tr>\n<td>Resoluci\u00f3n nativa<\/td>\n<\/tr>\n<tr>\n<td>4k 3840 x 2160 a 60 hz<\/td>\n<\/tr>\n<tr>\n<td>Paso de p\u00edxeles<\/td>\n<\/tr>\n<tr>\n<td>0,2451 mil\u00edmetros<\/td>\n<\/tr>\n<tr>\n<td>P\u00edxeles por pulgada<\/td>\n<\/tr>\n<tr>\n<td>103.6<\/td>\n<\/tr>\n<tr>\n<td>Brillo<\/td>\n<\/tr>\n<tr>\n<td>350 cd\/m\u00b2<\/td>\n<\/tr>\n<tr>\n<td>Relaci\u00f3n de contraste<\/td>\n<\/tr>\n<tr>\n<td>1.000:1<\/td>\n<\/tr>\n<tr>\n<td>Soporte de color<\/td>\n<\/tr>\n<tr>\n<td>1.07 mil millones de colores<\/td>\n<\/tr>\n<tr>\n<td>Gama de colores<\/td>\n<\/tr>\n<tr>\n<td>95 % srgb<\/td>\n<\/tr>\n<tr>\n<td>Tiempo de respuesta<\/td>\n<\/tr>\n<tr>\n<td>5 ms (gris a gris r\u00e1pido), 8 ms (gris a gris normal)<\/td>\n<\/tr>\n<tr>\n<td>\u00e1ngulo de visi\u00f3n horizontal<\/td>\n<\/tr>\n<tr>\n<td>178 \u00b0<\/td>\n<\/tr>\n<tr>\n<td>\u00e1ngulo de visi\u00f3n vertical<\/td>\n<\/tr>\n<tr>\n<td>178 \u00b0<\/td>\n<\/tr>\n<tr>\n<td>Recubrimiento de pantalla<\/td>\n<\/tr>\n<tr>\n<td>Dureza 2h antideslumbrante<\/td>\n<\/tr>\n<tr>\n<td>Tecnolog\u00eda de retroiluminaci\u00f3n<\/td>\n<\/tr>\n<tr>\n<td>Retroiluminaci\u00f3n led<\/td>\n<\/tr>\n<tr>\n<td>Caracter\u00edsticas<\/td>\n<\/tr>\n<tr>\n<td>Vidrio sin mercurio ni ars\u00e9nico, calibraci\u00f3n delta e 2, sin bisel en 3 lados, dell comfortview plus<\/td>\n<\/tr>\n<tr>\n<td>Dimensiones (ancho x profundidad x alto)<\/td>\n<\/tr>\n<tr>\n<td>38,1 pulgadas x 10,1 pulgadas x 23,4 pulgadas &#8211; con soporte (posici\u00f3n m\u00e1s baja)<\/td>\n<\/tr>\n<tr>\n<td>Peso<\/td>\n<\/tr>\n<tr>\n<td>40,9 libras<\/td>\n<\/tr>\n<tr>\n<td>Incluido con<\/td>\n<\/tr>\n<tr>\n<td>Servicio de cambio avanzado de 3 a\u00f1os y garant\u00eda de panel premium<\/td>\n<\/tr>\n<\/table>\n","protected":false},"excerpt":{"rendered":"<p>Multiplique su productividad con este monitor de 42,5 que cuenta con conectividad multi-pc, 4 particiones fhd \u00fanicas a trav\u00e9s de imst, comfortview plus y ethernet por cable.<\/p>\n","protected":false},"featured_media":0,"comment_status":"open","ping_status":"open","template":"","meta":[],"product_cat":[1740,1741],"product_tag":[1537],"acf":[],"yoast_head":"<!-- This site is optimized with the Yoast SEO plugin v21.7 - https:\/\/yoast.com\/wordpress\/plugins\/seo\/ -->\n<title>[ Dell ] &#129351; 210-bfpo Monitor Led U4323qe 432.5 Pulgadas 4k 3840 X 2160 | Usb-c |<\/title>\n<meta name=\"description\" content=\"Compra 210-bfpo Monitor Led U4323qe 432.5 Pulgadas 4k 3840 X 2160 | Usb-c | + Env\u00edo a domicilio + Pago seguro + Garant\u00eda\" \/>\n<meta name=\"robots\" content=\"index, follow, max-snippet:-1, max-image-preview:large, max-video-preview:-1\" \/>\n<link rel=\"canonical\" href=\"https:\/\/compuviper.mx\/tienda\/producto\/dell-210-bfpo-monitor-led-u4323qe-432-5-pulgadas-4k-3840-x-2160-usb-c\/\" \/>\n<meta property=\"og:locale\" content=\"es_MX\" \/>\n<meta property=\"og:type\" content=\"article\" \/>\n<meta property=\"og:title\" content=\"[ Dell ] &#129351; 210-bfpo Monitor Led U4323qe 432.5 Pulgadas 4k 3840 X 2160 | Usb-c |\" \/>\n<meta property=\"og:description\" content=\"Compra 210-bfpo Monitor Led U4323qe 432.5 Pulgadas 4k 3840 X 2160 | Usb-c | + Env\u00edo a domicilio + Pago seguro + Garant\u00eda\" \/>\n<meta property=\"og:url\" content=\"https:\/\/compuviper.mx\/tienda\/producto\/dell-210-bfpo-monitor-led-u4323qe-432-5-pulgadas-4k-3840-x-2160-usb-c\/\" \/>\n<meta property=\"og:site_name\" content=\"Compuviper\" \/>\n<meta property=\"article:publisher\" content=\"https:\/\/www.facebook.com\/compuviper\" \/>\n<meta property=\"article:modified_time\" content=\"2026-04-02T06:50:40+00:00\" \/>\n<meta name=\"twitter:card\" content=\"summary_large_image\" \/>\n<meta name=\"twitter:label1\" content=\"Precio\" \/>\n\t<meta name=\"twitter:data1\" content=\"&#36;18,292 con IVA\" \/>\n\t<meta name=\"twitter:label2\" content=\"Availability\" \/>\n\t<meta name=\"twitter:data2\" content=\"On backorder\" \/>\n<script type=\"application\/ld+json\" class=\"yoast-schema-graph\">{\"@context\":\"https:\/\/schema.org\",\"@graph\":[{\"@type\":\"WebPage\",\"@id\":\"https:\/\/compuviper.mx\/tienda\/producto\/dell-210-bfpo-monitor-led-u4323qe-432-5-pulgadas-4k-3840-x-2160-usb-c\/\",\"url\":\"https:\/\/compuviper.mx\/tienda\/producto\/dell-210-bfpo-monitor-led-u4323qe-432-5-pulgadas-4k-3840-x-2160-usb-c\/\",\"name\":\"[ Dell ] &#129351; 210-bfpo Monitor Led U4323qe 432.5 Pulgadas 4k 3840 X 2160 | Usb-c |\",\"isPartOf\":{\"@id\":\"https:\/\/compuviper.mx\/tienda\/#website\"},\"datePublished\":\"2026-04-02T06:50:39+00:00\",\"dateModified\":\"2026-04-02T06:50:40+00:00\",\"description\":\"Compra 210-bfpo Monitor Led U4323qe 432.5 Pulgadas 4k 3840 X 2160 | Usb-c | + Env\u00edo a domicilio + Pago seguro + Garant\u00eda\",\"breadcrumb\":{\"@id\":\"https:\/\/compuviper.mx\/tienda\/producto\/dell-210-bfpo-monitor-led-u4323qe-432-5-pulgadas-4k-3840-x-2160-usb-c\/#breadcrumb\"},\"inLanguage\":\"es-MX\",\"potentialAction\":[{\"@type\":\"ReadAction\",\"target\":[\"https:\/\/compuviper.mx\/tienda\/producto\/dell-210-bfpo-monitor-led-u4323qe-432-5-pulgadas-4k-3840-x-2160-usb-c\/\"]}]},{\"@type\":\"BreadcrumbList\",\"@id\":\"https:\/\/compuviper.mx\/tienda\/producto\/dell-210-bfpo-monitor-led-u4323qe-432-5-pulgadas-4k-3840-x-2160-usb-c\/#breadcrumb\",\"itemListElement\":[{\"@type\":\"ListItem\",\"position\":1,\"name\":\"Inicio\",\"item\":\"https:\/\/compuviper.mx\/tienda\/\"},{\"@type\":\"ListItem\",\"position\":2,\"name\":\"Productos\",\"item\":\"https:\/\/compuviper.mx\/tienda\/productos\/\"},{\"@type\":\"ListItem\",\"position\":3,\"name\":\"Monitores\",\"item\":\"https:\/\/compuviper.mx\/tienda\/categoria-producto\/monitores\/\"},{\"@type\":\"ListItem\",\"position\":4,\"name\":\"Led\",\"item\":\"https:\/\/compuviper.mx\/tienda\/categoria-producto\/monitores\/led\/\"},{\"@type\":\"ListItem\",\"position\":5,\"name\":\"Dell 210-bfpo Monitor Led U4323qe 432.5 Pulgadas 4k 3840 X 2160 | Usb-c |\"}]},{\"@type\":\"WebSite\",\"@id\":\"https:\/\/compuviper.mx\/tienda\/#website\",\"url\":\"https:\/\/compuviper.mx\/tienda\/\",\"name\":\"Compuviper\",\"description\":\"Proveedor de Computadoras, Laptops, Servidores, Monitores, Puntos de Venta, Teclados,   Impresoras, T\u00f3ner, C\u00e1maras de Seguridad y m\u00e1s en tu tienda en l\u00ednea\",\"publisher\":{\"@id\":\"https:\/\/compuviper.mx\/tienda\/#organization\"},\"potentialAction\":[{\"@type\":\"SearchAction\",\"target\":{\"@type\":\"EntryPoint\",\"urlTemplate\":\"https:\/\/compuviper.mx\/tienda\/?s={search_term_string}\"},\"query-input\":\"required name=search_term_string\"}],\"inLanguage\":\"es-MX\"},{\"@type\":\"Organization\",\"@id\":\"https:\/\/compuviper.mx\/tienda\/#organization\",\"name\":\"Compuviper\",\"url\":\"https:\/\/compuviper.mx\/tienda\/\",\"logo\":{\"@type\":\"ImageObject\",\"inLanguage\":\"es-MX\",\"@id\":\"https:\/\/compuviper.mx\/tienda\/#\/schema\/logo\/image\/\",\"url\":\"https:\/\/compuviper.mx\/tienda\/wp-content\/uploads\/2021\/08\/Logo-Compuviper-10.png\",\"contentUrl\":\"https:\/\/compuviper.mx\/tienda\/wp-content\/uploads\/2021\/08\/Logo-Compuviper-10.png\",\"width\":1000,\"height\":500,\"caption\":\"Compuviper\"},\"image\":{\"@id\":\"https:\/\/compuviper.mx\/tienda\/#\/schema\/logo\/image\/\"},\"sameAs\":[\"https:\/\/www.facebook.com\/compuviper\",\"https:\/\/www.youtube.com\/channel\/UCf73dERp9Y3cfOq7q8BhLjA?view_as=subscriber\"]}]}<\/script>\n<meta property=\"product:brand\" content=\"DELL\" \/>\n<meta property=\"product:price:amount\" content=\"18292\" \/>\n<meta property=\"product:price:currency\" content=\"MXN\" \/>\n<meta property=\"og:availability\" content=\"backorder\" \/>\n<meta property=\"product:availability\" content=\"available for order\" \/>\n<meta property=\"product:retailer_item_id\" content=\"210-BFPO\" \/>\n<meta property=\"product:condition\" content=\"new\" \/>\n<!-- \/ Yoast SEO plugin. -->","yoast_head_json":{"title":"[ Dell ] &#129351; 210-bfpo Monitor Led U4323qe 432.5 Pulgadas 4k 3840 X 2160 | Usb-c |","description":"Compra 210-bfpo Monitor Led U4323qe 432.5 Pulgadas 4k 3840 X 2160 | Usb-c | + Env\u00edo a domicilio + Pago seguro + Garant\u00eda","robots":{"index":"index","follow":"follow","max-snippet":"max-snippet:-1","max-image-preview":"max-image-preview:large","max-video-preview":"max-video-preview:-1"},"canonical":"https:\/\/compuviper.mx\/tienda\/producto\/dell-210-bfpo-monitor-led-u4323qe-432-5-pulgadas-4k-3840-x-2160-usb-c\/","og_locale":"es_MX","og_type":"article","og_title":"[ Dell ] &#129351; 210-bfpo Monitor Led U4323qe 432.5 Pulgadas 4k 3840 X 2160 | Usb-c |","og_description":"Compra 210-bfpo Monitor Led U4323qe 432.5 Pulgadas 4k 3840 X 2160 | Usb-c | + Env\u00edo a domicilio + Pago seguro + Garant\u00eda","og_url":"https:\/\/compuviper.mx\/tienda\/producto\/dell-210-bfpo-monitor-led-u4323qe-432-5-pulgadas-4k-3840-x-2160-usb-c\/","og_site_name":"Compuviper","article_publisher":"https:\/\/www.facebook.com\/compuviper","article_modified_time":"2026-04-02T06:50:40+00:00","twitter_card":"summary_large_image","twitter_misc":{"Precio":"&#36;18,292 con IVA","Availability":"On backorder"},"schema":{"@context":"https:\/\/schema.org","@graph":[{"@type":"WebPage","@id":"https:\/\/compuviper.mx\/tienda\/producto\/dell-210-bfpo-monitor-led-u4323qe-432-5-pulgadas-4k-3840-x-2160-usb-c\/","url":"https:\/\/compuviper.mx\/tienda\/producto\/dell-210-bfpo-monitor-led-u4323qe-432-5-pulgadas-4k-3840-x-2160-usb-c\/","name":"[ Dell ] &#129351; 210-bfpo Monitor Led U4323qe 432.5 Pulgadas 4k 3840 X 2160 | Usb-c |","isPartOf":{"@id":"https:\/\/compuviper.mx\/tienda\/#website"},"datePublished":"2026-04-02T06:50:39+00:00","dateModified":"2026-04-02T06:50:40+00:00","description":"Compra 210-bfpo Monitor Led U4323qe 432.5 Pulgadas 4k 3840 X 2160 | Usb-c | + Env\u00edo a domicilio + Pago seguro + Garant\u00eda","breadcrumb":{"@id":"https:\/\/compuviper.mx\/tienda\/producto\/dell-210-bfpo-monitor-led-u4323qe-432-5-pulgadas-4k-3840-x-2160-usb-c\/#breadcrumb"},"inLanguage":"es-MX","potentialAction":[{"@type":"ReadAction","target":["https:\/\/compuviper.mx\/tienda\/producto\/dell-210-bfpo-monitor-led-u4323qe-432-5-pulgadas-4k-3840-x-2160-usb-c\/"]}]},{"@type":"BreadcrumbList","@id":"https:\/\/compuviper.mx\/tienda\/producto\/dell-210-bfpo-monitor-led-u4323qe-432-5-pulgadas-4k-3840-x-2160-usb-c\/#breadcrumb","itemListElement":[{"@type":"ListItem","position":1,"name":"Inicio","item":"https:\/\/compuviper.mx\/tienda\/"},{"@type":"ListItem","position":2,"name":"Productos","item":"https:\/\/compuviper.mx\/tienda\/productos\/"},{"@type":"ListItem","position":3,"name":"Monitores","item":"https:\/\/compuviper.mx\/tienda\/categoria-producto\/monitores\/"},{"@type":"ListItem","position":4,"name":"Led","item":"https:\/\/compuviper.mx\/tienda\/categoria-producto\/monitores\/led\/"},{"@type":"ListItem","position":5,"name":"Dell 210-bfpo Monitor Led U4323qe 432.5 Pulgadas 4k 3840 X 2160 | Usb-c |"}]},{"@type":"WebSite","@id":"https:\/\/compuviper.mx\/tienda\/#website","url":"https:\/\/compuviper.mx\/tienda\/","name":"Compuviper","description":"Proveedor de Computadoras, Laptops, Servidores, Monitores, Puntos de Venta, Teclados,   Impresoras, T\u00f3ner, C\u00e1maras de Seguridad y m\u00e1s en tu tienda en l\u00ednea","publisher":{"@id":"https:\/\/compuviper.mx\/tienda\/#organization"},"potentialAction":[{"@type":"SearchAction","target":{"@type":"EntryPoint","urlTemplate":"https:\/\/compuviper.mx\/tienda\/?s={search_term_string}"},"query-input":"required name=search_term_string"}],"inLanguage":"es-MX"},{"@type":"Organization","@id":"https:\/\/compuviper.mx\/tienda\/#organization","name":"Compuviper","url":"https:\/\/compuviper.mx\/tienda\/","logo":{"@type":"ImageObject","inLanguage":"es-MX","@id":"https:\/\/compuviper.mx\/tienda\/#\/schema\/logo\/image\/","url":"https:\/\/compuviper.mx\/tienda\/wp-content\/uploads\/2021\/08\/Logo-Compuviper-10.png","contentUrl":"https:\/\/compuviper.mx\/tienda\/wp-content\/uploads\/2021\/08\/Logo-Compuviper-10.png","width":1000,"height":500,"caption":"Compuviper"},"image":{"@id":"https:\/\/compuviper.mx\/tienda\/#\/schema\/logo\/image\/"},"sameAs":["https:\/\/www.facebook.com\/compuviper","https:\/\/www.youtube.com\/channel\/UCf73dERp9Y3cfOq7q8BhLjA?view_as=subscriber"]}]},"product_brand":"DELL","product_price_amount":"18292","product_price_currency":"MXN","og_availability":"backorder","product_availability":"available for order","product_retailer_item_id":"210-BFPO","product_condition":"new"},"_links":{"self":[{"href":"https:\/\/compuviper.mx\/tienda\/wp-json\/wp\/v2\/product\/263423"}],"collection":[{"href":"https:\/\/compuviper.mx\/tienda\/wp-json\/wp\/v2\/product"}],"about":[{"href":"https:\/\/compuviper.mx\/tienda\/wp-json\/wp\/v2\/types\/product"}],"replies":[{"embeddable":true,"href":"https:\/\/compuviper.mx\/tienda\/wp-json\/wp\/v2\/comments?post=263423"}],"wp:attachment":[{"href":"https:\/\/compuviper.mx\/tienda\/wp-json\/wp\/v2\/media?parent=263423"}],"wp:term":[{"taxonomy":"product_cat","embeddable":true,"href":"https:\/\/compuviper.mx\/tienda\/wp-json\/wp\/v2\/product_cat?post=263423"},{"taxonomy":"product_tag","embeddable":true,"href":"https:\/\/compuviper.mx\/tienda\/wp-json\/wp\/v2\/product_tag?post=263423"}],"curies":[{"name":"wp","href":"https:\/\/api.w.org\/{rel}","templated":true}]}}