{"id":263389,"date":"2026-04-02T02:11:24","date_gmt":"2026-04-02T08:11:24","guid":{"rendered":"https:\/\/compuviper.mx\/tienda\/producto\/microsoft-cfq7ttc0lflz0002p1y-csp-m365-e5-anual\/"},"modified":"2026-04-02T02:11:25","modified_gmt":"2026-04-02T08:11:25","slug":"microsoft-cfq7ttc0lflz0002p1y-csp-m365-e5-anual","status":"publish","type":"product","link":"https:\/\/compuviper.mx\/tienda\/producto\/microsoft-cfq7ttc0lflz0002p1y-csp-m365-e5-anual\/","title":{"rendered":"Microsoft Cfq7ttc0lflz:0002:p1y  Csp M365 E5 &#8211; Anual"},"content":{"rendered":"<table class=\"descripcion\">\n<tr>\n<td>Requisitos del sistema<\/td>\n<\/tr>\n<tr>\n<td>\u0095 sistema operativo:<\/td>\n<\/tr>\n<tr>\n<td> windows 10\/11 (versiones compatibles y actualizadas).<\/td>\n<\/tr>\n<tr>\n<td> macos (las 3 \u00faltimas versiones principales).<\/td>\n<\/tr>\n<tr>\n<td>\u0095 dispositivos m\u00f3viles:<\/td>\n<\/tr>\n<tr>\n<td> ios: versi\u00f3n m\u00e1s reciente y la anterior.<\/td>\n<\/tr>\n<tr>\n<td> android: versi\u00f3n m\u00e1s reciente y la anterior.<\/td>\n<\/tr>\n<tr>\n<td>\u0095 procesador:<\/td>\n<\/tr>\n<tr>\n<td> windows: 1.6 ghz o superior, 2 n\u00facleos.<\/td>\n<\/tr>\n<tr>\n<td> macos: procesador intel o apple silicon.<\/td>\n<\/tr>\n<tr>\n<td>\u0095 memoria ram:<\/td>\n<\/tr>\n<tr>\n<td> windows: 4 gb (64 bits) \/ 2 gb (32 bits).<\/td>\n<\/tr>\n<tr>\n<td> macos: 4 gb.<\/td>\n<\/tr>\n<tr>\n<td>\u0095 espacio en disco:<\/td>\n<\/tr>\n<tr>\n<td> 4 gb m\u00ednimo para instalaci\u00f3n.<\/td>\n<\/tr>\n<tr>\n<td>\u0095 pantalla:<\/td>\n<\/tr>\n<tr>\n<td> resoluci\u00f3n m\u00ednima: 1280 x 768.<\/td>\n<\/tr>\n<tr>\n<td>\u0095 navegadores compatibles:<\/td>\n<\/tr>\n<tr>\n<td> microsoft edge, chrome, safari, firefox (\u00faltimas versiones).<\/td>\n<\/tr>\n<tr>\n<td>\u0095 conexi\u00f3n a internet:<\/td>\n<\/tr>\n<tr>\n<td> obligatoria para instalaci\u00f3n, activaci\u00f3n y actualizaciones.<\/td>\n<\/tr>\n<\/table>\n","protected":false},"excerpt":{"rendered":"<p>Microsoft 365 e5 es el plan m\u00e1s completo de la familia enterprise, dise\u00f1ado para organizaciones que buscan m\u00e1xima productividad, seguridad avanzada y herramientas de an\u00e1lisis.<\/p>\n","protected":false},"featured_media":0,"comment_status":"open","ping_status":"open","template":"","meta":[],"product_cat":[2108,1827],"product_tag":[1831],"acf":[],"yoast_head":"<!-- This site is optimized with the Yoast SEO plugin v21.7 - https:\/\/yoast.com\/wordpress\/plugins\/seo\/ -->\n<title>[ Microsoft ] &#129351; Cfq7ttc0lflz:0002:p1y Csp M365 E5 - Anual<\/title>\n<meta name=\"description\" content=\"Compra Cfq7ttc0lflz:0002:p1y Csp M365 E5 - Anual + Env\u00edo a domicilio + Pago seguro + Garant\u00eda\" \/>\n<meta name=\"robots\" content=\"index, follow, max-snippet:-1, max-image-preview:large, max-video-preview:-1\" \/>\n<link rel=\"canonical\" href=\"https:\/\/compuviper.mx\/tienda\/producto\/microsoft-cfq7ttc0lflz0002p1y-csp-m365-e5-anual\/\" \/>\n<meta property=\"og:locale\" content=\"es_MX\" \/>\n<meta property=\"og:type\" content=\"article\" \/>\n<meta property=\"og:title\" content=\"[ Microsoft ] &#129351; Cfq7ttc0lflz:0002:p1y Csp M365 E5 - Anual\" \/>\n<meta property=\"og:description\" content=\"Compra Cfq7ttc0lflz:0002:p1y Csp M365 E5 - Anual + Env\u00edo a domicilio + Pago seguro + Garant\u00eda\" \/>\n<meta property=\"og:url\" content=\"https:\/\/compuviper.mx\/tienda\/producto\/microsoft-cfq7ttc0lflz0002p1y-csp-m365-e5-anual\/\" \/>\n<meta property=\"og:site_name\" content=\"Compuviper\" \/>\n<meta property=\"article:publisher\" content=\"https:\/\/www.facebook.com\/compuviper\" \/>\n<meta property=\"article:modified_time\" content=\"2026-04-02T08:11:25+00:00\" \/>\n<meta name=\"twitter:card\" content=\"summary_large_image\" \/>\n<meta name=\"twitter:label1\" content=\"Precio\" \/>\n\t<meta name=\"twitter:data1\" content=\"&#36;11,692 con IVA\" \/>\n\t<meta name=\"twitter:label2\" content=\"Availability\" \/>\n\t<meta name=\"twitter:data2\" content=\"On backorder\" \/>\n<script type=\"application\/ld+json\" class=\"yoast-schema-graph\">{\"@context\":\"https:\/\/schema.org\",\"@graph\":[{\"@type\":\"WebPage\",\"@id\":\"https:\/\/compuviper.mx\/tienda\/producto\/microsoft-cfq7ttc0lflz0002p1y-csp-m365-e5-anual\/\",\"url\":\"https:\/\/compuviper.mx\/tienda\/producto\/microsoft-cfq7ttc0lflz0002p1y-csp-m365-e5-anual\/\",\"name\":\"[ Microsoft ] &#129351; Cfq7ttc0lflz:0002:p1y Csp M365 E5 - Anual\",\"isPartOf\":{\"@id\":\"https:\/\/compuviper.mx\/tienda\/#website\"},\"datePublished\":\"2026-04-02T08:11:24+00:00\",\"dateModified\":\"2026-04-02T08:11:25+00:00\",\"description\":\"Compra Cfq7ttc0lflz:0002:p1y Csp M365 E5 - Anual + Env\u00edo a domicilio + Pago seguro + Garant\u00eda\",\"breadcrumb\":{\"@id\":\"https:\/\/compuviper.mx\/tienda\/producto\/microsoft-cfq7ttc0lflz0002p1y-csp-m365-e5-anual\/#breadcrumb\"},\"inLanguage\":\"es-MX\",\"potentialAction\":[{\"@type\":\"ReadAction\",\"target\":[\"https:\/\/compuviper.mx\/tienda\/producto\/microsoft-cfq7ttc0lflz0002p1y-csp-m365-e5-anual\/\"]}]},{\"@type\":\"BreadcrumbList\",\"@id\":\"https:\/\/compuviper.mx\/tienda\/producto\/microsoft-cfq7ttc0lflz0002p1y-csp-m365-e5-anual\/#breadcrumb\",\"itemListElement\":[{\"@type\":\"ListItem\",\"position\":1,\"name\":\"Inicio\",\"item\":\"https:\/\/compuviper.mx\/tienda\/\"},{\"@type\":\"ListItem\",\"position\":2,\"name\":\"Productos\",\"item\":\"https:\/\/compuviper.mx\/tienda\/productos\/\"},{\"@type\":\"ListItem\",\"position\":3,\"name\":\"Software\",\"item\":\"https:\/\/compuviper.mx\/tienda\/categoria-producto\/software\/\"},{\"@type\":\"ListItem\",\"position\":4,\"name\":\"Licenciamiento Microsoft Csp\",\"item\":\"https:\/\/compuviper.mx\/tienda\/categoria-producto\/software\/licenciamiento-microsoft-csp\/\"},{\"@type\":\"ListItem\",\"position\":5,\"name\":\"Microsoft Cfq7ttc0lflz:0002:p1y Csp M365 E5 &#8211; Anual\"}]},{\"@type\":\"WebSite\",\"@id\":\"https:\/\/compuviper.mx\/tienda\/#website\",\"url\":\"https:\/\/compuviper.mx\/tienda\/\",\"name\":\"Compuviper\",\"description\":\"Proveedor de Computadoras, Laptops, Servidores, Monitores, Puntos de Venta, Teclados,   Impresoras, T\u00f3ner, C\u00e1maras de Seguridad y m\u00e1s en tu tienda en l\u00ednea\",\"publisher\":{\"@id\":\"https:\/\/compuviper.mx\/tienda\/#organization\"},\"potentialAction\":[{\"@type\":\"SearchAction\",\"target\":{\"@type\":\"EntryPoint\",\"urlTemplate\":\"https:\/\/compuviper.mx\/tienda\/?s={search_term_string}\"},\"query-input\":\"required name=search_term_string\"}],\"inLanguage\":\"es-MX\"},{\"@type\":\"Organization\",\"@id\":\"https:\/\/compuviper.mx\/tienda\/#organization\",\"name\":\"Compuviper\",\"url\":\"https:\/\/compuviper.mx\/tienda\/\",\"logo\":{\"@type\":\"ImageObject\",\"inLanguage\":\"es-MX\",\"@id\":\"https:\/\/compuviper.mx\/tienda\/#\/schema\/logo\/image\/\",\"url\":\"https:\/\/compuviper.mx\/tienda\/wp-content\/uploads\/2021\/08\/Logo-Compuviper-10.png\",\"contentUrl\":\"https:\/\/compuviper.mx\/tienda\/wp-content\/uploads\/2021\/08\/Logo-Compuviper-10.png\",\"width\":1000,\"height\":500,\"caption\":\"Compuviper\"},\"image\":{\"@id\":\"https:\/\/compuviper.mx\/tienda\/#\/schema\/logo\/image\/\"},\"sameAs\":[\"https:\/\/www.facebook.com\/compuviper\",\"https:\/\/www.youtube.com\/channel\/UCf73dERp9Y3cfOq7q8BhLjA?view_as=subscriber\"]}]}<\/script>\n<meta property=\"product:brand\" content=\"MICROSOFT\" \/>\n<meta property=\"product:price:amount\" content=\"11692\" \/>\n<meta property=\"product:price:currency\" content=\"MXN\" \/>\n<meta property=\"og:availability\" content=\"backorder\" \/>\n<meta property=\"product:availability\" content=\"available for order\" \/>\n<meta property=\"product:retailer_item_id\" content=\"CFQ7TTC0LFLZ:0002:P1Y\" \/>\n<meta property=\"product:condition\" content=\"new\" \/>\n<!-- \/ Yoast SEO plugin. -->","yoast_head_json":{"title":"[ Microsoft ] &#129351; Cfq7ttc0lflz:0002:p1y Csp M365 E5 - Anual","description":"Compra Cfq7ttc0lflz:0002:p1y Csp M365 E5 - Anual + Env\u00edo a domicilio + Pago seguro + Garant\u00eda","robots":{"index":"index","follow":"follow","max-snippet":"max-snippet:-1","max-image-preview":"max-image-preview:large","max-video-preview":"max-video-preview:-1"},"canonical":"https:\/\/compuviper.mx\/tienda\/producto\/microsoft-cfq7ttc0lflz0002p1y-csp-m365-e5-anual\/","og_locale":"es_MX","og_type":"article","og_title":"[ Microsoft ] &#129351; Cfq7ttc0lflz:0002:p1y Csp M365 E5 - Anual","og_description":"Compra Cfq7ttc0lflz:0002:p1y Csp M365 E5 - Anual + Env\u00edo a domicilio + Pago seguro + Garant\u00eda","og_url":"https:\/\/compuviper.mx\/tienda\/producto\/microsoft-cfq7ttc0lflz0002p1y-csp-m365-e5-anual\/","og_site_name":"Compuviper","article_publisher":"https:\/\/www.facebook.com\/compuviper","article_modified_time":"2026-04-02T08:11:25+00:00","twitter_card":"summary_large_image","twitter_misc":{"Precio":"&#36;11,692 con IVA","Availability":"On backorder"},"schema":{"@context":"https:\/\/schema.org","@graph":[{"@type":"WebPage","@id":"https:\/\/compuviper.mx\/tienda\/producto\/microsoft-cfq7ttc0lflz0002p1y-csp-m365-e5-anual\/","url":"https:\/\/compuviper.mx\/tienda\/producto\/microsoft-cfq7ttc0lflz0002p1y-csp-m365-e5-anual\/","name":"[ Microsoft ] &#129351; Cfq7ttc0lflz:0002:p1y Csp M365 E5 - Anual","isPartOf":{"@id":"https:\/\/compuviper.mx\/tienda\/#website"},"datePublished":"2026-04-02T08:11:24+00:00","dateModified":"2026-04-02T08:11:25+00:00","description":"Compra Cfq7ttc0lflz:0002:p1y Csp M365 E5 - Anual + Env\u00edo a domicilio + Pago seguro + Garant\u00eda","breadcrumb":{"@id":"https:\/\/compuviper.mx\/tienda\/producto\/microsoft-cfq7ttc0lflz0002p1y-csp-m365-e5-anual\/#breadcrumb"},"inLanguage":"es-MX","potentialAction":[{"@type":"ReadAction","target":["https:\/\/compuviper.mx\/tienda\/producto\/microsoft-cfq7ttc0lflz0002p1y-csp-m365-e5-anual\/"]}]},{"@type":"BreadcrumbList","@id":"https:\/\/compuviper.mx\/tienda\/producto\/microsoft-cfq7ttc0lflz0002p1y-csp-m365-e5-anual\/#breadcrumb","itemListElement":[{"@type":"ListItem","position":1,"name":"Inicio","item":"https:\/\/compuviper.mx\/tienda\/"},{"@type":"ListItem","position":2,"name":"Productos","item":"https:\/\/compuviper.mx\/tienda\/productos\/"},{"@type":"ListItem","position":3,"name":"Software","item":"https:\/\/compuviper.mx\/tienda\/categoria-producto\/software\/"},{"@type":"ListItem","position":4,"name":"Licenciamiento Microsoft Csp","item":"https:\/\/compuviper.mx\/tienda\/categoria-producto\/software\/licenciamiento-microsoft-csp\/"},{"@type":"ListItem","position":5,"name":"Microsoft Cfq7ttc0lflz:0002:p1y Csp M365 E5 &#8211; Anual"}]},{"@type":"WebSite","@id":"https:\/\/compuviper.mx\/tienda\/#website","url":"https:\/\/compuviper.mx\/tienda\/","name":"Compuviper","description":"Proveedor de Computadoras, Laptops, Servidores, Monitores, Puntos de Venta, Teclados,   Impresoras, T\u00f3ner, C\u00e1maras de Seguridad y m\u00e1s en tu tienda en l\u00ednea","publisher":{"@id":"https:\/\/compuviper.mx\/tienda\/#organization"},"potentialAction":[{"@type":"SearchAction","target":{"@type":"EntryPoint","urlTemplate":"https:\/\/compuviper.mx\/tienda\/?s={search_term_string}"},"query-input":"required name=search_term_string"}],"inLanguage":"es-MX"},{"@type":"Organization","@id":"https:\/\/compuviper.mx\/tienda\/#organization","name":"Compuviper","url":"https:\/\/compuviper.mx\/tienda\/","logo":{"@type":"ImageObject","inLanguage":"es-MX","@id":"https:\/\/compuviper.mx\/tienda\/#\/schema\/logo\/image\/","url":"https:\/\/compuviper.mx\/tienda\/wp-content\/uploads\/2021\/08\/Logo-Compuviper-10.png","contentUrl":"https:\/\/compuviper.mx\/tienda\/wp-content\/uploads\/2021\/08\/Logo-Compuviper-10.png","width":1000,"height":500,"caption":"Compuviper"},"image":{"@id":"https:\/\/compuviper.mx\/tienda\/#\/schema\/logo\/image\/"},"sameAs":["https:\/\/www.facebook.com\/compuviper","https:\/\/www.youtube.com\/channel\/UCf73dERp9Y3cfOq7q8BhLjA?view_as=subscriber"]}]},"product_brand":"MICROSOFT","product_price_amount":"11692","product_price_currency":"MXN","og_availability":"backorder","product_availability":"available for order","product_retailer_item_id":"CFQ7TTC0LFLZ:0002:P1Y","product_condition":"new"},"_links":{"self":[{"href":"https:\/\/compuviper.mx\/tienda\/wp-json\/wp\/v2\/product\/263389"}],"collection":[{"href":"https:\/\/compuviper.mx\/tienda\/wp-json\/wp\/v2\/product"}],"about":[{"href":"https:\/\/compuviper.mx\/tienda\/wp-json\/wp\/v2\/types\/product"}],"replies":[{"embeddable":true,"href":"https:\/\/compuviper.mx\/tienda\/wp-json\/wp\/v2\/comments?post=263389"}],"wp:attachment":[{"href":"https:\/\/compuviper.mx\/tienda\/wp-json\/wp\/v2\/media?parent=263389"}],"wp:term":[{"taxonomy":"product_cat","embeddable":true,"href":"https:\/\/compuviper.mx\/tienda\/wp-json\/wp\/v2\/product_cat?post=263389"},{"taxonomy":"product_tag","embeddable":true,"href":"https:\/\/compuviper.mx\/tienda\/wp-json\/wp\/v2\/product_tag?post=263389"}],"curies":[{"name":"wp","href":"https:\/\/api.w.org\/{rel}","templated":true}]}}