{"id":263388,"date":"2026-04-02T02:02:52","date_gmt":"2026-04-02T08:02:52","guid":{"rendered":"https:\/\/compuviper.mx\/tienda\/producto\/hewlett-packard-enterprise-p86708-dm5-servidor-hpe-proliant-microserver-gen11-6325p-3-5ghz-4c-1p-1x16gb-u-4lff-nhp-2x1tb-hdd-1x180w-ps-la-server\/"},"modified":"2026-04-02T02:02:52","modified_gmt":"2026-04-02T08:02:52","slug":"hewlett-packard-enterprise-p86708-dm5-servidor-hpe-proliant-microserver-gen11-6325p-3-5ghz-4c-1p-1x16gb-u-4lff-nhp-2x1tb-hdd-1x180w-ps-la-server","status":"publish","type":"product","link":"https:\/\/compuviper.mx\/tienda\/producto\/hewlett-packard-enterprise-p86708-dm5-servidor-hpe-proliant-microserver-gen11-6325p-3-5ghz-4c-1p-1x16gb-u-4lff-nhp-2x1tb-hdd-1x180w-ps-la-server\/","title":{"rendered":"Hewlett Packard Enterprise P86708-dm5 Servidor Hpe Proliant Microserver Gen11 6325p 3.5ghz 4c 1p 1x16gb-u 4lff-nhp 2x1tb Hdd 1x180w Ps La Server"},"content":{"rendered":"<table class=\"descripcion\">\n<tr>\n<td>N\u00facleo de procesador disponible<\/td>\n<\/tr>\n<tr>\n<td>4 n\u00facleos<\/td>\n<\/tr>\n<tr>\n<td>Cach\u00e9 de procesador<\/td>\n<\/tr>\n<tr>\n<td>12 mb l3<\/td>\n<\/tr>\n<tr>\n<td>Nombre del procesador<\/td>\n<\/tr>\n<tr>\n<td>Intel\u00ae xeon 6325p (4 n\u00facleos, 3,50 ghz, 12 mb l3, 55 w)<\/td>\n<\/tr>\n<tr>\n<td>N\u00famero del procesador<\/td>\n<\/tr>\n<tr>\n<td>1 procesador incluido<\/td>\n<\/tr>\n<tr>\n<td>Velocidad del procesador<\/td>\n<\/tr>\n<tr>\n<td>3,50 ghz<\/td>\n<\/tr>\n<tr>\n<td>Tipo de memoria<\/td>\n<\/tr>\n<tr>\n<td>Memoria est\u00e1ndar hpe ddr5<\/td>\n<\/tr>\n<tr>\n<td>Unidades incluidas<\/td>\n<\/tr>\n<tr>\n<td>2 hdd hpe fundamental para el negocio 1 tb sata 6g 7200 rpm lff rw 1 a. de garant\u00eda m\u00faltiples proveedores<\/td>\n<\/tr>\n<tr>\n<td>Tipo de unidad \u00f3ptica<\/td>\n<\/tr>\n<tr>\n<td>Kit de bah\u00eda odd opcional, no incluido<\/td>\n<\/tr>\n<tr>\n<td>Seguridad f\u00edsica<\/td>\n<\/tr>\n<tr>\n<td>Tpm 2.0 integrado<\/td>\n<\/tr>\n<tr>\n<td>Gesti\u00f3n de infraestructura<\/td>\n<\/tr>\n<tr>\n<td>Hpe ilo 6<\/td>\n<\/tr>\n<tr>\n<td>Tipo de fuente de alimentaci\u00f3n<\/td>\n<\/tr>\n<tr>\n<td>Fuente externa compacta de 180 w<\/td>\n<\/tr>\n<tr>\n<td>Ranuras de expansi\u00f3n<\/td>\n<\/tr>\n<tr>\n<td>2 ranuras pcie<\/td>\n<\/tr>\n<tr>\n<td>Para descripciones detalladas, consulte las especificaciones r\u00e1pidas<\/td>\n<\/tr>\n<tr>\n<td>Controlador de red<\/td>\n<\/tr>\n<tr>\n<td>4 puertos de 1 gbe integrados<\/td>\n<\/tr>\n<tr>\n<td>Controlador de almacenamiento<\/td>\n<\/tr>\n<tr>\n<td>Intel\u00ae vroc sata integrado para hpe proliant gen11<\/td>\n<\/tr>\n<tr>\n<td>Caracter\u00edsticas de los ventiladores del sistema<\/td>\n<\/tr>\n<tr>\n<td>1 ventilador est\u00e1ndar<\/td>\n<\/tr>\n<tr>\n<td>Formato<\/td>\n<\/tr>\n<tr>\n<td>Torre ultra peque\u00f1a<\/td>\n<\/tr>\n<tr>\n<td>Garant\u00eda<\/td>\n<\/tr>\n<tr>\n<td>La garant\u00eda del servidor incluye 1 a\u00f1o para piezas, 1 a\u00f1o de mano de obra y 1 a\u00f1o de soporte in situ con respuesta al siguiente dia laborable.<\/td>\n<\/tr>\n<\/table>\n","protected":false},"excerpt":{"rendered":"<p>Hpe proliant microserver gen11 ofrece un servidor b\u00e1sico que puedes personalizar para diversas instalaciones o la nube h\u00edbrida, sin dejar de cumplir los est\u00e1ndares de rendimiento de clase empresarial, seguridad, fiabilidad y de expansi\u00f3n del resto de servidores de clase empresarial del portfolio hpe proliant.<\/p>\n","protected":false},"featured_media":0,"comment_status":"open","ping_status":"open","template":"","meta":[],"product_cat":[1808,1810],"product_tag":[1568],"acf":[],"yoast_head":"<!-- This site is optimized with the Yoast SEO plugin v21.7 - https:\/\/yoast.com\/wordpress\/plugins\/seo\/ -->\n<title>[ Hewlett Packard Enterprise ] &#129351; P86708-dm5 Servidor Hpe Proliant Microserver Gen11 6325p 3.5ghz 4c 1p 1x16gb-u 4lff-nhp 2x1tb Hdd 1x180w Ps La Server<\/title>\n<meta name=\"description\" content=\"Compra P86708-dm5 Servidor Hpe Proliant Microserver Gen11 6325p 3.5ghz 4c 1p 1x16gb-u 4lff-nhp 2x1tb Hdd 1x180w Ps La Server + Env\u00edo a domicilio + Pago seguro + Garant\u00eda\" \/>\n<meta name=\"robots\" content=\"index, follow, max-snippet:-1, max-image-preview:large, max-video-preview:-1\" \/>\n<link rel=\"canonical\" href=\"https:\/\/compuviper.mx\/tienda\/producto\/hewlett-packard-enterprise-p86708-dm5-servidor-hpe-proliant-microserver-gen11-6325p-3-5ghz-4c-1p-1x16gb-u-4lff-nhp-2x1tb-hdd-1x180w-ps-la-server\/\" \/>\n<meta property=\"og:locale\" content=\"es_MX\" \/>\n<meta property=\"og:type\" content=\"article\" \/>\n<meta property=\"og:title\" content=\"[ Hewlett Packard Enterprise ] &#129351; P86708-dm5 Servidor Hpe Proliant Microserver Gen11 6325p 3.5ghz 4c 1p 1x16gb-u 4lff-nhp 2x1tb Hdd 1x180w Ps La Server\" \/>\n<meta property=\"og:description\" content=\"Compra P86708-dm5 Servidor Hpe Proliant Microserver Gen11 6325p 3.5ghz 4c 1p 1x16gb-u 4lff-nhp 2x1tb Hdd 1x180w Ps La Server + Env\u00edo a domicilio + Pago seguro + Garant\u00eda\" \/>\n<meta property=\"og:url\" content=\"https:\/\/compuviper.mx\/tienda\/producto\/hewlett-packard-enterprise-p86708-dm5-servidor-hpe-proliant-microserver-gen11-6325p-3-5ghz-4c-1p-1x16gb-u-4lff-nhp-2x1tb-hdd-1x180w-ps-la-server\/\" \/>\n<meta property=\"og:site_name\" content=\"Compuviper\" \/>\n<meta property=\"article:publisher\" content=\"https:\/\/www.facebook.com\/compuviper\" \/>\n<meta name=\"twitter:card\" content=\"summary_large_image\" \/>\n<meta name=\"twitter:label1\" content=\"Precio\" \/>\n\t<meta name=\"twitter:data1\" content=\"&#36;42,008 con IVA\" \/>\n\t<meta name=\"twitter:label2\" content=\"Availability\" \/>\n\t<meta name=\"twitter:data2\" content=\"In stock\" \/>\n<script type=\"application\/ld+json\" class=\"yoast-schema-graph\">{\"@context\":\"https:\/\/schema.org\",\"@graph\":[{\"@type\":\"WebPage\",\"@id\":\"https:\/\/compuviper.mx\/tienda\/producto\/hewlett-packard-enterprise-p86708-dm5-servidor-hpe-proliant-microserver-gen11-6325p-3-5ghz-4c-1p-1x16gb-u-4lff-nhp-2x1tb-hdd-1x180w-ps-la-server\/\",\"url\":\"https:\/\/compuviper.mx\/tienda\/producto\/hewlett-packard-enterprise-p86708-dm5-servidor-hpe-proliant-microserver-gen11-6325p-3-5ghz-4c-1p-1x16gb-u-4lff-nhp-2x1tb-hdd-1x180w-ps-la-server\/\",\"name\":\"[ Hewlett Packard Enterprise ] &#129351; P86708-dm5 Servidor Hpe Proliant Microserver Gen11 6325p 3.5ghz 4c 1p 1x16gb-u 4lff-nhp 2x1tb Hdd 1x180w Ps La Server\",\"isPartOf\":{\"@id\":\"https:\/\/compuviper.mx\/tienda\/#website\"},\"datePublished\":\"2026-04-02T08:02:52+00:00\",\"dateModified\":\"2026-04-02T08:02:52+00:00\",\"description\":\"Compra P86708-dm5 Servidor Hpe Proliant Microserver Gen11 6325p 3.5ghz 4c 1p 1x16gb-u 4lff-nhp 2x1tb Hdd 1x180w Ps La Server + Env\u00edo a domicilio + Pago seguro + Garant\u00eda\",\"breadcrumb\":{\"@id\":\"https:\/\/compuviper.mx\/tienda\/producto\/hewlett-packard-enterprise-p86708-dm5-servidor-hpe-proliant-microserver-gen11-6325p-3-5ghz-4c-1p-1x16gb-u-4lff-nhp-2x1tb-hdd-1x180w-ps-la-server\/#breadcrumb\"},\"inLanguage\":\"es-MX\",\"potentialAction\":[{\"@type\":\"ReadAction\",\"target\":[\"https:\/\/compuviper.mx\/tienda\/producto\/hewlett-packard-enterprise-p86708-dm5-servidor-hpe-proliant-microserver-gen11-6325p-3-5ghz-4c-1p-1x16gb-u-4lff-nhp-2x1tb-hdd-1x180w-ps-la-server\/\"]}]},{\"@type\":\"BreadcrumbList\",\"@id\":\"https:\/\/compuviper.mx\/tienda\/producto\/hewlett-packard-enterprise-p86708-dm5-servidor-hpe-proliant-microserver-gen11-6325p-3-5ghz-4c-1p-1x16gb-u-4lff-nhp-2x1tb-hdd-1x180w-ps-la-server\/#breadcrumb\",\"itemListElement\":[{\"@type\":\"ListItem\",\"position\":1,\"name\":\"Inicio\",\"item\":\"https:\/\/compuviper.mx\/tienda\/\"},{\"@type\":\"ListItem\",\"position\":2,\"name\":\"Productos\",\"item\":\"https:\/\/compuviper.mx\/tienda\/productos\/\"},{\"@type\":\"ListItem\",\"position\":3,\"name\":\"Servidores\",\"item\":\"https:\/\/compuviper.mx\/tienda\/categoria-producto\/servidores-2\/\"},{\"@type\":\"ListItem\",\"position\":4,\"name\":\"Torre (ml)\",\"item\":\"https:\/\/compuviper.mx\/tienda\/categoria-producto\/servidores-2\/torre-ml\/\"},{\"@type\":\"ListItem\",\"position\":5,\"name\":\"Hewlett Packard Enterprise P86708-dm5 Servidor Hpe Proliant Microserver Gen11 6325p 3.5ghz 4c 1p 1x16gb-u 4lff-nhp 2x1tb Hdd 1x180w Ps La Server\"}]},{\"@type\":\"WebSite\",\"@id\":\"https:\/\/compuviper.mx\/tienda\/#website\",\"url\":\"https:\/\/compuviper.mx\/tienda\/\",\"name\":\"Compuviper\",\"description\":\"Proveedor de Computadoras, Laptops, Servidores, Monitores, Puntos de Venta, Teclados,   Impresoras, T\u00f3ner, C\u00e1maras de Seguridad y m\u00e1s en tu tienda en l\u00ednea\",\"publisher\":{\"@id\":\"https:\/\/compuviper.mx\/tienda\/#organization\"},\"potentialAction\":[{\"@type\":\"SearchAction\",\"target\":{\"@type\":\"EntryPoint\",\"urlTemplate\":\"https:\/\/compuviper.mx\/tienda\/?s={search_term_string}\"},\"query-input\":\"required name=search_term_string\"}],\"inLanguage\":\"es-MX\"},{\"@type\":\"Organization\",\"@id\":\"https:\/\/compuviper.mx\/tienda\/#organization\",\"name\":\"Compuviper\",\"url\":\"https:\/\/compuviper.mx\/tienda\/\",\"logo\":{\"@type\":\"ImageObject\",\"inLanguage\":\"es-MX\",\"@id\":\"https:\/\/compuviper.mx\/tienda\/#\/schema\/logo\/image\/\",\"url\":\"https:\/\/compuviper.mx\/tienda\/wp-content\/uploads\/2021\/08\/Logo-Compuviper-10.png\",\"contentUrl\":\"https:\/\/compuviper.mx\/tienda\/wp-content\/uploads\/2021\/08\/Logo-Compuviper-10.png\",\"width\":1000,\"height\":500,\"caption\":\"Compuviper\"},\"image\":{\"@id\":\"https:\/\/compuviper.mx\/tienda\/#\/schema\/logo\/image\/\"},\"sameAs\":[\"https:\/\/www.facebook.com\/compuviper\",\"https:\/\/www.youtube.com\/channel\/UCf73dERp9Y3cfOq7q8BhLjA?view_as=subscriber\"]}]}<\/script>\n<meta property=\"product:brand\" content=\"HEWLETT PACKARD ENTERPRISE\" \/>\n<meta property=\"product:price:amount\" content=\"42008\" \/>\n<meta property=\"product:price:currency\" content=\"MXN\" \/>\n<meta property=\"og:availability\" content=\"instock\" \/>\n<meta property=\"product:availability\" content=\"instock\" \/>\n<meta property=\"product:retailer_item_id\" content=\"P86708-DM5\" \/>\n<meta property=\"product:condition\" content=\"new\" \/>\n<!-- \/ Yoast SEO plugin. -->","yoast_head_json":{"title":"[ Hewlett Packard Enterprise ] &#129351; P86708-dm5 Servidor Hpe Proliant Microserver Gen11 6325p 3.5ghz 4c 1p 1x16gb-u 4lff-nhp 2x1tb Hdd 1x180w Ps La Server","description":"Compra P86708-dm5 Servidor Hpe Proliant Microserver Gen11 6325p 3.5ghz 4c 1p 1x16gb-u 4lff-nhp 2x1tb Hdd 1x180w Ps La Server + Env\u00edo a domicilio + Pago seguro + Garant\u00eda","robots":{"index":"index","follow":"follow","max-snippet":"max-snippet:-1","max-image-preview":"max-image-preview:large","max-video-preview":"max-video-preview:-1"},"canonical":"https:\/\/compuviper.mx\/tienda\/producto\/hewlett-packard-enterprise-p86708-dm5-servidor-hpe-proliant-microserver-gen11-6325p-3-5ghz-4c-1p-1x16gb-u-4lff-nhp-2x1tb-hdd-1x180w-ps-la-server\/","og_locale":"es_MX","og_type":"article","og_title":"[ Hewlett Packard Enterprise ] &#129351; P86708-dm5 Servidor Hpe Proliant Microserver Gen11 6325p 3.5ghz 4c 1p 1x16gb-u 4lff-nhp 2x1tb Hdd 1x180w Ps La Server","og_description":"Compra P86708-dm5 Servidor Hpe Proliant Microserver Gen11 6325p 3.5ghz 4c 1p 1x16gb-u 4lff-nhp 2x1tb Hdd 1x180w Ps La Server + Env\u00edo a domicilio + Pago seguro + Garant\u00eda","og_url":"https:\/\/compuviper.mx\/tienda\/producto\/hewlett-packard-enterprise-p86708-dm5-servidor-hpe-proliant-microserver-gen11-6325p-3-5ghz-4c-1p-1x16gb-u-4lff-nhp-2x1tb-hdd-1x180w-ps-la-server\/","og_site_name":"Compuviper","article_publisher":"https:\/\/www.facebook.com\/compuviper","twitter_card":"summary_large_image","twitter_misc":{"Precio":"&#36;42,008 con IVA","Availability":"In stock"},"schema":{"@context":"https:\/\/schema.org","@graph":[{"@type":"WebPage","@id":"https:\/\/compuviper.mx\/tienda\/producto\/hewlett-packard-enterprise-p86708-dm5-servidor-hpe-proliant-microserver-gen11-6325p-3-5ghz-4c-1p-1x16gb-u-4lff-nhp-2x1tb-hdd-1x180w-ps-la-server\/","url":"https:\/\/compuviper.mx\/tienda\/producto\/hewlett-packard-enterprise-p86708-dm5-servidor-hpe-proliant-microserver-gen11-6325p-3-5ghz-4c-1p-1x16gb-u-4lff-nhp-2x1tb-hdd-1x180w-ps-la-server\/","name":"[ Hewlett Packard Enterprise ] &#129351; P86708-dm5 Servidor Hpe Proliant Microserver Gen11 6325p 3.5ghz 4c 1p 1x16gb-u 4lff-nhp 2x1tb Hdd 1x180w Ps La Server","isPartOf":{"@id":"https:\/\/compuviper.mx\/tienda\/#website"},"datePublished":"2026-04-02T08:02:52+00:00","dateModified":"2026-04-02T08:02:52+00:00","description":"Compra P86708-dm5 Servidor Hpe Proliant Microserver Gen11 6325p 3.5ghz 4c 1p 1x16gb-u 4lff-nhp 2x1tb Hdd 1x180w Ps La Server + Env\u00edo a domicilio + Pago seguro + Garant\u00eda","breadcrumb":{"@id":"https:\/\/compuviper.mx\/tienda\/producto\/hewlett-packard-enterprise-p86708-dm5-servidor-hpe-proliant-microserver-gen11-6325p-3-5ghz-4c-1p-1x16gb-u-4lff-nhp-2x1tb-hdd-1x180w-ps-la-server\/#breadcrumb"},"inLanguage":"es-MX","potentialAction":[{"@type":"ReadAction","target":["https:\/\/compuviper.mx\/tienda\/producto\/hewlett-packard-enterprise-p86708-dm5-servidor-hpe-proliant-microserver-gen11-6325p-3-5ghz-4c-1p-1x16gb-u-4lff-nhp-2x1tb-hdd-1x180w-ps-la-server\/"]}]},{"@type":"BreadcrumbList","@id":"https:\/\/compuviper.mx\/tienda\/producto\/hewlett-packard-enterprise-p86708-dm5-servidor-hpe-proliant-microserver-gen11-6325p-3-5ghz-4c-1p-1x16gb-u-4lff-nhp-2x1tb-hdd-1x180w-ps-la-server\/#breadcrumb","itemListElement":[{"@type":"ListItem","position":1,"name":"Inicio","item":"https:\/\/compuviper.mx\/tienda\/"},{"@type":"ListItem","position":2,"name":"Productos","item":"https:\/\/compuviper.mx\/tienda\/productos\/"},{"@type":"ListItem","position":3,"name":"Servidores","item":"https:\/\/compuviper.mx\/tienda\/categoria-producto\/servidores-2\/"},{"@type":"ListItem","position":4,"name":"Torre (ml)","item":"https:\/\/compuviper.mx\/tienda\/categoria-producto\/servidores-2\/torre-ml\/"},{"@type":"ListItem","position":5,"name":"Hewlett Packard Enterprise P86708-dm5 Servidor Hpe Proliant Microserver Gen11 6325p 3.5ghz 4c 1p 1x16gb-u 4lff-nhp 2x1tb Hdd 1x180w Ps La Server"}]},{"@type":"WebSite","@id":"https:\/\/compuviper.mx\/tienda\/#website","url":"https:\/\/compuviper.mx\/tienda\/","name":"Compuviper","description":"Proveedor de Computadoras, Laptops, Servidores, Monitores, Puntos de Venta, Teclados,   Impresoras, T\u00f3ner, C\u00e1maras de Seguridad y m\u00e1s en tu tienda en l\u00ednea","publisher":{"@id":"https:\/\/compuviper.mx\/tienda\/#organization"},"potentialAction":[{"@type":"SearchAction","target":{"@type":"EntryPoint","urlTemplate":"https:\/\/compuviper.mx\/tienda\/?s={search_term_string}"},"query-input":"required name=search_term_string"}],"inLanguage":"es-MX"},{"@type":"Organization","@id":"https:\/\/compuviper.mx\/tienda\/#organization","name":"Compuviper","url":"https:\/\/compuviper.mx\/tienda\/","logo":{"@type":"ImageObject","inLanguage":"es-MX","@id":"https:\/\/compuviper.mx\/tienda\/#\/schema\/logo\/image\/","url":"https:\/\/compuviper.mx\/tienda\/wp-content\/uploads\/2021\/08\/Logo-Compuviper-10.png","contentUrl":"https:\/\/compuviper.mx\/tienda\/wp-content\/uploads\/2021\/08\/Logo-Compuviper-10.png","width":1000,"height":500,"caption":"Compuviper"},"image":{"@id":"https:\/\/compuviper.mx\/tienda\/#\/schema\/logo\/image\/"},"sameAs":["https:\/\/www.facebook.com\/compuviper","https:\/\/www.youtube.com\/channel\/UCf73dERp9Y3cfOq7q8BhLjA?view_as=subscriber"]}]},"product_brand":"HEWLETT PACKARD ENTERPRISE","product_price_amount":"42008","product_price_currency":"MXN","og_availability":"instock","product_availability":"instock","product_retailer_item_id":"P86708-DM5","product_condition":"new"},"_links":{"self":[{"href":"https:\/\/compuviper.mx\/tienda\/wp-json\/wp\/v2\/product\/263388"}],"collection":[{"href":"https:\/\/compuviper.mx\/tienda\/wp-json\/wp\/v2\/product"}],"about":[{"href":"https:\/\/compuviper.mx\/tienda\/wp-json\/wp\/v2\/types\/product"}],"replies":[{"embeddable":true,"href":"https:\/\/compuviper.mx\/tienda\/wp-json\/wp\/v2\/comments?post=263388"}],"wp:attachment":[{"href":"https:\/\/compuviper.mx\/tienda\/wp-json\/wp\/v2\/media?parent=263388"}],"wp:term":[{"taxonomy":"product_cat","embeddable":true,"href":"https:\/\/compuviper.mx\/tienda\/wp-json\/wp\/v2\/product_cat?post=263388"},{"taxonomy":"product_tag","embeddable":true,"href":"https:\/\/compuviper.mx\/tienda\/wp-json\/wp\/v2\/product_tag?post=263388"}],"curies":[{"name":"wp","href":"https:\/\/api.w.org\/{rel}","templated":true}]}}