{"id":263375,"date":"2026-04-18T01:15:35","date_gmt":"2026-04-18T07:15:35","guid":{"rendered":"https:\/\/compuviper.mx\/tienda\/producto\/dahua-dh-pfs3110-8et1gt1gf-96-switch-pfs3110-8et1gt1gf-96-poe-de-10-pts-8-pts-poe-10-100-1pto-sfp-de1000-mbps-1-pto-uplink-de-10-100-1000-96-watts-totales-alimentacion-hasta-250-mts-soporta-poe\/"},"modified":"2026-04-18T01:15:35","modified_gmt":"2026-04-18T07:15:35","slug":"dahua-dh-pfs3110-8et1gt1gf-96-switch-pfs3110-8et1gt1gf-96-poe-de-10-pts-8-pts-poe-10-100-1pto-sfp-de1000-mbps-1-pto-uplink-de-10-100-1000-96-watts-totales-alimentacion-hasta-250-mts-soporta-poe","status":"publish","type":"product","link":"https:\/\/compuviper.mx\/tienda\/producto\/dahua-dh-pfs3110-8et1gt1gf-96-switch-pfs3110-8et1gt1gf-96-poe-de-10-pts-8-pts-poe-10-100-1pto-sfp-de1000-mbps-1-pto-uplink-de-10-100-1000-96-watts-totales-alimentacion-hasta-250-mts-soporta-poe\/","title":{"rendered":"Dahua Dh-pfs3110-8et1gt1gf-96 Switch\/ \/ Pfs3110-8et1gt1gf-96 \/ Poe De 10 Pts\/8 Pts Poe 10\/100\/1pto Sfp De1000 Mbps\/1 Pto Uplink De 10\/100\/1000\/ 96 Watts Totales\/ Alimentacion Hasta 250 Mts\/soporta Poe Whatchdog\/pto Rojo Sopo"},"content":{"rendered":"<table class=\"descripcion\">\n<tr>\n<td>Especificaciones tecnicas<\/td>\n<\/tr>\n<tr>\n<td>\u0095 velocidad del puerto ethernet: 10\/100mbps<\/td>\n<\/tr>\n<tr>\n<td>\u0095 velocidad de enlace ascendente del puerto ethernet: 10\/100\/1000mbs<\/td>\n<\/tr>\n<tr>\n<td>\u0095 velocidad de enlace ascendente del puerto optico: 1 gbps<\/td>\n<\/tr>\n<tr>\n<td>\u0095 descripcion de la ranuras de funciones: puerto 1-8: 8 \u00d7 10\/100 base-t (poe) enlace ascendente 1: 1 \u00d7 10\/100\/1000 base-t enlace ascendente 2: 1 \u00d7 1000 base-x<\/td>\n<\/tr>\n<tr>\n<td>\u0095 fuente de alimentacion: 53 v cc, 1,81a<\/td>\n<\/tr>\n<tr>\n<td>\u0095 temperatura de funcionamiento: -10<\/td>\n<\/tr>\n<tr>\n<td>Incluye<\/td>\n<\/tr>\n<tr>\n<td>\u0095 x1 switch pfs3110-8et1gt1gf-96<\/td>\n<\/tr>\n<tr>\n<td>\u0095 x1 fuente de poder<\/td>\n<\/tr>\n<tr>\n<td>\u0095 x1 manual de usuario<\/td>\n<\/tr>\n<tr>\n<td>\u0095 x1 poliza de garantia<\/td>\n<\/tr>\n<\/table>\n","protected":false},"excerpt":{"rendered":"<p>Informacion general. El dahua pfs3110-8et-96 es un switch poe con 10 puertos, disenado para ofrecer alto rendimiento en redes de videovigilancia y otros entornos. Incluye 8 puertos poe 10\/100 mbps, un puerto sfp de 1000 mbps y un uplink de 10\/100\/1000 mbps. Con 96w de potencia total y alcance de hasta 250 metros, garantiza un suministro eficiente de energia y datos para dispositivos conectados. Integra tecnologia poe watchdog para reinicio automatico en caso de fallos y soporte ieee 802.3bt en su puerto rojo. Su diseno compacto y funcionalidades avanzadas lo convierten en una solucion ideal para instalaciones exigentes. Caracteristicas principales. \u0095 puertos poe de 100 mbps y puertos de enlace ascendente gigabit. \u0095 el puerto rojo cumple con el estandar ieee 802.3bt. \u0095 la fuente de alimentacion admite hasta 90 w. \u0095 el perro guardian poe monitorea el estado de los terminales en tiempo real. \u0095 admite fuente de alimentacion de larga distancia de 250 m. \u0095 admite la politica de administracion de energia. \u0095 poe de 8 pines ofrece una mejor compatibilidad y reduce la perdida de cable. \u0095 la carcasa totalmente metalica duradera proporciona una excelente disipacion del calor.<\/p>\n","protected":false},"featured_media":0,"comment_status":"open","ping_status":"open","template":"","meta":[],"product_cat":[1563,1564],"product_tag":[1555],"acf":[],"yoast_head":"<!-- This site is optimized with the Yoast SEO plugin v21.7 - https:\/\/yoast.com\/wordpress\/plugins\/seo\/ -->\n<title>[ Dahua ] &#129351; Dh-pfs3110-8et1gt1gf-96 Switch\/ \/ Pfs3110-8et1gt1gf-96 \/ Poe De 10 Pts\/8 Pts Poe 10\/100\/1pto Sfp De1000 Mbps\/1 Pto Uplink De 10\/100\/1000\/ 96 Watts Totales\/ Alimentacion Hasta 250 Mts\/soporta Poe Whatchdog\/pto Rojo Sopo<\/title>\n<meta name=\"description\" content=\"Compra Dh-pfs3110-8et1gt1gf-96 Switch\/ \/ Pfs3110-8et1gt1gf-96 \/ Poe De 10 Pts\/8 Pts Poe 10\/100\/1pto Sfp De1000 Mbps\/1 Pto Uplink De 10\/100\/1000\/ 96 Watts Totales\/ Alimentacion Hasta 250 Mts\/soporta Poe Whatchdog\/pto Rojo Sopo + Env\u00edo a domicilio + Pago seguro + Garant\u00eda\" \/>\n<meta name=\"robots\" content=\"index, follow, max-snippet:-1, max-image-preview:large, max-video-preview:-1\" \/>\n<link rel=\"canonical\" href=\"https:\/\/compuviper.mx\/tienda\/producto\/dahua-dh-pfs3110-8et1gt1gf-96-switch-pfs3110-8et1gt1gf-96-poe-de-10-pts-8-pts-poe-10-100-1pto-sfp-de1000-mbps-1-pto-uplink-de-10-100-1000-96-watts-totales-alimentacion-hasta-250-mts-soporta-poe\/\" \/>\n<meta property=\"og:locale\" content=\"es_MX\" \/>\n<meta property=\"og:type\" content=\"article\" \/>\n<meta property=\"og:title\" content=\"[ Dahua ] &#129351; Dh-pfs3110-8et1gt1gf-96 Switch\/ \/ Pfs3110-8et1gt1gf-96 \/ Poe De 10 Pts\/8 Pts Poe 10\/100\/1pto Sfp De1000 Mbps\/1 Pto Uplink De 10\/100\/1000\/ 96 Watts Totales\/ Alimentacion Hasta 250 Mts\/soporta Poe Whatchdog\/pto Rojo Sopo\" \/>\n<meta property=\"og:description\" content=\"Compra Dh-pfs3110-8et1gt1gf-96 Switch\/ \/ Pfs3110-8et1gt1gf-96 \/ Poe De 10 Pts\/8 Pts Poe 10\/100\/1pto Sfp De1000 Mbps\/1 Pto Uplink De 10\/100\/1000\/ 96 Watts Totales\/ Alimentacion Hasta 250 Mts\/soporta Poe Whatchdog\/pto Rojo Sopo + Env\u00edo a domicilio + Pago seguro + Garant\u00eda\" \/>\n<meta property=\"og:url\" content=\"https:\/\/compuviper.mx\/tienda\/producto\/dahua-dh-pfs3110-8et1gt1gf-96-switch-pfs3110-8et1gt1gf-96-poe-de-10-pts-8-pts-poe-10-100-1pto-sfp-de1000-mbps-1-pto-uplink-de-10-100-1000-96-watts-totales-alimentacion-hasta-250-mts-soporta-poe\/\" \/>\n<meta property=\"og:site_name\" content=\"Compuviper\" \/>\n<meta property=\"article:publisher\" content=\"https:\/\/www.facebook.com\/compuviper\" \/>\n<meta name=\"twitter:card\" content=\"summary_large_image\" \/>\n<meta name=\"twitter:label1\" content=\"Precio\" \/>\n\t<meta name=\"twitter:data1\" content=\"&#36;1,446 con IVA\" \/>\n\t<meta name=\"twitter:label2\" content=\"Availability\" \/>\n\t<meta name=\"twitter:data2\" content=\"Out of stock\" \/>\n<script type=\"application\/ld+json\" class=\"yoast-schema-graph\">{\"@context\":\"https:\/\/schema.org\",\"@graph\":[{\"@type\":\"WebPage\",\"@id\":\"https:\/\/compuviper.mx\/tienda\/producto\/dahua-dh-pfs3110-8et1gt1gf-96-switch-pfs3110-8et1gt1gf-96-poe-de-10-pts-8-pts-poe-10-100-1pto-sfp-de1000-mbps-1-pto-uplink-de-10-100-1000-96-watts-totales-alimentacion-hasta-250-mts-soporta-poe\/\",\"url\":\"https:\/\/compuviper.mx\/tienda\/producto\/dahua-dh-pfs3110-8et1gt1gf-96-switch-pfs3110-8et1gt1gf-96-poe-de-10-pts-8-pts-poe-10-100-1pto-sfp-de1000-mbps-1-pto-uplink-de-10-100-1000-96-watts-totales-alimentacion-hasta-250-mts-soporta-poe\/\",\"name\":\"[ Dahua ] &#129351; Dh-pfs3110-8et1gt1gf-96 Switch\/ \/ Pfs3110-8et1gt1gf-96 \/ Poe De 10 Pts\/8 Pts Poe 10\/100\/1pto Sfp De1000 Mbps\/1 Pto Uplink De 10\/100\/1000\/ 96 Watts Totales\/ Alimentacion Hasta 250 Mts\/soporta Poe Whatchdog\/pto Rojo Sopo\",\"isPartOf\":{\"@id\":\"https:\/\/compuviper.mx\/tienda\/#website\"},\"datePublished\":\"2026-04-18T07:15:35+00:00\",\"dateModified\":\"2026-04-18T07:15:35+00:00\",\"description\":\"Compra Dh-pfs3110-8et1gt1gf-96 Switch\/ \/ Pfs3110-8et1gt1gf-96 \/ Poe De 10 Pts\/8 Pts Poe 10\/100\/1pto Sfp De1000 Mbps\/1 Pto Uplink De 10\/100\/1000\/ 96 Watts Totales\/ Alimentacion Hasta 250 Mts\/soporta Poe Whatchdog\/pto Rojo Sopo + Env\u00edo a domicilio + Pago seguro + Garant\u00eda\",\"breadcrumb\":{\"@id\":\"https:\/\/compuviper.mx\/tienda\/producto\/dahua-dh-pfs3110-8et1gt1gf-96-switch-pfs3110-8et1gt1gf-96-poe-de-10-pts-8-pts-poe-10-100-1pto-sfp-de1000-mbps-1-pto-uplink-de-10-100-1000-96-watts-totales-alimentacion-hasta-250-mts-soporta-poe\/#breadcrumb\"},\"inLanguage\":\"es-MX\",\"potentialAction\":[{\"@type\":\"ReadAction\",\"target\":[\"https:\/\/compuviper.mx\/tienda\/producto\/dahua-dh-pfs3110-8et1gt1gf-96-switch-pfs3110-8et1gt1gf-96-poe-de-10-pts-8-pts-poe-10-100-1pto-sfp-de1000-mbps-1-pto-uplink-de-10-100-1000-96-watts-totales-alimentacion-hasta-250-mts-soporta-poe\/\"]}]},{\"@type\":\"BreadcrumbList\",\"@id\":\"https:\/\/compuviper.mx\/tienda\/producto\/dahua-dh-pfs3110-8et1gt1gf-96-switch-pfs3110-8et1gt1gf-96-poe-de-10-pts-8-pts-poe-10-100-1pto-sfp-de1000-mbps-1-pto-uplink-de-10-100-1000-96-watts-totales-alimentacion-hasta-250-mts-soporta-poe\/#breadcrumb\",\"itemListElement\":[{\"@type\":\"ListItem\",\"position\":1,\"name\":\"Inicio\",\"item\":\"https:\/\/compuviper.mx\/tienda\/\"},{\"@type\":\"ListItem\",\"position\":2,\"name\":\"Productos\",\"item\":\"https:\/\/compuviper.mx\/tienda\/productos\/\"},{\"@type\":\"ListItem\",\"position\":3,\"name\":\"Redes\",\"item\":\"https:\/\/compuviper.mx\/tienda\/categoria-producto\/redes\/\"},{\"@type\":\"ListItem\",\"position\":4,\"name\":\"Switch\",\"item\":\"https:\/\/compuviper.mx\/tienda\/categoria-producto\/redes\/switch\/\"},{\"@type\":\"ListItem\",\"position\":5,\"name\":\"Dahua Dh-pfs3110-8et1gt1gf-96 Switch\/ \/ Pfs3110-8et1gt1gf-96 \/ Poe De 10 Pts\/8 Pts Poe 10\/100\/1pto Sfp De1000 Mbps\/1 Pto Uplink De 10\/100\/1000\/ 96 Watts Totales\/ Alimentacion Hasta 250 Mts\/soporta Poe Whatchdog\/pto Rojo Sopo\"}]},{\"@type\":\"WebSite\",\"@id\":\"https:\/\/compuviper.mx\/tienda\/#website\",\"url\":\"https:\/\/compuviper.mx\/tienda\/\",\"name\":\"Compuviper\",\"description\":\"Proveedor de Computadoras, Laptops, Servidores, Monitores, Puntos de Venta, Teclados,   Impresoras, T\u00f3ner, C\u00e1maras de Seguridad y m\u00e1s en tu tienda en l\u00ednea\",\"publisher\":{\"@id\":\"https:\/\/compuviper.mx\/tienda\/#organization\"},\"potentialAction\":[{\"@type\":\"SearchAction\",\"target\":{\"@type\":\"EntryPoint\",\"urlTemplate\":\"https:\/\/compuviper.mx\/tienda\/?s={search_term_string}\"},\"query-input\":\"required name=search_term_string\"}],\"inLanguage\":\"es-MX\"},{\"@type\":\"Organization\",\"@id\":\"https:\/\/compuviper.mx\/tienda\/#organization\",\"name\":\"Compuviper\",\"url\":\"https:\/\/compuviper.mx\/tienda\/\",\"logo\":{\"@type\":\"ImageObject\",\"inLanguage\":\"es-MX\",\"@id\":\"https:\/\/compuviper.mx\/tienda\/#\/schema\/logo\/image\/\",\"url\":\"https:\/\/compuviper.mx\/tienda\/wp-content\/uploads\/2021\/08\/Logo-Compuviper-10.png\",\"contentUrl\":\"https:\/\/compuviper.mx\/tienda\/wp-content\/uploads\/2021\/08\/Logo-Compuviper-10.png\",\"width\":1000,\"height\":500,\"caption\":\"Compuviper\"},\"image\":{\"@id\":\"https:\/\/compuviper.mx\/tienda\/#\/schema\/logo\/image\/\"},\"sameAs\":[\"https:\/\/www.facebook.com\/compuviper\",\"https:\/\/www.youtube.com\/channel\/UCf73dERp9Y3cfOq7q8BhLjA?view_as=subscriber\"]}]}<\/script>\n<meta property=\"product:brand\" content=\"DAHUA\" \/>\n<meta property=\"product:price:amount\" content=\"1446\" \/>\n<meta property=\"product:price:currency\" content=\"MXN\" \/>\n<meta property=\"og:availability\" content=\"out of stock\" \/>\n<meta property=\"product:availability\" content=\"out of stock\" \/>\n<meta property=\"product:retailer_item_id\" content=\"DH-PFS3110-8ET1GT1GF-96\" \/>\n<meta property=\"product:condition\" content=\"new\" \/>\n<!-- \/ Yoast SEO plugin. -->","yoast_head_json":{"title":"[ Dahua ] &#129351; Dh-pfs3110-8et1gt1gf-96 Switch\/ \/ Pfs3110-8et1gt1gf-96 \/ Poe De 10 Pts\/8 Pts Poe 10\/100\/1pto Sfp De1000 Mbps\/1 Pto Uplink De 10\/100\/1000\/ 96 Watts Totales\/ Alimentacion Hasta 250 Mts\/soporta Poe Whatchdog\/pto Rojo Sopo","description":"Compra Dh-pfs3110-8et1gt1gf-96 Switch\/ \/ Pfs3110-8et1gt1gf-96 \/ Poe De 10 Pts\/8 Pts Poe 10\/100\/1pto Sfp De1000 Mbps\/1 Pto Uplink De 10\/100\/1000\/ 96 Watts Totales\/ Alimentacion Hasta 250 Mts\/soporta Poe Whatchdog\/pto Rojo Sopo + Env\u00edo a domicilio + Pago seguro + Garant\u00eda","robots":{"index":"index","follow":"follow","max-snippet":"max-snippet:-1","max-image-preview":"max-image-preview:large","max-video-preview":"max-video-preview:-1"},"canonical":"https:\/\/compuviper.mx\/tienda\/producto\/dahua-dh-pfs3110-8et1gt1gf-96-switch-pfs3110-8et1gt1gf-96-poe-de-10-pts-8-pts-poe-10-100-1pto-sfp-de1000-mbps-1-pto-uplink-de-10-100-1000-96-watts-totales-alimentacion-hasta-250-mts-soporta-poe\/","og_locale":"es_MX","og_type":"article","og_title":"[ Dahua ] &#129351; Dh-pfs3110-8et1gt1gf-96 Switch\/ \/ Pfs3110-8et1gt1gf-96 \/ Poe De 10 Pts\/8 Pts Poe 10\/100\/1pto Sfp De1000 Mbps\/1 Pto Uplink De 10\/100\/1000\/ 96 Watts Totales\/ Alimentacion Hasta 250 Mts\/soporta Poe Whatchdog\/pto Rojo Sopo","og_description":"Compra Dh-pfs3110-8et1gt1gf-96 Switch\/ \/ Pfs3110-8et1gt1gf-96 \/ Poe De 10 Pts\/8 Pts Poe 10\/100\/1pto Sfp De1000 Mbps\/1 Pto Uplink De 10\/100\/1000\/ 96 Watts Totales\/ Alimentacion Hasta 250 Mts\/soporta Poe Whatchdog\/pto Rojo Sopo + Env\u00edo a domicilio + Pago seguro + Garant\u00eda","og_url":"https:\/\/compuviper.mx\/tienda\/producto\/dahua-dh-pfs3110-8et1gt1gf-96-switch-pfs3110-8et1gt1gf-96-poe-de-10-pts-8-pts-poe-10-100-1pto-sfp-de1000-mbps-1-pto-uplink-de-10-100-1000-96-watts-totales-alimentacion-hasta-250-mts-soporta-poe\/","og_site_name":"Compuviper","article_publisher":"https:\/\/www.facebook.com\/compuviper","twitter_card":"summary_large_image","twitter_misc":{"Precio":"&#36;1,446 con IVA","Availability":"Out of stock"},"schema":{"@context":"https:\/\/schema.org","@graph":[{"@type":"WebPage","@id":"https:\/\/compuviper.mx\/tienda\/producto\/dahua-dh-pfs3110-8et1gt1gf-96-switch-pfs3110-8et1gt1gf-96-poe-de-10-pts-8-pts-poe-10-100-1pto-sfp-de1000-mbps-1-pto-uplink-de-10-100-1000-96-watts-totales-alimentacion-hasta-250-mts-soporta-poe\/","url":"https:\/\/compuviper.mx\/tienda\/producto\/dahua-dh-pfs3110-8et1gt1gf-96-switch-pfs3110-8et1gt1gf-96-poe-de-10-pts-8-pts-poe-10-100-1pto-sfp-de1000-mbps-1-pto-uplink-de-10-100-1000-96-watts-totales-alimentacion-hasta-250-mts-soporta-poe\/","name":"[ Dahua ] &#129351; Dh-pfs3110-8et1gt1gf-96 Switch\/ \/ Pfs3110-8et1gt1gf-96 \/ Poe De 10 Pts\/8 Pts Poe 10\/100\/1pto Sfp De1000 Mbps\/1 Pto Uplink De 10\/100\/1000\/ 96 Watts Totales\/ Alimentacion Hasta 250 Mts\/soporta Poe Whatchdog\/pto Rojo Sopo","isPartOf":{"@id":"https:\/\/compuviper.mx\/tienda\/#website"},"datePublished":"2026-04-18T07:15:35+00:00","dateModified":"2026-04-18T07:15:35+00:00","description":"Compra Dh-pfs3110-8et1gt1gf-96 Switch\/ \/ Pfs3110-8et1gt1gf-96 \/ Poe De 10 Pts\/8 Pts Poe 10\/100\/1pto Sfp De1000 Mbps\/1 Pto Uplink De 10\/100\/1000\/ 96 Watts Totales\/ Alimentacion Hasta 250 Mts\/soporta Poe Whatchdog\/pto Rojo Sopo + Env\u00edo a domicilio + Pago seguro + Garant\u00eda","breadcrumb":{"@id":"https:\/\/compuviper.mx\/tienda\/producto\/dahua-dh-pfs3110-8et1gt1gf-96-switch-pfs3110-8et1gt1gf-96-poe-de-10-pts-8-pts-poe-10-100-1pto-sfp-de1000-mbps-1-pto-uplink-de-10-100-1000-96-watts-totales-alimentacion-hasta-250-mts-soporta-poe\/#breadcrumb"},"inLanguage":"es-MX","potentialAction":[{"@type":"ReadAction","target":["https:\/\/compuviper.mx\/tienda\/producto\/dahua-dh-pfs3110-8et1gt1gf-96-switch-pfs3110-8et1gt1gf-96-poe-de-10-pts-8-pts-poe-10-100-1pto-sfp-de1000-mbps-1-pto-uplink-de-10-100-1000-96-watts-totales-alimentacion-hasta-250-mts-soporta-poe\/"]}]},{"@type":"BreadcrumbList","@id":"https:\/\/compuviper.mx\/tienda\/producto\/dahua-dh-pfs3110-8et1gt1gf-96-switch-pfs3110-8et1gt1gf-96-poe-de-10-pts-8-pts-poe-10-100-1pto-sfp-de1000-mbps-1-pto-uplink-de-10-100-1000-96-watts-totales-alimentacion-hasta-250-mts-soporta-poe\/#breadcrumb","itemListElement":[{"@type":"ListItem","position":1,"name":"Inicio","item":"https:\/\/compuviper.mx\/tienda\/"},{"@type":"ListItem","position":2,"name":"Productos","item":"https:\/\/compuviper.mx\/tienda\/productos\/"},{"@type":"ListItem","position":3,"name":"Redes","item":"https:\/\/compuviper.mx\/tienda\/categoria-producto\/redes\/"},{"@type":"ListItem","position":4,"name":"Switch","item":"https:\/\/compuviper.mx\/tienda\/categoria-producto\/redes\/switch\/"},{"@type":"ListItem","position":5,"name":"Dahua Dh-pfs3110-8et1gt1gf-96 Switch\/ \/ Pfs3110-8et1gt1gf-96 \/ Poe De 10 Pts\/8 Pts Poe 10\/100\/1pto Sfp De1000 Mbps\/1 Pto Uplink De 10\/100\/1000\/ 96 Watts Totales\/ Alimentacion Hasta 250 Mts\/soporta Poe Whatchdog\/pto Rojo Sopo"}]},{"@type":"WebSite","@id":"https:\/\/compuviper.mx\/tienda\/#website","url":"https:\/\/compuviper.mx\/tienda\/","name":"Compuviper","description":"Proveedor de Computadoras, Laptops, Servidores, Monitores, Puntos de Venta, Teclados,   Impresoras, T\u00f3ner, C\u00e1maras de Seguridad y m\u00e1s en tu tienda en l\u00ednea","publisher":{"@id":"https:\/\/compuviper.mx\/tienda\/#organization"},"potentialAction":[{"@type":"SearchAction","target":{"@type":"EntryPoint","urlTemplate":"https:\/\/compuviper.mx\/tienda\/?s={search_term_string}"},"query-input":"required name=search_term_string"}],"inLanguage":"es-MX"},{"@type":"Organization","@id":"https:\/\/compuviper.mx\/tienda\/#organization","name":"Compuviper","url":"https:\/\/compuviper.mx\/tienda\/","logo":{"@type":"ImageObject","inLanguage":"es-MX","@id":"https:\/\/compuviper.mx\/tienda\/#\/schema\/logo\/image\/","url":"https:\/\/compuviper.mx\/tienda\/wp-content\/uploads\/2021\/08\/Logo-Compuviper-10.png","contentUrl":"https:\/\/compuviper.mx\/tienda\/wp-content\/uploads\/2021\/08\/Logo-Compuviper-10.png","width":1000,"height":500,"caption":"Compuviper"},"image":{"@id":"https:\/\/compuviper.mx\/tienda\/#\/schema\/logo\/image\/"},"sameAs":["https:\/\/www.facebook.com\/compuviper","https:\/\/www.youtube.com\/channel\/UCf73dERp9Y3cfOq7q8BhLjA?view_as=subscriber"]}]},"product_brand":"DAHUA","product_price_amount":"1446","product_price_currency":"MXN","og_availability":"out of stock","product_availability":"out of stock","product_retailer_item_id":"DH-PFS3110-8ET1GT1GF-96","product_condition":"new"},"_links":{"self":[{"href":"https:\/\/compuviper.mx\/tienda\/wp-json\/wp\/v2\/product\/263375"}],"collection":[{"href":"https:\/\/compuviper.mx\/tienda\/wp-json\/wp\/v2\/product"}],"about":[{"href":"https:\/\/compuviper.mx\/tienda\/wp-json\/wp\/v2\/types\/product"}],"replies":[{"embeddable":true,"href":"https:\/\/compuviper.mx\/tienda\/wp-json\/wp\/v2\/comments?post=263375"}],"wp:attachment":[{"href":"https:\/\/compuviper.mx\/tienda\/wp-json\/wp\/v2\/media?parent=263375"}],"wp:term":[{"taxonomy":"product_cat","embeddable":true,"href":"https:\/\/compuviper.mx\/tienda\/wp-json\/wp\/v2\/product_cat?post=263375"},{"taxonomy":"product_tag","embeddable":true,"href":"https:\/\/compuviper.mx\/tienda\/wp-json\/wp\/v2\/product_tag?post=263375"}],"curies":[{"name":"wp","href":"https:\/\/api.w.org\/{rel}","templated":true}]}}