{"id":263373,"date":"2026-04-18T01:14:25","date_gmt":"2026-04-18T07:14:25","guid":{"rendered":"https:\/\/compuviper.mx\/tienda\/producto\/asus-oem-tuf-be6500-router-asus-688-5764mbps-2-4-y-5ghz-1x-wan-3x-lan-6x-antenas-ext-wifi-7-mu-mimo-ofdma-aimesh-gaming\/"},"modified":"2026-04-18T01:14:25","modified_gmt":"2026-04-18T07:14:25","slug":"asus-oem-tuf-be6500-router-asus-688-5764mbps-2-4-y-5ghz-1x-wan-3x-lan-6x-antenas-ext-wifi-7-mu-mimo-ofdma-aimesh-gaming","status":"publish","type":"product","link":"https:\/\/compuviper.mx\/tienda\/producto\/asus-oem-tuf-be6500-router-asus-688-5764mbps-2-4-y-5ghz-1x-wan-3x-lan-6x-antenas-ext-wifi-7-mu-mimo-ofdma-aimesh-gaming\/","title":{"rendered":"Asus Oem Tuf-be6500 Router Asus  \/688-5764mbps \/2.4 Y 5ghz \/1x Wan \/3x Lan \/6x Antenas Ext \/wifi 7 \/mu-mimo \/ofdma \/aimesh \/gaming"},"content":{"rendered":"<table class=\"descripcion\">\n<tr>\n<td>Tuf gaming be6500<\/td>\n<\/tr>\n<tr>\n<td>Est\u00e1ndar de red<\/td>\n<\/tr>\n<tr>\n<td>Ipv6<\/td>\n<\/tr>\n<tr>\n<td>Ipv4<\/td>\n<\/tr>\n<tr>\n<td>Wifi 7 (802.11be)<\/td>\n<\/tr>\n<tr>\n<td>Ieee 802.11ax<\/td>\n<\/tr>\n<tr>\n<td>Ieee 802.11ac<\/td>\n<\/tr>\n<tr>\n<td>Ieee 802.11n<\/td>\n<\/tr>\n<tr>\n<td>Ieee 802.11g<\/td>\n<\/tr>\n<tr>\n<td>Ieee 802.11b<\/td>\n<\/tr>\n<tr>\n<td>Ieee 802.11a<\/td>\n<\/tr>\n<tr>\n<td>Segmento de producto<\/td>\n<\/tr>\n<tr>\n<td>Be6500 ultimate be performance : 688+5764 mbps<\/td>\n<\/tr>\n<tr>\n<td>Velocidad de datos<\/td>\n<\/tr>\n<tr>\n<td>Wifi 7 (802.11be) (5ghz): up to 5764 mbps<\/td>\n<\/tr>\n<tr>\n<td>Wifi 7 (802.11be) (2.4ghz): up to 688 mbps<\/td>\n<\/tr>\n<tr>\n<td>Antena<\/td>\n<\/tr>\n<tr>\n<td>External fixed antenna x 6<\/td>\n<\/tr>\n<tr>\n<td>Transmitir \/ recibir<\/td>\n<\/tr>\n<tr>\n<td>5 ghz 4 x 4<\/td>\n<\/tr>\n<tr>\n<td>2,4 ghz 2 x 2<\/td>\n<\/tr>\n<tr>\n<td>Procesador<\/td>\n<\/tr>\n<tr>\n<td>1.5ghz quad-core processor<\/td>\n<\/tr>\n<tr>\n<td>Memoria<\/td>\n<\/tr>\n<tr>\n<td>256 mb flash and 1 gb ram<\/td>\n<\/tr>\n<tr>\n<td>Aumenta la velocidad<\/td>\n<\/tr>\n<tr>\n<td>Ofdma (orthogonal frequency division multiple access)<\/td>\n<\/tr>\n<tr>\n<td>Beamforming: standard-based and universal<\/td>\n<\/tr>\n<tr>\n<td>4096-qam high data rate<\/td>\n<\/tr>\n<tr>\n<td>20\/40\/80\/160 mhz bandwidth<\/td>\n<\/tr>\n<tr>\n<td>Frecuencia de operaci\u00f3n<\/td>\n<\/tr>\n<tr>\n<td>5 ghz<\/td>\n<\/tr>\n<tr>\n<td>2.4 ghz<\/td>\n<\/tr>\n<tr>\n<td>Modo operativo<\/td>\n<\/tr>\n<tr>\n<td>Repeater mode<\/td>\n<\/tr>\n<tr>\n<td>Media bridge mode<\/td>\n<\/tr>\n<tr>\n<td>Access point mode<\/td>\n<\/tr>\n<tr>\n<td>Aimesh node mode<\/td>\n<\/tr>\n<tr>\n<td>Wireless router mode<\/td>\n<\/tr>\n<tr>\n<td>Puertos<\/td>\n<\/tr>\n<tr>\n<td>1 x 2.5gbe for wan<\/td>\n<\/tr>\n<tr>\n<td>3 x 2.5gbe for lan<\/td>\n<\/tr>\n<tr>\n<td>1 x usb 3.2 gen1<\/td>\n<\/tr>\n<tr>\n<td>Botones<\/td>\n<\/tr>\n<tr>\n<td>Wps button, reset button, power button<\/td>\n<\/tr>\n<tr>\n<td>Indicador led<\/td>\n<\/tr>\n<tr>\n<td>Wan(internet) x1<\/td>\n<\/tr>\n<tr>\n<td>Lan x1<\/td>\n<\/tr>\n<tr>\n<td>5ghz x 1<\/td>\n<\/tr>\n<tr>\n<td>2.4ghz x1<\/td>\n<\/tr>\n<tr>\n<td>Power x1<\/td>\n<\/tr>\n<tr>\n<td>Fuente de alimentaci\u00f3n<\/td>\n<\/tr>\n<tr>\n<td>Ac input : 110v~240v(50~60hz)<\/td>\n<\/tr>\n<tr>\n<td>Dc output : 12 v with max. 2.5 a current<\/td>\n<\/tr>\n<tr>\n<td>Peso del producto (g)<\/td>\n<\/tr>\n<tr>\n<td>772 g<\/td>\n<\/tr>\n<tr>\n<td>Product dimensions<\/td>\n<\/tr>\n<tr>\n<td>304 x 174 x 214 mm<\/td>\n<\/tr>\n<tr>\n<td>Aimesh<\/td>\n<\/tr>\n<tr>\n<td>S\u00ed<\/td>\n<\/tr>\n<tr>\n<td>Juegos<\/td>\n<\/tr>\n<tr>\n<td>Gaming port<\/td>\n<\/tr>\n<tr>\n<td>Opennat (game profile)<\/td>\n<\/tr>\n<tr>\n<td>Gear accelerator<\/td>\n<\/tr>\n<tr>\n<td>S\u00ed<\/td>\n<\/tr>\n<tr>\n<td>Control parental<\/td>\n<\/tr>\n<tr>\n<td>Web  and  apps filters<\/td>\n<\/tr>\n<tr>\n<td>Time scheduling<\/td>\n<\/tr>\n<tr>\n<td>Safe browsing<\/td>\n<\/tr>\n<tr>\n<td>S\u00ed<\/td>\n<\/tr>\n<tr>\n<td>\u0095 maximum parental control profile : 64<\/td>\n<\/tr>\n<tr>\n<td>\u0095 maximum parental control content cilter rule : 64<\/td>\n<\/tr>\n<tr>\n<td>Guest network<\/td>\n<\/tr>\n<tr>\n<td>Support guest network<\/td>\n<\/tr>\n<tr>\n<td>Guest network connection time limit<\/td>\n<\/tr>\n<tr>\n<td>S\u00ed<\/td>\n<\/tr>\n<tr>\n<td>\u0095 maximum guest network rule : 2.4 ghz + 5 ghz : 3<\/td>\n<\/tr>\n<tr>\n<td>Guest network encryption : open system, wpa\/wpa2\/wpa3 personal<\/td>\n<\/tr>\n<tr>\n<td>Security<\/td>\n<\/tr>\n<tr>\n<td>Vpn<\/td>\n<\/tr>\n<tr>\n<td>Dns-over-tls<\/td>\n<\/tr>\n<tr>\n<td>Security scan<\/td>\n<\/tr>\n<tr>\n<td>S\u00ed<\/td>\n<\/tr>\n<tr>\n<td>Aiprotection pro<\/td>\n<\/tr>\n<tr>\n<td>Wpa\/wpa2\/wpa3 personal<\/td>\n<\/tr>\n<tr>\n<td>Wpa\/wpa2\/wpa3 enterprise<\/td>\n<\/tr>\n<tr>\n<td>Open system  and  owe<\/td>\n<\/tr>\n<tr>\n<td>\u0095 maximum firewall keyword filter : 64<\/td>\n<\/tr>\n<tr>\n<td>\u0095 maximum firewall network service filter : 32<\/td>\n<\/tr>\n<tr>\n<td>\u0095 maximum firewall url filter : 64<\/td>\n<\/tr>\n<tr>\n<td>Aiprotection<\/td>\n<\/tr>\n<tr>\n<td>Aiprotection pro<\/td>\n<\/tr>\n<tr>\n<td>S\u00ed<\/td>\n<\/tr>\n<tr>\n<td>Vpn<\/td>\n<\/tr>\n<tr>\n<td>Support surfshark<\/td>\n<\/tr>\n<tr>\n<td>Support nord vpn<\/td>\n<\/tr>\n<tr>\n<td>Instant guard<\/td>\n<\/tr>\n<tr>\n<td>Vpn client wireguard<\/td>\n<\/tr>\n<tr>\n<td>Vpn server wireguard<\/td>\n<\/tr>\n<tr>\n<td>Vpn fusion<\/td>\n<\/tr>\n<tr>\n<td>S\u00ed<\/td>\n<\/tr>\n<tr>\n<td>Control de trafico<\/td>\n<\/tr>\n<tr>\n<td>Traditional qos<\/td>\n<\/tr>\n<tr>\n<td>S\u00ed<\/td>\n<\/tr>\n<tr>\n<td>Regla del limitador de ancho de banda m\u00e1ximo:32<\/td>\n<\/tr>\n<tr>\n<td>Periodo de an\u00e1lisis de tr\u00e1fico:daily, weekly, monthly<\/td>\n<\/tr>\n<tr>\n<td>Wan<\/td>\n<\/tr>\n<tr>\n<td>\u0095 pppoe relay<\/td>\n<\/tr>\n<tr>\n<td>\u0095 ipsec<\/td>\n<\/tr>\n<tr>\n<td>\u0095 sip pass-through<\/td>\n<\/tr>\n<tr>\n<td>\u0095 h.323 pass-through<\/td>\n<\/tr>\n<tr>\n<td>\u0095 static ip<\/td>\n<\/tr>\n<tr>\n<td>\u0095 rtsp pass-through<\/td>\n<\/tr>\n<tr>\n<td>\u0095 automatic ip<\/td>\n<\/tr>\n<tr>\n<td>\u0095 ipsec pass-through<\/td>\n<\/tr>\n<tr>\n<td>\u0095 l2tp<\/td>\n<\/tr>\n<tr>\n<td>\u0095 l2tp pass-through<\/td>\n<\/tr>\n<tr>\n<td>\u0095 pptp<\/td>\n<\/tr>\n<tr>\n<td>\u0095 pptp pass-through<\/td>\n<\/tr>\n<tr>\n<td>\u0095 pppoe<\/td>\n<\/tr>\n<tr>\n<td>Internet connection type :<\/td>\n<\/tr>\n<tr>\n<td>S\u00ed<\/td>\n<\/tr>\n<tr>\n<td>No<\/td>\n<\/tr>\n<tr>\n<td>Regla m\u00e1xima de reenv\u00edo de puertos:64<\/td>\n<\/tr>\n<tr>\n<td>Regla de activaci\u00f3n de puerto m\u00e1xima:32<\/td>\n<\/tr>\n<tr>\n<td>Lan<\/td>\n<\/tr>\n<tr>\n<td>S\u00ed<\/td>\n<\/tr>\n<tr>\n<td>Regla m\u00e1xima de asignaci\u00f3n manual de direcciones ip:64<\/td>\n<\/tr>\n<tr>\n<td>Inal\u00e1mbrico<\/td>\n<\/tr>\n<tr>\n<td>Mu-mimo<\/td>\n<\/tr>\n<tr>\n<td>S\u00ed<\/td>\n<\/tr>\n<tr>\n<td>Filtros mac m\u00e1ximos:64<\/td>\n<\/tr>\n<tr>\n<td>Aplicaci\u00f3n usb<\/td>\n<\/tr>\n<tr>\n<td>\u0095 fat32<\/td>\n<\/tr>\n<tr>\n<td>\u0095 ext4<\/td>\n<\/tr>\n<tr>\n<td>\u0095 ext3<\/td>\n<\/tr>\n<tr>\n<td>\u0095 ext2<\/td>\n<\/tr>\n<tr>\n<td>\u0095 vfat<\/td>\n<\/tr>\n<tr>\n<td>\u0095 ntfs<\/td>\n<\/tr>\n<tr>\n<td>\u0095 hfs+<\/td>\n<\/tr>\n<tr>\n<td>No<\/td>\n<\/tr>\n<tr>\n<td>S\u00ed<\/td>\n<\/tr>\n<tr>\n<td>User interface<\/td>\n<\/tr>\n<tr>\n<td>App: asus router app<\/td>\n<\/tr>\n<tr>\n<td>Web: asuswrt<\/td>\n<\/tr>\n<tr>\n<td>Administraci\u00f3n<\/td>\n<\/tr>\n<tr>\n<td>New device connect notification<\/td>\n<\/tr>\n<tr>\n<td>Login captcha<\/td>\n<\/tr>\n<tr>\n<td>Connection diagnosis<\/td>\n<\/tr>\n<tr>\n<td>Auto firmware update<\/td>\n<\/tr>\n<tr>\n<td>S\u00ed<\/td>\n<\/tr>\n<\/table>\n","protected":false},"excerpt":{"rendered":"<p>Router gaming extensible asus tuf gaming be6500 dual band wifi 7 (802.11be), cuatro puertos 2.5gbe, reenv\u00edo de puertos en 3 pasos, smart home master, compatibilidad con aimesh y aiprotection pro para seguridad de red. Funcionamiento 4k-qam y multi-link: el enrutador de doble banda wifi 7 ofrece velocidades de hasta 6500 mbps. 4096-qam aumenta la velocidad en 1,2 veces y el funcionamiento multi-link (mlo) mejora la estabilidad y la eficiencia al conectar m\u00faltiples bandas simult\u00e1neamente. Cu\u00e1druple puerto 2.5gbe: los puertos 2.5gbe priorizan el tr\u00e1fico, optimizando la conectividad a internet por cable para un m\u00e1ximo rendimiento. Un enrutador. Todos los tipos de juegos: incluye priorizaci\u00f3n del modo de juego m\u00f3vil, un puerto de juego dedicado para un m\u00e1ximo rendimiento y nat abierta simplificada para configuraciones multijugador sencillas. Sistema de seguridad integral: equipado con las \u00faltimas funciones de seguridad de asus, lo que garantiza una protecci\u00f3n s\u00f3lida contra amenazas de red. Durabilidad probada y funcionamiento estable: dise\u00f1ado para soportar pruebas rigurosas para un rendimiento confiable y estable, lo que lo hace muy duradero.<\/p>\n","protected":false},"featured_media":263374,"comment_status":"open","ping_status":"open","template":"","meta":[],"product_cat":[1563,1753],"product_tag":[2096],"acf":[],"yoast_head":"<!-- This site is optimized with the Yoast SEO plugin v21.7 - https:\/\/yoast.com\/wordpress\/plugins\/seo\/ -->\n<title>[ Asus Oem ] &#129351; Tuf-be6500 Router Asus \/688-5764mbps \/2.4 Y 5ghz \/1x Wan \/3x Lan \/6x Antenas Ext \/wifi 7 \/mu-mimo \/ofdma \/aimesh \/gaming<\/title>\n<meta name=\"description\" content=\"Compra Tuf-be6500 Router Asus \/688-5764mbps \/2.4 Y 5ghz \/1x Wan \/3x Lan \/6x Antenas Ext \/wifi 7 \/mu-mimo \/ofdma \/aimesh \/gaming + Env\u00edo a domicilio + Pago seguro + Garant\u00eda\" \/>\n<meta name=\"robots\" content=\"index, follow, max-snippet:-1, max-image-preview:large, max-video-preview:-1\" \/>\n<link rel=\"canonical\" href=\"https:\/\/compuviper.mx\/tienda\/producto\/asus-oem-tuf-be6500-router-asus-688-5764mbps-2-4-y-5ghz-1x-wan-3x-lan-6x-antenas-ext-wifi-7-mu-mimo-ofdma-aimesh-gaming\/\" \/>\n<meta property=\"og:locale\" content=\"es_MX\" \/>\n<meta property=\"og:type\" content=\"article\" \/>\n<meta property=\"og:title\" content=\"[ Asus Oem ] &#129351; Tuf-be6500 Router Asus \/688-5764mbps \/2.4 Y 5ghz \/1x Wan \/3x Lan \/6x Antenas Ext \/wifi 7 \/mu-mimo \/ofdma \/aimesh \/gaming\" \/>\n<meta property=\"og:description\" content=\"Compra Tuf-be6500 Router Asus \/688-5764mbps \/2.4 Y 5ghz \/1x Wan \/3x Lan \/6x Antenas Ext \/wifi 7 \/mu-mimo \/ofdma \/aimesh \/gaming + Env\u00edo a domicilio + Pago seguro + Garant\u00eda\" \/>\n<meta property=\"og:url\" content=\"https:\/\/compuviper.mx\/tienda\/producto\/asus-oem-tuf-be6500-router-asus-688-5764mbps-2-4-y-5ghz-1x-wan-3x-lan-6x-antenas-ext-wifi-7-mu-mimo-ofdma-aimesh-gaming\/\" \/>\n<meta property=\"og:site_name\" content=\"Compuviper\" \/>\n<meta property=\"article:publisher\" content=\"https:\/\/www.facebook.com\/compuviper\" \/>\n<meta property=\"og:image\" content=\"https:\/\/compuviper.mx\/tienda\/wp-content\/uploads\/2025\/11\/Router-asus-tuf-be6500-688-5764mbps-2.4-y-5ghz-1x-wan-3x-lan-6x-antenas-ext-wifi-7-mu-mimo-ofdma-aimesh-gaming.jpg\" \/>\n\t<meta property=\"og:image:width\" content=\"200\" \/>\n\t<meta property=\"og:image:height\" content=\"200\" \/>\n\t<meta property=\"og:image:type\" content=\"image\/jpeg\" \/>\n<meta name=\"twitter:card\" content=\"summary_large_image\" \/>\n<meta name=\"twitter:label1\" content=\"Precio\" \/>\n\t<meta name=\"twitter:data1\" content=\"&#36;3,001 con IVA\" \/>\n\t<meta name=\"twitter:label2\" content=\"Availability\" \/>\n\t<meta name=\"twitter:data2\" content=\"Out of stock\" \/>\n<script type=\"application\/ld+json\" class=\"yoast-schema-graph\">{\"@context\":\"https:\/\/schema.org\",\"@graph\":[{\"@type\":\"WebPage\",\"@id\":\"https:\/\/compuviper.mx\/tienda\/producto\/asus-oem-tuf-be6500-router-asus-688-5764mbps-2-4-y-5ghz-1x-wan-3x-lan-6x-antenas-ext-wifi-7-mu-mimo-ofdma-aimesh-gaming\/\",\"url\":\"https:\/\/compuviper.mx\/tienda\/producto\/asus-oem-tuf-be6500-router-asus-688-5764mbps-2-4-y-5ghz-1x-wan-3x-lan-6x-antenas-ext-wifi-7-mu-mimo-ofdma-aimesh-gaming\/\",\"name\":\"[ Asus Oem ] &#129351; Tuf-be6500 Router Asus \/688-5764mbps \/2.4 Y 5ghz \/1x Wan \/3x Lan \/6x Antenas Ext \/wifi 7 \/mu-mimo \/ofdma \/aimesh \/gaming\",\"isPartOf\":{\"@id\":\"https:\/\/compuviper.mx\/tienda\/#website\"},\"datePublished\":\"2026-04-18T07:14:25+00:00\",\"dateModified\":\"2026-04-18T07:14:25+00:00\",\"description\":\"Compra Tuf-be6500 Router Asus \/688-5764mbps \/2.4 Y 5ghz \/1x Wan \/3x Lan \/6x Antenas Ext \/wifi 7 \/mu-mimo \/ofdma \/aimesh \/gaming + Env\u00edo a domicilio + Pago seguro + Garant\u00eda\",\"breadcrumb\":{\"@id\":\"https:\/\/compuviper.mx\/tienda\/producto\/asus-oem-tuf-be6500-router-asus-688-5764mbps-2-4-y-5ghz-1x-wan-3x-lan-6x-antenas-ext-wifi-7-mu-mimo-ofdma-aimesh-gaming\/#breadcrumb\"},\"inLanguage\":\"es-MX\",\"potentialAction\":[{\"@type\":\"ReadAction\",\"target\":[\"https:\/\/compuviper.mx\/tienda\/producto\/asus-oem-tuf-be6500-router-asus-688-5764mbps-2-4-y-5ghz-1x-wan-3x-lan-6x-antenas-ext-wifi-7-mu-mimo-ofdma-aimesh-gaming\/\"]}]},{\"@type\":\"BreadcrumbList\",\"@id\":\"https:\/\/compuviper.mx\/tienda\/producto\/asus-oem-tuf-be6500-router-asus-688-5764mbps-2-4-y-5ghz-1x-wan-3x-lan-6x-antenas-ext-wifi-7-mu-mimo-ofdma-aimesh-gaming\/#breadcrumb\",\"itemListElement\":[{\"@type\":\"ListItem\",\"position\":1,\"name\":\"Inicio\",\"item\":\"https:\/\/compuviper.mx\/tienda\/\"},{\"@type\":\"ListItem\",\"position\":2,\"name\":\"Productos\",\"item\":\"https:\/\/compuviper.mx\/tienda\/productos\/\"},{\"@type\":\"ListItem\",\"position\":3,\"name\":\"Redes\",\"item\":\"https:\/\/compuviper.mx\/tienda\/categoria-producto\/redes\/\"},{\"@type\":\"ListItem\",\"position\":4,\"name\":\"Router\",\"item\":\"https:\/\/compuviper.mx\/tienda\/categoria-producto\/redes\/router\/\"},{\"@type\":\"ListItem\",\"position\":5,\"name\":\"Asus Oem Tuf-be6500 Router Asus \/688-5764mbps \/2.4 Y 5ghz \/1x Wan \/3x Lan \/6x Antenas Ext \/wifi 7 \/mu-mimo \/ofdma \/aimesh \/gaming\"}]},{\"@type\":\"WebSite\",\"@id\":\"https:\/\/compuviper.mx\/tienda\/#website\",\"url\":\"https:\/\/compuviper.mx\/tienda\/\",\"name\":\"Compuviper\",\"description\":\"Proveedor de Computadoras, Laptops, Servidores, Monitores, Puntos de Venta, Teclados,   Impresoras, T\u00f3ner, C\u00e1maras de Seguridad y m\u00e1s en tu tienda en l\u00ednea\",\"publisher\":{\"@id\":\"https:\/\/compuviper.mx\/tienda\/#organization\"},\"potentialAction\":[{\"@type\":\"SearchAction\",\"target\":{\"@type\":\"EntryPoint\",\"urlTemplate\":\"https:\/\/compuviper.mx\/tienda\/?s={search_term_string}\"},\"query-input\":\"required name=search_term_string\"}],\"inLanguage\":\"es-MX\"},{\"@type\":\"Organization\",\"@id\":\"https:\/\/compuviper.mx\/tienda\/#organization\",\"name\":\"Compuviper\",\"url\":\"https:\/\/compuviper.mx\/tienda\/\",\"logo\":{\"@type\":\"ImageObject\",\"inLanguage\":\"es-MX\",\"@id\":\"https:\/\/compuviper.mx\/tienda\/#\/schema\/logo\/image\/\",\"url\":\"https:\/\/compuviper.mx\/tienda\/wp-content\/uploads\/2021\/08\/Logo-Compuviper-10.png\",\"contentUrl\":\"https:\/\/compuviper.mx\/tienda\/wp-content\/uploads\/2021\/08\/Logo-Compuviper-10.png\",\"width\":1000,\"height\":500,\"caption\":\"Compuviper\"},\"image\":{\"@id\":\"https:\/\/compuviper.mx\/tienda\/#\/schema\/logo\/image\/\"},\"sameAs\":[\"https:\/\/www.facebook.com\/compuviper\",\"https:\/\/www.youtube.com\/channel\/UCf73dERp9Y3cfOq7q8BhLjA?view_as=subscriber\"]}]}<\/script>\n<meta property=\"product:brand\" content=\"Asus Oem\" \/>\n<meta property=\"product:price:amount\" content=\"3001\" \/>\n<meta property=\"product:price:currency\" content=\"MXN\" \/>\n<meta property=\"og:availability\" content=\"out of stock\" \/>\n<meta property=\"product:availability\" content=\"out of stock\" \/>\n<meta property=\"product:retailer_item_id\" content=\"TUF-BE6500\" \/>\n<meta property=\"product:condition\" content=\"new\" \/>\n<!-- \/ Yoast SEO plugin. -->","yoast_head_json":{"title":"[ Asus Oem ] &#129351; Tuf-be6500 Router Asus \/688-5764mbps \/2.4 Y 5ghz \/1x Wan \/3x Lan \/6x Antenas Ext \/wifi 7 \/mu-mimo \/ofdma \/aimesh \/gaming","description":"Compra Tuf-be6500 Router Asus \/688-5764mbps \/2.4 Y 5ghz \/1x Wan \/3x Lan \/6x Antenas Ext \/wifi 7 \/mu-mimo \/ofdma \/aimesh \/gaming + Env\u00edo a domicilio + Pago seguro + Garant\u00eda","robots":{"index":"index","follow":"follow","max-snippet":"max-snippet:-1","max-image-preview":"max-image-preview:large","max-video-preview":"max-video-preview:-1"},"canonical":"https:\/\/compuviper.mx\/tienda\/producto\/asus-oem-tuf-be6500-router-asus-688-5764mbps-2-4-y-5ghz-1x-wan-3x-lan-6x-antenas-ext-wifi-7-mu-mimo-ofdma-aimesh-gaming\/","og_locale":"es_MX","og_type":"article","og_title":"[ Asus Oem ] &#129351; Tuf-be6500 Router Asus \/688-5764mbps \/2.4 Y 5ghz \/1x Wan \/3x Lan \/6x Antenas Ext \/wifi 7 \/mu-mimo \/ofdma \/aimesh \/gaming","og_description":"Compra Tuf-be6500 Router Asus \/688-5764mbps \/2.4 Y 5ghz \/1x Wan \/3x Lan \/6x Antenas Ext \/wifi 7 \/mu-mimo \/ofdma \/aimesh \/gaming + Env\u00edo a domicilio + Pago seguro + Garant\u00eda","og_url":"https:\/\/compuviper.mx\/tienda\/producto\/asus-oem-tuf-be6500-router-asus-688-5764mbps-2-4-y-5ghz-1x-wan-3x-lan-6x-antenas-ext-wifi-7-mu-mimo-ofdma-aimesh-gaming\/","og_site_name":"Compuviper","article_publisher":"https:\/\/www.facebook.com\/compuviper","og_image":[{"width":200,"height":200,"url":"https:\/\/compuviper.mx\/tienda\/wp-content\/uploads\/2025\/11\/Router-asus-tuf-be6500-688-5764mbps-2.4-y-5ghz-1x-wan-3x-lan-6x-antenas-ext-wifi-7-mu-mimo-ofdma-aimesh-gaming.jpg","type":"image\/jpeg"}],"twitter_card":"summary_large_image","twitter_misc":{"Precio":"&#36;3,001 con IVA","Availability":"Out of stock"},"schema":{"@context":"https:\/\/schema.org","@graph":[{"@type":"WebPage","@id":"https:\/\/compuviper.mx\/tienda\/producto\/asus-oem-tuf-be6500-router-asus-688-5764mbps-2-4-y-5ghz-1x-wan-3x-lan-6x-antenas-ext-wifi-7-mu-mimo-ofdma-aimesh-gaming\/","url":"https:\/\/compuviper.mx\/tienda\/producto\/asus-oem-tuf-be6500-router-asus-688-5764mbps-2-4-y-5ghz-1x-wan-3x-lan-6x-antenas-ext-wifi-7-mu-mimo-ofdma-aimesh-gaming\/","name":"[ Asus Oem ] &#129351; Tuf-be6500 Router Asus \/688-5764mbps \/2.4 Y 5ghz \/1x Wan \/3x Lan \/6x Antenas Ext \/wifi 7 \/mu-mimo \/ofdma \/aimesh \/gaming","isPartOf":{"@id":"https:\/\/compuviper.mx\/tienda\/#website"},"datePublished":"2026-04-18T07:14:25+00:00","dateModified":"2026-04-18T07:14:25+00:00","description":"Compra Tuf-be6500 Router Asus \/688-5764mbps \/2.4 Y 5ghz \/1x Wan \/3x Lan \/6x Antenas Ext \/wifi 7 \/mu-mimo \/ofdma \/aimesh \/gaming + Env\u00edo a domicilio + Pago seguro + Garant\u00eda","breadcrumb":{"@id":"https:\/\/compuviper.mx\/tienda\/producto\/asus-oem-tuf-be6500-router-asus-688-5764mbps-2-4-y-5ghz-1x-wan-3x-lan-6x-antenas-ext-wifi-7-mu-mimo-ofdma-aimesh-gaming\/#breadcrumb"},"inLanguage":"es-MX","potentialAction":[{"@type":"ReadAction","target":["https:\/\/compuviper.mx\/tienda\/producto\/asus-oem-tuf-be6500-router-asus-688-5764mbps-2-4-y-5ghz-1x-wan-3x-lan-6x-antenas-ext-wifi-7-mu-mimo-ofdma-aimesh-gaming\/"]}]},{"@type":"BreadcrumbList","@id":"https:\/\/compuviper.mx\/tienda\/producto\/asus-oem-tuf-be6500-router-asus-688-5764mbps-2-4-y-5ghz-1x-wan-3x-lan-6x-antenas-ext-wifi-7-mu-mimo-ofdma-aimesh-gaming\/#breadcrumb","itemListElement":[{"@type":"ListItem","position":1,"name":"Inicio","item":"https:\/\/compuviper.mx\/tienda\/"},{"@type":"ListItem","position":2,"name":"Productos","item":"https:\/\/compuviper.mx\/tienda\/productos\/"},{"@type":"ListItem","position":3,"name":"Redes","item":"https:\/\/compuviper.mx\/tienda\/categoria-producto\/redes\/"},{"@type":"ListItem","position":4,"name":"Router","item":"https:\/\/compuviper.mx\/tienda\/categoria-producto\/redes\/router\/"},{"@type":"ListItem","position":5,"name":"Asus Oem Tuf-be6500 Router Asus \/688-5764mbps \/2.4 Y 5ghz \/1x Wan \/3x Lan \/6x Antenas Ext \/wifi 7 \/mu-mimo \/ofdma \/aimesh \/gaming"}]},{"@type":"WebSite","@id":"https:\/\/compuviper.mx\/tienda\/#website","url":"https:\/\/compuviper.mx\/tienda\/","name":"Compuviper","description":"Proveedor de Computadoras, Laptops, Servidores, Monitores, Puntos de Venta, Teclados,   Impresoras, T\u00f3ner, C\u00e1maras de Seguridad y m\u00e1s en tu tienda en l\u00ednea","publisher":{"@id":"https:\/\/compuviper.mx\/tienda\/#organization"},"potentialAction":[{"@type":"SearchAction","target":{"@type":"EntryPoint","urlTemplate":"https:\/\/compuviper.mx\/tienda\/?s={search_term_string}"},"query-input":"required name=search_term_string"}],"inLanguage":"es-MX"},{"@type":"Organization","@id":"https:\/\/compuviper.mx\/tienda\/#organization","name":"Compuviper","url":"https:\/\/compuviper.mx\/tienda\/","logo":{"@type":"ImageObject","inLanguage":"es-MX","@id":"https:\/\/compuviper.mx\/tienda\/#\/schema\/logo\/image\/","url":"https:\/\/compuviper.mx\/tienda\/wp-content\/uploads\/2021\/08\/Logo-Compuviper-10.png","contentUrl":"https:\/\/compuviper.mx\/tienda\/wp-content\/uploads\/2021\/08\/Logo-Compuviper-10.png","width":1000,"height":500,"caption":"Compuviper"},"image":{"@id":"https:\/\/compuviper.mx\/tienda\/#\/schema\/logo\/image\/"},"sameAs":["https:\/\/www.facebook.com\/compuviper","https:\/\/www.youtube.com\/channel\/UCf73dERp9Y3cfOq7q8BhLjA?view_as=subscriber"]}]},"product_brand":"Asus Oem","product_price_amount":"3001","product_price_currency":"MXN","og_availability":"out of stock","product_availability":"out of stock","product_retailer_item_id":"TUF-BE6500","product_condition":"new"},"_links":{"self":[{"href":"https:\/\/compuviper.mx\/tienda\/wp-json\/wp\/v2\/product\/263373"}],"collection":[{"href":"https:\/\/compuviper.mx\/tienda\/wp-json\/wp\/v2\/product"}],"about":[{"href":"https:\/\/compuviper.mx\/tienda\/wp-json\/wp\/v2\/types\/product"}],"replies":[{"embeddable":true,"href":"https:\/\/compuviper.mx\/tienda\/wp-json\/wp\/v2\/comments?post=263373"}],"wp:featuredmedia":[{"embeddable":true,"href":"https:\/\/compuviper.mx\/tienda\/wp-json\/wp\/v2\/media\/263374"}],"wp:attachment":[{"href":"https:\/\/compuviper.mx\/tienda\/wp-json\/wp\/v2\/media?parent=263373"}],"wp:term":[{"taxonomy":"product_cat","embeddable":true,"href":"https:\/\/compuviper.mx\/tienda\/wp-json\/wp\/v2\/product_cat?post=263373"},{"taxonomy":"product_tag","embeddable":true,"href":"https:\/\/compuviper.mx\/tienda\/wp-json\/wp\/v2\/product_tag?post=263373"}],"curies":[{"name":"wp","href":"https:\/\/api.w.org\/{rel}","templated":true}]}}