{"id":263370,"date":"2026-04-15T00:55:58","date_gmt":"2026-04-15T06:55:58","guid":{"rendered":"https:\/\/compuviper.mx\/tienda\/producto\/aoc-24g42he-monitor-gamer-panel-ips-23-8-pulgadas-hdmi-dp-aspecto-169-tr-1ms-g-sync-flicker-free-200hz-resolucion-1920-x-1080-brillo-300cd-m2-vesa-100x100-mm-negro-y-rojo\/"},"modified":"2026-04-15T00:55:58","modified_gmt":"2026-04-15T06:55:58","slug":"aoc-24g42he-monitor-gamer-panel-ips-23-8-pulgadas-hdmi-dp-aspecto-169-tr-1ms-g-sync-flicker-free-200hz-resolucion-1920-x-1080-brillo-300cd-m2-vesa-100x100-mm-negro-y-rojo","status":"publish","type":"product","link":"https:\/\/compuviper.mx\/tienda\/producto\/aoc-24g42he-monitor-gamer-panel-ips-23-8-pulgadas-hdmi-dp-aspecto-169-tr-1ms-g-sync-flicker-free-200hz-resolucion-1920-x-1080-brillo-300cd-m2-vesa-100x100-mm-negro-y-rojo\/","title":{"rendered":"Aoc 24g42he Monitor Gamer   \/ Panel Ips \/ 23.8 Pulgadas \/ Hdmi \/ Dp\/ Aspecto 16;9 \/ Tr 1ms \/ G-sync \/ Flicker Free \/ 200hz \/ Resolucion 1920 X 1080 \/ Brillo 300cd\/m2 \/ Vesa 100&#215;100 Mm\/ Negro Y Rojo"},"content":{"rendered":"<table class=\"descripcion\">\n<tr>\n<td>Tipo de pantalla: led<\/td>\n<\/tr>\n<tr>\n<td>Tama\u00f1o de panel: ips 24 pulgadas<\/td>\n<\/tr>\n<tr>\n<td>Tama\u00f1o de imagen visible: 23.8 pulgadas<\/td>\n<\/tr>\n<tr>\n<td>Relaci\u00f3n de aspecto: 16:9<\/td>\n<\/tr>\n<tr>\n<td>Brillo: 300 cd\/m2<\/td>\n<\/tr>\n<tr>\n<td>Se\u00f1al de entrada:<\/td>\n<\/tr>\n<tr>\n<td>Hdmi<\/td>\n<\/tr>\n<tr>\n<td>Displayport<\/td>\n<\/tr>\n<tr>\n<td>Relaci\u00f3n de contraste : 1000:1 (t\u00edpico) 80 millones: 1 (dcr)<\/td>\n<\/tr>\n<tr>\n<td>Tiempo de respuesta: 1 ms gtg   \/   0.3 ms  mprt<\/td>\n<\/tr>\n<tr>\n<td>Frecuencia de actualizaci\u00f3n: 200 hz<\/td>\n<\/tr>\n<tr>\n<td>Color: negro \/ rojo<\/td>\n<\/tr>\n<tr>\n<td>Resoluci\u00f3n: 1920 x 1080 @ 200 hz , full hd<\/td>\n<\/tr>\n<tr>\n<td>Adaptive sync<\/td>\n<\/tr>\n<tr>\n<td>Flicker free<\/td>\n<\/tr>\n<tr>\n<td>Colores en pantalla: 16.7 millones<\/td>\n<\/tr>\n<tr>\n<td>\u00e1ngulo de visi\u00f3n: 178 \u00b0 (h) \/ 178 \u00b0 (v) (cr  10)<\/td>\n<\/tr>\n<tr>\n<td>Consumo de energ\u00eda (t\u00edpico): 23w<\/td>\n<\/tr>\n<tr>\n<td>Vesa 100&#215;100 mm<\/td>\n<\/tr>\n<\/table>\n","protected":false},"excerpt":{"rendered":"<p>El monitor 24g42h2 tiene una frecuencia de actualizaci\u00f3n de 200 hz es m\u00e1s del triple del est\u00e1ndar de la industria, que en la actualidad es de 60 hz. Aprovecha todo el potencial de tu tarjeta gr\u00e1fica: al eliminar el seccionamiento de las im\u00e1genes. El desenfoque de los movimientos y las im\u00e1genescortadas, el juego funcionar\u00e1 seg\u00fan su rendimiento esperado y tus habilidades como jugador alcanzar\u00e1n. Nuevas metas.<\/p>\n","protected":false},"featured_media":0,"comment_status":"open","ping_status":"open","template":"","meta":[],"product_cat":[1740,1741],"product_tag":[1745],"acf":[],"yoast_head":"<!-- This site is optimized with the Yoast SEO plugin v21.7 - https:\/\/yoast.com\/wordpress\/plugins\/seo\/ -->\n<title>[ Aoc ] &#129351; 24g42he Monitor Gamer \/ Panel Ips \/ 23.8 Pulgadas \/ Hdmi \/ Dp\/ Aspecto 16;9 \/ Tr 1ms \/ G-sync \/ Flicker Free \/ 200hz \/ Resolucion 1920 X 1080 \/ Brillo 300cd\/m2 \/ Vesa 100x100 Mm\/ Negro Y Rojo<\/title>\n<meta name=\"description\" content=\"Compra 24g42he Monitor Gamer \/ Panel Ips \/ 23.8 Pulgadas \/ Hdmi \/ Dp\/ Aspecto 16;9 \/ Tr 1ms \/ G-sync \/ Flicker Free \/ 200hz \/ Resolucion 1920 X 1080 \/ Brillo 300cd\/m2 \/ Vesa 100x100 Mm\/ Negro Y Rojo + Env\u00edo a domicilio + Pago seguro + Garant\u00eda\" \/>\n<meta name=\"robots\" content=\"index, follow, max-snippet:-1, max-image-preview:large, max-video-preview:-1\" \/>\n<link rel=\"canonical\" href=\"https:\/\/compuviper.mx\/tienda\/producto\/aoc-24g42he-monitor-gamer-panel-ips-23-8-pulgadas-hdmi-dp-aspecto-169-tr-1ms-g-sync-flicker-free-200hz-resolucion-1920-x-1080-brillo-300cd-m2-vesa-100x100-mm-negro-y-rojo\/\" \/>\n<meta property=\"og:locale\" content=\"es_MX\" \/>\n<meta property=\"og:type\" content=\"article\" \/>\n<meta property=\"og:title\" content=\"[ Aoc ] &#129351; 24g42he Monitor Gamer \/ Panel Ips \/ 23.8 Pulgadas \/ Hdmi \/ Dp\/ Aspecto 16;9 \/ Tr 1ms \/ G-sync \/ Flicker Free \/ 200hz \/ Resolucion 1920 X 1080 \/ Brillo 300cd\/m2 \/ Vesa 100x100 Mm\/ Negro Y Rojo\" \/>\n<meta property=\"og:description\" content=\"Compra 24g42he Monitor Gamer \/ Panel Ips \/ 23.8 Pulgadas \/ Hdmi \/ Dp\/ Aspecto 16;9 \/ Tr 1ms \/ G-sync \/ Flicker Free \/ 200hz \/ Resolucion 1920 X 1080 \/ Brillo 300cd\/m2 \/ Vesa 100x100 Mm\/ Negro Y Rojo + Env\u00edo a domicilio + Pago seguro + Garant\u00eda\" \/>\n<meta property=\"og:url\" content=\"https:\/\/compuviper.mx\/tienda\/producto\/aoc-24g42he-monitor-gamer-panel-ips-23-8-pulgadas-hdmi-dp-aspecto-169-tr-1ms-g-sync-flicker-free-200hz-resolucion-1920-x-1080-brillo-300cd-m2-vesa-100x100-mm-negro-y-rojo\/\" \/>\n<meta property=\"og:site_name\" content=\"Compuviper\" \/>\n<meta property=\"article:publisher\" content=\"https:\/\/www.facebook.com\/compuviper\" \/>\n<meta name=\"twitter:card\" content=\"summary_large_image\" \/>\n<meta name=\"twitter:label1\" content=\"Precio\" \/>\n\t<meta name=\"twitter:data1\" content=\"&#36;1,937 con IVA\" \/>\n\t<meta name=\"twitter:label2\" content=\"Availability\" \/>\n\t<meta name=\"twitter:data2\" content=\"In stock\" \/>\n<script type=\"application\/ld+json\" class=\"yoast-schema-graph\">{\"@context\":\"https:\/\/schema.org\",\"@graph\":[{\"@type\":\"WebPage\",\"@id\":\"https:\/\/compuviper.mx\/tienda\/producto\/aoc-24g42he-monitor-gamer-panel-ips-23-8-pulgadas-hdmi-dp-aspecto-169-tr-1ms-g-sync-flicker-free-200hz-resolucion-1920-x-1080-brillo-300cd-m2-vesa-100x100-mm-negro-y-rojo\/\",\"url\":\"https:\/\/compuviper.mx\/tienda\/producto\/aoc-24g42he-monitor-gamer-panel-ips-23-8-pulgadas-hdmi-dp-aspecto-169-tr-1ms-g-sync-flicker-free-200hz-resolucion-1920-x-1080-brillo-300cd-m2-vesa-100x100-mm-negro-y-rojo\/\",\"name\":\"[ Aoc ] &#129351; 24g42he Monitor Gamer \/ Panel Ips \/ 23.8 Pulgadas \/ Hdmi \/ Dp\/ Aspecto 16;9 \/ Tr 1ms \/ G-sync \/ Flicker Free \/ 200hz \/ Resolucion 1920 X 1080 \/ Brillo 300cd\/m2 \/ Vesa 100x100 Mm\/ Negro Y Rojo\",\"isPartOf\":{\"@id\":\"https:\/\/compuviper.mx\/tienda\/#website\"},\"datePublished\":\"2026-04-15T06:55:58+00:00\",\"dateModified\":\"2026-04-15T06:55:58+00:00\",\"description\":\"Compra 24g42he Monitor Gamer \/ Panel Ips \/ 23.8 Pulgadas \/ Hdmi \/ Dp\/ Aspecto 16;9 \/ Tr 1ms \/ G-sync \/ Flicker Free \/ 200hz \/ Resolucion 1920 X 1080 \/ Brillo 300cd\/m2 \/ Vesa 100x100 Mm\/ Negro Y Rojo + Env\u00edo a domicilio + Pago seguro + Garant\u00eda\",\"breadcrumb\":{\"@id\":\"https:\/\/compuviper.mx\/tienda\/producto\/aoc-24g42he-monitor-gamer-panel-ips-23-8-pulgadas-hdmi-dp-aspecto-169-tr-1ms-g-sync-flicker-free-200hz-resolucion-1920-x-1080-brillo-300cd-m2-vesa-100x100-mm-negro-y-rojo\/#breadcrumb\"},\"inLanguage\":\"es-MX\",\"potentialAction\":[{\"@type\":\"ReadAction\",\"target\":[\"https:\/\/compuviper.mx\/tienda\/producto\/aoc-24g42he-monitor-gamer-panel-ips-23-8-pulgadas-hdmi-dp-aspecto-169-tr-1ms-g-sync-flicker-free-200hz-resolucion-1920-x-1080-brillo-300cd-m2-vesa-100x100-mm-negro-y-rojo\/\"]}]},{\"@type\":\"BreadcrumbList\",\"@id\":\"https:\/\/compuviper.mx\/tienda\/producto\/aoc-24g42he-monitor-gamer-panel-ips-23-8-pulgadas-hdmi-dp-aspecto-169-tr-1ms-g-sync-flicker-free-200hz-resolucion-1920-x-1080-brillo-300cd-m2-vesa-100x100-mm-negro-y-rojo\/#breadcrumb\",\"itemListElement\":[{\"@type\":\"ListItem\",\"position\":1,\"name\":\"Inicio\",\"item\":\"https:\/\/compuviper.mx\/tienda\/\"},{\"@type\":\"ListItem\",\"position\":2,\"name\":\"Productos\",\"item\":\"https:\/\/compuviper.mx\/tienda\/productos\/\"},{\"@type\":\"ListItem\",\"position\":3,\"name\":\"Monitores\",\"item\":\"https:\/\/compuviper.mx\/tienda\/categoria-producto\/monitores\/\"},{\"@type\":\"ListItem\",\"position\":4,\"name\":\"Led\",\"item\":\"https:\/\/compuviper.mx\/tienda\/categoria-producto\/monitores\/led\/\"},{\"@type\":\"ListItem\",\"position\":5,\"name\":\"Aoc 24g42he Monitor Gamer \/ Panel Ips \/ 23.8 Pulgadas \/ Hdmi \/ Dp\/ Aspecto 16;9 \/ Tr 1ms \/ G-sync \/ Flicker Free \/ 200hz \/ Resolucion 1920 X 1080 \/ Brillo 300cd\/m2 \/ Vesa 100&#215;100 Mm\/ Negro Y Rojo\"}]},{\"@type\":\"WebSite\",\"@id\":\"https:\/\/compuviper.mx\/tienda\/#website\",\"url\":\"https:\/\/compuviper.mx\/tienda\/\",\"name\":\"Compuviper\",\"description\":\"Proveedor de Computadoras, Laptops, Servidores, Monitores, Puntos de Venta, Teclados,   Impresoras, T\u00f3ner, C\u00e1maras de Seguridad y m\u00e1s en tu tienda en l\u00ednea\",\"publisher\":{\"@id\":\"https:\/\/compuviper.mx\/tienda\/#organization\"},\"potentialAction\":[{\"@type\":\"SearchAction\",\"target\":{\"@type\":\"EntryPoint\",\"urlTemplate\":\"https:\/\/compuviper.mx\/tienda\/?s={search_term_string}\"},\"query-input\":\"required name=search_term_string\"}],\"inLanguage\":\"es-MX\"},{\"@type\":\"Organization\",\"@id\":\"https:\/\/compuviper.mx\/tienda\/#organization\",\"name\":\"Compuviper\",\"url\":\"https:\/\/compuviper.mx\/tienda\/\",\"logo\":{\"@type\":\"ImageObject\",\"inLanguage\":\"es-MX\",\"@id\":\"https:\/\/compuviper.mx\/tienda\/#\/schema\/logo\/image\/\",\"url\":\"https:\/\/compuviper.mx\/tienda\/wp-content\/uploads\/2021\/08\/Logo-Compuviper-10.png\",\"contentUrl\":\"https:\/\/compuviper.mx\/tienda\/wp-content\/uploads\/2021\/08\/Logo-Compuviper-10.png\",\"width\":1000,\"height\":500,\"caption\":\"Compuviper\"},\"image\":{\"@id\":\"https:\/\/compuviper.mx\/tienda\/#\/schema\/logo\/image\/\"},\"sameAs\":[\"https:\/\/www.facebook.com\/compuviper\",\"https:\/\/www.youtube.com\/channel\/UCf73dERp9Y3cfOq7q8BhLjA?view_as=subscriber\"]}]}<\/script>\n<meta property=\"product:brand\" content=\"AOC\" \/>\n<meta property=\"product:price:amount\" content=\"1937\" \/>\n<meta property=\"product:price:currency\" content=\"MXN\" \/>\n<meta property=\"og:availability\" content=\"instock\" \/>\n<meta property=\"product:availability\" content=\"instock\" \/>\n<meta property=\"product:retailer_item_id\" content=\"24G42HE\" \/>\n<meta property=\"product:condition\" content=\"new\" \/>\n<!-- \/ Yoast SEO plugin. -->","yoast_head_json":{"title":"[ Aoc ] &#129351; 24g42he Monitor Gamer \/ Panel Ips \/ 23.8 Pulgadas \/ Hdmi \/ Dp\/ Aspecto 16;9 \/ Tr 1ms \/ G-sync \/ Flicker Free \/ 200hz \/ Resolucion 1920 X 1080 \/ Brillo 300cd\/m2 \/ Vesa 100x100 Mm\/ Negro Y Rojo","description":"Compra 24g42he Monitor Gamer \/ Panel Ips \/ 23.8 Pulgadas \/ Hdmi \/ Dp\/ Aspecto 16;9 \/ Tr 1ms \/ G-sync \/ Flicker Free \/ 200hz \/ Resolucion 1920 X 1080 \/ Brillo 300cd\/m2 \/ Vesa 100x100 Mm\/ Negro Y Rojo + Env\u00edo a domicilio + Pago seguro + Garant\u00eda","robots":{"index":"index","follow":"follow","max-snippet":"max-snippet:-1","max-image-preview":"max-image-preview:large","max-video-preview":"max-video-preview:-1"},"canonical":"https:\/\/compuviper.mx\/tienda\/producto\/aoc-24g42he-monitor-gamer-panel-ips-23-8-pulgadas-hdmi-dp-aspecto-169-tr-1ms-g-sync-flicker-free-200hz-resolucion-1920-x-1080-brillo-300cd-m2-vesa-100x100-mm-negro-y-rojo\/","og_locale":"es_MX","og_type":"article","og_title":"[ Aoc ] &#129351; 24g42he Monitor Gamer \/ Panel Ips \/ 23.8 Pulgadas \/ Hdmi \/ Dp\/ Aspecto 16;9 \/ Tr 1ms \/ G-sync \/ Flicker Free \/ 200hz \/ Resolucion 1920 X 1080 \/ Brillo 300cd\/m2 \/ Vesa 100x100 Mm\/ Negro Y Rojo","og_description":"Compra 24g42he Monitor Gamer \/ Panel Ips \/ 23.8 Pulgadas \/ Hdmi \/ Dp\/ Aspecto 16;9 \/ Tr 1ms \/ G-sync \/ Flicker Free \/ 200hz \/ Resolucion 1920 X 1080 \/ Brillo 300cd\/m2 \/ Vesa 100x100 Mm\/ Negro Y Rojo + Env\u00edo a domicilio + Pago seguro + Garant\u00eda","og_url":"https:\/\/compuviper.mx\/tienda\/producto\/aoc-24g42he-monitor-gamer-panel-ips-23-8-pulgadas-hdmi-dp-aspecto-169-tr-1ms-g-sync-flicker-free-200hz-resolucion-1920-x-1080-brillo-300cd-m2-vesa-100x100-mm-negro-y-rojo\/","og_site_name":"Compuviper","article_publisher":"https:\/\/www.facebook.com\/compuviper","twitter_card":"summary_large_image","twitter_misc":{"Precio":"&#36;1,937 con IVA","Availability":"In stock"},"schema":{"@context":"https:\/\/schema.org","@graph":[{"@type":"WebPage","@id":"https:\/\/compuviper.mx\/tienda\/producto\/aoc-24g42he-monitor-gamer-panel-ips-23-8-pulgadas-hdmi-dp-aspecto-169-tr-1ms-g-sync-flicker-free-200hz-resolucion-1920-x-1080-brillo-300cd-m2-vesa-100x100-mm-negro-y-rojo\/","url":"https:\/\/compuviper.mx\/tienda\/producto\/aoc-24g42he-monitor-gamer-panel-ips-23-8-pulgadas-hdmi-dp-aspecto-169-tr-1ms-g-sync-flicker-free-200hz-resolucion-1920-x-1080-brillo-300cd-m2-vesa-100x100-mm-negro-y-rojo\/","name":"[ Aoc ] &#129351; 24g42he Monitor Gamer \/ Panel Ips \/ 23.8 Pulgadas \/ Hdmi \/ Dp\/ Aspecto 16;9 \/ Tr 1ms \/ G-sync \/ Flicker Free \/ 200hz \/ Resolucion 1920 X 1080 \/ Brillo 300cd\/m2 \/ Vesa 100x100 Mm\/ Negro Y Rojo","isPartOf":{"@id":"https:\/\/compuviper.mx\/tienda\/#website"},"datePublished":"2026-04-15T06:55:58+00:00","dateModified":"2026-04-15T06:55:58+00:00","description":"Compra 24g42he Monitor Gamer \/ Panel Ips \/ 23.8 Pulgadas \/ Hdmi \/ Dp\/ Aspecto 16;9 \/ Tr 1ms \/ G-sync \/ Flicker Free \/ 200hz \/ Resolucion 1920 X 1080 \/ Brillo 300cd\/m2 \/ Vesa 100x100 Mm\/ Negro Y Rojo + Env\u00edo a domicilio + Pago seguro + Garant\u00eda","breadcrumb":{"@id":"https:\/\/compuviper.mx\/tienda\/producto\/aoc-24g42he-monitor-gamer-panel-ips-23-8-pulgadas-hdmi-dp-aspecto-169-tr-1ms-g-sync-flicker-free-200hz-resolucion-1920-x-1080-brillo-300cd-m2-vesa-100x100-mm-negro-y-rojo\/#breadcrumb"},"inLanguage":"es-MX","potentialAction":[{"@type":"ReadAction","target":["https:\/\/compuviper.mx\/tienda\/producto\/aoc-24g42he-monitor-gamer-panel-ips-23-8-pulgadas-hdmi-dp-aspecto-169-tr-1ms-g-sync-flicker-free-200hz-resolucion-1920-x-1080-brillo-300cd-m2-vesa-100x100-mm-negro-y-rojo\/"]}]},{"@type":"BreadcrumbList","@id":"https:\/\/compuviper.mx\/tienda\/producto\/aoc-24g42he-monitor-gamer-panel-ips-23-8-pulgadas-hdmi-dp-aspecto-169-tr-1ms-g-sync-flicker-free-200hz-resolucion-1920-x-1080-brillo-300cd-m2-vesa-100x100-mm-negro-y-rojo\/#breadcrumb","itemListElement":[{"@type":"ListItem","position":1,"name":"Inicio","item":"https:\/\/compuviper.mx\/tienda\/"},{"@type":"ListItem","position":2,"name":"Productos","item":"https:\/\/compuviper.mx\/tienda\/productos\/"},{"@type":"ListItem","position":3,"name":"Monitores","item":"https:\/\/compuviper.mx\/tienda\/categoria-producto\/monitores\/"},{"@type":"ListItem","position":4,"name":"Led","item":"https:\/\/compuviper.mx\/tienda\/categoria-producto\/monitores\/led\/"},{"@type":"ListItem","position":5,"name":"Aoc 24g42he Monitor Gamer \/ Panel Ips \/ 23.8 Pulgadas \/ Hdmi \/ Dp\/ Aspecto 16;9 \/ Tr 1ms \/ G-sync \/ Flicker Free \/ 200hz \/ Resolucion 1920 X 1080 \/ Brillo 300cd\/m2 \/ Vesa 100&#215;100 Mm\/ Negro Y Rojo"}]},{"@type":"WebSite","@id":"https:\/\/compuviper.mx\/tienda\/#website","url":"https:\/\/compuviper.mx\/tienda\/","name":"Compuviper","description":"Proveedor de Computadoras, Laptops, Servidores, Monitores, Puntos de Venta, Teclados,   Impresoras, T\u00f3ner, C\u00e1maras de Seguridad y m\u00e1s en tu tienda en l\u00ednea","publisher":{"@id":"https:\/\/compuviper.mx\/tienda\/#organization"},"potentialAction":[{"@type":"SearchAction","target":{"@type":"EntryPoint","urlTemplate":"https:\/\/compuviper.mx\/tienda\/?s={search_term_string}"},"query-input":"required name=search_term_string"}],"inLanguage":"es-MX"},{"@type":"Organization","@id":"https:\/\/compuviper.mx\/tienda\/#organization","name":"Compuviper","url":"https:\/\/compuviper.mx\/tienda\/","logo":{"@type":"ImageObject","inLanguage":"es-MX","@id":"https:\/\/compuviper.mx\/tienda\/#\/schema\/logo\/image\/","url":"https:\/\/compuviper.mx\/tienda\/wp-content\/uploads\/2021\/08\/Logo-Compuviper-10.png","contentUrl":"https:\/\/compuviper.mx\/tienda\/wp-content\/uploads\/2021\/08\/Logo-Compuviper-10.png","width":1000,"height":500,"caption":"Compuviper"},"image":{"@id":"https:\/\/compuviper.mx\/tienda\/#\/schema\/logo\/image\/"},"sameAs":["https:\/\/www.facebook.com\/compuviper","https:\/\/www.youtube.com\/channel\/UCf73dERp9Y3cfOq7q8BhLjA?view_as=subscriber"]}]},"product_brand":"AOC","product_price_amount":"1937","product_price_currency":"MXN","og_availability":"instock","product_availability":"instock","product_retailer_item_id":"24G42HE","product_condition":"new"},"_links":{"self":[{"href":"https:\/\/compuviper.mx\/tienda\/wp-json\/wp\/v2\/product\/263370"}],"collection":[{"href":"https:\/\/compuviper.mx\/tienda\/wp-json\/wp\/v2\/product"}],"about":[{"href":"https:\/\/compuviper.mx\/tienda\/wp-json\/wp\/v2\/types\/product"}],"replies":[{"embeddable":true,"href":"https:\/\/compuviper.mx\/tienda\/wp-json\/wp\/v2\/comments?post=263370"}],"wp:attachment":[{"href":"https:\/\/compuviper.mx\/tienda\/wp-json\/wp\/v2\/media?parent=263370"}],"wp:term":[{"taxonomy":"product_cat","embeddable":true,"href":"https:\/\/compuviper.mx\/tienda\/wp-json\/wp\/v2\/product_cat?post=263370"},{"taxonomy":"product_tag","embeddable":true,"href":"https:\/\/compuviper.mx\/tienda\/wp-json\/wp\/v2\/product_tag?post=263370"}],"curies":[{"name":"wp","href":"https:\/\/api.w.org\/{rel}","templated":true}]}}