{"id":263367,"date":"2026-04-15T00:55:53","date_gmt":"2026-04-15T06:55:53","guid":{"rendered":"https:\/\/compuviper.mx\/tienda\/producto\/aoc-c32g42ze-monitor-gamer-curvo-32-panel-va-240-hz-t-r-4-ms-gtg-0-3-ms-mprt-adaptive-sync-hdmi-vga-dp-aspecto-169-resolucion-1920-x-1080-brillo-300-cd-m2-vesa\/"},"modified":"2026-04-15T00:55:53","modified_gmt":"2026-04-15T06:55:53","slug":"aoc-c32g42ze-monitor-gamer-curvo-32-panel-va-240-hz-t-r-4-ms-gtg-0-3-ms-mprt-adaptive-sync-hdmi-vga-dp-aspecto-169-resolucion-1920-x-1080-brillo-300-cd-m2-vesa","status":"publish","type":"product","link":"https:\/\/compuviper.mx\/tienda\/producto\/aoc-c32g42ze-monitor-gamer-curvo-32-panel-va-240-hz-t-r-4-ms-gtg-0-3-ms-mprt-adaptive-sync-hdmi-vga-dp-aspecto-169-resolucion-1920-x-1080-brillo-300-cd-m2-vesa\/","title":{"rendered":"Aoc C32g42ze Monitor  Gamer Curvo 32 \/  \/ Panel Va \/ 240 Hz \/ T.r. 4 Ms Gtg \/ 0.3 Ms Mprt \/ Adaptive Sync  \/ Hdmi \/ Vga \/ Dp \/ Aspecto 16:9 \/ Resolucion 1920 X 1080 \/ Brillo 300 Cd\/m2 \/ Vesa"},"content":{"rendered":"<table class=\"descripcion\">\n<tr>\n<td>Tipo de panel: tft active matrix lcd, led backlight, va panel 1000r<\/td>\n<\/tr>\n<tr>\n<td>Tama\u00f1o del panel: 31.5 pulgadas<\/td>\n<\/tr>\n<tr>\n<td>Relaci\u00f3n de aspecto: 16:9<\/td>\n<\/tr>\n<tr>\n<td>Brillo :300 cd\/m2<\/td>\n<\/tr>\n<tr>\n<td>Tasa de contraste: 80,000,000:1<\/td>\n<\/tr>\n<tr>\n<td>Colores en el display: 16.7 m<\/td>\n<\/tr>\n<tr>\n<td>Tiempo de respuesta:  4ms  gtg \/   0.3 ms mprt<\/td>\n<\/tr>\n<tr>\n<td>Refresh: 240 hz<\/td>\n<\/tr>\n<tr>\n<td>Conectores: hdmi \/ vga \/ displayport<\/td>\n<\/tr>\n<tr>\n<td>Resoluci\u00f3n: 1920 x 1080 @ 240 hz<\/td>\n<\/tr>\n<tr>\n<td>\u00e1ngulo de visi\u00f3n: 178\u00b0 en vertical y horizontal<\/td>\n<\/tr>\n<tr>\n<td>Color: negro y rojo<\/td>\n<\/tr>\n<tr>\n<td>Adaptive sync<\/td>\n<\/tr>\n<tr>\n<td>Flicker free<\/td>\n<\/tr>\n<tr>\n<td>Vesa 100&#215;100 mm<\/td>\n<\/tr>\n<\/table>\n","protected":false},"excerpt":{"rendered":"<p>Con el monitor c32g42ze disfruta de fotograf\u00edas, v\u00eddeos o juegos, queremos que el contenido en pantalla sea tan parecido a la vida real como sea posible. Por eso, esta pantalla cuenta con la tecnolog\u00eda wide color gamut, que significa que puede mostrar muchos m\u00e1s colores que los monitores convencionales. Esto se consigue mediante una soluci\u00f3n de hardware especial, no a trav\u00e9s de meros ajustes de software. El resultado: im\u00e1genes fieles a la realidad con finos detalles que se vuelven visibles gracias a la paleta de colores m\u00e1s amplia.<\/p>\n","protected":false},"featured_media":0,"comment_status":"open","ping_status":"open","template":"","meta":[],"product_cat":[1740,1741],"product_tag":[1745],"acf":[],"yoast_head":"<!-- This site is optimized with the Yoast SEO plugin v21.7 - https:\/\/yoast.com\/wordpress\/plugins\/seo\/ -->\n<title>[ Aoc ] &#129351; C32g42ze Monitor Gamer Curvo 32 \/ \/ Panel Va \/ 240 Hz \/ T.r. 4 Ms Gtg \/ 0.3 Ms Mprt \/ Adaptive Sync \/ Hdmi \/ Vga \/ Dp \/ Aspecto 16:9 \/ Resolucion 1920 X 1080 \/ Brillo 300 Cd\/m2 \/ Vesa<\/title>\n<meta name=\"description\" content=\"Compra C32g42ze Monitor Gamer Curvo 32 \/ \/ Panel Va \/ 240 Hz \/ T.r. 4 Ms Gtg \/ 0.3 Ms Mprt \/ Adaptive Sync \/ Hdmi \/ Vga \/ Dp \/ Aspecto 16:9 \/ Resolucion 1920 X 1080 \/ Brillo 300 Cd\/m2 \/ Vesa + Env\u00edo a domicilio + Pago seguro + Garant\u00eda\" \/>\n<meta name=\"robots\" content=\"index, follow, max-snippet:-1, max-image-preview:large, max-video-preview:-1\" \/>\n<link rel=\"canonical\" href=\"https:\/\/compuviper.mx\/tienda\/producto\/aoc-c32g42ze-monitor-gamer-curvo-32-panel-va-240-hz-t-r-4-ms-gtg-0-3-ms-mprt-adaptive-sync-hdmi-vga-dp-aspecto-169-resolucion-1920-x-1080-brillo-300-cd-m2-vesa\/\" \/>\n<meta property=\"og:locale\" content=\"es_MX\" \/>\n<meta property=\"og:type\" content=\"article\" \/>\n<meta property=\"og:title\" content=\"[ Aoc ] &#129351; C32g42ze Monitor Gamer Curvo 32 \/ \/ Panel Va \/ 240 Hz \/ T.r. 4 Ms Gtg \/ 0.3 Ms Mprt \/ Adaptive Sync \/ Hdmi \/ Vga \/ Dp \/ Aspecto 16:9 \/ Resolucion 1920 X 1080 \/ Brillo 300 Cd\/m2 \/ Vesa\" \/>\n<meta property=\"og:description\" content=\"Compra C32g42ze Monitor Gamer Curvo 32 \/ \/ Panel Va \/ 240 Hz \/ T.r. 4 Ms Gtg \/ 0.3 Ms Mprt \/ Adaptive Sync \/ Hdmi \/ Vga \/ Dp \/ Aspecto 16:9 \/ Resolucion 1920 X 1080 \/ Brillo 300 Cd\/m2 \/ Vesa + Env\u00edo a domicilio + Pago seguro + Garant\u00eda\" \/>\n<meta property=\"og:url\" content=\"https:\/\/compuviper.mx\/tienda\/producto\/aoc-c32g42ze-monitor-gamer-curvo-32-panel-va-240-hz-t-r-4-ms-gtg-0-3-ms-mprt-adaptive-sync-hdmi-vga-dp-aspecto-169-resolucion-1920-x-1080-brillo-300-cd-m2-vesa\/\" \/>\n<meta property=\"og:site_name\" content=\"Compuviper\" \/>\n<meta property=\"article:publisher\" content=\"https:\/\/www.facebook.com\/compuviper\" \/>\n<meta name=\"twitter:card\" content=\"summary_large_image\" \/>\n<meta name=\"twitter:label1\" content=\"Precio\" \/>\n\t<meta name=\"twitter:data1\" content=\"&#36;4,108 con IVA\" \/>\n\t<meta name=\"twitter:label2\" content=\"Availability\" \/>\n\t<meta name=\"twitter:data2\" content=\"In stock\" \/>\n<script type=\"application\/ld+json\" class=\"yoast-schema-graph\">{\"@context\":\"https:\/\/schema.org\",\"@graph\":[{\"@type\":\"WebPage\",\"@id\":\"https:\/\/compuviper.mx\/tienda\/producto\/aoc-c32g42ze-monitor-gamer-curvo-32-panel-va-240-hz-t-r-4-ms-gtg-0-3-ms-mprt-adaptive-sync-hdmi-vga-dp-aspecto-169-resolucion-1920-x-1080-brillo-300-cd-m2-vesa\/\",\"url\":\"https:\/\/compuviper.mx\/tienda\/producto\/aoc-c32g42ze-monitor-gamer-curvo-32-panel-va-240-hz-t-r-4-ms-gtg-0-3-ms-mprt-adaptive-sync-hdmi-vga-dp-aspecto-169-resolucion-1920-x-1080-brillo-300-cd-m2-vesa\/\",\"name\":\"[ Aoc ] &#129351; C32g42ze Monitor Gamer Curvo 32 \/ \/ Panel Va \/ 240 Hz \/ T.r. 4 Ms Gtg \/ 0.3 Ms Mprt \/ Adaptive Sync \/ Hdmi \/ Vga \/ Dp \/ Aspecto 16:9 \/ Resolucion 1920 X 1080 \/ Brillo 300 Cd\/m2 \/ Vesa\",\"isPartOf\":{\"@id\":\"https:\/\/compuviper.mx\/tienda\/#website\"},\"datePublished\":\"2026-04-15T06:55:53+00:00\",\"dateModified\":\"2026-04-15T06:55:53+00:00\",\"description\":\"Compra C32g42ze Monitor Gamer Curvo 32 \/ \/ Panel Va \/ 240 Hz \/ T.r. 4 Ms Gtg \/ 0.3 Ms Mprt \/ Adaptive Sync \/ Hdmi \/ Vga \/ Dp \/ Aspecto 16:9 \/ Resolucion 1920 X 1080 \/ Brillo 300 Cd\/m2 \/ Vesa + Env\u00edo a domicilio + Pago seguro + Garant\u00eda\",\"breadcrumb\":{\"@id\":\"https:\/\/compuviper.mx\/tienda\/producto\/aoc-c32g42ze-monitor-gamer-curvo-32-panel-va-240-hz-t-r-4-ms-gtg-0-3-ms-mprt-adaptive-sync-hdmi-vga-dp-aspecto-169-resolucion-1920-x-1080-brillo-300-cd-m2-vesa\/#breadcrumb\"},\"inLanguage\":\"es-MX\",\"potentialAction\":[{\"@type\":\"ReadAction\",\"target\":[\"https:\/\/compuviper.mx\/tienda\/producto\/aoc-c32g42ze-monitor-gamer-curvo-32-panel-va-240-hz-t-r-4-ms-gtg-0-3-ms-mprt-adaptive-sync-hdmi-vga-dp-aspecto-169-resolucion-1920-x-1080-brillo-300-cd-m2-vesa\/\"]}]},{\"@type\":\"BreadcrumbList\",\"@id\":\"https:\/\/compuviper.mx\/tienda\/producto\/aoc-c32g42ze-monitor-gamer-curvo-32-panel-va-240-hz-t-r-4-ms-gtg-0-3-ms-mprt-adaptive-sync-hdmi-vga-dp-aspecto-169-resolucion-1920-x-1080-brillo-300-cd-m2-vesa\/#breadcrumb\",\"itemListElement\":[{\"@type\":\"ListItem\",\"position\":1,\"name\":\"Inicio\",\"item\":\"https:\/\/compuviper.mx\/tienda\/\"},{\"@type\":\"ListItem\",\"position\":2,\"name\":\"Productos\",\"item\":\"https:\/\/compuviper.mx\/tienda\/productos\/\"},{\"@type\":\"ListItem\",\"position\":3,\"name\":\"Monitores\",\"item\":\"https:\/\/compuviper.mx\/tienda\/categoria-producto\/monitores\/\"},{\"@type\":\"ListItem\",\"position\":4,\"name\":\"Led\",\"item\":\"https:\/\/compuviper.mx\/tienda\/categoria-producto\/monitores\/led\/\"},{\"@type\":\"ListItem\",\"position\":5,\"name\":\"Aoc C32g42ze Monitor Gamer Curvo 32 \/ \/ Panel Va \/ 240 Hz \/ T.r. 4 Ms Gtg \/ 0.3 Ms Mprt \/ Adaptive Sync \/ Hdmi \/ Vga \/ Dp \/ Aspecto 16:9 \/ Resolucion 1920 X 1080 \/ Brillo 300 Cd\/m2 \/ Vesa\"}]},{\"@type\":\"WebSite\",\"@id\":\"https:\/\/compuviper.mx\/tienda\/#website\",\"url\":\"https:\/\/compuviper.mx\/tienda\/\",\"name\":\"Compuviper\",\"description\":\"Proveedor de Computadoras, Laptops, Servidores, Monitores, Puntos de Venta, Teclados,   Impresoras, T\u00f3ner, C\u00e1maras de Seguridad y m\u00e1s en tu tienda en l\u00ednea\",\"publisher\":{\"@id\":\"https:\/\/compuviper.mx\/tienda\/#organization\"},\"potentialAction\":[{\"@type\":\"SearchAction\",\"target\":{\"@type\":\"EntryPoint\",\"urlTemplate\":\"https:\/\/compuviper.mx\/tienda\/?s={search_term_string}\"},\"query-input\":\"required name=search_term_string\"}],\"inLanguage\":\"es-MX\"},{\"@type\":\"Organization\",\"@id\":\"https:\/\/compuviper.mx\/tienda\/#organization\",\"name\":\"Compuviper\",\"url\":\"https:\/\/compuviper.mx\/tienda\/\",\"logo\":{\"@type\":\"ImageObject\",\"inLanguage\":\"es-MX\",\"@id\":\"https:\/\/compuviper.mx\/tienda\/#\/schema\/logo\/image\/\",\"url\":\"https:\/\/compuviper.mx\/tienda\/wp-content\/uploads\/2021\/08\/Logo-Compuviper-10.png\",\"contentUrl\":\"https:\/\/compuviper.mx\/tienda\/wp-content\/uploads\/2021\/08\/Logo-Compuviper-10.png\",\"width\":1000,\"height\":500,\"caption\":\"Compuviper\"},\"image\":{\"@id\":\"https:\/\/compuviper.mx\/tienda\/#\/schema\/logo\/image\/\"},\"sameAs\":[\"https:\/\/www.facebook.com\/compuviper\",\"https:\/\/www.youtube.com\/channel\/UCf73dERp9Y3cfOq7q8BhLjA?view_as=subscriber\"]}]}<\/script>\n<meta property=\"product:brand\" content=\"AOC\" \/>\n<meta property=\"product:price:amount\" content=\"4108\" \/>\n<meta property=\"product:price:currency\" content=\"MXN\" \/>\n<meta property=\"og:availability\" content=\"instock\" \/>\n<meta property=\"product:availability\" content=\"instock\" \/>\n<meta property=\"product:retailer_item_id\" content=\"C32G42ZE\" \/>\n<meta property=\"product:condition\" content=\"new\" \/>\n<!-- \/ Yoast SEO plugin. -->","yoast_head_json":{"title":"[ Aoc ] &#129351; C32g42ze Monitor Gamer Curvo 32 \/ \/ Panel Va \/ 240 Hz \/ T.r. 4 Ms Gtg \/ 0.3 Ms Mprt \/ Adaptive Sync \/ Hdmi \/ Vga \/ Dp \/ Aspecto 16:9 \/ Resolucion 1920 X 1080 \/ Brillo 300 Cd\/m2 \/ Vesa","description":"Compra C32g42ze Monitor Gamer Curvo 32 \/ \/ Panel Va \/ 240 Hz \/ T.r. 4 Ms Gtg \/ 0.3 Ms Mprt \/ Adaptive Sync \/ Hdmi \/ Vga \/ Dp \/ Aspecto 16:9 \/ Resolucion 1920 X 1080 \/ Brillo 300 Cd\/m2 \/ Vesa + Env\u00edo a domicilio + Pago seguro + Garant\u00eda","robots":{"index":"index","follow":"follow","max-snippet":"max-snippet:-1","max-image-preview":"max-image-preview:large","max-video-preview":"max-video-preview:-1"},"canonical":"https:\/\/compuviper.mx\/tienda\/producto\/aoc-c32g42ze-monitor-gamer-curvo-32-panel-va-240-hz-t-r-4-ms-gtg-0-3-ms-mprt-adaptive-sync-hdmi-vga-dp-aspecto-169-resolucion-1920-x-1080-brillo-300-cd-m2-vesa\/","og_locale":"es_MX","og_type":"article","og_title":"[ Aoc ] &#129351; C32g42ze Monitor Gamer Curvo 32 \/ \/ Panel Va \/ 240 Hz \/ T.r. 4 Ms Gtg \/ 0.3 Ms Mprt \/ Adaptive Sync \/ Hdmi \/ Vga \/ Dp \/ Aspecto 16:9 \/ Resolucion 1920 X 1080 \/ Brillo 300 Cd\/m2 \/ Vesa","og_description":"Compra C32g42ze Monitor Gamer Curvo 32 \/ \/ Panel Va \/ 240 Hz \/ T.r. 4 Ms Gtg \/ 0.3 Ms Mprt \/ Adaptive Sync \/ Hdmi \/ Vga \/ Dp \/ Aspecto 16:9 \/ Resolucion 1920 X 1080 \/ Brillo 300 Cd\/m2 \/ Vesa + Env\u00edo a domicilio + Pago seguro + Garant\u00eda","og_url":"https:\/\/compuviper.mx\/tienda\/producto\/aoc-c32g42ze-monitor-gamer-curvo-32-panel-va-240-hz-t-r-4-ms-gtg-0-3-ms-mprt-adaptive-sync-hdmi-vga-dp-aspecto-169-resolucion-1920-x-1080-brillo-300-cd-m2-vesa\/","og_site_name":"Compuviper","article_publisher":"https:\/\/www.facebook.com\/compuviper","twitter_card":"summary_large_image","twitter_misc":{"Precio":"&#36;4,108 con IVA","Availability":"In stock"},"schema":{"@context":"https:\/\/schema.org","@graph":[{"@type":"WebPage","@id":"https:\/\/compuviper.mx\/tienda\/producto\/aoc-c32g42ze-monitor-gamer-curvo-32-panel-va-240-hz-t-r-4-ms-gtg-0-3-ms-mprt-adaptive-sync-hdmi-vga-dp-aspecto-169-resolucion-1920-x-1080-brillo-300-cd-m2-vesa\/","url":"https:\/\/compuviper.mx\/tienda\/producto\/aoc-c32g42ze-monitor-gamer-curvo-32-panel-va-240-hz-t-r-4-ms-gtg-0-3-ms-mprt-adaptive-sync-hdmi-vga-dp-aspecto-169-resolucion-1920-x-1080-brillo-300-cd-m2-vesa\/","name":"[ Aoc ] &#129351; C32g42ze Monitor Gamer Curvo 32 \/ \/ Panel Va \/ 240 Hz \/ T.r. 4 Ms Gtg \/ 0.3 Ms Mprt \/ Adaptive Sync \/ Hdmi \/ Vga \/ Dp \/ Aspecto 16:9 \/ Resolucion 1920 X 1080 \/ Brillo 300 Cd\/m2 \/ Vesa","isPartOf":{"@id":"https:\/\/compuviper.mx\/tienda\/#website"},"datePublished":"2026-04-15T06:55:53+00:00","dateModified":"2026-04-15T06:55:53+00:00","description":"Compra C32g42ze Monitor Gamer Curvo 32 \/ \/ Panel Va \/ 240 Hz \/ T.r. 4 Ms Gtg \/ 0.3 Ms Mprt \/ Adaptive Sync \/ Hdmi \/ Vga \/ Dp \/ Aspecto 16:9 \/ Resolucion 1920 X 1080 \/ Brillo 300 Cd\/m2 \/ Vesa + Env\u00edo a domicilio + Pago seguro + Garant\u00eda","breadcrumb":{"@id":"https:\/\/compuviper.mx\/tienda\/producto\/aoc-c32g42ze-monitor-gamer-curvo-32-panel-va-240-hz-t-r-4-ms-gtg-0-3-ms-mprt-adaptive-sync-hdmi-vga-dp-aspecto-169-resolucion-1920-x-1080-brillo-300-cd-m2-vesa\/#breadcrumb"},"inLanguage":"es-MX","potentialAction":[{"@type":"ReadAction","target":["https:\/\/compuviper.mx\/tienda\/producto\/aoc-c32g42ze-monitor-gamer-curvo-32-panel-va-240-hz-t-r-4-ms-gtg-0-3-ms-mprt-adaptive-sync-hdmi-vga-dp-aspecto-169-resolucion-1920-x-1080-brillo-300-cd-m2-vesa\/"]}]},{"@type":"BreadcrumbList","@id":"https:\/\/compuviper.mx\/tienda\/producto\/aoc-c32g42ze-monitor-gamer-curvo-32-panel-va-240-hz-t-r-4-ms-gtg-0-3-ms-mprt-adaptive-sync-hdmi-vga-dp-aspecto-169-resolucion-1920-x-1080-brillo-300-cd-m2-vesa\/#breadcrumb","itemListElement":[{"@type":"ListItem","position":1,"name":"Inicio","item":"https:\/\/compuviper.mx\/tienda\/"},{"@type":"ListItem","position":2,"name":"Productos","item":"https:\/\/compuviper.mx\/tienda\/productos\/"},{"@type":"ListItem","position":3,"name":"Monitores","item":"https:\/\/compuviper.mx\/tienda\/categoria-producto\/monitores\/"},{"@type":"ListItem","position":4,"name":"Led","item":"https:\/\/compuviper.mx\/tienda\/categoria-producto\/monitores\/led\/"},{"@type":"ListItem","position":5,"name":"Aoc C32g42ze Monitor Gamer Curvo 32 \/ \/ Panel Va \/ 240 Hz \/ T.r. 4 Ms Gtg \/ 0.3 Ms Mprt \/ Adaptive Sync \/ Hdmi \/ Vga \/ Dp \/ Aspecto 16:9 \/ Resolucion 1920 X 1080 \/ Brillo 300 Cd\/m2 \/ Vesa"}]},{"@type":"WebSite","@id":"https:\/\/compuviper.mx\/tienda\/#website","url":"https:\/\/compuviper.mx\/tienda\/","name":"Compuviper","description":"Proveedor de Computadoras, Laptops, Servidores, Monitores, Puntos de Venta, Teclados,   Impresoras, T\u00f3ner, C\u00e1maras de Seguridad y m\u00e1s en tu tienda en l\u00ednea","publisher":{"@id":"https:\/\/compuviper.mx\/tienda\/#organization"},"potentialAction":[{"@type":"SearchAction","target":{"@type":"EntryPoint","urlTemplate":"https:\/\/compuviper.mx\/tienda\/?s={search_term_string}"},"query-input":"required name=search_term_string"}],"inLanguage":"es-MX"},{"@type":"Organization","@id":"https:\/\/compuviper.mx\/tienda\/#organization","name":"Compuviper","url":"https:\/\/compuviper.mx\/tienda\/","logo":{"@type":"ImageObject","inLanguage":"es-MX","@id":"https:\/\/compuviper.mx\/tienda\/#\/schema\/logo\/image\/","url":"https:\/\/compuviper.mx\/tienda\/wp-content\/uploads\/2021\/08\/Logo-Compuviper-10.png","contentUrl":"https:\/\/compuviper.mx\/tienda\/wp-content\/uploads\/2021\/08\/Logo-Compuviper-10.png","width":1000,"height":500,"caption":"Compuviper"},"image":{"@id":"https:\/\/compuviper.mx\/tienda\/#\/schema\/logo\/image\/"},"sameAs":["https:\/\/www.facebook.com\/compuviper","https:\/\/www.youtube.com\/channel\/UCf73dERp9Y3cfOq7q8BhLjA?view_as=subscriber"]}]},"product_brand":"AOC","product_price_amount":"4108","product_price_currency":"MXN","og_availability":"instock","product_availability":"instock","product_retailer_item_id":"C32G42ZE","product_condition":"new"},"_links":{"self":[{"href":"https:\/\/compuviper.mx\/tienda\/wp-json\/wp\/v2\/product\/263367"}],"collection":[{"href":"https:\/\/compuviper.mx\/tienda\/wp-json\/wp\/v2\/product"}],"about":[{"href":"https:\/\/compuviper.mx\/tienda\/wp-json\/wp\/v2\/types\/product"}],"replies":[{"embeddable":true,"href":"https:\/\/compuviper.mx\/tienda\/wp-json\/wp\/v2\/comments?post=263367"}],"wp:attachment":[{"href":"https:\/\/compuviper.mx\/tienda\/wp-json\/wp\/v2\/media?parent=263367"}],"wp:term":[{"taxonomy":"product_cat","embeddable":true,"href":"https:\/\/compuviper.mx\/tienda\/wp-json\/wp\/v2\/product_cat?post=263367"},{"taxonomy":"product_tag","embeddable":true,"href":"https:\/\/compuviper.mx\/tienda\/wp-json\/wp\/v2\/product_tag?post=263367"}],"curies":[{"name":"wp","href":"https:\/\/api.w.org\/{rel}","templated":true}]}}