{"id":263334,"date":"2026-04-05T23:10:31","date_gmt":"2026-04-06T05:10:31","guid":{"rendered":"https:\/\/compuviper.mx\/tienda\/producto\/ocelot-gaming-polygon-e5-gabinete-mid-tower-atx-m-atx-itx-panel-lateral-de-cristal-templado-y-frontal-en-mesh-incluye-4-ventiladores-enfriamiento-liquido-hasta-240mm-gpu-hasta-295mm\/"},"modified":"2026-04-05T23:10:31","modified_gmt":"2026-04-06T05:10:31","slug":"ocelot-gaming-polygon-e5-gabinete-mid-tower-atx-m-atx-itx-panel-lateral-de-cristal-templado-y-frontal-en-mesh-incluye-4-ventiladores-enfriamiento-liquido-hasta-240mm-gpu-hasta-295mm","status":"publish","type":"product","link":"https:\/\/compuviper.mx\/tienda\/producto\/ocelot-gaming-polygon-e5-gabinete-mid-tower-atx-m-atx-itx-panel-lateral-de-cristal-templado-y-frontal-en-mesh-incluye-4-ventiladores-enfriamiento-liquido-hasta-240mm-gpu-hasta-295mm\/","title":{"rendered":"Ocelot Gaming Polygon-e5 Gabinete   \/ Mid Tower \/ Atx, M-atx, Itx \/ Panel Lateral De Cristal Templado Y Frontal En Mesh \/ Incluye 4 Ventiladores \/ Enfriamiento Liquido Hasta 240mm \/ Gpu Hasta 295mm \/ Color Negro"},"content":{"rendered":"<table class=\"descripcion\">\n<tr>\n<td>Gabinete ocelot gaming, atx, frontal cristal templado, cristal templado lateral, filtro polvo magnetico, espacio para 8 ventiladores de 120mm \/soporta gpu hasta 295mm incluye 4 ventiladores<\/td>\n<\/tr>\n<tr>\n<td>Materiales: panel lateral de cristal templado, panel lateral de metal gavanizado color negro mate<\/td>\n<\/tr>\n<tr>\n<td>Filtro de polvo: inferiror removible, superiror imantado<\/td>\n<\/tr>\n<tr>\n<td>Grosor del chasis: 0.45mm spcc black<\/td>\n<\/tr>\n<tr>\n<td>Motherboards: atx\/ m-atx\/itx<\/td>\n<\/tr>\n<tr>\n<td>Meiddas del chasis: (l) 310*(w)200*(h) 470mm<\/td>\n<\/tr>\n<tr>\n<td>Medidas gabinete: (l) 350*(w) 200*(h) 470mm<\/td>\n<\/tr>\n<tr>\n<td>Medidas empaque: (l)516*2(w)45*(h)402<\/td>\n<\/tr>\n<tr>\n<td>Alto m\u00e1ximo del enfrimiento por aire:16mm<\/td>\n<\/tr>\n<tr>\n<td>Gpu adminitido: 295mm<\/td>\n<\/tr>\n<tr>\n<td>Bahias de almacenamiento: 3.5hdd*2   2.5ssd*1<\/td>\n<\/tr>\n<tr>\n<td>Interfaz: usb3.0*1 usb2.0*2 mic*1 audio*1<\/td>\n<\/tr>\n<tr>\n<td>Ventilaci\u00f3n; frontal: 3*120mm fan \/3*140mm(optional)<\/td>\n<\/tr>\n<tr>\n<td>Superiror: 2*120mm fan (optional)<\/td>\n<\/tr>\n<tr>\n<td>Trasera: 1*120mm fan  (optional)<\/td>\n<\/tr>\n<tr>\n<td>Inferior: 2*120mm fan  (optional)<\/td>\n<\/tr>\n<tr>\n<td>Enfriamiento liquido admitido frontal: 240mm y 360mm aio<\/td>\n<\/tr>\n<tr>\n<td>Enfriamiento liquido admitido superior:240mm aoi<\/td>\n<\/tr>\n<\/table>\n","protected":false},"excerpt":{"rendered":"<p>Gabinete gamer con una ingeniosa distribucion interna para ser compatible con todos los componenetes requeridos, chasis con grosor de 0.45mm. Espacio para colocar hasta 8 ventiladores de 120mm (4 incluidos) cuenta con filtro de polvo magnetico en la parte inferior y superior. Panel lateral de cristal templado para mostrar el interior del equipo. Cuenta con espacio para 1 x 2.5 (ssd) y 2 de 3.5 (hdd). Compatible con tarjetas de video de hasta 295 mm de largo.<\/p>\n","protected":false},"featured_media":263335,"comment_status":"open","ping_status":"open","template":"","meta":[],"product_cat":[1674,1676],"product_tag":[2019],"acf":[],"yoast_head":"<!-- This site is optimized with the Yoast SEO plugin v21.7 - https:\/\/yoast.com\/wordpress\/plugins\/seo\/ -->\n<title>[ Ocelot Gaming ] &#129351; Polygon-e5 Gabinete \/ Mid Tower \/ Atx, M-atx, Itx \/ Panel Lateral De Cristal Templado Y Frontal En Mesh \/ Incluye 4 Ventiladores \/ Enfriamiento Liquido Hasta 240mm \/ Gpu Hasta 295mm \/ Color Negro<\/title>\n<meta name=\"description\" content=\"Compra Polygon-e5 Gabinete \/ Mid Tower \/ Atx, M-atx, Itx \/ Panel Lateral De Cristal Templado Y Frontal En Mesh \/ Incluye 4 Ventiladores \/ Enfriamiento Liquido Hasta 240mm \/ Gpu Hasta 295mm \/ Color Negro + Env\u00edo a domicilio + Pago seguro + Garant\u00eda\" \/>\n<meta name=\"robots\" content=\"index, follow, max-snippet:-1, max-image-preview:large, max-video-preview:-1\" \/>\n<link rel=\"canonical\" href=\"https:\/\/compuviper.mx\/tienda\/producto\/ocelot-gaming-polygon-e5-gabinete-mid-tower-atx-m-atx-itx-panel-lateral-de-cristal-templado-y-frontal-en-mesh-incluye-4-ventiladores-enfriamiento-liquido-hasta-240mm-gpu-hasta-295mm\/\" \/>\n<meta property=\"og:locale\" content=\"es_MX\" \/>\n<meta property=\"og:type\" content=\"article\" \/>\n<meta property=\"og:title\" content=\"[ Ocelot Gaming ] &#129351; Polygon-e5 Gabinete \/ Mid Tower \/ Atx, M-atx, Itx \/ Panel Lateral De Cristal Templado Y Frontal En Mesh \/ Incluye 4 Ventiladores \/ Enfriamiento Liquido Hasta 240mm \/ Gpu Hasta 295mm \/ Color Negro\" \/>\n<meta property=\"og:description\" content=\"Compra Polygon-e5 Gabinete \/ Mid Tower \/ Atx, M-atx, Itx \/ Panel Lateral De Cristal Templado Y Frontal En Mesh \/ Incluye 4 Ventiladores \/ Enfriamiento Liquido Hasta 240mm \/ Gpu Hasta 295mm \/ Color Negro + Env\u00edo a domicilio + Pago seguro + Garant\u00eda\" \/>\n<meta property=\"og:url\" content=\"https:\/\/compuviper.mx\/tienda\/producto\/ocelot-gaming-polygon-e5-gabinete-mid-tower-atx-m-atx-itx-panel-lateral-de-cristal-templado-y-frontal-en-mesh-incluye-4-ventiladores-enfriamiento-liquido-hasta-240mm-gpu-hasta-295mm\/\" \/>\n<meta property=\"og:site_name\" content=\"Compuviper\" \/>\n<meta property=\"article:publisher\" content=\"https:\/\/www.facebook.com\/compuviper\" \/>\n<meta property=\"og:image\" content=\"https:\/\/compuviper.mx\/tienda\/wp-content\/uploads\/2025\/11\/Gabinete-ocelot-gaming-polygon-e5-mid-tower-atx-m-atx-itx-panel-lateral-de-cristal-templado-y-frontal-en-mesh-incluye-4-ventiladores-enfriamiento-liquido-hasta-240mm-gpu-hasta-295mm-color-negro.jpg\" \/>\n\t<meta property=\"og:image:width\" content=\"200\" \/>\n\t<meta property=\"og:image:height\" content=\"200\" \/>\n\t<meta property=\"og:image:type\" content=\"image\/jpeg\" \/>\n<meta name=\"twitter:card\" content=\"summary_large_image\" \/>\n<meta name=\"twitter:label1\" content=\"Precio\" \/>\n\t<meta name=\"twitter:data1\" content=\"&#36;646 con IVA\" \/>\n\t<meta name=\"twitter:label2\" content=\"Availability\" \/>\n\t<meta name=\"twitter:data2\" content=\"In stock\" \/>\n<script type=\"application\/ld+json\" class=\"yoast-schema-graph\">{\"@context\":\"https:\/\/schema.org\",\"@graph\":[{\"@type\":\"WebPage\",\"@id\":\"https:\/\/compuviper.mx\/tienda\/producto\/ocelot-gaming-polygon-e5-gabinete-mid-tower-atx-m-atx-itx-panel-lateral-de-cristal-templado-y-frontal-en-mesh-incluye-4-ventiladores-enfriamiento-liquido-hasta-240mm-gpu-hasta-295mm\/\",\"url\":\"https:\/\/compuviper.mx\/tienda\/producto\/ocelot-gaming-polygon-e5-gabinete-mid-tower-atx-m-atx-itx-panel-lateral-de-cristal-templado-y-frontal-en-mesh-incluye-4-ventiladores-enfriamiento-liquido-hasta-240mm-gpu-hasta-295mm\/\",\"name\":\"[ Ocelot Gaming ] &#129351; Polygon-e5 Gabinete \/ Mid Tower \/ Atx, M-atx, Itx \/ Panel Lateral De Cristal Templado Y Frontal En Mesh \/ Incluye 4 Ventiladores \/ Enfriamiento Liquido Hasta 240mm \/ Gpu Hasta 295mm \/ Color Negro\",\"isPartOf\":{\"@id\":\"https:\/\/compuviper.mx\/tienda\/#website\"},\"datePublished\":\"2026-04-06T05:10:31+00:00\",\"dateModified\":\"2026-04-06T05:10:31+00:00\",\"description\":\"Compra Polygon-e5 Gabinete \/ Mid Tower \/ Atx, M-atx, Itx \/ Panel Lateral De Cristal Templado Y Frontal En Mesh \/ Incluye 4 Ventiladores \/ Enfriamiento Liquido Hasta 240mm \/ Gpu Hasta 295mm \/ Color Negro + Env\u00edo a domicilio + Pago seguro + Garant\u00eda\",\"breadcrumb\":{\"@id\":\"https:\/\/compuviper.mx\/tienda\/producto\/ocelot-gaming-polygon-e5-gabinete-mid-tower-atx-m-atx-itx-panel-lateral-de-cristal-templado-y-frontal-en-mesh-incluye-4-ventiladores-enfriamiento-liquido-hasta-240mm-gpu-hasta-295mm\/#breadcrumb\"},\"inLanguage\":\"es-MX\",\"potentialAction\":[{\"@type\":\"ReadAction\",\"target\":[\"https:\/\/compuviper.mx\/tienda\/producto\/ocelot-gaming-polygon-e5-gabinete-mid-tower-atx-m-atx-itx-panel-lateral-de-cristal-templado-y-frontal-en-mesh-incluye-4-ventiladores-enfriamiento-liquido-hasta-240mm-gpu-hasta-295mm\/\"]}]},{\"@type\":\"BreadcrumbList\",\"@id\":\"https:\/\/compuviper.mx\/tienda\/producto\/ocelot-gaming-polygon-e5-gabinete-mid-tower-atx-m-atx-itx-panel-lateral-de-cristal-templado-y-frontal-en-mesh-incluye-4-ventiladores-enfriamiento-liquido-hasta-240mm-gpu-hasta-295mm\/#breadcrumb\",\"itemListElement\":[{\"@type\":\"ListItem\",\"position\":1,\"name\":\"Inicio\",\"item\":\"https:\/\/compuviper.mx\/tienda\/\"},{\"@type\":\"ListItem\",\"position\":2,\"name\":\"Productos\",\"item\":\"https:\/\/compuviper.mx\/tienda\/productos\/\"},{\"@type\":\"ListItem\",\"position\":3,\"name\":\"Gabinetes\",\"item\":\"https:\/\/compuviper.mx\/tienda\/categoria-producto\/gabinetes\/\"},{\"@type\":\"ListItem\",\"position\":4,\"name\":\"Media Torre\",\"item\":\"https:\/\/compuviper.mx\/tienda\/categoria-producto\/gabinetes\/media-torre\/\"},{\"@type\":\"ListItem\",\"position\":5,\"name\":\"Ocelot Gaming Polygon-e5 Gabinete \/ Mid Tower \/ Atx, M-atx, Itx \/ Panel Lateral De Cristal Templado Y Frontal En Mesh \/ Incluye 4 Ventiladores \/ Enfriamiento Liquido Hasta 240mm \/ Gpu Hasta 295mm \/ Color Negro\"}]},{\"@type\":\"WebSite\",\"@id\":\"https:\/\/compuviper.mx\/tienda\/#website\",\"url\":\"https:\/\/compuviper.mx\/tienda\/\",\"name\":\"Compuviper\",\"description\":\"Proveedor de Computadoras, Laptops, Servidores, Monitores, Puntos de Venta, Teclados,   Impresoras, T\u00f3ner, C\u00e1maras de Seguridad y m\u00e1s en tu tienda en l\u00ednea\",\"publisher\":{\"@id\":\"https:\/\/compuviper.mx\/tienda\/#organization\"},\"potentialAction\":[{\"@type\":\"SearchAction\",\"target\":{\"@type\":\"EntryPoint\",\"urlTemplate\":\"https:\/\/compuviper.mx\/tienda\/?s={search_term_string}\"},\"query-input\":\"required name=search_term_string\"}],\"inLanguage\":\"es-MX\"},{\"@type\":\"Organization\",\"@id\":\"https:\/\/compuviper.mx\/tienda\/#organization\",\"name\":\"Compuviper\",\"url\":\"https:\/\/compuviper.mx\/tienda\/\",\"logo\":{\"@type\":\"ImageObject\",\"inLanguage\":\"es-MX\",\"@id\":\"https:\/\/compuviper.mx\/tienda\/#\/schema\/logo\/image\/\",\"url\":\"https:\/\/compuviper.mx\/tienda\/wp-content\/uploads\/2021\/08\/Logo-Compuviper-10.png\",\"contentUrl\":\"https:\/\/compuviper.mx\/tienda\/wp-content\/uploads\/2021\/08\/Logo-Compuviper-10.png\",\"width\":1000,\"height\":500,\"caption\":\"Compuviper\"},\"image\":{\"@id\":\"https:\/\/compuviper.mx\/tienda\/#\/schema\/logo\/image\/\"},\"sameAs\":[\"https:\/\/www.facebook.com\/compuviper\",\"https:\/\/www.youtube.com\/channel\/UCf73dERp9Y3cfOq7q8BhLjA?view_as=subscriber\"]}]}<\/script>\n<meta property=\"product:brand\" content=\"OCELOT GAMING\" \/>\n<meta property=\"product:price:amount\" content=\"646\" \/>\n<meta property=\"product:price:currency\" content=\"MXN\" \/>\n<meta property=\"og:availability\" content=\"instock\" \/>\n<meta property=\"product:availability\" content=\"instock\" \/>\n<meta property=\"product:retailer_item_id\" content=\"POLYGON-E5\" \/>\n<meta property=\"product:condition\" content=\"new\" \/>\n<!-- \/ Yoast SEO plugin. -->","yoast_head_json":{"title":"[ Ocelot Gaming ] &#129351; Polygon-e5 Gabinete \/ Mid Tower \/ Atx, M-atx, Itx \/ Panel Lateral De Cristal Templado Y Frontal En Mesh \/ Incluye 4 Ventiladores \/ Enfriamiento Liquido Hasta 240mm \/ Gpu Hasta 295mm \/ Color Negro","description":"Compra Polygon-e5 Gabinete \/ Mid Tower \/ Atx, M-atx, Itx \/ Panel Lateral De Cristal Templado Y Frontal En Mesh \/ Incluye 4 Ventiladores \/ Enfriamiento Liquido Hasta 240mm \/ Gpu Hasta 295mm \/ Color Negro + Env\u00edo a domicilio + Pago seguro + Garant\u00eda","robots":{"index":"index","follow":"follow","max-snippet":"max-snippet:-1","max-image-preview":"max-image-preview:large","max-video-preview":"max-video-preview:-1"},"canonical":"https:\/\/compuviper.mx\/tienda\/producto\/ocelot-gaming-polygon-e5-gabinete-mid-tower-atx-m-atx-itx-panel-lateral-de-cristal-templado-y-frontal-en-mesh-incluye-4-ventiladores-enfriamiento-liquido-hasta-240mm-gpu-hasta-295mm\/","og_locale":"es_MX","og_type":"article","og_title":"[ Ocelot Gaming ] &#129351; Polygon-e5 Gabinete \/ Mid Tower \/ Atx, M-atx, Itx \/ Panel Lateral De Cristal Templado Y Frontal En Mesh \/ Incluye 4 Ventiladores \/ Enfriamiento Liquido Hasta 240mm \/ Gpu Hasta 295mm \/ Color Negro","og_description":"Compra Polygon-e5 Gabinete \/ Mid Tower \/ Atx, M-atx, Itx \/ Panel Lateral De Cristal Templado Y Frontal En Mesh \/ Incluye 4 Ventiladores \/ Enfriamiento Liquido Hasta 240mm \/ Gpu Hasta 295mm \/ Color Negro + Env\u00edo a domicilio + Pago seguro + Garant\u00eda","og_url":"https:\/\/compuviper.mx\/tienda\/producto\/ocelot-gaming-polygon-e5-gabinete-mid-tower-atx-m-atx-itx-panel-lateral-de-cristal-templado-y-frontal-en-mesh-incluye-4-ventiladores-enfriamiento-liquido-hasta-240mm-gpu-hasta-295mm\/","og_site_name":"Compuviper","article_publisher":"https:\/\/www.facebook.com\/compuviper","og_image":[{"width":200,"height":200,"url":"https:\/\/compuviper.mx\/tienda\/wp-content\/uploads\/2025\/11\/Gabinete-ocelot-gaming-polygon-e5-mid-tower-atx-m-atx-itx-panel-lateral-de-cristal-templado-y-frontal-en-mesh-incluye-4-ventiladores-enfriamiento-liquido-hasta-240mm-gpu-hasta-295mm-color-negro.jpg","type":"image\/jpeg"}],"twitter_card":"summary_large_image","twitter_misc":{"Precio":"&#36;646 con IVA","Availability":"In stock"},"schema":{"@context":"https:\/\/schema.org","@graph":[{"@type":"WebPage","@id":"https:\/\/compuviper.mx\/tienda\/producto\/ocelot-gaming-polygon-e5-gabinete-mid-tower-atx-m-atx-itx-panel-lateral-de-cristal-templado-y-frontal-en-mesh-incluye-4-ventiladores-enfriamiento-liquido-hasta-240mm-gpu-hasta-295mm\/","url":"https:\/\/compuviper.mx\/tienda\/producto\/ocelot-gaming-polygon-e5-gabinete-mid-tower-atx-m-atx-itx-panel-lateral-de-cristal-templado-y-frontal-en-mesh-incluye-4-ventiladores-enfriamiento-liquido-hasta-240mm-gpu-hasta-295mm\/","name":"[ Ocelot Gaming ] &#129351; Polygon-e5 Gabinete \/ Mid Tower \/ Atx, M-atx, Itx \/ Panel Lateral De Cristal Templado Y Frontal En Mesh \/ Incluye 4 Ventiladores \/ Enfriamiento Liquido Hasta 240mm \/ Gpu Hasta 295mm \/ Color Negro","isPartOf":{"@id":"https:\/\/compuviper.mx\/tienda\/#website"},"datePublished":"2026-04-06T05:10:31+00:00","dateModified":"2026-04-06T05:10:31+00:00","description":"Compra Polygon-e5 Gabinete \/ Mid Tower \/ Atx, M-atx, Itx \/ Panel Lateral De Cristal Templado Y Frontal En Mesh \/ Incluye 4 Ventiladores \/ Enfriamiento Liquido Hasta 240mm \/ Gpu Hasta 295mm \/ Color Negro + Env\u00edo a domicilio + Pago seguro + Garant\u00eda","breadcrumb":{"@id":"https:\/\/compuviper.mx\/tienda\/producto\/ocelot-gaming-polygon-e5-gabinete-mid-tower-atx-m-atx-itx-panel-lateral-de-cristal-templado-y-frontal-en-mesh-incluye-4-ventiladores-enfriamiento-liquido-hasta-240mm-gpu-hasta-295mm\/#breadcrumb"},"inLanguage":"es-MX","potentialAction":[{"@type":"ReadAction","target":["https:\/\/compuviper.mx\/tienda\/producto\/ocelot-gaming-polygon-e5-gabinete-mid-tower-atx-m-atx-itx-panel-lateral-de-cristal-templado-y-frontal-en-mesh-incluye-4-ventiladores-enfriamiento-liquido-hasta-240mm-gpu-hasta-295mm\/"]}]},{"@type":"BreadcrumbList","@id":"https:\/\/compuviper.mx\/tienda\/producto\/ocelot-gaming-polygon-e5-gabinete-mid-tower-atx-m-atx-itx-panel-lateral-de-cristal-templado-y-frontal-en-mesh-incluye-4-ventiladores-enfriamiento-liquido-hasta-240mm-gpu-hasta-295mm\/#breadcrumb","itemListElement":[{"@type":"ListItem","position":1,"name":"Inicio","item":"https:\/\/compuviper.mx\/tienda\/"},{"@type":"ListItem","position":2,"name":"Productos","item":"https:\/\/compuviper.mx\/tienda\/productos\/"},{"@type":"ListItem","position":3,"name":"Gabinetes","item":"https:\/\/compuviper.mx\/tienda\/categoria-producto\/gabinetes\/"},{"@type":"ListItem","position":4,"name":"Media Torre","item":"https:\/\/compuviper.mx\/tienda\/categoria-producto\/gabinetes\/media-torre\/"},{"@type":"ListItem","position":5,"name":"Ocelot Gaming Polygon-e5 Gabinete \/ Mid Tower \/ Atx, M-atx, Itx \/ Panel Lateral De Cristal Templado Y Frontal En Mesh \/ Incluye 4 Ventiladores \/ Enfriamiento Liquido Hasta 240mm \/ Gpu Hasta 295mm \/ Color Negro"}]},{"@type":"WebSite","@id":"https:\/\/compuviper.mx\/tienda\/#website","url":"https:\/\/compuviper.mx\/tienda\/","name":"Compuviper","description":"Proveedor de Computadoras, Laptops, Servidores, Monitores, Puntos de Venta, Teclados,   Impresoras, T\u00f3ner, C\u00e1maras de Seguridad y m\u00e1s en tu tienda en l\u00ednea","publisher":{"@id":"https:\/\/compuviper.mx\/tienda\/#organization"},"potentialAction":[{"@type":"SearchAction","target":{"@type":"EntryPoint","urlTemplate":"https:\/\/compuviper.mx\/tienda\/?s={search_term_string}"},"query-input":"required name=search_term_string"}],"inLanguage":"es-MX"},{"@type":"Organization","@id":"https:\/\/compuviper.mx\/tienda\/#organization","name":"Compuviper","url":"https:\/\/compuviper.mx\/tienda\/","logo":{"@type":"ImageObject","inLanguage":"es-MX","@id":"https:\/\/compuviper.mx\/tienda\/#\/schema\/logo\/image\/","url":"https:\/\/compuviper.mx\/tienda\/wp-content\/uploads\/2021\/08\/Logo-Compuviper-10.png","contentUrl":"https:\/\/compuviper.mx\/tienda\/wp-content\/uploads\/2021\/08\/Logo-Compuviper-10.png","width":1000,"height":500,"caption":"Compuviper"},"image":{"@id":"https:\/\/compuviper.mx\/tienda\/#\/schema\/logo\/image\/"},"sameAs":["https:\/\/www.facebook.com\/compuviper","https:\/\/www.youtube.com\/channel\/UCf73dERp9Y3cfOq7q8BhLjA?view_as=subscriber"]}]},"product_brand":"OCELOT GAMING","product_price_amount":"646","product_price_currency":"MXN","og_availability":"instock","product_availability":"instock","product_retailer_item_id":"POLYGON-E5","product_condition":"new"},"_links":{"self":[{"href":"https:\/\/compuviper.mx\/tienda\/wp-json\/wp\/v2\/product\/263334"}],"collection":[{"href":"https:\/\/compuviper.mx\/tienda\/wp-json\/wp\/v2\/product"}],"about":[{"href":"https:\/\/compuviper.mx\/tienda\/wp-json\/wp\/v2\/types\/product"}],"replies":[{"embeddable":true,"href":"https:\/\/compuviper.mx\/tienda\/wp-json\/wp\/v2\/comments?post=263334"}],"wp:featuredmedia":[{"embeddable":true,"href":"https:\/\/compuviper.mx\/tienda\/wp-json\/wp\/v2\/media\/263335"}],"wp:attachment":[{"href":"https:\/\/compuviper.mx\/tienda\/wp-json\/wp\/v2\/media?parent=263334"}],"wp:term":[{"taxonomy":"product_cat","embeddable":true,"href":"https:\/\/compuviper.mx\/tienda\/wp-json\/wp\/v2\/product_cat?post=263334"},{"taxonomy":"product_tag","embeddable":true,"href":"https:\/\/compuviper.mx\/tienda\/wp-json\/wp\/v2\/product_tag?post=263334"}],"curies":[{"name":"wp","href":"https:\/\/api.w.org\/{rel}","templated":true}]}}