{"id":263297,"date":"2026-04-02T02:23:42","date_gmt":"2026-04-02T08:23:42","guid":{"rendered":"https:\/\/compuviper.mx\/tienda\/producto\/hisense-32a4nr-television-32-pulgadas-led-32a4nv-smart-roku-tv-resolucion-hd\/"},"modified":"2026-04-02T02:23:42","modified_gmt":"2026-04-02T08:23:42","slug":"hisense-32a4nr-television-32-pulgadas-led-smart-roku-tv-resolucion-hd","status":"publish","type":"product","link":"https:\/\/compuviper.mx\/tienda\/producto\/hisense-32a4nr-television-32-pulgadas-led-smart-roku-tv-resolucion-hd\/","title":{"rendered":"Hisense 32a4nr Television 32 Pulgadas Led   Smart Roku Tv Resolucion Hd"},"content":{"rendered":"<table class=\"descripcion\">\n<tr>\n<td>Marca  hisense<\/td>\n<\/tr>\n<tr>\n<td>Modelo 32a4nr<\/td>\n<\/tr>\n<tr>\n<td>Tama\u00f1o 32 pulgadas<\/td>\n<\/tr>\n<tr>\n<td>Area de display 31.5 diagonal<\/td>\n<\/tr>\n<tr>\n<td>Tipo de panel ads<\/td>\n<\/tr>\n<tr>\n<td>Relacion de aspecto  16:09<\/td>\n<\/tr>\n<tr>\n<td>Display plano<\/td>\n<\/tr>\n<tr>\n<td>Resolucion hd 1366*768<\/td>\n<\/tr>\n<tr>\n<td>Frecuencia de actualizaci\u00f3n nativa 60hz<\/td>\n<\/tr>\n<tr>\n<td>Brillo m\u00e1ximo (t\u00edpico):  180 nits<\/td>\n<\/tr>\n<tr>\n<td>Relaci\u00f3n de contraste est\u00e1tico (con atenuaci\u00f3n local):  1200<\/td>\n<\/tr>\n<tr>\n<td>\u00e1ngulo de visi\u00f3n:  h\/v 178\u00b0\/178\u00b0<\/td>\n<\/tr>\n<tr>\n<td>Tiempo de respuesta: 8 ms<\/td>\n<\/tr>\n<tr>\n<td>Profundidad de color:  8 bits<\/td>\n<\/tr>\n<tr>\n<td>Retroiluminaci\u00f3n:  full array<\/td>\n<\/tr>\n<tr>\n<td>Atenuaci\u00f3n local: no no<\/td>\n<\/tr>\n<tr>\n<td>Frecuencia de actualizaci\u00f3n: 60 hz<\/td>\n<\/tr>\n<tr>\n<td>Memc: n no<\/td>\n<\/tr>\n<tr>\n<td>Hdr: dolby vision  no<\/td>\n<\/tr>\n<tr>\n<td>Hdr: hdr10+  no<\/td>\n<\/tr>\n<tr>\n<td>Hdr: hdr10  no<\/td>\n<\/tr>\n<tr>\n<td>Hdr: hybrid log gamma (hlg)  no<\/td>\n<\/tr>\n<tr>\n<td>Dolby vision iq  no<\/td>\n<\/tr>\n<tr>\n<td>Dolby gaming  no<\/td>\n<\/tr>\n<tr>\n<td>Hdr10+ adaptive  no<\/td>\n<\/tr>\n<tr>\n<td>Imax enhanced  no<\/td>\n<\/tr>\n<tr>\n<td>Film maker mode  no<\/td>\n<\/tr>\n<tr>\n<td>Other features  no<\/td>\n<\/tr>\n<tr>\n<td>Modo juego<\/td>\n<\/tr>\n<tr>\n<td>Hdr game mode  no<\/td>\n<\/tr>\n<tr>\n<td>Hsr  no<\/td>\n<\/tr>\n<tr>\n<td>Vrr(variable refresh rate)  no<\/td>\n<\/tr>\n<tr>\n<td>Allm(auto low-latency mode)  no<\/td>\n<\/tr>\n<tr>\n<td>Freesync  no<\/td>\n<\/tr>\n<tr>\n<td>G-sync  no<\/td>\n<\/tr>\n<tr>\n<td>Other game features  no<\/td>\n<\/tr>\n<tr>\n<td>Calidad de audio<\/td>\n<\/tr>\n<tr>\n<td>Mejora de audio  dolby audio<\/td>\n<\/tr>\n<tr>\n<td>Audio multicanal  2<\/td>\n<\/tr>\n<tr>\n<td>Potencia de audio 2 x 6w<\/td>\n<\/tr>\n<tr>\n<td>Tipo de altavoz integrado inferior<\/td>\n<\/tr>\n<tr>\n<td>Hardware y puertos<\/td>\n<\/tr>\n<tr>\n<td>Wi-fi  ieee 802.11 a\/b\/g\/n\/ac de doble banda (2,4\/5 ghz)<\/td>\n<\/tr>\n<tr>\n<td>Bluetooth  no<\/td>\n<\/tr>\n<tr>\n<td>Antena rf:  1<\/td>\n<\/tr>\n<tr>\n<td>Formatos compatibles:  480i, 480p, 720p, 1080i, 1080p<\/td>\n<\/tr>\n<tr>\n<td>Hdmi 1.4*3<\/td>\n<\/tr>\n<tr>\n<td>Hdmi 4k@120hz  no<\/td>\n<\/tr>\n<tr>\n<td>Hdmi-earc  no<\/td>\n<\/tr>\n<tr>\n<td>Usb  usb2.0*1<\/td>\n<\/tr>\n<tr>\n<td>Ethernet (lan)  no<\/td>\n<\/tr>\n<tr>\n<td>Entrada de v\u00eddeo compuesto 1<\/td>\n<\/tr>\n<tr>\n<td>Entrada de audio l\/r para v\u00eddeo compuesto 1<\/td>\n<\/tr>\n<tr>\n<td>Salida de auriculares\/audio 1<\/td>\n<\/tr>\n<tr>\n<td>Salida de audio digital 1<\/td>\n<\/tr>\n<tr>\n<td>Energia<\/td>\n<\/tr>\n<tr>\n<td>Consumo de energ\u00eda:  50w<\/td>\n<\/tr>\n<tr>\n<td>Consumo en espera:   and #8804;0,5 w<\/td>\n<\/tr>\n<tr>\n<td>Alimentaci\u00f3n (voltaje\/hz):  ca 120 v, 60 hz<\/td>\n<\/tr>\n<tr>\n<td>Smart<\/td>\n<\/tr>\n<tr>\n<td>Plataforma inteligente:  roku tv<\/td>\n<\/tr>\n<tr>\n<td>Men\u00fa en pantalla:  ingl\u00e9s\/franc\u00e9s\/espa\u00f1ol<\/td>\n<\/tr>\n<tr>\n<td>Tienda de aplicaciones:  roku store<\/td>\n<\/tr>\n<tr>\n<td>Sistema de tv:  atsc 1.0\/clear qam\/ntsc<\/td>\n<\/tr>\n<tr>\n<td>Navegador web:  no<\/td>\n<\/tr>\n<tr>\n<td>Subt\u00edtulos:  si<\/td>\n<\/tr>\n<tr>\n<td>Reducci\u00f3n de ruido:  si<\/td>\n<\/tr>\n<tr>\n<td>Control parental:  si<\/td>\n<\/tr>\n<tr>\n<td>Reconocimiento de voz a distancia: no<\/td>\n<\/tr>\n<tr>\n<td>Temporizador de apagado: si<\/td>\n<\/tr>\n<tr>\n<td>Asistente de google:  compatible con google assistant<\/td>\n<\/tr>\n<tr>\n<td>Alexa:  compatible con alexa<\/td>\n<\/tr>\n<tr>\n<td>Siri:  no<\/td>\n<\/tr>\n<tr>\n<td>Google home: si<\/td>\n<\/tr>\n<tr>\n<td>Chromecast:  no<\/td>\n<\/tr>\n<tr>\n<td>Apple homekit: si<\/td>\n<\/tr>\n<tr>\n<td>Airplay:  si<\/td>\n<\/tr>\n<tr>\n<td>Dimensiones\/peso (kg y mm)<\/td>\n<\/tr>\n<tr>\n<td>Dimensiones del televisor (sin soporte) (mm):  726 \u00d7 430 \u00d7 84 mm<\/td>\n<\/tr>\n<tr>\n<td>Dimensiones del televisor (con soporte) (mm):  726 \u00d7 472 \u00d7 159 mm<\/td>\n<\/tr>\n<tr>\n<td>Dimensiones del soporte (ancho x ancho) (mm): 672 \u00d7 159 mm<\/td>\n<\/tr>\n<tr>\n<td>Peso del televisor (sin soporte) (mm):  3,7 kg<\/td>\n<\/tr>\n<tr>\n<td>Peso del televisor (con soporte) (mm):  3,8 kg<\/td>\n<\/tr>\n<tr>\n<td>Dimensiones de la caja (ancho x alto x profundidad) (mm):  811 \u00d7 515 \u00d7 122 mm<\/td>\n<\/tr>\n<tr>\n<td>Peso del env\u00edo (kg):  5,6 kg<\/td>\n<\/tr>\n<tr>\n<td>Peso de la caja de cart\u00f3n (kg):  1,15 kg<\/td>\n<\/tr>\n<tr>\n<td>Peso de la espuma pl\u00e1stica del embalaje (kg):  0,237 kg<\/td>\n<\/tr>\n<tr>\n<td>Peso del embalaje (papel, cart\u00f3n) (kg):  1,15 kg<\/td>\n<\/tr>\n<tr>\n<td>Peso del embalaje eps (kg)  0,203 kg<\/td>\n<\/tr>\n<tr>\n<td>Peso del embalaje &#8211; l\u00e1mina pe (kg)  0,034 kg<\/td>\n<\/tr>\n<tr>\n<td>Peso del embalaje &#8211; papel (kg)  1,15 kg<\/td>\n<\/tr>\n<tr>\n<td>Cantidad de montaje en pared<\/td>\n<\/tr>\n<tr>\n<td>Tama\u00f1o del soporte de pared 100 \u00d7 200 mm<\/td>\n<\/tr>\n<tr>\n<td>Tornillo de montaje en pared:  m6<\/td>\n<\/tr>\n<tr>\n<td>Accesorios<\/td>\n<\/tr>\n<tr>\n<td>Mando a distancia: si<\/td>\n<\/tr>\n<tr>\n<td>Bater\u00edas:  2<\/td>\n<\/tr>\n<tr>\n<td>Cable de alimentaci\u00f3n:  1<\/td>\n<\/tr>\n<tr>\n<td>Cable hdmi:  no<\/td>\n<\/tr>\n<tr>\n<td>Gu\u00eda de inicio r\u00e1pido: si<\/td>\n<\/tr>\n<tr>\n<td>Seguridad y garant\u00eda:  si<\/td>\n<\/tr>\n<tr>\n<td>Garant\u00eda 1 a\u00f1o<\/td>\n<\/tr>\n<\/table>\n","protected":false},"excerpt":{"rendered":"<p>Hisense roku tv hace que sea f\u00e1cil ver lo que te gusta con transmisi\u00f3n integrada. Disfruta de un sinf\u00edn de televisi\u00f3n gratuita, en vivo y de tendencia con todas las aplicaciones m\u00e1s populares y nuevas funciones agregadas autom\u00e1ticamente. Disponible en muchos tama\u00f1os, hay un televisor hisense roku para todos y cada habitaci\u00f3n. Compatible con google assistant y alexa<\/p>\n","protected":false},"featured_media":0,"comment_status":"open","ping_status":"open","template":"","meta":[],"product_cat":[1838,1839],"product_tag":[2128],"acf":[],"yoast_head":"<!-- This site is optimized with the Yoast SEO plugin v21.7 - https:\/\/yoast.com\/wordpress\/plugins\/seo\/ -->\n<title>[ Hisense ] &#129351; 32a4nr Television 32 Pulgadas Led Smart Roku Tv Resolucion Hd<\/title>\n<meta name=\"description\" content=\"Compra 32a4nr Television 32 Pulgadas Led Smart Roku Tv Resolucion Hd + Env\u00edo a domicilio + Pago seguro + Garant\u00eda\" \/>\n<meta name=\"robots\" content=\"index, follow, max-snippet:-1, max-image-preview:large, max-video-preview:-1\" \/>\n<link rel=\"canonical\" href=\"https:\/\/compuviper.mx\/tienda\/producto\/hisense-32a4nr-television-32-pulgadas-led-smart-roku-tv-resolucion-hd\/\" \/>\n<meta property=\"og:locale\" content=\"es_MX\" \/>\n<meta property=\"og:type\" content=\"article\" \/>\n<meta property=\"og:title\" content=\"[ Hisense ] &#129351; 32a4nr Television 32 Pulgadas Led Smart Roku Tv Resolucion Hd\" \/>\n<meta property=\"og:description\" content=\"Compra 32a4nr Television 32 Pulgadas Led Smart Roku Tv Resolucion Hd + Env\u00edo a domicilio + Pago seguro + Garant\u00eda\" \/>\n<meta property=\"og:url\" content=\"https:\/\/compuviper.mx\/tienda\/producto\/hisense-32a4nr-television-32-pulgadas-led-smart-roku-tv-resolucion-hd\/\" \/>\n<meta property=\"og:site_name\" content=\"Compuviper\" \/>\n<meta property=\"article:publisher\" content=\"https:\/\/www.facebook.com\/compuviper\" \/>\n<meta name=\"twitter:card\" content=\"summary_large_image\" \/>\n<meta name=\"twitter:label1\" content=\"Precio\" \/>\n\t<meta name=\"twitter:data1\" content=\"&#36;3,093 &#36;2,733 con IVA\" \/>\n\t<meta name=\"twitter:label2\" content=\"Availability\" \/>\n\t<meta name=\"twitter:data2\" content=\"In stock\" \/>\n<script type=\"application\/ld+json\" class=\"yoast-schema-graph\">{\"@context\":\"https:\/\/schema.org\",\"@graph\":[{\"@type\":\"WebPage\",\"@id\":\"https:\/\/compuviper.mx\/tienda\/producto\/hisense-32a4nr-television-32-pulgadas-led-smart-roku-tv-resolucion-hd\/\",\"url\":\"https:\/\/compuviper.mx\/tienda\/producto\/hisense-32a4nr-television-32-pulgadas-led-smart-roku-tv-resolucion-hd\/\",\"name\":\"[ Hisense ] &#129351; 32a4nr Television 32 Pulgadas Led Smart Roku Tv Resolucion Hd\",\"isPartOf\":{\"@id\":\"https:\/\/compuviper.mx\/tienda\/#website\"},\"datePublished\":\"2026-04-02T08:23:42+00:00\",\"dateModified\":\"2026-04-02T08:23:42+00:00\",\"description\":\"Compra 32a4nr Television 32 Pulgadas Led Smart Roku Tv Resolucion Hd + Env\u00edo a domicilio + Pago seguro + Garant\u00eda\",\"breadcrumb\":{\"@id\":\"https:\/\/compuviper.mx\/tienda\/producto\/hisense-32a4nr-television-32-pulgadas-led-smart-roku-tv-resolucion-hd\/#breadcrumb\"},\"inLanguage\":\"es-MX\",\"potentialAction\":[{\"@type\":\"ReadAction\",\"target\":[\"https:\/\/compuviper.mx\/tienda\/producto\/hisense-32a4nr-television-32-pulgadas-led-smart-roku-tv-resolucion-hd\/\"]}]},{\"@type\":\"BreadcrumbList\",\"@id\":\"https:\/\/compuviper.mx\/tienda\/producto\/hisense-32a4nr-television-32-pulgadas-led-smart-roku-tv-resolucion-hd\/#breadcrumb\",\"itemListElement\":[{\"@type\":\"ListItem\",\"position\":1,\"name\":\"Inicio\",\"item\":\"https:\/\/compuviper.mx\/tienda\/\"},{\"@type\":\"ListItem\",\"position\":2,\"name\":\"Productos\",\"item\":\"https:\/\/compuviper.mx\/tienda\/productos\/\"},{\"@type\":\"ListItem\",\"position\":3,\"name\":\"Televisor\",\"item\":\"https:\/\/compuviper.mx\/tienda\/categoria-producto\/televisor\/\"},{\"@type\":\"ListItem\",\"position\":4,\"name\":\"Led\",\"item\":\"https:\/\/compuviper.mx\/tienda\/categoria-producto\/televisor\/led-televisor\/\"},{\"@type\":\"ListItem\",\"position\":5,\"name\":\"Hisense 32a4nr Television 32 Pulgadas Led Smart Roku Tv Resolucion Hd\"}]},{\"@type\":\"WebSite\",\"@id\":\"https:\/\/compuviper.mx\/tienda\/#website\",\"url\":\"https:\/\/compuviper.mx\/tienda\/\",\"name\":\"Compuviper\",\"description\":\"Proveedor de Computadoras, Laptops, Servidores, Monitores, Puntos de Venta, Teclados,   Impresoras, T\u00f3ner, C\u00e1maras de Seguridad y m\u00e1s en tu tienda en l\u00ednea\",\"publisher\":{\"@id\":\"https:\/\/compuviper.mx\/tienda\/#organization\"},\"potentialAction\":[{\"@type\":\"SearchAction\",\"target\":{\"@type\":\"EntryPoint\",\"urlTemplate\":\"https:\/\/compuviper.mx\/tienda\/?s={search_term_string}\"},\"query-input\":\"required name=search_term_string\"}],\"inLanguage\":\"es-MX\"},{\"@type\":\"Organization\",\"@id\":\"https:\/\/compuviper.mx\/tienda\/#organization\",\"name\":\"Compuviper\",\"url\":\"https:\/\/compuviper.mx\/tienda\/\",\"logo\":{\"@type\":\"ImageObject\",\"inLanguage\":\"es-MX\",\"@id\":\"https:\/\/compuviper.mx\/tienda\/#\/schema\/logo\/image\/\",\"url\":\"https:\/\/compuviper.mx\/tienda\/wp-content\/uploads\/2021\/08\/Logo-Compuviper-10.png\",\"contentUrl\":\"https:\/\/compuviper.mx\/tienda\/wp-content\/uploads\/2021\/08\/Logo-Compuviper-10.png\",\"width\":1000,\"height\":500,\"caption\":\"Compuviper\"},\"image\":{\"@id\":\"https:\/\/compuviper.mx\/tienda\/#\/schema\/logo\/image\/\"},\"sameAs\":[\"https:\/\/www.facebook.com\/compuviper\",\"https:\/\/www.youtube.com\/channel\/UCf73dERp9Y3cfOq7q8BhLjA?view_as=subscriber\"]}]}<\/script>\n<meta property=\"product:brand\" content=\"Hisense\" \/>\n<meta property=\"product:price:amount\" content=\"2733\" \/>\n<meta property=\"product:price:currency\" content=\"MXN\" \/>\n<meta property=\"og:availability\" content=\"instock\" \/>\n<meta property=\"product:availability\" content=\"instock\" \/>\n<meta property=\"product:retailer_item_id\" content=\"32A4NR\" \/>\n<meta property=\"product:condition\" content=\"new\" \/>\n<!-- \/ Yoast SEO plugin. -->","yoast_head_json":{"title":"[ Hisense ] &#129351; 32a4nr Television 32 Pulgadas Led Smart Roku Tv Resolucion Hd","description":"Compra 32a4nr Television 32 Pulgadas Led Smart Roku Tv Resolucion Hd + Env\u00edo a domicilio + Pago seguro + Garant\u00eda","robots":{"index":"index","follow":"follow","max-snippet":"max-snippet:-1","max-image-preview":"max-image-preview:large","max-video-preview":"max-video-preview:-1"},"canonical":"https:\/\/compuviper.mx\/tienda\/producto\/hisense-32a4nr-television-32-pulgadas-led-smart-roku-tv-resolucion-hd\/","og_locale":"es_MX","og_type":"article","og_title":"[ Hisense ] &#129351; 32a4nr Television 32 Pulgadas Led Smart Roku Tv Resolucion Hd","og_description":"Compra 32a4nr Television 32 Pulgadas Led Smart Roku Tv Resolucion Hd + Env\u00edo a domicilio + Pago seguro + Garant\u00eda","og_url":"https:\/\/compuviper.mx\/tienda\/producto\/hisense-32a4nr-television-32-pulgadas-led-smart-roku-tv-resolucion-hd\/","og_site_name":"Compuviper","article_publisher":"https:\/\/www.facebook.com\/compuviper","twitter_card":"summary_large_image","twitter_misc":{"Precio":"&#36;3,093 &#36;2,733 con IVA","Availability":"In stock"},"schema":{"@context":"https:\/\/schema.org","@graph":[{"@type":"WebPage","@id":"https:\/\/compuviper.mx\/tienda\/producto\/hisense-32a4nr-television-32-pulgadas-led-smart-roku-tv-resolucion-hd\/","url":"https:\/\/compuviper.mx\/tienda\/producto\/hisense-32a4nr-television-32-pulgadas-led-smart-roku-tv-resolucion-hd\/","name":"[ Hisense ] &#129351; 32a4nr Television 32 Pulgadas Led Smart Roku Tv Resolucion Hd","isPartOf":{"@id":"https:\/\/compuviper.mx\/tienda\/#website"},"datePublished":"2026-04-02T08:23:42+00:00","dateModified":"2026-04-02T08:23:42+00:00","description":"Compra 32a4nr Television 32 Pulgadas Led Smart Roku Tv Resolucion Hd + Env\u00edo a domicilio + Pago seguro + Garant\u00eda","breadcrumb":{"@id":"https:\/\/compuviper.mx\/tienda\/producto\/hisense-32a4nr-television-32-pulgadas-led-smart-roku-tv-resolucion-hd\/#breadcrumb"},"inLanguage":"es-MX","potentialAction":[{"@type":"ReadAction","target":["https:\/\/compuviper.mx\/tienda\/producto\/hisense-32a4nr-television-32-pulgadas-led-smart-roku-tv-resolucion-hd\/"]}]},{"@type":"BreadcrumbList","@id":"https:\/\/compuviper.mx\/tienda\/producto\/hisense-32a4nr-television-32-pulgadas-led-smart-roku-tv-resolucion-hd\/#breadcrumb","itemListElement":[{"@type":"ListItem","position":1,"name":"Inicio","item":"https:\/\/compuviper.mx\/tienda\/"},{"@type":"ListItem","position":2,"name":"Productos","item":"https:\/\/compuviper.mx\/tienda\/productos\/"},{"@type":"ListItem","position":3,"name":"Televisor","item":"https:\/\/compuviper.mx\/tienda\/categoria-producto\/televisor\/"},{"@type":"ListItem","position":4,"name":"Led","item":"https:\/\/compuviper.mx\/tienda\/categoria-producto\/televisor\/led-televisor\/"},{"@type":"ListItem","position":5,"name":"Hisense 32a4nr Television 32 Pulgadas Led Smart Roku Tv Resolucion Hd"}]},{"@type":"WebSite","@id":"https:\/\/compuviper.mx\/tienda\/#website","url":"https:\/\/compuviper.mx\/tienda\/","name":"Compuviper","description":"Proveedor de Computadoras, Laptops, Servidores, Monitores, Puntos de Venta, Teclados,   Impresoras, T\u00f3ner, C\u00e1maras de Seguridad y m\u00e1s en tu tienda en l\u00ednea","publisher":{"@id":"https:\/\/compuviper.mx\/tienda\/#organization"},"potentialAction":[{"@type":"SearchAction","target":{"@type":"EntryPoint","urlTemplate":"https:\/\/compuviper.mx\/tienda\/?s={search_term_string}"},"query-input":"required name=search_term_string"}],"inLanguage":"es-MX"},{"@type":"Organization","@id":"https:\/\/compuviper.mx\/tienda\/#organization","name":"Compuviper","url":"https:\/\/compuviper.mx\/tienda\/","logo":{"@type":"ImageObject","inLanguage":"es-MX","@id":"https:\/\/compuviper.mx\/tienda\/#\/schema\/logo\/image\/","url":"https:\/\/compuviper.mx\/tienda\/wp-content\/uploads\/2021\/08\/Logo-Compuviper-10.png","contentUrl":"https:\/\/compuviper.mx\/tienda\/wp-content\/uploads\/2021\/08\/Logo-Compuviper-10.png","width":1000,"height":500,"caption":"Compuviper"},"image":{"@id":"https:\/\/compuviper.mx\/tienda\/#\/schema\/logo\/image\/"},"sameAs":["https:\/\/www.facebook.com\/compuviper","https:\/\/www.youtube.com\/channel\/UCf73dERp9Y3cfOq7q8BhLjA?view_as=subscriber"]}]},"product_brand":"Hisense","product_price_amount":"2733","product_price_currency":"MXN","og_availability":"instock","product_availability":"instock","product_retailer_item_id":"32A4NR","product_condition":"new"},"_links":{"self":[{"href":"https:\/\/compuviper.mx\/tienda\/wp-json\/wp\/v2\/product\/263297"}],"collection":[{"href":"https:\/\/compuviper.mx\/tienda\/wp-json\/wp\/v2\/product"}],"about":[{"href":"https:\/\/compuviper.mx\/tienda\/wp-json\/wp\/v2\/types\/product"}],"replies":[{"embeddable":true,"href":"https:\/\/compuviper.mx\/tienda\/wp-json\/wp\/v2\/comments?post=263297"}],"wp:attachment":[{"href":"https:\/\/compuviper.mx\/tienda\/wp-json\/wp\/v2\/media?parent=263297"}],"wp:term":[{"taxonomy":"product_cat","embeddable":true,"href":"https:\/\/compuviper.mx\/tienda\/wp-json\/wp\/v2\/product_cat?post=263297"},{"taxonomy":"product_tag","embeddable":true,"href":"https:\/\/compuviper.mx\/tienda\/wp-json\/wp\/v2\/product_tag?post=263297"}],"curies":[{"name":"wp","href":"https:\/\/api.w.org\/{rel}","templated":true}]}}