{"id":263262,"date":"2026-04-10T01:14:28","date_gmt":"2026-04-10T07:14:28","guid":{"rendered":"https:\/\/compuviper.mx\/tienda\/producto\/samsung-sm-x133nzaemxo-tablet-galaxy-tab-a11-8-7-pulgadas-modelo-sm-x133-color-gris-8gb-ram-128gb-rom-wi-fi-5-mp-8-mp-android-vel-2-2ghz-2ghz\/"},"modified":"2026-04-10T01:14:29","modified_gmt":"2026-04-10T07:14:29","slug":"samsung-sm-x133nzaemxo-tablet-galaxy-tab-a11-8-7-pulgadas-modelo-sm-x133-8gb-ram-128gb-rom-wi-fi-5-mp-8-mp-android-vel-2-2ghz-2ghz-1-ao-de-garantia-color-gris","status":"publish","type":"product","link":"https:\/\/compuviper.mx\/tienda\/producto\/samsung-sm-x133nzaemxo-tablet-galaxy-tab-a11-8-7-pulgadas-modelo-sm-x133-8gb-ram-128gb-rom-wi-fi-5-mp-8-mp-android-vel-2-2ghz-2ghz-1-ao-de-garantia-color-gris\/","title":{"rendered":"Samsung Sm-x133nzaemxo Tablet  Galaxy Tab A11 \/ 8.7 Pulgadas \/  Modelo Sm-x133 \/  8gb Ram \/ 128gb Rom \/ Wi-fi \/ 5 Mp &#8211; 8 Mp \/ Android \/ Vel 2.2ghz, 2ghz \/ 1 A?o De Garantia \/ Color Gris"},"content":{"rendered":"<table class=\"descripcion\">\n<tr>\n<td>Memoria: 8gb<\/td>\n<\/tr>\n<tr>\n<td>Almacenamiento: 128 gb<\/td>\n<\/tr>\n<tr>\n<td>Pantalla 8.7 pulgadas<\/td>\n<\/tr>\n<tr>\n<td>Resolucion: 1340 x 800 wxga<\/td>\n<\/tr>\n<tr>\n<td>Bateria: 5,100 mah<\/td>\n<\/tr>\n<tr>\n<td>Almacenamiento externo hasta 2 tb por medio de micro sd<\/td>\n<\/tr>\n<tr>\n<td>Cpu veocidad: 2.2ghz,2ghz<\/td>\n<\/tr>\n<tr>\n<td>Cpu tipo: octa-core<\/td>\n<\/tr>\n<tr>\n<td>Wi-fi: 802.11a\/b\/g\/n\/ac 2.4ghz5ghz, vht80<\/td>\n<\/tr>\n<tr>\n<td>Wi-fi direct: s<\/td>\n<\/tr>\n<tr>\n<td>Bluetooth v5.3<\/td>\n<\/tr>\n<tr>\n<td>Camara frontal: 5 mp<\/td>\n<\/tr>\n<tr>\n<td>Camara trasera: 8 mp<\/td>\n<\/tr>\n<\/table>\n","protected":false},"excerpt":{"rendered":"<p>Galaxy tab a11 128 gb ideal para quien necesita mas potencia<\/p>\n","protected":false},"featured_media":0,"comment_status":"open","ping_status":"open","template":"","meta":[],"product_cat":[1758,1763],"product_tag":[1743],"acf":[],"yoast_head":"<!-- This site is optimized with the Yoast SEO plugin v21.7 - https:\/\/yoast.com\/wordpress\/plugins\/seo\/ -->\n<title>[ Samsung ] &#129351; Sm-x133nzaemxo Tablet Galaxy Tab A11 \/ 8.7 Pulgadas \/ Modelo Sm-x133 \/ 8gb Ram \/ 128gb Rom \/ Wi-fi \/ 5 Mp - 8 Mp \/ Android \/ Vel 2.2ghz, 2ghz \/ 1 A\u00f1o De Garantia \/ Color Gris<\/title>\n<meta name=\"description\" content=\"Compra Sm-x133nzaemxo Tablet Galaxy Tab A11 \/ 8.7 Pulgadas \/ Modelo Sm-x133 \/ 8gb Ram \/ 128gb Rom \/ Wi-fi \/ 5 Mp - 8 Mp \/ Android \/ Vel 2.2ghz, 2ghz \/ 1 A\u00f1o De Garantia \/ Color Gris + Env\u00edo a domicilio + Pago seguro + Garant\u00eda\" \/>\n<meta name=\"robots\" content=\"index, follow, max-snippet:-1, max-image-preview:large, max-video-preview:-1\" \/>\n<link rel=\"canonical\" href=\"https:\/\/compuviper.mx\/tienda\/producto\/samsung-sm-x133nzaemxo-tablet-galaxy-tab-a11-8-7-pulgadas-modelo-sm-x133-8gb-ram-128gb-rom-wi-fi-5-mp-8-mp-android-vel-2-2ghz-2ghz-1-ao-de-garantia-color-gris\/\" \/>\n<meta property=\"og:locale\" content=\"es_MX\" \/>\n<meta property=\"og:type\" content=\"article\" \/>\n<meta property=\"og:title\" content=\"[ Samsung ] &#129351; Sm-x133nzaemxo Tablet Galaxy Tab A11 \/ 8.7 Pulgadas \/ Modelo Sm-x133 \/ 8gb Ram \/ 128gb Rom \/ Wi-fi \/ 5 Mp - 8 Mp \/ Android \/ Vel 2.2ghz, 2ghz \/ 1 A\u00f1o De Garantia \/ Color Gris\" \/>\n<meta property=\"og:description\" content=\"Compra Sm-x133nzaemxo Tablet Galaxy Tab A11 \/ 8.7 Pulgadas \/ Modelo Sm-x133 \/ 8gb Ram \/ 128gb Rom \/ Wi-fi \/ 5 Mp - 8 Mp \/ Android \/ Vel 2.2ghz, 2ghz \/ 1 A\u00f1o De Garantia \/ Color Gris + Env\u00edo a domicilio + Pago seguro + Garant\u00eda\" \/>\n<meta property=\"og:url\" content=\"https:\/\/compuviper.mx\/tienda\/producto\/samsung-sm-x133nzaemxo-tablet-galaxy-tab-a11-8-7-pulgadas-modelo-sm-x133-8gb-ram-128gb-rom-wi-fi-5-mp-8-mp-android-vel-2-2ghz-2ghz-1-ao-de-garantia-color-gris\/\" \/>\n<meta property=\"og:site_name\" content=\"Compuviper\" \/>\n<meta property=\"article:publisher\" content=\"https:\/\/www.facebook.com\/compuviper\" \/>\n<meta property=\"article:modified_time\" content=\"2026-04-10T07:14:29+00:00\" \/>\n<meta name=\"twitter:card\" content=\"summary_large_image\" \/>\n<meta name=\"twitter:label1\" content=\"Precio\" \/>\n\t<meta name=\"twitter:data1\" content=\"&#36;3,529 con IVA\" \/>\n\t<meta name=\"twitter:label2\" content=\"Availability\" \/>\n\t<meta name=\"twitter:data2\" content=\"Out of stock\" \/>\n<script type=\"application\/ld+json\" class=\"yoast-schema-graph\">{\"@context\":\"https:\/\/schema.org\",\"@graph\":[{\"@type\":\"WebPage\",\"@id\":\"https:\/\/compuviper.mx\/tienda\/producto\/samsung-sm-x133nzaemxo-tablet-galaxy-tab-a11-8-7-pulgadas-modelo-sm-x133-8gb-ram-128gb-rom-wi-fi-5-mp-8-mp-android-vel-2-2ghz-2ghz-1-ao-de-garantia-color-gris\/\",\"url\":\"https:\/\/compuviper.mx\/tienda\/producto\/samsung-sm-x133nzaemxo-tablet-galaxy-tab-a11-8-7-pulgadas-modelo-sm-x133-8gb-ram-128gb-rom-wi-fi-5-mp-8-mp-android-vel-2-2ghz-2ghz-1-ao-de-garantia-color-gris\/\",\"name\":\"[ Samsung ] &#129351; Sm-x133nzaemxo Tablet Galaxy Tab A11 \/ 8.7 Pulgadas \/ Modelo Sm-x133 \/ 8gb Ram \/ 128gb Rom \/ Wi-fi \/ 5 Mp - 8 Mp \/ Android \/ Vel 2.2ghz, 2ghz \/ 1 A\u00f1o De Garantia \/ Color Gris\",\"isPartOf\":{\"@id\":\"https:\/\/compuviper.mx\/tienda\/#website\"},\"datePublished\":\"2026-04-10T07:14:28+00:00\",\"dateModified\":\"2026-04-10T07:14:29+00:00\",\"description\":\"Compra Sm-x133nzaemxo Tablet Galaxy Tab A11 \/ 8.7 Pulgadas \/ Modelo Sm-x133 \/ 8gb Ram \/ 128gb Rom \/ Wi-fi \/ 5 Mp - 8 Mp \/ Android \/ Vel 2.2ghz, 2ghz \/ 1 A\u00f1o De Garantia \/ Color Gris + Env\u00edo a domicilio + Pago seguro + Garant\u00eda\",\"breadcrumb\":{\"@id\":\"https:\/\/compuviper.mx\/tienda\/producto\/samsung-sm-x133nzaemxo-tablet-galaxy-tab-a11-8-7-pulgadas-modelo-sm-x133-8gb-ram-128gb-rom-wi-fi-5-mp-8-mp-android-vel-2-2ghz-2ghz-1-ao-de-garantia-color-gris\/#breadcrumb\"},\"inLanguage\":\"es-MX\",\"potentialAction\":[{\"@type\":\"ReadAction\",\"target\":[\"https:\/\/compuviper.mx\/tienda\/producto\/samsung-sm-x133nzaemxo-tablet-galaxy-tab-a11-8-7-pulgadas-modelo-sm-x133-8gb-ram-128gb-rom-wi-fi-5-mp-8-mp-android-vel-2-2ghz-2ghz-1-ao-de-garantia-color-gris\/\"]}]},{\"@type\":\"BreadcrumbList\",\"@id\":\"https:\/\/compuviper.mx\/tienda\/producto\/samsung-sm-x133nzaemxo-tablet-galaxy-tab-a11-8-7-pulgadas-modelo-sm-x133-8gb-ram-128gb-rom-wi-fi-5-mp-8-mp-android-vel-2-2ghz-2ghz-1-ao-de-garantia-color-gris\/#breadcrumb\",\"itemListElement\":[{\"@type\":\"ListItem\",\"position\":1,\"name\":\"Inicio\",\"item\":\"https:\/\/compuviper.mx\/tienda\/\"},{\"@type\":\"ListItem\",\"position\":2,\"name\":\"Productos\",\"item\":\"https:\/\/compuviper.mx\/tienda\/productos\/\"},{\"@type\":\"ListItem\",\"position\":3,\"name\":\"Tabletas\",\"item\":\"https:\/\/compuviper.mx\/tienda\/categoria-producto\/tabletas\/\"},{\"@type\":\"ListItem\",\"position\":4,\"name\":\"Sin Categor\u00eda\",\"item\":\"https:\/\/compuviper.mx\/tienda\/categoria-producto\/tabletas\/sin-categoria-tabletas\/\"},{\"@type\":\"ListItem\",\"position\":5,\"name\":\"Samsung Sm-x133nzaemxo Tablet Galaxy Tab A11 \/ 8.7 Pulgadas \/ Modelo Sm-x133 \/ 8gb Ram \/ 128gb Rom \/ Wi-fi \/ 5 Mp &#8211; 8 Mp \/ Android \/ Vel 2.2ghz, 2ghz \/ 1 A?o De Garantia \/ Color Gris\"}]},{\"@type\":\"WebSite\",\"@id\":\"https:\/\/compuviper.mx\/tienda\/#website\",\"url\":\"https:\/\/compuviper.mx\/tienda\/\",\"name\":\"Compuviper\",\"description\":\"Proveedor de Computadoras, Laptops, Servidores, Monitores, Puntos de Venta, Teclados,   Impresoras, T\u00f3ner, C\u00e1maras de Seguridad y m\u00e1s en tu tienda en l\u00ednea\",\"publisher\":{\"@id\":\"https:\/\/compuviper.mx\/tienda\/#organization\"},\"potentialAction\":[{\"@type\":\"SearchAction\",\"target\":{\"@type\":\"EntryPoint\",\"urlTemplate\":\"https:\/\/compuviper.mx\/tienda\/?s={search_term_string}\"},\"query-input\":\"required name=search_term_string\"}],\"inLanguage\":\"es-MX\"},{\"@type\":\"Organization\",\"@id\":\"https:\/\/compuviper.mx\/tienda\/#organization\",\"name\":\"Compuviper\",\"url\":\"https:\/\/compuviper.mx\/tienda\/\",\"logo\":{\"@type\":\"ImageObject\",\"inLanguage\":\"es-MX\",\"@id\":\"https:\/\/compuviper.mx\/tienda\/#\/schema\/logo\/image\/\",\"url\":\"https:\/\/compuviper.mx\/tienda\/wp-content\/uploads\/2021\/08\/Logo-Compuviper-10.png\",\"contentUrl\":\"https:\/\/compuviper.mx\/tienda\/wp-content\/uploads\/2021\/08\/Logo-Compuviper-10.png\",\"width\":1000,\"height\":500,\"caption\":\"Compuviper\"},\"image\":{\"@id\":\"https:\/\/compuviper.mx\/tienda\/#\/schema\/logo\/image\/\"},\"sameAs\":[\"https:\/\/www.facebook.com\/compuviper\",\"https:\/\/www.youtube.com\/channel\/UCf73dERp9Y3cfOq7q8BhLjA?view_as=subscriber\"]}]}<\/script>\n<meta property=\"product:brand\" content=\"SAMSUNG\" \/>\n<meta property=\"product:price:amount\" content=\"3529\" \/>\n<meta property=\"product:price:currency\" content=\"MXN\" \/>\n<meta property=\"og:availability\" content=\"out of stock\" \/>\n<meta property=\"product:availability\" content=\"out of stock\" \/>\n<meta property=\"product:retailer_item_id\" content=\"SM-X133NZAEMXO\" \/>\n<meta property=\"product:condition\" content=\"new\" \/>\n<!-- \/ Yoast SEO plugin. -->","yoast_head_json":{"title":"[ Samsung ] &#129351; Sm-x133nzaemxo Tablet Galaxy Tab A11 \/ 8.7 Pulgadas \/ Modelo Sm-x133 \/ 8gb Ram \/ 128gb Rom \/ Wi-fi \/ 5 Mp - 8 Mp \/ Android \/ Vel 2.2ghz, 2ghz \/ 1 A\u00f1o De Garantia \/ Color Gris","description":"Compra Sm-x133nzaemxo Tablet Galaxy Tab A11 \/ 8.7 Pulgadas \/ Modelo Sm-x133 \/ 8gb Ram \/ 128gb Rom \/ Wi-fi \/ 5 Mp - 8 Mp \/ Android \/ Vel 2.2ghz, 2ghz \/ 1 A\u00f1o De Garantia \/ Color Gris + Env\u00edo a domicilio + Pago seguro + Garant\u00eda","robots":{"index":"index","follow":"follow","max-snippet":"max-snippet:-1","max-image-preview":"max-image-preview:large","max-video-preview":"max-video-preview:-1"},"canonical":"https:\/\/compuviper.mx\/tienda\/producto\/samsung-sm-x133nzaemxo-tablet-galaxy-tab-a11-8-7-pulgadas-modelo-sm-x133-8gb-ram-128gb-rom-wi-fi-5-mp-8-mp-android-vel-2-2ghz-2ghz-1-ao-de-garantia-color-gris\/","og_locale":"es_MX","og_type":"article","og_title":"[ Samsung ] &#129351; Sm-x133nzaemxo Tablet Galaxy Tab A11 \/ 8.7 Pulgadas \/ Modelo Sm-x133 \/ 8gb Ram \/ 128gb Rom \/ Wi-fi \/ 5 Mp - 8 Mp \/ Android \/ Vel 2.2ghz, 2ghz \/ 1 A\u00f1o De Garantia \/ Color Gris","og_description":"Compra Sm-x133nzaemxo Tablet Galaxy Tab A11 \/ 8.7 Pulgadas \/ Modelo Sm-x133 \/ 8gb Ram \/ 128gb Rom \/ Wi-fi \/ 5 Mp - 8 Mp \/ Android \/ Vel 2.2ghz, 2ghz \/ 1 A\u00f1o De Garantia \/ Color Gris + Env\u00edo a domicilio + Pago seguro + Garant\u00eda","og_url":"https:\/\/compuviper.mx\/tienda\/producto\/samsung-sm-x133nzaemxo-tablet-galaxy-tab-a11-8-7-pulgadas-modelo-sm-x133-8gb-ram-128gb-rom-wi-fi-5-mp-8-mp-android-vel-2-2ghz-2ghz-1-ao-de-garantia-color-gris\/","og_site_name":"Compuviper","article_publisher":"https:\/\/www.facebook.com\/compuviper","article_modified_time":"2026-04-10T07:14:29+00:00","twitter_card":"summary_large_image","twitter_misc":{"Precio":"&#36;3,529 con IVA","Availability":"Out of stock"},"schema":{"@context":"https:\/\/schema.org","@graph":[{"@type":"WebPage","@id":"https:\/\/compuviper.mx\/tienda\/producto\/samsung-sm-x133nzaemxo-tablet-galaxy-tab-a11-8-7-pulgadas-modelo-sm-x133-8gb-ram-128gb-rom-wi-fi-5-mp-8-mp-android-vel-2-2ghz-2ghz-1-ao-de-garantia-color-gris\/","url":"https:\/\/compuviper.mx\/tienda\/producto\/samsung-sm-x133nzaemxo-tablet-galaxy-tab-a11-8-7-pulgadas-modelo-sm-x133-8gb-ram-128gb-rom-wi-fi-5-mp-8-mp-android-vel-2-2ghz-2ghz-1-ao-de-garantia-color-gris\/","name":"[ Samsung ] &#129351; Sm-x133nzaemxo Tablet Galaxy Tab A11 \/ 8.7 Pulgadas \/ Modelo Sm-x133 \/ 8gb Ram \/ 128gb Rom \/ Wi-fi \/ 5 Mp - 8 Mp \/ Android \/ Vel 2.2ghz, 2ghz \/ 1 A\u00f1o De Garantia \/ Color Gris","isPartOf":{"@id":"https:\/\/compuviper.mx\/tienda\/#website"},"datePublished":"2026-04-10T07:14:28+00:00","dateModified":"2026-04-10T07:14:29+00:00","description":"Compra Sm-x133nzaemxo Tablet Galaxy Tab A11 \/ 8.7 Pulgadas \/ Modelo Sm-x133 \/ 8gb Ram \/ 128gb Rom \/ Wi-fi \/ 5 Mp - 8 Mp \/ Android \/ Vel 2.2ghz, 2ghz \/ 1 A\u00f1o De Garantia \/ Color Gris + Env\u00edo a domicilio + Pago seguro + Garant\u00eda","breadcrumb":{"@id":"https:\/\/compuviper.mx\/tienda\/producto\/samsung-sm-x133nzaemxo-tablet-galaxy-tab-a11-8-7-pulgadas-modelo-sm-x133-8gb-ram-128gb-rom-wi-fi-5-mp-8-mp-android-vel-2-2ghz-2ghz-1-ao-de-garantia-color-gris\/#breadcrumb"},"inLanguage":"es-MX","potentialAction":[{"@type":"ReadAction","target":["https:\/\/compuviper.mx\/tienda\/producto\/samsung-sm-x133nzaemxo-tablet-galaxy-tab-a11-8-7-pulgadas-modelo-sm-x133-8gb-ram-128gb-rom-wi-fi-5-mp-8-mp-android-vel-2-2ghz-2ghz-1-ao-de-garantia-color-gris\/"]}]},{"@type":"BreadcrumbList","@id":"https:\/\/compuviper.mx\/tienda\/producto\/samsung-sm-x133nzaemxo-tablet-galaxy-tab-a11-8-7-pulgadas-modelo-sm-x133-8gb-ram-128gb-rom-wi-fi-5-mp-8-mp-android-vel-2-2ghz-2ghz-1-ao-de-garantia-color-gris\/#breadcrumb","itemListElement":[{"@type":"ListItem","position":1,"name":"Inicio","item":"https:\/\/compuviper.mx\/tienda\/"},{"@type":"ListItem","position":2,"name":"Productos","item":"https:\/\/compuviper.mx\/tienda\/productos\/"},{"@type":"ListItem","position":3,"name":"Tabletas","item":"https:\/\/compuviper.mx\/tienda\/categoria-producto\/tabletas\/"},{"@type":"ListItem","position":4,"name":"Sin Categor\u00eda","item":"https:\/\/compuviper.mx\/tienda\/categoria-producto\/tabletas\/sin-categoria-tabletas\/"},{"@type":"ListItem","position":5,"name":"Samsung Sm-x133nzaemxo Tablet Galaxy Tab A11 \/ 8.7 Pulgadas \/ Modelo Sm-x133 \/ 8gb Ram \/ 128gb Rom \/ Wi-fi \/ 5 Mp &#8211; 8 Mp \/ Android \/ Vel 2.2ghz, 2ghz \/ 1 A?o De Garantia \/ Color Gris"}]},{"@type":"WebSite","@id":"https:\/\/compuviper.mx\/tienda\/#website","url":"https:\/\/compuviper.mx\/tienda\/","name":"Compuviper","description":"Proveedor de Computadoras, Laptops, Servidores, Monitores, Puntos de Venta, Teclados,   Impresoras, T\u00f3ner, C\u00e1maras de Seguridad y m\u00e1s en tu tienda en l\u00ednea","publisher":{"@id":"https:\/\/compuviper.mx\/tienda\/#organization"},"potentialAction":[{"@type":"SearchAction","target":{"@type":"EntryPoint","urlTemplate":"https:\/\/compuviper.mx\/tienda\/?s={search_term_string}"},"query-input":"required name=search_term_string"}],"inLanguage":"es-MX"},{"@type":"Organization","@id":"https:\/\/compuviper.mx\/tienda\/#organization","name":"Compuviper","url":"https:\/\/compuviper.mx\/tienda\/","logo":{"@type":"ImageObject","inLanguage":"es-MX","@id":"https:\/\/compuviper.mx\/tienda\/#\/schema\/logo\/image\/","url":"https:\/\/compuviper.mx\/tienda\/wp-content\/uploads\/2021\/08\/Logo-Compuviper-10.png","contentUrl":"https:\/\/compuviper.mx\/tienda\/wp-content\/uploads\/2021\/08\/Logo-Compuviper-10.png","width":1000,"height":500,"caption":"Compuviper"},"image":{"@id":"https:\/\/compuviper.mx\/tienda\/#\/schema\/logo\/image\/"},"sameAs":["https:\/\/www.facebook.com\/compuviper","https:\/\/www.youtube.com\/channel\/UCf73dERp9Y3cfOq7q8BhLjA?view_as=subscriber"]}]},"product_brand":"SAMSUNG","product_price_amount":"3529","product_price_currency":"MXN","og_availability":"out of stock","product_availability":"out of stock","product_retailer_item_id":"SM-X133NZAEMXO","product_condition":"new"},"_links":{"self":[{"href":"https:\/\/compuviper.mx\/tienda\/wp-json\/wp\/v2\/product\/263262"}],"collection":[{"href":"https:\/\/compuviper.mx\/tienda\/wp-json\/wp\/v2\/product"}],"about":[{"href":"https:\/\/compuviper.mx\/tienda\/wp-json\/wp\/v2\/types\/product"}],"replies":[{"embeddable":true,"href":"https:\/\/compuviper.mx\/tienda\/wp-json\/wp\/v2\/comments?post=263262"}],"wp:attachment":[{"href":"https:\/\/compuviper.mx\/tienda\/wp-json\/wp\/v2\/media?parent=263262"}],"wp:term":[{"taxonomy":"product_cat","embeddable":true,"href":"https:\/\/compuviper.mx\/tienda\/wp-json\/wp\/v2\/product_cat?post=263262"},{"taxonomy":"product_tag","embeddable":true,"href":"https:\/\/compuviper.mx\/tienda\/wp-json\/wp\/v2\/product_tag?post=263262"}],"curies":[{"name":"wp","href":"https:\/\/api.w.org\/{rel}","templated":true}]}}