{"id":263250,"date":"2026-04-02T00:47:31","date_gmt":"2026-04-02T06:47:31","guid":{"rendered":"https:\/\/compuviper.mx\/tienda\/producto\/benq-9h-lkkla-tba-monitor-gamer-ex3410r-34-3440x1440-panel-va-bocinas-2wx2-5w-woofer-hdmix2-tecnologia-eye-care-3-aos-de-garantia\/"},"modified":"2026-04-02T00:47:31","modified_gmt":"2026-04-02T06:47:31","slug":"benq-9h-lkkla-tba-monitor-gamer-ex3410r-34-3440x1440-panel-va-bocinas-2wx2-5w-woofer-hdmix2-tecnologia-eye-care-3-aos-de-garantia","status":"publish","type":"product","link":"https:\/\/compuviper.mx\/tienda\/producto\/benq-9h-lkkla-tba-monitor-gamer-ex3410r-34-3440x1440-panel-va-bocinas-2wx2-5w-woofer-hdmix2-tecnologia-eye-care-3-aos-de-garantia\/","title":{"rendered":"Benq 9h.lkkla.tba Monitor  Gamer Ex3410r 34 3440&#215;1440 Panel Va Bocinas 2wx2 5w Woofer Hdmix2 Tecnologia Eye Care 3 A?os De Garantia"},"content":{"rendered":"<table class=\"descripcion\">\n<tr>\n<td>Color negro con gris metalizado<\/td>\n<\/tr>\n<tr>\n<td>Tamano de la pantalla 34 curva 1000r<\/td>\n<\/tr>\n<tr>\n<td>Tipo de iluminacion led backlight<\/td>\n<\/tr>\n<tr>\n<td>Tipo de panel va con anti reflejante<\/td>\n<\/tr>\n<tr>\n<td>Formato 21 9 otros seleccionables 1 1 full<\/td>\n<\/tr>\n<tr>\n<td>Resolucion 3440&#215;1440 pixeles<\/td>\n<\/tr>\n<tr>\n<td>Dot pitch 0.233<\/td>\n<\/tr>\n<tr>\n<td>Brillo 350 cd m2 tipics 400 cd m2 hdr<\/td>\n<\/tr>\n<tr>\n<td>Contraste 3000 1<\/td>\n<\/tr>\n<tr>\n<td>Angulo de vision 178 178<\/td>\n<\/tr>\n<tr>\n<td>Tiempo de respuesta 1 ms mprt 2 ms gtg<\/td>\n<\/tr>\n<tr>\n<td>Cantidad de colores 16.7 millones 8 bits<\/td>\n<\/tr>\n<tr>\n<td>Gama de color 90 p3<\/td>\n<\/tr>\n<tr>\n<td>Modo de imagen hdr gamer hdri cinema hdri fps rpg srgb m book epaper estandar<\/td>\n<\/tr>\n<tr>\n<td>Frecuencia de actualizacion display  port 144hz hdmi 120 hz<\/td>\n<\/tr>\n<tr>\n<td>Frecuencia vertical display port 24 144 hz hdmi 24 120 hz<\/td>\n<\/tr>\n<tr>\n<td>Frecuencia horizontal 30khz 226khz<\/td>\n<\/tr>\n<tr>\n<td>Video ancho de banda display port 800mhz hdmi 600mhx<\/td>\n<\/tr>\n<tr>\n<td>Entradas salidas hdmi v2.0x2 display port v1.4 x1 usb tipo b upstream x1 usb 3.0 downstream x2 audifonos in bocinas trevolo 2.1 canales 2wx2 woofer 5w<\/td>\n<\/tr>\n<tr>\n<td>Fuente de poder integrada 100 240v ac<\/td>\n<\/tr>\n<tr>\n<td>Consumo energia en espera 30.3w normal 88w max 0.5w standby<\/td>\n<\/tr>\n<tr>\n<td>Peso 9.85 kg 21.7 lb<\/td>\n<\/tr>\n<tr>\n<td>Dimensiones minimo 431x796x270mm maximo 530.8x796x270mm<\/td>\n<\/tr>\n<tr>\n<td>Idiomas 18 idiomas<\/td>\n<\/tr>\n<tr>\n<td>Caracteristicas especiales<\/td>\n<\/tr>\n<tr>\n<td>Modo hdri fps<\/td>\n<\/tr>\n<tr>\n<td>Amd freesync pro<\/td>\n<\/tr>\n<tr>\n<td>Soporte formatos de video<\/td>\n<\/tr>\n<tr>\n<td>Black equalizer motion blur reduction color vibrance light tuner<\/td>\n<\/tr>\n<tr>\n<td>Tecnologia ama<\/td>\n<\/tr>\n<tr>\n<td>Tecnologia eye care para el cuidado de tus ojos flicker free low blue light brightness intelligence plus color weakness epaper<\/td>\n<\/tr>\n<tr>\n<td>Ajuste de altura 100mm<\/td>\n<\/tr>\n<tr>\n<td>Giro 15 15 inclinacion 5 15<\/td>\n<\/tr>\n<tr>\n<td>Vesa 100&#215;100 mm<\/td>\n<\/tr>\n<tr>\n<td>Compatible con mac y windows<\/td>\n<\/tr>\n<tr>\n<td>Accesorios incluidos cable hdmi v2.0 cable displayport v1.4 cable usb 3.0 cable de poder tarjeta de control remoto garantia guia de inicio rapido<\/td>\n<\/tr>\n<\/table>\n","protected":false},"excerpt":{"rendered":"<p>Orientado para juegos. Mobiuz esta disenado para ayudarte a hacer lo que haces mejor. Disfruta de un mejor control y una mayor eficiencia en la palma de tu mano. La proxima vez que elijas un juego estaras listo para jugar con comodidad y estilo<\/p>\n","protected":false},"featured_media":263251,"comment_status":"open","ping_status":"open","template":"","meta":[],"product_cat":[1741,1740],"product_tag":[1744],"acf":[],"yoast_head":"<!-- This site is optimized with the Yoast SEO plugin v21.7 - https:\/\/yoast.com\/wordpress\/plugins\/seo\/ -->\n<title>[ Benq ] &#129351; 9h.lkkla.tba Monitor Gamer Ex3410r 34 3440x1440 Panel Va Bocinas 2wx2 5w Woofer Hdmix2 Tecnologia Eye Care 3 A\u00f1os De Garantia<\/title>\n<meta name=\"description\" content=\"Compra 9h.lkkla.tba Monitor Gamer Ex3410r 34 3440x1440 Panel Va Bocinas 2wx2 5w Woofer Hdmix2 Tecnologia Eye Care 3 A\u00f1os De Garantia + Env\u00edo a domicilio + Pago seguro + Garant\u00eda\" \/>\n<meta name=\"robots\" content=\"index, follow, max-snippet:-1, max-image-preview:large, max-video-preview:-1\" \/>\n<link rel=\"canonical\" href=\"https:\/\/compuviper.mx\/tienda\/producto\/benq-9h-lkkla-tba-monitor-gamer-ex3410r-34-3440x1440-panel-va-bocinas-2wx2-5w-woofer-hdmix2-tecnologia-eye-care-3-aos-de-garantia\/\" \/>\n<meta property=\"og:locale\" content=\"es_MX\" \/>\n<meta property=\"og:type\" content=\"article\" \/>\n<meta property=\"og:title\" content=\"[ Benq ] &#129351; 9h.lkkla.tba Monitor Gamer Ex3410r 34 3440x1440 Panel Va Bocinas 2wx2 5w Woofer Hdmix2 Tecnologia Eye Care 3 A\u00f1os De Garantia\" \/>\n<meta property=\"og:description\" content=\"Compra 9h.lkkla.tba Monitor Gamer Ex3410r 34 3440x1440 Panel Va Bocinas 2wx2 5w Woofer Hdmix2 Tecnologia Eye Care 3 A\u00f1os De Garantia + Env\u00edo a domicilio + Pago seguro + Garant\u00eda\" \/>\n<meta property=\"og:url\" content=\"https:\/\/compuviper.mx\/tienda\/producto\/benq-9h-lkkla-tba-monitor-gamer-ex3410r-34-3440x1440-panel-va-bocinas-2wx2-5w-woofer-hdmix2-tecnologia-eye-care-3-aos-de-garantia\/\" \/>\n<meta property=\"og:site_name\" content=\"Compuviper\" \/>\n<meta property=\"article:publisher\" content=\"https:\/\/www.facebook.com\/compuviper\" \/>\n<meta property=\"og:image\" content=\"https:\/\/compuviper.mx\/tienda\/wp-content\/uploads\/2025\/11\/Monitor-benq-gamer-ex3410r-34-3440x1440-panel-va-bocinas-2wx2-5w-woofer-hdmix2-tecnologia-eye-care-3-anos-de-garantia.jpg\" \/>\n\t<meta property=\"og:image:width\" content=\"200\" \/>\n\t<meta property=\"og:image:height\" content=\"200\" \/>\n\t<meta property=\"og:image:type\" content=\"image\/jpeg\" \/>\n<meta name=\"twitter:card\" content=\"summary_large_image\" \/>\n<meta name=\"twitter:label1\" content=\"Precio\" \/>\n\t<meta name=\"twitter:data1\" content=\"&#36;12,033 con IVA\" \/>\n\t<meta name=\"twitter:label2\" content=\"Availability\" \/>\n\t<meta name=\"twitter:data2\" content=\"Out of stock\" \/>\n<script type=\"application\/ld+json\" class=\"yoast-schema-graph\">{\"@context\":\"https:\/\/schema.org\",\"@graph\":[{\"@type\":\"WebPage\",\"@id\":\"https:\/\/compuviper.mx\/tienda\/producto\/benq-9h-lkkla-tba-monitor-gamer-ex3410r-34-3440x1440-panel-va-bocinas-2wx2-5w-woofer-hdmix2-tecnologia-eye-care-3-aos-de-garantia\/\",\"url\":\"https:\/\/compuviper.mx\/tienda\/producto\/benq-9h-lkkla-tba-monitor-gamer-ex3410r-34-3440x1440-panel-va-bocinas-2wx2-5w-woofer-hdmix2-tecnologia-eye-care-3-aos-de-garantia\/\",\"name\":\"[ Benq ] &#129351; 9h.lkkla.tba Monitor Gamer Ex3410r 34 3440x1440 Panel Va Bocinas 2wx2 5w Woofer Hdmix2 Tecnologia Eye Care 3 A\u00f1os De Garantia\",\"isPartOf\":{\"@id\":\"https:\/\/compuviper.mx\/tienda\/#website\"},\"datePublished\":\"2026-04-02T06:47:31+00:00\",\"dateModified\":\"2026-04-02T06:47:31+00:00\",\"description\":\"Compra 9h.lkkla.tba Monitor Gamer Ex3410r 34 3440x1440 Panel Va Bocinas 2wx2 5w Woofer Hdmix2 Tecnologia Eye Care 3 A\u00f1os De Garantia + Env\u00edo a domicilio + Pago seguro + Garant\u00eda\",\"breadcrumb\":{\"@id\":\"https:\/\/compuviper.mx\/tienda\/producto\/benq-9h-lkkla-tba-monitor-gamer-ex3410r-34-3440x1440-panel-va-bocinas-2wx2-5w-woofer-hdmix2-tecnologia-eye-care-3-aos-de-garantia\/#breadcrumb\"},\"inLanguage\":\"es-MX\",\"potentialAction\":[{\"@type\":\"ReadAction\",\"target\":[\"https:\/\/compuviper.mx\/tienda\/producto\/benq-9h-lkkla-tba-monitor-gamer-ex3410r-34-3440x1440-panel-va-bocinas-2wx2-5w-woofer-hdmix2-tecnologia-eye-care-3-aos-de-garantia\/\"]}]},{\"@type\":\"BreadcrumbList\",\"@id\":\"https:\/\/compuviper.mx\/tienda\/producto\/benq-9h-lkkla-tba-monitor-gamer-ex3410r-34-3440x1440-panel-va-bocinas-2wx2-5w-woofer-hdmix2-tecnologia-eye-care-3-aos-de-garantia\/#breadcrumb\",\"itemListElement\":[{\"@type\":\"ListItem\",\"position\":1,\"name\":\"Inicio\",\"item\":\"https:\/\/compuviper.mx\/tienda\/\"},{\"@type\":\"ListItem\",\"position\":2,\"name\":\"Productos\",\"item\":\"https:\/\/compuviper.mx\/tienda\/productos\/\"},{\"@type\":\"ListItem\",\"position\":3,\"name\":\"Monitores\",\"item\":\"https:\/\/compuviper.mx\/tienda\/categoria-producto\/monitores\/\"},{\"@type\":\"ListItem\",\"position\":4,\"name\":\"Led\",\"item\":\"https:\/\/compuviper.mx\/tienda\/categoria-producto\/monitores\/led\/\"},{\"@type\":\"ListItem\",\"position\":5,\"name\":\"Benq 9h.lkkla.tba Monitor Gamer Ex3410r 34 3440&#215;1440 Panel Va Bocinas 2wx2 5w Woofer Hdmix2 Tecnologia Eye Care 3 A?os De Garantia\"}]},{\"@type\":\"WebSite\",\"@id\":\"https:\/\/compuviper.mx\/tienda\/#website\",\"url\":\"https:\/\/compuviper.mx\/tienda\/\",\"name\":\"Compuviper\",\"description\":\"Proveedor de Computadoras, Laptops, Servidores, Monitores, Puntos de Venta, Teclados,   Impresoras, T\u00f3ner, C\u00e1maras de Seguridad y m\u00e1s en tu tienda en l\u00ednea\",\"publisher\":{\"@id\":\"https:\/\/compuviper.mx\/tienda\/#organization\"},\"potentialAction\":[{\"@type\":\"SearchAction\",\"target\":{\"@type\":\"EntryPoint\",\"urlTemplate\":\"https:\/\/compuviper.mx\/tienda\/?s={search_term_string}\"},\"query-input\":\"required name=search_term_string\"}],\"inLanguage\":\"es-MX\"},{\"@type\":\"Organization\",\"@id\":\"https:\/\/compuviper.mx\/tienda\/#organization\",\"name\":\"Compuviper\",\"url\":\"https:\/\/compuviper.mx\/tienda\/\",\"logo\":{\"@type\":\"ImageObject\",\"inLanguage\":\"es-MX\",\"@id\":\"https:\/\/compuviper.mx\/tienda\/#\/schema\/logo\/image\/\",\"url\":\"https:\/\/compuviper.mx\/tienda\/wp-content\/uploads\/2021\/08\/Logo-Compuviper-10.png\",\"contentUrl\":\"https:\/\/compuviper.mx\/tienda\/wp-content\/uploads\/2021\/08\/Logo-Compuviper-10.png\",\"width\":1000,\"height\":500,\"caption\":\"Compuviper\"},\"image\":{\"@id\":\"https:\/\/compuviper.mx\/tienda\/#\/schema\/logo\/image\/\"},\"sameAs\":[\"https:\/\/www.facebook.com\/compuviper\",\"https:\/\/www.youtube.com\/channel\/UCf73dERp9Y3cfOq7q8BhLjA?view_as=subscriber\"]}]}<\/script>\n<meta property=\"product:brand\" content=\"BENQ\" \/>\n<meta property=\"product:price:amount\" content=\"12033\" \/>\n<meta property=\"product:price:currency\" content=\"MXN\" \/>\n<meta property=\"og:availability\" content=\"out of stock\" \/>\n<meta property=\"product:availability\" content=\"out of stock\" \/>\n<meta property=\"product:retailer_item_id\" content=\"9H.LKKLA.TBA\" \/>\n<meta property=\"product:condition\" content=\"new\" \/>\n<!-- \/ Yoast SEO plugin. -->","yoast_head_json":{"title":"[ Benq ] &#129351; 9h.lkkla.tba Monitor Gamer Ex3410r 34 3440x1440 Panel Va Bocinas 2wx2 5w Woofer Hdmix2 Tecnologia Eye Care 3 A\u00f1os De Garantia","description":"Compra 9h.lkkla.tba Monitor Gamer Ex3410r 34 3440x1440 Panel Va Bocinas 2wx2 5w Woofer Hdmix2 Tecnologia Eye Care 3 A\u00f1os De Garantia + Env\u00edo a domicilio + Pago seguro + Garant\u00eda","robots":{"index":"index","follow":"follow","max-snippet":"max-snippet:-1","max-image-preview":"max-image-preview:large","max-video-preview":"max-video-preview:-1"},"canonical":"https:\/\/compuviper.mx\/tienda\/producto\/benq-9h-lkkla-tba-monitor-gamer-ex3410r-34-3440x1440-panel-va-bocinas-2wx2-5w-woofer-hdmix2-tecnologia-eye-care-3-aos-de-garantia\/","og_locale":"es_MX","og_type":"article","og_title":"[ Benq ] &#129351; 9h.lkkla.tba Monitor Gamer Ex3410r 34 3440x1440 Panel Va Bocinas 2wx2 5w Woofer Hdmix2 Tecnologia Eye Care 3 A\u00f1os De Garantia","og_description":"Compra 9h.lkkla.tba Monitor Gamer Ex3410r 34 3440x1440 Panel Va Bocinas 2wx2 5w Woofer Hdmix2 Tecnologia Eye Care 3 A\u00f1os De Garantia + Env\u00edo a domicilio + Pago seguro + Garant\u00eda","og_url":"https:\/\/compuviper.mx\/tienda\/producto\/benq-9h-lkkla-tba-monitor-gamer-ex3410r-34-3440x1440-panel-va-bocinas-2wx2-5w-woofer-hdmix2-tecnologia-eye-care-3-aos-de-garantia\/","og_site_name":"Compuviper","article_publisher":"https:\/\/www.facebook.com\/compuviper","og_image":[{"width":200,"height":200,"url":"https:\/\/compuviper.mx\/tienda\/wp-content\/uploads\/2025\/11\/Monitor-benq-gamer-ex3410r-34-3440x1440-panel-va-bocinas-2wx2-5w-woofer-hdmix2-tecnologia-eye-care-3-anos-de-garantia.jpg","type":"image\/jpeg"}],"twitter_card":"summary_large_image","twitter_misc":{"Precio":"&#36;12,033 con IVA","Availability":"Out of stock"},"schema":{"@context":"https:\/\/schema.org","@graph":[{"@type":"WebPage","@id":"https:\/\/compuviper.mx\/tienda\/producto\/benq-9h-lkkla-tba-monitor-gamer-ex3410r-34-3440x1440-panel-va-bocinas-2wx2-5w-woofer-hdmix2-tecnologia-eye-care-3-aos-de-garantia\/","url":"https:\/\/compuviper.mx\/tienda\/producto\/benq-9h-lkkla-tba-monitor-gamer-ex3410r-34-3440x1440-panel-va-bocinas-2wx2-5w-woofer-hdmix2-tecnologia-eye-care-3-aos-de-garantia\/","name":"[ Benq ] &#129351; 9h.lkkla.tba Monitor Gamer Ex3410r 34 3440x1440 Panel Va Bocinas 2wx2 5w Woofer Hdmix2 Tecnologia Eye Care 3 A\u00f1os De Garantia","isPartOf":{"@id":"https:\/\/compuviper.mx\/tienda\/#website"},"datePublished":"2026-04-02T06:47:31+00:00","dateModified":"2026-04-02T06:47:31+00:00","description":"Compra 9h.lkkla.tba Monitor Gamer Ex3410r 34 3440x1440 Panel Va Bocinas 2wx2 5w Woofer Hdmix2 Tecnologia Eye Care 3 A\u00f1os De Garantia + Env\u00edo a domicilio + Pago seguro + Garant\u00eda","breadcrumb":{"@id":"https:\/\/compuviper.mx\/tienda\/producto\/benq-9h-lkkla-tba-monitor-gamer-ex3410r-34-3440x1440-panel-va-bocinas-2wx2-5w-woofer-hdmix2-tecnologia-eye-care-3-aos-de-garantia\/#breadcrumb"},"inLanguage":"es-MX","potentialAction":[{"@type":"ReadAction","target":["https:\/\/compuviper.mx\/tienda\/producto\/benq-9h-lkkla-tba-monitor-gamer-ex3410r-34-3440x1440-panel-va-bocinas-2wx2-5w-woofer-hdmix2-tecnologia-eye-care-3-aos-de-garantia\/"]}]},{"@type":"BreadcrumbList","@id":"https:\/\/compuviper.mx\/tienda\/producto\/benq-9h-lkkla-tba-monitor-gamer-ex3410r-34-3440x1440-panel-va-bocinas-2wx2-5w-woofer-hdmix2-tecnologia-eye-care-3-aos-de-garantia\/#breadcrumb","itemListElement":[{"@type":"ListItem","position":1,"name":"Inicio","item":"https:\/\/compuviper.mx\/tienda\/"},{"@type":"ListItem","position":2,"name":"Productos","item":"https:\/\/compuviper.mx\/tienda\/productos\/"},{"@type":"ListItem","position":3,"name":"Monitores","item":"https:\/\/compuviper.mx\/tienda\/categoria-producto\/monitores\/"},{"@type":"ListItem","position":4,"name":"Led","item":"https:\/\/compuviper.mx\/tienda\/categoria-producto\/monitores\/led\/"},{"@type":"ListItem","position":5,"name":"Benq 9h.lkkla.tba Monitor Gamer Ex3410r 34 3440&#215;1440 Panel Va Bocinas 2wx2 5w Woofer Hdmix2 Tecnologia Eye Care 3 A?os De Garantia"}]},{"@type":"WebSite","@id":"https:\/\/compuviper.mx\/tienda\/#website","url":"https:\/\/compuviper.mx\/tienda\/","name":"Compuviper","description":"Proveedor de Computadoras, Laptops, Servidores, Monitores, Puntos de Venta, Teclados,   Impresoras, T\u00f3ner, C\u00e1maras de Seguridad y m\u00e1s en tu tienda en l\u00ednea","publisher":{"@id":"https:\/\/compuviper.mx\/tienda\/#organization"},"potentialAction":[{"@type":"SearchAction","target":{"@type":"EntryPoint","urlTemplate":"https:\/\/compuviper.mx\/tienda\/?s={search_term_string}"},"query-input":"required name=search_term_string"}],"inLanguage":"es-MX"},{"@type":"Organization","@id":"https:\/\/compuviper.mx\/tienda\/#organization","name":"Compuviper","url":"https:\/\/compuviper.mx\/tienda\/","logo":{"@type":"ImageObject","inLanguage":"es-MX","@id":"https:\/\/compuviper.mx\/tienda\/#\/schema\/logo\/image\/","url":"https:\/\/compuviper.mx\/tienda\/wp-content\/uploads\/2021\/08\/Logo-Compuviper-10.png","contentUrl":"https:\/\/compuviper.mx\/tienda\/wp-content\/uploads\/2021\/08\/Logo-Compuviper-10.png","width":1000,"height":500,"caption":"Compuviper"},"image":{"@id":"https:\/\/compuviper.mx\/tienda\/#\/schema\/logo\/image\/"},"sameAs":["https:\/\/www.facebook.com\/compuviper","https:\/\/www.youtube.com\/channel\/UCf73dERp9Y3cfOq7q8BhLjA?view_as=subscriber"]}]},"product_brand":"BENQ","product_price_amount":"12033","product_price_currency":"MXN","og_availability":"out of stock","product_availability":"out of stock","product_retailer_item_id":"9H.LKKLA.TBA","product_condition":"new"},"_links":{"self":[{"href":"https:\/\/compuviper.mx\/tienda\/wp-json\/wp\/v2\/product\/263250"}],"collection":[{"href":"https:\/\/compuviper.mx\/tienda\/wp-json\/wp\/v2\/product"}],"about":[{"href":"https:\/\/compuviper.mx\/tienda\/wp-json\/wp\/v2\/types\/product"}],"replies":[{"embeddable":true,"href":"https:\/\/compuviper.mx\/tienda\/wp-json\/wp\/v2\/comments?post=263250"}],"wp:featuredmedia":[{"embeddable":true,"href":"https:\/\/compuviper.mx\/tienda\/wp-json\/wp\/v2\/media\/263251"}],"wp:attachment":[{"href":"https:\/\/compuviper.mx\/tienda\/wp-json\/wp\/v2\/media?parent=263250"}],"wp:term":[{"taxonomy":"product_cat","embeddable":true,"href":"https:\/\/compuviper.mx\/tienda\/wp-json\/wp\/v2\/product_cat?post=263250"},{"taxonomy":"product_tag","embeddable":true,"href":"https:\/\/compuviper.mx\/tienda\/wp-json\/wp\/v2\/product_tag?post=263250"}],"curies":[{"name":"wp","href":"https:\/\/api.w.org\/{rel}","templated":true}]}}