{"id":263245,"date":"2026-04-25T00:40:16","date_gmt":"2026-04-25T06:40:16","guid":{"rendered":"https:\/\/compuviper.mx\/tienda\/producto\/gigabyte-b550m-ds3h-ac-mb-amd-s-am4-5a-gen-4x-ddr4-2666-dp-hdmi-m-2-6x-usb-3-2-usb-c-wifi-bluetooth-micro-atx-gama-media-gamer\/"},"modified":"2026-04-26T00:00:19","modified_gmt":"2026-04-26T06:00:19","slug":"gigabyte-b550m-ds3h-ac-mb-amd-s-am4-5a-gen-4x-ddr4-2666-dp-hdmi-m-2-6x-usb-3-2-usb-c-wifi-bluetooth-micro-atx-gama-media-gamer","status":"publish","type":"product","link":"https:\/\/compuviper.mx\/tienda\/producto\/gigabyte-b550m-ds3h-ac-mb-amd-s-am4-5a-gen-4x-ddr4-2666-dp-hdmi-m-2-6x-usb-3-2-usb-c-wifi-bluetooth-micro-atx-gama-media-gamer\/","title":{"rendered":"Gigabyte B550m Ds3h Ac Mb  Amd  S-am4 5a Gen\/4x Ddr4 2666\/dp\/hdmi\/m.2\/6x Usb 3.2\/usb-c\/wifi\/bluetooth\/micro Atx\/gama Media\/gamer"},"content":{"rendered":"<table class=\"descripcion\">\n<tr>\n<td>Procesador<\/td>\n<\/tr>\n<tr>\n<td>Amd socket am4, compatible con: procesadores amd ryzen\u0099 5000 series\/ ryzen\u0099 5000 g-series\/ ryzen\u0099 4000 g-series y ryzen\u0099 3000 series<\/td>\n<\/tr>\n<tr>\n<td>(consulte la lista de soporte de cpu para obtener m\u00e1s informaci\u00f3n).<\/td>\n<\/tr>\n<tr>\n<td>Conjunto de chips<\/td>\n<\/tr>\n<tr>\n<td>Amd b550<\/td>\n<\/tr>\n<tr>\n<td>Memoria<\/td>\n<\/tr>\n<tr>\n<td>4 z\u00f3calos dimm ddr4 que admiten hasta 128 gb (32 gb de capacidad dimm individual) de memoria del sistema<\/td>\n<\/tr>\n<tr>\n<td>Compatible con ddr4 4733(oc) \/ 4600(oc) \/ 4400(oc) \/ 4266(oc) \/ 4133(oc) \/ 4000(oc) \/ 3866(oc) \/ 3733(oc) \/ 3600(oc) \/ 3466( oc) \/ 3400(oc) \/ 3200 \/ 2933 \/ 2667 \/ 2400 \/ 2133 mhz m\u00f3dulos de memoria<\/td>\n<\/tr>\n<tr>\n<td>Arquitectura de memoria de doble canal<\/td>\n<\/tr>\n<tr>\n<td>Compatibilidad con m\u00f3dulos de memoria dimm 1rx8\/2rx8 sin b\u00fafer ecc*<\/td>\n<\/tr>\n<tr>\n<td>* la compatibilidad con la memoria ecc (modo ecc) var\u00eda seg\u00fan la cpu<\/td>\n<\/tr>\n<tr>\n<td>Compatibilidad con m\u00f3dulos de memoria dimm 1rx8\/2rx8\/1rx16 sin b\u00fafer sin ecc<\/td>\n<\/tr>\n<tr>\n<td>Compatibilidad con m\u00f3dulos de memoria extreme memory profile (xmp)<\/td>\n<\/tr>\n<tr>\n<td>(consulte la lista de soporte de memoria para obtener m\u00e1s informaci\u00f3n).<\/td>\n<\/tr>\n<tr>\n<td>Gr\u00e1ficos integrados<\/td>\n<\/tr>\n<tr>\n<td>Procesador de gr\u00e1ficos integrado:<\/td>\n<\/tr>\n<tr>\n<td>1 puerto dvi-d, compatible con una resoluci\u00f3n m\u00e1xima de 1920&#215;1200 a 60 hz<\/td>\n<\/tr>\n<tr>\n<td>* el puerto dvi-d no es compatible con la conexi\u00f3n d-sub por adaptador.<\/td>\n<\/tr>\n<tr>\n<td>1 puerto hdmi, que admite una resoluci\u00f3n m\u00e1xima de 4096&#215;2160 a 60 hz<\/td>\n<\/tr>\n<tr>\n<td>* compatibilidad con la versi\u00f3n hdmi 2.1, hdcp 2.3 y hdr.<\/td>\n<\/tr>\n<tr>\n<td>Memoria compartida m\u00e1xima de 16 gb<\/td>\n<\/tr>\n<tr>\n<td>Audio<\/td>\n<\/tr>\n<tr>\n<td>C\u00f3dec de audio realtek\u00ae<\/td>\n<\/tr>\n<tr>\n<td>Audio de alta definici\u00f3n<\/td>\n<\/tr>\n<tr>\n<td>2\/4\/5.1\/7.1 canales<\/td>\n<\/tr>\n<tr>\n<td>* para configurar el audio de 7.1 canales, primero debe abrir el software de audio y seleccionar configuraci\u00f3n avanzada del dispositivo   dispositivo de reproducci\u00f3n para cambiar la configuraci\u00f3n predeterminada. visite el sitio web de gigabyte para obtener detalles sobre la configuraci\u00f3n del software de audio.<\/td>\n<\/tr>\n<tr>\n<td>Lan<\/td>\n<\/tr>\n<tr>\n<td>Chip lan realtek\u00ae gbe ( 10\/100\/1000 mbit)<\/td>\n<\/tr>\n<tr>\n<td>M\u00f3dulo de comunicaci\u00f3n inal\u00e1mbrica<\/td>\n<\/tr>\n<tr>\n<td>Intel\u00ae wifi ac 3168<\/td>\n<\/tr>\n<tr>\n<td>Wifi 802.11a\/b\/g\/n\/ac, compatible con banda dual de 2,4\/5 ghz<\/td>\n<\/tr>\n<tr>\n<td>Bluetooth 4.2<\/td>\n<\/tr>\n<tr>\n<td>Compatibilidad con el est\u00e1ndar inal\u00e1mbrico 11ac y una velocidad de datos de hasta 433 mbps<\/td>\n<\/tr>\n<tr>\n<td>* la velocidad de datos real puede variar seg\u00fan el entorno y el equipo.<\/td>\n<\/tr>\n<tr>\n<td>Puertos de expansion<\/td>\n<\/tr>\n<tr>\n<td>1 x ranura pci express x16 (pciex16), integrada en la cpu:<\/td>\n<\/tr>\n<tr>\n<td>Los procesadores amd ryzen\u0099 5000 series y ryzen\u0099 3000 series admiten el modo pcie 4.0 x16<\/td>\n<\/tr>\n<tr>\n<td>Los procesadores amd ryzen\u0099 ryzen\u0099 5000 g-series y ryzen\u0099 4000 g-series son compatibles con el modo pcie 3.0 x16<\/td>\n<\/tr>\n<tr>\n<td>* para un rendimiento \u00f3ptimo, si solo va a instalar una tarjeta gr\u00e1fica pci express, aseg\u00farese de instalarla en la ranura pciex16.<\/td>\n<\/tr>\n<tr>\n<td>1 x ranura pci express x16 (pciex4), integrada en el chipset:<\/td>\n<\/tr>\n<tr>\n<td>Compatible con el modo pcie 3.0 x4<\/td>\n<\/tr>\n<tr>\n<td>1 x ranura pci express x1 (pciex1), integrada en el chipset:<\/td>\n<\/tr>\n<tr>\n<td>Compatible con el modo pcie 3.0 x1<\/td>\n<\/tr>\n<tr>\n<td>Interfaz de almacenamiento<\/td>\n<\/tr>\n<tr>\n<td>1 x conector m.2 (m2a_cpu), integrado en la cpu, compatible con socket 3, clave m, tipo 2242\/2260\/2280\/22110 ssd:<\/td>\n<\/tr>\n<tr>\n<td>Los procesadores amd ryzen\u0099 5000 series y ryzen\u0099 3000 series admiten ssd sata y pcie 4.0 x4\/x2<\/td>\n<\/tr>\n<tr>\n<td>Los procesadores amd ryzen\u0099 ryzen\u0099 5000 g-series y ryzen\u0099 4000 g-series admiten ssd sata y pcie 3.0 x4\/x2<\/td>\n<\/tr>\n<tr>\n<td>1 x conector m.2 (m2b_sb), integrado en el chipset, compatible con socket 3, clave m, tipo 2242\/2260\/2280 ssd:<\/td>\n<\/tr>\n<tr>\n<td>Compatibilidad con ssd sata y pcie 3.0 x2<\/td>\n<\/tr>\n<tr>\n<td>4 x conectores sata 6gb\/s, integrados en el chipset:<\/td>\n<\/tr>\n<tr>\n<td>Compatibilidad con raid 0, raid 1 y raid 10<\/td>\n<\/tr>\n<tr>\n<td>Usb<\/td>\n<\/tr>\n<tr>\n<td>Upc:<\/td>\n<\/tr>\n<tr>\n<td>4 puertos usb 3.2 gen 1 en el panel posterior<\/td>\n<\/tr>\n<tr>\n<td>Conjunto de chips:<\/td>\n<\/tr>\n<tr>\n<td>2 x puertos usb 3.2 gen 1 disponibles a trav\u00e9s del cabezal usb interno<\/td>\n<\/tr>\n<tr>\n<td>6 puertos usb 2.0\/1.1 (4 puertos en el panel posterior, 2 puertos disponibles a trav\u00e9s del cabezal usb interno)<\/td>\n<\/tr>\n<tr>\n<td>Conectores internos de e\/s<\/td>\n<\/tr>\n<tr>\n<td>1 conector de alimentaci\u00f3n principal atx de 24 pines<\/td>\n<\/tr>\n<tr>\n<td>1 conector de alimentaci\u00f3n atx 12v de 8 pines<\/td>\n<\/tr>\n<tr>\n<td>1 cabezal de ventilador de cpu.<\/td>\n<\/tr>\n<tr>\n<td>2 cabezales de ventilador del sistema<\/td>\n<\/tr>\n<tr>\n<td>2 cabezales de tira de led direccionables<\/td>\n<\/tr>\n<tr>\n<td>2 encabezados de tira de led rgb<\/td>\n<\/tr>\n<tr>\n<td>1 tira de led para enfriador de cpu\/cabezal de tira de led rgb<\/td>\n<\/tr>\n<tr>\n<td>2 conectores m.2 socket 3<\/td>\n<\/tr>\n<tr>\n<td>4 conectores sata 6gb\/s<\/td>\n<\/tr>\n<tr>\n<td>1 encabezado del panel frontal<\/td>\n<\/tr>\n<tr>\n<td>1 encabezado de audio del panel frontal<\/td>\n<\/tr>\n<tr>\n<td>1 cabezal usb 3.2 gen 1<\/td>\n<\/tr>\n<tr>\n<td>1 cabezal usb 2.0\/1.1<\/td>\n<\/tr>\n<tr>\n<td>1 cabezal de m\u00f3dulo de plataforma segura (tpm) (2&#215;6 pines, solo para el m\u00f3dulo gc-tpm2.0_s)<\/td>\n<\/tr>\n<tr>\n<td>1 encabezado de puerto serie<\/td>\n<\/tr>\n<tr>\n<td>1 puente cmos transparente<\/td>\n<\/tr>\n<tr>\n<td>1 bot\u00f3n q-flash plus<\/td>\n<\/tr>\n<tr>\n<td> and #65290;todos los cabezales de ventiladores son compatibles con aio_pump, pump y ventiladores de alto rendimiento con la capacidad de entregar hasta 2a\/12v a 24w.<\/td>\n<\/tr>\n<tr>\n<td>Conectores del panel trasero<\/td>\n<\/tr>\n<tr>\n<td>1 puerto para teclado\/rat\u00f3n ps\/2<\/td>\n<\/tr>\n<tr>\n<td>1 puerto dvi-d<\/td>\n<\/tr>\n<tr>\n<td>2 conectores de antena sma (1t1r)<\/td>\n<\/tr>\n<tr>\n<td>1 puerto hdmi<\/td>\n<\/tr>\n<tr>\n<td>4 puertos usb 3.2 gen 1<\/td>\n<\/tr>\n<tr>\n<td>4 puertos usb 2.0\/1.1<\/td>\n<\/tr>\n<tr>\n<td>1 puerto rj-45<\/td>\n<\/tr>\n<tr>\n<td>3 conectores de audio<\/td>\n<\/tr>\n<tr>\n<td>Controlador de e\/s<\/td>\n<\/tr>\n<tr>\n<td>Chip controlador de e\/ s ite\u00ae<\/td>\n<\/tr>\n<tr>\n<td>Monitorizacion h\/w<\/td>\n<\/tr>\n<tr>\n<td>Detecci\u00f3n de voltaje<\/td>\n<\/tr>\n<tr>\n<td>Detecci\u00f3n de temperatura<\/td>\n<\/tr>\n<tr>\n<td>Detecci\u00f3n de velocidad del ventilador<\/td>\n<\/tr>\n<tr>\n<td>Advertencia de sobrecalentamiento<\/td>\n<\/tr>\n<tr>\n<td>Advertencia de falla del ventilador<\/td>\n<\/tr>\n<tr>\n<td>Control de velocidad del ventilador<\/td>\n<\/tr>\n<tr>\n<td>* la compatibilidad con la funci\u00f3n de control de velocidad del ventilador depender\u00e1 del enfriador que instale.<\/td>\n<\/tr>\n<tr>\n<td>Bios<\/td>\n<\/tr>\n<tr>\n<td>1 flash de 256 mbit<\/td>\n<\/tr>\n<tr>\n<td>Uso de bios ami uefi con licencia<\/td>\n<\/tr>\n<tr>\n<td>Pnp 1.0a, dmi 2.7, wfm 2.0, sm bios 2.7, acpi 5.0<\/td>\n<\/tr>\n<tr>\n<td>Caracter\u00edsticas \u00fanicas<\/td>\n<\/tr>\n<tr>\n<td>Compatibilidad con app center<\/td>\n<\/tr>\n<tr>\n<td>* las aplicaciones disponibles en app center pueden variar seg\u00fan el modelo de placa base. las funciones admitidas de cada aplicaci\u00f3n tambi\u00e9n pueden variar seg\u00fan las especificaciones de la placa base.<\/td>\n<\/tr>\n<tr>\n<td>@bios<\/td>\n<\/tr>\n<tr>\n<td>Easytune<\/td>\n<\/tr>\n<tr>\n<td>Encendido\/apagado carga<\/td>\n<\/tr>\n<tr>\n<td>Rgb fusion visor de informaci\u00f3n del sistema<\/td>\n<\/tr>\n<tr>\n<td>De copia de seguridad inteligente<\/td>\n<\/tr>\n<tr>\n<td>Soporte para q-flash plus<\/td>\n<\/tr>\n<tr>\n<td>Soporte para q-flash<\/td>\n<\/tr>\n<tr>\n<td>Soporte para instalaci\u00f3n xpress<\/td>\n<\/tr>\n<tr>\n<td>Software incluido<\/td>\n<\/tr>\n<tr>\n<td>Norton\u00ae internet security ( versi\u00f3n oem)<\/td>\n<\/tr>\n<tr>\n<td>Software de gesti\u00f3n de ancho de banda lan<\/td>\n<\/tr>\n<tr>\n<td>Sistema operativo<\/td>\n<\/tr>\n<tr>\n<td>Compatibilidad con windows 11 de 64 bits<\/td>\n<\/tr>\n<tr>\n<td>Compatibilidad con windows 10 de 64 bits<\/td>\n<\/tr>\n<tr>\n<td>Dise\u00f1o<\/td>\n<\/tr>\n<tr>\n<td>Factor de forma micro atx; 24,4 cm \u00d7 24,4 cm<\/td>\n<\/tr>\n<tr>\n<td>Otras descripciones<\/td>\n<\/tr>\n<tr>\n<td>Debido a las diferentes condiciones de soporte de linux proporcionadas por los proveedores de conjuntos de chips, descargue el controlador de linux del sitio web de los proveedores de conjuntos de chips o del sitio web de terceros.<\/td>\n<\/tr>\n<tr>\n<td>Es posible que la mayor\u00eda de los proveedores de hardware\/software ya no ofrezcan controladores compatibles con win9x\/me\/2000\/xp. si hay controladores disponibles de los proveedores, los actualizaremos en el sitio web de gigabyte.<\/td>\n<\/tr>\n<\/table>\n","protected":false},"excerpt":{"rendered":"<p>Tecnolog\u00eda amd storemi. Las placas base gigabyte b550 maximizan el potencial de su pc con la tecnolog\u00eda amd storemi. Storemi acelera los dispositivos de almacenamiento tradicionales para reducir los tiempos de arranque y mejorar la experiencia general del usuario. Esta utilidad f\u00e1cil de usar combina la velocidad de los ssd con la alta capacidad de los hdd en una sola unidad, mejora las velocidades de lectura\/escritura del dispositivo para igualar las de los ssd, refuerza el rendimiento de datos por un valor incre\u00edble y transforma la pc de todos los d\u00edas. A un sistema impulsado por el rendimiento. Los beneficios de amd storemi. \u0095 hacer que la experiencia con la pc sea r\u00e1pida, fluida y f\u00e1cil. \u0095 optimizar la capacidad de respuesta de la computadora desde el inicio del sistema hasta el inicio de la aplicaci\u00f3n. \u0095 ofrecer rendimiento de ssd con capacidad hdd a un costo asequible. \u0095 acceso r\u00e1pido a archivos clave mediante el aprendizaje autom\u00e1tico de los comportamientos inform\u00e1ticos de los usuarios. Conectores duales nvme pcie 4.0*\/3.0 m.2. Con conectores nvme pcie 4.0*\/3.0 x4 y pcie 3.0 x2 m.2 integrados, las placas base gigabyte llevan a los usuarios a experimentar el modo nvme o la conectividad en modo sata para dispositivos ssd m.2. Con una velocidad de transferencia de datos de hasta 64 gb\/s, el dise\u00f1o de conectores duales m.2 proporciona una soluci\u00f3n de almacenamiento ideal y tambi\u00e9n es compatible con los modos raid. *el soporte real puede variar seg\u00fan la cpu. Realtek gbe lan con gesti\u00f3n de ancho de banda. Realtek gigabit lan cuenta con una aplicaci\u00f3n de administraci\u00f3n de ancho de banda de red que ayuda a mejorar la latencia de la red y mantener tiempos de ping bajos para brindar una mejor capacidad de respuesta en entornos de lan abarrotados.<\/p>\n","protected":false},"featured_media":263246,"comment_status":"open","ping_status":"open","template":"","meta":[],"product_cat":[1727,1734],"product_tag":[1732],"acf":[],"yoast_head":"<!-- This site is optimized with the Yoast SEO plugin v21.7 - https:\/\/yoast.com\/wordpress\/plugins\/seo\/ -->\n<title>[ Gigabyte ] &#129351; B550m Ds3h Ac Mb Amd S-am4 5a Gen\/4x Ddr4 2666\/dp\/hdmi\/m.2\/6x Usb 3.2\/usb-c\/wifi\/bluetooth\/micro Atx\/gama Media\/gamer<\/title>\n<meta name=\"description\" content=\"Compra B550m Ds3h Ac Mb Amd S-am4 5a Gen\/4x Ddr4 2666\/dp\/hdmi\/m.2\/6x Usb 3.2\/usb-c\/wifi\/bluetooth\/micro Atx\/gama Media\/gamer + Env\u00edo a domicilio + Pago seguro + Garant\u00eda\" \/>\n<meta name=\"robots\" content=\"index, follow, max-snippet:-1, max-image-preview:large, max-video-preview:-1\" \/>\n<link rel=\"canonical\" href=\"https:\/\/compuviper.mx\/tienda\/producto\/gigabyte-b550m-ds3h-ac-mb-amd-s-am4-5a-gen-4x-ddr4-2666-dp-hdmi-m-2-6x-usb-3-2-usb-c-wifi-bluetooth-micro-atx-gama-media-gamer\/\" \/>\n<meta property=\"og:locale\" content=\"es_MX\" \/>\n<meta property=\"og:type\" content=\"article\" \/>\n<meta property=\"og:title\" content=\"[ Gigabyte ] &#129351; B550m Ds3h Ac Mb Amd S-am4 5a Gen\/4x Ddr4 2666\/dp\/hdmi\/m.2\/6x Usb 3.2\/usb-c\/wifi\/bluetooth\/micro Atx\/gama Media\/gamer\" \/>\n<meta property=\"og:description\" content=\"Compra B550m Ds3h Ac Mb Amd S-am4 5a Gen\/4x Ddr4 2666\/dp\/hdmi\/m.2\/6x Usb 3.2\/usb-c\/wifi\/bluetooth\/micro Atx\/gama Media\/gamer + Env\u00edo a domicilio + Pago seguro + Garant\u00eda\" \/>\n<meta property=\"og:url\" content=\"https:\/\/compuviper.mx\/tienda\/producto\/gigabyte-b550m-ds3h-ac-mb-amd-s-am4-5a-gen-4x-ddr4-2666-dp-hdmi-m-2-6x-usb-3-2-usb-c-wifi-bluetooth-micro-atx-gama-media-gamer\/\" \/>\n<meta property=\"og:site_name\" content=\"Compuviper\" \/>\n<meta property=\"article:publisher\" content=\"https:\/\/www.facebook.com\/compuviper\" \/>\n<meta property=\"article:modified_time\" content=\"2026-04-26T06:00:19+00:00\" \/>\n<meta property=\"og:image\" content=\"https:\/\/compuviper.mx\/tienda\/wp-content\/uploads\/2025\/11\/Mb-gigabyte-amd-b550m-ds3h-ac-s-am4-5a-gen4x-ddr4-2666dphdmim.26x-usb-3.2usb-cwifibluetoothmicro-atxgama-mediagamer.jpg\" \/>\n\t<meta property=\"og:image:width\" content=\"200\" \/>\n\t<meta property=\"og:image:height\" content=\"200\" \/>\n\t<meta property=\"og:image:type\" content=\"image\/jpeg\" \/>\n<meta name=\"twitter:card\" content=\"summary_large_image\" \/>\n<meta name=\"twitter:label1\" content=\"Precio\" \/>\n\t<meta name=\"twitter:data1\" content=\"&#36;1,614 con IVA\" \/>\n\t<meta name=\"twitter:label2\" content=\"Availability\" \/>\n\t<meta name=\"twitter:data2\" content=\"Out of stock\" \/>\n<script type=\"application\/ld+json\" class=\"yoast-schema-graph\">{\"@context\":\"https:\/\/schema.org\",\"@graph\":[{\"@type\":\"WebPage\",\"@id\":\"https:\/\/compuviper.mx\/tienda\/producto\/gigabyte-b550m-ds3h-ac-mb-amd-s-am4-5a-gen-4x-ddr4-2666-dp-hdmi-m-2-6x-usb-3-2-usb-c-wifi-bluetooth-micro-atx-gama-media-gamer\/\",\"url\":\"https:\/\/compuviper.mx\/tienda\/producto\/gigabyte-b550m-ds3h-ac-mb-amd-s-am4-5a-gen-4x-ddr4-2666-dp-hdmi-m-2-6x-usb-3-2-usb-c-wifi-bluetooth-micro-atx-gama-media-gamer\/\",\"name\":\"[ Gigabyte ] &#129351; B550m Ds3h Ac Mb Amd S-am4 5a Gen\/4x Ddr4 2666\/dp\/hdmi\/m.2\/6x Usb 3.2\/usb-c\/wifi\/bluetooth\/micro Atx\/gama Media\/gamer\",\"isPartOf\":{\"@id\":\"https:\/\/compuviper.mx\/tienda\/#website\"},\"datePublished\":\"2026-04-25T06:40:16+00:00\",\"dateModified\":\"2026-04-26T06:00:19+00:00\",\"description\":\"Compra B550m Ds3h Ac Mb Amd S-am4 5a Gen\/4x Ddr4 2666\/dp\/hdmi\/m.2\/6x Usb 3.2\/usb-c\/wifi\/bluetooth\/micro Atx\/gama Media\/gamer + Env\u00edo a domicilio + Pago seguro + Garant\u00eda\",\"breadcrumb\":{\"@id\":\"https:\/\/compuviper.mx\/tienda\/producto\/gigabyte-b550m-ds3h-ac-mb-amd-s-am4-5a-gen-4x-ddr4-2666-dp-hdmi-m-2-6x-usb-3-2-usb-c-wifi-bluetooth-micro-atx-gama-media-gamer\/#breadcrumb\"},\"inLanguage\":\"es-MX\",\"potentialAction\":[{\"@type\":\"ReadAction\",\"target\":[\"https:\/\/compuviper.mx\/tienda\/producto\/gigabyte-b550m-ds3h-ac-mb-amd-s-am4-5a-gen-4x-ddr4-2666-dp-hdmi-m-2-6x-usb-3-2-usb-c-wifi-bluetooth-micro-atx-gama-media-gamer\/\"]}]},{\"@type\":\"BreadcrumbList\",\"@id\":\"https:\/\/compuviper.mx\/tienda\/producto\/gigabyte-b550m-ds3h-ac-mb-amd-s-am4-5a-gen-4x-ddr4-2666-dp-hdmi-m-2-6x-usb-3-2-usb-c-wifi-bluetooth-micro-atx-gama-media-gamer\/#breadcrumb\",\"itemListElement\":[{\"@type\":\"ListItem\",\"position\":1,\"name\":\"Inicio\",\"item\":\"https:\/\/compuviper.mx\/tienda\/\"},{\"@type\":\"ListItem\",\"position\":2,\"name\":\"Productos\",\"item\":\"https:\/\/compuviper.mx\/tienda\/productos\/\"},{\"@type\":\"ListItem\",\"position\":3,\"name\":\"Tarjeta Madre\",\"item\":\"https:\/\/compuviper.mx\/tienda\/categoria-producto\/tarjeta-madre\/\"},{\"@type\":\"ListItem\",\"position\":4,\"name\":\"Socket Am4\",\"item\":\"https:\/\/compuviper.mx\/tienda\/categoria-producto\/tarjeta-madre\/socket-am4\/\"},{\"@type\":\"ListItem\",\"position\":5,\"name\":\"Gigabyte B550m Ds3h Ac Mb Amd S-am4 5a Gen\/4x Ddr4 2666\/dp\/hdmi\/m.2\/6x Usb 3.2\/usb-c\/wifi\/bluetooth\/micro Atx\/gama Media\/gamer\"}]},{\"@type\":\"WebSite\",\"@id\":\"https:\/\/compuviper.mx\/tienda\/#website\",\"url\":\"https:\/\/compuviper.mx\/tienda\/\",\"name\":\"Compuviper\",\"description\":\"Proveedor de Computadoras, Laptops, Servidores, Monitores, Puntos de Venta, Teclados,   Impresoras, T\u00f3ner, C\u00e1maras de Seguridad y m\u00e1s en tu tienda en l\u00ednea\",\"publisher\":{\"@id\":\"https:\/\/compuviper.mx\/tienda\/#organization\"},\"potentialAction\":[{\"@type\":\"SearchAction\",\"target\":{\"@type\":\"EntryPoint\",\"urlTemplate\":\"https:\/\/compuviper.mx\/tienda\/?s={search_term_string}\"},\"query-input\":\"required name=search_term_string\"}],\"inLanguage\":\"es-MX\"},{\"@type\":\"Organization\",\"@id\":\"https:\/\/compuviper.mx\/tienda\/#organization\",\"name\":\"Compuviper\",\"url\":\"https:\/\/compuviper.mx\/tienda\/\",\"logo\":{\"@type\":\"ImageObject\",\"inLanguage\":\"es-MX\",\"@id\":\"https:\/\/compuviper.mx\/tienda\/#\/schema\/logo\/image\/\",\"url\":\"https:\/\/compuviper.mx\/tienda\/wp-content\/uploads\/2021\/08\/Logo-Compuviper-10.png\",\"contentUrl\":\"https:\/\/compuviper.mx\/tienda\/wp-content\/uploads\/2021\/08\/Logo-Compuviper-10.png\",\"width\":1000,\"height\":500,\"caption\":\"Compuviper\"},\"image\":{\"@id\":\"https:\/\/compuviper.mx\/tienda\/#\/schema\/logo\/image\/\"},\"sameAs\":[\"https:\/\/www.facebook.com\/compuviper\",\"https:\/\/www.youtube.com\/channel\/UCf73dERp9Y3cfOq7q8BhLjA?view_as=subscriber\"]}]}<\/script>\n<meta property=\"product:brand\" content=\"GIGABYTE\" \/>\n<meta property=\"product:price:amount\" content=\"1614\" \/>\n<meta property=\"product:price:currency\" content=\"MXN\" \/>\n<meta property=\"og:availability\" content=\"out of stock\" \/>\n<meta property=\"product:availability\" content=\"out of stock\" \/>\n<meta property=\"product:retailer_item_id\" content=\"B550M DS3H AC\" \/>\n<meta property=\"product:condition\" content=\"new\" \/>\n<!-- \/ Yoast SEO plugin. -->","yoast_head_json":{"title":"[ Gigabyte ] &#129351; B550m Ds3h Ac Mb Amd S-am4 5a Gen\/4x Ddr4 2666\/dp\/hdmi\/m.2\/6x Usb 3.2\/usb-c\/wifi\/bluetooth\/micro Atx\/gama Media\/gamer","description":"Compra B550m Ds3h Ac Mb Amd S-am4 5a Gen\/4x Ddr4 2666\/dp\/hdmi\/m.2\/6x Usb 3.2\/usb-c\/wifi\/bluetooth\/micro Atx\/gama Media\/gamer + Env\u00edo a domicilio + Pago seguro + Garant\u00eda","robots":{"index":"index","follow":"follow","max-snippet":"max-snippet:-1","max-image-preview":"max-image-preview:large","max-video-preview":"max-video-preview:-1"},"canonical":"https:\/\/compuviper.mx\/tienda\/producto\/gigabyte-b550m-ds3h-ac-mb-amd-s-am4-5a-gen-4x-ddr4-2666-dp-hdmi-m-2-6x-usb-3-2-usb-c-wifi-bluetooth-micro-atx-gama-media-gamer\/","og_locale":"es_MX","og_type":"article","og_title":"[ Gigabyte ] &#129351; B550m Ds3h Ac Mb Amd S-am4 5a Gen\/4x Ddr4 2666\/dp\/hdmi\/m.2\/6x Usb 3.2\/usb-c\/wifi\/bluetooth\/micro Atx\/gama Media\/gamer","og_description":"Compra B550m Ds3h Ac Mb Amd S-am4 5a Gen\/4x Ddr4 2666\/dp\/hdmi\/m.2\/6x Usb 3.2\/usb-c\/wifi\/bluetooth\/micro Atx\/gama Media\/gamer + Env\u00edo a domicilio + Pago seguro + Garant\u00eda","og_url":"https:\/\/compuviper.mx\/tienda\/producto\/gigabyte-b550m-ds3h-ac-mb-amd-s-am4-5a-gen-4x-ddr4-2666-dp-hdmi-m-2-6x-usb-3-2-usb-c-wifi-bluetooth-micro-atx-gama-media-gamer\/","og_site_name":"Compuviper","article_publisher":"https:\/\/www.facebook.com\/compuviper","article_modified_time":"2026-04-26T06:00:19+00:00","og_image":[{"width":200,"height":200,"url":"https:\/\/compuviper.mx\/tienda\/wp-content\/uploads\/2025\/11\/Mb-gigabyte-amd-b550m-ds3h-ac-s-am4-5a-gen4x-ddr4-2666dphdmim.26x-usb-3.2usb-cwifibluetoothmicro-atxgama-mediagamer.jpg","type":"image\/jpeg"}],"twitter_card":"summary_large_image","twitter_misc":{"Precio":"&#36;1,614 con IVA","Availability":"Out of stock"},"schema":{"@context":"https:\/\/schema.org","@graph":[{"@type":"WebPage","@id":"https:\/\/compuviper.mx\/tienda\/producto\/gigabyte-b550m-ds3h-ac-mb-amd-s-am4-5a-gen-4x-ddr4-2666-dp-hdmi-m-2-6x-usb-3-2-usb-c-wifi-bluetooth-micro-atx-gama-media-gamer\/","url":"https:\/\/compuviper.mx\/tienda\/producto\/gigabyte-b550m-ds3h-ac-mb-amd-s-am4-5a-gen-4x-ddr4-2666-dp-hdmi-m-2-6x-usb-3-2-usb-c-wifi-bluetooth-micro-atx-gama-media-gamer\/","name":"[ Gigabyte ] &#129351; B550m Ds3h Ac Mb Amd S-am4 5a Gen\/4x Ddr4 2666\/dp\/hdmi\/m.2\/6x Usb 3.2\/usb-c\/wifi\/bluetooth\/micro Atx\/gama Media\/gamer","isPartOf":{"@id":"https:\/\/compuviper.mx\/tienda\/#website"},"datePublished":"2026-04-25T06:40:16+00:00","dateModified":"2026-04-26T06:00:19+00:00","description":"Compra B550m Ds3h Ac Mb Amd S-am4 5a Gen\/4x Ddr4 2666\/dp\/hdmi\/m.2\/6x Usb 3.2\/usb-c\/wifi\/bluetooth\/micro Atx\/gama Media\/gamer + Env\u00edo a domicilio + Pago seguro + Garant\u00eda","breadcrumb":{"@id":"https:\/\/compuviper.mx\/tienda\/producto\/gigabyte-b550m-ds3h-ac-mb-amd-s-am4-5a-gen-4x-ddr4-2666-dp-hdmi-m-2-6x-usb-3-2-usb-c-wifi-bluetooth-micro-atx-gama-media-gamer\/#breadcrumb"},"inLanguage":"es-MX","potentialAction":[{"@type":"ReadAction","target":["https:\/\/compuviper.mx\/tienda\/producto\/gigabyte-b550m-ds3h-ac-mb-amd-s-am4-5a-gen-4x-ddr4-2666-dp-hdmi-m-2-6x-usb-3-2-usb-c-wifi-bluetooth-micro-atx-gama-media-gamer\/"]}]},{"@type":"BreadcrumbList","@id":"https:\/\/compuviper.mx\/tienda\/producto\/gigabyte-b550m-ds3h-ac-mb-amd-s-am4-5a-gen-4x-ddr4-2666-dp-hdmi-m-2-6x-usb-3-2-usb-c-wifi-bluetooth-micro-atx-gama-media-gamer\/#breadcrumb","itemListElement":[{"@type":"ListItem","position":1,"name":"Inicio","item":"https:\/\/compuviper.mx\/tienda\/"},{"@type":"ListItem","position":2,"name":"Productos","item":"https:\/\/compuviper.mx\/tienda\/productos\/"},{"@type":"ListItem","position":3,"name":"Tarjeta Madre","item":"https:\/\/compuviper.mx\/tienda\/categoria-producto\/tarjeta-madre\/"},{"@type":"ListItem","position":4,"name":"Socket Am4","item":"https:\/\/compuviper.mx\/tienda\/categoria-producto\/tarjeta-madre\/socket-am4\/"},{"@type":"ListItem","position":5,"name":"Gigabyte B550m Ds3h Ac Mb Amd S-am4 5a Gen\/4x Ddr4 2666\/dp\/hdmi\/m.2\/6x Usb 3.2\/usb-c\/wifi\/bluetooth\/micro Atx\/gama Media\/gamer"}]},{"@type":"WebSite","@id":"https:\/\/compuviper.mx\/tienda\/#website","url":"https:\/\/compuviper.mx\/tienda\/","name":"Compuviper","description":"Proveedor de Computadoras, Laptops, Servidores, Monitores, Puntos de Venta, Teclados,   Impresoras, T\u00f3ner, C\u00e1maras de Seguridad y m\u00e1s en tu tienda en l\u00ednea","publisher":{"@id":"https:\/\/compuviper.mx\/tienda\/#organization"},"potentialAction":[{"@type":"SearchAction","target":{"@type":"EntryPoint","urlTemplate":"https:\/\/compuviper.mx\/tienda\/?s={search_term_string}"},"query-input":"required name=search_term_string"}],"inLanguage":"es-MX"},{"@type":"Organization","@id":"https:\/\/compuviper.mx\/tienda\/#organization","name":"Compuviper","url":"https:\/\/compuviper.mx\/tienda\/","logo":{"@type":"ImageObject","inLanguage":"es-MX","@id":"https:\/\/compuviper.mx\/tienda\/#\/schema\/logo\/image\/","url":"https:\/\/compuviper.mx\/tienda\/wp-content\/uploads\/2021\/08\/Logo-Compuviper-10.png","contentUrl":"https:\/\/compuviper.mx\/tienda\/wp-content\/uploads\/2021\/08\/Logo-Compuviper-10.png","width":1000,"height":500,"caption":"Compuviper"},"image":{"@id":"https:\/\/compuviper.mx\/tienda\/#\/schema\/logo\/image\/"},"sameAs":["https:\/\/www.facebook.com\/compuviper","https:\/\/www.youtube.com\/channel\/UCf73dERp9Y3cfOq7q8BhLjA?view_as=subscriber"]}]},"product_brand":"GIGABYTE","product_price_amount":"1614","product_price_currency":"MXN","og_availability":"out of stock","product_availability":"out of stock","product_retailer_item_id":"B550M DS3H AC","product_condition":"new"},"_links":{"self":[{"href":"https:\/\/compuviper.mx\/tienda\/wp-json\/wp\/v2\/product\/263245"}],"collection":[{"href":"https:\/\/compuviper.mx\/tienda\/wp-json\/wp\/v2\/product"}],"about":[{"href":"https:\/\/compuviper.mx\/tienda\/wp-json\/wp\/v2\/types\/product"}],"replies":[{"embeddable":true,"href":"https:\/\/compuviper.mx\/tienda\/wp-json\/wp\/v2\/comments?post=263245"}],"wp:featuredmedia":[{"embeddable":true,"href":"https:\/\/compuviper.mx\/tienda\/wp-json\/wp\/v2\/media\/263246"}],"wp:attachment":[{"href":"https:\/\/compuviper.mx\/tienda\/wp-json\/wp\/v2\/media?parent=263245"}],"wp:term":[{"taxonomy":"product_cat","embeddable":true,"href":"https:\/\/compuviper.mx\/tienda\/wp-json\/wp\/v2\/product_cat?post=263245"},{"taxonomy":"product_tag","embeddable":true,"href":"https:\/\/compuviper.mx\/tienda\/wp-json\/wp\/v2\/product_tag?post=263245"}],"curies":[{"name":"wp","href":"https:\/\/api.w.org\/{rel}","templated":true}]}}