{"id":263244,"date":"2026-04-11T00:45:25","date_gmt":"2026-04-11T06:45:25","guid":{"rendered":"https:\/\/compuviper.mx\/tienda\/producto\/ec-line-ec-k2027i3-kiosco-de-autoservicio-blanco-pantalla-touch-27-pulgadas-intel-core-i3-1115g4-8gb-ram-256gb-ssd-windows-10-iot-enterprise-64-bits\/"},"modified":"2026-04-11T00:45:25","modified_gmt":"2026-04-11T06:45:25","slug":"ec-line-ec-k2027i3-kiosco-de-autoservicio-blanco-pantalla-touch-27-pulgadas-intel-core-i3-1115g4-8gb-ram-256gb-ssd-windows-10-iot-enterprise-64-bits","status":"publish","type":"product","link":"https:\/\/compuviper.mx\/tienda\/producto\/ec-line-ec-k2027i3-kiosco-de-autoservicio-blanco-pantalla-touch-27-pulgadas-intel-core-i3-1115g4-8gb-ram-256gb-ssd-windows-10-iot-enterprise-64-bits\/","title":{"rendered":"Ec Line Ec-k2027i3 Kiosco De Autoservicio  , Blanco, Pantalla Touch, 27 Pulgadas , Intel Core I3-1115g4, 8gb Ram, 256gb Ssd , Windows 10 Iot Enterprise 64 Bits"},"content":{"rendered":"<table class=\"descripcion\">\n<tr>\n<td>El ec-k2027i3 de ec line es un kiosco de autoservicio con pantalla t\u00e1ctil de 27 pulgadas full hd, ideal para aplicaciones de autocobro o interacci\u00f3n directa con el cliente. integra un procesador intel core i3 de 11\u00aa generaci\u00f3n, 8 gb de ram y unidad ssd de 256 gb, ofreciendo un rendimiento r\u00e1pido y estable. es compatible con windows 10 iot, windows 11 y linux, y cuenta con m\u00faltiples puertos usb, hdmi y com. incorpora una impresora t\u00e9rmica de 72 mm y esc\u00e1ner 2d integrados, lo que facilita su uso en entornos de autoservicio y punto de venta. su dise\u00f1o robusto permite instalaci\u00f3n en pared o pedestal, siendo una soluci\u00f3n vers\u00e1til para tiendas, restaurantes y entornos comerciales que buscan agilizar el proceso de atenci\u00f3n al cliente.<\/td>\n<\/tr>\n<\/table>\n","protected":false},"excerpt":{"rendered":"<p>Dale un toque moderno y tecnol\u00f3gico a tu negocio con el kiosco de autoservicio ec-k2027i3 de ec line. Su pantalla t\u00e1ctil de 27 pulgadas ofrece una experiencia visual impactante y f\u00e1cil de usar, perfecta para puntos de venta, restaurantes, tiendas o cualquier espacio que busque agilizar la atenci\u00f3n al cliente. Equipado con procesador intel core i3, 8 gb de ram y ssd de 256 gb, garantiza rapidez y rendimiento en cada transacci\u00f3n. Adem\u00e1s incluye impresora t\u00e9rmica y esc\u00e1ner 2d integrados, ideal para operaciones de autocobro o consulta. Su dise\u00f1o elegante y adaptable se ajusta a pared o pedestal, haciendo que tu punto de venta luzca profesional, moderno y eficiente. \u00a1con el ec-k2027i3, transforma la forma en que tus clientes compran e impulsa tu negocio al siguiente nivel!<\/p>\n","protected":false},"featured_media":0,"comment_status":"open","ping_status":"open","template":"","meta":[],"product_cat":[2261,2262],"product_tag":[1600],"acf":[],"yoast_head":"<!-- This site is optimized with the Yoast SEO plugin v21.7 - https:\/\/yoast.com\/wordpress\/plugins\/seo\/ -->\n<title>[ Ec Line ] &#129351; Ec-k2027i3 Kiosco De Autoservicio , Blanco, Pantalla Touch, 27 Pulgadas , Intel Core I3-1115g4, 8gb Ram, 256gb Ssd , Windows 10 Iot Enterprise 64 Bits<\/title>\n<meta name=\"description\" content=\"Compra Ec-k2027i3 Kiosco De Autoservicio , Blanco, Pantalla Touch, 27 Pulgadas , Intel Core I3-1115g4, 8gb Ram, 256gb Ssd , Windows 10 Iot Enterprise 64 Bits + Env\u00edo a domicilio + Pago seguro + Garant\u00eda\" \/>\n<meta name=\"robots\" content=\"index, follow, max-snippet:-1, max-image-preview:large, max-video-preview:-1\" \/>\n<link rel=\"canonical\" href=\"https:\/\/compuviper.mx\/tienda\/producto\/ec-line-ec-k2027i3-kiosco-de-autoservicio-blanco-pantalla-touch-27-pulgadas-intel-core-i3-1115g4-8gb-ram-256gb-ssd-windows-10-iot-enterprise-64-bits\/\" \/>\n<meta property=\"og:locale\" content=\"es_MX\" \/>\n<meta property=\"og:type\" content=\"article\" \/>\n<meta property=\"og:title\" content=\"[ Ec Line ] &#129351; Ec-k2027i3 Kiosco De Autoservicio , Blanco, Pantalla Touch, 27 Pulgadas , Intel Core I3-1115g4, 8gb Ram, 256gb Ssd , Windows 10 Iot Enterprise 64 Bits\" \/>\n<meta property=\"og:description\" content=\"Compra Ec-k2027i3 Kiosco De Autoservicio , Blanco, Pantalla Touch, 27 Pulgadas , Intel Core I3-1115g4, 8gb Ram, 256gb Ssd , Windows 10 Iot Enterprise 64 Bits + Env\u00edo a domicilio + Pago seguro + Garant\u00eda\" \/>\n<meta property=\"og:url\" content=\"https:\/\/compuviper.mx\/tienda\/producto\/ec-line-ec-k2027i3-kiosco-de-autoservicio-blanco-pantalla-touch-27-pulgadas-intel-core-i3-1115g4-8gb-ram-256gb-ssd-windows-10-iot-enterprise-64-bits\/\" \/>\n<meta property=\"og:site_name\" content=\"Compuviper\" \/>\n<meta property=\"article:publisher\" content=\"https:\/\/www.facebook.com\/compuviper\" \/>\n<meta name=\"twitter:card\" content=\"summary_large_image\" \/>\n<meta name=\"twitter:label1\" content=\"Precio\" \/>\n\t<meta name=\"twitter:data1\" content=\"&#36;47,447 con IVA\" \/>\n\t<meta name=\"twitter:label2\" content=\"Availability\" \/>\n\t<meta name=\"twitter:data2\" content=\"On backorder\" \/>\n<script type=\"application\/ld+json\" class=\"yoast-schema-graph\">{\"@context\":\"https:\/\/schema.org\",\"@graph\":[{\"@type\":\"WebPage\",\"@id\":\"https:\/\/compuviper.mx\/tienda\/producto\/ec-line-ec-k2027i3-kiosco-de-autoservicio-blanco-pantalla-touch-27-pulgadas-intel-core-i3-1115g4-8gb-ram-256gb-ssd-windows-10-iot-enterprise-64-bits\/\",\"url\":\"https:\/\/compuviper.mx\/tienda\/producto\/ec-line-ec-k2027i3-kiosco-de-autoservicio-blanco-pantalla-touch-27-pulgadas-intel-core-i3-1115g4-8gb-ram-256gb-ssd-windows-10-iot-enterprise-64-bits\/\",\"name\":\"[ Ec Line ] &#129351; Ec-k2027i3 Kiosco De Autoservicio , Blanco, Pantalla Touch, 27 Pulgadas , Intel Core I3-1115g4, 8gb Ram, 256gb Ssd , Windows 10 Iot Enterprise 64 Bits\",\"isPartOf\":{\"@id\":\"https:\/\/compuviper.mx\/tienda\/#website\"},\"datePublished\":\"2026-04-11T06:45:25+00:00\",\"dateModified\":\"2026-04-11T06:45:25+00:00\",\"description\":\"Compra Ec-k2027i3 Kiosco De Autoservicio , Blanco, Pantalla Touch, 27 Pulgadas , Intel Core I3-1115g4, 8gb Ram, 256gb Ssd , Windows 10 Iot Enterprise 64 Bits + Env\u00edo a domicilio + Pago seguro + Garant\u00eda\",\"breadcrumb\":{\"@id\":\"https:\/\/compuviper.mx\/tienda\/producto\/ec-line-ec-k2027i3-kiosco-de-autoservicio-blanco-pantalla-touch-27-pulgadas-intel-core-i3-1115g4-8gb-ram-256gb-ssd-windows-10-iot-enterprise-64-bits\/#breadcrumb\"},\"inLanguage\":\"es-MX\",\"potentialAction\":[{\"@type\":\"ReadAction\",\"target\":[\"https:\/\/compuviper.mx\/tienda\/producto\/ec-line-ec-k2027i3-kiosco-de-autoservicio-blanco-pantalla-touch-27-pulgadas-intel-core-i3-1115g4-8gb-ram-256gb-ssd-windows-10-iot-enterprise-64-bits\/\"]}]},{\"@type\":\"BreadcrumbList\",\"@id\":\"https:\/\/compuviper.mx\/tienda\/producto\/ec-line-ec-k2027i3-kiosco-de-autoservicio-blanco-pantalla-touch-27-pulgadas-intel-core-i3-1115g4-8gb-ram-256gb-ssd-windows-10-iot-enterprise-64-bits\/#breadcrumb\",\"itemListElement\":[{\"@type\":\"ListItem\",\"position\":1,\"name\":\"Inicio\",\"item\":\"https:\/\/compuviper.mx\/tienda\/\"},{\"@type\":\"ListItem\",\"position\":2,\"name\":\"Productos\",\"item\":\"https:\/\/compuviper.mx\/tienda\/productos\/\"},{\"@type\":\"ListItem\",\"position\":3,\"name\":\"Kiosko\",\"item\":\"https:\/\/compuviper.mx\/tienda\/categoria-producto\/kiosko\/\"},{\"@type\":\"ListItem\",\"position\":4,\"name\":\"Sin Categor\u00eda\",\"item\":\"https:\/\/compuviper.mx\/tienda\/categoria-producto\/kiosko\/sin-categoria-kiosko\/\"},{\"@type\":\"ListItem\",\"position\":5,\"name\":\"Ec Line Ec-k2027i3 Kiosco De Autoservicio , Blanco, Pantalla Touch, 27 Pulgadas , Intel Core I3-1115g4, 8gb Ram, 256gb Ssd , Windows 10 Iot Enterprise 64 Bits\"}]},{\"@type\":\"WebSite\",\"@id\":\"https:\/\/compuviper.mx\/tienda\/#website\",\"url\":\"https:\/\/compuviper.mx\/tienda\/\",\"name\":\"Compuviper\",\"description\":\"Proveedor de Computadoras, Laptops, Servidores, Monitores, Puntos de Venta, Teclados,   Impresoras, T\u00f3ner, C\u00e1maras de Seguridad y m\u00e1s en tu tienda en l\u00ednea\",\"publisher\":{\"@id\":\"https:\/\/compuviper.mx\/tienda\/#organization\"},\"potentialAction\":[{\"@type\":\"SearchAction\",\"target\":{\"@type\":\"EntryPoint\",\"urlTemplate\":\"https:\/\/compuviper.mx\/tienda\/?s={search_term_string}\"},\"query-input\":\"required name=search_term_string\"}],\"inLanguage\":\"es-MX\"},{\"@type\":\"Organization\",\"@id\":\"https:\/\/compuviper.mx\/tienda\/#organization\",\"name\":\"Compuviper\",\"url\":\"https:\/\/compuviper.mx\/tienda\/\",\"logo\":{\"@type\":\"ImageObject\",\"inLanguage\":\"es-MX\",\"@id\":\"https:\/\/compuviper.mx\/tienda\/#\/schema\/logo\/image\/\",\"url\":\"https:\/\/compuviper.mx\/tienda\/wp-content\/uploads\/2021\/08\/Logo-Compuviper-10.png\",\"contentUrl\":\"https:\/\/compuviper.mx\/tienda\/wp-content\/uploads\/2021\/08\/Logo-Compuviper-10.png\",\"width\":1000,\"height\":500,\"caption\":\"Compuviper\"},\"image\":{\"@id\":\"https:\/\/compuviper.mx\/tienda\/#\/schema\/logo\/image\/\"},\"sameAs\":[\"https:\/\/www.facebook.com\/compuviper\",\"https:\/\/www.youtube.com\/channel\/UCf73dERp9Y3cfOq7q8BhLjA?view_as=subscriber\"]}]}<\/script>\n<meta property=\"product:brand\" content=\"EC LINE\" \/>\n<meta property=\"product:price:amount\" content=\"47447\" \/>\n<meta property=\"product:price:currency\" content=\"MXN\" \/>\n<meta property=\"og:availability\" content=\"backorder\" \/>\n<meta property=\"product:availability\" content=\"available for order\" \/>\n<meta property=\"product:retailer_item_id\" content=\"EC-K2027I3\" \/>\n<meta property=\"product:condition\" content=\"new\" \/>\n<!-- \/ Yoast SEO plugin. -->","yoast_head_json":{"title":"[ Ec Line ] &#129351; Ec-k2027i3 Kiosco De Autoservicio , Blanco, Pantalla Touch, 27 Pulgadas , Intel Core I3-1115g4, 8gb Ram, 256gb Ssd , Windows 10 Iot Enterprise 64 Bits","description":"Compra Ec-k2027i3 Kiosco De Autoservicio , Blanco, Pantalla Touch, 27 Pulgadas , Intel Core I3-1115g4, 8gb Ram, 256gb Ssd , Windows 10 Iot Enterprise 64 Bits + Env\u00edo a domicilio + Pago seguro + Garant\u00eda","robots":{"index":"index","follow":"follow","max-snippet":"max-snippet:-1","max-image-preview":"max-image-preview:large","max-video-preview":"max-video-preview:-1"},"canonical":"https:\/\/compuviper.mx\/tienda\/producto\/ec-line-ec-k2027i3-kiosco-de-autoservicio-blanco-pantalla-touch-27-pulgadas-intel-core-i3-1115g4-8gb-ram-256gb-ssd-windows-10-iot-enterprise-64-bits\/","og_locale":"es_MX","og_type":"article","og_title":"[ Ec Line ] &#129351; Ec-k2027i3 Kiosco De Autoservicio , Blanco, Pantalla Touch, 27 Pulgadas , Intel Core I3-1115g4, 8gb Ram, 256gb Ssd , Windows 10 Iot Enterprise 64 Bits","og_description":"Compra Ec-k2027i3 Kiosco De Autoservicio , Blanco, Pantalla Touch, 27 Pulgadas , Intel Core I3-1115g4, 8gb Ram, 256gb Ssd , Windows 10 Iot Enterprise 64 Bits + Env\u00edo a domicilio + Pago seguro + Garant\u00eda","og_url":"https:\/\/compuviper.mx\/tienda\/producto\/ec-line-ec-k2027i3-kiosco-de-autoservicio-blanco-pantalla-touch-27-pulgadas-intel-core-i3-1115g4-8gb-ram-256gb-ssd-windows-10-iot-enterprise-64-bits\/","og_site_name":"Compuviper","article_publisher":"https:\/\/www.facebook.com\/compuviper","twitter_card":"summary_large_image","twitter_misc":{"Precio":"&#36;47,447 con IVA","Availability":"On backorder"},"schema":{"@context":"https:\/\/schema.org","@graph":[{"@type":"WebPage","@id":"https:\/\/compuviper.mx\/tienda\/producto\/ec-line-ec-k2027i3-kiosco-de-autoservicio-blanco-pantalla-touch-27-pulgadas-intel-core-i3-1115g4-8gb-ram-256gb-ssd-windows-10-iot-enterprise-64-bits\/","url":"https:\/\/compuviper.mx\/tienda\/producto\/ec-line-ec-k2027i3-kiosco-de-autoservicio-blanco-pantalla-touch-27-pulgadas-intel-core-i3-1115g4-8gb-ram-256gb-ssd-windows-10-iot-enterprise-64-bits\/","name":"[ Ec Line ] &#129351; Ec-k2027i3 Kiosco De Autoservicio , Blanco, Pantalla Touch, 27 Pulgadas , Intel Core I3-1115g4, 8gb Ram, 256gb Ssd , Windows 10 Iot Enterprise 64 Bits","isPartOf":{"@id":"https:\/\/compuviper.mx\/tienda\/#website"},"datePublished":"2026-04-11T06:45:25+00:00","dateModified":"2026-04-11T06:45:25+00:00","description":"Compra Ec-k2027i3 Kiosco De Autoservicio , Blanco, Pantalla Touch, 27 Pulgadas , Intel Core I3-1115g4, 8gb Ram, 256gb Ssd , Windows 10 Iot Enterprise 64 Bits + Env\u00edo a domicilio + Pago seguro + Garant\u00eda","breadcrumb":{"@id":"https:\/\/compuviper.mx\/tienda\/producto\/ec-line-ec-k2027i3-kiosco-de-autoservicio-blanco-pantalla-touch-27-pulgadas-intel-core-i3-1115g4-8gb-ram-256gb-ssd-windows-10-iot-enterprise-64-bits\/#breadcrumb"},"inLanguage":"es-MX","potentialAction":[{"@type":"ReadAction","target":["https:\/\/compuviper.mx\/tienda\/producto\/ec-line-ec-k2027i3-kiosco-de-autoservicio-blanco-pantalla-touch-27-pulgadas-intel-core-i3-1115g4-8gb-ram-256gb-ssd-windows-10-iot-enterprise-64-bits\/"]}]},{"@type":"BreadcrumbList","@id":"https:\/\/compuviper.mx\/tienda\/producto\/ec-line-ec-k2027i3-kiosco-de-autoservicio-blanco-pantalla-touch-27-pulgadas-intel-core-i3-1115g4-8gb-ram-256gb-ssd-windows-10-iot-enterprise-64-bits\/#breadcrumb","itemListElement":[{"@type":"ListItem","position":1,"name":"Inicio","item":"https:\/\/compuviper.mx\/tienda\/"},{"@type":"ListItem","position":2,"name":"Productos","item":"https:\/\/compuviper.mx\/tienda\/productos\/"},{"@type":"ListItem","position":3,"name":"Kiosko","item":"https:\/\/compuviper.mx\/tienda\/categoria-producto\/kiosko\/"},{"@type":"ListItem","position":4,"name":"Sin Categor\u00eda","item":"https:\/\/compuviper.mx\/tienda\/categoria-producto\/kiosko\/sin-categoria-kiosko\/"},{"@type":"ListItem","position":5,"name":"Ec Line Ec-k2027i3 Kiosco De Autoservicio , Blanco, Pantalla Touch, 27 Pulgadas , Intel Core I3-1115g4, 8gb Ram, 256gb Ssd , Windows 10 Iot Enterprise 64 Bits"}]},{"@type":"WebSite","@id":"https:\/\/compuviper.mx\/tienda\/#website","url":"https:\/\/compuviper.mx\/tienda\/","name":"Compuviper","description":"Proveedor de Computadoras, Laptops, Servidores, Monitores, Puntos de Venta, Teclados,   Impresoras, T\u00f3ner, C\u00e1maras de Seguridad y m\u00e1s en tu tienda en l\u00ednea","publisher":{"@id":"https:\/\/compuviper.mx\/tienda\/#organization"},"potentialAction":[{"@type":"SearchAction","target":{"@type":"EntryPoint","urlTemplate":"https:\/\/compuviper.mx\/tienda\/?s={search_term_string}"},"query-input":"required name=search_term_string"}],"inLanguage":"es-MX"},{"@type":"Organization","@id":"https:\/\/compuviper.mx\/tienda\/#organization","name":"Compuviper","url":"https:\/\/compuviper.mx\/tienda\/","logo":{"@type":"ImageObject","inLanguage":"es-MX","@id":"https:\/\/compuviper.mx\/tienda\/#\/schema\/logo\/image\/","url":"https:\/\/compuviper.mx\/tienda\/wp-content\/uploads\/2021\/08\/Logo-Compuviper-10.png","contentUrl":"https:\/\/compuviper.mx\/tienda\/wp-content\/uploads\/2021\/08\/Logo-Compuviper-10.png","width":1000,"height":500,"caption":"Compuviper"},"image":{"@id":"https:\/\/compuviper.mx\/tienda\/#\/schema\/logo\/image\/"},"sameAs":["https:\/\/www.facebook.com\/compuviper","https:\/\/www.youtube.com\/channel\/UCf73dERp9Y3cfOq7q8BhLjA?view_as=subscriber"]}]},"product_brand":"EC LINE","product_price_amount":"47447","product_price_currency":"MXN","og_availability":"backorder","product_availability":"available for order","product_retailer_item_id":"EC-K2027I3","product_condition":"new"},"_links":{"self":[{"href":"https:\/\/compuviper.mx\/tienda\/wp-json\/wp\/v2\/product\/263244"}],"collection":[{"href":"https:\/\/compuviper.mx\/tienda\/wp-json\/wp\/v2\/product"}],"about":[{"href":"https:\/\/compuviper.mx\/tienda\/wp-json\/wp\/v2\/types\/product"}],"replies":[{"embeddable":true,"href":"https:\/\/compuviper.mx\/tienda\/wp-json\/wp\/v2\/comments?post=263244"}],"wp:attachment":[{"href":"https:\/\/compuviper.mx\/tienda\/wp-json\/wp\/v2\/media?parent=263244"}],"wp:term":[{"taxonomy":"product_cat","embeddable":true,"href":"https:\/\/compuviper.mx\/tienda\/wp-json\/wp\/v2\/product_cat?post=263244"},{"taxonomy":"product_tag","embeddable":true,"href":"https:\/\/compuviper.mx\/tienda\/wp-json\/wp\/v2\/product_tag?post=263244"}],"curies":[{"name":"wp","href":"https:\/\/api.w.org\/{rel}","templated":true}]}}