{"id":263228,"date":"2026-04-15T00:10:44","date_gmt":"2026-04-15T06:10:44","guid":{"rendered":"https:\/\/compuviper.mx\/tienda\/producto\/nzxt-pa-0g3bb-us-fuente-de-poder-c1000-gold-core-80plus-fully-modular-atx-3-1-power-supply-us-power-cord\/"},"modified":"2026-04-15T00:10:44","modified_gmt":"2026-04-15T06:10:44","slug":"nzxt-pa-0g3bb-us-fuente-de-poder-c1000-gold-core-80plus-fully-modular-atx-3-1-power-supply-us-power-cord","status":"publish","type":"product","link":"https:\/\/compuviper.mx\/tienda\/producto\/nzxt-pa-0g3bb-us-fuente-de-poder-c1000-gold-core-80plus-fully-modular-atx-3-1-power-supply-us-power-cord\/","title":{"rendered":"Nzxt Pa-0g3bb-us Fuente De Poder  C1000 Gold Core 80plus Fully Modular Atx 3.1 Power Supply Us Power Cord"},"content":{"rendered":"<table class=\"descripcion\">\n<tr>\n<td>Dimensiones<\/td>\n<\/tr>\n<tr>\n<td>Ancho<\/td>\n<\/tr>\n<tr>\n<td>150 mm<\/td>\n<\/tr>\n<tr>\n<td>Altura<\/td>\n<\/tr>\n<tr>\n<td>86 mm<\/td>\n<\/tr>\n<tr>\n<td>Profundidad<\/td>\n<\/tr>\n<tr>\n<td>150 mm<\/td>\n<\/tr>\n<tr>\n<td>General<\/td>\n<\/tr>\n<tr>\n<td>Potencia<\/td>\n<\/tr>\n<tr>\n<td>1000 w<\/td>\n<\/tr>\n<tr>\n<td>Factor de forma<\/td>\n<\/tr>\n<tr>\n<td>Atx<\/td>\n<\/tr>\n<tr>\n<td>Versi\u00f3n atx<\/td>\n<\/tr>\n<tr>\n<td>3.1<\/td>\n<\/tr>\n<tr>\n<td>Certificaci\u00f3n 80 plus<\/td>\n<\/tr>\n<tr>\n<td>Oro<\/td>\n<\/tr>\n<tr>\n<td>Eficiencia cybenetics<\/td>\n<\/tr>\n<tr>\n<td>Platino<\/td>\n<\/tr>\n<tr>\n<td>Nivel de ruido cybenetics<\/td>\n<\/tr>\n<tr>\n<td>A+<\/td>\n<\/tr>\n<tr>\n<td>Modular<\/td>\n<\/tr>\n<tr>\n<td>Totalmente modular<\/td>\n<\/tr>\n<tr>\n<td>Condensadores<\/td>\n<\/tr>\n<tr>\n<td>Condensadores de alto rendimiento 105\u00b0c<\/td>\n<\/tr>\n<tr>\n<td>Tipo de cable<\/td>\n<\/tr>\n<tr>\n<td>Enfundados individualmente con peine para cables<\/td>\n<\/tr>\n<tr>\n<td>Modo ventilador cero rpm<\/td>\n<\/tr>\n<tr>\n<td>S\u00ed<\/td>\n<\/tr>\n<tr>\n<td>Longitud de cables y cantidad de conectores<\/td>\n<\/tr>\n<tr>\n<td>Cable de alimentaci\u00f3n atx 24 pines<\/td>\n<\/tr>\n<tr>\n<td>600 mm (1)<\/td>\n<\/tr>\n<tr>\n<td>Cable de alimentaci\u00f3n cpu 4+4 pines<\/td>\n<\/tr>\n<tr>\n<td>700 mm (1)<\/td>\n<\/tr>\n<tr>\n<td>Cable de alimentaci\u00f3n cpu 8 pines<\/td>\n<\/tr>\n<tr>\n<td>700 mm (1)<\/td>\n<\/tr>\n<tr>\n<td>Cable de alimentaci\u00f3n pcie 6+2 pines<\/td>\n<\/tr>\n<tr>\n<td>650 mm (3)<\/td>\n<\/tr>\n<tr>\n<td>Cable pcie 16 pines (12+4) 12v-2&#215;6<\/td>\n<\/tr>\n<tr>\n<td>650 mm (1) (600w)<\/td>\n<\/tr>\n<tr>\n<td>Cables sata<\/td>\n<\/tr>\n<tr>\n<td>500 + 100 mm (8)<\/td>\n<\/tr>\n<tr>\n<td>Cable perif\u00e9ricos<\/td>\n<\/tr>\n<tr>\n<td>500 + 100 mm (3)<\/td>\n<\/tr>\n<tr>\n<td>Entrada ac<\/td>\n<\/tr>\n<tr>\n<td>100 \u0096 240 vac<\/td>\n<\/tr>\n<tr>\n<td>12 \u0096 6 a, 50 \u0096 60 hz<\/td>\n<\/tr>\n<tr>\n<td>200 \u0096 240 vac (corea del sur)<\/td>\n<\/tr>\n<tr>\n<td>6 a, 50 \u0096 60 hz<\/td>\n<\/tr>\n<tr>\n<td>Salida dc<\/td>\n<\/tr>\n<tr>\n<td>+3.3 v y +5 v<\/td>\n<\/tr>\n<tr>\n<td>20 a (120 w)<\/td>\n<\/tr>\n<tr>\n<td>+12 v<\/td>\n<\/tr>\n<tr>\n<td>83.3 a (1000 w)<\/td>\n<\/tr>\n<tr>\n<td>5vsb<\/td>\n<\/tr>\n<tr>\n<td>3 a (15 w)<\/td>\n<\/tr>\n<tr>\n<td>Total<\/td>\n<\/tr>\n<tr>\n<td>1000 w<\/td>\n<\/tr>\n<tr>\n<td>Eficiencia energ\u00e9tica<\/td>\n<\/tr>\n<tr>\n<td>Certificaci\u00f3n 80 plus<\/td>\n<\/tr>\n<tr>\n<td>Oro<\/td>\n<\/tr>\n<tr>\n<td>Carga 10%<\/td>\n<\/tr>\n<tr>\n<td>87% @ 115 v<\/td>\n<\/tr>\n<tr>\n<td>Carga 20%<\/td>\n<\/tr>\n<tr>\n<td>92,22% @ 115 v<\/td>\n<\/tr>\n<tr>\n<td>Carga 50%<\/td>\n<\/tr>\n<tr>\n<td>92,18% @ 115 v<\/td>\n<\/tr>\n<tr>\n<td>Carga 100%<\/td>\n<\/tr>\n<tr>\n<td>89,1% @ 115 v<\/td>\n<\/tr>\n<tr>\n<td>Especificaciones del ventilador<\/td>\n<\/tr>\n<tr>\n<td>Tama\u00f1o<\/td>\n<\/tr>\n<tr>\n<td>135 mm<\/td>\n<\/tr>\n<tr>\n<td>Tipo<\/td>\n<\/tr>\n<tr>\n<td>Pwm<\/td>\n<\/tr>\n<tr>\n<td>Velocidad<\/td>\n<\/tr>\n<tr>\n<td>2.300 \u00b1 10% rpm<\/td>\n<\/tr>\n<tr>\n<td>Flujo de aire<\/td>\n<\/tr>\n<tr>\n<td>103,36 cfm<\/td>\n<\/tr>\n<tr>\n<td>Nivel de ruido<\/td>\n<\/tr>\n<tr>\n<td>40,5 dba<\/td>\n<\/tr>\n<tr>\n<td>Rodamiento<\/td>\n<\/tr>\n<tr>\n<td>Rodamiento din\u00e1mico de fluido<\/td>\n<\/tr>\n<tr>\n<td>Operaci\u00f3n<\/td>\n<\/tr>\n<tr>\n<td>Mtbf<\/td>\n<\/tr>\n<tr>\n<td>100.000 horas<\/td>\n<\/tr>\n<tr>\n<td>Temperatura<\/td>\n<\/tr>\n<tr>\n<td>0 \u0096 50\u00b0c (carga continua m\u00e1xima)<\/td>\n<\/tr>\n<tr>\n<td>Caracter\u00edsticas el\u00e9ctricas<\/td>\n<\/tr>\n<tr>\n<td>Correcci\u00f3n del factor de potencia<\/td>\n<\/tr>\n<tr>\n<td>Activo @ 0,99<\/td>\n<\/tr>\n<tr>\n<td>Protecciones<\/td>\n<\/tr>\n<tr>\n<td>Ovp (sobrevoltaje), uvp (subvoltaje), scp (cortocircuito), otp (sobretemperatura), opp (sobrecarga), ocp (sobrecorriente)<\/td>\n<\/tr>\n<tr>\n<td>Informaci\u00f3n del producto<\/td>\n<\/tr>\n<tr>\n<td>Garant\u00eda<\/td>\n<\/tr>\n<tr>\n<td>7 a\u00f1os<\/td>\n<\/tr>\n<tr>\n<td>Norma de cumplimiento<\/td>\n<\/tr>\n<tr>\n<td>Atx12v v3.1 \/ eps12v v2.92<\/td>\n<\/tr>\n<tr>\n<td>Regulaci\u00f3n y certificaci\u00f3n<\/td>\n<\/tr>\n<tr>\n<td>Ce, ukca, fcc, ic, bsmi, cb (iec 62368-1 ed. 3), rcm, kc<\/td>\n<\/tr>\n<\/table>\n","protected":false},"excerpt":{"rendered":"<p>La nzxt gold core es una fuente de alimentaci\u00f3n atx 3.1 totalmente modular con eficiencia 80 plus gold y cybenetics platinum, clasificaci\u00f3n de ruido a+\/a++ y un conector pcie 5.1 de 12 v-2&#215;6. Dise\u00f1ada para gpu modernas, ofrece una alimentaci\u00f3n limpia y silenciosa con una gesti\u00f3n de cables sencilla para pc de alto rendimiento.<\/p>\n","protected":false},"featured_media":0,"comment_status":"open","ping_status":"open","template":"","meta":[],"product_cat":[1508,1672],"product_tag":[1851],"acf":[],"yoast_head":"<!-- This site is optimized with the Yoast SEO plugin v21.7 - https:\/\/yoast.com\/wordpress\/plugins\/seo\/ -->\n<title>[ Nzxt ] &#129351; Pa-0g3bb-us Fuente De Poder C1000 Gold Core 80plus Fully Modular Atx 3.1 Power Supply Us Power Cord<\/title>\n<meta name=\"description\" content=\"Compra Pa-0g3bb-us Fuente De Poder C1000 Gold Core 80plus Fully Modular Atx 3.1 Power Supply Us Power Cord + Env\u00edo a domicilio + Pago seguro + Garant\u00eda\" \/>\n<meta name=\"robots\" content=\"index, follow, max-snippet:-1, max-image-preview:large, max-video-preview:-1\" \/>\n<link rel=\"canonical\" href=\"https:\/\/compuviper.mx\/tienda\/producto\/nzxt-pa-0g3bb-us-fuente-de-poder-c1000-gold-core-80plus-fully-modular-atx-3-1-power-supply-us-power-cord\/\" \/>\n<meta property=\"og:locale\" content=\"es_MX\" \/>\n<meta property=\"og:type\" content=\"article\" \/>\n<meta property=\"og:title\" content=\"[ Nzxt ] &#129351; Pa-0g3bb-us Fuente De Poder C1000 Gold Core 80plus Fully Modular Atx 3.1 Power Supply Us Power Cord\" \/>\n<meta property=\"og:description\" content=\"Compra Pa-0g3bb-us Fuente De Poder C1000 Gold Core 80plus Fully Modular Atx 3.1 Power Supply Us Power Cord + Env\u00edo a domicilio + Pago seguro + Garant\u00eda\" \/>\n<meta property=\"og:url\" content=\"https:\/\/compuviper.mx\/tienda\/producto\/nzxt-pa-0g3bb-us-fuente-de-poder-c1000-gold-core-80plus-fully-modular-atx-3-1-power-supply-us-power-cord\/\" \/>\n<meta property=\"og:site_name\" content=\"Compuviper\" \/>\n<meta property=\"article:publisher\" content=\"https:\/\/www.facebook.com\/compuviper\" \/>\n<meta name=\"twitter:card\" content=\"summary_large_image\" \/>\n<meta name=\"twitter:label1\" content=\"Precio\" \/>\n\t<meta name=\"twitter:data1\" content=\"&#36;2,064 con IVA\" \/>\n\t<meta name=\"twitter:label2\" content=\"Availability\" \/>\n\t<meta name=\"twitter:data2\" content=\"In stock\" \/>\n<script type=\"application\/ld+json\" class=\"yoast-schema-graph\">{\"@context\":\"https:\/\/schema.org\",\"@graph\":[{\"@type\":\"WebPage\",\"@id\":\"https:\/\/compuviper.mx\/tienda\/producto\/nzxt-pa-0g3bb-us-fuente-de-poder-c1000-gold-core-80plus-fully-modular-atx-3-1-power-supply-us-power-cord\/\",\"url\":\"https:\/\/compuviper.mx\/tienda\/producto\/nzxt-pa-0g3bb-us-fuente-de-poder-c1000-gold-core-80plus-fully-modular-atx-3-1-power-supply-us-power-cord\/\",\"name\":\"[ Nzxt ] &#129351; Pa-0g3bb-us Fuente De Poder C1000 Gold Core 80plus Fully Modular Atx 3.1 Power Supply Us Power Cord\",\"isPartOf\":{\"@id\":\"https:\/\/compuviper.mx\/tienda\/#website\"},\"datePublished\":\"2026-04-15T06:10:44+00:00\",\"dateModified\":\"2026-04-15T06:10:44+00:00\",\"description\":\"Compra Pa-0g3bb-us Fuente De Poder C1000 Gold Core 80plus Fully Modular Atx 3.1 Power Supply Us Power Cord + Env\u00edo a domicilio + Pago seguro + Garant\u00eda\",\"breadcrumb\":{\"@id\":\"https:\/\/compuviper.mx\/tienda\/producto\/nzxt-pa-0g3bb-us-fuente-de-poder-c1000-gold-core-80plus-fully-modular-atx-3-1-power-supply-us-power-cord\/#breadcrumb\"},\"inLanguage\":\"es-MX\",\"potentialAction\":[{\"@type\":\"ReadAction\",\"target\":[\"https:\/\/compuviper.mx\/tienda\/producto\/nzxt-pa-0g3bb-us-fuente-de-poder-c1000-gold-core-80plus-fully-modular-atx-3-1-power-supply-us-power-cord\/\"]}]},{\"@type\":\"BreadcrumbList\",\"@id\":\"https:\/\/compuviper.mx\/tienda\/producto\/nzxt-pa-0g3bb-us-fuente-de-poder-c1000-gold-core-80plus-fully-modular-atx-3-1-power-supply-us-power-cord\/#breadcrumb\",\"itemListElement\":[{\"@type\":\"ListItem\",\"position\":1,\"name\":\"Inicio\",\"item\":\"https:\/\/compuviper.mx\/tienda\/\"},{\"@type\":\"ListItem\",\"position\":2,\"name\":\"Productos\",\"item\":\"https:\/\/compuviper.mx\/tienda\/productos\/\"},{\"@type\":\"ListItem\",\"position\":3,\"name\":\"Energia\",\"item\":\"https:\/\/compuviper.mx\/tienda\/categoria-producto\/energia\/\"},{\"@type\":\"ListItem\",\"position\":4,\"name\":\"Fuentes De Poder\",\"item\":\"https:\/\/compuviper.mx\/tienda\/categoria-producto\/energia\/fuentes-de-poder\/\"},{\"@type\":\"ListItem\",\"position\":5,\"name\":\"Nzxt Pa-0g3bb-us Fuente De Poder C1000 Gold Core 80plus Fully Modular Atx 3.1 Power Supply Us Power Cord\"}]},{\"@type\":\"WebSite\",\"@id\":\"https:\/\/compuviper.mx\/tienda\/#website\",\"url\":\"https:\/\/compuviper.mx\/tienda\/\",\"name\":\"Compuviper\",\"description\":\"Proveedor de Computadoras, Laptops, Servidores, Monitores, Puntos de Venta, Teclados,   Impresoras, T\u00f3ner, C\u00e1maras de Seguridad y m\u00e1s en tu tienda en l\u00ednea\",\"publisher\":{\"@id\":\"https:\/\/compuviper.mx\/tienda\/#organization\"},\"potentialAction\":[{\"@type\":\"SearchAction\",\"target\":{\"@type\":\"EntryPoint\",\"urlTemplate\":\"https:\/\/compuviper.mx\/tienda\/?s={search_term_string}\"},\"query-input\":\"required name=search_term_string\"}],\"inLanguage\":\"es-MX\"},{\"@type\":\"Organization\",\"@id\":\"https:\/\/compuviper.mx\/tienda\/#organization\",\"name\":\"Compuviper\",\"url\":\"https:\/\/compuviper.mx\/tienda\/\",\"logo\":{\"@type\":\"ImageObject\",\"inLanguage\":\"es-MX\",\"@id\":\"https:\/\/compuviper.mx\/tienda\/#\/schema\/logo\/image\/\",\"url\":\"https:\/\/compuviper.mx\/tienda\/wp-content\/uploads\/2021\/08\/Logo-Compuviper-10.png\",\"contentUrl\":\"https:\/\/compuviper.mx\/tienda\/wp-content\/uploads\/2021\/08\/Logo-Compuviper-10.png\",\"width\":1000,\"height\":500,\"caption\":\"Compuviper\"},\"image\":{\"@id\":\"https:\/\/compuviper.mx\/tienda\/#\/schema\/logo\/image\/\"},\"sameAs\":[\"https:\/\/www.facebook.com\/compuviper\",\"https:\/\/www.youtube.com\/channel\/UCf73dERp9Y3cfOq7q8BhLjA?view_as=subscriber\"]}]}<\/script>\n<meta property=\"product:brand\" content=\"NZXT\" \/>\n<meta property=\"product:price:amount\" content=\"2064\" \/>\n<meta property=\"product:price:currency\" content=\"MXN\" \/>\n<meta property=\"og:availability\" content=\"instock\" \/>\n<meta property=\"product:availability\" content=\"instock\" \/>\n<meta property=\"product:retailer_item_id\" content=\"PA-0G3BB-US\" \/>\n<meta property=\"product:condition\" content=\"new\" \/>\n<!-- \/ Yoast SEO plugin. -->","yoast_head_json":{"title":"[ Nzxt ] &#129351; Pa-0g3bb-us Fuente De Poder C1000 Gold Core 80plus Fully Modular Atx 3.1 Power Supply Us Power Cord","description":"Compra Pa-0g3bb-us Fuente De Poder C1000 Gold Core 80plus Fully Modular Atx 3.1 Power Supply Us Power Cord + Env\u00edo a domicilio + Pago seguro + Garant\u00eda","robots":{"index":"index","follow":"follow","max-snippet":"max-snippet:-1","max-image-preview":"max-image-preview:large","max-video-preview":"max-video-preview:-1"},"canonical":"https:\/\/compuviper.mx\/tienda\/producto\/nzxt-pa-0g3bb-us-fuente-de-poder-c1000-gold-core-80plus-fully-modular-atx-3-1-power-supply-us-power-cord\/","og_locale":"es_MX","og_type":"article","og_title":"[ Nzxt ] &#129351; Pa-0g3bb-us Fuente De Poder C1000 Gold Core 80plus Fully Modular Atx 3.1 Power Supply Us Power Cord","og_description":"Compra Pa-0g3bb-us Fuente De Poder C1000 Gold Core 80plus Fully Modular Atx 3.1 Power Supply Us Power Cord + Env\u00edo a domicilio + Pago seguro + Garant\u00eda","og_url":"https:\/\/compuviper.mx\/tienda\/producto\/nzxt-pa-0g3bb-us-fuente-de-poder-c1000-gold-core-80plus-fully-modular-atx-3-1-power-supply-us-power-cord\/","og_site_name":"Compuviper","article_publisher":"https:\/\/www.facebook.com\/compuviper","twitter_card":"summary_large_image","twitter_misc":{"Precio":"&#36;2,064 con IVA","Availability":"In stock"},"schema":{"@context":"https:\/\/schema.org","@graph":[{"@type":"WebPage","@id":"https:\/\/compuviper.mx\/tienda\/producto\/nzxt-pa-0g3bb-us-fuente-de-poder-c1000-gold-core-80plus-fully-modular-atx-3-1-power-supply-us-power-cord\/","url":"https:\/\/compuviper.mx\/tienda\/producto\/nzxt-pa-0g3bb-us-fuente-de-poder-c1000-gold-core-80plus-fully-modular-atx-3-1-power-supply-us-power-cord\/","name":"[ Nzxt ] &#129351; Pa-0g3bb-us Fuente De Poder C1000 Gold Core 80plus Fully Modular Atx 3.1 Power Supply Us Power Cord","isPartOf":{"@id":"https:\/\/compuviper.mx\/tienda\/#website"},"datePublished":"2026-04-15T06:10:44+00:00","dateModified":"2026-04-15T06:10:44+00:00","description":"Compra Pa-0g3bb-us Fuente De Poder C1000 Gold Core 80plus Fully Modular Atx 3.1 Power Supply Us Power Cord + Env\u00edo a domicilio + Pago seguro + Garant\u00eda","breadcrumb":{"@id":"https:\/\/compuviper.mx\/tienda\/producto\/nzxt-pa-0g3bb-us-fuente-de-poder-c1000-gold-core-80plus-fully-modular-atx-3-1-power-supply-us-power-cord\/#breadcrumb"},"inLanguage":"es-MX","potentialAction":[{"@type":"ReadAction","target":["https:\/\/compuviper.mx\/tienda\/producto\/nzxt-pa-0g3bb-us-fuente-de-poder-c1000-gold-core-80plus-fully-modular-atx-3-1-power-supply-us-power-cord\/"]}]},{"@type":"BreadcrumbList","@id":"https:\/\/compuviper.mx\/tienda\/producto\/nzxt-pa-0g3bb-us-fuente-de-poder-c1000-gold-core-80plus-fully-modular-atx-3-1-power-supply-us-power-cord\/#breadcrumb","itemListElement":[{"@type":"ListItem","position":1,"name":"Inicio","item":"https:\/\/compuviper.mx\/tienda\/"},{"@type":"ListItem","position":2,"name":"Productos","item":"https:\/\/compuviper.mx\/tienda\/productos\/"},{"@type":"ListItem","position":3,"name":"Energia","item":"https:\/\/compuviper.mx\/tienda\/categoria-producto\/energia\/"},{"@type":"ListItem","position":4,"name":"Fuentes De Poder","item":"https:\/\/compuviper.mx\/tienda\/categoria-producto\/energia\/fuentes-de-poder\/"},{"@type":"ListItem","position":5,"name":"Nzxt Pa-0g3bb-us Fuente De Poder C1000 Gold Core 80plus Fully Modular Atx 3.1 Power Supply Us Power Cord"}]},{"@type":"WebSite","@id":"https:\/\/compuviper.mx\/tienda\/#website","url":"https:\/\/compuviper.mx\/tienda\/","name":"Compuviper","description":"Proveedor de Computadoras, Laptops, Servidores, Monitores, Puntos de Venta, Teclados,   Impresoras, T\u00f3ner, C\u00e1maras de Seguridad y m\u00e1s en tu tienda en l\u00ednea","publisher":{"@id":"https:\/\/compuviper.mx\/tienda\/#organization"},"potentialAction":[{"@type":"SearchAction","target":{"@type":"EntryPoint","urlTemplate":"https:\/\/compuviper.mx\/tienda\/?s={search_term_string}"},"query-input":"required name=search_term_string"}],"inLanguage":"es-MX"},{"@type":"Organization","@id":"https:\/\/compuviper.mx\/tienda\/#organization","name":"Compuviper","url":"https:\/\/compuviper.mx\/tienda\/","logo":{"@type":"ImageObject","inLanguage":"es-MX","@id":"https:\/\/compuviper.mx\/tienda\/#\/schema\/logo\/image\/","url":"https:\/\/compuviper.mx\/tienda\/wp-content\/uploads\/2021\/08\/Logo-Compuviper-10.png","contentUrl":"https:\/\/compuviper.mx\/tienda\/wp-content\/uploads\/2021\/08\/Logo-Compuviper-10.png","width":1000,"height":500,"caption":"Compuviper"},"image":{"@id":"https:\/\/compuviper.mx\/tienda\/#\/schema\/logo\/image\/"},"sameAs":["https:\/\/www.facebook.com\/compuviper","https:\/\/www.youtube.com\/channel\/UCf73dERp9Y3cfOq7q8BhLjA?view_as=subscriber"]}]},"product_brand":"NZXT","product_price_amount":"2064","product_price_currency":"MXN","og_availability":"instock","product_availability":"instock","product_retailer_item_id":"PA-0G3BB-US","product_condition":"new"},"_links":{"self":[{"href":"https:\/\/compuviper.mx\/tienda\/wp-json\/wp\/v2\/product\/263228"}],"collection":[{"href":"https:\/\/compuviper.mx\/tienda\/wp-json\/wp\/v2\/product"}],"about":[{"href":"https:\/\/compuviper.mx\/tienda\/wp-json\/wp\/v2\/types\/product"}],"replies":[{"embeddable":true,"href":"https:\/\/compuviper.mx\/tienda\/wp-json\/wp\/v2\/comments?post=263228"}],"wp:attachment":[{"href":"https:\/\/compuviper.mx\/tienda\/wp-json\/wp\/v2\/media?parent=263228"}],"wp:term":[{"taxonomy":"product_cat","embeddable":true,"href":"https:\/\/compuviper.mx\/tienda\/wp-json\/wp\/v2\/product_cat?post=263228"},{"taxonomy":"product_tag","embeddable":true,"href":"https:\/\/compuviper.mx\/tienda\/wp-json\/wp\/v2\/product_tag?post=263228"}],"curies":[{"name":"wp","href":"https:\/\/api.w.org\/{rel}","templated":true}]}}