{"id":263223,"date":"2026-04-14T23:51:46","date_gmt":"2026-04-15T05:51:46","guid":{"rendered":"https:\/\/compuviper.mx\/tienda\/producto\/nzxt-rl-kr36c-b1-disipador-de-enfriamiento-liquido-kraken-core-360mm-aio-rgb-cap-rgb-core-fan-black\/"},"modified":"2026-04-14T23:51:47","modified_gmt":"2026-04-15T05:51:47","slug":"nzxt-rl-kr36c-b1-disipador-de-enfriamiento-liquido-kraken-core-360mm-aio-rgb-cap-rgb-core-fan-black","status":"publish","type":"product","link":"https:\/\/compuviper.mx\/tienda\/producto\/nzxt-rl-kr36c-b1-disipador-de-enfriamiento-liquido-kraken-core-360mm-aio-rgb-cap-rgb-core-fan-black\/","title":{"rendered":"Nzxt Rl-kr36c-b1 Disipador De Enfriamiento Liquido  Kraken Core 360mm Aio Rgb Cap Rgb Core Fan Black"},"content":{"rendered":"<table class=\"descripcion\">\n<tr>\n<td>Bomba<\/td>\n<\/tr>\n<tr>\n<td>Velocidad del motor<\/td>\n<\/tr>\n<tr>\n<td>240mm: 3100 \u00b1 310 rpm \/ 360mm: 3100 \u00b1 310 rpm<\/td>\n<\/tr>\n<tr>\n<td>Potencia nominal<\/td>\n<\/tr>\n<tr>\n<td>240mm: 12v dc, 0,3a, 3,6w \/ 5v dc, 1a, 5w | 360mm: 12v dc, 0,3a, 3,6w \/ 5v dc, 1a, 5w<\/td>\n<\/tr>\n<tr>\n<td>Led rgb<\/td>\n<\/tr>\n<tr>\n<td>240mm: 19 leds \/ 360mm: 19 leds<\/td>\n<\/tr>\n<tr>\n<td>Dimensiones<\/td>\n<\/tr>\n<tr>\n<td>Di\u00e1metro: 70,56 mm, altura: 64,24 mm (con placa fr\u00eda)<\/td>\n<\/tr>\n<tr>\n<td>Material de la tapa<\/td>\n<\/tr>\n<tr>\n<td>Pl\u00e1stico<\/td>\n<\/tr>\n<tr>\n<td>Material de la placa fr\u00eda<\/td>\n<\/tr>\n<tr>\n<td>Cobre<\/td>\n<\/tr>\n<tr>\n<td>Radiador<\/td>\n<\/tr>\n<tr>\n<td>Dimensiones<\/td>\n<\/tr>\n<tr>\n<td>240mm: 277 x 120 x 27 mm \/ 360mm: 397 x 120 x 27 mm<\/td>\n<\/tr>\n<tr>\n<td>Material del radiador<\/td>\n<\/tr>\n<tr>\n<td>Aluminio<\/td>\n<\/tr>\n<tr>\n<td>Tuber\u00eda<\/td>\n<\/tr>\n<tr>\n<td>Longitud<\/td>\n<\/tr>\n<tr>\n<td>240mm: 400 mm \/ 360mm: 420 mm<\/td>\n<\/tr>\n<tr>\n<td>Material<\/td>\n<\/tr>\n<tr>\n<td>Goma ciir+epdm con funda trenzada de nailon<\/td>\n<\/tr>\n<tr>\n<td>Especificaciones del ventilador<\/td>\n<\/tr>\n<tr>\n<td>Modelo<\/td>\n<\/tr>\n<tr>\n<td>240mm: f240 rgb core fan (ev-b) \/ 360mm: f360 rgb core fan (ev-b)<\/td>\n<\/tr>\n<tr>\n<td>Cantidad<\/td>\n<\/tr>\n<tr>\n<td>1 (por sku)<\/td>\n<\/tr>\n<tr>\n<td>Dimensi\u00f3n<\/td>\n<\/tr>\n<tr>\n<td>240mm: 240 x 120 x 26 mm \/ 360mm: 360 x 120 x 26 mm<\/td>\n<\/tr>\n<tr>\n<td>Velocidad<\/td>\n<\/tr>\n<tr>\n<td>500\u00962.400 \u00b1 250 rpm por ventilador<\/td>\n<\/tr>\n<tr>\n<td>Flujo de aire<\/td>\n<\/tr>\n<tr>\n<td>75,05 cfm por ventilador<\/td>\n<\/tr>\n<tr>\n<td>Presi\u00f3n est\u00e1tica<\/td>\n<\/tr>\n<tr>\n<td>3,07 mm h2o por ventilador<\/td>\n<\/tr>\n<tr>\n<td>Ruido<\/td>\n<\/tr>\n<tr>\n<td>31,9 dba por ventilador<\/td>\n<\/tr>\n<tr>\n<td>Potencia nominal<\/td>\n<\/tr>\n<tr>\n<td>240mm: 12v dc, 0,74a, 8,88w \/ 5v dc, 0,45a, 2,25w | 360mm: 12v dc, 1,01a, 12,12w \/ 5v dc, 0,81a, 4,05w<\/td>\n<\/tr>\n<tr>\n<td>Rodamiento<\/td>\n<\/tr>\n<tr>\n<td>Rodamiento din\u00e1mico de fluido<\/td>\n<\/tr>\n<tr>\n<td>Led de salida<\/td>\n<\/tr>\n<tr>\n<td>8 leds por ventilador<\/td>\n<\/tr>\n<tr>\n<td>Conector<\/td>\n<\/tr>\n<tr>\n<td>1x ventilador pwm de 4 pines, 1x 5v rgb<\/td>\n<\/tr>\n<tr>\n<td>Longitud del cable<\/td>\n<\/tr>\n<tr>\n<td>600 mm<\/td>\n<\/tr>\n<tr>\n<td>Material<\/td>\n<\/tr>\n<tr>\n<td>Pl\u00e1stico, goma, pcb<\/td>\n<\/tr>\n<tr>\n<td>Vida \u00fatil<\/td>\n<\/tr>\n<tr>\n<td>60.000 horas<\/td>\n<\/tr>\n<tr>\n<td>Compatibilidad de cpu y socket<\/td>\n<\/tr>\n<tr>\n<td>Intel<\/td>\n<\/tr>\n<tr>\n<td>Intel socket lga 1851\/1700 y 1200\/115x, procesadores intel core<\/td>\n<\/tr>\n<tr>\n<td>Amd<\/td>\n<\/tr>\n<tr>\n<td>Amd socket am5, am4, procesadores amd ryzen<\/td>\n<\/tr>\n<tr>\n<td>General<\/td>\n<\/tr>\n<tr>\n<td>Garant\u00eda<\/td>\n<\/tr>\n<tr>\n<td>5 a\u00f1os<\/td>\n<\/tr>\n<\/table>\n","protected":false},"excerpt":{"rendered":"<p>El nzxt kraken core aio ofrece refrigeraci\u00f3n l\u00edquida potente y silenciosa con una bomba de alto rendimiento, ventiladores pwm e iluminaci\u00f3n rgb vibrante. F\u00e1cil de instalar y compatible con los \u00faltimos z\u00f3calos intel y amd, mantiene la cpu refrigerada, el sistema silencioso y el equipo impecable.<\/p>\n","protected":false},"featured_media":0,"comment_status":"open","ping_status":"open","template":"","meta":[],"product_cat":[1612,1859],"product_tag":[1851],"acf":[],"yoast_head":"<!-- This site is optimized with the Yoast SEO plugin v21.7 - https:\/\/yoast.com\/wordpress\/plugins\/seo\/ -->\n<title>[ Nzxt ] &#129351; Rl-kr36c-b1 Disipador De Enfriamiento Liquido Kraken Core 360mm Aio Rgb Cap Rgb Core Fan Black<\/title>\n<meta name=\"description\" content=\"Compra Rl-kr36c-b1 Disipador De Enfriamiento Liquido Kraken Core 360mm Aio Rgb Cap Rgb Core Fan Black + Env\u00edo a domicilio + Pago seguro + Garant\u00eda\" \/>\n<meta name=\"robots\" content=\"index, follow, max-snippet:-1, max-image-preview:large, max-video-preview:-1\" \/>\n<link rel=\"canonical\" href=\"https:\/\/compuviper.mx\/tienda\/producto\/nzxt-rl-kr36c-b1-disipador-de-enfriamiento-liquido-kraken-core-360mm-aio-rgb-cap-rgb-core-fan-black\/\" \/>\n<meta property=\"og:locale\" content=\"es_MX\" \/>\n<meta property=\"og:type\" content=\"article\" \/>\n<meta property=\"og:title\" content=\"[ Nzxt ] &#129351; Rl-kr36c-b1 Disipador De Enfriamiento Liquido Kraken Core 360mm Aio Rgb Cap Rgb Core Fan Black\" \/>\n<meta property=\"og:description\" content=\"Compra Rl-kr36c-b1 Disipador De Enfriamiento Liquido Kraken Core 360mm Aio Rgb Cap Rgb Core Fan Black + Env\u00edo a domicilio + Pago seguro + Garant\u00eda\" \/>\n<meta property=\"og:url\" content=\"https:\/\/compuviper.mx\/tienda\/producto\/nzxt-rl-kr36c-b1-disipador-de-enfriamiento-liquido-kraken-core-360mm-aio-rgb-cap-rgb-core-fan-black\/\" \/>\n<meta property=\"og:site_name\" content=\"Compuviper\" \/>\n<meta property=\"article:publisher\" content=\"https:\/\/www.facebook.com\/compuviper\" \/>\n<meta property=\"article:modified_time\" content=\"2026-04-15T05:51:47+00:00\" \/>\n<meta name=\"twitter:card\" content=\"summary_large_image\" \/>\n<meta name=\"twitter:label1\" content=\"Precio\" \/>\n\t<meta name=\"twitter:data1\" content=\"&#36;2,007 &#36;2,002 con IVA\" \/>\n\t<meta name=\"twitter:label2\" content=\"Availability\" \/>\n\t<meta name=\"twitter:data2\" content=\"In stock\" \/>\n<script type=\"application\/ld+json\" class=\"yoast-schema-graph\">{\"@context\":\"https:\/\/schema.org\",\"@graph\":[{\"@type\":\"WebPage\",\"@id\":\"https:\/\/compuviper.mx\/tienda\/producto\/nzxt-rl-kr36c-b1-disipador-de-enfriamiento-liquido-kraken-core-360mm-aio-rgb-cap-rgb-core-fan-black\/\",\"url\":\"https:\/\/compuviper.mx\/tienda\/producto\/nzxt-rl-kr36c-b1-disipador-de-enfriamiento-liquido-kraken-core-360mm-aio-rgb-cap-rgb-core-fan-black\/\",\"name\":\"[ Nzxt ] &#129351; Rl-kr36c-b1 Disipador De Enfriamiento Liquido Kraken Core 360mm Aio Rgb Cap Rgb Core Fan Black\",\"isPartOf\":{\"@id\":\"https:\/\/compuviper.mx\/tienda\/#website\"},\"datePublished\":\"2026-04-15T05:51:46+00:00\",\"dateModified\":\"2026-04-15T05:51:47+00:00\",\"description\":\"Compra Rl-kr36c-b1 Disipador De Enfriamiento Liquido Kraken Core 360mm Aio Rgb Cap Rgb Core Fan Black + Env\u00edo a domicilio + Pago seguro + Garant\u00eda\",\"breadcrumb\":{\"@id\":\"https:\/\/compuviper.mx\/tienda\/producto\/nzxt-rl-kr36c-b1-disipador-de-enfriamiento-liquido-kraken-core-360mm-aio-rgb-cap-rgb-core-fan-black\/#breadcrumb\"},\"inLanguage\":\"es-MX\",\"potentialAction\":[{\"@type\":\"ReadAction\",\"target\":[\"https:\/\/compuviper.mx\/tienda\/producto\/nzxt-rl-kr36c-b1-disipador-de-enfriamiento-liquido-kraken-core-360mm-aio-rgb-cap-rgb-core-fan-black\/\"]}]},{\"@type\":\"BreadcrumbList\",\"@id\":\"https:\/\/compuviper.mx\/tienda\/producto\/nzxt-rl-kr36c-b1-disipador-de-enfriamiento-liquido-kraken-core-360mm-aio-rgb-cap-rgb-core-fan-black\/#breadcrumb\",\"itemListElement\":[{\"@type\":\"ListItem\",\"position\":1,\"name\":\"Inicio\",\"item\":\"https:\/\/compuviper.mx\/tienda\/\"},{\"@type\":\"ListItem\",\"position\":2,\"name\":\"Productos\",\"item\":\"https:\/\/compuviper.mx\/tienda\/productos\/\"},{\"@type\":\"ListItem\",\"position\":3,\"name\":\"Ventiladores\",\"item\":\"https:\/\/compuviper.mx\/tienda\/categoria-producto\/ventiladores\/\"},{\"@type\":\"ListItem\",\"position\":4,\"name\":\"Disipador\",\"item\":\"https:\/\/compuviper.mx\/tienda\/categoria-producto\/ventiladores\/disipador\/\"},{\"@type\":\"ListItem\",\"position\":5,\"name\":\"Nzxt Rl-kr36c-b1 Disipador De Enfriamiento Liquido Kraken Core 360mm Aio Rgb Cap Rgb Core Fan Black\"}]},{\"@type\":\"WebSite\",\"@id\":\"https:\/\/compuviper.mx\/tienda\/#website\",\"url\":\"https:\/\/compuviper.mx\/tienda\/\",\"name\":\"Compuviper\",\"description\":\"Proveedor de Computadoras, Laptops, Servidores, Monitores, Puntos de Venta, Teclados,   Impresoras, T\u00f3ner, C\u00e1maras de Seguridad y m\u00e1s en tu tienda en l\u00ednea\",\"publisher\":{\"@id\":\"https:\/\/compuviper.mx\/tienda\/#organization\"},\"potentialAction\":[{\"@type\":\"SearchAction\",\"target\":{\"@type\":\"EntryPoint\",\"urlTemplate\":\"https:\/\/compuviper.mx\/tienda\/?s={search_term_string}\"},\"query-input\":\"required name=search_term_string\"}],\"inLanguage\":\"es-MX\"},{\"@type\":\"Organization\",\"@id\":\"https:\/\/compuviper.mx\/tienda\/#organization\",\"name\":\"Compuviper\",\"url\":\"https:\/\/compuviper.mx\/tienda\/\",\"logo\":{\"@type\":\"ImageObject\",\"inLanguage\":\"es-MX\",\"@id\":\"https:\/\/compuviper.mx\/tienda\/#\/schema\/logo\/image\/\",\"url\":\"https:\/\/compuviper.mx\/tienda\/wp-content\/uploads\/2021\/08\/Logo-Compuviper-10.png\",\"contentUrl\":\"https:\/\/compuviper.mx\/tienda\/wp-content\/uploads\/2021\/08\/Logo-Compuviper-10.png\",\"width\":1000,\"height\":500,\"caption\":\"Compuviper\"},\"image\":{\"@id\":\"https:\/\/compuviper.mx\/tienda\/#\/schema\/logo\/image\/\"},\"sameAs\":[\"https:\/\/www.facebook.com\/compuviper\",\"https:\/\/www.youtube.com\/channel\/UCf73dERp9Y3cfOq7q8BhLjA?view_as=subscriber\"]}]}<\/script>\n<meta property=\"product:brand\" content=\"NZXT\" \/>\n<meta property=\"product:price:amount\" content=\"2002\" \/>\n<meta property=\"product:price:currency\" content=\"MXN\" \/>\n<meta property=\"og:availability\" content=\"instock\" \/>\n<meta property=\"product:availability\" content=\"instock\" \/>\n<meta property=\"product:retailer_item_id\" content=\"RL-KR36C-B1\" \/>\n<meta property=\"product:condition\" content=\"new\" \/>\n<!-- \/ Yoast SEO plugin. -->","yoast_head_json":{"title":"[ Nzxt ] &#129351; Rl-kr36c-b1 Disipador De Enfriamiento Liquido Kraken Core 360mm Aio Rgb Cap Rgb Core Fan Black","description":"Compra Rl-kr36c-b1 Disipador De Enfriamiento Liquido Kraken Core 360mm Aio Rgb Cap Rgb Core Fan Black + Env\u00edo a domicilio + Pago seguro + Garant\u00eda","robots":{"index":"index","follow":"follow","max-snippet":"max-snippet:-1","max-image-preview":"max-image-preview:large","max-video-preview":"max-video-preview:-1"},"canonical":"https:\/\/compuviper.mx\/tienda\/producto\/nzxt-rl-kr36c-b1-disipador-de-enfriamiento-liquido-kraken-core-360mm-aio-rgb-cap-rgb-core-fan-black\/","og_locale":"es_MX","og_type":"article","og_title":"[ Nzxt ] &#129351; Rl-kr36c-b1 Disipador De Enfriamiento Liquido Kraken Core 360mm Aio Rgb Cap Rgb Core Fan Black","og_description":"Compra Rl-kr36c-b1 Disipador De Enfriamiento Liquido Kraken Core 360mm Aio Rgb Cap Rgb Core Fan Black + Env\u00edo a domicilio + Pago seguro + Garant\u00eda","og_url":"https:\/\/compuviper.mx\/tienda\/producto\/nzxt-rl-kr36c-b1-disipador-de-enfriamiento-liquido-kraken-core-360mm-aio-rgb-cap-rgb-core-fan-black\/","og_site_name":"Compuviper","article_publisher":"https:\/\/www.facebook.com\/compuviper","article_modified_time":"2026-04-15T05:51:47+00:00","twitter_card":"summary_large_image","twitter_misc":{"Precio":"&#36;2,007 &#36;2,002 con IVA","Availability":"In stock"},"schema":{"@context":"https:\/\/schema.org","@graph":[{"@type":"WebPage","@id":"https:\/\/compuviper.mx\/tienda\/producto\/nzxt-rl-kr36c-b1-disipador-de-enfriamiento-liquido-kraken-core-360mm-aio-rgb-cap-rgb-core-fan-black\/","url":"https:\/\/compuviper.mx\/tienda\/producto\/nzxt-rl-kr36c-b1-disipador-de-enfriamiento-liquido-kraken-core-360mm-aio-rgb-cap-rgb-core-fan-black\/","name":"[ Nzxt ] &#129351; Rl-kr36c-b1 Disipador De Enfriamiento Liquido Kraken Core 360mm Aio Rgb Cap Rgb Core Fan Black","isPartOf":{"@id":"https:\/\/compuviper.mx\/tienda\/#website"},"datePublished":"2026-04-15T05:51:46+00:00","dateModified":"2026-04-15T05:51:47+00:00","description":"Compra Rl-kr36c-b1 Disipador De Enfriamiento Liquido Kraken Core 360mm Aio Rgb Cap Rgb Core Fan Black + Env\u00edo a domicilio + Pago seguro + Garant\u00eda","breadcrumb":{"@id":"https:\/\/compuviper.mx\/tienda\/producto\/nzxt-rl-kr36c-b1-disipador-de-enfriamiento-liquido-kraken-core-360mm-aio-rgb-cap-rgb-core-fan-black\/#breadcrumb"},"inLanguage":"es-MX","potentialAction":[{"@type":"ReadAction","target":["https:\/\/compuviper.mx\/tienda\/producto\/nzxt-rl-kr36c-b1-disipador-de-enfriamiento-liquido-kraken-core-360mm-aio-rgb-cap-rgb-core-fan-black\/"]}]},{"@type":"BreadcrumbList","@id":"https:\/\/compuviper.mx\/tienda\/producto\/nzxt-rl-kr36c-b1-disipador-de-enfriamiento-liquido-kraken-core-360mm-aio-rgb-cap-rgb-core-fan-black\/#breadcrumb","itemListElement":[{"@type":"ListItem","position":1,"name":"Inicio","item":"https:\/\/compuviper.mx\/tienda\/"},{"@type":"ListItem","position":2,"name":"Productos","item":"https:\/\/compuviper.mx\/tienda\/productos\/"},{"@type":"ListItem","position":3,"name":"Ventiladores","item":"https:\/\/compuviper.mx\/tienda\/categoria-producto\/ventiladores\/"},{"@type":"ListItem","position":4,"name":"Disipador","item":"https:\/\/compuviper.mx\/tienda\/categoria-producto\/ventiladores\/disipador\/"},{"@type":"ListItem","position":5,"name":"Nzxt Rl-kr36c-b1 Disipador De Enfriamiento Liquido Kraken Core 360mm Aio Rgb Cap Rgb Core Fan Black"}]},{"@type":"WebSite","@id":"https:\/\/compuviper.mx\/tienda\/#website","url":"https:\/\/compuviper.mx\/tienda\/","name":"Compuviper","description":"Proveedor de Computadoras, Laptops, Servidores, Monitores, Puntos de Venta, Teclados,   Impresoras, T\u00f3ner, C\u00e1maras de Seguridad y m\u00e1s en tu tienda en l\u00ednea","publisher":{"@id":"https:\/\/compuviper.mx\/tienda\/#organization"},"potentialAction":[{"@type":"SearchAction","target":{"@type":"EntryPoint","urlTemplate":"https:\/\/compuviper.mx\/tienda\/?s={search_term_string}"},"query-input":"required name=search_term_string"}],"inLanguage":"es-MX"},{"@type":"Organization","@id":"https:\/\/compuviper.mx\/tienda\/#organization","name":"Compuviper","url":"https:\/\/compuviper.mx\/tienda\/","logo":{"@type":"ImageObject","inLanguage":"es-MX","@id":"https:\/\/compuviper.mx\/tienda\/#\/schema\/logo\/image\/","url":"https:\/\/compuviper.mx\/tienda\/wp-content\/uploads\/2021\/08\/Logo-Compuviper-10.png","contentUrl":"https:\/\/compuviper.mx\/tienda\/wp-content\/uploads\/2021\/08\/Logo-Compuviper-10.png","width":1000,"height":500,"caption":"Compuviper"},"image":{"@id":"https:\/\/compuviper.mx\/tienda\/#\/schema\/logo\/image\/"},"sameAs":["https:\/\/www.facebook.com\/compuviper","https:\/\/www.youtube.com\/channel\/UCf73dERp9Y3cfOq7q8BhLjA?view_as=subscriber"]}]},"product_brand":"NZXT","product_price_amount":"2002","product_price_currency":"MXN","og_availability":"instock","product_availability":"instock","product_retailer_item_id":"RL-KR36C-B1","product_condition":"new"},"_links":{"self":[{"href":"https:\/\/compuviper.mx\/tienda\/wp-json\/wp\/v2\/product\/263223"}],"collection":[{"href":"https:\/\/compuviper.mx\/tienda\/wp-json\/wp\/v2\/product"}],"about":[{"href":"https:\/\/compuviper.mx\/tienda\/wp-json\/wp\/v2\/types\/product"}],"replies":[{"embeddable":true,"href":"https:\/\/compuviper.mx\/tienda\/wp-json\/wp\/v2\/comments?post=263223"}],"wp:attachment":[{"href":"https:\/\/compuviper.mx\/tienda\/wp-json\/wp\/v2\/media?parent=263223"}],"wp:term":[{"taxonomy":"product_cat","embeddable":true,"href":"https:\/\/compuviper.mx\/tienda\/wp-json\/wp\/v2\/product_cat?post=263223"},{"taxonomy":"product_tag","embeddable":true,"href":"https:\/\/compuviper.mx\/tienda\/wp-json\/wp\/v2\/product_tag?post=263223"}],"curies":[{"name":"wp","href":"https:\/\/api.w.org\/{rel}","templated":true}]}}