{"id":263120,"date":"2026-04-23T00:18:38","date_gmt":"2026-04-23T06:18:38","guid":{"rendered":"https:\/\/compuviper.mx\/tienda\/producto\/ezviz-cs-c8c-8mp-camara-wi-fi-cs-c8c-4k-8mp-pt-exterior-vision-nocturna-audio-bidireccional-vision-panoramica-360-deteccion-inteligente-de-persona-y-vehiculos-auto-zoom-ip65-h\/"},"modified":"2026-04-23T00:18:38","modified_gmt":"2026-04-23T06:18:38","slug":"ezviz-cs-c8c-8mp-camara-wi-fi-cs-c8c-4k-8mp-pt-exterior-vision-nocturna-audio-bidireccional-vision-panoramica-360-deteccion-inteligente-de-persona-y-vehiculos-auto-zoom-ip65-h","status":"publish","type":"product","link":"https:\/\/compuviper.mx\/tienda\/producto\/ezviz-cs-c8c-8mp-camara-wi-fi-cs-c8c-4k-8mp-pt-exterior-vision-nocturna-audio-bidireccional-vision-panoramica-360-deteccion-inteligente-de-persona-y-vehiculos-auto-zoom-ip65-h\/","title":{"rendered":"Ezviz Cs-c8c (8mp) Camara Wi Fi \/  \/ Cs-c8c \/ 4k (8mp) \/ Pt \/ Exterior \/ Vision Nocturna \/ Audio Bidireccional\/ Vision Panoramica 360\/ Deteccion Inteligente De Persona Y Vehiculos \/ Auto Zoom\/ Ip65 \/h2.65\/"},"content":{"rendered":"<table class=\"descripcion\">\n<tr>\n<td>C\u00e1mara<\/td>\n<\/tr>\n<tr>\n<td>       sensor de imagen cmos de escaneo progresivo de 1\/2.7<\/td>\n<\/tr>\n<tr>\n<td> velocidad de obturaci\u00f3n obturador auto-adaptativo<\/td>\n<\/tr>\n<tr>\n<td> lente 4 mm @ f1.6<\/td>\n<\/tr>\n<tr>\n<td> \u00e1ngulo de visi\u00f3n 53\u00b0 (vertical), 87\u00b0 (horizontal), 104\u00b0 (diagonal)<\/td>\n<\/tr>\n<tr>\n<td> \u00e1ngulo pt (giro\/inclinaci\u00f3n) panor\u00e1mica: 350\u00b0, inclinaci\u00f3n: 80\u00b0<\/td>\n<\/tr>\n<tr>\n<td> iluminaci\u00f3n m\u00ednima 0.5 lux (f1.6, agc on), 0 lux con ir (*datos de laboratorios ezviz)<\/td>\n<\/tr>\n<tr>\n<td> montura de lente m12<\/td>\n<\/tr>\n<tr>\n<td> d\u00eda y noche filtro ir-cut con cambio autom\u00e1tico<\/td>\n<\/tr>\n<tr>\n<td> dnr reducci\u00f3n de ruido 3d<\/td>\n<\/tr>\n<tr>\n<td> wdr wdr digital<\/td>\n<\/tr>\n<tr>\n<td> visi\u00f3n nocturna blanco y negro 30 m \/ 98 pies<\/td>\n<\/tr>\n<tr>\n<td>Video y audio<\/td>\n<\/tr>\n<tr>\n<td> resoluci\u00f3n m\u00e1xima 3840 \u00d7 2160 (4k)<\/td>\n<\/tr>\n<tr>\n<td> frecuencia de fotogramas m\u00e1x. 15 fps (auto-adaptativa durante transmisi\u00f3n de red)<\/td>\n<\/tr>\n<tr>\n<td> compresi\u00f3n de video h.265 \/ h.264<\/td>\n<\/tr>\n<tr>\n<td> perfil h.265 main profile<\/td>\n<\/tr>\n<tr>\n<td> tasa de bits de video ultra-hd \/ alta definici\u00f3n \/ est\u00e1ndar (adaptable)<\/td>\n<\/tr>\n<tr>\n<td> tasa de bits de audio auto-adaptativa<\/td>\n<\/tr>\n<tr>\n<td>Red<\/td>\n<\/tr>\n<tr>\n<td> est\u00e1ndares wi-fi ieee 802.11b \/ g \/ n<\/td>\n<\/tr>\n<tr>\n<td> frecuencia 2.4 ghz ~ 2.4835 ghz<\/td>\n<\/tr>\n<tr>\n<td> ancho de canal 20 mhz<\/td>\n<\/tr>\n<tr>\n<td> seguridad wpa-psk \/ wpa2-psk<\/td>\n<\/tr>\n<tr>\n<td> tasa de transmisi\u00f3n 11b: 11 mbps \/ 11g: 54 mbps \/ 11n: 72 mbps<\/td>\n<\/tr>\n<tr>\n<td> emparejamiento wi-fi emparejamiento ap<\/td>\n<\/tr>\n<tr>\n<td> protocolo propietario de la nube ezviz<\/td>\n<\/tr>\n<tr>\n<td> protocolo de interfaz propietario de la nube ezviz<\/td>\n<\/tr>\n<tr>\n<td> red cableada rj45 \u00d71 (ethernet adaptativo 10m\/100m)<\/td>\n<\/tr>\n<tr>\n<td>Funciones inteligentes<\/td>\n<\/tr>\n<tr>\n<td> alarma inteligente detecci\u00f3n por ia de forma humana\/veh\u00edculo + detecci\u00f3n de movimiento<\/td>\n<\/tr>\n<tr>\n<td> auto-seguimiento compatible<\/td>\n<\/tr>\n<tr>\n<td> \u00e1rea de alerta personalizada compatible<\/td>\n<\/tr>\n<tr>\n<td> audio bidireccional compatible<\/td>\n<\/tr>\n<tr>\n<td> ubicaciones preestablecidas compatible<\/td>\n<\/tr>\n<tr>\n<td> funciones generales anti-parpadeo, doble transmisi\u00f3n, latido (heartbeat), protecci\u00f3n por contrase\u00f1a, marca de agua<\/td>\n<\/tr>\n<tr>\n<td>Almacenamiento<\/td>\n<\/tr>\n<tr>\n<td> local microsd hasta 512 gb<\/td>\n<\/tr>\n<tr>\n<td> en la nube ezviz cloud storage (requiere suscripci\u00f3n)<\/td>\n<\/tr>\n<tr>\n<td>General<\/td>\n<\/tr>\n<tr>\n<td> temperatura de operaci\u00f3n -30\u00b0c a 50\u00b0c (-22 \u00b0f a 122 \u00b0f)<\/td>\n<\/tr>\n<tr>\n<td> humedad 95% o menos (sin condensaci\u00f3n)<\/td>\n<\/tr>\n<tr>\n<td> protecci\u00f3n ip dise\u00f1o resistente a la intemperie<\/td>\n<\/tr>\n<tr>\n<td> alimentaci\u00f3n dc 12v \/ 1a<\/td>\n<\/tr>\n<tr>\n<td> consumo de energ\u00eda m\u00e1x. 12 w<\/td>\n<\/tr>\n<tr>\n<td> dimensiones 102.27 \u00d7 128.61 \u00d7 147.05 mm (0.10227 \u00d7 0.12861 \u00d7 0.14705 m)<\/td>\n<\/tr>\n<tr>\n<td> dimensiones del empaque 140 \u00d7 140 \u00d7 192 mm<\/td>\n<\/tr>\n<tr>\n<td>Peso<\/td>\n<\/tr>\n<tr>\n<td> peso neto 506 g (0.506 kg)<\/td>\n<\/tr>\n<tr>\n<td> peso con empaque 816 g (0.816 kg)<\/td>\n<\/tr>\n<\/table>\n","protected":false},"excerpt":{"rendered":"<p>La c8c 4k puede ser tu opci\u00f3n ideal como c\u00e1mara exterior con m\u00faltiples funciones para mejorar la seguridad del hogar, especialmente para la vigilancia de \u00e1reas amplias. Con su resoluci\u00f3n 4k superior y su campo de visi\u00f3n de 360 grados, puede vigilar f\u00e1cilmente tu patio trasero o la entrada de tu garaje sin puntos ciegos.<\/p>\n","protected":false},"featured_media":0,"comment_status":"open","ping_status":"open","template":"","meta":[],"product_cat":[1608,1681],"product_tag":[2123],"acf":[],"yoast_head":"<!-- This site is optimized with the Yoast SEO plugin v21.7 - https:\/\/yoast.com\/wordpress\/plugins\/seo\/ -->\n<title>[ Ezviz ] &#129351; Cs-c8c (8mp) Camara Wi Fi \/ \/ Cs-c8c \/ 4k (8mp) \/ Pt \/ Exterior \/ Vision Nocturna \/ Audio Bidireccional\/ Vision Panoramica 360\/ Deteccion Inteligente De Persona Y Vehiculos \/ Auto Zoom\/ Ip65 \/h2.65\/<\/title>\n<meta name=\"description\" content=\"Compra Cs-c8c (8mp) Camara Wi Fi \/ \/ Cs-c8c \/ 4k (8mp) \/ Pt \/ Exterior \/ Vision Nocturna \/ Audio Bidireccional\/ Vision Panoramica 360\/ Deteccion Inteligente De Persona Y Vehiculos \/ Auto Zoom\/ Ip65 \/h2.65\/ + Env\u00edo a domicilio + Pago seguro + Garant\u00eda\" \/>\n<meta name=\"robots\" content=\"index, follow, max-snippet:-1, max-image-preview:large, max-video-preview:-1\" \/>\n<link rel=\"canonical\" href=\"https:\/\/compuviper.mx\/tienda\/producto\/ezviz-cs-c8c-8mp-camara-wi-fi-cs-c8c-4k-8mp-pt-exterior-vision-nocturna-audio-bidireccional-vision-panoramica-360-deteccion-inteligente-de-persona-y-vehiculos-auto-zoom-ip65-h\/\" \/>\n<meta property=\"og:locale\" content=\"es_MX\" \/>\n<meta property=\"og:type\" content=\"article\" \/>\n<meta property=\"og:title\" content=\"[ Ezviz ] &#129351; Cs-c8c (8mp) Camara Wi Fi \/ \/ Cs-c8c \/ 4k (8mp) \/ Pt \/ Exterior \/ Vision Nocturna \/ Audio Bidireccional\/ Vision Panoramica 360\/ Deteccion Inteligente De Persona Y Vehiculos \/ Auto Zoom\/ Ip65 \/h2.65\/\" \/>\n<meta property=\"og:description\" content=\"Compra Cs-c8c (8mp) Camara Wi Fi \/ \/ Cs-c8c \/ 4k (8mp) \/ Pt \/ Exterior \/ Vision Nocturna \/ Audio Bidireccional\/ Vision Panoramica 360\/ Deteccion Inteligente De Persona Y Vehiculos \/ Auto Zoom\/ Ip65 \/h2.65\/ + Env\u00edo a domicilio + Pago seguro + Garant\u00eda\" \/>\n<meta property=\"og:url\" content=\"https:\/\/compuviper.mx\/tienda\/producto\/ezviz-cs-c8c-8mp-camara-wi-fi-cs-c8c-4k-8mp-pt-exterior-vision-nocturna-audio-bidireccional-vision-panoramica-360-deteccion-inteligente-de-persona-y-vehiculos-auto-zoom-ip65-h\/\" \/>\n<meta property=\"og:site_name\" content=\"Compuviper\" \/>\n<meta property=\"article:publisher\" content=\"https:\/\/www.facebook.com\/compuviper\" \/>\n<meta name=\"twitter:card\" content=\"summary_large_image\" \/>\n<meta name=\"twitter:label1\" content=\"Precio\" \/>\n\t<meta name=\"twitter:data1\" content=\"&#36;1,030 con IVA\" \/>\n\t<meta name=\"twitter:label2\" content=\"Availability\" \/>\n\t<meta name=\"twitter:data2\" content=\"In stock\" \/>\n<script type=\"application\/ld+json\" class=\"yoast-schema-graph\">{\"@context\":\"https:\/\/schema.org\",\"@graph\":[{\"@type\":\"WebPage\",\"@id\":\"https:\/\/compuviper.mx\/tienda\/producto\/ezviz-cs-c8c-8mp-camara-wi-fi-cs-c8c-4k-8mp-pt-exterior-vision-nocturna-audio-bidireccional-vision-panoramica-360-deteccion-inteligente-de-persona-y-vehiculos-auto-zoom-ip65-h\/\",\"url\":\"https:\/\/compuviper.mx\/tienda\/producto\/ezviz-cs-c8c-8mp-camara-wi-fi-cs-c8c-4k-8mp-pt-exterior-vision-nocturna-audio-bidireccional-vision-panoramica-360-deteccion-inteligente-de-persona-y-vehiculos-auto-zoom-ip65-h\/\",\"name\":\"[ Ezviz ] &#129351; Cs-c8c (8mp) Camara Wi Fi \/ \/ Cs-c8c \/ 4k (8mp) \/ Pt \/ Exterior \/ Vision Nocturna \/ Audio Bidireccional\/ Vision Panoramica 360\/ Deteccion Inteligente De Persona Y Vehiculos \/ Auto Zoom\/ Ip65 \/h2.65\/\",\"isPartOf\":{\"@id\":\"https:\/\/compuviper.mx\/tienda\/#website\"},\"datePublished\":\"2026-04-23T06:18:38+00:00\",\"dateModified\":\"2026-04-23T06:18:38+00:00\",\"description\":\"Compra Cs-c8c (8mp) Camara Wi Fi \/ \/ Cs-c8c \/ 4k (8mp) \/ Pt \/ Exterior \/ Vision Nocturna \/ Audio Bidireccional\/ Vision Panoramica 360\/ Deteccion Inteligente De Persona Y Vehiculos \/ Auto Zoom\/ Ip65 \/h2.65\/ + Env\u00edo a domicilio + Pago seguro + Garant\u00eda\",\"breadcrumb\":{\"@id\":\"https:\/\/compuviper.mx\/tienda\/producto\/ezviz-cs-c8c-8mp-camara-wi-fi-cs-c8c-4k-8mp-pt-exterior-vision-nocturna-audio-bidireccional-vision-panoramica-360-deteccion-inteligente-de-persona-y-vehiculos-auto-zoom-ip65-h\/#breadcrumb\"},\"inLanguage\":\"es-MX\",\"potentialAction\":[{\"@type\":\"ReadAction\",\"target\":[\"https:\/\/compuviper.mx\/tienda\/producto\/ezviz-cs-c8c-8mp-camara-wi-fi-cs-c8c-4k-8mp-pt-exterior-vision-nocturna-audio-bidireccional-vision-panoramica-360-deteccion-inteligente-de-persona-y-vehiculos-auto-zoom-ip65-h\/\"]}]},{\"@type\":\"BreadcrumbList\",\"@id\":\"https:\/\/compuviper.mx\/tienda\/producto\/ezviz-cs-c8c-8mp-camara-wi-fi-cs-c8c-4k-8mp-pt-exterior-vision-nocturna-audio-bidireccional-vision-panoramica-360-deteccion-inteligente-de-persona-y-vehiculos-auto-zoom-ip65-h\/#breadcrumb\",\"itemListElement\":[{\"@type\":\"ListItem\",\"position\":1,\"name\":\"Inicio\",\"item\":\"https:\/\/compuviper.mx\/tienda\/\"},{\"@type\":\"ListItem\",\"position\":2,\"name\":\"Productos\",\"item\":\"https:\/\/compuviper.mx\/tienda\/productos\/\"},{\"@type\":\"ListItem\",\"position\":3,\"name\":\"Camaras\",\"item\":\"https:\/\/compuviper.mx\/tienda\/categoria-producto\/camaras-2\/\"},{\"@type\":\"ListItem\",\"position\":4,\"name\":\"Camara De Videovigilancia\",\"item\":\"https:\/\/compuviper.mx\/tienda\/categoria-producto\/camaras-2\/camara-de-videovigilancia\/\"},{\"@type\":\"ListItem\",\"position\":5,\"name\":\"Ezviz Cs-c8c (8mp) Camara Wi Fi \/ \/ Cs-c8c \/ 4k (8mp) \/ Pt \/ Exterior \/ Vision Nocturna \/ Audio Bidireccional\/ Vision Panoramica 360\/ Deteccion Inteligente De Persona Y Vehiculos \/ Auto Zoom\/ Ip65 \/h2.65\/\"}]},{\"@type\":\"WebSite\",\"@id\":\"https:\/\/compuviper.mx\/tienda\/#website\",\"url\":\"https:\/\/compuviper.mx\/tienda\/\",\"name\":\"Compuviper\",\"description\":\"Proveedor de Computadoras, Laptops, Servidores, Monitores, Puntos de Venta, Teclados,   Impresoras, T\u00f3ner, C\u00e1maras de Seguridad y m\u00e1s en tu tienda en l\u00ednea\",\"publisher\":{\"@id\":\"https:\/\/compuviper.mx\/tienda\/#organization\"},\"potentialAction\":[{\"@type\":\"SearchAction\",\"target\":{\"@type\":\"EntryPoint\",\"urlTemplate\":\"https:\/\/compuviper.mx\/tienda\/?s={search_term_string}\"},\"query-input\":\"required name=search_term_string\"}],\"inLanguage\":\"es-MX\"},{\"@type\":\"Organization\",\"@id\":\"https:\/\/compuviper.mx\/tienda\/#organization\",\"name\":\"Compuviper\",\"url\":\"https:\/\/compuviper.mx\/tienda\/\",\"logo\":{\"@type\":\"ImageObject\",\"inLanguage\":\"es-MX\",\"@id\":\"https:\/\/compuviper.mx\/tienda\/#\/schema\/logo\/image\/\",\"url\":\"https:\/\/compuviper.mx\/tienda\/wp-content\/uploads\/2021\/08\/Logo-Compuviper-10.png\",\"contentUrl\":\"https:\/\/compuviper.mx\/tienda\/wp-content\/uploads\/2021\/08\/Logo-Compuviper-10.png\",\"width\":1000,\"height\":500,\"caption\":\"Compuviper\"},\"image\":{\"@id\":\"https:\/\/compuviper.mx\/tienda\/#\/schema\/logo\/image\/\"},\"sameAs\":[\"https:\/\/www.facebook.com\/compuviper\",\"https:\/\/www.youtube.com\/channel\/UCf73dERp9Y3cfOq7q8BhLjA?view_as=subscriber\"]}]}<\/script>\n<meta property=\"product:brand\" content=\"Ezviz\" \/>\n<meta property=\"product:price:amount\" content=\"1030\" \/>\n<meta property=\"product:price:currency\" content=\"MXN\" \/>\n<meta property=\"og:availability\" content=\"instock\" \/>\n<meta property=\"product:availability\" content=\"instock\" \/>\n<meta property=\"product:retailer_item_id\" content=\"CS-C8C (8MP)\" \/>\n<meta property=\"product:condition\" content=\"new\" \/>\n<!-- \/ Yoast SEO plugin. -->","yoast_head_json":{"title":"[ Ezviz ] &#129351; Cs-c8c (8mp) Camara Wi Fi \/ \/ Cs-c8c \/ 4k (8mp) \/ Pt \/ Exterior \/ Vision Nocturna \/ Audio Bidireccional\/ Vision Panoramica 360\/ Deteccion Inteligente De Persona Y Vehiculos \/ Auto Zoom\/ Ip65 \/h2.65\/","description":"Compra Cs-c8c (8mp) Camara Wi Fi \/ \/ Cs-c8c \/ 4k (8mp) \/ Pt \/ Exterior \/ Vision Nocturna \/ Audio Bidireccional\/ Vision Panoramica 360\/ Deteccion Inteligente De Persona Y Vehiculos \/ Auto Zoom\/ Ip65 \/h2.65\/ + Env\u00edo a domicilio + Pago seguro + Garant\u00eda","robots":{"index":"index","follow":"follow","max-snippet":"max-snippet:-1","max-image-preview":"max-image-preview:large","max-video-preview":"max-video-preview:-1"},"canonical":"https:\/\/compuviper.mx\/tienda\/producto\/ezviz-cs-c8c-8mp-camara-wi-fi-cs-c8c-4k-8mp-pt-exterior-vision-nocturna-audio-bidireccional-vision-panoramica-360-deteccion-inteligente-de-persona-y-vehiculos-auto-zoom-ip65-h\/","og_locale":"es_MX","og_type":"article","og_title":"[ Ezviz ] &#129351; Cs-c8c (8mp) Camara Wi Fi \/ \/ Cs-c8c \/ 4k (8mp) \/ Pt \/ Exterior \/ Vision Nocturna \/ Audio Bidireccional\/ Vision Panoramica 360\/ Deteccion Inteligente De Persona Y Vehiculos \/ Auto Zoom\/ Ip65 \/h2.65\/","og_description":"Compra Cs-c8c (8mp) Camara Wi Fi \/ \/ Cs-c8c \/ 4k (8mp) \/ Pt \/ Exterior \/ Vision Nocturna \/ Audio Bidireccional\/ Vision Panoramica 360\/ Deteccion Inteligente De Persona Y Vehiculos \/ Auto Zoom\/ Ip65 \/h2.65\/ + Env\u00edo a domicilio + Pago seguro + Garant\u00eda","og_url":"https:\/\/compuviper.mx\/tienda\/producto\/ezviz-cs-c8c-8mp-camara-wi-fi-cs-c8c-4k-8mp-pt-exterior-vision-nocturna-audio-bidireccional-vision-panoramica-360-deteccion-inteligente-de-persona-y-vehiculos-auto-zoom-ip65-h\/","og_site_name":"Compuviper","article_publisher":"https:\/\/www.facebook.com\/compuviper","twitter_card":"summary_large_image","twitter_misc":{"Precio":"&#36;1,030 con IVA","Availability":"In stock"},"schema":{"@context":"https:\/\/schema.org","@graph":[{"@type":"WebPage","@id":"https:\/\/compuviper.mx\/tienda\/producto\/ezviz-cs-c8c-8mp-camara-wi-fi-cs-c8c-4k-8mp-pt-exterior-vision-nocturna-audio-bidireccional-vision-panoramica-360-deteccion-inteligente-de-persona-y-vehiculos-auto-zoom-ip65-h\/","url":"https:\/\/compuviper.mx\/tienda\/producto\/ezviz-cs-c8c-8mp-camara-wi-fi-cs-c8c-4k-8mp-pt-exterior-vision-nocturna-audio-bidireccional-vision-panoramica-360-deteccion-inteligente-de-persona-y-vehiculos-auto-zoom-ip65-h\/","name":"[ Ezviz ] &#129351; Cs-c8c (8mp) Camara Wi Fi \/ \/ Cs-c8c \/ 4k (8mp) \/ Pt \/ Exterior \/ Vision Nocturna \/ Audio Bidireccional\/ Vision Panoramica 360\/ Deteccion Inteligente De Persona Y Vehiculos \/ Auto Zoom\/ Ip65 \/h2.65\/","isPartOf":{"@id":"https:\/\/compuviper.mx\/tienda\/#website"},"datePublished":"2026-04-23T06:18:38+00:00","dateModified":"2026-04-23T06:18:38+00:00","description":"Compra Cs-c8c (8mp) Camara Wi Fi \/ \/ Cs-c8c \/ 4k (8mp) \/ Pt \/ Exterior \/ Vision Nocturna \/ Audio Bidireccional\/ Vision Panoramica 360\/ Deteccion Inteligente De Persona Y Vehiculos \/ Auto Zoom\/ Ip65 \/h2.65\/ + Env\u00edo a domicilio + Pago seguro + Garant\u00eda","breadcrumb":{"@id":"https:\/\/compuviper.mx\/tienda\/producto\/ezviz-cs-c8c-8mp-camara-wi-fi-cs-c8c-4k-8mp-pt-exterior-vision-nocturna-audio-bidireccional-vision-panoramica-360-deteccion-inteligente-de-persona-y-vehiculos-auto-zoom-ip65-h\/#breadcrumb"},"inLanguage":"es-MX","potentialAction":[{"@type":"ReadAction","target":["https:\/\/compuviper.mx\/tienda\/producto\/ezviz-cs-c8c-8mp-camara-wi-fi-cs-c8c-4k-8mp-pt-exterior-vision-nocturna-audio-bidireccional-vision-panoramica-360-deteccion-inteligente-de-persona-y-vehiculos-auto-zoom-ip65-h\/"]}]},{"@type":"BreadcrumbList","@id":"https:\/\/compuviper.mx\/tienda\/producto\/ezviz-cs-c8c-8mp-camara-wi-fi-cs-c8c-4k-8mp-pt-exterior-vision-nocturna-audio-bidireccional-vision-panoramica-360-deteccion-inteligente-de-persona-y-vehiculos-auto-zoom-ip65-h\/#breadcrumb","itemListElement":[{"@type":"ListItem","position":1,"name":"Inicio","item":"https:\/\/compuviper.mx\/tienda\/"},{"@type":"ListItem","position":2,"name":"Productos","item":"https:\/\/compuviper.mx\/tienda\/productos\/"},{"@type":"ListItem","position":3,"name":"Camaras","item":"https:\/\/compuviper.mx\/tienda\/categoria-producto\/camaras-2\/"},{"@type":"ListItem","position":4,"name":"Camara De Videovigilancia","item":"https:\/\/compuviper.mx\/tienda\/categoria-producto\/camaras-2\/camara-de-videovigilancia\/"},{"@type":"ListItem","position":5,"name":"Ezviz Cs-c8c (8mp) Camara Wi Fi \/ \/ Cs-c8c \/ 4k (8mp) \/ Pt \/ Exterior \/ Vision Nocturna \/ Audio Bidireccional\/ Vision Panoramica 360\/ Deteccion Inteligente De Persona Y Vehiculos \/ Auto Zoom\/ Ip65 \/h2.65\/"}]},{"@type":"WebSite","@id":"https:\/\/compuviper.mx\/tienda\/#website","url":"https:\/\/compuviper.mx\/tienda\/","name":"Compuviper","description":"Proveedor de Computadoras, Laptops, Servidores, Monitores, Puntos de Venta, Teclados,   Impresoras, T\u00f3ner, C\u00e1maras de Seguridad y m\u00e1s en tu tienda en l\u00ednea","publisher":{"@id":"https:\/\/compuviper.mx\/tienda\/#organization"},"potentialAction":[{"@type":"SearchAction","target":{"@type":"EntryPoint","urlTemplate":"https:\/\/compuviper.mx\/tienda\/?s={search_term_string}"},"query-input":"required name=search_term_string"}],"inLanguage":"es-MX"},{"@type":"Organization","@id":"https:\/\/compuviper.mx\/tienda\/#organization","name":"Compuviper","url":"https:\/\/compuviper.mx\/tienda\/","logo":{"@type":"ImageObject","inLanguage":"es-MX","@id":"https:\/\/compuviper.mx\/tienda\/#\/schema\/logo\/image\/","url":"https:\/\/compuviper.mx\/tienda\/wp-content\/uploads\/2021\/08\/Logo-Compuviper-10.png","contentUrl":"https:\/\/compuviper.mx\/tienda\/wp-content\/uploads\/2021\/08\/Logo-Compuviper-10.png","width":1000,"height":500,"caption":"Compuviper"},"image":{"@id":"https:\/\/compuviper.mx\/tienda\/#\/schema\/logo\/image\/"},"sameAs":["https:\/\/www.facebook.com\/compuviper","https:\/\/www.youtube.com\/channel\/UCf73dERp9Y3cfOq7q8BhLjA?view_as=subscriber"]}]},"product_brand":"Ezviz","product_price_amount":"1030","product_price_currency":"MXN","og_availability":"instock","product_availability":"instock","product_retailer_item_id":"CS-C8C (8MP)","product_condition":"new"},"_links":{"self":[{"href":"https:\/\/compuviper.mx\/tienda\/wp-json\/wp\/v2\/product\/263120"}],"collection":[{"href":"https:\/\/compuviper.mx\/tienda\/wp-json\/wp\/v2\/product"}],"about":[{"href":"https:\/\/compuviper.mx\/tienda\/wp-json\/wp\/v2\/types\/product"}],"replies":[{"embeddable":true,"href":"https:\/\/compuviper.mx\/tienda\/wp-json\/wp\/v2\/comments?post=263120"}],"wp:attachment":[{"href":"https:\/\/compuviper.mx\/tienda\/wp-json\/wp\/v2\/media?parent=263120"}],"wp:term":[{"taxonomy":"product_cat","embeddable":true,"href":"https:\/\/compuviper.mx\/tienda\/wp-json\/wp\/v2\/product_cat?post=263120"},{"taxonomy":"product_tag","embeddable":true,"href":"https:\/\/compuviper.mx\/tienda\/wp-json\/wp\/v2\/product_tag?post=263120"}],"curies":[{"name":"wp","href":"https:\/\/api.w.org\/{rel}","templated":true}]}}