{"id":263117,"date":"2026-04-15T00:11:18","date_gmt":"2026-04-15T06:11:18","guid":{"rendered":"https:\/\/compuviper.mx\/tienda\/producto\/balam-rush-br-941488-gabinete-gamer-tank-polar-7900-media-torre-atx-m-atx-itx-ventiladores-incluidos-cristal-templado-soporte-para-enfriamiento-liquido-iluminacion-argb-blanco\/"},"modified":"2026-04-15T00:11:18","modified_gmt":"2026-04-15T06:11:18","slug":"balam-rush-br-941488-gabinete-gamer-tank-polar-7900-media-torre-atx-m-atx-itx-ventiladores-incluidos-cristal-templado-soporte-para-enfriamiento-liquido-iluminacion-argb-blanco","status":"publish","type":"product","link":"https:\/\/compuviper.mx\/tienda\/producto\/balam-rush-br-941488-gabinete-gamer-tank-polar-7900-media-torre-atx-m-atx-itx-ventiladores-incluidos-cristal-templado-soporte-para-enfriamiento-liquido-iluminacion-argb-blanco\/","title":{"rendered":"Balam Rush Br-941488 Gabinete Gamer  Tank Polar 7900 \/ Media Torre \/ Atx &#8211; M-atx &#8211; Itx \/ Ventiladores Incluidos \/ Cristal Templado \/ Soporte Para Enfriamiento Liquido \/ Iluminacion Argb \/ Blanco \/"},"content":{"rendered":"<table class=\"descripcion\">\n<tr>\n<td>Especificaciones del gabinete<\/td>\n<\/tr>\n<tr>\n<td>\u0095 modelo: br-941488<\/td>\n<\/tr>\n<tr>\n<td>\u0095 producto: gabinete gamer<\/td>\n<\/tr>\n<tr>\n<td>\u0095 factor de forma: media torre<\/td>\n<\/tr>\n<tr>\n<td>\u0095 color exterior: blanco<\/td>\n<\/tr>\n<tr>\n<td>\u0095 material<\/td>\n<\/tr>\n<tr>\n<td>      o exterior: sppc + cristal templado<\/td>\n<\/tr>\n<tr>\n<td>      o panel izquierdo: cristal templado<\/td>\n<\/tr>\n<tr>\n<td>      o panel derecho: spcc<\/td>\n<\/tr>\n<tr>\n<td>      o panel frontal: cristal templado<\/td>\n<\/tr>\n<tr>\n<td>      o tipo de acero y grosor: spcc 0.65 mm<\/td>\n<\/tr>\n<tr>\n<td>\u0095 dimensiones: 44.5 x 23.5 x 47.2 cm<\/td>\n<\/tr>\n<tr>\n<td>\u0095 soporte tarjeta madre: atx \/ m-atx \/ itx<\/td>\n<\/tr>\n<tr>\n<td>\u0095 slots expandibles: 7<\/td>\n<\/tr>\n<tr>\n<td>\u0095 bah\u00edas para unidades<\/td>\n<\/tr>\n<tr>\n<td>      o 3.5 hdd: 1<\/td>\n<\/tr>\n<tr>\n<td>      o 3.5 \/ 2.5 combo: 2<\/td>\n<\/tr>\n<tr>\n<td>\u0095 panel i\/o<\/td>\n<\/tr>\n<tr>\n<td>      o puertos usb: 1x usb tipo c 3.1 + 1x usb 3.0 + 1x usb 2.0<\/td>\n<\/tr>\n<tr>\n<td>      o audio: hd audio + mic<\/td>\n<\/tr>\n<tr>\n<td>\u0095 ventiladores<\/td>\n<\/tr>\n<tr>\n<td>      o superior: 3x 120 mm \/ 2x 140 mm<\/td>\n<\/tr>\n<tr>\n<td>      o trasero: 1x 120 mm<\/td>\n<\/tr>\n<tr>\n<td>      o inferior: 1x 120 mm hdd \/ lateral 3x 120 mm<\/td>\n<\/tr>\n<tr>\n<td>\u0095 ventiladores pre instalados<\/td>\n<\/tr>\n<tr>\n<td>      o trasero: 1x 120mm<\/td>\n<\/tr>\n<tr>\n<td>      o inferior: 1x 120 mm hdd<\/td>\n<\/tr>\n<tr>\n<td>      o otros: frontal 3x 120 mm<\/td>\n<\/tr>\n<tr>\n<td>\u0095 informaci\u00f3n de ventiladores pre instalados<\/td>\n<\/tr>\n<tr>\n<td>      o velocidad: 600-1600\u00b110%<\/td>\n<\/tr>\n<tr>\n<td>      o flujo de aire: 48cfm<\/td>\n<\/tr>\n<tr>\n<td>      o presi\u00f3n de aire: 2.25 mmh2o<\/td>\n<\/tr>\n<tr>\n<td>      o ruido: 28 db(a)<\/td>\n<\/tr>\n<tr>\n<td>      o tipo de iluminacion: argb<\/td>\n<\/tr>\n<tr>\n<td>      o alimentacion: motor:12v 0.15a led: 5v 0.57a(max)<\/td>\n<\/tr>\n<tr>\n<td>\u0095 radiador<\/td>\n<\/tr>\n<tr>\n<td>      o superior: 120\/240\/360 mm<\/td>\n<\/tr>\n<tr>\n<td>      o trasero: 120 \/ 140 mm<\/td>\n<\/tr>\n<tr>\n<td>\u0095 tolerancias<\/td>\n<\/tr>\n<tr>\n<td>      o enfriamiento cpu torre: 175 mm<\/td>\n<\/tr>\n<tr>\n<td>      o tarjetas gr\u00e1ficas: 420 mm<\/td>\n<\/tr>\n<tr>\n<td>\u0095 cableado: detr\u00e1s de mb 27 mm<\/td>\n<\/tr>\n<tr>\n<td>\u0095 filtros de polvo: superior e inferior<\/td>\n<\/tr>\n<tr>\n<td>\u0095 fuente de poder<\/td>\n<\/tr>\n<tr>\n<td>      o tipo atx<\/td>\n<\/tr>\n<tr>\n<td>      o ubicaci\u00f3n: trasera<\/td>\n<\/tr>\n<tr>\n<td>\u0095 accesorios: si<\/td>\n<\/tr>\n<tr>\n<td>\u0095 boton de reset: si<\/td>\n<\/tr>\n<tr>\n<td>\u0095 boton de encendido: si<\/td>\n<\/tr>\n<\/table>\n","protected":false},"excerpt":{"rendered":"<p>Dise\u00f1o premium. Con cristal templado. Su construcci\u00f3n en sppc y cristal templado. Combina resistencia y estilo. Disponible en. Negro y blanco, se adapta a cualquier setup. Gaming, destacando tu configuraci\u00f3n con. Elegancia. Conectividad moderna. Y accesible. El panel i\/o cuenta con usb tipo c 3.1. Usb 3.0, usb 2.0 y puertos de audio hd. Brindando acceso r\u00e1pido a tus perif\u00e9ricos y. Dispositivos, mejorando la conectividad de tu. Equipo. Soporte para. Enfriamiento l\u00edquido. Admite radiadores de hasta 360 mm en la. Parte superior, asegurando un rendimiento. T\u00e9rmico avanzado para mantener temperaturas. Bajas en tus componentes. Compatibilidad. Total con placas. Madre. Soporta placas madre atx. M-atx e itx, lo que te brinda. Exibilidad para construir el. Sistema que m\u00e1s se ajuste a tus. Necesidades de rendimiento y. Espacio. Ventilaci\u00f3n estrat\u00e9gica. Y ajustable. El ventilador inferior con ajuste de. \u00e1ngulo optimiza la ventilaci\u00f3n y mejora. El flujo de aire hacia tus componentes. Manteni\u00e9ndolos frescos durante largas. Sesiones de juego. Espacio amplio. Para componentes. Con tolerancia para tarjetas gr\u00e1ficas. De hasta 420 mm y enfriamiento de. Cpu de 175 mm, es ideal para. Equipos de alto rendimiento y. Actualizaciones futuras. Montaje sin. Complicaciones. La configuraci\u00f3n f\u00e1cil y pr\u00e1ctica te. Permitir\u00e1 montar tu sistema r\u00e1pidamente. Sin preocuparte por el espacio o las. Limitaciones. \u00a1comienza a jugar en cuesti\u00f3n. De minutos!<\/p>\n","protected":false},"featured_media":263610,"comment_status":"open","ping_status":"open","template":"","meta":[],"product_cat":[1674,1676],"product_tag":[2097],"acf":[],"yoast_head":"<!-- This site is optimized with the Yoast SEO plugin v21.7 - https:\/\/yoast.com\/wordpress\/plugins\/seo\/ -->\n<title>[ Balam Rush ] &#129351; Br-941488 Gabinete Gamer Tank Polar 7900 \/ Media Torre \/ Atx - M-atx - Itx \/ Ventiladores Incluidos \/ Cristal Templado \/ Soporte Para Enfriamiento Liquido \/ Iluminacion Argb \/ Blanco \/<\/title>\n<meta name=\"description\" content=\"Compra Br-941488 Gabinete Gamer Tank Polar 7900 \/ Media Torre \/ Atx - M-atx - Itx \/ Ventiladores Incluidos \/ Cristal Templado \/ Soporte Para Enfriamiento Liquido \/ Iluminacion Argb \/ Blanco \/ + Env\u00edo a domicilio + Pago seguro + Garant\u00eda\" \/>\n<meta name=\"robots\" content=\"index, follow, max-snippet:-1, max-image-preview:large, max-video-preview:-1\" \/>\n<link rel=\"canonical\" href=\"https:\/\/compuviper.mx\/tienda\/producto\/balam-rush-br-941488-gabinete-gamer-tank-polar-7900-media-torre-atx-m-atx-itx-ventiladores-incluidos-cristal-templado-soporte-para-enfriamiento-liquido-iluminacion-argb-blanco\/\" \/>\n<meta property=\"og:locale\" content=\"es_MX\" \/>\n<meta property=\"og:type\" content=\"article\" \/>\n<meta property=\"og:title\" content=\"[ Balam Rush ] &#129351; Br-941488 Gabinete Gamer Tank Polar 7900 \/ Media Torre \/ Atx - M-atx - Itx \/ Ventiladores Incluidos \/ Cristal Templado \/ Soporte Para Enfriamiento Liquido \/ Iluminacion Argb \/ Blanco \/\" \/>\n<meta property=\"og:description\" content=\"Compra Br-941488 Gabinete Gamer Tank Polar 7900 \/ Media Torre \/ Atx - M-atx - Itx \/ Ventiladores Incluidos \/ Cristal Templado \/ Soporte Para Enfriamiento Liquido \/ Iluminacion Argb \/ Blanco \/ + Env\u00edo a domicilio + Pago seguro + Garant\u00eda\" \/>\n<meta property=\"og:url\" content=\"https:\/\/compuviper.mx\/tienda\/producto\/balam-rush-br-941488-gabinete-gamer-tank-polar-7900-media-torre-atx-m-atx-itx-ventiladores-incluidos-cristal-templado-soporte-para-enfriamiento-liquido-iluminacion-argb-blanco\/\" \/>\n<meta property=\"og:site_name\" content=\"Compuviper\" \/>\n<meta property=\"article:publisher\" content=\"https:\/\/www.facebook.com\/compuviper\" \/>\n<meta property=\"og:image\" content=\"https:\/\/compuviper.mx\/tienda\/wp-content\/uploads\/2025\/11\/Gabinete-gamer-balam-rush-tank-polar-7900-media-torre-atx-m-atx-itx-ventiladores-incluidos-cristal-templado-soporte-para-enfriamiento-liquido-iluminacion-argb-blanco-br-941488.jpg\" \/>\n\t<meta property=\"og:image:width\" content=\"200\" \/>\n\t<meta property=\"og:image:height\" content=\"200\" \/>\n\t<meta property=\"og:image:type\" content=\"image\/jpeg\" \/>\n<meta name=\"twitter:card\" content=\"summary_large_image\" \/>\n<meta name=\"twitter:label1\" content=\"Precio\" \/>\n\t<meta name=\"twitter:data1\" content=\"&#36;1,697 con IVA\" \/>\n\t<meta name=\"twitter:label2\" content=\"Availability\" \/>\n\t<meta name=\"twitter:data2\" content=\"In stock\" \/>\n<script type=\"application\/ld+json\" class=\"yoast-schema-graph\">{\"@context\":\"https:\/\/schema.org\",\"@graph\":[{\"@type\":\"WebPage\",\"@id\":\"https:\/\/compuviper.mx\/tienda\/producto\/balam-rush-br-941488-gabinete-gamer-tank-polar-7900-media-torre-atx-m-atx-itx-ventiladores-incluidos-cristal-templado-soporte-para-enfriamiento-liquido-iluminacion-argb-blanco\/\",\"url\":\"https:\/\/compuviper.mx\/tienda\/producto\/balam-rush-br-941488-gabinete-gamer-tank-polar-7900-media-torre-atx-m-atx-itx-ventiladores-incluidos-cristal-templado-soporte-para-enfriamiento-liquido-iluminacion-argb-blanco\/\",\"name\":\"[ Balam Rush ] &#129351; Br-941488 Gabinete Gamer Tank Polar 7900 \/ Media Torre \/ Atx - M-atx - Itx \/ Ventiladores Incluidos \/ Cristal Templado \/ Soporte Para Enfriamiento Liquido \/ Iluminacion Argb \/ Blanco \/\",\"isPartOf\":{\"@id\":\"https:\/\/compuviper.mx\/tienda\/#website\"},\"datePublished\":\"2026-04-15T06:11:18+00:00\",\"dateModified\":\"2026-04-15T06:11:18+00:00\",\"description\":\"Compra Br-941488 Gabinete Gamer Tank Polar 7900 \/ Media Torre \/ Atx - M-atx - Itx \/ Ventiladores Incluidos \/ Cristal Templado \/ Soporte Para Enfriamiento Liquido \/ Iluminacion Argb \/ Blanco \/ + Env\u00edo a domicilio + Pago seguro + Garant\u00eda\",\"breadcrumb\":{\"@id\":\"https:\/\/compuviper.mx\/tienda\/producto\/balam-rush-br-941488-gabinete-gamer-tank-polar-7900-media-torre-atx-m-atx-itx-ventiladores-incluidos-cristal-templado-soporte-para-enfriamiento-liquido-iluminacion-argb-blanco\/#breadcrumb\"},\"inLanguage\":\"es-MX\",\"potentialAction\":[{\"@type\":\"ReadAction\",\"target\":[\"https:\/\/compuviper.mx\/tienda\/producto\/balam-rush-br-941488-gabinete-gamer-tank-polar-7900-media-torre-atx-m-atx-itx-ventiladores-incluidos-cristal-templado-soporte-para-enfriamiento-liquido-iluminacion-argb-blanco\/\"]}]},{\"@type\":\"BreadcrumbList\",\"@id\":\"https:\/\/compuviper.mx\/tienda\/producto\/balam-rush-br-941488-gabinete-gamer-tank-polar-7900-media-torre-atx-m-atx-itx-ventiladores-incluidos-cristal-templado-soporte-para-enfriamiento-liquido-iluminacion-argb-blanco\/#breadcrumb\",\"itemListElement\":[{\"@type\":\"ListItem\",\"position\":1,\"name\":\"Inicio\",\"item\":\"https:\/\/compuviper.mx\/tienda\/\"},{\"@type\":\"ListItem\",\"position\":2,\"name\":\"Productos\",\"item\":\"https:\/\/compuviper.mx\/tienda\/productos\/\"},{\"@type\":\"ListItem\",\"position\":3,\"name\":\"Gabinetes\",\"item\":\"https:\/\/compuviper.mx\/tienda\/categoria-producto\/gabinetes\/\"},{\"@type\":\"ListItem\",\"position\":4,\"name\":\"Media Torre\",\"item\":\"https:\/\/compuviper.mx\/tienda\/categoria-producto\/gabinetes\/media-torre\/\"},{\"@type\":\"ListItem\",\"position\":5,\"name\":\"Balam Rush Br-941488 Gabinete Gamer Tank Polar 7900 \/ Media Torre \/ Atx &#8211; M-atx &#8211; Itx \/ Ventiladores Incluidos \/ Cristal Templado \/ Soporte Para Enfriamiento Liquido \/ Iluminacion Argb \/ Blanco \/\"}]},{\"@type\":\"WebSite\",\"@id\":\"https:\/\/compuviper.mx\/tienda\/#website\",\"url\":\"https:\/\/compuviper.mx\/tienda\/\",\"name\":\"Compuviper\",\"description\":\"Proveedor de Computadoras, Laptops, Servidores, Monitores, Puntos de Venta, Teclados,   Impresoras, T\u00f3ner, C\u00e1maras de Seguridad y m\u00e1s en tu tienda en l\u00ednea\",\"publisher\":{\"@id\":\"https:\/\/compuviper.mx\/tienda\/#organization\"},\"potentialAction\":[{\"@type\":\"SearchAction\",\"target\":{\"@type\":\"EntryPoint\",\"urlTemplate\":\"https:\/\/compuviper.mx\/tienda\/?s={search_term_string}\"},\"query-input\":\"required name=search_term_string\"}],\"inLanguage\":\"es-MX\"},{\"@type\":\"Organization\",\"@id\":\"https:\/\/compuviper.mx\/tienda\/#organization\",\"name\":\"Compuviper\",\"url\":\"https:\/\/compuviper.mx\/tienda\/\",\"logo\":{\"@type\":\"ImageObject\",\"inLanguage\":\"es-MX\",\"@id\":\"https:\/\/compuviper.mx\/tienda\/#\/schema\/logo\/image\/\",\"url\":\"https:\/\/compuviper.mx\/tienda\/wp-content\/uploads\/2021\/08\/Logo-Compuviper-10.png\",\"contentUrl\":\"https:\/\/compuviper.mx\/tienda\/wp-content\/uploads\/2021\/08\/Logo-Compuviper-10.png\",\"width\":1000,\"height\":500,\"caption\":\"Compuviper\"},\"image\":{\"@id\":\"https:\/\/compuviper.mx\/tienda\/#\/schema\/logo\/image\/\"},\"sameAs\":[\"https:\/\/www.facebook.com\/compuviper\",\"https:\/\/www.youtube.com\/channel\/UCf73dERp9Y3cfOq7q8BhLjA?view_as=subscriber\"]}]}<\/script>\n<meta property=\"product:brand\" content=\"Balam Rush\" \/>\n<meta property=\"product:price:amount\" content=\"1697\" \/>\n<meta property=\"product:price:currency\" content=\"MXN\" \/>\n<meta property=\"og:availability\" content=\"instock\" \/>\n<meta property=\"product:availability\" content=\"instock\" \/>\n<meta property=\"product:retailer_item_id\" content=\"BR-941488\" \/>\n<meta property=\"product:condition\" content=\"new\" \/>\n<!-- \/ Yoast SEO plugin. -->","yoast_head_json":{"title":"[ Balam Rush ] &#129351; Br-941488 Gabinete Gamer Tank Polar 7900 \/ Media Torre \/ Atx - M-atx - Itx \/ Ventiladores Incluidos \/ Cristal Templado \/ Soporte Para Enfriamiento Liquido \/ Iluminacion Argb \/ Blanco \/","description":"Compra Br-941488 Gabinete Gamer Tank Polar 7900 \/ Media Torre \/ Atx - M-atx - Itx \/ Ventiladores Incluidos \/ Cristal Templado \/ Soporte Para Enfriamiento Liquido \/ Iluminacion Argb \/ Blanco \/ + Env\u00edo a domicilio + Pago seguro + Garant\u00eda","robots":{"index":"index","follow":"follow","max-snippet":"max-snippet:-1","max-image-preview":"max-image-preview:large","max-video-preview":"max-video-preview:-1"},"canonical":"https:\/\/compuviper.mx\/tienda\/producto\/balam-rush-br-941488-gabinete-gamer-tank-polar-7900-media-torre-atx-m-atx-itx-ventiladores-incluidos-cristal-templado-soporte-para-enfriamiento-liquido-iluminacion-argb-blanco\/","og_locale":"es_MX","og_type":"article","og_title":"[ Balam Rush ] &#129351; Br-941488 Gabinete Gamer Tank Polar 7900 \/ Media Torre \/ Atx - M-atx - Itx \/ Ventiladores Incluidos \/ Cristal Templado \/ Soporte Para Enfriamiento Liquido \/ Iluminacion Argb \/ Blanco \/","og_description":"Compra Br-941488 Gabinete Gamer Tank Polar 7900 \/ Media Torre \/ Atx - M-atx - Itx \/ Ventiladores Incluidos \/ Cristal Templado \/ Soporte Para Enfriamiento Liquido \/ Iluminacion Argb \/ Blanco \/ + Env\u00edo a domicilio + Pago seguro + Garant\u00eda","og_url":"https:\/\/compuviper.mx\/tienda\/producto\/balam-rush-br-941488-gabinete-gamer-tank-polar-7900-media-torre-atx-m-atx-itx-ventiladores-incluidos-cristal-templado-soporte-para-enfriamiento-liquido-iluminacion-argb-blanco\/","og_site_name":"Compuviper","article_publisher":"https:\/\/www.facebook.com\/compuviper","og_image":[{"width":200,"height":200,"url":"https:\/\/compuviper.mx\/tienda\/wp-content\/uploads\/2025\/11\/Gabinete-gamer-balam-rush-tank-polar-7900-media-torre-atx-m-atx-itx-ventiladores-incluidos-cristal-templado-soporte-para-enfriamiento-liquido-iluminacion-argb-blanco-br-941488.jpg","type":"image\/jpeg"}],"twitter_card":"summary_large_image","twitter_misc":{"Precio":"&#36;1,697 con IVA","Availability":"In stock"},"schema":{"@context":"https:\/\/schema.org","@graph":[{"@type":"WebPage","@id":"https:\/\/compuviper.mx\/tienda\/producto\/balam-rush-br-941488-gabinete-gamer-tank-polar-7900-media-torre-atx-m-atx-itx-ventiladores-incluidos-cristal-templado-soporte-para-enfriamiento-liquido-iluminacion-argb-blanco\/","url":"https:\/\/compuviper.mx\/tienda\/producto\/balam-rush-br-941488-gabinete-gamer-tank-polar-7900-media-torre-atx-m-atx-itx-ventiladores-incluidos-cristal-templado-soporte-para-enfriamiento-liquido-iluminacion-argb-blanco\/","name":"[ Balam Rush ] &#129351; Br-941488 Gabinete Gamer Tank Polar 7900 \/ Media Torre \/ Atx - M-atx - Itx \/ Ventiladores Incluidos \/ Cristal Templado \/ Soporte Para Enfriamiento Liquido \/ Iluminacion Argb \/ Blanco \/","isPartOf":{"@id":"https:\/\/compuviper.mx\/tienda\/#website"},"datePublished":"2026-04-15T06:11:18+00:00","dateModified":"2026-04-15T06:11:18+00:00","description":"Compra Br-941488 Gabinete Gamer Tank Polar 7900 \/ Media Torre \/ Atx - M-atx - Itx \/ Ventiladores Incluidos \/ Cristal Templado \/ Soporte Para Enfriamiento Liquido \/ Iluminacion Argb \/ Blanco \/ + Env\u00edo a domicilio + Pago seguro + Garant\u00eda","breadcrumb":{"@id":"https:\/\/compuviper.mx\/tienda\/producto\/balam-rush-br-941488-gabinete-gamer-tank-polar-7900-media-torre-atx-m-atx-itx-ventiladores-incluidos-cristal-templado-soporte-para-enfriamiento-liquido-iluminacion-argb-blanco\/#breadcrumb"},"inLanguage":"es-MX","potentialAction":[{"@type":"ReadAction","target":["https:\/\/compuviper.mx\/tienda\/producto\/balam-rush-br-941488-gabinete-gamer-tank-polar-7900-media-torre-atx-m-atx-itx-ventiladores-incluidos-cristal-templado-soporte-para-enfriamiento-liquido-iluminacion-argb-blanco\/"]}]},{"@type":"BreadcrumbList","@id":"https:\/\/compuviper.mx\/tienda\/producto\/balam-rush-br-941488-gabinete-gamer-tank-polar-7900-media-torre-atx-m-atx-itx-ventiladores-incluidos-cristal-templado-soporte-para-enfriamiento-liquido-iluminacion-argb-blanco\/#breadcrumb","itemListElement":[{"@type":"ListItem","position":1,"name":"Inicio","item":"https:\/\/compuviper.mx\/tienda\/"},{"@type":"ListItem","position":2,"name":"Productos","item":"https:\/\/compuviper.mx\/tienda\/productos\/"},{"@type":"ListItem","position":3,"name":"Gabinetes","item":"https:\/\/compuviper.mx\/tienda\/categoria-producto\/gabinetes\/"},{"@type":"ListItem","position":4,"name":"Media Torre","item":"https:\/\/compuviper.mx\/tienda\/categoria-producto\/gabinetes\/media-torre\/"},{"@type":"ListItem","position":5,"name":"Balam Rush Br-941488 Gabinete Gamer Tank Polar 7900 \/ Media Torre \/ Atx &#8211; M-atx &#8211; Itx \/ Ventiladores Incluidos \/ Cristal Templado \/ Soporte Para Enfriamiento Liquido \/ Iluminacion Argb \/ Blanco \/"}]},{"@type":"WebSite","@id":"https:\/\/compuviper.mx\/tienda\/#website","url":"https:\/\/compuviper.mx\/tienda\/","name":"Compuviper","description":"Proveedor de Computadoras, Laptops, Servidores, Monitores, Puntos de Venta, Teclados,   Impresoras, T\u00f3ner, C\u00e1maras de Seguridad y m\u00e1s en tu tienda en l\u00ednea","publisher":{"@id":"https:\/\/compuviper.mx\/tienda\/#organization"},"potentialAction":[{"@type":"SearchAction","target":{"@type":"EntryPoint","urlTemplate":"https:\/\/compuviper.mx\/tienda\/?s={search_term_string}"},"query-input":"required name=search_term_string"}],"inLanguage":"es-MX"},{"@type":"Organization","@id":"https:\/\/compuviper.mx\/tienda\/#organization","name":"Compuviper","url":"https:\/\/compuviper.mx\/tienda\/","logo":{"@type":"ImageObject","inLanguage":"es-MX","@id":"https:\/\/compuviper.mx\/tienda\/#\/schema\/logo\/image\/","url":"https:\/\/compuviper.mx\/tienda\/wp-content\/uploads\/2021\/08\/Logo-Compuviper-10.png","contentUrl":"https:\/\/compuviper.mx\/tienda\/wp-content\/uploads\/2021\/08\/Logo-Compuviper-10.png","width":1000,"height":500,"caption":"Compuviper"},"image":{"@id":"https:\/\/compuviper.mx\/tienda\/#\/schema\/logo\/image\/"},"sameAs":["https:\/\/www.facebook.com\/compuviper","https:\/\/www.youtube.com\/channel\/UCf73dERp9Y3cfOq7q8BhLjA?view_as=subscriber"]}]},"product_brand":"Balam Rush","product_price_amount":"1697","product_price_currency":"MXN","og_availability":"instock","product_availability":"instock","product_retailer_item_id":"BR-941488","product_condition":"new"},"_links":{"self":[{"href":"https:\/\/compuviper.mx\/tienda\/wp-json\/wp\/v2\/product\/263117"}],"collection":[{"href":"https:\/\/compuviper.mx\/tienda\/wp-json\/wp\/v2\/product"}],"about":[{"href":"https:\/\/compuviper.mx\/tienda\/wp-json\/wp\/v2\/types\/product"}],"replies":[{"embeddable":true,"href":"https:\/\/compuviper.mx\/tienda\/wp-json\/wp\/v2\/comments?post=263117"}],"wp:featuredmedia":[{"embeddable":true,"href":"https:\/\/compuviper.mx\/tienda\/wp-json\/wp\/v2\/media\/263610"}],"wp:attachment":[{"href":"https:\/\/compuviper.mx\/tienda\/wp-json\/wp\/v2\/media?parent=263117"}],"wp:term":[{"taxonomy":"product_cat","embeddable":true,"href":"https:\/\/compuviper.mx\/tienda\/wp-json\/wp\/v2\/product_cat?post=263117"},{"taxonomy":"product_tag","embeddable":true,"href":"https:\/\/compuviper.mx\/tienda\/wp-json\/wp\/v2\/product_tag?post=263117"}],"curies":[{"name":"wp","href":"https:\/\/api.w.org\/{rel}","templated":true}]}}