{"id":263109,"date":"2026-04-01T23:18:01","date_gmt":"2026-04-02T05:18:01","guid":{"rendered":"https:\/\/compuviper.mx\/tienda\/producto\/benq-9h-k0eby-e0a-presentador-inalambrico-instashow-inalambrico-wdc15-full-hd-incluye-un-host-y-2-botones-hdmi-usb\/"},"modified":"2026-04-01T23:18:02","modified_gmt":"2026-04-02T05:18:02","slug":"benq-9h-k0eby-e0a-presentador-inalambrico-instashow-inalambrico-wdc15-full-hd-incluye-un-host-y-2-botones-hdmi-usb","status":"publish","type":"product","link":"https:\/\/compuviper.mx\/tienda\/producto\/benq-9h-k0eby-e0a-presentador-inalambrico-instashow-inalambrico-wdc15-full-hd-incluye-un-host-y-2-botones-hdmi-usb\/","title":{"rendered":"Benq 9h.k0eby.e0a Presentador Inalambrico  Instashow Inalambrico Wdc15 Full Hd Incluye Un Host Y 2 Botones Hdmi\/usb"},"content":{"rendered":"<table class=\"descripcion\">\n<tr>\n<td>Instashow wdc15 dispositivo para presentaciones<\/td>\n<\/tr>\n<tr>\n<td>Dispositivo para presentacion inalambrica<\/td>\n<\/tr>\n<tr>\n<td>Plug and play con un solo toque<\/td>\n<\/tr>\n<tr>\n<td>Sin software ni controladores<\/td>\n<\/tr>\n<tr>\n<td>4k para presentaciones de alta calidad<\/td>\n<\/tr>\n<tr>\n<td>Seguridad cvss3.0 transmision cifrada<\/td>\n<\/tr>\n<tr>\n<td>Colaboracion ininterrumpida varios presentadores<\/td>\n<\/tr>\n<tr>\n<td>Multiplataforma windows macos linux<\/td>\n<\/tr>\n<tr>\n<td>Cifrado de seguridad aes de 128 bits<\/td>\n<\/tr>\n<tr>\n<td>Caracteristicas<\/td>\n<\/tr>\n<tr>\n<td>Acccesorios incluidos dentro de la caja<\/td>\n<\/tr>\n<tr>\n<td>Host receptor x1<\/td>\n<\/tr>\n<tr>\n<td>Boton transmisor x1<\/td>\n<\/tr>\n<tr>\n<td>Contenedor x1<\/td>\n<\/tr>\n<tr>\n<td>Adaptador de corriente x1<\/td>\n<\/tr>\n<tr>\n<td>Antena 2dbi x2 mimo<\/td>\n<\/tr>\n<tr>\n<td>Cable de alimentacion usb na<\/td>\n<\/tr>\n<tr>\n<td>Cable de extension usb na<\/td>\n<\/tr>\n<tr>\n<td>Cable hdmi x1<\/td>\n<\/tr>\n<tr>\n<td>Declaracion de seguridad x1<\/td>\n<\/tr>\n<tr>\n<td>Instashow boton<\/td>\n<\/tr>\n<tr>\n<td>Boton tipo de conector usb tipo c switch a usb tipo a y hdmi<\/td>\n<\/tr>\n<tr>\n<td>Boton tecla de funcion modo de inicio mode key<\/td>\n<\/tr>\n<tr>\n<td>Tasa de audio stereo calidad de radio 16bits 48khz<\/td>\n<\/tr>\n<tr>\n<td>Wifi estandar y autenticacion wifi e ieee 802.11ac 5ghz 1t1r<\/td>\n<\/tr>\n<tr>\n<td>Seguridad inalambrica cifrado wpa3 personal wpa3 enterprise soporta aes 256<\/td>\n<\/tr>\n<tr>\n<td>Alcance de cobertura inalambrica max 15 m entre el host y boton<\/td>\n<\/tr>\n<tr>\n<td>Soporte wps os windows linux mac chrome<\/td>\n<\/tr>\n<tr>\n<td>Boton resolucion maxima 4k 3840 x 2160 30hz<\/td>\n<\/tr>\n<tr>\n<td>Instashow host<\/td>\n<\/tr>\n<tr>\n<td>Conexi\u00f3n hdmi out x1 wlan lan usb touch dc energia tipo c<\/td>\n<\/tr>\n<tr>\n<td>Fuente de alimentacion host dc 5v 10 2a<\/td>\n<\/tr>\n<tr>\n<td>Consumo normal host 10w<\/td>\n<\/tr>\n<tr>\n<td>Lan rj45 x1<\/td>\n<\/tr>\n<tr>\n<td>Hdmi out x1<\/td>\n<\/tr>\n<tr>\n<td>Dimensiones sin antena host 110x110x29mm<\/td>\n<\/tr>\n<tr>\n<td>Peso host 205 g<\/td>\n<\/tr>\n<tr>\n<td>Instashow contenedor<\/td>\n<\/tr>\n<tr>\n<td>Dimensiones contenedor 84.5 x 62.5 x 128 mm<\/td>\n<\/tr>\n<tr>\n<td>Peso contenedor 568 g<\/td>\n<\/tr>\n<tr>\n<td>Caracteristicas<\/td>\n<\/tr>\n<tr>\n<td>Video out hdmi 1.4 con hdcp<\/td>\n<\/tr>\n<tr>\n<td>Resolucion maxima salida receptor hasta 4k 30hz<\/td>\n<\/tr>\n<tr>\n<td>Wifi estandar 5<\/td>\n<\/tr>\n<tr>\n<td>Frecuencia inalambrica de transmision de datos ac1200 5g 867 mbps<\/td>\n<\/tr>\n<tr>\n<td>Pantallas divididas maximo na<\/td>\n<\/tr>\n<tr>\n<td>Conexiones simultaneas 16<\/td>\n<\/tr>\n<tr>\n<td>Acceso wifi protegido wpa3<\/td>\n<\/tr>\n<tr>\n<td>Estandar de cifrado avanzado<\/td>\n<\/tr>\n<\/table>\n","protected":false},"excerpt":{"rendered":"<p>Instashow wdc15 sistema de presentacion inalambrico 4k uhd. Duplicacion de pantalla sin controladores para espacios colaborativos y salas pequenas. Sin configuracion sin apps controladores ni red requerida. Amigable para invitados comparte sin complicaciones de ingreso. Latencia cero reproduccion de video fluido 4k 30fps. Conexion segura cifrado certificado cvss 3.0. Mantenimiento sin complicaciones conexiones inalambricas<\/p>\n","protected":false},"featured_media":0,"comment_status":"open","ping_status":"open","template":"","meta":[],"product_cat":[1485,2036],"product_tag":[1744],"acf":[],"yoast_head":"<!-- This site is optimized with the Yoast SEO plugin v21.7 - https:\/\/yoast.com\/wordpress\/plugins\/seo\/ -->\n<title>[ Benq ] &#129351; 9h.k0eby.e0a Presentador Inalambrico Instashow Inalambrico Wdc15 Full Hd Incluye Un Host Y 2 Botones Hdmi\/usb<\/title>\n<meta name=\"description\" content=\"Compra 9h.k0eby.e0a Presentador Inalambrico Instashow Inalambrico Wdc15 Full Hd Incluye Un Host Y 2 Botones Hdmi\/usb + Env\u00edo a domicilio + Pago seguro + Garant\u00eda\" \/>\n<meta name=\"robots\" content=\"index, follow, max-snippet:-1, max-image-preview:large, max-video-preview:-1\" \/>\n<link rel=\"canonical\" href=\"https:\/\/compuviper.mx\/tienda\/producto\/benq-9h-k0eby-e0a-presentador-inalambrico-instashow-inalambrico-wdc15-full-hd-incluye-un-host-y-2-botones-hdmi-usb\/\" \/>\n<meta property=\"og:locale\" content=\"es_MX\" \/>\n<meta property=\"og:type\" content=\"article\" \/>\n<meta property=\"og:title\" content=\"[ Benq ] &#129351; 9h.k0eby.e0a Presentador Inalambrico Instashow Inalambrico Wdc15 Full Hd Incluye Un Host Y 2 Botones Hdmi\/usb\" \/>\n<meta property=\"og:description\" content=\"Compra 9h.k0eby.e0a Presentador Inalambrico Instashow Inalambrico Wdc15 Full Hd Incluye Un Host Y 2 Botones Hdmi\/usb + Env\u00edo a domicilio + Pago seguro + Garant\u00eda\" \/>\n<meta property=\"og:url\" content=\"https:\/\/compuviper.mx\/tienda\/producto\/benq-9h-k0eby-e0a-presentador-inalambrico-instashow-inalambrico-wdc15-full-hd-incluye-un-host-y-2-botones-hdmi-usb\/\" \/>\n<meta property=\"og:site_name\" content=\"Compuviper\" \/>\n<meta property=\"article:publisher\" content=\"https:\/\/www.facebook.com\/compuviper\" \/>\n<meta property=\"article:modified_time\" content=\"2026-04-02T05:18:02+00:00\" \/>\n<meta name=\"twitter:card\" content=\"summary_large_image\" \/>\n<meta name=\"twitter:label1\" content=\"Precio\" \/>\n\t<meta name=\"twitter:data1\" content=\"&#36;11,294 con IVA\" \/>\n\t<meta name=\"twitter:label2\" content=\"Availability\" \/>\n\t<meta name=\"twitter:data2\" content=\"Out of stock\" \/>\n<script type=\"application\/ld+json\" class=\"yoast-schema-graph\">{\"@context\":\"https:\/\/schema.org\",\"@graph\":[{\"@type\":\"WebPage\",\"@id\":\"https:\/\/compuviper.mx\/tienda\/producto\/benq-9h-k0eby-e0a-presentador-inalambrico-instashow-inalambrico-wdc15-full-hd-incluye-un-host-y-2-botones-hdmi-usb\/\",\"url\":\"https:\/\/compuviper.mx\/tienda\/producto\/benq-9h-k0eby-e0a-presentador-inalambrico-instashow-inalambrico-wdc15-full-hd-incluye-un-host-y-2-botones-hdmi-usb\/\",\"name\":\"[ Benq ] &#129351; 9h.k0eby.e0a Presentador Inalambrico Instashow Inalambrico Wdc15 Full Hd Incluye Un Host Y 2 Botones Hdmi\/usb\",\"isPartOf\":{\"@id\":\"https:\/\/compuviper.mx\/tienda\/#website\"},\"datePublished\":\"2026-04-02T05:18:01+00:00\",\"dateModified\":\"2026-04-02T05:18:02+00:00\",\"description\":\"Compra 9h.k0eby.e0a Presentador Inalambrico Instashow Inalambrico Wdc15 Full Hd Incluye Un Host Y 2 Botones Hdmi\/usb + Env\u00edo a domicilio + Pago seguro + Garant\u00eda\",\"breadcrumb\":{\"@id\":\"https:\/\/compuviper.mx\/tienda\/producto\/benq-9h-k0eby-e0a-presentador-inalambrico-instashow-inalambrico-wdc15-full-hd-incluye-un-host-y-2-botones-hdmi-usb\/#breadcrumb\"},\"inLanguage\":\"es-MX\",\"potentialAction\":[{\"@type\":\"ReadAction\",\"target\":[\"https:\/\/compuviper.mx\/tienda\/producto\/benq-9h-k0eby-e0a-presentador-inalambrico-instashow-inalambrico-wdc15-full-hd-incluye-un-host-y-2-botones-hdmi-usb\/\"]}]},{\"@type\":\"BreadcrumbList\",\"@id\":\"https:\/\/compuviper.mx\/tienda\/producto\/benq-9h-k0eby-e0a-presentador-inalambrico-instashow-inalambrico-wdc15-full-hd-incluye-un-host-y-2-botones-hdmi-usb\/#breadcrumb\",\"itemListElement\":[{\"@type\":\"ListItem\",\"position\":1,\"name\":\"Inicio\",\"item\":\"https:\/\/compuviper.mx\/tienda\/\"},{\"@type\":\"ListItem\",\"position\":2,\"name\":\"Productos\",\"item\":\"https:\/\/compuviper.mx\/tienda\/productos\/\"},{\"@type\":\"ListItem\",\"position\":3,\"name\":\"Accesorios\",\"item\":\"https:\/\/compuviper.mx\/tienda\/categoria-producto\/accesorios\/\"},{\"@type\":\"ListItem\",\"position\":4,\"name\":\"Videoconferencia\",\"item\":\"https:\/\/compuviper.mx\/tienda\/categoria-producto\/accesorios\/videoconferencia-accesorios\/\"},{\"@type\":\"ListItem\",\"position\":5,\"name\":\"Benq 9h.k0eby.e0a Presentador Inalambrico Instashow Inalambrico Wdc15 Full Hd Incluye Un Host Y 2 Botones Hdmi\/usb\"}]},{\"@type\":\"WebSite\",\"@id\":\"https:\/\/compuviper.mx\/tienda\/#website\",\"url\":\"https:\/\/compuviper.mx\/tienda\/\",\"name\":\"Compuviper\",\"description\":\"Proveedor de Computadoras, Laptops, Servidores, Monitores, Puntos de Venta, Teclados,   Impresoras, T\u00f3ner, C\u00e1maras de Seguridad y m\u00e1s en tu tienda en l\u00ednea\",\"publisher\":{\"@id\":\"https:\/\/compuviper.mx\/tienda\/#organization\"},\"potentialAction\":[{\"@type\":\"SearchAction\",\"target\":{\"@type\":\"EntryPoint\",\"urlTemplate\":\"https:\/\/compuviper.mx\/tienda\/?s={search_term_string}\"},\"query-input\":\"required name=search_term_string\"}],\"inLanguage\":\"es-MX\"},{\"@type\":\"Organization\",\"@id\":\"https:\/\/compuviper.mx\/tienda\/#organization\",\"name\":\"Compuviper\",\"url\":\"https:\/\/compuviper.mx\/tienda\/\",\"logo\":{\"@type\":\"ImageObject\",\"inLanguage\":\"es-MX\",\"@id\":\"https:\/\/compuviper.mx\/tienda\/#\/schema\/logo\/image\/\",\"url\":\"https:\/\/compuviper.mx\/tienda\/wp-content\/uploads\/2021\/08\/Logo-Compuviper-10.png\",\"contentUrl\":\"https:\/\/compuviper.mx\/tienda\/wp-content\/uploads\/2021\/08\/Logo-Compuviper-10.png\",\"width\":1000,\"height\":500,\"caption\":\"Compuviper\"},\"image\":{\"@id\":\"https:\/\/compuviper.mx\/tienda\/#\/schema\/logo\/image\/\"},\"sameAs\":[\"https:\/\/www.facebook.com\/compuviper\",\"https:\/\/www.youtube.com\/channel\/UCf73dERp9Y3cfOq7q8BhLjA?view_as=subscriber\"]}]}<\/script>\n<meta property=\"product:brand\" content=\"BENQ\" \/>\n<meta property=\"product:price:amount\" content=\"11294\" \/>\n<meta property=\"product:price:currency\" content=\"MXN\" \/>\n<meta property=\"og:availability\" content=\"out of stock\" \/>\n<meta property=\"product:availability\" content=\"out of stock\" \/>\n<meta property=\"product:retailer_item_id\" content=\"9H.K0EBY.E0A\" \/>\n<meta property=\"product:condition\" content=\"new\" \/>\n<!-- \/ Yoast SEO plugin. -->","yoast_head_json":{"title":"[ Benq ] &#129351; 9h.k0eby.e0a Presentador Inalambrico Instashow Inalambrico Wdc15 Full Hd Incluye Un Host Y 2 Botones Hdmi\/usb","description":"Compra 9h.k0eby.e0a Presentador Inalambrico Instashow Inalambrico Wdc15 Full Hd Incluye Un Host Y 2 Botones Hdmi\/usb + Env\u00edo a domicilio + Pago seguro + Garant\u00eda","robots":{"index":"index","follow":"follow","max-snippet":"max-snippet:-1","max-image-preview":"max-image-preview:large","max-video-preview":"max-video-preview:-1"},"canonical":"https:\/\/compuviper.mx\/tienda\/producto\/benq-9h-k0eby-e0a-presentador-inalambrico-instashow-inalambrico-wdc15-full-hd-incluye-un-host-y-2-botones-hdmi-usb\/","og_locale":"es_MX","og_type":"article","og_title":"[ Benq ] &#129351; 9h.k0eby.e0a Presentador Inalambrico Instashow Inalambrico Wdc15 Full Hd Incluye Un Host Y 2 Botones Hdmi\/usb","og_description":"Compra 9h.k0eby.e0a Presentador Inalambrico Instashow Inalambrico Wdc15 Full Hd Incluye Un Host Y 2 Botones Hdmi\/usb + Env\u00edo a domicilio + Pago seguro + Garant\u00eda","og_url":"https:\/\/compuviper.mx\/tienda\/producto\/benq-9h-k0eby-e0a-presentador-inalambrico-instashow-inalambrico-wdc15-full-hd-incluye-un-host-y-2-botones-hdmi-usb\/","og_site_name":"Compuviper","article_publisher":"https:\/\/www.facebook.com\/compuviper","article_modified_time":"2026-04-02T05:18:02+00:00","twitter_card":"summary_large_image","twitter_misc":{"Precio":"&#36;11,294 con IVA","Availability":"Out of stock"},"schema":{"@context":"https:\/\/schema.org","@graph":[{"@type":"WebPage","@id":"https:\/\/compuviper.mx\/tienda\/producto\/benq-9h-k0eby-e0a-presentador-inalambrico-instashow-inalambrico-wdc15-full-hd-incluye-un-host-y-2-botones-hdmi-usb\/","url":"https:\/\/compuviper.mx\/tienda\/producto\/benq-9h-k0eby-e0a-presentador-inalambrico-instashow-inalambrico-wdc15-full-hd-incluye-un-host-y-2-botones-hdmi-usb\/","name":"[ Benq ] &#129351; 9h.k0eby.e0a Presentador Inalambrico Instashow Inalambrico Wdc15 Full Hd Incluye Un Host Y 2 Botones Hdmi\/usb","isPartOf":{"@id":"https:\/\/compuviper.mx\/tienda\/#website"},"datePublished":"2026-04-02T05:18:01+00:00","dateModified":"2026-04-02T05:18:02+00:00","description":"Compra 9h.k0eby.e0a Presentador Inalambrico Instashow Inalambrico Wdc15 Full Hd Incluye Un Host Y 2 Botones Hdmi\/usb + Env\u00edo a domicilio + Pago seguro + Garant\u00eda","breadcrumb":{"@id":"https:\/\/compuviper.mx\/tienda\/producto\/benq-9h-k0eby-e0a-presentador-inalambrico-instashow-inalambrico-wdc15-full-hd-incluye-un-host-y-2-botones-hdmi-usb\/#breadcrumb"},"inLanguage":"es-MX","potentialAction":[{"@type":"ReadAction","target":["https:\/\/compuviper.mx\/tienda\/producto\/benq-9h-k0eby-e0a-presentador-inalambrico-instashow-inalambrico-wdc15-full-hd-incluye-un-host-y-2-botones-hdmi-usb\/"]}]},{"@type":"BreadcrumbList","@id":"https:\/\/compuviper.mx\/tienda\/producto\/benq-9h-k0eby-e0a-presentador-inalambrico-instashow-inalambrico-wdc15-full-hd-incluye-un-host-y-2-botones-hdmi-usb\/#breadcrumb","itemListElement":[{"@type":"ListItem","position":1,"name":"Inicio","item":"https:\/\/compuviper.mx\/tienda\/"},{"@type":"ListItem","position":2,"name":"Productos","item":"https:\/\/compuviper.mx\/tienda\/productos\/"},{"@type":"ListItem","position":3,"name":"Accesorios","item":"https:\/\/compuviper.mx\/tienda\/categoria-producto\/accesorios\/"},{"@type":"ListItem","position":4,"name":"Videoconferencia","item":"https:\/\/compuviper.mx\/tienda\/categoria-producto\/accesorios\/videoconferencia-accesorios\/"},{"@type":"ListItem","position":5,"name":"Benq 9h.k0eby.e0a Presentador Inalambrico Instashow Inalambrico Wdc15 Full Hd Incluye Un Host Y 2 Botones Hdmi\/usb"}]},{"@type":"WebSite","@id":"https:\/\/compuviper.mx\/tienda\/#website","url":"https:\/\/compuviper.mx\/tienda\/","name":"Compuviper","description":"Proveedor de Computadoras, Laptops, Servidores, Monitores, Puntos de Venta, Teclados,   Impresoras, T\u00f3ner, C\u00e1maras de Seguridad y m\u00e1s en tu tienda en l\u00ednea","publisher":{"@id":"https:\/\/compuviper.mx\/tienda\/#organization"},"potentialAction":[{"@type":"SearchAction","target":{"@type":"EntryPoint","urlTemplate":"https:\/\/compuviper.mx\/tienda\/?s={search_term_string}"},"query-input":"required name=search_term_string"}],"inLanguage":"es-MX"},{"@type":"Organization","@id":"https:\/\/compuviper.mx\/tienda\/#organization","name":"Compuviper","url":"https:\/\/compuviper.mx\/tienda\/","logo":{"@type":"ImageObject","inLanguage":"es-MX","@id":"https:\/\/compuviper.mx\/tienda\/#\/schema\/logo\/image\/","url":"https:\/\/compuviper.mx\/tienda\/wp-content\/uploads\/2021\/08\/Logo-Compuviper-10.png","contentUrl":"https:\/\/compuviper.mx\/tienda\/wp-content\/uploads\/2021\/08\/Logo-Compuviper-10.png","width":1000,"height":500,"caption":"Compuviper"},"image":{"@id":"https:\/\/compuviper.mx\/tienda\/#\/schema\/logo\/image\/"},"sameAs":["https:\/\/www.facebook.com\/compuviper","https:\/\/www.youtube.com\/channel\/UCf73dERp9Y3cfOq7q8BhLjA?view_as=subscriber"]}]},"product_brand":"BENQ","product_price_amount":"11294","product_price_currency":"MXN","og_availability":"out of stock","product_availability":"out of stock","product_retailer_item_id":"9H.K0EBY.E0A","product_condition":"new"},"_links":{"self":[{"href":"https:\/\/compuviper.mx\/tienda\/wp-json\/wp\/v2\/product\/263109"}],"collection":[{"href":"https:\/\/compuviper.mx\/tienda\/wp-json\/wp\/v2\/product"}],"about":[{"href":"https:\/\/compuviper.mx\/tienda\/wp-json\/wp\/v2\/types\/product"}],"replies":[{"embeddable":true,"href":"https:\/\/compuviper.mx\/tienda\/wp-json\/wp\/v2\/comments?post=263109"}],"wp:attachment":[{"href":"https:\/\/compuviper.mx\/tienda\/wp-json\/wp\/v2\/media?parent=263109"}],"wp:term":[{"taxonomy":"product_cat","embeddable":true,"href":"https:\/\/compuviper.mx\/tienda\/wp-json\/wp\/v2\/product_cat?post=263109"},{"taxonomy":"product_tag","embeddable":true,"href":"https:\/\/compuviper.mx\/tienda\/wp-json\/wp\/v2\/product_tag?post=263109"}],"curies":[{"name":"wp","href":"https:\/\/api.w.org\/{rel}","templated":true}]}}