{"id":263076,"date":"2026-04-23T00:18:32","date_gmt":"2026-04-23T06:18:32","guid":{"rendered":"https:\/\/compuviper.mx\/tienda\/producto\/hikvision-ds-2cd6924g0-ihsd-camara-panovu-series-vista-panormica-180-8-megapixel-en-total-4-lentes-2-8-mm-2-megapixel-20-mts-ir-exir-exterior-ip67-ik10-12-vcc-poe-microsd\/"},"modified":"2026-04-23T00:18:32","modified_gmt":"2026-04-23T06:18:32","slug":"hikvision-ds-2cd6924g0-ihsd-camara-panovu-series-vista-panormica-180-8-megapixel-en-total-4-lentes-2-8-mm-2-megapixel-20-mts-ir-exir-exterior-ip67-ik10-12-vcc-poe-microsd","status":"publish","type":"product","link":"https:\/\/compuviper.mx\/tienda\/producto\/hikvision-ds-2cd6924g0-ihsd-camara-panovu-series-vista-panormica-180-8-megapixel-en-total-4-lentes-2-8-mm-2-megapixel-20-mts-ir-exir-exterior-ip67-ik10-12-vcc-poe-microsd\/","title":{"rendered":"Hikvision Ds-2cd6924g0-ihs(d) Camara \/ Panovu Series \/ Vista Panor?mica 180? \/ 8 Megapixel En Total \/ 4 Lentes 2.8 Mm (2 Megapixel) \/ 20 Mts Ir Exir \/ Exterior Ip67 \/ Ik10 \/ 12 Vcc \/ Poe+ \/ Microsd"},"content":{"rendered":"<table class=\"descripcion\">\n<tr>\n<td>C\u00e1mara<\/td>\n<\/tr>\n<tr>\n<td>Sensor de imagen cmos de escaneo progresivo 1\/1.8<\/td>\n<\/tr>\n<tr>\n<td>Resoluci\u00f3n m\u00e1xima 2.8 mm: modo panorama+eptz: canal panorama 1920\u00d71080; canal eptz 1920\u00d71080; modo panorama: 3840\u00d72160; modo original: 1920\u00d71080<\/td>\n<\/tr>\n<tr>\n<td>6 mm: modo panorama+eptz: canal panorama 2400\u00d7400; canal eptz 1920\u00d71080; modo panorama: 6480\u00d71080; modo original: 1920\u00d71080<\/td>\n<\/tr>\n<tr>\n<td>Iluminaci\u00f3n m\u00ednima color: 0.003 lux @ (f1.2, agc on); blanco\/negro: 0.0018 lux @ (f1.6, agc on), 0 lux con ir<\/td>\n<\/tr>\n<tr>\n<td>Tiempo de obturaci\u00f3n 1\/25 s a 1\/100,000 s<\/td>\n<\/tr>\n<tr>\n<td>D\u00eda\/noche filtro ir, m\u00f3dulo de vidrio azul para reducir el efecto fantasma<\/td>\n<\/tr>\n<tr>\n<td>Ajuste de \u00e1ngulo pan: 0\u00b0 a 355\u00b0, tilt: 0\u00b0 a 90\u00b0<\/td>\n<\/tr>\n<tr>\n<td>Lente<\/td>\n<\/tr>\n<tr>\n<td>Tipo de lente fija, opciones 2.8 mm y 6 mm, cuatro lentes<\/td>\n<\/tr>\n<tr>\n<td>Montura m16<\/td>\n<\/tr>\n<tr>\n<td>Distancia focal  and  fov 2.8 mm: horizontal 180\u00b0, vertical 90\u00b0<\/td>\n<\/tr>\n<tr>\n<td>6 mm: horizontal 180\u00b0, vertical 25\u00b0<\/td>\n<\/tr>\n<tr>\n<td>Enfoque manual, semi-autom\u00e1tico<\/td>\n<\/tr>\n<tr>\n<td>Apertura f1.4<\/td>\n<\/tr>\n<tr>\n<td>Iluminador<\/td>\n<\/tr>\n<tr>\n<td>Tipo de luz suplementaria ir, cuatro leds ir<\/td>\n<\/tr>\n<tr>\n<td>Alcance de luz hasta 20 m<\/td>\n<\/tr>\n<tr>\n<td>Longitud de onda ir 850 nm<\/td>\n<\/tr>\n<tr>\n<td>Video<\/td>\n<\/tr>\n<tr>\n<td>Flujo principal 2.8 mm: modos panorama+eptz, panorama y original, diferentes fps seg\u00fan 50\/60 hz y resoluci\u00f3n<\/td>\n<\/tr>\n<tr>\n<td>6 mm: modos panorama+eptz, panorama y original, diferentes fps seg\u00fan 50\/60 hz y resoluci\u00f3n<\/td>\n<\/tr>\n<tr>\n<td>Sub-stream 2.8 mm: panorama 50hz: 25fps (1280\u00d7720, 640\u00d7360); 60hz: 30fps (1280\u00d7720, 640\u00d7360)<\/td>\n<\/tr>\n<tr>\n<td>6 mm: panorama 50hz: 25fps (2400\u00d7400, 1920\u00d7320, 1440\u00d7240); 60hz: 30fps (2400\u00d7400, 1920\u00d7320, 1440\u00d7240)<\/td>\n<\/tr>\n<tr>\n<td>Compresi\u00f3n de video flujo principal: h.265+\/h.265\/h.264+\/h.264<\/td>\n<\/tr>\n<tr>\n<td>Sub-stream: h.265\/h.264\/mjpeg<\/td>\n<\/tr>\n<tr>\n<td>Bit rate de video 32 kbps a 65 mbps<\/td>\n<\/tr>\n<tr>\n<td>Codificaci\u00f3n escalable h.264 y h.265<\/td>\n<\/tr>\n<tr>\n<td>Recorte de objetivo s\u00ed (solo en modo panorama)<\/td>\n<\/tr>\n<tr>\n<td>Audio<\/td>\n<\/tr>\n<tr>\n<td>Compresi\u00f3n g.711\/g.722.1\/g.726\/mp2l2\/pcm<\/td>\n<\/tr>\n<tr>\n<td>Bit rate 64 kbps (g.711)\/16 kbps (g.722.1)\/16 kbps (g.726)\/32-192 kbps (mp2l2)\/32 kbps (pcm)<\/td>\n<\/tr>\n<tr>\n<td>Muestreo 8\/16\/32\/48 khz<\/td>\n<\/tr>\n<tr>\n<td>Filtro de ruido s\u00ed<\/td>\n<\/tr>\n<tr>\n<td>Red<\/td>\n<\/tr>\n<tr>\n<td>Protocolos tcp\/ip, icmp, http, https, ftp, dhcp, dns, ddns, rtp, rtsp, rtcp, pppoe, ntp, upnp, smtp, snmp, igmp, 802.1x, qos, ipv4, ipv6, udp, bonjour<\/td>\n<\/tr>\n<tr>\n<td>Visualizaci\u00f3n simult\u00e1nea hasta 20 canales<\/td>\n<\/tr>\n<tr>\n<td>Api onvif (profile s, g), isapi, sdk, ehome<\/td>\n<\/tr>\n<tr>\n<td>Usuarios hasta 32 usuarios, niveles: administrador, operador, usuario<\/td>\n<\/tr>\n<tr>\n<td>Seguridad contrase\u00f1a, https, 802.1x (eap-tls, leap, md5), marca de agua, filtro ip, autenticaci\u00f3n b\u00e1sica\/digest para http\/https, onvif, rtp\/rtsp sobre https, tls 1.0\/1.1\/1.2<\/td>\n<\/tr>\n<tr>\n<td>Almacenamiento en red nas (nfs, smb\/cifs), anr<\/td>\n<\/tr>\n<tr>\n<td>Cliente ivms-4200<\/td>\n<\/tr>\n<tr>\n<td>Navegador web ie8+<\/td>\n<\/tr>\n<tr>\n<td>Imagen<\/td>\n<\/tr>\n<tr>\n<td>Ajustes rotaci\u00f3n (solo modo original), saturaci\u00f3n, brillo, contraste, nitidez, agc, balance de blancos ajustable por software o navegador<\/td>\n<\/tr>\n<tr>\n<td>Cambio d\u00eda\/noche d\u00eda, noche, auto, programado, activaci\u00f3n por alarma<\/td>\n<\/tr>\n<tr>\n<td>Wdr digital<\/td>\n<\/tr>\n<tr>\n<td>Mejora de imagen blc, hlc, 3d dnr, desempa\u00f1ador, eis (solo modo original)<\/td>\n<\/tr>\n<tr>\n<td>Superposici\u00f3n de imagen logo 128\u00d7128, formato bmp 24 bit<\/td>\n<\/tr>\n<tr>\n<td>Interfaz<\/td>\n<\/tr>\n<tr>\n<td>Ethernet 1 rj45 10\/100\/1000 m<\/td>\n<\/tr>\n<tr>\n<td>Almacenamiento interno ranura microsd\/microsdhc\/microsdxc hasta 256 gb<\/td>\n<\/tr>\n<tr>\n<td>Audio entrada: 1 l\u00ednea 3.5 mm, max 1 vpp, impedancia 4.7 k and #937;<\/td>\n<\/tr>\n<tr>\n<td>Salida: 1 l\u00ednea 3.5 mm, max 1 vpp, impedancia 100  and #937;<\/td>\n<\/tr>\n<tr>\n<td>Alarmas 2 entradas, 2 salidas (m\u00e1x. 24 vdc, 1a)<\/td>\n<\/tr>\n<tr>\n<td>Rs-485 1 interfaz (half duplex, hikvision, pelco-p\/d, auto-adaptativa)<\/td>\n<\/tr>\n<tr>\n<td>Tecla de reset s\u00ed<\/td>\n<\/tr>\n<tr>\n<td>Fibra \u00f3ptica\/nfc fc, monomodo, tx1310nm\/1.25g, rx1550nm\/1.25g, hasta 20 km<\/td>\n<\/tr>\n<tr>\n<td>Eventos<\/td>\n<\/tr>\n<tr>\n<td>Evento b\u00e1sico detecci\u00f3n de movimiento (solo modos panorama y original), excepciones (red desconectada, conflicto ip, login ilegal, hdd lleno\/error)<\/td>\n<\/tr>\n<tr>\n<td>Vinculaci\u00f3n subida a ftp\/nas\/tarjeta, notificaci\u00f3n a centro de vigilancia, email, salida de alarma, grabaci\u00f3n, captura<\/td>\n<\/tr>\n<tr>\n<td>Funci\u00f3n deep learning densidad de personas: sin versi\u00f3n (d): s\u00ed (solo panorama) \/ con versi\u00f3n (d): no<\/td>\n<\/tr>\n<tr>\n<td>General<\/td>\n<\/tr>\n<tr>\n<td>Alimentaci\u00f3n 12 vdc, 1.6 a, m\u00e1x. 24 w, bloque terminal 3 hilos<\/td>\n<\/tr>\n<tr>\n<td>Poe: 802.3at, 42.5-57 v, 0.5-0.4 a<\/td>\n<\/tr>\n<tr>\n<td>Material aleaci\u00f3n de aluminio<\/td>\n<\/tr>\n<tr>\n<td>Dimensiones 189.5 \u00d7 207.63 \u00d7 206.62 mm<\/td>\n<\/tr>\n<tr>\n<td>Dimensiones empaque 340 \u00d7 261 \u00d7 293 mm<\/td>\n<\/tr>\n<tr>\n<td>Peso 3 kg<\/td>\n<\/tr>\n<tr>\n<td>Peso con empaque 5 kg<\/td>\n<\/tr>\n<tr>\n<td>Condiciones de almacenamiento -40 \u00b0c a +60 \u00b0c, humedad  and #8804; 95% (sin condensaci\u00f3n)<\/td>\n<\/tr>\n<tr>\n<td>Condiciones de operaci\u00f3n -40 \u00b0c a +60 \u00b0c, humedad  and #8804; 95% (sin condensaci\u00f3n)<\/td>\n<\/tr>\n<tr>\n<td>Idioma ingl\u00e9s<\/td>\n<\/tr>\n<tr>\n<td>Funciones generales anti-parpadeo, latido, espejo (solo modo original), m\u00e1scaras de privacidad (solo modo original), contrase\u00f1a, marca de agua, filtro ip, contador de p\u00edxeles<\/td>\n<\/tr>\n<tr>\n<td>Calefactor s\u00ed<\/td>\n<\/tr>\n<tr>\n<td>Aprobaciones<\/td>\n<\/tr>\n<tr>\n<td>Emc fcc, ce-emc, rcm, ic, kc<\/td>\n<\/tr>\n<tr>\n<td>Seguridad ul, cb, bis, ce-lvd<\/td>\n<\/tr>\n<tr>\n<td>Medio ambiente ce-rohs, reach, weee<\/td>\n<\/tr>\n<tr>\n<td>Protecci\u00f3n ik10, ip67<\/td>\n<\/tr>\n<tr>\n<td>Dori<\/td>\n<\/tr>\n<tr>\n<td>Distancia dori 2.8 mm detectar: 32 m, observar: 12.5 m, reconocer: 6.5 m, identificar: 3 m<\/td>\n<\/tr>\n<tr>\n<td>Distancia dori 6 mm detectar: 63.2 m, observar: 25.1 m, reconocer: 12.6 m, identificar: 6.3 m<\/td>\n<\/tr>\n<\/table>\n","protected":false},"excerpt":{"rendered":"<p>La tecnolog\u00eda colorvu de hikvision proporciona im\u00e1genes v\u00edvidas y a todo color las 24 horas del d\u00eda, los 7 d\u00edas de la semana, gracias a lentes avanzados f1.0, sensores de alto rendimiento y una iluminaci\u00f3n amigable. La superapertura f1.0 capta m\u00e1s luz para producir im\u00e1genes m\u00e1s brillantes. La tecnolog\u00eda avanzada de sensores puede mejorar enormemente la utilizaci\u00f3n de la luz disponible.<\/p>\n","protected":false},"featured_media":0,"comment_status":"open","ping_status":"open","template":"","meta":[],"product_cat":[1608,1681],"product_tag":[1595],"acf":[],"yoast_head":"<!-- This site is optimized with the Yoast SEO plugin v21.7 - https:\/\/yoast.com\/wordpress\/plugins\/seo\/ -->\n<title>[ Hikvision ] &#129351; Ds-2cd6924g0-ihs(d) Camara \/ Panovu Series \/ Vista Panor\u00e1mica 180\u00b0 \/ 8 Megapixel En Total \/ 4 Lentes 2.8 Mm (2 Megapixel) \/ 20 Mts Ir Exir \/ Exterior Ip67 \/ Ik10 \/ 12 Vcc \/ Poe+ \/ Microsd<\/title>\n<meta name=\"description\" content=\"Compra Ds-2cd6924g0-ihs(d) Camara \/ Panovu Series \/ Vista Panor\u00e1mica 180\u00b0 \/ 8 Megapixel En Total \/ 4 Lentes 2.8 Mm (2 Megapixel) \/ 20 Mts Ir Exir \/ Exterior Ip67 \/ Ik10 \/ 12 Vcc \/ Poe+ \/ Microsd + Env\u00edo a domicilio + Pago seguro + Garant\u00eda\" \/>\n<meta name=\"robots\" content=\"index, follow, max-snippet:-1, max-image-preview:large, max-video-preview:-1\" \/>\n<link rel=\"canonical\" href=\"https:\/\/compuviper.mx\/tienda\/producto\/hikvision-ds-2cd6924g0-ihsd-camara-panovu-series-vista-panormica-180-8-megapixel-en-total-4-lentes-2-8-mm-2-megapixel-20-mts-ir-exir-exterior-ip67-ik10-12-vcc-poe-microsd\/\" \/>\n<meta property=\"og:locale\" content=\"es_MX\" \/>\n<meta property=\"og:type\" content=\"article\" \/>\n<meta property=\"og:title\" content=\"[ Hikvision ] &#129351; Ds-2cd6924g0-ihs(d) Camara \/ Panovu Series \/ Vista Panor\u00e1mica 180\u00b0 \/ 8 Megapixel En Total \/ 4 Lentes 2.8 Mm (2 Megapixel) \/ 20 Mts Ir Exir \/ Exterior Ip67 \/ Ik10 \/ 12 Vcc \/ Poe+ \/ Microsd\" \/>\n<meta property=\"og:description\" content=\"Compra Ds-2cd6924g0-ihs(d) Camara \/ Panovu Series \/ Vista Panor\u00e1mica 180\u00b0 \/ 8 Megapixel En Total \/ 4 Lentes 2.8 Mm (2 Megapixel) \/ 20 Mts Ir Exir \/ Exterior Ip67 \/ Ik10 \/ 12 Vcc \/ Poe+ \/ Microsd + Env\u00edo a domicilio + Pago seguro + Garant\u00eda\" \/>\n<meta property=\"og:url\" content=\"https:\/\/compuviper.mx\/tienda\/producto\/hikvision-ds-2cd6924g0-ihsd-camara-panovu-series-vista-panormica-180-8-megapixel-en-total-4-lentes-2-8-mm-2-megapixel-20-mts-ir-exir-exterior-ip67-ik10-12-vcc-poe-microsd\/\" \/>\n<meta property=\"og:site_name\" content=\"Compuviper\" \/>\n<meta property=\"article:publisher\" content=\"https:\/\/www.facebook.com\/compuviper\" \/>\n<meta name=\"twitter:card\" content=\"summary_large_image\" \/>\n<meta name=\"twitter:label1\" content=\"Precio\" \/>\n\t<meta name=\"twitter:data1\" content=\"&#36;25,987 con IVA\" \/>\n\t<meta name=\"twitter:label2\" content=\"Availability\" \/>\n\t<meta name=\"twitter:data2\" content=\"Out of stock\" \/>\n<script type=\"application\/ld+json\" class=\"yoast-schema-graph\">{\"@context\":\"https:\/\/schema.org\",\"@graph\":[{\"@type\":\"WebPage\",\"@id\":\"https:\/\/compuviper.mx\/tienda\/producto\/hikvision-ds-2cd6924g0-ihsd-camara-panovu-series-vista-panormica-180-8-megapixel-en-total-4-lentes-2-8-mm-2-megapixel-20-mts-ir-exir-exterior-ip67-ik10-12-vcc-poe-microsd\/\",\"url\":\"https:\/\/compuviper.mx\/tienda\/producto\/hikvision-ds-2cd6924g0-ihsd-camara-panovu-series-vista-panormica-180-8-megapixel-en-total-4-lentes-2-8-mm-2-megapixel-20-mts-ir-exir-exterior-ip67-ik10-12-vcc-poe-microsd\/\",\"name\":\"[ Hikvision ] &#129351; Ds-2cd6924g0-ihs(d) Camara \/ Panovu Series \/ Vista Panor\u00e1mica 180\u00b0 \/ 8 Megapixel En Total \/ 4 Lentes 2.8 Mm (2 Megapixel) \/ 20 Mts Ir Exir \/ Exterior Ip67 \/ Ik10 \/ 12 Vcc \/ Poe+ \/ Microsd\",\"isPartOf\":{\"@id\":\"https:\/\/compuviper.mx\/tienda\/#website\"},\"datePublished\":\"2026-04-23T06:18:32+00:00\",\"dateModified\":\"2026-04-23T06:18:32+00:00\",\"description\":\"Compra Ds-2cd6924g0-ihs(d) Camara \/ Panovu Series \/ Vista Panor\u00e1mica 180\u00b0 \/ 8 Megapixel En Total \/ 4 Lentes 2.8 Mm (2 Megapixel) \/ 20 Mts Ir Exir \/ Exterior Ip67 \/ Ik10 \/ 12 Vcc \/ Poe+ \/ Microsd + Env\u00edo a domicilio + Pago seguro + Garant\u00eda\",\"breadcrumb\":{\"@id\":\"https:\/\/compuviper.mx\/tienda\/producto\/hikvision-ds-2cd6924g0-ihsd-camara-panovu-series-vista-panormica-180-8-megapixel-en-total-4-lentes-2-8-mm-2-megapixel-20-mts-ir-exir-exterior-ip67-ik10-12-vcc-poe-microsd\/#breadcrumb\"},\"inLanguage\":\"es-MX\",\"potentialAction\":[{\"@type\":\"ReadAction\",\"target\":[\"https:\/\/compuviper.mx\/tienda\/producto\/hikvision-ds-2cd6924g0-ihsd-camara-panovu-series-vista-panormica-180-8-megapixel-en-total-4-lentes-2-8-mm-2-megapixel-20-mts-ir-exir-exterior-ip67-ik10-12-vcc-poe-microsd\/\"]}]},{\"@type\":\"BreadcrumbList\",\"@id\":\"https:\/\/compuviper.mx\/tienda\/producto\/hikvision-ds-2cd6924g0-ihsd-camara-panovu-series-vista-panormica-180-8-megapixel-en-total-4-lentes-2-8-mm-2-megapixel-20-mts-ir-exir-exterior-ip67-ik10-12-vcc-poe-microsd\/#breadcrumb\",\"itemListElement\":[{\"@type\":\"ListItem\",\"position\":1,\"name\":\"Inicio\",\"item\":\"https:\/\/compuviper.mx\/tienda\/\"},{\"@type\":\"ListItem\",\"position\":2,\"name\":\"Productos\",\"item\":\"https:\/\/compuviper.mx\/tienda\/productos\/\"},{\"@type\":\"ListItem\",\"position\":3,\"name\":\"Camaras\",\"item\":\"https:\/\/compuviper.mx\/tienda\/categoria-producto\/camaras-2\/\"},{\"@type\":\"ListItem\",\"position\":4,\"name\":\"Camara De Videovigilancia\",\"item\":\"https:\/\/compuviper.mx\/tienda\/categoria-producto\/camaras-2\/camara-de-videovigilancia\/\"},{\"@type\":\"ListItem\",\"position\":5,\"name\":\"Hikvision Ds-2cd6924g0-ihs(d) Camara \/ Panovu Series \/ Vista Panor?mica 180? \/ 8 Megapixel En Total \/ 4 Lentes 2.8 Mm (2 Megapixel) \/ 20 Mts Ir Exir \/ Exterior Ip67 \/ Ik10 \/ 12 Vcc \/ Poe+ \/ Microsd\"}]},{\"@type\":\"WebSite\",\"@id\":\"https:\/\/compuviper.mx\/tienda\/#website\",\"url\":\"https:\/\/compuviper.mx\/tienda\/\",\"name\":\"Compuviper\",\"description\":\"Proveedor de Computadoras, Laptops, Servidores, Monitores, Puntos de Venta, Teclados,   Impresoras, T\u00f3ner, C\u00e1maras de Seguridad y m\u00e1s en tu tienda en l\u00ednea\",\"publisher\":{\"@id\":\"https:\/\/compuviper.mx\/tienda\/#organization\"},\"potentialAction\":[{\"@type\":\"SearchAction\",\"target\":{\"@type\":\"EntryPoint\",\"urlTemplate\":\"https:\/\/compuviper.mx\/tienda\/?s={search_term_string}\"},\"query-input\":\"required name=search_term_string\"}],\"inLanguage\":\"es-MX\"},{\"@type\":\"Organization\",\"@id\":\"https:\/\/compuviper.mx\/tienda\/#organization\",\"name\":\"Compuviper\",\"url\":\"https:\/\/compuviper.mx\/tienda\/\",\"logo\":{\"@type\":\"ImageObject\",\"inLanguage\":\"es-MX\",\"@id\":\"https:\/\/compuviper.mx\/tienda\/#\/schema\/logo\/image\/\",\"url\":\"https:\/\/compuviper.mx\/tienda\/wp-content\/uploads\/2021\/08\/Logo-Compuviper-10.png\",\"contentUrl\":\"https:\/\/compuviper.mx\/tienda\/wp-content\/uploads\/2021\/08\/Logo-Compuviper-10.png\",\"width\":1000,\"height\":500,\"caption\":\"Compuviper\"},\"image\":{\"@id\":\"https:\/\/compuviper.mx\/tienda\/#\/schema\/logo\/image\/\"},\"sameAs\":[\"https:\/\/www.facebook.com\/compuviper\",\"https:\/\/www.youtube.com\/channel\/UCf73dERp9Y3cfOq7q8BhLjA?view_as=subscriber\"]}]}<\/script>\n<meta property=\"product:brand\" content=\"HIKVISION\" \/>\n<meta property=\"product:price:amount\" content=\"25987\" \/>\n<meta property=\"product:price:currency\" content=\"MXN\" \/>\n<meta property=\"og:availability\" content=\"out of stock\" \/>\n<meta property=\"product:availability\" content=\"out of stock\" \/>\n<meta property=\"product:retailer_item_id\" content=\"DS-2CD6924G0-IHS(D)\" \/>\n<meta property=\"product:condition\" content=\"new\" \/>\n<!-- \/ Yoast SEO plugin. -->","yoast_head_json":{"title":"[ Hikvision ] &#129351; Ds-2cd6924g0-ihs(d) Camara \/ Panovu Series \/ Vista Panor\u00e1mica 180\u00b0 \/ 8 Megapixel En Total \/ 4 Lentes 2.8 Mm (2 Megapixel) \/ 20 Mts Ir Exir \/ Exterior Ip67 \/ Ik10 \/ 12 Vcc \/ Poe+ \/ Microsd","description":"Compra Ds-2cd6924g0-ihs(d) Camara \/ Panovu Series \/ Vista Panor\u00e1mica 180\u00b0 \/ 8 Megapixel En Total \/ 4 Lentes 2.8 Mm (2 Megapixel) \/ 20 Mts Ir Exir \/ Exterior Ip67 \/ Ik10 \/ 12 Vcc \/ Poe+ \/ Microsd + Env\u00edo a domicilio + Pago seguro + Garant\u00eda","robots":{"index":"index","follow":"follow","max-snippet":"max-snippet:-1","max-image-preview":"max-image-preview:large","max-video-preview":"max-video-preview:-1"},"canonical":"https:\/\/compuviper.mx\/tienda\/producto\/hikvision-ds-2cd6924g0-ihsd-camara-panovu-series-vista-panormica-180-8-megapixel-en-total-4-lentes-2-8-mm-2-megapixel-20-mts-ir-exir-exterior-ip67-ik10-12-vcc-poe-microsd\/","og_locale":"es_MX","og_type":"article","og_title":"[ Hikvision ] &#129351; Ds-2cd6924g0-ihs(d) Camara \/ Panovu Series \/ Vista Panor\u00e1mica 180\u00b0 \/ 8 Megapixel En Total \/ 4 Lentes 2.8 Mm (2 Megapixel) \/ 20 Mts Ir Exir \/ Exterior Ip67 \/ Ik10 \/ 12 Vcc \/ Poe+ \/ Microsd","og_description":"Compra Ds-2cd6924g0-ihs(d) Camara \/ Panovu Series \/ Vista Panor\u00e1mica 180\u00b0 \/ 8 Megapixel En Total \/ 4 Lentes 2.8 Mm (2 Megapixel) \/ 20 Mts Ir Exir \/ Exterior Ip67 \/ Ik10 \/ 12 Vcc \/ Poe+ \/ Microsd + Env\u00edo a domicilio + Pago seguro + Garant\u00eda","og_url":"https:\/\/compuviper.mx\/tienda\/producto\/hikvision-ds-2cd6924g0-ihsd-camara-panovu-series-vista-panormica-180-8-megapixel-en-total-4-lentes-2-8-mm-2-megapixel-20-mts-ir-exir-exterior-ip67-ik10-12-vcc-poe-microsd\/","og_site_name":"Compuviper","article_publisher":"https:\/\/www.facebook.com\/compuviper","twitter_card":"summary_large_image","twitter_misc":{"Precio":"&#36;25,987 con IVA","Availability":"Out of stock"},"schema":{"@context":"https:\/\/schema.org","@graph":[{"@type":"WebPage","@id":"https:\/\/compuviper.mx\/tienda\/producto\/hikvision-ds-2cd6924g0-ihsd-camara-panovu-series-vista-panormica-180-8-megapixel-en-total-4-lentes-2-8-mm-2-megapixel-20-mts-ir-exir-exterior-ip67-ik10-12-vcc-poe-microsd\/","url":"https:\/\/compuviper.mx\/tienda\/producto\/hikvision-ds-2cd6924g0-ihsd-camara-panovu-series-vista-panormica-180-8-megapixel-en-total-4-lentes-2-8-mm-2-megapixel-20-mts-ir-exir-exterior-ip67-ik10-12-vcc-poe-microsd\/","name":"[ Hikvision ] &#129351; Ds-2cd6924g0-ihs(d) Camara \/ Panovu Series \/ Vista Panor\u00e1mica 180\u00b0 \/ 8 Megapixel En Total \/ 4 Lentes 2.8 Mm (2 Megapixel) \/ 20 Mts Ir Exir \/ Exterior Ip67 \/ Ik10 \/ 12 Vcc \/ Poe+ \/ Microsd","isPartOf":{"@id":"https:\/\/compuviper.mx\/tienda\/#website"},"datePublished":"2026-04-23T06:18:32+00:00","dateModified":"2026-04-23T06:18:32+00:00","description":"Compra Ds-2cd6924g0-ihs(d) Camara \/ Panovu Series \/ Vista Panor\u00e1mica 180\u00b0 \/ 8 Megapixel En Total \/ 4 Lentes 2.8 Mm (2 Megapixel) \/ 20 Mts Ir Exir \/ Exterior Ip67 \/ Ik10 \/ 12 Vcc \/ Poe+ \/ Microsd + Env\u00edo a domicilio + Pago seguro + Garant\u00eda","breadcrumb":{"@id":"https:\/\/compuviper.mx\/tienda\/producto\/hikvision-ds-2cd6924g0-ihsd-camara-panovu-series-vista-panormica-180-8-megapixel-en-total-4-lentes-2-8-mm-2-megapixel-20-mts-ir-exir-exterior-ip67-ik10-12-vcc-poe-microsd\/#breadcrumb"},"inLanguage":"es-MX","potentialAction":[{"@type":"ReadAction","target":["https:\/\/compuviper.mx\/tienda\/producto\/hikvision-ds-2cd6924g0-ihsd-camara-panovu-series-vista-panormica-180-8-megapixel-en-total-4-lentes-2-8-mm-2-megapixel-20-mts-ir-exir-exterior-ip67-ik10-12-vcc-poe-microsd\/"]}]},{"@type":"BreadcrumbList","@id":"https:\/\/compuviper.mx\/tienda\/producto\/hikvision-ds-2cd6924g0-ihsd-camara-panovu-series-vista-panormica-180-8-megapixel-en-total-4-lentes-2-8-mm-2-megapixel-20-mts-ir-exir-exterior-ip67-ik10-12-vcc-poe-microsd\/#breadcrumb","itemListElement":[{"@type":"ListItem","position":1,"name":"Inicio","item":"https:\/\/compuviper.mx\/tienda\/"},{"@type":"ListItem","position":2,"name":"Productos","item":"https:\/\/compuviper.mx\/tienda\/productos\/"},{"@type":"ListItem","position":3,"name":"Camaras","item":"https:\/\/compuviper.mx\/tienda\/categoria-producto\/camaras-2\/"},{"@type":"ListItem","position":4,"name":"Camara De Videovigilancia","item":"https:\/\/compuviper.mx\/tienda\/categoria-producto\/camaras-2\/camara-de-videovigilancia\/"},{"@type":"ListItem","position":5,"name":"Hikvision Ds-2cd6924g0-ihs(d) Camara \/ Panovu Series \/ Vista Panor?mica 180? \/ 8 Megapixel En Total \/ 4 Lentes 2.8 Mm (2 Megapixel) \/ 20 Mts Ir Exir \/ Exterior Ip67 \/ Ik10 \/ 12 Vcc \/ Poe+ \/ Microsd"}]},{"@type":"WebSite","@id":"https:\/\/compuviper.mx\/tienda\/#website","url":"https:\/\/compuviper.mx\/tienda\/","name":"Compuviper","description":"Proveedor de Computadoras, Laptops, Servidores, Monitores, Puntos de Venta, Teclados,   Impresoras, T\u00f3ner, C\u00e1maras de Seguridad y m\u00e1s en tu tienda en l\u00ednea","publisher":{"@id":"https:\/\/compuviper.mx\/tienda\/#organization"},"potentialAction":[{"@type":"SearchAction","target":{"@type":"EntryPoint","urlTemplate":"https:\/\/compuviper.mx\/tienda\/?s={search_term_string}"},"query-input":"required name=search_term_string"}],"inLanguage":"es-MX"},{"@type":"Organization","@id":"https:\/\/compuviper.mx\/tienda\/#organization","name":"Compuviper","url":"https:\/\/compuviper.mx\/tienda\/","logo":{"@type":"ImageObject","inLanguage":"es-MX","@id":"https:\/\/compuviper.mx\/tienda\/#\/schema\/logo\/image\/","url":"https:\/\/compuviper.mx\/tienda\/wp-content\/uploads\/2021\/08\/Logo-Compuviper-10.png","contentUrl":"https:\/\/compuviper.mx\/tienda\/wp-content\/uploads\/2021\/08\/Logo-Compuviper-10.png","width":1000,"height":500,"caption":"Compuviper"},"image":{"@id":"https:\/\/compuviper.mx\/tienda\/#\/schema\/logo\/image\/"},"sameAs":["https:\/\/www.facebook.com\/compuviper","https:\/\/www.youtube.com\/channel\/UCf73dERp9Y3cfOq7q8BhLjA?view_as=subscriber"]}]},"product_brand":"HIKVISION","product_price_amount":"25987","product_price_currency":"MXN","og_availability":"out of stock","product_availability":"out of stock","product_retailer_item_id":"DS-2CD6924G0-IHS(D)","product_condition":"new"},"_links":{"self":[{"href":"https:\/\/compuviper.mx\/tienda\/wp-json\/wp\/v2\/product\/263076"}],"collection":[{"href":"https:\/\/compuviper.mx\/tienda\/wp-json\/wp\/v2\/product"}],"about":[{"href":"https:\/\/compuviper.mx\/tienda\/wp-json\/wp\/v2\/types\/product"}],"replies":[{"embeddable":true,"href":"https:\/\/compuviper.mx\/tienda\/wp-json\/wp\/v2\/comments?post=263076"}],"wp:attachment":[{"href":"https:\/\/compuviper.mx\/tienda\/wp-json\/wp\/v2\/media?parent=263076"}],"wp:term":[{"taxonomy":"product_cat","embeddable":true,"href":"https:\/\/compuviper.mx\/tienda\/wp-json\/wp\/v2\/product_cat?post=263076"},{"taxonomy":"product_tag","embeddable":true,"href":"https:\/\/compuviper.mx\/tienda\/wp-json\/wp\/v2\/product_tag?post=263076"}],"curies":[{"name":"wp","href":"https:\/\/api.w.org\/{rel}","templated":true}]}}